{"id":7707,"date":"2025-10-19T22:36:31","date_gmt":"2025-10-19T20:36:31","guid":{"rendered":"https:\/\/www.agrolac.com\/producto\/ag-%e7%ba%b3%e7%b1%b3%e5%b0%bf%e7%b4%a0%e5%bc%ba%e5%8c%96%e5%89%82\/"},"modified":"2026-03-08T19:10:32","modified_gmt":"2026-03-08T18:10:32","slug":"ag-%e7%ba%b3%e7%b1%b3%e5%b0%bf%e7%b4%a0%e5%bc%ba%e5%8c%96%e5%89%82","status":"publish","type":"product","link":"https:\/\/www.agrolac.com\/zh-hans\/producto\/ag-%e7%ba%b3%e7%b1%b3%e5%b0%bf%e7%b4%a0%e5%bc%ba%e5%8c%96%e5%89%82\/","title":{"rendered":"AG \u7eb3\u7c73\u5c3f\u7d20\u5f3a\u5316\u5242"},"content":{"rendered":"<p><strong>AG NANO UREA PLUS<\/strong>\u662f\u4e00\u79cd\u6db2\u6001\u53f6\u9762\u80a5\uff0c\u542b\u6709<strong>\u7eb3\u7c73\u7ed3\u6784\u5f62\u5f0f\u7684\u6c2e<\/strong>\uff0c\u7528\u4e8e\u63d0\u9ad8\u4f5c\u7269\u7684\u4f9b\u6c2e\u6548\u7387\u3002<\/p>\n<p>\u5b83\u7684\u7eb3\u7c73\u7ea7\u914d\u65b9<b>\uff0820-50<\/b> \u7eb3\u7c73\uff09\u6709\u5229\u4e8e\u53f6\u7247\u5438\u6536\u5e76\u5728\u690d\u7269\u4f53\u5185\u91cd\u65b0\u5206\u914d\u3002\u6c2e\u7d20\u53ef<b>\u6839\u636e<\/b>\u4f5c\u7269<b>\u9700\u6c42<\/b>\u50a8\u5b58\u548c\u91ca\u653e\uff08\u7f13\u91ca\uff09\u3002 <\/p>\n<p>\u8be5\u8ba1\u5212<strong>\u90e8\u5206\u53d6\u4ee3\u4e86\u571f\u58e4\u6c2e\u80a5<\/strong>\uff0c<strong>\u63d0\u9ad8\u4e86\u6548\u7387<\/strong>\uff0c<strong>\u8282\u7701\u4e86\u6295\u5165<\/strong>\uff0c\u5b9e\u73b0\u4e86<strong>\u519c\u827a\u7684\u53ef\u6301\u7eed\u6027<\/strong>\u548c<strong>\u751f\u7269\u591a\u6837\u6027\u4fdd\u62a4<\/strong>\u3002<\/p>\n<h3>\u5b83\u662f\u5982\u4f55\u5de5\u4f5c\u7684\uff1f<\/h3>\n<ul>\n<li>\u7531\u4e8e\u5176\u8d85\u5c0f\u578b\u5c3a\u5bf8<b>\uff0820-50 \u7eb3\u7c73<\/b>\uff09\uff0c\u53ef\u7a7f\u900f<b>\u6c14\u5b54<\/b>\u3002<\/li>\n<li>\u5b83\u5206\u5e03\u4e8e\u5168\u8eab\uff0c\u53ef\u4ee5\u50a8\u5b58\u5728<b>\u6db2\u6ce1<\/b>\u4e2d\uff0c\u5e76\u5728\u9700\u8981\u65f6\u91ca\u653e\u51fa\u6765\u3002<\/li>\n<li>\u6709\u52a9\u4e8e\u51cf\u5c11<b>\u6325\u53d1\u3001\u6ca5\u6ee4\u548c\u571f\u58e4\u56fa\u5b9a<\/b>\u635f\u5931\u3002<\/li>\n<\/ul>\n<h3>\u519c\u827a\u6548\u76ca<\/h3>\n<ul>\n<li>\u5b83\u53ef\u4ee5<b>\u66ff\u4ee3 50%<\/b>\u7684\u4f20\u7edf\u5c3f\u7d20\u3002<\/li>\n<li><b>\u6c2e\u5229\u7528\u6548\u7387\u9ad8<\/b>\uff1a<b>\u9ad8<\/b>\u8fbe<b>90%<\/b>\u3002<\/li>\n<li><b>\u65bd\u7528\u91cf\u4f4e<\/b>\uff1a<strong>1<\/strong><b>.25 \u5347\/\u516c\u9877<\/b>\uff0c\u5206<b>2 \u6b21\u65bd\u7528<\/b>\u3002<\/li>\n<li>\u636e\u62a5\u9053\uff0c\u5728\u8bd5\u9a8c\u4e2d\uff0c<b>\u4e0e\u4f20\u7edf\u5c3f\u7d20\u5904\u7406\u76f8\u6bd4<\/b>\uff0c<b>\u4ea7\u91cf\u63d0\u9ad8\u4e86<\/b> <b>8%\u81f3 33%<\/b>\uff08\u53d6\u51b3\u4e8e\u4f5c\u7269\u548c\u6bd4\u8f83\uff09\u3002<\/li>\n<li>\u8425\u517b\u65b9\u6cd5\u66f4\u7cbe\u786e\uff0c\u6c2e\u635f\u5931\u7684\u5f71\u54cd\u66f4\u5c0f\u3002<\/li>\n<\/ul>\n<h3>\u5e94\u7528<\/h3>\n<p>AG NANO UREA PLUS\u00ae \u91c7\u7528<strong>\u53f6\u9762<\/strong>\u55b7\u65bd\u3002<\/p>\n<ul>\n<li><strong>\u7528\u91cf\uff1a<\/strong>1.25 \u5347\/\u516c\u9877\uff08\u53f6\u9762\u55b7\u65bd\uff09\u3002<\/li>\n<li><strong>\u7a00\u91ca\uff1a<\/strong>2 \u81f3 4 \u6beb\u5347\/\u5347\u6c34\u3002<\/li>\n<li><strong>\u65bd\u7528\u6b21\u6570\uff1a<\/strong>\u6bcf\u4e2a\u4f5c\u7269\u5468\u671f\u65bd\u7528 2-4 \u6b21\u3002<\/li>\n<li><strong>\u65bd\u7528\u65f6\u95f4\uff1a<\/strong>\u840c\u82bd\u671f\u3001\u690d\u682a\u751f\u957f\u671f\u3001\u5f00\u82b1\u524d\u548c\u679c\u5b9e\u53d1\u80b2\u671f\u3002<\/li>\n<li><strong>\u5efa\u8bae\u65bd\u7528\u65b9\u6cd5\uff1a<\/strong>\u5728\u571f\u58e4\u4e2d\u65bd\u7528 50 % \u7684\u9897\u7c92\u5c3f\u7d20 + \u5728\u690d\u682a\u751f\u957f\u671f\u548c\u5f00\u82b1\u524d\u53f6\u9762\u55b7\u65bd\u4e24\u6b21 1.25 \u5347\/\u516c\u9877\u7684\u7eb3\u7c73\u5c3f\u7d20\u3002<\/li>\n<li><strong>\u517c\u5bb9\u6027\uff1a<\/strong>\u53ef\u4e0e\u5176\u4ed6\u53f6\u9762\u55b7\u6d12\u7269\u517c\u5bb9\uff08\u8bf7\u54a8\u8be2 pH \u503c\u6df7\u5408\u7269\uff09\u3002<\/li>\n<\/ul>\n<h3>\u519c\u4f5c\u7269<\/h3>\n<p>\u9002\u7528\u4e8e<strong>\u5927\u9762\u79ef\u519c\u4f5c\u7269<\/strong>\uff08\u7389\u7c73\u3001\u5c0f\u9ea6\u3001\u5927\u9ea6\u3001\u6c34\u7a3b\uff09\u3001<strong>\u852c\u83dc<\/strong>\uff08\u756a\u8304\u3001\u8fa3\u6912\u3001\u9ec4\u74dc\u3001\u897f\u846b\u82a6\uff09\u3001<strong>\u8c46\u7c7b<\/strong>\uff08\u9e70\u5634\u8c46\u3001\u6241\u8c46\u3001\u8c46\u7c7b\uff09\u3001<strong>\u5de5\u4e1a<\/strong>\u4f5c\u7269\uff08\u6cb9\u83dc\u7c7d\u3001\u68c9\u82b1\u3001\u5411\u65e5\u8475\uff09\u3001<strong>\u679c\u6811\u548c\u6a44\u6984\u6811<\/strong>\u3001<strong>\u6e29\u5ba4\u548c\u6c34\u57f9<\/strong>\u3002  <\/p>\n<h3>\u5907\u6ce8<\/h3>\n<p>\u8bf7\u52ff\u5728 30 \u00baC \u4ee5\u4e0a\u7684\u6e29\u5ea6\u4e0b\u8fdb\u884c\u5904\u7406\u3002\u8bf7\u52ff\u4e0e\u9521\u57fa\u4ea7\u54c1\u548c\u77ff\u7269\u6cb9\u6df7\u5408\u3002 <\/p>\n","protected":false},"excerpt":{"rendered":"<p>\u91c7\u7528\u7eb3\u7c73\u6280\u672f\u7684\u6c2e\u80a5\u53ef\u63d0\u9ad8\u8425\u517b\u6548\u7387\uff0c\u4e3a\u4f5c\u7269\u5e26\u6765\u66f4\u591a\u5229\u6da6\u548c\u53ef\u6301\u7eed\u53d1\u5c55\u3002<\/p>\n","protected":false},"featured_media":6435,"comment_status":"closed","ping_status":"closed","template":"","meta":{"_acf_changed":false,"_joinchat":[]},"certificacion":[],"cultivo":[504,513,506,736,503,1089,512,1152,1202,1193,511,1090,505,1205,1208],"product_brand":[],"product_cat":[399],"product_tag":[],"class_list":{"0":"post-7707","1":"product","2":"type-product","3":"status-publish","4":"has-post-thumbnail","6":"cultivo-504","7":"cultivo-513","8":"cultivo-506","9":"cultivo-736","10":"cultivo-503","11":"cultivo-1089","12":"cultivo-512","13":"cultivo-1152","14":"cultivo-1202","15":"cultivo-1193","16":"cultivo-511","17":"cultivo-1090","18":"cultivo-505","19":"cultivo-1205","20":"cultivo-1208","21":"product_cat-399","23":"first","24":"instock","25":"shipping-taxable","26":"purchasable","27":"product-type-simple"},"acf":[],"yoast_head":"<!-- This site is optimized with the Yoast SEO plugin v27.1.1 - https:\/\/yoast.com\/product\/yoast-seo-wordpress\/ -->\n<title>AG \u7eb3\u7c73\u5c3f\u7d20\u5f3a\u5316\u5242 - Agrolac<\/title>\n<meta name=\"description\" content=\"AG \u7eb3\u7c73\u5c3f\u7d20\u5f3a\u5316\u5242\u662f\u4e00\u79cd\u6db2\u6001\u7eb3\u7c73\u7ed3\u6784\u6c2e\u53f6\u9762\u80a5\uff0c\u53ef\u63d0\u9ad8\u6c2e\u7684\u5229\u7528\u7387\u5e76\u8865\u5145\u571f\u58e4\u65bd\u80a5\u3002\" \/>\n<meta name=\"robots\" content=\"index, follow, max-snippet:-1, max-image-preview:large, max-video-preview:-1\" \/>\n<link rel=\"canonical\" href=\"https:\/\/www.agrolac.com\/zh-hans\/producto\/ag-%e7%ba%b3%e7%b1%b3%e5%b0%bf%e7%b4%a0%e5%bc%ba%e5%8c%96%e5%89%82\/\" \/>\n<meta property=\"og:locale\" content=\"zh_CN\" \/>\n<meta property=\"og:type\" content=\"article\" \/>\n<meta property=\"og:title\" content=\"AG \u7eb3\u7c73\u5c3f\u7d20\u5f3a\u5316\u5242 - Agrolac\" \/>\n<meta property=\"og:description\" content=\"AG \u7eb3\u7c73\u5c3f\u7d20\u5f3a\u5316\u5242\u662f\u4e00\u79cd\u6db2\u6001\u7eb3\u7c73\u7ed3\u6784\u6c2e\u53f6\u9762\u80a5\uff0c\u53ef\u63d0\u9ad8\u6c2e\u7684\u5229\u7528\u7387\u5e76\u8865\u5145\u571f\u58e4\u65bd\u80a5\u3002\" \/>\n<meta property=\"og:url\" content=\"https:\/\/www.agrolac.com\/zh-hans\/producto\/ag-%e7%ba%b3%e7%b1%b3%e5%b0%bf%e7%b4%a0%e5%bc%ba%e5%8c%96%e5%89%82\/\" \/>\n<meta property=\"og:site_name\" content=\"Agrolac\" \/>\n<meta property=\"article:modified_time\" content=\"2026-03-08T18:10:32+00:00\" \/>\n<meta property=\"og:image\" content=\"https:\/\/www.agrolac.com\/wp-content\/uploads\/2025\/10\/campo-maiz.webp\" \/>\n\t<meta property=\"og:image:width\" content=\"1920\" \/>\n\t<meta property=\"og:image:height\" content=\"1281\" \/>\n\t<meta property=\"og:image:type\" content=\"image\/webp\" \/>\n<meta name=\"twitter:card\" content=\"summary_large_image\" \/>\n<script type=\"application\/ld+json\" class=\"yoast-schema-graph\">{\"@context\":\"https:\/\/schema.org\",\"@graph\":[{\"@type\":\"WebPage\",\"@id\":\"https:\/\/www.agrolac.com\/zh-hans\/producto\/ag-%e7%ba%b3%e7%b1%b3%e5%b0%bf%e7%b4%a0%e5%bc%ba%e5%8c%96%e5%89%82\/\",\"url\":\"https:\/\/www.agrolac.com\/zh-hans\/producto\/ag-%e7%ba%b3%e7%b1%b3%e5%b0%bf%e7%b4%a0%e5%bc%ba%e5%8c%96%e5%89%82\/\",\"name\":\"AG \u7eb3\u7c73\u5c3f\u7d20\u5f3a\u5316\u5242 - Agrolac\",\"isPartOf\":{\"@id\":\"https:\/\/www.agrolac.com\/zh-hans\/#website\"},\"primaryImageOfPage\":{\"@id\":\"https:\/\/www.agrolac.com\/zh-hans\/producto\/ag-%e7%ba%b3%e7%b1%b3%e5%b0%bf%e7%b4%a0%e5%bc%ba%e5%8c%96%e5%89%82\/#primaryimage\"},\"image\":{\"@id\":\"https:\/\/www.agrolac.com\/zh-hans\/producto\/ag-%e7%ba%b3%e7%b1%b3%e5%b0%bf%e7%b4%a0%e5%bc%ba%e5%8c%96%e5%89%82\/#primaryimage\"},\"thumbnailUrl\":\"https:\/\/www.agrolac.com\/wp-content\/uploads\/2025\/10\/campo-maiz.webp\",\"datePublished\":\"2025-10-19T20:36:31+00:00\",\"dateModified\":\"2026-03-08T18:10:32+00:00\",\"description\":\"AG \u7eb3\u7c73\u5c3f\u7d20\u5f3a\u5316\u5242\u662f\u4e00\u79cd\u6db2\u6001\u7eb3\u7c73\u7ed3\u6784\u6c2e\u53f6\u9762\u80a5\uff0c\u53ef\u63d0\u9ad8\u6c2e\u7684\u5229\u7528\u7387\u5e76\u8865\u5145\u571f\u58e4\u65bd\u80a5\u3002\",\"breadcrumb\":{\"@id\":\"https:\/\/www.agrolac.com\/zh-hans\/producto\/ag-%e7%ba%b3%e7%b1%b3%e5%b0%bf%e7%b4%a0%e5%bc%ba%e5%8c%96%e5%89%82\/#breadcrumb\"},\"inLanguage\":\"zh-CN\",\"potentialAction\":[{\"@type\":\"ReadAction\",\"target\":[\"https:\/\/www.agrolac.com\/zh-hans\/producto\/ag-%e7%ba%b3%e7%b1%b3%e5%b0%bf%e7%b4%a0%e5%bc%ba%e5%8c%96%e5%89%82\/\"]}]},{\"@type\":\"ImageObject\",\"inLanguage\":\"zh-CN\",\"@id\":\"https:\/\/www.agrolac.com\/zh-hans\/producto\/ag-%e7%ba%b3%e7%b1%b3%e5%b0%bf%e7%b4%a0%e5%bc%ba%e5%8c%96%e5%89%82\/#primaryimage\",\"url\":\"https:\/\/www.agrolac.com\/wp-content\/uploads\/2025\/10\/campo-maiz.webp\",\"contentUrl\":\"https:\/\/www.agrolac.com\/wp-content\/uploads\/2025\/10\/campo-maiz.webp\",\"width\":1920,\"height\":1281},{\"@type\":\"BreadcrumbList\",\"@id\":\"https:\/\/www.agrolac.com\/zh-hans\/producto\/ag-%e7%ba%b3%e7%b1%b3%e5%b0%bf%e7%b4%a0%e5%bc%ba%e5%8c%96%e5%89%82\/#breadcrumb\",\"itemListElement\":[{\"@type\":\"ListItem\",\"position\":1,\"name\":\"\u9996\u9875\",\"item\":\"https:\/\/www.agrolac.com\/zh-hans\/%e9%a6%96%e9%a1%b5\/\"},{\"@type\":\"ListItem\",\"position\":2,\"name\":\"\u4ea7\u54c1\",\"item\":\"https:\/\/www.agrolac.com\/zh-hans\/%e4%ba%a7%e5%93%81\/\"},{\"@type\":\"ListItem\",\"position\":3,\"name\":\"\u80a5\u6599\",\"item\":\"https:\/\/www.agrolac.com\/zh-hans\/categoria-producto\/%e8%82%a5%e6%96%99\/\"},{\"@type\":\"ListItem\",\"position\":4,\"name\":\"AG \u7eb3\u7c73\u5c3f\u7d20\u5f3a\u5316\u5242\"}]},{\"@type\":\"WebSite\",\"@id\":\"https:\/\/www.agrolac.com\/zh-hans\/#website\",\"url\":\"https:\/\/www.agrolac.com\/zh-hans\/\",\"name\":\"VICORQUIMIA\",\"description\":\"Agrolac \u00e9s una empresa de Barcelona, fundada el 1982, especialitzada en distribuci\u00f3 de productes agroqu\u00edmics per a l&#039;agricultura europea.\",\"publisher\":{\"@id\":\"https:\/\/www.agrolac.com\/zh-hans\/#organization\"},\"potentialAction\":[{\"@type\":\"SearchAction\",\"target\":{\"@type\":\"EntryPoint\",\"urlTemplate\":\"https:\/\/www.agrolac.com\/zh-hans\/?s={search_term_string}\"},\"query-input\":{\"@type\":\"PropertyValueSpecification\",\"valueRequired\":true,\"valueName\":\"search_term_string\"}}],\"inLanguage\":\"zh-CN\"},{\"@type\":\"Organization\",\"@id\":\"https:\/\/www.agrolac.com\/zh-hans\/#organization\",\"name\":\"VICORQUIMIA\",\"url\":\"https:\/\/www.agrolac.com\/zh-hans\/\",\"logo\":{\"@type\":\"ImageObject\",\"inLanguage\":\"zh-CN\",\"@id\":\"https:\/\/www.agrolac.com\/zh-hans\/#\/schema\/logo\/image\/\",\"url\":\"https:\/\/www.agrolac.com\/wp-content\/uploads\/2025\/10\/agrolac-logo.svg\",\"contentUrl\":\"https:\/\/www.agrolac.com\/wp-content\/uploads\/2025\/10\/agrolac-logo.svg\",\"caption\":\"VICORQUIMIA\"},\"image\":{\"@id\":\"https:\/\/www.agrolac.com\/zh-hans\/#\/schema\/logo\/image\/\"},\"sameAs\":[\"https:\/\/www.linkedin.com\/company\/vicorquimia\/\"]}]}<\/script>\n<!-- \/ Yoast SEO plugin. -->","yoast_head_json":{"title":"AG \u7eb3\u7c73\u5c3f\u7d20\u5f3a\u5316\u5242 - Agrolac","description":"AG \u7eb3\u7c73\u5c3f\u7d20\u5f3a\u5316\u5242\u662f\u4e00\u79cd\u6db2\u6001\u7eb3\u7c73\u7ed3\u6784\u6c2e\u53f6\u9762\u80a5\uff0c\u53ef\u63d0\u9ad8\u6c2e\u7684\u5229\u7528\u7387\u5e76\u8865\u5145\u571f\u58e4\u65bd\u80a5\u3002","robots":{"index":"index","follow":"follow","max-snippet":"max-snippet:-1","max-image-preview":"max-image-preview:large","max-video-preview":"max-video-preview:-1"},"canonical":"https:\/\/www.agrolac.com\/zh-hans\/producto\/ag-%e7%ba%b3%e7%b1%b3%e5%b0%bf%e7%b4%a0%e5%bc%ba%e5%8c%96%e5%89%82\/","og_locale":"zh_CN","og_type":"article","og_title":"AG \u7eb3\u7c73\u5c3f\u7d20\u5f3a\u5316\u5242 - Agrolac","og_description":"AG \u7eb3\u7c73\u5c3f\u7d20\u5f3a\u5316\u5242\u662f\u4e00\u79cd\u6db2\u6001\u7eb3\u7c73\u7ed3\u6784\u6c2e\u53f6\u9762\u80a5\uff0c\u53ef\u63d0\u9ad8\u6c2e\u7684\u5229\u7528\u7387\u5e76\u8865\u5145\u571f\u58e4\u65bd\u80a5\u3002","og_url":"https:\/\/www.agrolac.com\/zh-hans\/producto\/ag-%e7%ba%b3%e7%b1%b3%e5%b0%bf%e7%b4%a0%e5%bc%ba%e5%8c%96%e5%89%82\/","og_site_name":"Agrolac","article_modified_time":"2026-03-08T18:10:32+00:00","og_image":[{"width":1920,"height":1281,"url":"https:\/\/www.agrolac.com\/wp-content\/uploads\/2025\/10\/campo-maiz.webp","type":"image\/webp"}],"twitter_card":"summary_large_image","schema":{"@context":"https:\/\/schema.org","@graph":[{"@type":"WebPage","@id":"https:\/\/www.agrolac.com\/zh-hans\/producto\/ag-%e7%ba%b3%e7%b1%b3%e5%b0%bf%e7%b4%a0%e5%bc%ba%e5%8c%96%e5%89%82\/","url":"https:\/\/www.agrolac.com\/zh-hans\/producto\/ag-%e7%ba%b3%e7%b1%b3%e5%b0%bf%e7%b4%a0%e5%bc%ba%e5%8c%96%e5%89%82\/","name":"AG \u7eb3\u7c73\u5c3f\u7d20\u5f3a\u5316\u5242 - Agrolac","isPartOf":{"@id":"https:\/\/www.agrolac.com\/zh-hans\/#website"},"primaryImageOfPage":{"@id":"https:\/\/www.agrolac.com\/zh-hans\/producto\/ag-%e7%ba%b3%e7%b1%b3%e5%b0%bf%e7%b4%a0%e5%bc%ba%e5%8c%96%e5%89%82\/#primaryimage"},"image":{"@id":"https:\/\/www.agrolac.com\/zh-hans\/producto\/ag-%e7%ba%b3%e7%b1%b3%e5%b0%bf%e7%b4%a0%e5%bc%ba%e5%8c%96%e5%89%82\/#primaryimage"},"thumbnailUrl":"https:\/\/www.agrolac.com\/wp-content\/uploads\/2025\/10\/campo-maiz.webp","datePublished":"2025-10-19T20:36:31+00:00","dateModified":"2026-03-08T18:10:32+00:00","description":"AG \u7eb3\u7c73\u5c3f\u7d20\u5f3a\u5316\u5242\u662f\u4e00\u79cd\u6db2\u6001\u7eb3\u7c73\u7ed3\u6784\u6c2e\u53f6\u9762\u80a5\uff0c\u53ef\u63d0\u9ad8\u6c2e\u7684\u5229\u7528\u7387\u5e76\u8865\u5145\u571f\u58e4\u65bd\u80a5\u3002","breadcrumb":{"@id":"https:\/\/www.agrolac.com\/zh-hans\/producto\/ag-%e7%ba%b3%e7%b1%b3%e5%b0%bf%e7%b4%a0%e5%bc%ba%e5%8c%96%e5%89%82\/#breadcrumb"},"inLanguage":"zh-CN","potentialAction":[{"@type":"ReadAction","target":["https:\/\/www.agrolac.com\/zh-hans\/producto\/ag-%e7%ba%b3%e7%b1%b3%e5%b0%bf%e7%b4%a0%e5%bc%ba%e5%8c%96%e5%89%82\/"]}]},{"@type":"ImageObject","inLanguage":"zh-CN","@id":"https:\/\/www.agrolac.com\/zh-hans\/producto\/ag-%e7%ba%b3%e7%b1%b3%e5%b0%bf%e7%b4%a0%e5%bc%ba%e5%8c%96%e5%89%82\/#primaryimage","url":"https:\/\/www.agrolac.com\/wp-content\/uploads\/2025\/10\/campo-maiz.webp","contentUrl":"https:\/\/www.agrolac.com\/wp-content\/uploads\/2025\/10\/campo-maiz.webp","width":1920,"height":1281},{"@type":"BreadcrumbList","@id":"https:\/\/www.agrolac.com\/zh-hans\/producto\/ag-%e7%ba%b3%e7%b1%b3%e5%b0%bf%e7%b4%a0%e5%bc%ba%e5%8c%96%e5%89%82\/#breadcrumb","itemListElement":[{"@type":"ListItem","position":1,"name":"\u9996\u9875","item":"https:\/\/www.agrolac.com\/zh-hans\/%e9%a6%96%e9%a1%b5\/"},{"@type":"ListItem","position":2,"name":"\u4ea7\u54c1","item":"https:\/\/www.agrolac.com\/zh-hans\/%e4%ba%a7%e5%93%81\/"},{"@type":"ListItem","position":3,"name":"\u80a5\u6599","item":"https:\/\/www.agrolac.com\/zh-hans\/categoria-producto\/%e8%82%a5%e6%96%99\/"},{"@type":"ListItem","position":4,"name":"AG \u7eb3\u7c73\u5c3f\u7d20\u5f3a\u5316\u5242"}]},{"@type":"WebSite","@id":"https:\/\/www.agrolac.com\/zh-hans\/#website","url":"https:\/\/www.agrolac.com\/zh-hans\/","name":"VICORQUIMIA","description":"Agrolac \u00e9s una empresa de Barcelona, fundada el 1982, especialitzada en distribuci\u00f3 de productes agroqu\u00edmics per a l&#039;agricultura europea.","publisher":{"@id":"https:\/\/www.agrolac.com\/zh-hans\/#organization"},"potentialAction":[{"@type":"SearchAction","target":{"@type":"EntryPoint","urlTemplate":"https:\/\/www.agrolac.com\/zh-hans\/?s={search_term_string}"},"query-input":{"@type":"PropertyValueSpecification","valueRequired":true,"valueName":"search_term_string"}}],"inLanguage":"zh-CN"},{"@type":"Organization","@id":"https:\/\/www.agrolac.com\/zh-hans\/#organization","name":"VICORQUIMIA","url":"https:\/\/www.agrolac.com\/zh-hans\/","logo":{"@type":"ImageObject","inLanguage":"zh-CN","@id":"https:\/\/www.agrolac.com\/zh-hans\/#\/schema\/logo\/image\/","url":"https:\/\/www.agrolac.com\/wp-content\/uploads\/2025\/10\/agrolac-logo.svg","contentUrl":"https:\/\/www.agrolac.com\/wp-content\/uploads\/2025\/10\/agrolac-logo.svg","caption":"VICORQUIMIA"},"image":{"@id":"https:\/\/www.agrolac.com\/zh-hans\/#\/schema\/logo\/image\/"},"sameAs":["https:\/\/www.linkedin.com\/company\/vicorquimia\/"]}]}},"_links":{"self":[{"href":"https:\/\/www.agrolac.com\/zh-hans\/wp-json\/wp\/v2\/product\/7707","targetHints":{"allow":["GET"]}}],"collection":[{"href":"https:\/\/www.agrolac.com\/zh-hans\/wp-json\/wp\/v2\/product"}],"about":[{"href":"https:\/\/www.agrolac.com\/zh-hans\/wp-json\/wp\/v2\/types\/product"}],"replies":[{"embeddable":true,"href":"https:\/\/www.agrolac.com\/zh-hans\/wp-json\/wp\/v2\/comments?post=7707"}],"wp:featuredmedia":[{"embeddable":true,"href":"https:\/\/www.agrolac.com\/zh-hans\/wp-json\/wp\/v2\/media\/6435"}],"wp:attachment":[{"href":"https:\/\/www.agrolac.com\/zh-hans\/wp-json\/wp\/v2\/media?parent=7707"}],"wp:term":[{"taxonomy":"certificacion","embeddable":true,"href":"https:\/\/www.agrolac.com\/zh-hans\/wp-json\/wp\/v2\/certificacion?post=7707"},{"taxonomy":"cultivo","embeddable":true,"href":"https:\/\/www.agrolac.com\/zh-hans\/wp-json\/wp\/v2\/cultivo?post=7707"},{"taxonomy":"product_brand","embeddable":true,"href":"https:\/\/www.agrolac.com\/zh-hans\/wp-json\/wp\/v2\/product_brand?post=7707"},{"taxonomy":"product_cat","embeddable":true,"href":"https:\/\/www.agrolac.com\/zh-hans\/wp-json\/wp\/v2\/product_cat?post=7707"},{"taxonomy":"product_tag","embeddable":true,"href":"https:\/\/www.agrolac.com\/zh-hans\/wp-json\/wp\/v2\/product_tag?post=7707"}],"curies":[{"name":"wp","href":"https:\/\/api.w.org\/{rel}","templated":true}]}}