{"id":7695,"date":"2026-01-08T09:35:57","date_gmt":"2026-01-08T08:35:57","guid":{"rendered":"https:\/\/www.agrolac.com\/producto\/%e7%88%86%e7%82%b8\/"},"modified":"2026-03-02T19:20:24","modified_gmt":"2026-03-02T18:20:24","slug":"%e7%88%86%e7%82%b8","status":"publish","type":"product","link":"https:\/\/www.agrolac.com\/zh-hans\/producto\/%e7%88%86%e7%82%b8\/","title":{"rendered":"\u7206\u70b8"},"content":{"rendered":"<h2>\u62c9\u83f2\u52a0<\/h2>\n<p><strong>R\u00c1FAGA<\/strong>\u662f\u4e00\u79cd\u4ee5<strong>\u6eb4\u6c30\u83ca\u916f 25 EC<\/strong> \u4e3a\u57fa\u7840\u7684<strong>\u5e7f\u8c31\u62df\u9664\u866b\u83ca\u916f\u6740\u866b\u5242<\/strong>\uff0c\u7528\u4e8e\u901a\u8fc7<strong>\u63a5\u89e6\u548c\u6444\u98df\u4f5c\u7528<\/strong>\u63a7\u5236\u6606\u866b\uff0c\u83b7\u51c6\u7528\u4e8e\u591a\u79cd\u4f5c\u7269\u3002<\/p>\n<p>\u8be5\u4ea7\u54c1\u901a\u8fc7<strong>\u53f6\u9762\u55b7\u6d12<\/strong>\u65bd\u7528\uff0c\u6839\u636e\u6bcf\u79cd\u4f5c\u7269\u548c\u5bb3\u866b\u7684\u9002\u5e94\u75c7\u8c03\u6574\u5242\u91cf\u3001\u65bd\u7528\u6b21\u6570\u548c\u65bd\u7528\u65f6\u95f4\u3002<\/p>\n<h3>\u4e00\u822c\u4f7f\u7528\u6761\u6b3e\u548c\u6761\u4ef6<\/h3>\n<ul>\n<li>\u53ea\u8fdb\u884c<strong>\u53f6\u9762\u55b7\u6d12<\/strong>\u3002<\/li>\n<li>\u82b1\u671f\u4f7f\u7528\u914d\u65b9\u4ea7\u54c1\u7684\u5242\u91cf\u4e0d\u5f97\u9ad8\u4e8e<strong>6.25 \u514b\u6d3b\u6027\u6210\u5206\/\u516c\u9877<\/strong>\u3002<\/li>\n<li><strong>\u8bf7\u52ff<\/strong>\u5c06\u4ea7\u54c1\u6216\u5176\u5305\u88c5<strong>\u6c61\u67d3\u6c34\u6e90<\/strong>\u3002<\/li>\n<li>\u4e0d\u8981\u5728\u5730\u8868\u6c34\u9644\u8fd1\u6e05\u6d17\u65bd\u836f\u8bbe\u5907\u3002<\/li>\n<li>\u907f\u514d\u901a\u8fc7\u519c\u573a\u6216\u9053\u8def\u6392\u6c34\u7cfb\u7edf\u9020\u6210\u6c61\u67d3\u3002<\/li>\n<\/ul>\n<h3>\u5b89\u5168\u671f<\/h3>\n<p>\u4ece\u6700\u540e\u4e00\u6b21\u5904\u7406\u5230\u6536\u83b7\u4f9b\u4eba\u7c7b\u6216\u7272\u755c\u98df\u7528\u7684\u690d\u7269\u6216\u6c34\u679c\uff0c\u6216\u7272\u755c\u8fdb\u5165\uff0c\u5fc5\u987b\u7ecf\u8fc7\u4ee5\u4e0b\u6700\u77ed\u671f\u9650\uff1a<\/p>\n<ul>\n<li>\u8304\u5b50\u3001\u897f\u846b\u82a6\u3001\u751c\u74dc\u3001\u5c0f\u9ec4\u74dc\u3001\u9ec4\u74dc\u3001\u897f\u74dc\u548c\u897f\u7ea2\u67ff<strong>3 \u5929<\/strong>\u3002<\/li>\n<li>\u5728\u5927\u849c\u3001\u6d0b\u8471\u3001\u679c\u6811\u3001\u83b4\u82e3\u3001\u9a6c\u94c3\u85af\u3001\u97ed\u83dc\u548c\u85e4\u8513\u4e0a\u4f7f\u7528<strong>7 \u5929<\/strong>\u3002<\/li>\n<li>\u5728\u674f\u6811\u4e0a\u751f\u957f<strong>30 \u5929<\/strong>\u3002<\/li>\n<\/ul>\n<p>\u4e3a\u6a44\u6984\u6811\u8bbe\u5b9a\u5b89\u5168\u671f\u662f\u4e0d\u5408\u9002\u7684\u3002<\/p>\n<h3>\u5907\u6ce8<\/h3>\n<p>\u8bf7\u9075\u5faa\u9488\u5bf9\u6bcf\u79cd\u4f5c\u7269\u3001\u5bb3\u866b\u3001\u5242\u91cf\u548c\u65bd\u7528\u65f6\u95f4\u7684\u6388\u6743\u4f7f\u7528\u8bf4\u660e\u3002<\/p>\n","protected":false},"excerpt":{"rendered":"<p>\u6740\u866b\u5242\uff0c\u7528\u4e8e\u9632\u6cbb\u5404\u79cd\u4f5c\u7269\u4e0a\u7684\u869c\u866b\u3001\u869c\u866b\u548c\u86c6\u866b\uff0c\u5728\u866b\u5bb3\u5f00\u59cb\u65f6\u65bd\u7528\uff0c\u53ef\u6709\u6548\u4fdd\u62a4\u4f5c\u7269\u3002<\/p>\n","protected":false},"featured_media":6192,"comment_status":"closed","ping_status":"closed","template":"","meta":{"_acf_changed":false,"_joinchat":[]},"certificacion":[],"cultivo":[1150,504,513,736,503,1089,1151,1152,1090],"product_brand":[],"product_cat":[414],"product_tag":[],"class_list":{"0":"post-7695","1":"product","2":"type-product","3":"status-publish","4":"has-post-thumbnail","6":"cultivo-1150","7":"cultivo-504","8":"cultivo-513","9":"cultivo-736","10":"cultivo-503","11":"cultivo-1089","12":"cultivo-1151","13":"cultivo-1152","14":"cultivo-1090","15":"product_cat-414","17":"first","18":"instock","19":"shipping-taxable","20":"product-type-simple"},"acf":[],"yoast_head":"<!-- This site is optimized with the Yoast SEO plugin v27.1.1 - https:\/\/yoast.com\/product\/yoast-seo-wordpress\/ -->\n<title>\u7206\u70b8 - Agrolac<\/title>\n<meta name=\"description\" content=\"R\u00c1FAGA \u662f\u4e00\u79cd\u57fa\u4e8e\u6eb4\u6c30\u83ca\u916f 25 EC \u7684\u62df\u9664\u866b\u83ca\u916f\u6740\u866b\u5242\uff0c\u7528\u4e8e\u63a5\u89e6\u548c\u6444\u5165\u63a7\u5236\u3002\u6bcf\u79cd\u4f5c\u7269\u7684\u53f6\u9762\u55b7\u65bd\u548c\u5b89\u5168\u671f\u3002\" \/>\n<meta name=\"robots\" content=\"index, follow, max-snippet:-1, max-image-preview:large, max-video-preview:-1\" \/>\n<link rel=\"canonical\" href=\"https:\/\/www.agrolac.com\/zh-hans\/producto\/%e7%88%86%e7%82%b8\/\" \/>\n<meta property=\"og:locale\" content=\"zh_CN\" \/>\n<meta property=\"og:type\" content=\"article\" \/>\n<meta property=\"og:title\" content=\"\u7206\u70b8 - Agrolac\" \/>\n<meta property=\"og:description\" content=\"R\u00c1FAGA \u662f\u4e00\u79cd\u57fa\u4e8e\u6eb4\u6c30\u83ca\u916f 25 EC \u7684\u62df\u9664\u866b\u83ca\u916f\u6740\u866b\u5242\uff0c\u7528\u4e8e\u63a5\u89e6\u548c\u6444\u5165\u63a7\u5236\u3002\u6bcf\u79cd\u4f5c\u7269\u7684\u53f6\u9762\u55b7\u65bd\u548c\u5b89\u5168\u671f\u3002\" \/>\n<meta property=\"og:url\" content=\"https:\/\/www.agrolac.com\/zh-hans\/producto\/%e7%88%86%e7%82%b8\/\" \/>\n<meta property=\"og:site_name\" content=\"Agrolac\" \/>\n<meta property=\"article:modified_time\" content=\"2026-03-02T18:20:24+00:00\" \/>\n<meta property=\"og:image\" content=\"https:\/\/www.agrolac.com\/wp-content\/uploads\/2026\/01\/campo-melocoton.webp\" \/>\n\t<meta property=\"og:image:width\" content=\"1920\" \/>\n\t<meta property=\"og:image:height\" content=\"1368\" \/>\n\t<meta property=\"og:image:type\" content=\"image\/webp\" \/>\n<meta name=\"twitter:card\" content=\"summary_large_image\" \/>\n<script type=\"application\/ld+json\" class=\"yoast-schema-graph\">{\"@context\":\"https:\/\/schema.org\",\"@graph\":[{\"@type\":\"WebPage\",\"@id\":\"https:\/\/www.agrolac.com\/zh-hans\/producto\/%e7%88%86%e7%82%b8\/\",\"url\":\"https:\/\/www.agrolac.com\/zh-hans\/producto\/%e7%88%86%e7%82%b8\/\",\"name\":\"\u7206\u70b8 - Agrolac\",\"isPartOf\":{\"@id\":\"https:\/\/www.agrolac.com\/zh-hans\/#website\"},\"primaryImageOfPage\":{\"@id\":\"https:\/\/www.agrolac.com\/zh-hans\/producto\/%e7%88%86%e7%82%b8\/#primaryimage\"},\"image\":{\"@id\":\"https:\/\/www.agrolac.com\/zh-hans\/producto\/%e7%88%86%e7%82%b8\/#primaryimage\"},\"thumbnailUrl\":\"https:\/\/www.agrolac.com\/wp-content\/uploads\/2026\/01\/campo-melocoton.webp\",\"datePublished\":\"2026-01-08T08:35:57+00:00\",\"dateModified\":\"2026-03-02T18:20:24+00:00\",\"description\":\"R\u00c1FAGA \u662f\u4e00\u79cd\u57fa\u4e8e\u6eb4\u6c30\u83ca\u916f 25 EC \u7684\u62df\u9664\u866b\u83ca\u916f\u6740\u866b\u5242\uff0c\u7528\u4e8e\u63a5\u89e6\u548c\u6444\u5165\u63a7\u5236\u3002\u6bcf\u79cd\u4f5c\u7269\u7684\u53f6\u9762\u55b7\u65bd\u548c\u5b89\u5168\u671f\u3002\",\"breadcrumb\":{\"@id\":\"https:\/\/www.agrolac.com\/zh-hans\/producto\/%e7%88%86%e7%82%b8\/#breadcrumb\"},\"inLanguage\":\"zh-CN\",\"potentialAction\":[{\"@type\":\"ReadAction\",\"target\":[\"https:\/\/www.agrolac.com\/zh-hans\/producto\/%e7%88%86%e7%82%b8\/\"]}]},{\"@type\":\"ImageObject\",\"inLanguage\":\"zh-CN\",\"@id\":\"https:\/\/www.agrolac.com\/zh-hans\/producto\/%e7%88%86%e7%82%b8\/#primaryimage\",\"url\":\"https:\/\/www.agrolac.com\/wp-content\/uploads\/2026\/01\/campo-melocoton.webp\",\"contentUrl\":\"https:\/\/www.agrolac.com\/wp-content\/uploads\/2026\/01\/campo-melocoton.webp\",\"width\":1920,\"height\":1368},{\"@type\":\"BreadcrumbList\",\"@id\":\"https:\/\/www.agrolac.com\/zh-hans\/producto\/%e7%88%86%e7%82%b8\/#breadcrumb\",\"itemListElement\":[{\"@type\":\"ListItem\",\"position\":1,\"name\":\"\u9996\u9875\",\"item\":\"https:\/\/www.agrolac.com\/zh-hans\/%e9%a6%96%e9%a1%b5\/\"},{\"@type\":\"ListItem\",\"position\":2,\"name\":\"\u4ea7\u54c1\",\"item\":\"https:\/\/www.agrolac.com\/zh-hans\/%e4%ba%a7%e5%93%81\/\"},{\"@type\":\"ListItem\",\"position\":3,\"name\":\"\u6740\u866b\u5242\",\"item\":\"https:\/\/www.agrolac.com\/zh-hans\/categoria-producto\/%e6%9d%80%e8%99%ab%e5%89%82\/\"},{\"@type\":\"ListItem\",\"position\":4,\"name\":\"\u7206\u70b8\"}]},{\"@type\":\"WebSite\",\"@id\":\"https:\/\/www.agrolac.com\/zh-hans\/#website\",\"url\":\"https:\/\/www.agrolac.com\/zh-hans\/\",\"name\":\"VICORQUIMIA\",\"description\":\"Agrolac \u00e9s una empresa de Barcelona, fundada el 1982, especialitzada en distribuci\u00f3 de productes agroqu\u00edmics per a l&#039;agricultura europea.\",\"publisher\":{\"@id\":\"https:\/\/www.agrolac.com\/zh-hans\/#organization\"},\"potentialAction\":[{\"@type\":\"SearchAction\",\"target\":{\"@type\":\"EntryPoint\",\"urlTemplate\":\"https:\/\/www.agrolac.com\/zh-hans\/?s={search_term_string}\"},\"query-input\":{\"@type\":\"PropertyValueSpecification\",\"valueRequired\":true,\"valueName\":\"search_term_string\"}}],\"inLanguage\":\"zh-CN\"},{\"@type\":\"Organization\",\"@id\":\"https:\/\/www.agrolac.com\/zh-hans\/#organization\",\"name\":\"VICORQUIMIA\",\"url\":\"https:\/\/www.agrolac.com\/zh-hans\/\",\"logo\":{\"@type\":\"ImageObject\",\"inLanguage\":\"zh-CN\",\"@id\":\"https:\/\/www.agrolac.com\/zh-hans\/#\/schema\/logo\/image\/\",\"url\":\"https:\/\/www.agrolac.com\/wp-content\/uploads\/2025\/10\/agrolac-logo.svg\",\"contentUrl\":\"https:\/\/www.agrolac.com\/wp-content\/uploads\/2025\/10\/agrolac-logo.svg\",\"caption\":\"VICORQUIMIA\"},\"image\":{\"@id\":\"https:\/\/www.agrolac.com\/zh-hans\/#\/schema\/logo\/image\/\"},\"sameAs\":[\"https:\/\/www.linkedin.com\/company\/vicorquimia\/\"]}]}<\/script>\n<!-- \/ Yoast SEO plugin. -->","yoast_head_json":{"title":"\u7206\u70b8 - Agrolac","description":"R\u00c1FAGA \u662f\u4e00\u79cd\u57fa\u4e8e\u6eb4\u6c30\u83ca\u916f 25 EC \u7684\u62df\u9664\u866b\u83ca\u916f\u6740\u866b\u5242\uff0c\u7528\u4e8e\u63a5\u89e6\u548c\u6444\u5165\u63a7\u5236\u3002\u6bcf\u79cd\u4f5c\u7269\u7684\u53f6\u9762\u55b7\u65bd\u548c\u5b89\u5168\u671f\u3002","robots":{"index":"index","follow":"follow","max-snippet":"max-snippet:-1","max-image-preview":"max-image-preview:large","max-video-preview":"max-video-preview:-1"},"canonical":"https:\/\/www.agrolac.com\/zh-hans\/producto\/%e7%88%86%e7%82%b8\/","og_locale":"zh_CN","og_type":"article","og_title":"\u7206\u70b8 - Agrolac","og_description":"R\u00c1FAGA \u662f\u4e00\u79cd\u57fa\u4e8e\u6eb4\u6c30\u83ca\u916f 25 EC \u7684\u62df\u9664\u866b\u83ca\u916f\u6740\u866b\u5242\uff0c\u7528\u4e8e\u63a5\u89e6\u548c\u6444\u5165\u63a7\u5236\u3002\u6bcf\u79cd\u4f5c\u7269\u7684\u53f6\u9762\u55b7\u65bd\u548c\u5b89\u5168\u671f\u3002","og_url":"https:\/\/www.agrolac.com\/zh-hans\/producto\/%e7%88%86%e7%82%b8\/","og_site_name":"Agrolac","article_modified_time":"2026-03-02T18:20:24+00:00","og_image":[{"width":1920,"height":1368,"url":"https:\/\/www.agrolac.com\/wp-content\/uploads\/2026\/01\/campo-melocoton.webp","type":"image\/webp"}],"twitter_card":"summary_large_image","schema":{"@context":"https:\/\/schema.org","@graph":[{"@type":"WebPage","@id":"https:\/\/www.agrolac.com\/zh-hans\/producto\/%e7%88%86%e7%82%b8\/","url":"https:\/\/www.agrolac.com\/zh-hans\/producto\/%e7%88%86%e7%82%b8\/","name":"\u7206\u70b8 - Agrolac","isPartOf":{"@id":"https:\/\/www.agrolac.com\/zh-hans\/#website"},"primaryImageOfPage":{"@id":"https:\/\/www.agrolac.com\/zh-hans\/producto\/%e7%88%86%e7%82%b8\/#primaryimage"},"image":{"@id":"https:\/\/www.agrolac.com\/zh-hans\/producto\/%e7%88%86%e7%82%b8\/#primaryimage"},"thumbnailUrl":"https:\/\/www.agrolac.com\/wp-content\/uploads\/2026\/01\/campo-melocoton.webp","datePublished":"2026-01-08T08:35:57+00:00","dateModified":"2026-03-02T18:20:24+00:00","description":"R\u00c1FAGA \u662f\u4e00\u79cd\u57fa\u4e8e\u6eb4\u6c30\u83ca\u916f 25 EC \u7684\u62df\u9664\u866b\u83ca\u916f\u6740\u866b\u5242\uff0c\u7528\u4e8e\u63a5\u89e6\u548c\u6444\u5165\u63a7\u5236\u3002\u6bcf\u79cd\u4f5c\u7269\u7684\u53f6\u9762\u55b7\u65bd\u548c\u5b89\u5168\u671f\u3002","breadcrumb":{"@id":"https:\/\/www.agrolac.com\/zh-hans\/producto\/%e7%88%86%e7%82%b8\/#breadcrumb"},"inLanguage":"zh-CN","potentialAction":[{"@type":"ReadAction","target":["https:\/\/www.agrolac.com\/zh-hans\/producto\/%e7%88%86%e7%82%b8\/"]}]},{"@type":"ImageObject","inLanguage":"zh-CN","@id":"https:\/\/www.agrolac.com\/zh-hans\/producto\/%e7%88%86%e7%82%b8\/#primaryimage","url":"https:\/\/www.agrolac.com\/wp-content\/uploads\/2026\/01\/campo-melocoton.webp","contentUrl":"https:\/\/www.agrolac.com\/wp-content\/uploads\/2026\/01\/campo-melocoton.webp","width":1920,"height":1368},{"@type":"BreadcrumbList","@id":"https:\/\/www.agrolac.com\/zh-hans\/producto\/%e7%88%86%e7%82%b8\/#breadcrumb","itemListElement":[{"@type":"ListItem","position":1,"name":"\u9996\u9875","item":"https:\/\/www.agrolac.com\/zh-hans\/%e9%a6%96%e9%a1%b5\/"},{"@type":"ListItem","position":2,"name":"\u4ea7\u54c1","item":"https:\/\/www.agrolac.com\/zh-hans\/%e4%ba%a7%e5%93%81\/"},{"@type":"ListItem","position":3,"name":"\u6740\u866b\u5242","item":"https:\/\/www.agrolac.com\/zh-hans\/categoria-producto\/%e6%9d%80%e8%99%ab%e5%89%82\/"},{"@type":"ListItem","position":4,"name":"\u7206\u70b8"}]},{"@type":"WebSite","@id":"https:\/\/www.agrolac.com\/zh-hans\/#website","url":"https:\/\/www.agrolac.com\/zh-hans\/","name":"VICORQUIMIA","description":"Agrolac \u00e9s una empresa de Barcelona, fundada el 1982, especialitzada en distribuci\u00f3 de productes agroqu\u00edmics per a l&#039;agricultura europea.","publisher":{"@id":"https:\/\/www.agrolac.com\/zh-hans\/#organization"},"potentialAction":[{"@type":"SearchAction","target":{"@type":"EntryPoint","urlTemplate":"https:\/\/www.agrolac.com\/zh-hans\/?s={search_term_string}"},"query-input":{"@type":"PropertyValueSpecification","valueRequired":true,"valueName":"search_term_string"}}],"inLanguage":"zh-CN"},{"@type":"Organization","@id":"https:\/\/www.agrolac.com\/zh-hans\/#organization","name":"VICORQUIMIA","url":"https:\/\/www.agrolac.com\/zh-hans\/","logo":{"@type":"ImageObject","inLanguage":"zh-CN","@id":"https:\/\/www.agrolac.com\/zh-hans\/#\/schema\/logo\/image\/","url":"https:\/\/www.agrolac.com\/wp-content\/uploads\/2025\/10\/agrolac-logo.svg","contentUrl":"https:\/\/www.agrolac.com\/wp-content\/uploads\/2025\/10\/agrolac-logo.svg","caption":"VICORQUIMIA"},"image":{"@id":"https:\/\/www.agrolac.com\/zh-hans\/#\/schema\/logo\/image\/"},"sameAs":["https:\/\/www.linkedin.com\/company\/vicorquimia\/"]}]}},"_links":{"self":[{"href":"https:\/\/www.agrolac.com\/zh-hans\/wp-json\/wp\/v2\/product\/7695","targetHints":{"allow":["GET"]}}],"collection":[{"href":"https:\/\/www.agrolac.com\/zh-hans\/wp-json\/wp\/v2\/product"}],"about":[{"href":"https:\/\/www.agrolac.com\/zh-hans\/wp-json\/wp\/v2\/types\/product"}],"replies":[{"embeddable":true,"href":"https:\/\/www.agrolac.com\/zh-hans\/wp-json\/wp\/v2\/comments?post=7695"}],"wp:featuredmedia":[{"embeddable":true,"href":"https:\/\/www.agrolac.com\/zh-hans\/wp-json\/wp\/v2\/media\/6192"}],"wp:attachment":[{"href":"https:\/\/www.agrolac.com\/zh-hans\/wp-json\/wp\/v2\/media?parent=7695"}],"wp:term":[{"taxonomy":"certificacion","embeddable":true,"href":"https:\/\/www.agrolac.com\/zh-hans\/wp-json\/wp\/v2\/certificacion?post=7695"},{"taxonomy":"cultivo","embeddable":true,"href":"https:\/\/www.agrolac.com\/zh-hans\/wp-json\/wp\/v2\/cultivo?post=7695"},{"taxonomy":"product_brand","embeddable":true,"href":"https:\/\/www.agrolac.com\/zh-hans\/wp-json\/wp\/v2\/product_brand?post=7695"},{"taxonomy":"product_cat","embeddable":true,"href":"https:\/\/www.agrolac.com\/zh-hans\/wp-json\/wp\/v2\/product_cat?post=7695"},{"taxonomy":"product_tag","embeddable":true,"href":"https:\/\/www.agrolac.com\/zh-hans\/wp-json\/wp\/v2\/product_tag?post=7695"}],"curies":[{"name":"wp","href":"https:\/\/api.w.org\/{rel}","templated":true}]}}