{"id":7676,"date":"2026-01-08T09:44:42","date_gmt":"2026-01-08T08:44:42","guid":{"rendered":"https:\/\/www.agrolac.com\/producto\/%e9%99%b7%e9%98%b1%e7%88%86%e7%82%b8\/"},"modified":"2026-03-02T19:20:41","modified_gmt":"2026-03-02T18:20:41","slug":"%e9%99%b7%e9%98%b1%e7%88%86%e7%82%b8","status":"publish","type":"product","link":"https:\/\/www.agrolac.com\/zh-hans\/producto\/%e9%99%b7%e9%98%b1%e7%88%86%e7%82%b8\/","title":{"rendered":"\u9677\u9631\u7206\u70b8"},"content":{"rendered":"<h2>\u9677\u9631\u7206\u70b8<\/h2>\n<p><strong>RAPHAGA TRAP<\/strong>\u662f\u4e00\u79cd\u4f7f\u7528<strong>\u6eb4\u6c30\u83ca\u916f <\/strong>\u914d\u5236\u7684<strong>\u6740\u866b\u8bf1\u6355<\/strong>\u5242<strong>\uff0c\u6eb4\u6c30\u83ca\u916f <\/strong>\u662f\u4e00\u79cd\u9ad8\u6d3b\u6027<strong>\u3001\u975e\u7cfb\u7edf\u6027 <\/strong>\u7684\u5408\u6210\u62df\u9664\u866b\u83ca\u916f\uff0c\u4f7f\u7528\u5242\u91cf\u6781\u4f4e<strong>\uff080.015 \u514b\/\u8bf1\u6355\u5242\uff09\u3002 <\/strong>\u8bf1\u6355\u5668\u662f\u4e00\u79cd<strong>\u5373\u7528\u578b\u8bf1\u9975<\/strong>\uff0c\u9002\u7528\u4e8e\u63a7\u5236<strong>\u679c\u8747\uff08<em>Ceratitis capitata<\/em>\uff09<\/strong>\u3002<\/p>\n<p>\u5b83\u91c7\u7528<strong>\u5373\u7528\u578b\u8bf1\u6355\u5668\u7684\u5f62\u5f0f<\/strong>\uff0c\u4fbf\u4e8e\u5728\u7530\u95f4\u653e\u7f6e\u5728\u6388\u6743\u4f5c\u7269\u4e0a\u3002\u5176\u6d3b\u6027\u6210\u5206\u901a\u8fc7<strong>\u63a5\u89e6\u548c\u6444\u5165<\/strong>\u53d1\u6325\u4f5c\u7528\u3002 <\/p>\n<p>R\u00c1FAGA TRAP \u9002\u7528\u4e8e<strong>\u67d1\u6a58\u7c7b\u6c34\u679c<\/strong>\uff08\u4e3b\u8981\u4f5c\u7269\uff09\uff0c\u4e5f\u53ef\u7528\u4e8e\u5176\u4ed6\u6388\u6743\u4f5c\u7269\uff0c\u5982\u6838\u679c\u7c7b\u679c\u6811\u3001\u7435\u7436\u679c\u6811\u3001\u7315\u7334\u6843\u548c\u70ed\u5e26\u6c34\u679c\uff0c\u5177\u4f53\u89c6\u4f7f\u7528\u6761\u4ef6\u800c\u5b9a\u3002<\/p>\n<h3>\u4ea7\u54c1\u7279\u70b9<\/h3>\n<ul>\n<li><strong>\u6d3b\u6027\u7269\u8d28\uff1a<\/strong>\u6eb4\u6c30\u83ca\u916f\u3002<\/li>\n<li><strong>\u914d\u65b9\uff1a<\/strong>\u9975\u6599\uff08\u5373\u7528\u578b\uff09\uff08RB\uff09\u3002<\/li>\n<li>\u51c6\u5907\u653e\u5165\u7530\u95f4\u7684\u8bf1\u9975\u6355\u6349\u5668\u3002<\/li>\n<li>\u901a\u8fc7\u63a5\u89e6\u548c\u6444\u5165\u5177\u6709\u6740\u866b\u4f5c\u7528\u3002<\/li>\n<li>\u9002\u7528\u4e8e\u9632\u6cbb<em>\u5e3d\u72b6\u89d2\u819c\u708e<\/em>\u3002<\/li>\n<\/ul>\n<h3>\u4e00\u822c\u7528\u9014<\/h3>\n<ul>\n<li>\u6839\u636e\u6bcf\u79cd\u6388\u6743\u7528\u9014\u5728\u4f5c\u7269\u4e2d\u653e\u7f6e\u8bf1\u6355\u5668\u3002<\/li>\n<li>\u4f5c\u7269\u8868\u4e2d\u7684\u6307\u793a\u6027\u7528\u91cf\uff1a<strong>50-80 \u4e2a\u8bf1\u6355\u5668\/\u516c\u9877<\/strong>\uff08\u53d6\u51b3\u4e8e\u5bb3\u866b\u538b\u529b\uff09\u3002<\/li>\n<li><strong>\u6bcf\u5b63 1 \u6b21\u5904\u7406<\/strong>\uff08\u6839\u636e\u63d0\u4f9b\u7684\u4f5c\u7269\u4fe1\u606f\uff09\u3002<\/li>\n<li><strong>\u5b89\u5168\u671f\uff1a<\/strong>\u4e0d\u9002\u7528\uff08\u6839\u636e\u63d0\u4f9b\u7684\u8868\u683c\uff09\u3002<\/li>\n<\/ul>\n<h3>\u5907\u6ce8\u548c\u5b89\u5168<\/h3>\n<ul>\n<li><strong>EUH210\uff1a<\/strong>\u53ef\u7d22\u53d6\u5b89\u5168\u6570\u636e\u8868\u3002<\/li>\n<li><strong>H410\uff1a<\/strong>\u5bf9\u6c34\u751f\u751f\u7269\u6709\u5267\u6bd2\uff0c\u5f71\u54cd\u6301\u4e45\u3002<\/li>\n<li><strong>P262\uff1a<\/strong>\u907f\u514d\u63a5\u89e6\u773c\u775b\u3001\u76ae\u80a4\u548c\u8863\u7269\u3002<\/li>\n<li><strong>P273\uff1a<\/strong>\u907f\u514d\u91ca\u653e\u5230\u73af\u5883\u4e2d\u3002<\/li>\n<li><strong>P391\uff1a<\/strong>\u6536\u96c6\u6ea2\u51fa\u7269\u3002<\/li>\n<li><strong>P501\uff1a<\/strong>\u6309\u7167\u5371\u9669\u5e9f\u7269\u6cd5\u89c4\u5904\u7f6e\u5185\u88c5\u7269\u548c\/\u6216\u5bb9\u5668\u3002<\/li>\n<\/ul>\n","protected":false},"excerpt":{"rendered":"<p>\u7528\u4e8e\u76d1\u6d4b\u548c\u63a7\u5236\u4e0d\u540c\u4f5c\u7269\u5bb3\u866b\u7684\u8bf1\u6355\u7cfb\u7edf\u3002<\/p>\n","protected":false},"featured_media":6216,"comment_status":"closed","ping_status":"closed","template":"","meta":{"_acf_changed":false,"_joinchat":[]},"certificacion":[],"cultivo":[503,736,512,1193,511],"product_brand":[],"product_cat":[414],"product_tag":[],"class_list":{"0":"post-7676","1":"product","2":"type-product","3":"status-publish","4":"has-post-thumbnail","6":"cultivo-503","7":"cultivo-736","8":"cultivo-512","9":"cultivo-1193","10":"cultivo-511","11":"product_cat-414","13":"first","14":"instock","15":"shipping-taxable","16":"product-type-simple"},"acf":[],"yoast_head":"<!-- This site is optimized with the Yoast SEO plugin v27.1.1 - https:\/\/yoast.com\/product\/yoast-seo-wordpress\/ -->\n<title>\u9677\u9631\u7206\u70b8 - Agrolac<\/title>\n<meta name=\"description\" content=\"\u9677\u9631\u7206\u70b8\u662f\u4e00\u79cd\u5373\u7528\u578b\u6eb4\u6c30\u83ca\u916f\u8bf1\u6355\u5242\uff0c\u7528\u4e8e\u63a7\u5236\u679c\u8747\uff08Ceratitis capitata\uff09\u3002\u5efa\u8bae\u7528\u4e8e\u67d1\u6a58\u548c\u5176\u4ed6\u7ecf\u6279\u51c6\u7684\u4f5c\u7269\u3002\" \/>\n<meta name=\"robots\" content=\"index, follow, max-snippet:-1, max-image-preview:large, max-video-preview:-1\" \/>\n<link rel=\"canonical\" href=\"https:\/\/www.agrolac.com\/zh-hans\/producto\/%e9%99%b7%e9%98%b1%e7%88%86%e7%82%b8\/\" \/>\n<meta property=\"og:locale\" content=\"zh_CN\" \/>\n<meta property=\"og:type\" content=\"article\" \/>\n<meta property=\"og:title\" content=\"\u9677\u9631\u7206\u70b8 - Agrolac\" \/>\n<meta property=\"og:description\" content=\"\u9677\u9631\u7206\u70b8\u662f\u4e00\u79cd\u5373\u7528\u578b\u6eb4\u6c30\u83ca\u916f\u8bf1\u6355\u5242\uff0c\u7528\u4e8e\u63a7\u5236\u679c\u8747\uff08Ceratitis capitata\uff09\u3002\u5efa\u8bae\u7528\u4e8e\u67d1\u6a58\u548c\u5176\u4ed6\u7ecf\u6279\u51c6\u7684\u4f5c\u7269\u3002\" \/>\n<meta property=\"og:url\" content=\"https:\/\/www.agrolac.com\/zh-hans\/producto\/%e9%99%b7%e9%98%b1%e7%88%86%e7%82%b8\/\" \/>\n<meta property=\"og:site_name\" content=\"Agrolac\" \/>\n<meta property=\"article:modified_time\" content=\"2026-03-02T18:20:41+00:00\" \/>\n<meta property=\"og:image\" content=\"https:\/\/www.agrolac.com\/wp-content\/uploads\/2026\/01\/clementinas-campo.webp\" \/>\n\t<meta property=\"og:image:width\" content=\"1920\" \/>\n\t<meta property=\"og:image:height\" content=\"1080\" \/>\n\t<meta property=\"og:image:type\" content=\"image\/webp\" \/>\n<meta name=\"twitter:card\" content=\"summary_large_image\" \/>\n<script type=\"application\/ld+json\" class=\"yoast-schema-graph\">{\"@context\":\"https:\/\/schema.org\",\"@graph\":[{\"@type\":\"WebPage\",\"@id\":\"https:\/\/www.agrolac.com\/zh-hans\/producto\/%e9%99%b7%e9%98%b1%e7%88%86%e7%82%b8\/\",\"url\":\"https:\/\/www.agrolac.com\/zh-hans\/producto\/%e9%99%b7%e9%98%b1%e7%88%86%e7%82%b8\/\",\"name\":\"\u9677\u9631\u7206\u70b8 - Agrolac\",\"isPartOf\":{\"@id\":\"https:\/\/www.agrolac.com\/zh-hans\/#website\"},\"primaryImageOfPage\":{\"@id\":\"https:\/\/www.agrolac.com\/zh-hans\/producto\/%e9%99%b7%e9%98%b1%e7%88%86%e7%82%b8\/#primaryimage\"},\"image\":{\"@id\":\"https:\/\/www.agrolac.com\/zh-hans\/producto\/%e9%99%b7%e9%98%b1%e7%88%86%e7%82%b8\/#primaryimage\"},\"thumbnailUrl\":\"https:\/\/www.agrolac.com\/wp-content\/uploads\/2026\/01\/clementinas-campo.webp\",\"datePublished\":\"2026-01-08T08:44:42+00:00\",\"dateModified\":\"2026-03-02T18:20:41+00:00\",\"description\":\"\u9677\u9631\u7206\u70b8\u662f\u4e00\u79cd\u5373\u7528\u578b\u6eb4\u6c30\u83ca\u916f\u8bf1\u6355\u5242\uff0c\u7528\u4e8e\u63a7\u5236\u679c\u8747\uff08Ceratitis capitata\uff09\u3002\u5efa\u8bae\u7528\u4e8e\u67d1\u6a58\u548c\u5176\u4ed6\u7ecf\u6279\u51c6\u7684\u4f5c\u7269\u3002\",\"breadcrumb\":{\"@id\":\"https:\/\/www.agrolac.com\/zh-hans\/producto\/%e9%99%b7%e9%98%b1%e7%88%86%e7%82%b8\/#breadcrumb\"},\"inLanguage\":\"zh-CN\",\"potentialAction\":[{\"@type\":\"ReadAction\",\"target\":[\"https:\/\/www.agrolac.com\/zh-hans\/producto\/%e9%99%b7%e9%98%b1%e7%88%86%e7%82%b8\/\"]}]},{\"@type\":\"ImageObject\",\"inLanguage\":\"zh-CN\",\"@id\":\"https:\/\/www.agrolac.com\/zh-hans\/producto\/%e9%99%b7%e9%98%b1%e7%88%86%e7%82%b8\/#primaryimage\",\"url\":\"https:\/\/www.agrolac.com\/wp-content\/uploads\/2026\/01\/clementinas-campo.webp\",\"contentUrl\":\"https:\/\/www.agrolac.com\/wp-content\/uploads\/2026\/01\/clementinas-campo.webp\",\"width\":1920,\"height\":1080},{\"@type\":\"BreadcrumbList\",\"@id\":\"https:\/\/www.agrolac.com\/zh-hans\/producto\/%e9%99%b7%e9%98%b1%e7%88%86%e7%82%b8\/#breadcrumb\",\"itemListElement\":[{\"@type\":\"ListItem\",\"position\":1,\"name\":\"\u9996\u9875\",\"item\":\"https:\/\/www.agrolac.com\/zh-hans\/%e9%a6%96%e9%a1%b5\/\"},{\"@type\":\"ListItem\",\"position\":2,\"name\":\"\u4ea7\u54c1\",\"item\":\"https:\/\/www.agrolac.com\/zh-hans\/%e4%ba%a7%e5%93%81\/\"},{\"@type\":\"ListItem\",\"position\":3,\"name\":\"\u6740\u866b\u5242\",\"item\":\"https:\/\/www.agrolac.com\/zh-hans\/categoria-producto\/%e6%9d%80%e8%99%ab%e5%89%82\/\"},{\"@type\":\"ListItem\",\"position\":4,\"name\":\"\u9677\u9631\u7206\u70b8\"}]},{\"@type\":\"WebSite\",\"@id\":\"https:\/\/www.agrolac.com\/zh-hans\/#website\",\"url\":\"https:\/\/www.agrolac.com\/zh-hans\/\",\"name\":\"VICORQUIMIA\",\"description\":\"Agrolac \u00e9s una empresa de Barcelona, fundada el 1982, especialitzada en distribuci\u00f3 de productes agroqu\u00edmics per a l&#039;agricultura europea.\",\"publisher\":{\"@id\":\"https:\/\/www.agrolac.com\/zh-hans\/#organization\"},\"potentialAction\":[{\"@type\":\"SearchAction\",\"target\":{\"@type\":\"EntryPoint\",\"urlTemplate\":\"https:\/\/www.agrolac.com\/zh-hans\/?s={search_term_string}\"},\"query-input\":{\"@type\":\"PropertyValueSpecification\",\"valueRequired\":true,\"valueName\":\"search_term_string\"}}],\"inLanguage\":\"zh-CN\"},{\"@type\":\"Organization\",\"@id\":\"https:\/\/www.agrolac.com\/zh-hans\/#organization\",\"name\":\"VICORQUIMIA\",\"url\":\"https:\/\/www.agrolac.com\/zh-hans\/\",\"logo\":{\"@type\":\"ImageObject\",\"inLanguage\":\"zh-CN\",\"@id\":\"https:\/\/www.agrolac.com\/zh-hans\/#\/schema\/logo\/image\/\",\"url\":\"https:\/\/www.agrolac.com\/wp-content\/uploads\/2025\/10\/agrolac-logo.svg\",\"contentUrl\":\"https:\/\/www.agrolac.com\/wp-content\/uploads\/2025\/10\/agrolac-logo.svg\",\"caption\":\"VICORQUIMIA\"},\"image\":{\"@id\":\"https:\/\/www.agrolac.com\/zh-hans\/#\/schema\/logo\/image\/\"},\"sameAs\":[\"https:\/\/www.linkedin.com\/company\/vicorquimia\/\"]}]}<\/script>\n<!-- \/ Yoast SEO plugin. -->","yoast_head_json":{"title":"\u9677\u9631\u7206\u70b8 - Agrolac","description":"\u9677\u9631\u7206\u70b8\u662f\u4e00\u79cd\u5373\u7528\u578b\u6eb4\u6c30\u83ca\u916f\u8bf1\u6355\u5242\uff0c\u7528\u4e8e\u63a7\u5236\u679c\u8747\uff08Ceratitis capitata\uff09\u3002\u5efa\u8bae\u7528\u4e8e\u67d1\u6a58\u548c\u5176\u4ed6\u7ecf\u6279\u51c6\u7684\u4f5c\u7269\u3002","robots":{"index":"index","follow":"follow","max-snippet":"max-snippet:-1","max-image-preview":"max-image-preview:large","max-video-preview":"max-video-preview:-1"},"canonical":"https:\/\/www.agrolac.com\/zh-hans\/producto\/%e9%99%b7%e9%98%b1%e7%88%86%e7%82%b8\/","og_locale":"zh_CN","og_type":"article","og_title":"\u9677\u9631\u7206\u70b8 - Agrolac","og_description":"\u9677\u9631\u7206\u70b8\u662f\u4e00\u79cd\u5373\u7528\u578b\u6eb4\u6c30\u83ca\u916f\u8bf1\u6355\u5242\uff0c\u7528\u4e8e\u63a7\u5236\u679c\u8747\uff08Ceratitis capitata\uff09\u3002\u5efa\u8bae\u7528\u4e8e\u67d1\u6a58\u548c\u5176\u4ed6\u7ecf\u6279\u51c6\u7684\u4f5c\u7269\u3002","og_url":"https:\/\/www.agrolac.com\/zh-hans\/producto\/%e9%99%b7%e9%98%b1%e7%88%86%e7%82%b8\/","og_site_name":"Agrolac","article_modified_time":"2026-03-02T18:20:41+00:00","og_image":[{"width":1920,"height":1080,"url":"https:\/\/www.agrolac.com\/wp-content\/uploads\/2026\/01\/clementinas-campo.webp","type":"image\/webp"}],"twitter_card":"summary_large_image","schema":{"@context":"https:\/\/schema.org","@graph":[{"@type":"WebPage","@id":"https:\/\/www.agrolac.com\/zh-hans\/producto\/%e9%99%b7%e9%98%b1%e7%88%86%e7%82%b8\/","url":"https:\/\/www.agrolac.com\/zh-hans\/producto\/%e9%99%b7%e9%98%b1%e7%88%86%e7%82%b8\/","name":"\u9677\u9631\u7206\u70b8 - Agrolac","isPartOf":{"@id":"https:\/\/www.agrolac.com\/zh-hans\/#website"},"primaryImageOfPage":{"@id":"https:\/\/www.agrolac.com\/zh-hans\/producto\/%e9%99%b7%e9%98%b1%e7%88%86%e7%82%b8\/#primaryimage"},"image":{"@id":"https:\/\/www.agrolac.com\/zh-hans\/producto\/%e9%99%b7%e9%98%b1%e7%88%86%e7%82%b8\/#primaryimage"},"thumbnailUrl":"https:\/\/www.agrolac.com\/wp-content\/uploads\/2026\/01\/clementinas-campo.webp","datePublished":"2026-01-08T08:44:42+00:00","dateModified":"2026-03-02T18:20:41+00:00","description":"\u9677\u9631\u7206\u70b8\u662f\u4e00\u79cd\u5373\u7528\u578b\u6eb4\u6c30\u83ca\u916f\u8bf1\u6355\u5242\uff0c\u7528\u4e8e\u63a7\u5236\u679c\u8747\uff08Ceratitis capitata\uff09\u3002\u5efa\u8bae\u7528\u4e8e\u67d1\u6a58\u548c\u5176\u4ed6\u7ecf\u6279\u51c6\u7684\u4f5c\u7269\u3002","breadcrumb":{"@id":"https:\/\/www.agrolac.com\/zh-hans\/producto\/%e9%99%b7%e9%98%b1%e7%88%86%e7%82%b8\/#breadcrumb"},"inLanguage":"zh-CN","potentialAction":[{"@type":"ReadAction","target":["https:\/\/www.agrolac.com\/zh-hans\/producto\/%e9%99%b7%e9%98%b1%e7%88%86%e7%82%b8\/"]}]},{"@type":"ImageObject","inLanguage":"zh-CN","@id":"https:\/\/www.agrolac.com\/zh-hans\/producto\/%e9%99%b7%e9%98%b1%e7%88%86%e7%82%b8\/#primaryimage","url":"https:\/\/www.agrolac.com\/wp-content\/uploads\/2026\/01\/clementinas-campo.webp","contentUrl":"https:\/\/www.agrolac.com\/wp-content\/uploads\/2026\/01\/clementinas-campo.webp","width":1920,"height":1080},{"@type":"BreadcrumbList","@id":"https:\/\/www.agrolac.com\/zh-hans\/producto\/%e9%99%b7%e9%98%b1%e7%88%86%e7%82%b8\/#breadcrumb","itemListElement":[{"@type":"ListItem","position":1,"name":"\u9996\u9875","item":"https:\/\/www.agrolac.com\/zh-hans\/%e9%a6%96%e9%a1%b5\/"},{"@type":"ListItem","position":2,"name":"\u4ea7\u54c1","item":"https:\/\/www.agrolac.com\/zh-hans\/%e4%ba%a7%e5%93%81\/"},{"@type":"ListItem","position":3,"name":"\u6740\u866b\u5242","item":"https:\/\/www.agrolac.com\/zh-hans\/categoria-producto\/%e6%9d%80%e8%99%ab%e5%89%82\/"},{"@type":"ListItem","position":4,"name":"\u9677\u9631\u7206\u70b8"}]},{"@type":"WebSite","@id":"https:\/\/www.agrolac.com\/zh-hans\/#website","url":"https:\/\/www.agrolac.com\/zh-hans\/","name":"VICORQUIMIA","description":"Agrolac \u00e9s una empresa de Barcelona, fundada el 1982, especialitzada en distribuci\u00f3 de productes agroqu\u00edmics per a l&#039;agricultura europea.","publisher":{"@id":"https:\/\/www.agrolac.com\/zh-hans\/#organization"},"potentialAction":[{"@type":"SearchAction","target":{"@type":"EntryPoint","urlTemplate":"https:\/\/www.agrolac.com\/zh-hans\/?s={search_term_string}"},"query-input":{"@type":"PropertyValueSpecification","valueRequired":true,"valueName":"search_term_string"}}],"inLanguage":"zh-CN"},{"@type":"Organization","@id":"https:\/\/www.agrolac.com\/zh-hans\/#organization","name":"VICORQUIMIA","url":"https:\/\/www.agrolac.com\/zh-hans\/","logo":{"@type":"ImageObject","inLanguage":"zh-CN","@id":"https:\/\/www.agrolac.com\/zh-hans\/#\/schema\/logo\/image\/","url":"https:\/\/www.agrolac.com\/wp-content\/uploads\/2025\/10\/agrolac-logo.svg","contentUrl":"https:\/\/www.agrolac.com\/wp-content\/uploads\/2025\/10\/agrolac-logo.svg","caption":"VICORQUIMIA"},"image":{"@id":"https:\/\/www.agrolac.com\/zh-hans\/#\/schema\/logo\/image\/"},"sameAs":["https:\/\/www.linkedin.com\/company\/vicorquimia\/"]}]}},"_links":{"self":[{"href":"https:\/\/www.agrolac.com\/zh-hans\/wp-json\/wp\/v2\/product\/7676","targetHints":{"allow":["GET"]}}],"collection":[{"href":"https:\/\/www.agrolac.com\/zh-hans\/wp-json\/wp\/v2\/product"}],"about":[{"href":"https:\/\/www.agrolac.com\/zh-hans\/wp-json\/wp\/v2\/types\/product"}],"replies":[{"embeddable":true,"href":"https:\/\/www.agrolac.com\/zh-hans\/wp-json\/wp\/v2\/comments?post=7676"}],"wp:featuredmedia":[{"embeddable":true,"href":"https:\/\/www.agrolac.com\/zh-hans\/wp-json\/wp\/v2\/media\/6216"}],"wp:attachment":[{"href":"https:\/\/www.agrolac.com\/zh-hans\/wp-json\/wp\/v2\/media?parent=7676"}],"wp:term":[{"taxonomy":"certificacion","embeddable":true,"href":"https:\/\/www.agrolac.com\/zh-hans\/wp-json\/wp\/v2\/certificacion?post=7676"},{"taxonomy":"cultivo","embeddable":true,"href":"https:\/\/www.agrolac.com\/zh-hans\/wp-json\/wp\/v2\/cultivo?post=7676"},{"taxonomy":"product_brand","embeddable":true,"href":"https:\/\/www.agrolac.com\/zh-hans\/wp-json\/wp\/v2\/product_brand?post=7676"},{"taxonomy":"product_cat","embeddable":true,"href":"https:\/\/www.agrolac.com\/zh-hans\/wp-json\/wp\/v2\/product_cat?post=7676"},{"taxonomy":"product_tag","embeddable":true,"href":"https:\/\/www.agrolac.com\/zh-hans\/wp-json\/wp\/v2\/product_tag?post=7676"}],"curies":[{"name":"wp","href":"https:\/\/api.w.org\/{rel}","templated":true}]}}