{"id":7654,"date":"2026-01-08T22:15:36","date_gmt":"2026-01-08T21:15:36","guid":{"rendered":"https:\/\/www.agrolac.com\/producto\/agrolac-%e8%82%b2%e8%82%a5\/"},"modified":"2026-03-05T01:33:46","modified_gmt":"2026-03-05T00:33:46","slug":"agrolac-%e8%82%b2%e8%82%a5","status":"publish","type":"product","link":"https:\/\/www.agrolac.com\/zh-hans\/producto\/agrolac-%e8%82%b2%e8%82%a5\/","title":{"rendered":"Agrolac\u00ae \u589e\u80a5"},"content":{"rendered":"<h2>agrolac\u00ae \u589e\u80a5<\/h2>\n<p><strong>AGROLAC\u00ae ENGORDE<\/strong> \u542b\u6709<strong>\u94be\uff08K\uff09<\/strong>\u3001<strong>\u9530\uff08Mn\uff09<\/strong>\u3001<strong>\u94c1\uff08Fe\uff09<\/strong>\u548c<strong>\u950c\uff08Zn\uff09<\/strong>\u4ee5\u53ca\u03b3-\u805a<strong>\u8c37\u6c28\u9178<\/strong>\uff0c\u6709\u5229\u4e8e<strong>\u5f62\u6210\u5185\u6e90\u8f85\u9176\u548c\u53f6\u7eff\u7d20<\/strong>\uff0c\u652f\u6301\u4e0e\u679c\u5b9e\u53d1\u80b2\u76f8\u5173\u7684\u751f\u7406\u8fc7\u7a0b\u3002<\/p>\n<p>\u5b83\u7684\u914d\u65b9\u6709\u52a9\u4e8e\u4fc3\u8fdb<strong>\u6c2e<\/strong>\u3001<strong>\u6838\u9178<\/strong>\u3001<strong>\u7ef4\u751f\u7d20 C<\/strong>\u548c<strong>\u78b3\u6c34\u5316\u5408\u7269<\/strong>\u7b49\u5316\u5408\u7269<strong>\u901a\u8fc7\u97e7\u76ae\u90e8<\/strong>\u5411\u679c\u5b9e<strong>\u79fb\u52a8<\/strong>\u3002<\/p>\n<p>\u5728\u4f5c\u7269\u7684\u8fd9\u4e00\u9636\u6bb5\u65bd\u7528<strong>AGROLAC\u00ae ENGORDE<\/strong>\uff0c\u5b83\u4f5c\u4e3a\u4e00\u79cd<strong>\u751f\u7269\u8425\u517b\u7d20<\/strong>\uff0c\u6709\u52a9\u4e8e\u51cf\u5c11\u679c\u5b9e\u4e4b\u95f4\u4ee5\u53ca\u679c\u5b9e\u4e0e\u690d\u682a\u7684\u65e0\u6027\u90e8\u5206\u4e4b\u95f4<strong>\u4e89\u593a\u5149<\/strong>\u540c\u5316\u7269\u7684\u73b0\u8c61\u3002<\/p>\n<p>\u8fd9\u79cd\u4f5c\u7528\u6709\u52a9\u4e8e<strong>\u679c\u5b9e\u6210\u719f<\/strong>\uff0c\u5e76\u4f7f<strong>\u6700\u7ec8<\/strong> <strong>\u679c\u5b9e<\/strong> <strong>\u5927\u5c0f\u66f4\u52a0\u5747\u5300\u3002<\/strong><\/p>\n<h3>\u519c\u827a\u6548\u76ca<\/h3>\n<ul>\n<li><strong>\u4fc3\u8fdb\u679c\u5b9e\u589e\u80a5\u548c\u6210\u719f<\/strong>\u3002<\/li>\n<li><strong>\u4fc3\u8fdb\u6811\u6db2\u6d41\u5411<\/strong>\u679c\u5b9e\u3002<\/li>\n<li><strong>\u6709\u52a9\u4e8e\u51cf\u5c11\u5149\u540c\u5316\u7269\u7684\u7ade\u4e89<\/strong>\u3002<\/li>\n<li><strong>\u4f7f\u6700\u7ec8\u53e3\u5f84\u66f4\u52a0\u4e00\u81f4<\/strong>\u3002<\/li>\n<\/ul>\n<p>&nbsp;<\/p>\n<h3>\u5e94\u7528<\/h3>\n<p><strong>AGROLAC\u00ae ENGORDE<\/strong>\u5728\u679c\u5b9e\u80a5\u5927\u671f\u4f7f\u7528\uff0c\u6839\u636e\u4f5c\u7269\u548c\u519c\u827a\u6761\u4ef6\u7684\u9700\u8981\u8c03\u6574\u7528\u91cf\u548c\u65bd\u7528\u65f6\u95f4\u3002<\/p>\n<h3>\u5907\u6ce8<\/h3>\n<p>\u8bf7\u52ff\u5728 30 \u00baC \u4ee5\u4e0a\u7684\u6e29\u5ea6\u4e0b\u8fdb\u884c\u5904\u7406\u3002\u8bf7\u52ff\u4e0e\u9521\u57fa\u4ea7\u54c1\u6216\u77ff\u7269\u6cb9\u6df7\u5408\u3002 <\/p>\n","protected":false},"excerpt":{"rendered":"<p>\u65e8\u5728\u652f\u6301\u4f5c\u7269\u6700\u540e\u9636\u6bb5\u679c\u5b9e\u589e\u80a5\u548c\u53d1\u80b2\u7684\u4ea7\u54c1\u3002<\/p>\n","protected":false},"featured_media":6290,"comment_status":"closed","ping_status":"closed","template":"","meta":{"_acf_changed":false,"_joinchat":[]},"certificacion":[435],"cultivo":[504,513,506,503,736,1089,512,1152,1202,1193,511,1090,505,1205],"product_brand":[],"product_cat":[399],"product_tag":[],"class_list":{"0":"post-7654","1":"product","2":"type-product","3":"status-publish","4":"has-post-thumbnail","6":"certificacion-435","7":"cultivo-504","8":"cultivo-513","9":"cultivo-506","10":"cultivo-503","11":"cultivo-736","12":"cultivo-1089","13":"cultivo-512","14":"cultivo-1152","15":"cultivo-1202","16":"cultivo-1193","17":"cultivo-511","18":"cultivo-1090","19":"cultivo-505","20":"cultivo-1205","21":"product_cat-399","23":"first","24":"instock","25":"shipping-taxable","26":"product-type-simple"},"acf":[],"yoast_head":"<!-- This site is optimized with the Yoast SEO plugin v27.1.1 - https:\/\/yoast.com\/product\/yoast-seo-wordpress\/ -->\n<title>Agrolac\u00ae \u589e\u80a5 - Agrolac<\/title>\n<meta name=\"description\" content=\"Agrolac\u00ae \u589e\u80a5\u662f\u4e00\u79cd\u751f\u7269\u8425\u517b\u7d20\uff0c\u542b\u6709\u94be\u3001\u9530\u3001\u94c1\u3001\u950c\u548c\u03b3-\u805a\u8c37\u6c28\u9178\uff0c\u53ef\u4fc3\u8fdb\u80b2\u80a5\u548c\u6210\u719f\uff0c\u5e76\u4f7f\u8089\u8d28\u66f4\u52a0\u5747\u5300\u3002\" \/>\n<meta name=\"robots\" content=\"index, follow, max-snippet:-1, max-image-preview:large, max-video-preview:-1\" \/>\n<link rel=\"canonical\" href=\"https:\/\/www.agrolac.com\/zh-hans\/producto\/agrolac-%e8%82%b2%e8%82%a5\/\" \/>\n<meta property=\"og:locale\" content=\"zh_CN\" \/>\n<meta property=\"og:type\" content=\"article\" \/>\n<meta property=\"og:title\" content=\"Agrolac\u00ae \u589e\u80a5 - Agrolac\" \/>\n<meta property=\"og:description\" content=\"Agrolac\u00ae \u589e\u80a5\u662f\u4e00\u79cd\u751f\u7269\u8425\u517b\u7d20\uff0c\u542b\u6709\u94be\u3001\u9530\u3001\u94c1\u3001\u950c\u548c\u03b3-\u805a\u8c37\u6c28\u9178\uff0c\u53ef\u4fc3\u8fdb\u80b2\u80a5\u548c\u6210\u719f\uff0c\u5e76\u4f7f\u8089\u8d28\u66f4\u52a0\u5747\u5300\u3002\" \/>\n<meta property=\"og:url\" content=\"https:\/\/www.agrolac.com\/zh-hans\/producto\/agrolac-%e8%82%b2%e8%82%a5\/\" \/>\n<meta property=\"og:site_name\" content=\"Agrolac\" \/>\n<meta property=\"article:modified_time\" content=\"2026-03-05T00:33:46+00:00\" \/>\n<meta property=\"og:image\" content=\"https:\/\/www.agrolac.com\/wp-content\/uploads\/2026\/01\/tomates-creciendo.webp\" \/>\n\t<meta property=\"og:image:width\" content=\"1920\" \/>\n\t<meta property=\"og:image:height\" content=\"1280\" \/>\n\t<meta property=\"og:image:type\" content=\"image\/webp\" \/>\n<meta name=\"twitter:card\" content=\"summary_large_image\" \/>\n<script type=\"application\/ld+json\" class=\"yoast-schema-graph\">{\"@context\":\"https:\/\/schema.org\",\"@graph\":[{\"@type\":\"WebPage\",\"@id\":\"https:\/\/www.agrolac.com\/zh-hans\/producto\/agrolac-%e8%82%b2%e8%82%a5\/\",\"url\":\"https:\/\/www.agrolac.com\/zh-hans\/producto\/agrolac-%e8%82%b2%e8%82%a5\/\",\"name\":\"Agrolac\u00ae \u589e\u80a5 - Agrolac\",\"isPartOf\":{\"@id\":\"https:\/\/www.agrolac.com\/zh-hans\/#website\"},\"primaryImageOfPage\":{\"@id\":\"https:\/\/www.agrolac.com\/zh-hans\/producto\/agrolac-%e8%82%b2%e8%82%a5\/#primaryimage\"},\"image\":{\"@id\":\"https:\/\/www.agrolac.com\/zh-hans\/producto\/agrolac-%e8%82%b2%e8%82%a5\/#primaryimage\"},\"thumbnailUrl\":\"https:\/\/www.agrolac.com\/wp-content\/uploads\/2026\/01\/tomates-creciendo.webp\",\"datePublished\":\"2026-01-08T21:15:36+00:00\",\"dateModified\":\"2026-03-05T00:33:46+00:00\",\"description\":\"Agrolac\u00ae \u589e\u80a5\u662f\u4e00\u79cd\u751f\u7269\u8425\u517b\u7d20\uff0c\u542b\u6709\u94be\u3001\u9530\u3001\u94c1\u3001\u950c\u548c\u03b3-\u805a\u8c37\u6c28\u9178\uff0c\u53ef\u4fc3\u8fdb\u80b2\u80a5\u548c\u6210\u719f\uff0c\u5e76\u4f7f\u8089\u8d28\u66f4\u52a0\u5747\u5300\u3002\",\"breadcrumb\":{\"@id\":\"https:\/\/www.agrolac.com\/zh-hans\/producto\/agrolac-%e8%82%b2%e8%82%a5\/#breadcrumb\"},\"inLanguage\":\"zh-CN\",\"potentialAction\":[{\"@type\":\"ReadAction\",\"target\":[\"https:\/\/www.agrolac.com\/zh-hans\/producto\/agrolac-%e8%82%b2%e8%82%a5\/\"]}]},{\"@type\":\"ImageObject\",\"inLanguage\":\"zh-CN\",\"@id\":\"https:\/\/www.agrolac.com\/zh-hans\/producto\/agrolac-%e8%82%b2%e8%82%a5\/#primaryimage\",\"url\":\"https:\/\/www.agrolac.com\/wp-content\/uploads\/2026\/01\/tomates-creciendo.webp\",\"contentUrl\":\"https:\/\/www.agrolac.com\/wp-content\/uploads\/2026\/01\/tomates-creciendo.webp\",\"width\":1920,\"height\":1280},{\"@type\":\"BreadcrumbList\",\"@id\":\"https:\/\/www.agrolac.com\/zh-hans\/producto\/agrolac-%e8%82%b2%e8%82%a5\/#breadcrumb\",\"itemListElement\":[{\"@type\":\"ListItem\",\"position\":1,\"name\":\"\u9996\u9875\",\"item\":\"https:\/\/www.agrolac.com\/zh-hans\/%e9%a6%96%e9%a1%b5\/\"},{\"@type\":\"ListItem\",\"position\":2,\"name\":\"\u4ea7\u54c1\",\"item\":\"https:\/\/www.agrolac.com\/zh-hans\/%e4%ba%a7%e5%93%81\/\"},{\"@type\":\"ListItem\",\"position\":3,\"name\":\"\u80a5\u6599\",\"item\":\"https:\/\/www.agrolac.com\/zh-hans\/categoria-producto\/%e8%82%a5%e6%96%99\/\"},{\"@type\":\"ListItem\",\"position\":4,\"name\":\"Agrolac\u00ae \u589e\u80a5\"}]},{\"@type\":\"WebSite\",\"@id\":\"https:\/\/www.agrolac.com\/zh-hans\/#website\",\"url\":\"https:\/\/www.agrolac.com\/zh-hans\/\",\"name\":\"VICORQUIMIA\",\"description\":\"Agrolac \u00e9s una empresa de Barcelona, fundada el 1982, especialitzada en distribuci\u00f3 de productes agroqu\u00edmics per a l&#039;agricultura europea.\",\"publisher\":{\"@id\":\"https:\/\/www.agrolac.com\/zh-hans\/#organization\"},\"potentialAction\":[{\"@type\":\"SearchAction\",\"target\":{\"@type\":\"EntryPoint\",\"urlTemplate\":\"https:\/\/www.agrolac.com\/zh-hans\/?s={search_term_string}\"},\"query-input\":{\"@type\":\"PropertyValueSpecification\",\"valueRequired\":true,\"valueName\":\"search_term_string\"}}],\"inLanguage\":\"zh-CN\"},{\"@type\":\"Organization\",\"@id\":\"https:\/\/www.agrolac.com\/zh-hans\/#organization\",\"name\":\"VICORQUIMIA\",\"url\":\"https:\/\/www.agrolac.com\/zh-hans\/\",\"logo\":{\"@type\":\"ImageObject\",\"inLanguage\":\"zh-CN\",\"@id\":\"https:\/\/www.agrolac.com\/zh-hans\/#\/schema\/logo\/image\/\",\"url\":\"https:\/\/www.agrolac.com\/wp-content\/uploads\/2025\/10\/agrolac-logo.svg\",\"contentUrl\":\"https:\/\/www.agrolac.com\/wp-content\/uploads\/2025\/10\/agrolac-logo.svg\",\"caption\":\"VICORQUIMIA\"},\"image\":{\"@id\":\"https:\/\/www.agrolac.com\/zh-hans\/#\/schema\/logo\/image\/\"},\"sameAs\":[\"https:\/\/www.linkedin.com\/company\/vicorquimia\/\"]}]}<\/script>\n<!-- \/ Yoast SEO plugin. -->","yoast_head_json":{"title":"Agrolac\u00ae \u589e\u80a5 - Agrolac","description":"Agrolac\u00ae \u589e\u80a5\u662f\u4e00\u79cd\u751f\u7269\u8425\u517b\u7d20\uff0c\u542b\u6709\u94be\u3001\u9530\u3001\u94c1\u3001\u950c\u548c\u03b3-\u805a\u8c37\u6c28\u9178\uff0c\u53ef\u4fc3\u8fdb\u80b2\u80a5\u548c\u6210\u719f\uff0c\u5e76\u4f7f\u8089\u8d28\u66f4\u52a0\u5747\u5300\u3002","robots":{"index":"index","follow":"follow","max-snippet":"max-snippet:-1","max-image-preview":"max-image-preview:large","max-video-preview":"max-video-preview:-1"},"canonical":"https:\/\/www.agrolac.com\/zh-hans\/producto\/agrolac-%e8%82%b2%e8%82%a5\/","og_locale":"zh_CN","og_type":"article","og_title":"Agrolac\u00ae \u589e\u80a5 - Agrolac","og_description":"Agrolac\u00ae \u589e\u80a5\u662f\u4e00\u79cd\u751f\u7269\u8425\u517b\u7d20\uff0c\u542b\u6709\u94be\u3001\u9530\u3001\u94c1\u3001\u950c\u548c\u03b3-\u805a\u8c37\u6c28\u9178\uff0c\u53ef\u4fc3\u8fdb\u80b2\u80a5\u548c\u6210\u719f\uff0c\u5e76\u4f7f\u8089\u8d28\u66f4\u52a0\u5747\u5300\u3002","og_url":"https:\/\/www.agrolac.com\/zh-hans\/producto\/agrolac-%e8%82%b2%e8%82%a5\/","og_site_name":"Agrolac","article_modified_time":"2026-03-05T00:33:46+00:00","og_image":[{"width":1920,"height":1280,"url":"https:\/\/www.agrolac.com\/wp-content\/uploads\/2026\/01\/tomates-creciendo.webp","type":"image\/webp"}],"twitter_card":"summary_large_image","schema":{"@context":"https:\/\/schema.org","@graph":[{"@type":"WebPage","@id":"https:\/\/www.agrolac.com\/zh-hans\/producto\/agrolac-%e8%82%b2%e8%82%a5\/","url":"https:\/\/www.agrolac.com\/zh-hans\/producto\/agrolac-%e8%82%b2%e8%82%a5\/","name":"Agrolac\u00ae \u589e\u80a5 - Agrolac","isPartOf":{"@id":"https:\/\/www.agrolac.com\/zh-hans\/#website"},"primaryImageOfPage":{"@id":"https:\/\/www.agrolac.com\/zh-hans\/producto\/agrolac-%e8%82%b2%e8%82%a5\/#primaryimage"},"image":{"@id":"https:\/\/www.agrolac.com\/zh-hans\/producto\/agrolac-%e8%82%b2%e8%82%a5\/#primaryimage"},"thumbnailUrl":"https:\/\/www.agrolac.com\/wp-content\/uploads\/2026\/01\/tomates-creciendo.webp","datePublished":"2026-01-08T21:15:36+00:00","dateModified":"2026-03-05T00:33:46+00:00","description":"Agrolac\u00ae \u589e\u80a5\u662f\u4e00\u79cd\u751f\u7269\u8425\u517b\u7d20\uff0c\u542b\u6709\u94be\u3001\u9530\u3001\u94c1\u3001\u950c\u548c\u03b3-\u805a\u8c37\u6c28\u9178\uff0c\u53ef\u4fc3\u8fdb\u80b2\u80a5\u548c\u6210\u719f\uff0c\u5e76\u4f7f\u8089\u8d28\u66f4\u52a0\u5747\u5300\u3002","breadcrumb":{"@id":"https:\/\/www.agrolac.com\/zh-hans\/producto\/agrolac-%e8%82%b2%e8%82%a5\/#breadcrumb"},"inLanguage":"zh-CN","potentialAction":[{"@type":"ReadAction","target":["https:\/\/www.agrolac.com\/zh-hans\/producto\/agrolac-%e8%82%b2%e8%82%a5\/"]}]},{"@type":"ImageObject","inLanguage":"zh-CN","@id":"https:\/\/www.agrolac.com\/zh-hans\/producto\/agrolac-%e8%82%b2%e8%82%a5\/#primaryimage","url":"https:\/\/www.agrolac.com\/wp-content\/uploads\/2026\/01\/tomates-creciendo.webp","contentUrl":"https:\/\/www.agrolac.com\/wp-content\/uploads\/2026\/01\/tomates-creciendo.webp","width":1920,"height":1280},{"@type":"BreadcrumbList","@id":"https:\/\/www.agrolac.com\/zh-hans\/producto\/agrolac-%e8%82%b2%e8%82%a5\/#breadcrumb","itemListElement":[{"@type":"ListItem","position":1,"name":"\u9996\u9875","item":"https:\/\/www.agrolac.com\/zh-hans\/%e9%a6%96%e9%a1%b5\/"},{"@type":"ListItem","position":2,"name":"\u4ea7\u54c1","item":"https:\/\/www.agrolac.com\/zh-hans\/%e4%ba%a7%e5%93%81\/"},{"@type":"ListItem","position":3,"name":"\u80a5\u6599","item":"https:\/\/www.agrolac.com\/zh-hans\/categoria-producto\/%e8%82%a5%e6%96%99\/"},{"@type":"ListItem","position":4,"name":"Agrolac\u00ae \u589e\u80a5"}]},{"@type":"WebSite","@id":"https:\/\/www.agrolac.com\/zh-hans\/#website","url":"https:\/\/www.agrolac.com\/zh-hans\/","name":"VICORQUIMIA","description":"Agrolac \u00e9s una empresa de Barcelona, fundada el 1982, especialitzada en distribuci\u00f3 de productes agroqu\u00edmics per a l&#039;agricultura europea.","publisher":{"@id":"https:\/\/www.agrolac.com\/zh-hans\/#organization"},"potentialAction":[{"@type":"SearchAction","target":{"@type":"EntryPoint","urlTemplate":"https:\/\/www.agrolac.com\/zh-hans\/?s={search_term_string}"},"query-input":{"@type":"PropertyValueSpecification","valueRequired":true,"valueName":"search_term_string"}}],"inLanguage":"zh-CN"},{"@type":"Organization","@id":"https:\/\/www.agrolac.com\/zh-hans\/#organization","name":"VICORQUIMIA","url":"https:\/\/www.agrolac.com\/zh-hans\/","logo":{"@type":"ImageObject","inLanguage":"zh-CN","@id":"https:\/\/www.agrolac.com\/zh-hans\/#\/schema\/logo\/image\/","url":"https:\/\/www.agrolac.com\/wp-content\/uploads\/2025\/10\/agrolac-logo.svg","contentUrl":"https:\/\/www.agrolac.com\/wp-content\/uploads\/2025\/10\/agrolac-logo.svg","caption":"VICORQUIMIA"},"image":{"@id":"https:\/\/www.agrolac.com\/zh-hans\/#\/schema\/logo\/image\/"},"sameAs":["https:\/\/www.linkedin.com\/company\/vicorquimia\/"]}]}},"_links":{"self":[{"href":"https:\/\/www.agrolac.com\/zh-hans\/wp-json\/wp\/v2\/product\/7654","targetHints":{"allow":["GET"]}}],"collection":[{"href":"https:\/\/www.agrolac.com\/zh-hans\/wp-json\/wp\/v2\/product"}],"about":[{"href":"https:\/\/www.agrolac.com\/zh-hans\/wp-json\/wp\/v2\/types\/product"}],"replies":[{"embeddable":true,"href":"https:\/\/www.agrolac.com\/zh-hans\/wp-json\/wp\/v2\/comments?post=7654"}],"wp:featuredmedia":[{"embeddable":true,"href":"https:\/\/www.agrolac.com\/zh-hans\/wp-json\/wp\/v2\/media\/6290"}],"wp:attachment":[{"href":"https:\/\/www.agrolac.com\/zh-hans\/wp-json\/wp\/v2\/media?parent=7654"}],"wp:term":[{"taxonomy":"certificacion","embeddable":true,"href":"https:\/\/www.agrolac.com\/zh-hans\/wp-json\/wp\/v2\/certificacion?post=7654"},{"taxonomy":"cultivo","embeddable":true,"href":"https:\/\/www.agrolac.com\/zh-hans\/wp-json\/wp\/v2\/cultivo?post=7654"},{"taxonomy":"product_brand","embeddable":true,"href":"https:\/\/www.agrolac.com\/zh-hans\/wp-json\/wp\/v2\/product_brand?post=7654"},{"taxonomy":"product_cat","embeddable":true,"href":"https:\/\/www.agrolac.com\/zh-hans\/wp-json\/wp\/v2\/product_cat?post=7654"},{"taxonomy":"product_tag","embeddable":true,"href":"https:\/\/www.agrolac.com\/zh-hans\/wp-json\/wp\/v2\/product_tag?post=7654"}],"curies":[{"name":"wp","href":"https:\/\/api.w.org\/{rel}","templated":true}]}}