{"id":7594,"date":"2026-01-08T22:33:05","date_gmt":"2026-01-08T21:33:05","guid":{"rendered":"https:\/\/www.agrolac.com\/producto\/triquer\/"},"modified":"2026-03-05T01:38:02","modified_gmt":"2026-03-05T00:38:02","slug":"triquer","status":"publish","type":"product","link":"https:\/\/www.agrolac.com\/zh-hans\/producto\/triquer\/","title":{"rendered":"Triquer\u00ae"},"content":{"rendered":"<h2>Triquer\u00ae<\/h2>\n<p class=\"p1\"><strong>TRIQUER\u00ae<\/strong>\u662f\u4e00\u79cd <span class=\"s1\"><b>\u751f\u7269\u80a5\u6599<\/b><\/span>\u662f\u4e00\u79cd\u751f\u7269\u80a5\u6599\uff0c\u4ee5\u6ce8\u518c\u7684 <span class=\"s1\"><b>\u83cc\u682a AGLM4 \u4e3a\u57fa\u7840\u7684\u751f\u7269\u80a5\u6599\u3002<\/b><\/span>\u914d\u5236\u6210 <span class=\"s1\"><b>\u5206\u6563\u7c92\u5242 (WG)<\/b><\/span>.<i>\u6bdb\u9709\u83cc<\/i>\u4e0e<i>\u6839\u7624\u83cc<\/i>\u5c42\u6709\u5173\uff0c\u80fd\u4fc3\u8fdb <span class=\"s1\"><b>\u6839\u7cfb\u53d1\u80b2<\/b><\/span>\u548c <span class=\"s1\"><b>\u517b\u5206\u5229\u7528<\/b><\/span>\u5728\u7ba1\u7406\u65b9\u6848\u4e2d\uff0c\u5b83\u80fd\u4fc3\u8fdb\u6839\u7cfb\u53d1\u80b2\u548c\u517b\u5206\u5229\u7528\uff0c\u4f7f\u4f5c\u7269\u751f\u957f\u66f4\u52a0\u5747\u8861\u3002\u53ef\u6839\u636e\u4f5c\u7269\u548c\u519c\u827a\u6761\u4ef6\u8c03\u6574\u65bd\u7528\u5242\u91cf\u3001\u65f6\u95f4\u548c\u6b21\u6570\uff0c\u5c06\u5176\u7eb3\u5165\u6280\u672f\u7b56\u7565\u3002\u5b83\u8fd8\u53ef\u5728\u4ee5\u4e0b\u60c5\u51b5\u4e0b\u7528\u4f5c\u8f85\u52a9\u5de5\u5177 <span class=\"s1\"><b>\u73af\u5883\u538b\u529b<\/b><\/span>\u4f5c\u4e3a\u4f5c\u7269\u7ba1\u7406\u7684\u4e00\u90e8\u5206\u3002   <\/p>\n<p class=\"p1\"><strong>TRIQUER\u00ae<\/strong>\u53ef\u5728\u571f\u58e4\/\u6839\u7624\u5c42\u4e2d\u53d1\u6325\u4f5c\u7528\uff0c<i>\u6bdb\u9709\u83cc<\/i>\u53ef\u4fc3\u8fdb\u66f4\u6709\u6548\u7684\u6839\u90e8\u73af\u5883\uff0c\u5e76\u6709\u52a9\u4e8e\u66f4\u597d\u5730\u5438\u6536\u517b\u5206\uff08\u5982\u78f7\u3001\u94be\u3001\u9499\u3001\u9541\u7b49\uff09\u3001 <span class=\"s1\"><b>\u78f7<\/b><\/span>\u4f8b\u5982\u78f7\uff09\u3002\u5b83\u7279\u522b\u9002\u7528\u4e8e\u8d77\u59cb\u9636\u6bb5\u4ee5\u53ca\u5bf9\u6839\u7cfb\u7684\u652f\u6301\u548c\u6d3b\u529b\u6709\u5174\u8da3\u7684\u65f6\u671f\uff0c\u53ef\u6839\u636e\u4f5c\u7269\u3001\u704c\u6e89\u7cfb\u7edf\u548c\u73af\u5883\u538b\u529b\u8c03\u6574\u65b9\u6848\u3002 <\/p>\n<h3><span style=\"font-family: -apple-system, BlinkMacSystemFont, 'Segoe UI', Roboto, 'Helvetica Neue', Arial, 'Noto Sans', sans-serif, 'Apple Color Emoji', 'Segoe UI Emoji', 'Segoe UI Symbol', 'Noto Color Emoji';\">\u519c\u827a\u6548\u76ca<\/span><\/h3>\n<ul>\n<li><strong>\u6539\u5584\u6839\u7cfb\u53d1\u80b2<\/strong>\u3002<\/li>\n<li><strong>\u652f\u6301\u690d\u7269\u6297\u6027<\/strong>\u3002<\/li>\n<li><strong>\u66f4\u597d\u5730\u5229\u7528\u517b\u5206<\/strong>\u3002<\/li>\n<li><strong>\u6709\u52a9\u4e8e<\/strong>\u4f5c\u7269<strong>\u66f4\u5747\u8861\u5730\u751f\u957f<\/strong>\u3002<\/li>\n<li><strong>\u652f\u6301<\/strong>\u5bf9\u73af\u5883\u538b\u529b\u7684<strong>\u8010\u53d7\u6027<\/strong>\u3002<\/li>\n<\/ul>\n<h3><\/h3>\n<h3>\u5e94\u7528<\/h3>\n<p>\u4f7f\u7528<strong>TRIQUER\u00ae<\/strong>\u65f6\uff0c\u5e94\u6839\u636e\u4f5c\u7269\u9700\u8981\u548c\u519c\u827a\u6761\u4ef6\u8c03\u6574\u65bd\u7528\u5242\u91cf\u548c\u65f6\u95f4\u3002\u5728\u6bcf\u79cd\u4f5c\u7269\u7684\u65bd\u7528\u4fe1\u606f\u4e2d\uff0c\u5242\u91cf\u548c\u65bd\u7528\u6b21\u6570\u6839\u636e\u4f5c\u7269\u800c\u5b9a\u3002 <\/p>\n<h4 style=\"padding-left: 40px;\">\u5efa\u8bae\u4f7f\u7528\u65f6\u95f4<\/h4>\n<p style=\"padding-left: 40px;\">\u6839\u636e\u6bcf\u79cd\u4f5c\u7269\u7684\u65bd\u7528\u4fe1\u606f\uff0c\u4ece<strong>\u82b1\u857e\u51fa\u73b0<\/strong>\u5230<strong>\u6700\u540e\u4e00\u6735\u82b1\u5f00\u653e<\/strong>\uff0c<strong>\u6bcf\u4e2a\u5468\u671f\u65bd\u7528 3-4 \u6b21<\/strong>\u3002<\/p>\n<h3>\u5907\u6ce8<\/h3>\n<p><span style=\"font-family: -apple-system, BlinkMacSystemFont, 'Segoe UI', Roboto, 'Helvetica Neue', Arial, 'Noto Sans', sans-serif, 'Apple Color Emoji', 'Segoe UI Emoji', 'Segoe UI Symbol', 'Noto Color Emoji';\">\u8bf7\u52ff\u5728 30 \u00baC \u4ee5\u4e0a\u7684\u6e29\u5ea6\u4e0b\u8fdb\u884c\u5904\u7406\u3002\u8bf7\u52ff\u4e0e\u9521\u57fa\u4ea7\u54c1\u6216\u77ff\u7269\u6cb9\u6df7\u5408\u3002 <\/span><\/p>\n","protected":false},"excerpt":{"rendered":"<p>\u8be5\u4ea7\u54c1\u65e8\u5728\u652f\u6301\u690d\u7269\u751f\u957f\u548c\u4f5c\u7269\u5747\u8861\u53d1\u80b2\u3002<\/p>\n","protected":false},"featured_media":5634,"comment_status":"closed","ping_status":"closed","template":"","meta":{"_acf_changed":false,"_joinchat":[]},"certificacion":[427,435],"cultivo":[504,513,506,736,503,512,511,505],"product_brand":[],"product_cat":[399],"product_tag":[],"class_list":{"0":"post-7594","1":"product","2":"type-product","3":"status-publish","4":"has-post-thumbnail","6":"certificacion-427","7":"certificacion-435","8":"cultivo-504","9":"cultivo-513","10":"cultivo-506","11":"cultivo-736","12":"cultivo-503","13":"cultivo-512","14":"cultivo-511","15":"cultivo-505","16":"product_cat-399","18":"first","19":"instock","20":"shipping-taxable","21":"product-type-simple"},"acf":[],"yoast_head":"<!-- This site is optimized with the Yoast SEO plugin v27.1.1 - https:\/\/yoast.com\/product\/yoast-seo-wordpress\/ -->\n<title>Triquer\u00ae - Agrolac<\/title>\n<meta name=\"description\" content=\"Triquer\u00ae\u662f\u4e00\u79cd\u542b\u6bdb\u9709 AGLM4 \u7684 WG \u751f\u7269\u80a5\u6599\uff0c\u53ef\u4fc3\u8fdb\u6839\u7cfb\u53d1\u80b2\u3001\u517b\u5206\u5438\u6536\u548c\u4f5c\u7269\u751f\u957f\u3002\" \/>\n<meta name=\"robots\" content=\"index, follow, max-snippet:-1, max-image-preview:large, max-video-preview:-1\" \/>\n<link rel=\"canonical\" href=\"https:\/\/www.agrolac.com\/zh-hans\/producto\/triquer\/\" \/>\n<meta property=\"og:locale\" content=\"zh_CN\" \/>\n<meta property=\"og:type\" content=\"article\" \/>\n<meta property=\"og:title\" content=\"Triquer\u00ae - Agrolac\" \/>\n<meta property=\"og:description\" content=\"Triquer\u00ae\u662f\u4e00\u79cd\u542b\u6bdb\u9709 AGLM4 \u7684 WG \u751f\u7269\u80a5\u6599\uff0c\u53ef\u4fc3\u8fdb\u6839\u7cfb\u53d1\u80b2\u3001\u517b\u5206\u5438\u6536\u548c\u4f5c\u7269\u751f\u957f\u3002\" \/>\n<meta property=\"og:url\" content=\"https:\/\/www.agrolac.com\/zh-hans\/producto\/triquer\/\" \/>\n<meta property=\"og:site_name\" content=\"Agrolac\" \/>\n<meta property=\"article:modified_time\" content=\"2026-03-05T00:38:02+00:00\" \/>\n<meta property=\"og:image\" content=\"https:\/\/www.agrolac.com\/wp-content\/uploads\/2025\/10\/Agrolarix-tratamiento-campo.webp\" \/>\n\t<meta property=\"og:image:width\" content=\"1500\" \/>\n\t<meta property=\"og:image:height\" content=\"1123\" \/>\n\t<meta property=\"og:image:type\" content=\"image\/webp\" \/>\n<meta name=\"twitter:card\" content=\"summary_large_image\" \/>\n<script type=\"application\/ld+json\" class=\"yoast-schema-graph\">{\"@context\":\"https:\/\/schema.org\",\"@graph\":[{\"@type\":\"WebPage\",\"@id\":\"https:\/\/www.agrolac.com\/zh-hans\/producto\/triquer\/\",\"url\":\"https:\/\/www.agrolac.com\/zh-hans\/producto\/triquer\/\",\"name\":\"Triquer\u00ae - Agrolac\",\"isPartOf\":{\"@id\":\"https:\/\/www.agrolac.com\/zh-hans\/#website\"},\"primaryImageOfPage\":{\"@id\":\"https:\/\/www.agrolac.com\/zh-hans\/producto\/triquer\/#primaryimage\"},\"image\":{\"@id\":\"https:\/\/www.agrolac.com\/zh-hans\/producto\/triquer\/#primaryimage\"},\"thumbnailUrl\":\"https:\/\/www.agrolac.com\/wp-content\/uploads\/2025\/10\/Agrolarix-tratamiento-campo.webp\",\"datePublished\":\"2026-01-08T21:33:05+00:00\",\"dateModified\":\"2026-03-05T00:38:02+00:00\",\"description\":\"Triquer\u00ae\u662f\u4e00\u79cd\u542b\u6bdb\u9709 AGLM4 \u7684 WG \u751f\u7269\u80a5\u6599\uff0c\u53ef\u4fc3\u8fdb\u6839\u7cfb\u53d1\u80b2\u3001\u517b\u5206\u5438\u6536\u548c\u4f5c\u7269\u751f\u957f\u3002\",\"breadcrumb\":{\"@id\":\"https:\/\/www.agrolac.com\/zh-hans\/producto\/triquer\/#breadcrumb\"},\"inLanguage\":\"zh-CN\",\"potentialAction\":[{\"@type\":\"ReadAction\",\"target\":[\"https:\/\/www.agrolac.com\/zh-hans\/producto\/triquer\/\"]}]},{\"@type\":\"ImageObject\",\"inLanguage\":\"zh-CN\",\"@id\":\"https:\/\/www.agrolac.com\/zh-hans\/producto\/triquer\/#primaryimage\",\"url\":\"https:\/\/www.agrolac.com\/wp-content\/uploads\/2025\/10\/Agrolarix-tratamiento-campo.webp\",\"contentUrl\":\"https:\/\/www.agrolac.com\/wp-content\/uploads\/2025\/10\/Agrolarix-tratamiento-campo.webp\",\"width\":1500,\"height\":1123},{\"@type\":\"BreadcrumbList\",\"@id\":\"https:\/\/www.agrolac.com\/zh-hans\/producto\/triquer\/#breadcrumb\",\"itemListElement\":[{\"@type\":\"ListItem\",\"position\":1,\"name\":\"\u9996\u9875\",\"item\":\"https:\/\/www.agrolac.com\/zh-hans\/%e9%a6%96%e9%a1%b5\/\"},{\"@type\":\"ListItem\",\"position\":2,\"name\":\"\u4ea7\u54c1\",\"item\":\"https:\/\/www.agrolac.com\/zh-hans\/%e4%ba%a7%e5%93%81\/\"},{\"@type\":\"ListItem\",\"position\":3,\"name\":\"\u80a5\u6599\",\"item\":\"https:\/\/www.agrolac.com\/zh-hans\/categoria-producto\/%e8%82%a5%e6%96%99\/\"},{\"@type\":\"ListItem\",\"position\":4,\"name\":\"Triquer\u00ae\"}]},{\"@type\":\"WebSite\",\"@id\":\"https:\/\/www.agrolac.com\/zh-hans\/#website\",\"url\":\"https:\/\/www.agrolac.com\/zh-hans\/\",\"name\":\"VICORQUIMIA\",\"description\":\"Agrolac \u00e9s una empresa de Barcelona, fundada el 1982, especialitzada en distribuci\u00f3 de productes agroqu\u00edmics per a l&#039;agricultura europea.\",\"publisher\":{\"@id\":\"https:\/\/www.agrolac.com\/zh-hans\/#organization\"},\"potentialAction\":[{\"@type\":\"SearchAction\",\"target\":{\"@type\":\"EntryPoint\",\"urlTemplate\":\"https:\/\/www.agrolac.com\/zh-hans\/?s={search_term_string}\"},\"query-input\":{\"@type\":\"PropertyValueSpecification\",\"valueRequired\":true,\"valueName\":\"search_term_string\"}}],\"inLanguage\":\"zh-CN\"},{\"@type\":\"Organization\",\"@id\":\"https:\/\/www.agrolac.com\/zh-hans\/#organization\",\"name\":\"VICORQUIMIA\",\"url\":\"https:\/\/www.agrolac.com\/zh-hans\/\",\"logo\":{\"@type\":\"ImageObject\",\"inLanguage\":\"zh-CN\",\"@id\":\"https:\/\/www.agrolac.com\/zh-hans\/#\/schema\/logo\/image\/\",\"url\":\"https:\/\/www.agrolac.com\/wp-content\/uploads\/2025\/10\/agrolac-logo.svg\",\"contentUrl\":\"https:\/\/www.agrolac.com\/wp-content\/uploads\/2025\/10\/agrolac-logo.svg\",\"caption\":\"VICORQUIMIA\"},\"image\":{\"@id\":\"https:\/\/www.agrolac.com\/zh-hans\/#\/schema\/logo\/image\/\"},\"sameAs\":[\"https:\/\/www.linkedin.com\/company\/vicorquimia\/\"]}]}<\/script>\n<!-- \/ Yoast SEO plugin. -->","yoast_head_json":{"title":"Triquer\u00ae - Agrolac","description":"Triquer\u00ae\u662f\u4e00\u79cd\u542b\u6bdb\u9709 AGLM4 \u7684 WG \u751f\u7269\u80a5\u6599\uff0c\u53ef\u4fc3\u8fdb\u6839\u7cfb\u53d1\u80b2\u3001\u517b\u5206\u5438\u6536\u548c\u4f5c\u7269\u751f\u957f\u3002","robots":{"index":"index","follow":"follow","max-snippet":"max-snippet:-1","max-image-preview":"max-image-preview:large","max-video-preview":"max-video-preview:-1"},"canonical":"https:\/\/www.agrolac.com\/zh-hans\/producto\/triquer\/","og_locale":"zh_CN","og_type":"article","og_title":"Triquer\u00ae - Agrolac","og_description":"Triquer\u00ae\u662f\u4e00\u79cd\u542b\u6bdb\u9709 AGLM4 \u7684 WG \u751f\u7269\u80a5\u6599\uff0c\u53ef\u4fc3\u8fdb\u6839\u7cfb\u53d1\u80b2\u3001\u517b\u5206\u5438\u6536\u548c\u4f5c\u7269\u751f\u957f\u3002","og_url":"https:\/\/www.agrolac.com\/zh-hans\/producto\/triquer\/","og_site_name":"Agrolac","article_modified_time":"2026-03-05T00:38:02+00:00","og_image":[{"width":1500,"height":1123,"url":"https:\/\/www.agrolac.com\/wp-content\/uploads\/2025\/10\/Agrolarix-tratamiento-campo.webp","type":"image\/webp"}],"twitter_card":"summary_large_image","schema":{"@context":"https:\/\/schema.org","@graph":[{"@type":"WebPage","@id":"https:\/\/www.agrolac.com\/zh-hans\/producto\/triquer\/","url":"https:\/\/www.agrolac.com\/zh-hans\/producto\/triquer\/","name":"Triquer\u00ae - Agrolac","isPartOf":{"@id":"https:\/\/www.agrolac.com\/zh-hans\/#website"},"primaryImageOfPage":{"@id":"https:\/\/www.agrolac.com\/zh-hans\/producto\/triquer\/#primaryimage"},"image":{"@id":"https:\/\/www.agrolac.com\/zh-hans\/producto\/triquer\/#primaryimage"},"thumbnailUrl":"https:\/\/www.agrolac.com\/wp-content\/uploads\/2025\/10\/Agrolarix-tratamiento-campo.webp","datePublished":"2026-01-08T21:33:05+00:00","dateModified":"2026-03-05T00:38:02+00:00","description":"Triquer\u00ae\u662f\u4e00\u79cd\u542b\u6bdb\u9709 AGLM4 \u7684 WG \u751f\u7269\u80a5\u6599\uff0c\u53ef\u4fc3\u8fdb\u6839\u7cfb\u53d1\u80b2\u3001\u517b\u5206\u5438\u6536\u548c\u4f5c\u7269\u751f\u957f\u3002","breadcrumb":{"@id":"https:\/\/www.agrolac.com\/zh-hans\/producto\/triquer\/#breadcrumb"},"inLanguage":"zh-CN","potentialAction":[{"@type":"ReadAction","target":["https:\/\/www.agrolac.com\/zh-hans\/producto\/triquer\/"]}]},{"@type":"ImageObject","inLanguage":"zh-CN","@id":"https:\/\/www.agrolac.com\/zh-hans\/producto\/triquer\/#primaryimage","url":"https:\/\/www.agrolac.com\/wp-content\/uploads\/2025\/10\/Agrolarix-tratamiento-campo.webp","contentUrl":"https:\/\/www.agrolac.com\/wp-content\/uploads\/2025\/10\/Agrolarix-tratamiento-campo.webp","width":1500,"height":1123},{"@type":"BreadcrumbList","@id":"https:\/\/www.agrolac.com\/zh-hans\/producto\/triquer\/#breadcrumb","itemListElement":[{"@type":"ListItem","position":1,"name":"\u9996\u9875","item":"https:\/\/www.agrolac.com\/zh-hans\/%e9%a6%96%e9%a1%b5\/"},{"@type":"ListItem","position":2,"name":"\u4ea7\u54c1","item":"https:\/\/www.agrolac.com\/zh-hans\/%e4%ba%a7%e5%93%81\/"},{"@type":"ListItem","position":3,"name":"\u80a5\u6599","item":"https:\/\/www.agrolac.com\/zh-hans\/categoria-producto\/%e8%82%a5%e6%96%99\/"},{"@type":"ListItem","position":4,"name":"Triquer\u00ae"}]},{"@type":"WebSite","@id":"https:\/\/www.agrolac.com\/zh-hans\/#website","url":"https:\/\/www.agrolac.com\/zh-hans\/","name":"VICORQUIMIA","description":"Agrolac \u00e9s una empresa de Barcelona, fundada el 1982, especialitzada en distribuci\u00f3 de productes agroqu\u00edmics per a l&#039;agricultura europea.","publisher":{"@id":"https:\/\/www.agrolac.com\/zh-hans\/#organization"},"potentialAction":[{"@type":"SearchAction","target":{"@type":"EntryPoint","urlTemplate":"https:\/\/www.agrolac.com\/zh-hans\/?s={search_term_string}"},"query-input":{"@type":"PropertyValueSpecification","valueRequired":true,"valueName":"search_term_string"}}],"inLanguage":"zh-CN"},{"@type":"Organization","@id":"https:\/\/www.agrolac.com\/zh-hans\/#organization","name":"VICORQUIMIA","url":"https:\/\/www.agrolac.com\/zh-hans\/","logo":{"@type":"ImageObject","inLanguage":"zh-CN","@id":"https:\/\/www.agrolac.com\/zh-hans\/#\/schema\/logo\/image\/","url":"https:\/\/www.agrolac.com\/wp-content\/uploads\/2025\/10\/agrolac-logo.svg","contentUrl":"https:\/\/www.agrolac.com\/wp-content\/uploads\/2025\/10\/agrolac-logo.svg","caption":"VICORQUIMIA"},"image":{"@id":"https:\/\/www.agrolac.com\/zh-hans\/#\/schema\/logo\/image\/"},"sameAs":["https:\/\/www.linkedin.com\/company\/vicorquimia\/"]}]}},"_links":{"self":[{"href":"https:\/\/www.agrolac.com\/zh-hans\/wp-json\/wp\/v2\/product\/7594","targetHints":{"allow":["GET"]}}],"collection":[{"href":"https:\/\/www.agrolac.com\/zh-hans\/wp-json\/wp\/v2\/product"}],"about":[{"href":"https:\/\/www.agrolac.com\/zh-hans\/wp-json\/wp\/v2\/types\/product"}],"replies":[{"embeddable":true,"href":"https:\/\/www.agrolac.com\/zh-hans\/wp-json\/wp\/v2\/comments?post=7594"}],"wp:featuredmedia":[{"embeddable":true,"href":"https:\/\/www.agrolac.com\/zh-hans\/wp-json\/wp\/v2\/media\/5634"}],"wp:attachment":[{"href":"https:\/\/www.agrolac.com\/zh-hans\/wp-json\/wp\/v2\/media?parent=7594"}],"wp:term":[{"taxonomy":"certificacion","embeddable":true,"href":"https:\/\/www.agrolac.com\/zh-hans\/wp-json\/wp\/v2\/certificacion?post=7594"},{"taxonomy":"cultivo","embeddable":true,"href":"https:\/\/www.agrolac.com\/zh-hans\/wp-json\/wp\/v2\/cultivo?post=7594"},{"taxonomy":"product_brand","embeddable":true,"href":"https:\/\/www.agrolac.com\/zh-hans\/wp-json\/wp\/v2\/product_brand?post=7594"},{"taxonomy":"product_cat","embeddable":true,"href":"https:\/\/www.agrolac.com\/zh-hans\/wp-json\/wp\/v2\/product_cat?post=7594"},{"taxonomy":"product_tag","embeddable":true,"href":"https:\/\/www.agrolac.com\/zh-hans\/wp-json\/wp\/v2\/product_tag?post=7594"}],"curies":[{"name":"wp","href":"https:\/\/api.w.org\/{rel}","templated":true}]}}