{"id":7522,"date":"2025-09-19T08:16:41","date_gmt":"2025-09-19T06:16:41","guid":{"rendered":"https:\/\/www.agrolac.com\/%e6%88%91%e7%9a%84%e8%b4%a6%e6%88%b7\/"},"modified":"2026-03-01T11:55:11","modified_gmt":"2026-03-01T10:55:11","slug":"%e6%88%91%e7%9a%84%e8%b4%a6%e6%88%b7","status":"publish","type":"page","link":"https:\/\/www.agrolac.com\/zh-hans\/%e6%88%91%e7%9a%84%e8%b4%a6%e6%88%b7\/","title":{"rendered":"\u6211\u7684\u8d26\u6237"},"content":{"rendered":"<div class=\"woocommerce\"><\/div>\n","protected":false},"excerpt":{"rendered":"","protected":false},"author":3,"featured_media":0,"parent":0,"menu_order":0,"comment_status":"closed","ping_status":"closed","template":"","meta":{"_acf_changed":false,"_joinchat":[],"footnotes":""},"class_list":["post-7522","page","type-page","status-publish","hentry"],"acf":[],"yoast_head":"<!-- This site is optimized with the Yoast SEO plugin v27.1.1 - https:\/\/yoast.com\/product\/yoast-seo-wordpress\/ -->\n<title>\u6211\u7684\u8d26\u6237 - Agrolac<\/title>\n<meta name=\"robots\" content=\"index, follow, max-snippet:-1, max-image-preview:large, max-video-preview:-1\" \/>\n<link rel=\"canonical\" href=\"https:\/\/www.agrolac.com\/zh-hans\/%e6%88%91%e7%9a%84%e8%b4%a6%e6%88%b7\/\" \/>\n<meta property=\"og:locale\" content=\"zh_CN\" \/>\n<meta property=\"og:type\" content=\"article\" \/>\n<meta property=\"og:title\" content=\"\u6211\u7684\u8d26\u6237 - Agrolac\" \/>\n<meta property=\"og:url\" content=\"https:\/\/www.agrolac.com\/zh-hans\/%e6%88%91%e7%9a%84%e8%b4%a6%e6%88%b7\/\" \/>\n<meta property=\"og:site_name\" content=\"Agrolac\" \/>\n<meta property=\"article:modified_time\" content=\"2026-03-01T10:55:11+00:00\" \/>\n<meta name=\"twitter:card\" content=\"summary_large_image\" \/>\n<script type=\"application\/ld+json\" class=\"yoast-schema-graph\">{\"@context\":\"https:\/\/schema.org\",\"@graph\":[{\"@type\":\"WebPage\",\"@id\":\"https:\/\/www.agrolac.com\/zh-hans\/%e6%88%91%e7%9a%84%e8%b4%a6%e6%88%b7\/\",\"url\":\"https:\/\/www.agrolac.com\/zh-hans\/%e6%88%91%e7%9a%84%e8%b4%a6%e6%88%b7\/\",\"name\":\"\u6211\u7684\u8d26\u6237 - Agrolac\",\"isPartOf\":{\"@id\":\"https:\/\/www.agrolac.com\/zh-hans\/#website\"},\"datePublished\":\"2025-09-19T06:16:41+00:00\",\"dateModified\":\"2026-03-01T10:55:11+00:00\",\"breadcrumb\":{\"@id\":\"https:\/\/www.agrolac.com\/zh-hans\/%e6%88%91%e7%9a%84%e8%b4%a6%e6%88%b7\/#breadcrumb\"},\"inLanguage\":\"zh-CN\",\"potentialAction\":[{\"@type\":\"ReadAction\",\"target\":[\"https:\/\/www.agrolac.com\/zh-hans\/%e6%88%91%e7%9a%84%e8%b4%a6%e6%88%b7\/\"]}]},{\"@type\":\"BreadcrumbList\",\"@id\":\"https:\/\/www.agrolac.com\/zh-hans\/%e6%88%91%e7%9a%84%e8%b4%a6%e6%88%b7\/#breadcrumb\",\"itemListElement\":[{\"@type\":\"ListItem\",\"position\":1,\"name\":\"\u9996\u9875\",\"item\":\"https:\/\/www.agrolac.com\/zh-hans\/%e9%a6%96%e9%a1%b5\/\"},{\"@type\":\"ListItem\",\"position\":2,\"name\":\"\u6211\u7684\u8d26\u6237\"}]},{\"@type\":\"WebSite\",\"@id\":\"https:\/\/www.agrolac.com\/zh-hans\/#website\",\"url\":\"https:\/\/www.agrolac.com\/zh-hans\/\",\"name\":\"VICORQUIMIA\",\"description\":\"Agrolac \u00e9s una empresa de Barcelona, fundada el 1982, especialitzada en distribuci\u00f3 de productes agroqu\u00edmics per a l&#039;agricultura europea.\",\"publisher\":{\"@id\":\"https:\/\/www.agrolac.com\/zh-hans\/#organization\"},\"potentialAction\":[{\"@type\":\"SearchAction\",\"target\":{\"@type\":\"EntryPoint\",\"urlTemplate\":\"https:\/\/www.agrolac.com\/zh-hans\/?s={search_term_string}\"},\"query-input\":{\"@type\":\"PropertyValueSpecification\",\"valueRequired\":true,\"valueName\":\"search_term_string\"}}],\"inLanguage\":\"zh-CN\"},{\"@type\":\"Organization\",\"@id\":\"https:\/\/www.agrolac.com\/zh-hans\/#organization\",\"name\":\"VICORQUIMIA\",\"url\":\"https:\/\/www.agrolac.com\/zh-hans\/\",\"logo\":{\"@type\":\"ImageObject\",\"inLanguage\":\"zh-CN\",\"@id\":\"https:\/\/www.agrolac.com\/zh-hans\/#\/schema\/logo\/image\/\",\"url\":\"https:\/\/www.agrolac.com\/wp-content\/uploads\/2025\/10\/agrolac-logo.svg\",\"contentUrl\":\"https:\/\/www.agrolac.com\/wp-content\/uploads\/2025\/10\/agrolac-logo.svg\",\"caption\":\"VICORQUIMIA\"},\"image\":{\"@id\":\"https:\/\/www.agrolac.com\/zh-hans\/#\/schema\/logo\/image\/\"},\"sameAs\":[\"https:\/\/www.linkedin.com\/company\/vicorquimia\/\"]}]}<\/script>\n<!-- \/ Yoast SEO plugin. -->","yoast_head_json":{"title":"\u6211\u7684\u8d26\u6237 - Agrolac","robots":{"index":"index","follow":"follow","max-snippet":"max-snippet:-1","max-image-preview":"max-image-preview:large","max-video-preview":"max-video-preview:-1"},"canonical":"https:\/\/www.agrolac.com\/zh-hans\/%e6%88%91%e7%9a%84%e8%b4%a6%e6%88%b7\/","og_locale":"zh_CN","og_type":"article","og_title":"\u6211\u7684\u8d26\u6237 - Agrolac","og_url":"https:\/\/www.agrolac.com\/zh-hans\/%e6%88%91%e7%9a%84%e8%b4%a6%e6%88%b7\/","og_site_name":"Agrolac","article_modified_time":"2026-03-01T10:55:11+00:00","twitter_card":"summary_large_image","schema":{"@context":"https:\/\/schema.org","@graph":[{"@type":"WebPage","@id":"https:\/\/www.agrolac.com\/zh-hans\/%e6%88%91%e7%9a%84%e8%b4%a6%e6%88%b7\/","url":"https:\/\/www.agrolac.com\/zh-hans\/%e6%88%91%e7%9a%84%e8%b4%a6%e6%88%b7\/","name":"\u6211\u7684\u8d26\u6237 - Agrolac","isPartOf":{"@id":"https:\/\/www.agrolac.com\/zh-hans\/#website"},"datePublished":"2025-09-19T06:16:41+00:00","dateModified":"2026-03-01T10:55:11+00:00","breadcrumb":{"@id":"https:\/\/www.agrolac.com\/zh-hans\/%e6%88%91%e7%9a%84%e8%b4%a6%e6%88%b7\/#breadcrumb"},"inLanguage":"zh-CN","potentialAction":[{"@type":"ReadAction","target":["https:\/\/www.agrolac.com\/zh-hans\/%e6%88%91%e7%9a%84%e8%b4%a6%e6%88%b7\/"]}]},{"@type":"BreadcrumbList","@id":"https:\/\/www.agrolac.com\/zh-hans\/%e6%88%91%e7%9a%84%e8%b4%a6%e6%88%b7\/#breadcrumb","itemListElement":[{"@type":"ListItem","position":1,"name":"\u9996\u9875","item":"https:\/\/www.agrolac.com\/zh-hans\/%e9%a6%96%e9%a1%b5\/"},{"@type":"ListItem","position":2,"name":"\u6211\u7684\u8d26\u6237"}]},{"@type":"WebSite","@id":"https:\/\/www.agrolac.com\/zh-hans\/#website","url":"https:\/\/www.agrolac.com\/zh-hans\/","name":"VICORQUIMIA","description":"Agrolac \u00e9s una empresa de Barcelona, fundada el 1982, especialitzada en distribuci\u00f3 de productes agroqu\u00edmics per a l&#039;agricultura europea.","publisher":{"@id":"https:\/\/www.agrolac.com\/zh-hans\/#organization"},"potentialAction":[{"@type":"SearchAction","target":{"@type":"EntryPoint","urlTemplate":"https:\/\/www.agrolac.com\/zh-hans\/?s={search_term_string}"},"query-input":{"@type":"PropertyValueSpecification","valueRequired":true,"valueName":"search_term_string"}}],"inLanguage":"zh-CN"},{"@type":"Organization","@id":"https:\/\/www.agrolac.com\/zh-hans\/#organization","name":"VICORQUIMIA","url":"https:\/\/www.agrolac.com\/zh-hans\/","logo":{"@type":"ImageObject","inLanguage":"zh-CN","@id":"https:\/\/www.agrolac.com\/zh-hans\/#\/schema\/logo\/image\/","url":"https:\/\/www.agrolac.com\/wp-content\/uploads\/2025\/10\/agrolac-logo.svg","contentUrl":"https:\/\/www.agrolac.com\/wp-content\/uploads\/2025\/10\/agrolac-logo.svg","caption":"VICORQUIMIA"},"image":{"@id":"https:\/\/www.agrolac.com\/zh-hans\/#\/schema\/logo\/image\/"},"sameAs":["https:\/\/www.linkedin.com\/company\/vicorquimia\/"]}]}},"_links":{"self":[{"href":"https:\/\/www.agrolac.com\/zh-hans\/wp-json\/wp\/v2\/pages\/7522","targetHints":{"allow":["GET"]}}],"collection":[{"href":"https:\/\/www.agrolac.com\/zh-hans\/wp-json\/wp\/v2\/pages"}],"about":[{"href":"https:\/\/www.agrolac.com\/zh-hans\/wp-json\/wp\/v2\/types\/page"}],"author":[{"embeddable":true,"href":"https:\/\/www.agrolac.com\/zh-hans\/wp-json\/wp\/v2\/users\/3"}],"replies":[{"embeddable":true,"href":"https:\/\/www.agrolac.com\/zh-hans\/wp-json\/wp\/v2\/comments?post=7522"}],"version-history":[{"count":0,"href":"https:\/\/www.agrolac.com\/zh-hans\/wp-json\/wp\/v2\/pages\/7522\/revisions"}],"wp:attachment":[{"href":"https:\/\/www.agrolac.com\/zh-hans\/wp-json\/wp\/v2\/media?parent=7522"}],"curies":[{"name":"wp","href":"https:\/\/api.w.org\/{rel}","templated":true}]}}