{"id":2149,"date":"2023-04-27T16:46:31","date_gmt":"2023-04-27T14:46:31","guid":{"rendered":"https:\/\/www.agrolac.com\/%e8%81%94%e7%b3%bb%e6%96%b9%e5%bc%8f\/"},"modified":"2026-03-04T00:15:07","modified_gmt":"2026-03-03T23:15:07","slug":"%e8%81%94%e7%b3%bb%e6%96%b9%e5%bc%8f","status":"publish","type":"page","link":"https:\/\/www.agrolac.com\/zh-hans\/%e8%81%94%e7%b3%bb%e6%96%b9%e5%bc%8f\/","title":{"rendered":"\u8054\u7cfb\u65b9\u5f0f"},"content":{"rendered":"\t\t<div data-elementor-type=\"wp-page\" data-elementor-id=\"2149\" class=\"elementor elementor-2149 elementor-284\" data-elementor-post-type=\"page\">\n\t\t\t\t<div class=\"elementor-element elementor-element-ef4f9e5 e-grid e-con-boxed e-con e-parent\" data-id=\"ef4f9e5\" data-element_type=\"container\" data-e-type=\"container\">\n\t\t\t\t\t<div class=\"e-con-inner\">\n\t\t\t\t<div class=\"elementor-element elementor-element-7d7c13e elementor-widget elementor-widget-text-editor\" data-id=\"7d7c13e\" data-element_type=\"widget\" data-e-type=\"widget\" data-widget_type=\"text-editor.default\">\n\t\t\t\t\t\t\t\t\t<h4>\u4e2d\u592e\u529e\u4e8b\u5904<\/h4><p>Av. dels Vents 9-13, Escalera A 6o 1a Badalona 08917 (Barcelona &#8211; ES)<\/p><p><strong>\u7535\u8bdd<\/strong> <a href=\"tel:+34932011222\">(+34) 932 011 222<\/a><\/p><p><a href=\"mailto:info@vicorquimia.com\">info@agrolac.com<\/a><\/p><p><strong>\u5546\u4e1a\uff1a<\/strong> <a href=\"mailto:comercial@vicorquimia.com\">comercial@agrolac.com<\/a><\/p><p><strong>\u7269\u6d41\uff1a<\/strong> <a href=\"mailto:logistica@vicorquimia.com\">logistica@agrolac.com<\/a><\/p><p><strong>\u4f1a\u8ba1\uff1a<\/strong> <a href=\"mailto:contabilidad@vicorquimia.com\">contabilidad@agrolac.com<\/a><\/p>\t\t\t\t\t\t\t\t<\/div>\n\t\t<div class=\"elementor-element elementor-element-eca547b e-con-full e-flex e-con e-child\" data-id=\"eca547b\" data-element_type=\"container\" data-e-type=\"container\">\n\t\t\t\t<div class=\"elementor-element elementor-element-8728e65 elementor-widget elementor-widget-google_maps\" data-id=\"8728e65\" data-element_type=\"widget\" data-e-type=\"widget\" data-widget_type=\"google_maps.default\">\n\t\t\t\t\t\t\t<div class=\"elementor-custom-embed\">\n\t\t\t<iframe loading=\"lazy\"\n\t\t\t\t\tsrc=\"https:\/\/maps.google.com\/maps?q=Av.%20dels%20Vents%209%2C%20%20Badalona%2008917%20%28Barcelona%20%E2%80%93%20ES%29&#038;t=m&#038;z=18&#038;output=embed&#038;iwloc=near\"\n\t\t\t\t\ttitle=\"Av. dels Vents 9,  Badalona 08917 (Barcelona \u2013 ES)\"\n\t\t\t\t\taria-label=\"Av. dels Vents 9,  Badalona 08917 (Barcelona \u2013 ES)\"\n\t\t\t><\/iframe>\n\t\t<\/div>\n\t\t\t\t\t\t<\/div>\n\t\t\t\t<\/div>\n\t\t\t\t\t<\/div>\n\t\t\t\t<\/div>\n\t\t<div class=\"elementor-element elementor-element-2dd61c1 e-flex e-con-boxed e-con e-parent\" data-id=\"2dd61c1\" data-element_type=\"container\" data-e-type=\"container\">\n\t\t\t\t\t<div class=\"e-con-inner\">\n\t\t<div class=\"elementor-element elementor-element-e386b96 e-con-full e-flex e-con e-child\" data-id=\"e386b96\" data-element_type=\"container\" data-e-type=\"container\">\n\t\t<div class=\"elementor-element elementor-element-2208341 e-con-full e-flex e-con e-child\" data-id=\"2208341\" data-element_type=\"container\" data-e-type=\"container\">\n\t\t\t\t<div class=\"elementor-element elementor-element-7964802 elementor-widget elementor-widget-heading\" data-id=\"7964802\" data-element_type=\"widget\" data-e-type=\"widget\" data-widget_type=\"heading.default\">\n\t\t\t\t\t<h2 class=\"elementor-heading-title elementor-size-default\">\u5411\u6211\u4eec\u53d1\u9001\u60a8\u7684\u8be2\u95ee<\/h2>\t\t\t\t<\/div>\n\t\t\t\t<div class=\"elementor-element elementor-element-0109ed1 elementor-widget elementor-widget-text-editor\" data-id=\"0109ed1\" data-element_type=\"widget\" data-e-type=\"widget\" data-widget_type=\"text-editor.default\">\n\t\t\t\t\t\t\t\t\t<p>\u8bf7\u586b\u5199\u8868\u683c\uff0c\u6211\u4eec\u5c06\u5c3d\u5feb\u4e0e\u60a8\u8054\u7cfb\u3002\u6211\u4eec\u5c06\u7aed\u8bda\u4e3a\u60a8\u670d\u52a1\u3002 <\/p>\t\t\t\t\t\t\t\t<\/div>\n\t\t\t\t<div class=\"elementor-element elementor-element-b14184f elementor-widget elementor-widget-wpforms\" data-id=\"b14184f\" data-element_type=\"widget\" data-e-type=\"widget\" data-widget_type=\"wpforms.default\">\n\t\t\t\t<div class=\"elementor-widget-container\">\n\t\t\t\t\t<div class=\"wpforms-container wpforms-container-full wpforms-render-modern\" id=\"wpforms-8498\"><form id=\"wpforms-form-8498\" class=\"wpforms-validate wpforms-form wpforms-ajax-form\" data-formid=\"8498\" method=\"post\" enctype=\"multipart\/form-data\" action=\"\/zh-hans\/wp-json\/wp\/v2\/pages\/2149\" data-token=\"e7faf551ecb1957e0097889583a49a1d\" data-token-time=\"1776805275\"><noscript class=\"wpforms-error-noscript\">\u8bf7\u542f\u7528\u6d4f\u89c8\u5668\u4e2d\u7684 JavaScript\uff0c\u4ee5\u586b\u5199\u672c\u8868\u3002<\/noscript><div id=\"wpforms-error-noscript\" style=\"display: none;\">\u8bf7\u542f\u7528\u6d4f\u89c8\u5668\u4e2d\u7684 JavaScript\uff0c\u4ee5\u586b\u5199\u672c\u8868\u3002<\/div><div class=\"wpforms-field-container\"><div id=\"wpforms-8498-field_1-container\" class=\"wpforms-field wpforms-field-text wpforms-first wpforms-one-third\" data-field-id=\"1\"><label class=\"wpforms-field-label\" for=\"wpforms-8498-field_1\">\u540d\u79f0 <span class=\"wpforms-required-label\" aria-hidden=\"true\">*<\/span><\/label><input type=\"text\" id=\"wpforms-8498-field_1\" class=\"wpforms-field-large wpforms-field-required\" name=\"wpforms[fields][1]\" placeholder=\"\u540d\u79f0\" aria-errormessage=\"wpforms-8498-field_1-error\" required><\/div><div id=\"wpforms-8498-field_2-container\" class=\"wpforms-field wpforms-field-email wpforms-one-third\" data-field-id=\"2\"><label class=\"wpforms-field-label\" for=\"wpforms-8498-field_2\">\u7535\u5b50\u90ae\u4ef6 <span class=\"wpforms-required-label\" aria-hidden=\"true\">*<\/span><\/label><input type=\"email\" id=\"wpforms-8498-field_2\" class=\"wpforms-field-large wpforms-field-required\" name=\"wpforms[fields][2]\" placeholder=\"\u7535\u5b50\u90ae\u4ef6\" spellcheck=\"false\" aria-errormessage=\"wpforms-8498-field_2-error\" required><\/div><div id=\"wpforms-8498-field_3-container\" class=\"wpforms-field wpforms-field-phone wpforms-one-third\" data-field-id=\"3\"><label class=\"wpforms-field-label\" for=\"wpforms-8498-field_3\">\u7535\u8bdd <span class=\"wpforms-required-label\" aria-hidden=\"true\">*<\/span><\/label><input type=\"tel\" id=\"wpforms-8498-field_3\" class=\"wpforms-field-large wpforms-field-required wpforms-smart-phone-field\" data-rule-smart-phone-field=\"true\" name=\"wpforms[fields][3]\" placeholder=\"\u7535\u8bdd\" aria-label=\"\u7535\u8bdd\" aria-errormessage=\"wpforms-8498-field_3-error\" required><\/div>\t\t<div id=\"wpforms-8498-field_5-container\"\n\t\t\tclass=\"wpforms-field wpforms-field-text\"\n\t\t\tdata-field-type=\"text\"\n\t\t\tdata-field-id=\"5\"\n\t\t\t>\n\t\t\t<label class=\"wpforms-field-label\" for=\"wpforms-8498-field_5\" >\u7535\u5b50\u90ae\u4ef6 \u7535\u8bdd \u4e13\u4e1a\u7b80\u4ecb<\/label>\n\t\t\t<input type=\"text\" id=\"wpforms-8498-field_5\" class=\"wpforms-field-medium\" name=\"wpforms[fields][5]\" >\n\t\t<\/div>\n\t\t<div id=\"wpforms-8498-field_4-container\" class=\"wpforms-field wpforms-field-checkbox wpforms-list-inline\" data-field-id=\"4\"><fieldset><legend class=\"wpforms-field-label\">\u4e13\u4e1a\u7b80\u4ecb <span class=\"wpforms-required-label\" aria-hidden=\"true\">*<\/span><\/legend><ul id=\"wpforms-8498-field_4\" class=\"wpforms-field-required\"><li class=\"choice-1 depth-1\"><input type=\"checkbox\" id=\"wpforms-8498-field_4_1\" name=\"wpforms[fields][4][]\" value=\"\u519c\u6c11\" aria-errormessage=\"wpforms-8498-field_4_1-error\" required ><label class=\"wpforms-field-label-inline\" for=\"wpforms-8498-field_4_1\">\u519c\u6c11<\/label><\/li><li class=\"choice-2 depth-1\"><input type=\"checkbox\" id=\"wpforms-8498-field_4_2\" name=\"wpforms[fields][4][]\" value=\"\u6280\u672f\u5458\/\u987e\u95ee\" aria-errormessage=\"wpforms-8498-field_4_2-error\" required ><label class=\"wpforms-field-label-inline\" for=\"wpforms-8498-field_4_2\">\u6280\u672f\u5458\/\u987e\u95ee<\/label><\/li><li class=\"choice-3 depth-1\"><input type=\"checkbox\" id=\"wpforms-8498-field_4_3\" name=\"wpforms[fields][4][]\" value=\"\u5206\u9500\u5546\/\u5408\u4f5c\u793e\" aria-errormessage=\"wpforms-8498-field_4_3-error\" required ><label class=\"wpforms-field-label-inline\" for=\"wpforms-8498-field_4_3\">\u5206\u9500\u5546\/\u5408\u4f5c\u793e<\/label><\/li><\/ul><\/fieldset><\/div><div id=\"wpforms-8498-field_6-container\" class=\"wpforms-field wpforms-field-textarea\" data-field-id=\"6\"><label class=\"wpforms-field-label\" for=\"wpforms-8498-field_6\">\u7559\u8a00 <span class=\"wpforms-required-label\" aria-hidden=\"true\">*<\/span><\/label><textarea id=\"wpforms-8498-field_6\" class=\"wpforms-field-large wpforms-field-required\" name=\"wpforms[fields][6]\" aria-errormessage=\"wpforms-8498-field_6-error\" required><\/textarea><\/div><div id=\"wpforms-8498-field_8-container\" class=\"wpforms-field wpforms-field-checkbox\" data-field-id=\"8\"><fieldset><legend class=\"wpforms-field-label wpforms-label-hide\" aria-hidden=\"false\">\u6cd5\u5f8b\u58f0\u660e <span class=\"wpforms-required-label\" aria-hidden=\"true\">*<\/span><\/legend><ul id=\"wpforms-8498-field_8\" class=\"wpforms-field-required\"><li class=\"choice-1 depth-1\"><input type=\"checkbox\" id=\"wpforms-8498-field_8_1\" name=\"wpforms[fields][8][]\" value=\"\u6211\u5df2\u9605\u8bfb\u5e76\u63a5\u53d7&lt;a href=&quot;https:\/\/www.agrolac.com\/zh-hans\/%e9%9a%90%e7%a7%81%e6%94%bf%e7%ad%96\/&quot; target=&quot;_blank&quot; rel=&quot;nofollow noopener&quot;&gt;\u9690\u79c1\u653f\u7b56&lt;\/a&gt;\u3002\" aria-errormessage=\"wpforms-8498-field_8_1-error\" required ><label class=\"wpforms-field-label-inline\" for=\"wpforms-8498-field_8_1\">\u6211\u5df2\u9605\u8bfb\u5e76\u63a5\u53d7<a href=\"https:\/\/www.agrolac.com\/zh-hans\/%e9%9a%90%e7%a7%81%e6%94%bf%e7%ad%96\/\" target=\"_blank\" rel=\"nofollow noopener\">\u9690\u79c1\u653f\u7b56<\/a>\u3002<\/label><\/li><\/ul><\/fieldset><\/div><script>\n\t\t\t\t( function() {\n\t\t\t\t\tconst style = document.createElement( 'style' );\n\t\t\t\t\tstyle.appendChild( document.createTextNode( '#wpforms-8498-field_5-container { position: absolute !important; overflow: hidden !important; display: inline !important; height: 1px !important; width: 1px !important; z-index: -1000 !important; padding: 0 !important; } #wpforms-8498-field_5-container input { visibility: hidden; } #wpforms-conversational-form-page #wpforms-8498-field_5-container label { counter-increment: none; }' ) );\n\t\t\t\t\tdocument.head.appendChild( style );\n\t\t\t\t\tdocument.currentScript?.remove();\n\t\t\t\t} )();\n\t\t\t<\/script><\/div><!-- .wpforms-field-container --><div class=\"wpforms-submit-container\" ><input type=\"hidden\" name=\"wpforms[id]\" value=\"8498\"><input type=\"hidden\" name=\"page_title\" value=\"\"><input type=\"hidden\" name=\"page_url\" value=\"https:\/\/www.agrolac.com\/zh-hans\/wp-json\/wp\/v2\/pages\/2149\"><input type=\"hidden\" name=\"url_referer\" value=\"\"><button type=\"submit\" name=\"wpforms[submit]\" id=\"wpforms-submit-8498\" class=\"wpforms-submit\" data-alt-text=\"\u53d1\u9001...\" data-submit-text=\"\u53d1\u9001\" aria-live=\"assertive\" value=\"wpforms-submit\">\u53d1\u9001<\/button><img decoding=\"async\" src=\"https:\/\/www.agrolac.com\/wp-content\/plugins\/wpforms\/assets\/images\/submit-spin.svg\" class=\"wpforms-submit-spinner\" style=\"display: none;\" width=\"26\" height=\"26\" alt=\"Loading\"><\/div><\/form><\/div>  <!-- .wpforms-container -->\t\t\t\t<\/div>\n\t\t\t\t<\/div>\n\t\t\t\t<\/div>\n\t\t\t\t<\/div>\n\t\t\t\t\t<\/div>\n\t\t\t\t<\/div>\n\t\t\t\t<\/div>\n\t\t","protected":false},"excerpt":{"rendered":"<p>\u4e2d\u592e\u529e\u4e8b\u5904 Av. dels Vents 9-13, Escalera A 6o 1a Badalona 08917 (Barcelona &#8211; ES) \u7535\u8bdd (+34) 932 011 222 info@agrolac.com \u5546\u4e1a\uff1a comercial@agrolac.com \u7269\u6d41\uff1a logistica@agrolac.com \u4f1a\u8ba1\uff1a contabilidad@agrolac.com \u5411\u6211\u4eec\u53d1\u9001\u60a8\u7684\u8be2\u95ee \u8bf7\u586b\u5199\u8868\u683c\uff0c\u6211\u4eec\u5c06\u5c3d\u5feb\u4e0e\u60a8\u8054\u7cfb\u3002\u6211\u4eec\u5c06\u7aed\u8bda\u4e3a\u60a8\u670d\u52a1\u3002 Por favor, activa JavaScript en tu navegador para completar este formulario.Por favor, activa JavaScript en tu navegador para completar este formulario. Nombre legal Mensaje Nombre *E-mail *Tel\u00e9fono [&hellip;]<\/p>\n","protected":false},"author":3,"featured_media":3514,"parent":0,"menu_order":0,"comment_status":"closed","ping_status":"closed","template":"","meta":{"_acf_changed":false,"_joinchat":[],"footnotes":""},"class_list":["post-2149","page","type-page","status-publish","has-post-thumbnail","hentry"],"acf":[],"yoast_head":"<!-- This site is optimized with the Yoast SEO plugin v27.1.1 - https:\/\/yoast.com\/product\/yoast-seo-wordpress\/ -->\n<title>\u8054\u7cfb\u65b9\u5f0f - Agrolac<\/title>\n<meta name=\"description\" content=\"\u8054\u7cfb Agrolac \u4ee5\u89e3\u51b3\u60a8\u7684\u7591\u95ee\u3001\u7d22\u53d6\u4fe1\u606f\u6216\u5f00\u59cb\u5408\u4f5c\u3002\" \/>\n<meta name=\"robots\" content=\"index, follow, max-snippet:-1, max-image-preview:large, max-video-preview:-1\" \/>\n<link rel=\"canonical\" href=\"https:\/\/www.agrolac.com\/zh-hans\/%e8%81%94%e7%b3%bb%e6%96%b9%e5%bc%8f\/\" \/>\n<meta property=\"og:locale\" content=\"zh_CN\" \/>\n<meta property=\"og:type\" content=\"article\" \/>\n<meta property=\"og:title\" content=\"\u8054\u7cfb\u65b9\u5f0f - Agrolac\" \/>\n<meta property=\"og:description\" content=\"\u8054\u7cfb Agrolac \u4ee5\u89e3\u51b3\u60a8\u7684\u7591\u95ee\u3001\u7d22\u53d6\u4fe1\u606f\u6216\u5f00\u59cb\u5408\u4f5c\u3002\" \/>\n<meta property=\"og:url\" content=\"https:\/\/www.agrolac.com\/zh-hans\/%e8%81%94%e7%b3%bb%e6%96%b9%e5%bc%8f\/\" \/>\n<meta property=\"og:site_name\" content=\"Agrolac\" \/>\n<meta property=\"article:modified_time\" content=\"2026-03-03T23:15:07+00:00\" \/>\n<meta property=\"og:image\" content=\"https:\/\/www.agrolac.com\/wp-content\/uploads\/2025\/10\/badge-producir-mas.png\" \/>\n\t<meta property=\"og:image:width\" content=\"396\" \/>\n\t<meta property=\"og:image:height\" content=\"396\" \/>\n\t<meta property=\"og:image:type\" content=\"image\/png\" \/>\n<meta name=\"twitter:card\" content=\"summary_large_image\" \/>\n<script type=\"application\/ld+json\" class=\"yoast-schema-graph\">{\"@context\":\"https:\/\/schema.org\",\"@graph\":[{\"@type\":\"WebPage\",\"@id\":\"https:\/\/www.agrolac.com\/zh-hans\/%e8%81%94%e7%b3%bb%e6%96%b9%e5%bc%8f\/\",\"url\":\"https:\/\/www.agrolac.com\/zh-hans\/%e8%81%94%e7%b3%bb%e6%96%b9%e5%bc%8f\/\",\"name\":\"\u8054\u7cfb\u65b9\u5f0f - Agrolac\",\"isPartOf\":{\"@id\":\"https:\/\/www.agrolac.com\/zh-hans\/#website\"},\"primaryImageOfPage\":{\"@id\":\"https:\/\/www.agrolac.com\/zh-hans\/%e8%81%94%e7%b3%bb%e6%96%b9%e5%bc%8f\/#primaryimage\"},\"image\":{\"@id\":\"https:\/\/www.agrolac.com\/zh-hans\/%e8%81%94%e7%b3%bb%e6%96%b9%e5%bc%8f\/#primaryimage\"},\"thumbnailUrl\":\"https:\/\/www.agrolac.com\/wp-content\/uploads\/2025\/10\/badge-producir-mas.png\",\"datePublished\":\"2023-04-27T14:46:31+00:00\",\"dateModified\":\"2026-03-03T23:15:07+00:00\",\"description\":\"\u8054\u7cfb Agrolac \u4ee5\u89e3\u51b3\u60a8\u7684\u7591\u95ee\u3001\u7d22\u53d6\u4fe1\u606f\u6216\u5f00\u59cb\u5408\u4f5c\u3002\",\"breadcrumb\":{\"@id\":\"https:\/\/www.agrolac.com\/zh-hans\/%e8%81%94%e7%b3%bb%e6%96%b9%e5%bc%8f\/#breadcrumb\"},\"inLanguage\":\"zh-CN\",\"potentialAction\":[{\"@type\":\"ReadAction\",\"target\":[\"https:\/\/www.agrolac.com\/zh-hans\/%e8%81%94%e7%b3%bb%e6%96%b9%e5%bc%8f\/\"]}]},{\"@type\":\"ImageObject\",\"inLanguage\":\"zh-CN\",\"@id\":\"https:\/\/www.agrolac.com\/zh-hans\/%e8%81%94%e7%b3%bb%e6%96%b9%e5%bc%8f\/#primaryimage\",\"url\":\"https:\/\/www.agrolac.com\/wp-content\/uploads\/2025\/10\/badge-producir-mas.png\",\"contentUrl\":\"https:\/\/www.agrolac.com\/wp-content\/uploads\/2025\/10\/badge-producir-mas.png\",\"width\":396,\"height\":396},{\"@type\":\"BreadcrumbList\",\"@id\":\"https:\/\/www.agrolac.com\/zh-hans\/%e8%81%94%e7%b3%bb%e6%96%b9%e5%bc%8f\/#breadcrumb\",\"itemListElement\":[{\"@type\":\"ListItem\",\"position\":1,\"name\":\"\u9996\u9875\",\"item\":\"https:\/\/www.agrolac.com\/zh-hans\/%e9%a6%96%e9%a1%b5\/\"},{\"@type\":\"ListItem\",\"position\":2,\"name\":\"\u8054\u7cfb\u65b9\u5f0f\"}]},{\"@type\":\"WebSite\",\"@id\":\"https:\/\/www.agrolac.com\/zh-hans\/#website\",\"url\":\"https:\/\/www.agrolac.com\/zh-hans\/\",\"name\":\"VICORQUIMIA\",\"description\":\"Agrolac \u00e9s una empresa de Barcelona, fundada el 1982, especialitzada en distribuci\u00f3 de productes agroqu\u00edmics per a l&#039;agricultura europea.\",\"publisher\":{\"@id\":\"https:\/\/www.agrolac.com\/zh-hans\/#organization\"},\"potentialAction\":[{\"@type\":\"SearchAction\",\"target\":{\"@type\":\"EntryPoint\",\"urlTemplate\":\"https:\/\/www.agrolac.com\/zh-hans\/?s={search_term_string}\"},\"query-input\":{\"@type\":\"PropertyValueSpecification\",\"valueRequired\":true,\"valueName\":\"search_term_string\"}}],\"inLanguage\":\"zh-CN\"},{\"@type\":\"Organization\",\"@id\":\"https:\/\/www.agrolac.com\/zh-hans\/#organization\",\"name\":\"VICORQUIMIA\",\"url\":\"https:\/\/www.agrolac.com\/zh-hans\/\",\"logo\":{\"@type\":\"ImageObject\",\"inLanguage\":\"zh-CN\",\"@id\":\"https:\/\/www.agrolac.com\/zh-hans\/#\/schema\/logo\/image\/\",\"url\":\"https:\/\/www.agrolac.com\/wp-content\/uploads\/2025\/10\/agrolac-logo.svg\",\"contentUrl\":\"https:\/\/www.agrolac.com\/wp-content\/uploads\/2025\/10\/agrolac-logo.svg\",\"caption\":\"VICORQUIMIA\"},\"image\":{\"@id\":\"https:\/\/www.agrolac.com\/zh-hans\/#\/schema\/logo\/image\/\"},\"sameAs\":[\"https:\/\/www.linkedin.com\/company\/vicorquimia\/\"]}]}<\/script>\n<!-- \/ Yoast SEO plugin. -->","yoast_head_json":{"title":"\u8054\u7cfb\u65b9\u5f0f - Agrolac","description":"\u8054\u7cfb Agrolac \u4ee5\u89e3\u51b3\u60a8\u7684\u7591\u95ee\u3001\u7d22\u53d6\u4fe1\u606f\u6216\u5f00\u59cb\u5408\u4f5c\u3002","robots":{"index":"index","follow":"follow","max-snippet":"max-snippet:-1","max-image-preview":"max-image-preview:large","max-video-preview":"max-video-preview:-1"},"canonical":"https:\/\/www.agrolac.com\/zh-hans\/%e8%81%94%e7%b3%bb%e6%96%b9%e5%bc%8f\/","og_locale":"zh_CN","og_type":"article","og_title":"\u8054\u7cfb\u65b9\u5f0f - Agrolac","og_description":"\u8054\u7cfb Agrolac \u4ee5\u89e3\u51b3\u60a8\u7684\u7591\u95ee\u3001\u7d22\u53d6\u4fe1\u606f\u6216\u5f00\u59cb\u5408\u4f5c\u3002","og_url":"https:\/\/www.agrolac.com\/zh-hans\/%e8%81%94%e7%b3%bb%e6%96%b9%e5%bc%8f\/","og_site_name":"Agrolac","article_modified_time":"2026-03-03T23:15:07+00:00","og_image":[{"width":396,"height":396,"url":"https:\/\/www.agrolac.com\/wp-content\/uploads\/2025\/10\/badge-producir-mas.png","type":"image\/png"}],"twitter_card":"summary_large_image","schema":{"@context":"https:\/\/schema.org","@graph":[{"@type":"WebPage","@id":"https:\/\/www.agrolac.com\/zh-hans\/%e8%81%94%e7%b3%bb%e6%96%b9%e5%bc%8f\/","url":"https:\/\/www.agrolac.com\/zh-hans\/%e8%81%94%e7%b3%bb%e6%96%b9%e5%bc%8f\/","name":"\u8054\u7cfb\u65b9\u5f0f - Agrolac","isPartOf":{"@id":"https:\/\/www.agrolac.com\/zh-hans\/#website"},"primaryImageOfPage":{"@id":"https:\/\/www.agrolac.com\/zh-hans\/%e8%81%94%e7%b3%bb%e6%96%b9%e5%bc%8f\/#primaryimage"},"image":{"@id":"https:\/\/www.agrolac.com\/zh-hans\/%e8%81%94%e7%b3%bb%e6%96%b9%e5%bc%8f\/#primaryimage"},"thumbnailUrl":"https:\/\/www.agrolac.com\/wp-content\/uploads\/2025\/10\/badge-producir-mas.png","datePublished":"2023-04-27T14:46:31+00:00","dateModified":"2026-03-03T23:15:07+00:00","description":"\u8054\u7cfb Agrolac \u4ee5\u89e3\u51b3\u60a8\u7684\u7591\u95ee\u3001\u7d22\u53d6\u4fe1\u606f\u6216\u5f00\u59cb\u5408\u4f5c\u3002","breadcrumb":{"@id":"https:\/\/www.agrolac.com\/zh-hans\/%e8%81%94%e7%b3%bb%e6%96%b9%e5%bc%8f\/#breadcrumb"},"inLanguage":"zh-CN","potentialAction":[{"@type":"ReadAction","target":["https:\/\/www.agrolac.com\/zh-hans\/%e8%81%94%e7%b3%bb%e6%96%b9%e5%bc%8f\/"]}]},{"@type":"ImageObject","inLanguage":"zh-CN","@id":"https:\/\/www.agrolac.com\/zh-hans\/%e8%81%94%e7%b3%bb%e6%96%b9%e5%bc%8f\/#primaryimage","url":"https:\/\/www.agrolac.com\/wp-content\/uploads\/2025\/10\/badge-producir-mas.png","contentUrl":"https:\/\/www.agrolac.com\/wp-content\/uploads\/2025\/10\/badge-producir-mas.png","width":396,"height":396},{"@type":"BreadcrumbList","@id":"https:\/\/www.agrolac.com\/zh-hans\/%e8%81%94%e7%b3%bb%e6%96%b9%e5%bc%8f\/#breadcrumb","itemListElement":[{"@type":"ListItem","position":1,"name":"\u9996\u9875","item":"https:\/\/www.agrolac.com\/zh-hans\/%e9%a6%96%e9%a1%b5\/"},{"@type":"ListItem","position":2,"name":"\u8054\u7cfb\u65b9\u5f0f"}]},{"@type":"WebSite","@id":"https:\/\/www.agrolac.com\/zh-hans\/#website","url":"https:\/\/www.agrolac.com\/zh-hans\/","name":"VICORQUIMIA","description":"Agrolac \u00e9s una empresa de Barcelona, fundada el 1982, especialitzada en distribuci\u00f3 de productes agroqu\u00edmics per a l&#039;agricultura europea.","publisher":{"@id":"https:\/\/www.agrolac.com\/zh-hans\/#organization"},"potentialAction":[{"@type":"SearchAction","target":{"@type":"EntryPoint","urlTemplate":"https:\/\/www.agrolac.com\/zh-hans\/?s={search_term_string}"},"query-input":{"@type":"PropertyValueSpecification","valueRequired":true,"valueName":"search_term_string"}}],"inLanguage":"zh-CN"},{"@type":"Organization","@id":"https:\/\/www.agrolac.com\/zh-hans\/#organization","name":"VICORQUIMIA","url":"https:\/\/www.agrolac.com\/zh-hans\/","logo":{"@type":"ImageObject","inLanguage":"zh-CN","@id":"https:\/\/www.agrolac.com\/zh-hans\/#\/schema\/logo\/image\/","url":"https:\/\/www.agrolac.com\/wp-content\/uploads\/2025\/10\/agrolac-logo.svg","contentUrl":"https:\/\/www.agrolac.com\/wp-content\/uploads\/2025\/10\/agrolac-logo.svg","caption":"VICORQUIMIA"},"image":{"@id":"https:\/\/www.agrolac.com\/zh-hans\/#\/schema\/logo\/image\/"},"sameAs":["https:\/\/www.linkedin.com\/company\/vicorquimia\/"]}]}},"_links":{"self":[{"href":"https:\/\/www.agrolac.com\/zh-hans\/wp-json\/wp\/v2\/pages\/2149","targetHints":{"allow":["GET"]}}],"collection":[{"href":"https:\/\/www.agrolac.com\/zh-hans\/wp-json\/wp\/v2\/pages"}],"about":[{"href":"https:\/\/www.agrolac.com\/zh-hans\/wp-json\/wp\/v2\/types\/page"}],"author":[{"embeddable":true,"href":"https:\/\/www.agrolac.com\/zh-hans\/wp-json\/wp\/v2\/users\/3"}],"replies":[{"embeddable":true,"href":"https:\/\/www.agrolac.com\/zh-hans\/wp-json\/wp\/v2\/comments?post=2149"}],"version-history":[{"count":0,"href":"https:\/\/www.agrolac.com\/zh-hans\/wp-json\/wp\/v2\/pages\/2149\/revisions"}],"wp:featuredmedia":[{"embeddable":true,"href":"https:\/\/www.agrolac.com\/zh-hans\/wp-json\/wp\/v2\/media\/3514"}],"wp:attachment":[{"href":"https:\/\/www.agrolac.com\/zh-hans\/wp-json\/wp\/v2\/media?parent=2149"}],"curies":[{"name":"wp","href":"https:\/\/api.w.org\/{rel}","templated":true}]}}