{"id":2065,"date":"2023-04-27T17:11:17","date_gmt":"2023-04-27T15:11:17","guid":{"rendered":"https:\/\/www.agrolac.com\/cookie-%e6%94%bf%e7%ad%96\/"},"modified":"2025-08-22T13:44:14","modified_gmt":"2025-08-22T11:44:14","slug":"cookie-%e6%94%bf%e7%ad%96","status":"publish","type":"page","link":"https:\/\/www.agrolac.com\/zh-hans\/cookie-%e6%94%bf%e7%ad%96\/","title":{"rendered":"Cookie \u653f\u7b56"},"content":{"rendered":"\t\t<div data-elementor-type=\"wp-page\" data-elementor-id=\"2065\" class=\"elementor elementor-2065 elementor-300\" data-elementor-post-type=\"page\">\n\t\t\t\t<div class=\"elementor-element elementor-element-4b501604 e-flex e-con-boxed e-con e-parent\" data-id=\"4b501604\" data-element_type=\"container\" data-e-type=\"container\">\n\t\t\t\t\t<div class=\"e-con-inner\">\n\t\t\t\t<div class=\"elementor-element elementor-element-9219075 elementor-widget elementor-widget-text-editor\" data-id=\"9219075\" data-element_type=\"widget\" data-e-type=\"widget\" data-widget_type=\"text-editor.default\">\n\t\t\t\t\t\t\t\t\t<p><strong>COOKIES POLICY<\/strong><\/p><p>\u6839\u636e 7 \u6708 11 \u65e5\u751f\u6548\u7684\u7b2c 34\/2002 \u53f7\u6cd5\u5f8b\u300a\u4fe1\u606f\u793e\u4f1a\u670d\u52a1\u548c\u7535\u5b50\u5546\u52a1\u6cd5\u300b\uff08LSSI-CE\uff09\u7b2c 22.2 \u6761\u7684\u89c4\u5b9a\uff0c<strong>VICORQUIMIA SA<\/strong>\u5fc5\u987b\u5c65\u884c\u544a\u77e5\u5176\u4f7f\u7528\u7684 cookies \u53ca\u5176\u76ee\u7684\u7684\u4e49\u52a1\u3002<\/p><p>\u672c\u7f51\u7ad9\u4f7f\u7528 Cookie \u548c\/\u6216\u7c7b\u4f3c\u6280\u672f\uff0c\u5728\u60a8\u6d4f\u89c8\u65f6\u5b58\u50a8\u548c\u68c0\u7d22\u4fe1\u606f\u3002Cookie \u5141\u8bb8\u7f51\u7ad9\u5b58\u50a8\u548c\u68c0\u7d22\u6709\u5173\u7528\u6237\u6216\u5176\u8bbe\u5907\u6d4f\u89c8\u4e60\u60ef\u7684\u4fe1\u606f\uff0c\u5e76\u53ef\u6839\u636e\u6240\u542b\u4fe1\u606f\u548c\u7528\u6237\u4f7f\u7528\u8bbe\u5907\u7684\u65b9\u5f0f\u8bc6\u522b\u7528\u6237\u3002 <\/p><p>Cookie \u5bf9\u4e8e\u4e92\u8054\u7f51\u7684\u8fd0\u884c\u81f3\u5173\u91cd\u8981\uff0c\u5b83\u5728\u63d0\u4f9b\u4e92\u52a8\u670d\u52a1\u65b9\u9762\u5177\u6709\u65e0\u6570\u4f18\u52bf\uff0c\u4f7f\u7528\u6237\u66f4\u5bb9\u6613\u6d4f\u89c8\u548c\u4f7f\u7528\u6211\u4eec\u7684\u7f51\u7ad9\u3002<\/p><p>\u7528\u6237\u53ef\u4ee5\u4fee\u6539\u4e2a\u6027\u5316\u914d\u7f6e <strong><a href=\"#\" data-cky-tag=\"revisit-consent\">\u8fd9\u91cc<\/a><\/strong>.<\/p><p>\u4e0b\u9762\u63d0\u4f9b\u7684\u4fe1\u606f\u5c06\u5e2e\u52a9\u60a8\u4e86\u89e3\u4e0d\u540c\u7c7b\u578b\u7684 cookie\uff1a<\/p><ul><li><strong>cookie \u7684\u7c7b\u578b  <\/strong><ul><li><strong>\u53d6\u51b3\u4e8e\u7ba1\u7406\u5b83\u4eec\u7684\u5b9e\u4f53  <\/strong><\/li><\/ul><\/li><\/ul><p style=\"padding-left: 120px;\"><strong>\u81ea\u5df1\u7684 Cookie\uff1a<\/strong>\u662f\u6307\u4ece\u7f16\u8f91\u5668\u81ea\u5df1\u7ba1\u7406\u7684\u8ba1\u7b97\u673a\u6216\u57df\u53d1\u9001\u5230\u7528\u6237\u7ec8\u7aef\u8bbe\u5907\u4e0a\u7684<strong>Cookie<\/strong>\uff0c\u7528\u6237\u6240\u8981\u6c42\u7684\u670d\u52a1\u5c31\u662f\u4ece\u8be5\u8ba1\u7b97\u673a\u6216\u57df\u63d0\u4f9b\u7684\u3002<\/p><p style=\"padding-left: 120px;\"><strong>\u7b2c\u4e09\u65b9 cookie\uff1a<\/strong>\u6307\u4ece\u975e\u7f16\u8f91\u7ba1\u7406\u7684\u8ba1\u7b97\u673a\u6216\u57df\u53d1\u9001\u5230\u7528\u6237\u7ec8\u7aef\u8bbe\u5907\u4e0a\u7684 cookie\uff0c\u7531\u5176\u4ed6\u5b9e\u4f53\u5904\u7406\u901a\u8fc7 cookie \u83b7\u53d6\u7684\u6570\u636e\u3002<\/p><ul><li style=\"list-style-type: none;\"><ul><li><strong>\u53d6\u51b3\u4e8e\u5b83\u4eec\u4fdd\u6301\u6d3b\u52a8\u7684\u65f6\u95f4\u957f\u77ed<\/strong><\/li><\/ul><\/li><\/ul><p style=\"padding-left: 120px;\"><strong>\u4f1a\u8bdd\u8bb0\u5fc6\u68d2\uff1a<\/strong>\u7528\u4e8e\u5728\u7528\u6237\u8bbf\u95ee\u7f51\u7ad9\u65f6\u6536\u96c6\u548c\u5b58\u50a8\u6570\u636e\u3002\u5b83\u4eec\u901a\u5e38\u7528\u4e8e\u5b58\u50a8\u4ec5\u5728\u63d0\u4f9b\u7528\u6237\u5355\u6b21\u8bf7\u6c42\u7684\u670d\u52a1\u65f6\u624d\u9700\u8981\u4fdd\u7559\u7684\u4fe1\u606f\uff08\u4f8b\u5982\uff0c\u8d2d\u4e70\u7684\u4ea7\u54c1\u6e05\u5355\uff09\uff0c\u5e76\u5728\u4f1a\u8bdd\u7ed3\u675f\u65f6\u6d88\u5931\u3002 <\/p><p style=\"padding-left: 120px;\"><strong>\u6301\u4e45 Cookie\uff1a<\/strong>\u662f\u6307\u6570\u636e\u7ee7\u7eed\u5b58\u50a8\u5728\u7ec8\u7aef\u4e2d\uff0c\u5e76\u53ef\u5728 Cookie \u8d1f\u8d23\u65b9\u89c4\u5b9a\u7684\u671f\u9650\u5185\u8bbf\u95ee\u548c\u5904\u7406\u7684 Cookie\uff0c\u671f\u9650\u4ece\u51e0\u5206\u949f\u5230\u51e0\u5e74\u4e0d\u7b49\u3002<\/p><ul><li style=\"list-style-type: none;\"><ul><li><strong>\u6839\u636e\u5176\u76ee\u7684  <\/strong><\/li><\/ul><\/li><\/ul><p style=\"padding-left: 120px;\"><strong>\u6280\u672f\u4fe1\u606f\u8bb0\u5f55\u7a0b\u5e8f\uff1a<\/strong>\u5141\u8bb8\u7528\u6237\u6d4f\u89c8\u7f51\u7ad9\u3001\u5e73\u53f0\u6216\u5e94\u7528\u7a0b\u5e8f\uff0c\u5e76\u4f7f\u7528\u5176\u4e2d\u7684\u4e0d\u540c\u9009\u9879\u6216\u670d\u52a1\u3002<\/p><p style=\"padding-left: 120px;\"><strong>\u81ea\u5b9a\u4e49 Cookies\uff1a<\/strong>\u5141\u8bb8\u5728\u7528\u6237\u6d4f\u89c8\u7f51\u7ad9\u65f6\u5e94\u7528\u7279\u5b9a\u7279\u5f81\uff08\u5982\u8bed\u8a00\uff09\u3002<\/p><p style=\"padding-left: 120px;\"><strong>\u5206\u6790 Cookie\uff1a<\/strong>\u8fd9\u7c7b Cookie \u5141\u8bb8\u8d1f\u8d23\u65b9\u76d1\u63a7\u548c\u5206\u6790\u6240\u94fe\u63a5\u7f51\u7ad9\u7528\u6237\u7684\u884c\u4e3a\uff0c\u5305\u62ec\u91cf\u5316\u5e7f\u544a\u7684\u5f71\u54cd\u3002\u901a\u8fc7\u6b64\u7c7b cookie \u6536\u96c6\u7684\u4fe1\u606f\u7528\u4e8e\u8861\u91cf\u7f51\u7ad9\u3001\u5e94\u7528\u7a0b\u5e8f\u6216\u5e73\u53f0\u7684\u6d3b\u52a8\uff0c\u4ee5\u4fbf\u5728\u5206\u6790\u670d\u52a1\u7528\u6237\u4f7f\u7528\u6570\u636e\u7684\u57fa\u7840\u4e0a\u8fdb\u884c\u6539\u8fdb\u3002 <\/p><p style=\"padding-left: 120px;\"><strong>\u5e7f\u544a COOKIES\uff1a<\/strong>\u6839\u636e\u7f51\u7ad9\u5185\u5bb9\uff0c\u7f16\u8f91\u53ef\u5728\u7f51\u7ad9\u4e0a\u6dfb\u52a0\u5e7f\u544a\u7a7a\u95f4\u3002<\/p><p style=\"padding-left: 120px;\"><strong>\u57fa\u4e8e\u884c\u4e3a\u7684\u5e7f\u544a Cookie\uff1a<\/strong>\u8fd9\u7c7b Cookie \u5b58\u50a8\u901a\u8fc7\u6301\u7eed\u89c2\u5bdf\u7528\u6237\u7684\u6d4f\u89c8\u4e60\u60ef\u800c\u83b7\u5f97\u7684\u7528\u6237\u884c\u4e3a\u4fe1\u606f\uff0c\u4ece\u800c\u5efa\u7acb\u7279\u5b9a\u7684\u4e2a\u4eba\u8d44\u6599\uff0c\u4ee5\u4fbf\u6839\u636e\u8fd9\u4e9b\u8d44\u6599\u663e\u793a\u5e7f\u544a\u3002<\/p><p> <\/p><p>\u6211\u4eec\u4f1a\u544a\u77e5\u60a8\u672c\u7f51\u7ad9\u4f7f\u7528\u7684 cookies \u7c7b\u578b\u53ca\u5176\u76ee\u7684\uff1a<\/p><p><strong>\u81ea\u5df1\u7684\u997c\u5e72<\/strong><\/p><p>\u6211\u4eec\u4f7f\u7528\u7684 cookie \u5305\u62ec<\/p><p>&#8211; \u4f1a\u8bdd cookie\uff0c\u5728\u7528\u6237\u79bb\u5f00\u9875\u9762\u6216\u5173\u95ed\u6d4f\u89c8\u5668\u65f6\u5931\u6548\uff1b\u6362\u53e5\u8bdd\u8bf4\uff0c\u5b83\u4eec\u5728\u7528\u6237\u8bbf\u95ee\u7f51\u7ad9\u671f\u95f4\u6709\u6548\uff0c\u56e0\u6b64\u5728\u7528\u6237\u79bb\u5f00\u65f6\u4f1a\u4ece\u6211\u4eec\u7684\u8ba1\u7b97\u673a\u4e2d\u5220\u9664\uff08\u4f8b\u5982\uff1aPHPSESSIONID\uff0c\u5bf9\u7ba1\u7406\u7f51\u7ad9\u5bfc\u822a\u81f3\u5173\u91cd\u8981\u7684\u4f1a\u8bdd cookie\uff09\u3002 <\/p><p>&#8211; \u6211\u4eec\u81ea\u5df1\u7684 cookies \u662f\u4e3a\u4e86\u66f4\u597d\u5730\u8fd0\u884c\u7f51\u7ad9\u800c\u53d1\u9001\u5230\u60a8\u7684\u8ba1\u7b97\u673a\u4e0a\u5e76\u7531\u6211\u4eec\u4e13\u95e8\u7ba1\u7406\u7684 cookies\u3002\u6211\u4eec\u6536\u96c6\u7684\u4fe1\u606f\u7528\u4e8e\u6539\u5584\u6211\u4eec\u7684\u670d\u52a1\u8d28\u91cf\u548c\u60a8\u7684\u7528\u6237\u4f53\u9a8c\u3002 <\/p><p>&#8211; \u5730\u7406\u4f4d\u7f6e cookie \u7528\u4e8e\u5b58\u50a8\u4f4d\u7f6e\u6570\u636e\uff0c\u5e76\u63d0\u4f9b\u4e2a\u6027\u5316\u7684\u5185\u5bb9\u548c\u670d\u52a1\u3002<\/p><p>&#8211; \u5206\u6790 cookie \u662f\u8c37\u6b4c\u5206\u6790 cookie\uff0c\u7528\u4e8e\u6536\u96c6\u7528\u6237\u6d4f\u89c8\u4fe1\u606f\uff08\u4e4b\u524d\u7684\u9875\u9762\u3001\u5728\u9875\u9762\u4e0a\u505c\u7559\u7684\u65f6\u95f4\u3001\u8bbf\u95ee\u8fc7\u7684\u94fe\u63a5\u7b49\uff09\u3002<\/p><p><b>\u7b2c\u4e09\u65b9\u63d2\u4ef6\u548c cookie \u7684\u4f7f\u7528<\/b><\/p><p class=\"text-secondary-dark text-md font-semibold mb-2\">\u5fc5\u8981\u7684 Cookie<\/p><div class=\"text-secondary-dark text-md mb-2\" data-testid=\"category-description\"><p>\u8fd9\u4e9b cookie \u4e0d\u5b58\u50a8\u4efb\u4f55\u4e2a\u4eba\u8eab\u4efd\u6570\u636e\u3002<\/p><\/div><p>\u4f7f\u7528\u7684\u63d2\u4ef6\u548c cookie \u5305\u62ec<\/p><table style=\"height: 278px;\" width=\"617\" cellspacing=\"0\" cellpadding=\"0\"><tbody><tr><td valign=\"bottom\">\u997c\u5e72<\/td><td valign=\"bottom\">\u6301\u7eed\u65f6\u95f4<\/td><td valign=\"bottom\">\u8bf4\u660e<\/td><\/tr><tr><td valign=\"bottom\">\u5143\u7d20<\/td><td valign=\"bottom\">\u6c38\u4e0d\u8fc7\u671f<\/td><td valign=\"bottom\">\u8be5 cookie \u7531\u7f51\u7ad9\u7684 WordPress \u4e3b\u9898\u8bbe\u7f6e\u3002\u5b83\u5141\u8bb8\u7f51\u7ad9\u6240\u6709\u8005\u5b9e\u65f6\u90e8\u7f72\u6216\u66f4\u6539\u7f51\u7ad9\u5185\u5bb9\u3002 <\/td><\/tr><tr><td valign=\"bottom\">wpEmojiSettingsSupports<\/td><td valign=\"bottom\">\u4f1a\u8bdd<\/td><td valign=\"bottom\">\u5f53\u7528\u6237\u5728 WordPress \u7f51\u7ad9\u4e0a\u4e0e\u8868\u60c5\u7b26\u53f7\u4ea4\u4e92\u65f6\uff0cWordPress \u4f1a\u8bbe\u7f6e\u6b64 cookie\u3002\u5b83\u6709\u52a9\u4e8e\u786e\u5b9a\u7528\u6237\u7684\u6d4f\u89c8\u5668\u80fd\u5426\u6b63\u786e\u663e\u793a\u8868\u60c5\u7b26\u53f7\u3002 <\/td><\/tr><tr><td valign=\"bottom\">cookieyes-consent<\/td><td valign=\"bottom\">1 \u5e74<\/td><td valign=\"bottom\">CookieYes \u8bbe\u7f6e\u6b64 cookie \u7684\u76ee\u7684\u662f\u8bb0\u4f4f\u7528\u6237\u7684\u540c\u610f\u504f\u597d\uff0c\u4ee5\u4fbf\u5728\u4ee5\u540e\u8bbf\u95ee\u672c\u7f51\u7ad9\u65f6\u5c0a\u91cd\u4ed6\u4eec\u7684\u504f\u597d\u3002\u5b83\u4e0d\u4f1a\u6536\u96c6\u6216\u5b58\u50a8\u7f51\u7ad9\u8bbf\u95ee\u8005\u7684\u4efb\u4f55\u4e2a\u4eba\u4fe1\u606f\u3002 <\/td><\/tr><tr><td valign=\"bottom\">rc::a<\/td><td valign=\"bottom\">\u6c38\u4e0d\u8fc7\u671f<\/td><td valign=\"bottom\">\u6b64 cookie \u7531 Google reCAPTCHA \u670d\u52a1\u8bbe\u7f6e\uff0c\u7528\u4e8e\u8bc6\u522b\u673a\u5668\u4eba\u5e76\u4fdd\u62a4\u7f51\u7ad9\u514d\u53d7\u6076\u610f\u5783\u573e\u90ae\u4ef6\u653b\u51fb\u3002<\/td><\/tr><tr><td valign=\"bottom\">rc::c<\/td><td valign=\"bottom\">\u4f1a\u8bdd<\/td><td valign=\"bottom\">\u6b64 cookie \u7531 Google reCAPTCHA \u670d\u52a1\u8bbe\u7f6e\uff0c\u7528\u4e8e\u8bc6\u522b\u673a\u5668\u4eba\u5e76\u4fdd\u62a4\u7f51\u7ad9\u514d\u53d7\u6076\u610f\u5783\u573e\u90ae\u4ef6\u653b\u51fb\u3002<\/td><\/tr><\/tbody><\/table><p><i>\u968f\u7740\u672c\u7f51\u7ad9\u63d0\u4f9b\u7684\u670d\u52a1\u53d1\u751f\u53d8\u5316\uff0c\u672c\u4fe1\u606f\u8868\u5c06\u5c3d\u5feb\u66f4\u65b0\u3002\u4e0d\u8fc7\uff0c\u5728\u66f4\u65b0\u8fc7\u7a0b\u4e2d\uff0c\u6709\u65f6\u4fe1\u606f\u8868\u4e2d\u53ef\u80fd\u4e0d\u5305\u62ec\u4efb\u4f55 Cookie\u3001\u6807\u7b7e\u6216\u5176\u4ed6\u7c7b\u4f3c\u7cfb\u7edf\uff0c\u8fd9\u4e9b\u7cfb\u7edf\u53ef\u5bf9\u7528\u6237\u6216\u5176\u8bbe\u5907\u8fdb\u884c\u8ddf\u8e2a\uff0c\u4f46\u5176\u76ee\u7684\u59cb\u7ec8\u4e0e\u672c\u8868\u4e2d\u7684\u7cfb\u7edf\u76f8\u540c\u3002 <\/i><\/p><p><b>\u7981\u7528 cookie<\/b><\/p><p>\u7528\u6237\u53ef\u4ee5\u6309\u7167\u6d4f\u89c8\u5668\u5e2e\u52a9\u90e8\u5206\u89c4\u5b9a\u7684\u7a0b\u5e8f\uff0c\u81ea\u7531\u51b3\u5b9a\u662f\u5426\u5c06\u6211\u4eec\u7684 Cookie \u4fdd\u5b58\u5728\u5176\u786c\u76d8\u4e0a\uff0c\u4ee5\u53ca\u662f\u5426\u5c06\u5176\u5220\u9664\u3002\u7528\u6237\u8fd8\u53ef\u4ee5\u5c06\u6d4f\u89c8\u5668\u8bbe\u7f6e\u4e3a\u9ed8\u8ba4\u63a5\u53d7\u6216\u62d2\u7edd\u6240\u6709 Cookie\uff0c\u6216\u8005\u5728\u63a5\u6536\u5230\u6bcf\u4e2a Cookie \u65f6\u5728\u5c4f\u5e55\u4e0a\u53d1\u51fa\u8b66\u544a\uff0c\u5e76\u5728\u6b64\u65f6\u51b3\u5b9a\u662f\u5426\u5c06 Cookie \u4fdd\u5b58\u5728\u786c\u76d8\u4e0a\u3002 <\/p><p>\u4e0b\u9762\uff0c\u6211\u4eec\u63d0\u4f9b\u4e86\u5404\u79cd\u6d4f\u89c8\u5668\u7684\u94fe\u63a5\uff0c\u60a8\u53ef\u4ee5\u901a\u8fc7\u8fd9\u4e9b\u94fe\u63a5\u66f4\u6539\u6d4f\u89c8\u5668\u5173\u4e8e\u4f7f\u7528 cookie \u7684\u8bbe\u7f6e\uff1a<\/p><p><strong>\u706b\u72d0  <\/strong><\/p><p><a href=\"https:\/\/support.mozilla.org\/es\/kb\/cookies-informacion-que-los-sitios-web-guardan-en\">https:\/\/support.mozilla.org\/es\/kb\/cookies-informacion-que-los-sitios-web-guardan-en<\/a><\/p><p><strong>\u94ec\uff1a  <\/strong><\/p><p><a href=\"http:\/\/support.google.com\/chrome\/bin\/answer.py?hl=es&amp;answer=95647\">http:\/\/support.google.com\/chrome\/bin\/answer.py?hl=es&amp;answer=95647<\/a><\/p><p><strong>Internet Explorer\uff1a<\/strong><\/p><p><a href=\"http:\/\/windows.microsoft.com\/es-es\/internet-explorer\/delete-manage-cookies#ie=ie-10\">http:\/\/windows.microsoft.com\/es-es\/internet-explorer\/delete-manage-cookies#ie=ie-10<\/a><\/p><p><strong>Microsoft Edge\uff1a  <\/strong><\/p><p><a href=\"https:\/\/support.microsoft.com\/es-es\/microsoft-edge\/eliminar-las-cookies-en-microsoft-edge-63947406-40ac-c3b8-57b9-2a946a29ae09\">https:\/\/support.microsoft.com\/es-es\/microsoft-edge\/eliminar-las-cookies-en-microsoft-edge-63947406-40ac-c3b8-57b9-2a946a29ae09<\/a><\/p><p><strong>\u91ce\u751f\u52a8\u7269\u56ed  <\/strong><\/p><p><a href=\"https:\/\/support.apple.com\/kb\/ph17191?locale=es_ES\">https:\/\/support.apple.com\/kb\/ph17191?locale=es_ES<\/a><\/p><p><strong>\u6b4c\u5267\u9662  <\/strong><\/p><p><a href=\"https:\/\/help.opera.com\/en\/latest\/web-preferences\/#cookies\">https:\/\/help.opera.com\/en\/latest\/web-preferences\/#cookies<\/a><\/p><p>\u6709\u5173\u4e2a\u4eba\u6570\u636e\u5904\u7406\u7684\u66f4\u591a\u4fe1\u606f\uff0c\u6211\u4eec\u5efa\u8bae\u60a8\u8bbf\u95ee\u6211\u4eec\u7684 &#8220;\u9690\u79c1\u653f\u7b56 &#8220;\u90e8\u5206\u3002<\/p><p>\u5982\u679c\u60a8\u5c06\u6d4f\u89c8\u5668\u914d\u7f6e\u4e3a\u62d2\u7edd\u6240\u6709 cookie \u6216\u62d2\u7edd\u6211\u4eec\u7684 cookie\uff0c\u60a8\u53ef\u80fd\u65e0\u6cd5\u8bbf\u95ee\u67d0\u4e9b\u670d\u52a1\uff0c\u60a8\u5728\u6211\u4eec\u7f51\u7ad9\u4e0a\u7684\u4f53\u9a8c\u4e5f\u53ef\u80fd\u4e0d\u5c3d\u5982\u4eba\u610f\u3002<\/p><p><strong>\u6700\u540e\u66f4\u65b0\u65e5\u671f\uff1a<\/strong>2024 \u5e74 12 \u6708 11 \u65e5<\/p>\t\t\t\t\t\t\t\t<\/div>\n\t\t\t\t\t<\/div>\n\t\t\t\t<\/div>\n\t\t\t\t<\/div>\n\t\t","protected":false},"excerpt":{"rendered":"<p>COOKIES POLICY \u6839\u636e 7 \u6708 11 \u65e5\u751f\u6548\u7684\u7b2c 34\/2002 \u53f7\u6cd5\u5f8b\u300a\u4fe1\u606f\u793e\u4f1a\u670d\u52a1\u548c\u7535\u5b50\u5546\u52a1\u6cd5\u300b\uff08LSSI-CE\uff09\u7b2c 22.2 \u6761\u7684\u89c4\u5b9a\uff0cVICORQUIMIA SA\u5fc5\u987b\u5c65\u884c\u544a\u77e5\u5176\u4f7f\u7528\u7684 cookies \u53ca\u5176\u76ee\u7684\u7684\u4e49\u52a1\u3002 \u672c\u7f51\u7ad9\u4f7f\u7528 Cookie \u548c\/\u6216\u7c7b\u4f3c\u6280\u672f\uff0c\u5728\u60a8\u6d4f\u89c8\u65f6\u5b58\u50a8\u548c\u68c0\u7d22\u4fe1\u606f\u3002Cookie \u5141\u8bb8\u7f51\u7ad9\u5b58\u50a8\u548c\u68c0\u7d22\u6709\u5173\u7528\u6237\u6216\u5176\u8bbe\u5907\u6d4f\u89c8\u4e60\u60ef\u7684\u4fe1\u606f\uff0c\u5e76\u53ef\u6839\u636e\u6240\u542b\u4fe1\u606f\u548c\u7528\u6237\u4f7f\u7528\u8bbe\u5907\u7684\u65b9\u5f0f\u8bc6\u522b\u7528\u6237\u3002 Cookie \u5bf9\u4e8e\u4e92\u8054\u7f51\u7684\u8fd0\u884c\u81f3\u5173\u91cd\u8981\uff0c\u5b83\u5728\u63d0\u4f9b\u4e92\u52a8\u670d\u52a1\u65b9\u9762\u5177\u6709\u65e0\u6570\u4f18\u52bf\uff0c\u4f7f\u7528\u6237\u66f4\u5bb9\u6613\u6d4f\u89c8\u548c\u4f7f\u7528\u6211\u4eec\u7684\u7f51\u7ad9\u3002 \u7528\u6237\u53ef\u4ee5\u4fee\u6539\u4e2a\u6027\u5316\u914d\u7f6e \u8fd9\u91cc. \u4e0b\u9762\u63d0\u4f9b\u7684\u4fe1\u606f\u5c06\u5e2e\u52a9\u60a8\u4e86\u89e3\u4e0d\u540c\u7c7b\u578b\u7684 cookie\uff1a cookie \u7684\u7c7b\u578b \u53d6\u51b3\u4e8e\u7ba1\u7406\u5b83\u4eec\u7684\u5b9e\u4f53 \u81ea\u5df1\u7684 Cookie\uff1a\u662f\u6307\u4ece\u7f16\u8f91\u5668\u81ea\u5df1\u7ba1\u7406\u7684\u8ba1\u7b97\u673a\u6216\u57df\u53d1\u9001\u5230\u7528\u6237\u7ec8\u7aef\u8bbe\u5907\u4e0a\u7684Cookie\uff0c\u7528\u6237\u6240\u8981\u6c42\u7684\u670d\u52a1\u5c31\u662f\u4ece\u8be5\u8ba1\u7b97\u673a\u6216\u57df\u63d0\u4f9b\u7684\u3002 \u7b2c\u4e09\u65b9 cookie\uff1a\u6307\u4ece\u975e\u7f16\u8f91\u7ba1\u7406\u7684\u8ba1\u7b97\u673a\u6216\u57df\u53d1\u9001\u5230\u7528\u6237\u7ec8\u7aef\u8bbe\u5907\u4e0a\u7684 cookie\uff0c\u7531\u5176\u4ed6\u5b9e\u4f53\u5904\u7406\u901a\u8fc7 cookie \u83b7\u53d6\u7684\u6570\u636e\u3002 \u53d6\u51b3\u4e8e\u5b83\u4eec\u4fdd\u6301\u6d3b\u52a8\u7684\u65f6\u95f4\u957f\u77ed \u4f1a\u8bdd\u8bb0\u5fc6\u68d2\uff1a\u7528\u4e8e\u5728\u7528\u6237\u8bbf\u95ee\u7f51\u7ad9\u65f6\u6536\u96c6\u548c\u5b58\u50a8\u6570\u636e\u3002\u5b83\u4eec\u901a\u5e38\u7528\u4e8e\u5b58\u50a8\u4ec5\u5728\u63d0\u4f9b\u7528\u6237\u5355\u6b21\u8bf7\u6c42\u7684\u670d\u52a1\u65f6\u624d\u9700\u8981\u4fdd\u7559\u7684\u4fe1\u606f\uff08\u4f8b\u5982\uff0c\u8d2d\u4e70\u7684\u4ea7\u54c1\u6e05\u5355\uff09\uff0c\u5e76\u5728\u4f1a\u8bdd\u7ed3\u675f\u65f6\u6d88\u5931\u3002 \u6301\u4e45 Cookie\uff1a\u662f\u6307\u6570\u636e\u7ee7\u7eed\u5b58\u50a8\u5728\u7ec8\u7aef\u4e2d\uff0c\u5e76\u53ef\u5728 Cookie \u8d1f\u8d23\u65b9\u89c4\u5b9a\u7684\u671f\u9650\u5185\u8bbf\u95ee\u548c\u5904\u7406\u7684 Cookie\uff0c\u671f\u9650\u4ece\u51e0\u5206\u949f\u5230\u51e0\u5e74\u4e0d\u7b49\u3002 \u6839\u636e\u5176\u76ee\u7684 \u6280\u672f\u4fe1\u606f\u8bb0\u5f55\u7a0b\u5e8f\uff1a\u5141\u8bb8\u7528\u6237\u6d4f\u89c8\u7f51\u7ad9\u3001\u5e73\u53f0\u6216\u5e94\u7528\u7a0b\u5e8f\uff0c\u5e76\u4f7f\u7528\u5176\u4e2d\u7684\u4e0d\u540c\u9009\u9879\u6216\u670d\u52a1\u3002 \u81ea\u5b9a\u4e49 Cookies\uff1a\u5141\u8bb8\u5728\u7528\u6237\u6d4f\u89c8\u7f51\u7ad9\u65f6\u5e94\u7528\u7279\u5b9a\u7279\u5f81\uff08\u5982\u8bed\u8a00\uff09\u3002 \u5206\u6790 Cookie\uff1a\u8fd9\u7c7b Cookie \u5141\u8bb8\u8d1f\u8d23\u65b9\u76d1\u63a7\u548c\u5206\u6790\u6240\u94fe\u63a5\u7f51\u7ad9\u7528\u6237\u7684\u884c\u4e3a\uff0c\u5305\u62ec\u91cf\u5316\u5e7f\u544a\u7684\u5f71\u54cd\u3002\u901a\u8fc7\u6b64\u7c7b cookie \u6536\u96c6\u7684\u4fe1\u606f\u7528\u4e8e\u8861\u91cf\u7f51\u7ad9\u3001\u5e94\u7528\u7a0b\u5e8f\u6216\u5e73\u53f0\u7684\u6d3b\u52a8\uff0c\u4ee5\u4fbf\u5728\u5206\u6790\u670d\u52a1\u7528\u6237\u4f7f\u7528\u6570\u636e\u7684\u57fa\u7840\u4e0a\u8fdb\u884c\u6539\u8fdb\u3002 \u5e7f\u544a COOKIES\uff1a\u6839\u636e\u7f51\u7ad9\u5185\u5bb9\uff0c\u7f16\u8f91\u53ef\u5728\u7f51\u7ad9\u4e0a\u6dfb\u52a0\u5e7f\u544a\u7a7a\u95f4\u3002 \u57fa\u4e8e\u884c\u4e3a\u7684\u5e7f\u544a Cookie\uff1a\u8fd9\u7c7b [&hellip;]<\/p>\n","protected":false},"author":3,"featured_media":0,"parent":0,"menu_order":0,"comment_status":"closed","ping_status":"closed","template":"","meta":{"_acf_changed":false,"_joinchat":[],"footnotes":""},"class_list":["post-2065","page","type-page","status-publish","hentry"],"acf":[],"yoast_head":"<!-- This site is optimized with the Yoast SEO plugin v27.1.1 - https:\/\/yoast.com\/product\/yoast-seo-wordpress\/ -->\n<title>Cookie \u653f\u7b56 - Agrolac<\/title>\n<meta name=\"description\" content=\"\u4e86\u89e3 VICORQUIMIA SA \u7f51\u7ad9 cookie \u7684\u4f7f\u7528\u60c5\u51b5\uff1a\u7c7b\u578b\u3001\u76ee\u7684\u3001\u540c\u610f\u4ee5\u53ca\u5982\u4f55\u901a\u8fc7\u6d4f\u89c8\u5668\u8fdb\u884c\u7ba1\u7406\u3002\" \/>\n<meta name=\"robots\" content=\"index, follow, max-snippet:-1, max-image-preview:large, max-video-preview:-1\" \/>\n<link rel=\"canonical\" href=\"https:\/\/www.agrolac.com\/zh-hans\/cookie-%e6%94%bf%e7%ad%96\/\" \/>\n<meta property=\"og:locale\" content=\"zh_CN\" \/>\n<meta property=\"og:type\" content=\"article\" \/>\n<meta property=\"og:title\" content=\"Cookie \u653f\u7b56 - Agrolac\" \/>\n<meta property=\"og:description\" content=\"\u4e86\u89e3 VICORQUIMIA SA \u7f51\u7ad9 cookie \u7684\u4f7f\u7528\u60c5\u51b5\uff1a\u7c7b\u578b\u3001\u76ee\u7684\u3001\u540c\u610f\u4ee5\u53ca\u5982\u4f55\u901a\u8fc7\u6d4f\u89c8\u5668\u8fdb\u884c\u7ba1\u7406\u3002\" \/>\n<meta property=\"og:url\" content=\"https:\/\/www.agrolac.com\/zh-hans\/cookie-%e6%94%bf%e7%ad%96\/\" \/>\n<meta property=\"og:site_name\" content=\"Agrolac\" \/>\n<meta property=\"article:modified_time\" content=\"2025-08-22T11:44:14+00:00\" \/>\n<meta name=\"twitter:card\" content=\"summary_large_image\" \/>\n<meta name=\"twitter:label1\" content=\"Est. reading time\" \/>\n\t<meta name=\"twitter:data1\" content=\"1 minute\" \/>\n<script type=\"application\/ld+json\" class=\"yoast-schema-graph\">{\"@context\":\"https:\/\/schema.org\",\"@graph\":[{\"@type\":\"WebPage\",\"@id\":\"https:\/\/www.agrolac.com\/zh-hans\/cookie-%e6%94%bf%e7%ad%96\/\",\"url\":\"https:\/\/www.agrolac.com\/zh-hans\/cookie-%e6%94%bf%e7%ad%96\/\",\"name\":\"Cookie \u653f\u7b56 - Agrolac\",\"isPartOf\":{\"@id\":\"https:\/\/www.agrolac.com\/zh-hans\/#website\"},\"datePublished\":\"2023-04-27T15:11:17+00:00\",\"dateModified\":\"2025-08-22T11:44:14+00:00\",\"description\":\"\u4e86\u89e3 VICORQUIMIA SA \u7f51\u7ad9 cookie \u7684\u4f7f\u7528\u60c5\u51b5\uff1a\u7c7b\u578b\u3001\u76ee\u7684\u3001\u540c\u610f\u4ee5\u53ca\u5982\u4f55\u901a\u8fc7\u6d4f\u89c8\u5668\u8fdb\u884c\u7ba1\u7406\u3002\",\"breadcrumb\":{\"@id\":\"https:\/\/www.agrolac.com\/zh-hans\/cookie-%e6%94%bf%e7%ad%96\/#breadcrumb\"},\"inLanguage\":\"zh-CN\",\"potentialAction\":[{\"@type\":\"ReadAction\",\"target\":[\"https:\/\/www.agrolac.com\/zh-hans\/cookie-%e6%94%bf%e7%ad%96\/\"]}]},{\"@type\":\"BreadcrumbList\",\"@id\":\"https:\/\/www.agrolac.com\/zh-hans\/cookie-%e6%94%bf%e7%ad%96\/#breadcrumb\",\"itemListElement\":[{\"@type\":\"ListItem\",\"position\":1,\"name\":\"\u9996\u9875\",\"item\":\"https:\/\/www.agrolac.com\/zh-hans\/%e9%a6%96%e9%a1%b5\/\"},{\"@type\":\"ListItem\",\"position\":2,\"name\":\"Cookie \u653f\u7b56\"}]},{\"@type\":\"WebSite\",\"@id\":\"https:\/\/www.agrolac.com\/zh-hans\/#website\",\"url\":\"https:\/\/www.agrolac.com\/zh-hans\/\",\"name\":\"VICORQUIMIA\",\"description\":\"Agrolac \u00e9s una empresa de Barcelona, fundada el 1982, especialitzada en distribuci\u00f3 de productes agroqu\u00edmics per a l&#039;agricultura europea.\",\"publisher\":{\"@id\":\"https:\/\/www.agrolac.com\/zh-hans\/#organization\"},\"potentialAction\":[{\"@type\":\"SearchAction\",\"target\":{\"@type\":\"EntryPoint\",\"urlTemplate\":\"https:\/\/www.agrolac.com\/zh-hans\/?s={search_term_string}\"},\"query-input\":{\"@type\":\"PropertyValueSpecification\",\"valueRequired\":true,\"valueName\":\"search_term_string\"}}],\"inLanguage\":\"zh-CN\"},{\"@type\":\"Organization\",\"@id\":\"https:\/\/www.agrolac.com\/zh-hans\/#organization\",\"name\":\"VICORQUIMIA\",\"url\":\"https:\/\/www.agrolac.com\/zh-hans\/\",\"logo\":{\"@type\":\"ImageObject\",\"inLanguage\":\"zh-CN\",\"@id\":\"https:\/\/www.agrolac.com\/zh-hans\/#\/schema\/logo\/image\/\",\"url\":\"https:\/\/www.agrolac.com\/wp-content\/uploads\/2025\/10\/agrolac-logo.svg\",\"contentUrl\":\"https:\/\/www.agrolac.com\/wp-content\/uploads\/2025\/10\/agrolac-logo.svg\",\"caption\":\"VICORQUIMIA\"},\"image\":{\"@id\":\"https:\/\/www.agrolac.com\/zh-hans\/#\/schema\/logo\/image\/\"},\"sameAs\":[\"https:\/\/www.linkedin.com\/company\/vicorquimia\/\"]}]}<\/script>\n<!-- \/ Yoast SEO plugin. -->","yoast_head_json":{"title":"Cookie \u653f\u7b56 - Agrolac","description":"\u4e86\u89e3 VICORQUIMIA SA \u7f51\u7ad9 cookie \u7684\u4f7f\u7528\u60c5\u51b5\uff1a\u7c7b\u578b\u3001\u76ee\u7684\u3001\u540c\u610f\u4ee5\u53ca\u5982\u4f55\u901a\u8fc7\u6d4f\u89c8\u5668\u8fdb\u884c\u7ba1\u7406\u3002","robots":{"index":"index","follow":"follow","max-snippet":"max-snippet:-1","max-image-preview":"max-image-preview:large","max-video-preview":"max-video-preview:-1"},"canonical":"https:\/\/www.agrolac.com\/zh-hans\/cookie-%e6%94%bf%e7%ad%96\/","og_locale":"zh_CN","og_type":"article","og_title":"Cookie \u653f\u7b56 - Agrolac","og_description":"\u4e86\u89e3 VICORQUIMIA SA \u7f51\u7ad9 cookie \u7684\u4f7f\u7528\u60c5\u51b5\uff1a\u7c7b\u578b\u3001\u76ee\u7684\u3001\u540c\u610f\u4ee5\u53ca\u5982\u4f55\u901a\u8fc7\u6d4f\u89c8\u5668\u8fdb\u884c\u7ba1\u7406\u3002","og_url":"https:\/\/www.agrolac.com\/zh-hans\/cookie-%e6%94%bf%e7%ad%96\/","og_site_name":"Agrolac","article_modified_time":"2025-08-22T11:44:14+00:00","twitter_card":"summary_large_image","twitter_misc":{"Est. reading time":"1 minute"},"schema":{"@context":"https:\/\/schema.org","@graph":[{"@type":"WebPage","@id":"https:\/\/www.agrolac.com\/zh-hans\/cookie-%e6%94%bf%e7%ad%96\/","url":"https:\/\/www.agrolac.com\/zh-hans\/cookie-%e6%94%bf%e7%ad%96\/","name":"Cookie \u653f\u7b56 - Agrolac","isPartOf":{"@id":"https:\/\/www.agrolac.com\/zh-hans\/#website"},"datePublished":"2023-04-27T15:11:17+00:00","dateModified":"2025-08-22T11:44:14+00:00","description":"\u4e86\u89e3 VICORQUIMIA SA \u7f51\u7ad9 cookie \u7684\u4f7f\u7528\u60c5\u51b5\uff1a\u7c7b\u578b\u3001\u76ee\u7684\u3001\u540c\u610f\u4ee5\u53ca\u5982\u4f55\u901a\u8fc7\u6d4f\u89c8\u5668\u8fdb\u884c\u7ba1\u7406\u3002","breadcrumb":{"@id":"https:\/\/www.agrolac.com\/zh-hans\/cookie-%e6%94%bf%e7%ad%96\/#breadcrumb"},"inLanguage":"zh-CN","potentialAction":[{"@type":"ReadAction","target":["https:\/\/www.agrolac.com\/zh-hans\/cookie-%e6%94%bf%e7%ad%96\/"]}]},{"@type":"BreadcrumbList","@id":"https:\/\/www.agrolac.com\/zh-hans\/cookie-%e6%94%bf%e7%ad%96\/#breadcrumb","itemListElement":[{"@type":"ListItem","position":1,"name":"\u9996\u9875","item":"https:\/\/www.agrolac.com\/zh-hans\/%e9%a6%96%e9%a1%b5\/"},{"@type":"ListItem","position":2,"name":"Cookie \u653f\u7b56"}]},{"@type":"WebSite","@id":"https:\/\/www.agrolac.com\/zh-hans\/#website","url":"https:\/\/www.agrolac.com\/zh-hans\/","name":"VICORQUIMIA","description":"Agrolac \u00e9s una empresa de Barcelona, fundada el 1982, especialitzada en distribuci\u00f3 de productes agroqu\u00edmics per a l&#039;agricultura europea.","publisher":{"@id":"https:\/\/www.agrolac.com\/zh-hans\/#organization"},"potentialAction":[{"@type":"SearchAction","target":{"@type":"EntryPoint","urlTemplate":"https:\/\/www.agrolac.com\/zh-hans\/?s={search_term_string}"},"query-input":{"@type":"PropertyValueSpecification","valueRequired":true,"valueName":"search_term_string"}}],"inLanguage":"zh-CN"},{"@type":"Organization","@id":"https:\/\/www.agrolac.com\/zh-hans\/#organization","name":"VICORQUIMIA","url":"https:\/\/www.agrolac.com\/zh-hans\/","logo":{"@type":"ImageObject","inLanguage":"zh-CN","@id":"https:\/\/www.agrolac.com\/zh-hans\/#\/schema\/logo\/image\/","url":"https:\/\/www.agrolac.com\/wp-content\/uploads\/2025\/10\/agrolac-logo.svg","contentUrl":"https:\/\/www.agrolac.com\/wp-content\/uploads\/2025\/10\/agrolac-logo.svg","caption":"VICORQUIMIA"},"image":{"@id":"https:\/\/www.agrolac.com\/zh-hans\/#\/schema\/logo\/image\/"},"sameAs":["https:\/\/www.linkedin.com\/company\/vicorquimia\/"]}]}},"_links":{"self":[{"href":"https:\/\/www.agrolac.com\/zh-hans\/wp-json\/wp\/v2\/pages\/2065","targetHints":{"allow":["GET"]}}],"collection":[{"href":"https:\/\/www.agrolac.com\/zh-hans\/wp-json\/wp\/v2\/pages"}],"about":[{"href":"https:\/\/www.agrolac.com\/zh-hans\/wp-json\/wp\/v2\/types\/page"}],"author":[{"embeddable":true,"href":"https:\/\/www.agrolac.com\/zh-hans\/wp-json\/wp\/v2\/users\/3"}],"replies":[{"embeddable":true,"href":"https:\/\/www.agrolac.com\/zh-hans\/wp-json\/wp\/v2\/comments?post=2065"}],"version-history":[{"count":0,"href":"https:\/\/www.agrolac.com\/zh-hans\/wp-json\/wp\/v2\/pages\/2065\/revisions"}],"wp:attachment":[{"href":"https:\/\/www.agrolac.com\/zh-hans\/wp-json\/wp\/v2\/media?parent=2065"}],"curies":[{"name":"wp","href":"https:\/\/api.w.org\/{rel}","templated":true}]}}