{"id":7718,"date":"2025-10-09T11:09:15","date_gmt":"2025-10-09T09:09:15","guid":{"rendered":"https:\/\/www.agrolac.com\/producto\/glyfoon-glyfoon\/"},"modified":"2026-03-02T19:19:58","modified_gmt":"2026-03-02T18:19:58","slug":"glyfoon-glyfoon","status":"publish","type":"product","link":"https:\/\/www.agrolac.com\/pt-pt\/producto\/glyfoon-glyfoon\/","title":{"rendered":"GLYFOON\u00ae GLYFOON"},"content":{"rendered":"<h2>GLYFOON\u00ae GLYFOON<\/h2>\n<p><strong>GLYFOON\u00ae<\/strong> \u00e9 um herbicida <strong>sist\u00e9mico, n\u00e3o seletivo, de a\u00e7\u00e3o foliar<\/strong>, formulado como um <strong>concentrado sol\u00favel (SL)<\/strong>, \u00e0 base de <strong>glifosato (sal de isopropilamina) 36% p\/v (360 g\/L)<\/strong>, indicado para o <strong>controlo p\u00f3s-emerg\u00eancia<\/strong> de <strong>gram\u00edneas e infestantes de folha larga<\/strong> <strong>anuais e plurianuais<\/strong>.<\/p>\n<p>Ap\u00f3s a aplica\u00e7\u00e3o, o produto \u00e9 <strong>absorvido pelas folhas<\/strong> e <strong>translocado para as ra\u00edzes e \u00f3rg\u00e3os de reserva<\/strong>, onde exerce a sua a\u00e7\u00e3o herbicida. <strong>\u00c9 inactivado<\/strong> no solo, pelo que <strong>n\u00e3o tem efeito residual<\/strong>. <\/p>\n<p>GLYFOON\u00ae pode ser utilizado em <strong>canais de rega, culturas arvenses e lenhosas, bordaduras e prados<\/strong>, ajustando a dose e a t\u00e9cnica de aplica\u00e7\u00e3o em fun\u00e7\u00e3o do tipo de infestantes e das condi\u00e7\u00f5es de tratamento.<\/p>\n<h3>\u00c1reas indicativas de utiliza\u00e7\u00e3o e dosagem (de acordo com o r\u00f3tulo)<\/h3>\n<ul>\n<li><strong>Canais de irriga\u00e7\u00e3o:<\/strong> 3-10 L\/ha.<\/li>\n<li><strong>Culturas herb\u00e1ceas extensivas e intensivas:<\/strong> 1,5-6 L\/ha.<\/li>\n<li><strong>Plantas lenhosas:<\/strong> 3-6 L\/ha (infestantes anuais) e 6-10 L\/ha (infestantes plurianuais).<\/li>\n<li><strong>Limites:<\/strong> 3-10 L\/ha.<\/li>\n<li><strong>Prados semeados e prados naturais:<\/strong> 3-10 L\/ha.<\/li>\n<\/ul>\n<h3>Aplica\u00e7\u00e3o<\/h3>\n<p>Tratamentos com herbicidas contra ervas daninhas <strong>em p\u00f3s-emerg\u00eancia<\/strong>. Ajusta <strong>a dose, o volume de pulveriza\u00e7\u00e3o e a t\u00e9cnica de aplica\u00e7\u00e3o<\/strong> \u00e0s condi\u00e7\u00f5es de tratamento e ao equipamento utilizado, respeitando sempre as instru\u00e7\u00f5es do r\u00f3tulo. <\/p>\n<h3>Seguran\u00e7a e observa\u00e7\u00f5es<\/h3>\n<ul>\n<li>Durante a aplica\u00e7\u00e3o com um trator com cabina fechada e dispositivo de filtragem do ar, o equipamento de prote\u00e7\u00e3o pode ser dispensado, desde que as janelas sejam mantidas fechadas.<\/li>\n<li><strong>N\u00e3o entres na cultura at\u00e9 o produto estar seco.<\/strong><\/li>\n<li><strong>Per\u00edodo de seguran\u00e7a:<\/strong> n\u00e3o aplic\u00e1vel.<\/li>\n<\/ul>\n<h3>Aviso<\/h3>\n<p>As recomenda\u00e7\u00f5es e informa\u00e7\u00f5es fornecidas baseiam-se em estudos e ensaios. A utiliza\u00e7\u00e3o do produto pode ser influenciada por factores que escapam ao controlo do fabricante (prepara\u00e7\u00e3o das misturas, aplica\u00e7\u00e3o, condi\u00e7\u00f5es climat\u00e9ricas, etc.). A empresa garante a composi\u00e7\u00e3o, a formula\u00e7\u00e3o e o conte\u00fado do produto. O utilizador \u00e9 respons\u00e1vel por qualquer dano causado pela inobserv\u00e2ncia total ou parcial das instru\u00e7\u00f5es do r\u00f3tulo.   <\/p>\n","protected":false},"excerpt":{"rendered":"<p>Herbicida sist\u00e9mico p\u00f3s-emerg\u00eancia de largo espetr\u2026<\/p>\n","protected":false},"featured_media":4913,"comment_status":"closed","ping_status":"closed","template":"","meta":{"_acf_changed":false,"_joinchat":[]},"certificacion":[],"cultivo":[591,593,594,1181,599,592,1108,1474,1180,1105],"product_brand":[],"product_cat":[408],"product_tag":[],"class_list":{"0":"post-7718","1":"product","2":"type-product","3":"status-publish","4":"has-post-thumbnail","6":"cultivo-arvores-de-fruto","7":"cultivo-cereais","8":"cultivo-culturas-industriais","9":"cultivo-forragens-e-pastagens","10":"cultivo-frutos-secos","11":"cultivo-horticultura","12":"cultivo-oliveira","13":"cultivo-plantas-ornamentais-e-viveiros","14":"cultivo-tropical-subtropical","15":"cultivo-videira","16":"product_cat-herbicidas","18":"first","19":"instock","20":"shipping-taxable","21":"purchasable","22":"product-type-simple"},"acf":[],"yoast_head":"<!-- This site is optimized with the Yoast SEO plugin v27.1.1 - https:\/\/yoast.com\/product\/yoast-seo-wordpress\/ -->\n<title>GLYFOON\u00ae | Herbicida glifosato 360 g\/L (SL) n\u00e3o seletivo - Agrolac<\/title>\n<meta name=\"description\" content=\"Herbicida sist\u00e9mico n\u00e3o seletivo (SL) \u00e0 base de 360 g\/L de glifosato. Controlo p\u00f3s-emerg\u00eancia de infestantes anuais e plurianuais. Utiliza\u00e7\u00e3o profissional.\" \/>\n<meta name=\"robots\" content=\"index, follow, max-snippet:-1, max-image-preview:large, max-video-preview:-1\" \/>\n<link rel=\"canonical\" href=\"https:\/\/www.agrolac.com\/pt-pt\/producto\/glyfoon-glyfoon\/\" \/>\n<meta property=\"og:locale\" content=\"pt_PT\" \/>\n<meta property=\"og:type\" content=\"article\" \/>\n<meta property=\"og:title\" content=\"GLYFOON\u00ae | Herbicida glifosato 360 g\/L (SL) n\u00e3o seletivo - Agrolac\" \/>\n<meta property=\"og:description\" content=\"Herbicida sist\u00e9mico n\u00e3o seletivo (SL) \u00e0 base de 360 g\/L de glifosato. Controlo p\u00f3s-emerg\u00eancia de infestantes anuais e plurianuais. Utiliza\u00e7\u00e3o profissional.\" \/>\n<meta property=\"og:url\" content=\"https:\/\/www.agrolac.com\/pt-pt\/producto\/glyfoon-glyfoon\/\" \/>\n<meta property=\"og:site_name\" content=\"Agrolac\" \/>\n<meta property=\"article:modified_time\" content=\"2026-03-02T18:19:58+00:00\" \/>\n<meta property=\"og:image\" content=\"https:\/\/www.agrolac.com\/wp-content\/uploads\/2025\/10\/olivar-herbicidas.webp\" \/>\n\t<meta property=\"og:image:width\" content=\"1920\" \/>\n\t<meta property=\"og:image:height\" content=\"1275\" \/>\n\t<meta property=\"og:image:type\" content=\"image\/webp\" \/>\n<meta name=\"twitter:card\" content=\"summary_large_image\" \/>\n<meta name=\"twitter:label1\" content=\"Est. reading time\" \/>\n\t<meta name=\"twitter:data1\" content=\"2 minutes\" \/>\n<script type=\"application\/ld+json\" class=\"yoast-schema-graph\">{\"@context\":\"https:\/\/schema.org\",\"@graph\":[{\"@type\":\"WebPage\",\"@id\":\"https:\/\/www.agrolac.com\/pt-pt\/producto\/glyfoon-glyfoon\/\",\"url\":\"https:\/\/www.agrolac.com\/pt-pt\/producto\/glyfoon-glyfoon\/\",\"name\":\"GLYFOON\u00ae | Herbicida glifosato 360 g\/L (SL) n\u00e3o seletivo - Agrolac\",\"isPartOf\":{\"@id\":\"https:\/\/www.agrolac.com\/pt-pt\/#website\"},\"primaryImageOfPage\":{\"@id\":\"https:\/\/www.agrolac.com\/pt-pt\/producto\/glyfoon-glyfoon\/#primaryimage\"},\"image\":{\"@id\":\"https:\/\/www.agrolac.com\/pt-pt\/producto\/glyfoon-glyfoon\/#primaryimage\"},\"thumbnailUrl\":\"https:\/\/www.agrolac.com\/wp-content\/uploads\/2025\/10\/olivar-herbicidas.webp\",\"datePublished\":\"2025-10-09T09:09:15+00:00\",\"dateModified\":\"2026-03-02T18:19:58+00:00\",\"description\":\"Herbicida sist\u00e9mico n\u00e3o seletivo (SL) \u00e0 base de 360 g\/L de glifosato. Controlo p\u00f3s-emerg\u00eancia de infestantes anuais e plurianuais. Utiliza\u00e7\u00e3o profissional.\",\"breadcrumb\":{\"@id\":\"https:\/\/www.agrolac.com\/pt-pt\/producto\/glyfoon-glyfoon\/#breadcrumb\"},\"inLanguage\":\"pt-PT\",\"potentialAction\":[{\"@type\":\"ReadAction\",\"target\":[\"https:\/\/www.agrolac.com\/pt-pt\/producto\/glyfoon-glyfoon\/\"]}]},{\"@type\":\"ImageObject\",\"inLanguage\":\"pt-PT\",\"@id\":\"https:\/\/www.agrolac.com\/pt-pt\/producto\/glyfoon-glyfoon\/#primaryimage\",\"url\":\"https:\/\/www.agrolac.com\/wp-content\/uploads\/2025\/10\/olivar-herbicidas.webp\",\"contentUrl\":\"https:\/\/www.agrolac.com\/wp-content\/uploads\/2025\/10\/olivar-herbicidas.webp\",\"width\":1920,\"height\":1275},{\"@type\":\"BreadcrumbList\",\"@id\":\"https:\/\/www.agrolac.com\/pt-pt\/producto\/glyfoon-glyfoon\/#breadcrumb\",\"itemListElement\":[{\"@type\":\"ListItem\",\"position\":1,\"name\":\"In\u00edcio\",\"item\":\"https:\/\/www.agrolac.com\/pt-pt\/casa\/\"},{\"@type\":\"ListItem\",\"position\":2,\"name\":\"Produtos\",\"item\":\"https:\/\/www.agrolac.com\/pt-pt\/produtos\/\"},{\"@type\":\"ListItem\",\"position\":3,\"name\":\"Herbicidas\",\"item\":\"https:\/\/www.agrolac.com\/pt-pt\/categoria-producto\/herbicidas\/\"},{\"@type\":\"ListItem\",\"position\":4,\"name\":\"GLYFOON\u00ae GLYFOON\"}]},{\"@type\":\"WebSite\",\"@id\":\"https:\/\/www.agrolac.com\/pt-pt\/#website\",\"url\":\"https:\/\/www.agrolac.com\/pt-pt\/\",\"name\":\"VICORQUIMIA\",\"description\":\"Agrolac \u00e9s una empresa de Barcelona, fundada el 1982, especialitzada en distribuci\u00f3 de productes agroqu\u00edmics per a l&#039;agricultura europea.\",\"publisher\":{\"@id\":\"https:\/\/www.agrolac.com\/pt-pt\/#organization\"},\"potentialAction\":[{\"@type\":\"SearchAction\",\"target\":{\"@type\":\"EntryPoint\",\"urlTemplate\":\"https:\/\/www.agrolac.com\/pt-pt\/?s={search_term_string}\"},\"query-input\":{\"@type\":\"PropertyValueSpecification\",\"valueRequired\":true,\"valueName\":\"search_term_string\"}}],\"inLanguage\":\"pt-PT\"},{\"@type\":\"Organization\",\"@id\":\"https:\/\/www.agrolac.com\/pt-pt\/#organization\",\"name\":\"VICORQUIMIA\",\"url\":\"https:\/\/www.agrolac.com\/pt-pt\/\",\"logo\":{\"@type\":\"ImageObject\",\"inLanguage\":\"pt-PT\",\"@id\":\"https:\/\/www.agrolac.com\/pt-pt\/#\/schema\/logo\/image\/\",\"url\":\"https:\/\/www.agrolac.com\/wp-content\/uploads\/2025\/10\/agrolac-logo.svg\",\"contentUrl\":\"https:\/\/www.agrolac.com\/wp-content\/uploads\/2025\/10\/agrolac-logo.svg\",\"caption\":\"VICORQUIMIA\"},\"image\":{\"@id\":\"https:\/\/www.agrolac.com\/pt-pt\/#\/schema\/logo\/image\/\"},\"sameAs\":[\"https:\/\/www.linkedin.com\/company\/vicorquimia\/\"]}]}<\/script>\n<!-- \/ Yoast SEO plugin. -->","yoast_head_json":{"title":"GLYFOON\u00ae | Herbicida glifosato 360 g\/L (SL) n\u00e3o seletivo - Agrolac","description":"Herbicida sist\u00e9mico n\u00e3o seletivo (SL) \u00e0 base de 360 g\/L de glifosato. Controlo p\u00f3s-emerg\u00eancia de infestantes anuais e plurianuais. Utiliza\u00e7\u00e3o profissional.","robots":{"index":"index","follow":"follow","max-snippet":"max-snippet:-1","max-image-preview":"max-image-preview:large","max-video-preview":"max-video-preview:-1"},"canonical":"https:\/\/www.agrolac.com\/pt-pt\/producto\/glyfoon-glyfoon\/","og_locale":"pt_PT","og_type":"article","og_title":"GLYFOON\u00ae | Herbicida glifosato 360 g\/L (SL) n\u00e3o seletivo - Agrolac","og_description":"Herbicida sist\u00e9mico n\u00e3o seletivo (SL) \u00e0 base de 360 g\/L de glifosato. Controlo p\u00f3s-emerg\u00eancia de infestantes anuais e plurianuais. Utiliza\u00e7\u00e3o profissional.","og_url":"https:\/\/www.agrolac.com\/pt-pt\/producto\/glyfoon-glyfoon\/","og_site_name":"Agrolac","article_modified_time":"2026-03-02T18:19:58+00:00","og_image":[{"width":1920,"height":1275,"url":"https:\/\/www.agrolac.com\/wp-content\/uploads\/2025\/10\/olivar-herbicidas.webp","type":"image\/webp"}],"twitter_card":"summary_large_image","twitter_misc":{"Est. reading time":"2 minutes"},"schema":{"@context":"https:\/\/schema.org","@graph":[{"@type":"WebPage","@id":"https:\/\/www.agrolac.com\/pt-pt\/producto\/glyfoon-glyfoon\/","url":"https:\/\/www.agrolac.com\/pt-pt\/producto\/glyfoon-glyfoon\/","name":"GLYFOON\u00ae | Herbicida glifosato 360 g\/L (SL) n\u00e3o seletivo - Agrolac","isPartOf":{"@id":"https:\/\/www.agrolac.com\/pt-pt\/#website"},"primaryImageOfPage":{"@id":"https:\/\/www.agrolac.com\/pt-pt\/producto\/glyfoon-glyfoon\/#primaryimage"},"image":{"@id":"https:\/\/www.agrolac.com\/pt-pt\/producto\/glyfoon-glyfoon\/#primaryimage"},"thumbnailUrl":"https:\/\/www.agrolac.com\/wp-content\/uploads\/2025\/10\/olivar-herbicidas.webp","datePublished":"2025-10-09T09:09:15+00:00","dateModified":"2026-03-02T18:19:58+00:00","description":"Herbicida sist\u00e9mico n\u00e3o seletivo (SL) \u00e0 base de 360 g\/L de glifosato. Controlo p\u00f3s-emerg\u00eancia de infestantes anuais e plurianuais. Utiliza\u00e7\u00e3o profissional.","breadcrumb":{"@id":"https:\/\/www.agrolac.com\/pt-pt\/producto\/glyfoon-glyfoon\/#breadcrumb"},"inLanguage":"pt-PT","potentialAction":[{"@type":"ReadAction","target":["https:\/\/www.agrolac.com\/pt-pt\/producto\/glyfoon-glyfoon\/"]}]},{"@type":"ImageObject","inLanguage":"pt-PT","@id":"https:\/\/www.agrolac.com\/pt-pt\/producto\/glyfoon-glyfoon\/#primaryimage","url":"https:\/\/www.agrolac.com\/wp-content\/uploads\/2025\/10\/olivar-herbicidas.webp","contentUrl":"https:\/\/www.agrolac.com\/wp-content\/uploads\/2025\/10\/olivar-herbicidas.webp","width":1920,"height":1275},{"@type":"BreadcrumbList","@id":"https:\/\/www.agrolac.com\/pt-pt\/producto\/glyfoon-glyfoon\/#breadcrumb","itemListElement":[{"@type":"ListItem","position":1,"name":"In\u00edcio","item":"https:\/\/www.agrolac.com\/pt-pt\/casa\/"},{"@type":"ListItem","position":2,"name":"Produtos","item":"https:\/\/www.agrolac.com\/pt-pt\/produtos\/"},{"@type":"ListItem","position":3,"name":"Herbicidas","item":"https:\/\/www.agrolac.com\/pt-pt\/categoria-producto\/herbicidas\/"},{"@type":"ListItem","position":4,"name":"GLYFOON\u00ae GLYFOON"}]},{"@type":"WebSite","@id":"https:\/\/www.agrolac.com\/pt-pt\/#website","url":"https:\/\/www.agrolac.com\/pt-pt\/","name":"VICORQUIMIA","description":"Agrolac \u00e9s una empresa de Barcelona, fundada el 1982, especialitzada en distribuci\u00f3 de productes agroqu\u00edmics per a l&#039;agricultura europea.","publisher":{"@id":"https:\/\/www.agrolac.com\/pt-pt\/#organization"},"potentialAction":[{"@type":"SearchAction","target":{"@type":"EntryPoint","urlTemplate":"https:\/\/www.agrolac.com\/pt-pt\/?s={search_term_string}"},"query-input":{"@type":"PropertyValueSpecification","valueRequired":true,"valueName":"search_term_string"}}],"inLanguage":"pt-PT"},{"@type":"Organization","@id":"https:\/\/www.agrolac.com\/pt-pt\/#organization","name":"VICORQUIMIA","url":"https:\/\/www.agrolac.com\/pt-pt\/","logo":{"@type":"ImageObject","inLanguage":"pt-PT","@id":"https:\/\/www.agrolac.com\/pt-pt\/#\/schema\/logo\/image\/","url":"https:\/\/www.agrolac.com\/wp-content\/uploads\/2025\/10\/agrolac-logo.svg","contentUrl":"https:\/\/www.agrolac.com\/wp-content\/uploads\/2025\/10\/agrolac-logo.svg","caption":"VICORQUIMIA"},"image":{"@id":"https:\/\/www.agrolac.com\/pt-pt\/#\/schema\/logo\/image\/"},"sameAs":["https:\/\/www.linkedin.com\/company\/vicorquimia\/"]}]}},"_links":{"self":[{"href":"https:\/\/www.agrolac.com\/pt-pt\/wp-json\/wp\/v2\/product\/7718","targetHints":{"allow":["GET"]}}],"collection":[{"href":"https:\/\/www.agrolac.com\/pt-pt\/wp-json\/wp\/v2\/product"}],"about":[{"href":"https:\/\/www.agrolac.com\/pt-pt\/wp-json\/wp\/v2\/types\/product"}],"replies":[{"embeddable":true,"href":"https:\/\/www.agrolac.com\/pt-pt\/wp-json\/wp\/v2\/comments?post=7718"}],"wp:featuredmedia":[{"embeddable":true,"href":"https:\/\/www.agrolac.com\/pt-pt\/wp-json\/wp\/v2\/media\/4913"}],"wp:attachment":[{"href":"https:\/\/www.agrolac.com\/pt-pt\/wp-json\/wp\/v2\/media?parent=7718"}],"wp:term":[{"taxonomy":"certificacion","embeddable":true,"href":"https:\/\/www.agrolac.com\/pt-pt\/wp-json\/wp\/v2\/certificacion?post=7718"},{"taxonomy":"cultivo","embeddable":true,"href":"https:\/\/www.agrolac.com\/pt-pt\/wp-json\/wp\/v2\/cultivo?post=7718"},{"taxonomy":"product_brand","embeddable":true,"href":"https:\/\/www.agrolac.com\/pt-pt\/wp-json\/wp\/v2\/product_brand?post=7718"},{"taxonomy":"product_cat","embeddable":true,"href":"https:\/\/www.agrolac.com\/pt-pt\/wp-json\/wp\/v2\/product_cat?post=7718"},{"taxonomy":"product_tag","embeddable":true,"href":"https:\/\/www.agrolac.com\/pt-pt\/wp-json\/wp\/v2\/product_tag?post=7718"}],"curies":[{"name":"wp","href":"https:\/\/api.w.org\/{rel}","templated":true}]}}