{"id":7656,"date":"2026-01-08T22:15:36","date_gmt":"2026-01-08T21:15:36","guid":{"rendered":"https:\/\/www.agrolac.com\/producto\/agrolac-engorda\/"},"modified":"2026-03-05T01:35:19","modified_gmt":"2026-03-05T00:35:19","slug":"agrolac-engorda","status":"publish","type":"product","link":"https:\/\/www.agrolac.com\/pt-pt\/producto\/agrolac-engorda\/","title":{"rendered":"Agrolac\u00ae Engorda"},"content":{"rendered":"<h2>AGROLAC\u00ae ENGORDA<\/h2>\n<p><strong>AGROLAC\u00ae ENGORDE<\/strong>, devido ao seu conte\u00fado em <strong>pot\u00e1ssio (K)<\/strong>, <strong>mangan\u00eas (Mn)<\/strong>, <strong>ferro (Fe)<\/strong> e <strong>zinco (Zn)<\/strong>, juntamente com o <strong>\u00e1cido<\/strong> \u03b3-poliglut\u00e2mico, favorece a <strong>forma\u00e7\u00e3o de auxinas end\u00f3genas e clorofila<\/strong>, apoiando os processos fisiol\u00f3gicos associados ao desenvolvimento do fruto.<\/p>\n<p>A sua formula\u00e7\u00e3o contribui para a promo\u00e7\u00e3o do <strong>azoto<\/strong>, <strong>dos \u00e1cidos nucleicos<\/strong>, <strong>da vitamina C<\/strong> e <strong>dos hidratos de carbono<\/strong>, compostos que favorecem <strong>o movimento da seiva atrav\u00e9s do floema<\/strong> at\u00e9 \u00e0 frutifica\u00e7\u00e3o.<\/p>\n<p>Aplicado nesta fase da cultura, <strong>AGROLAC\u00ae ENGORDE<\/strong> actua como um <strong>bionutriente<\/strong> que ajuda a reduzir o fen\u00f3meno de <strong>competi\u00e7\u00e3o por fotoassimilados<\/strong> entre frutos e entre estes e as partes vegetativas da planta.<\/p>\n<p>Esta a\u00e7\u00e3o contribui para o <strong>amadurecimento do fruto<\/strong> e para a obten\u00e7\u00e3o de um <strong>tamanho final mais uniforme.<\/strong><\/p>\n<h3>Benef\u00edcios agron\u00f3micos<\/h3>\n<ul>\n<li><strong>Apoia a engorda e o amadurecimento dos frutos<\/strong>.<\/li>\n<li><strong>Favorece a circula\u00e7\u00e3o da seiva<\/strong> para os frutos.<\/li>\n<li><strong>Ajuda a reduzir a competi\u00e7\u00e3o por fotoassimilados<\/strong>.<\/li>\n<li><strong>Contribui para um calibre final mais uniforme<\/strong>.<\/li>\n<\/ul>\n<p>&nbsp;<\/p>\n<h3>Aplica\u00e7\u00e3o<\/h3>\n<p><strong>AGROLAC\u00ae ENGORDE<\/strong> \u00e9 utilizado durante a fase de engorda dos frutos, adaptando a dose e o momento de aplica\u00e7\u00e3o \u00e0s necessidades da cultura e \u00e0s condi\u00e7\u00f5es agron\u00f3micas.<\/p>\n<h3>Observa\u00e7\u00f5es<\/h3>\n<p>N\u00e3o tratar a temperaturas superiores a 30 \u00baC. N\u00e3o misturar com produtos \u00e0 base de estanho ou \u00f3leos minerais. <\/p>\n","protected":false},"excerpt":{"rendered":"<p>Produto destinado a apoiar a engorda e o desenvolv\u2026<\/p>\n","protected":false},"featured_media":6293,"comment_status":"closed","ping_status":"closed","template":"","meta":{"_acf_changed":false,"_joinchat":[]},"certificacion":[434],"cultivo":[591,738,739,593,598,594,599,592,1104,1179,1108,1178,1180,1105],"product_brand":[],"product_cat":[398],"product_tag":[],"class_list":{"0":"post-7656","1":"product","2":"type-product","3":"status-publish","4":"has-post-thumbnail","6":"certificacion-residuo-zero","7":"cultivo-arvores-de-fruto","8":"cultivo-arvores-de-fruto-de-caroco","9":"cultivo-arvores-de-fruto-de-pomoideas","10":"cultivo-cereais","11":"cultivo-citrinos","12":"cultivo-culturas-industriais","13":"cultivo-frutos-secos","14":"cultivo-horticultura","15":"cultivo-horticultura-de-frutas","16":"cultivo-leguminosas","17":"cultivo-oliveira","18":"cultivo-sementes-oleaginosas","19":"cultivo-tropical-subtropical","20":"cultivo-videira","21":"product_cat-fertilizantes","23":"first","24":"instock","25":"shipping-taxable","26":"product-type-simple"},"acf":[],"yoast_head":"<!-- This site is optimized with the Yoast SEO plugin v27.1.1 - https:\/\/yoast.com\/product\/yoast-seo-wordpress\/ -->\n<title>Agrolac\u00ae Engorda - Agrolac<\/title>\n<meta name=\"description\" content=\"Agrolac\u00ae Engorda% \u00e9 um bio-nutriente com K, Mn, Fe e Zn e \u00e1cido \u03b3-poliglut\u00e2mico para apoiar a engorda e o amadurecimento e procurar um calibre mais uniforme.\" \/>\n<meta name=\"robots\" content=\"index, follow, max-snippet:-1, max-image-preview:large, max-video-preview:-1\" \/>\n<link rel=\"canonical\" href=\"https:\/\/www.agrolac.com\/pt-pt\/producto\/agrolac-engorda\/\" \/>\n<meta property=\"og:locale\" content=\"pt_PT\" \/>\n<meta property=\"og:type\" content=\"article\" \/>\n<meta property=\"og:title\" content=\"Agrolac\u00ae Engorda - Agrolac\" \/>\n<meta property=\"og:description\" content=\"Agrolac\u00ae Engorda% \u00e9 um bio-nutriente com K, Mn, Fe e Zn e \u00e1cido \u03b3-poliglut\u00e2mico para apoiar a engorda e o amadurecimento e procurar um calibre mais uniforme.\" \/>\n<meta property=\"og:url\" content=\"https:\/\/www.agrolac.com\/pt-pt\/producto\/agrolac-engorda\/\" \/>\n<meta property=\"og:site_name\" content=\"Agrolac\" \/>\n<meta property=\"article:modified_time\" content=\"2026-03-05T00:35:19+00:00\" \/>\n<meta property=\"og:image\" content=\"https:\/\/www.agrolac.com\/wp-content\/uploads\/2026\/01\/tomates-creciendo.webp\" \/>\n\t<meta property=\"og:image:width\" content=\"1920\" \/>\n\t<meta property=\"og:image:height\" content=\"1280\" \/>\n\t<meta property=\"og:image:type\" content=\"image\/webp\" \/>\n<meta name=\"twitter:card\" content=\"summary_large_image\" \/>\n<meta name=\"twitter:label1\" content=\"Est. reading time\" \/>\n\t<meta name=\"twitter:data1\" content=\"1 minute\" \/>\n<script type=\"application\/ld+json\" class=\"yoast-schema-graph\">{\"@context\":\"https:\/\/schema.org\",\"@graph\":[{\"@type\":\"WebPage\",\"@id\":\"https:\/\/www.agrolac.com\/pt-pt\/producto\/agrolac-engorda\/\",\"url\":\"https:\/\/www.agrolac.com\/pt-pt\/producto\/agrolac-engorda\/\",\"name\":\"Agrolac\u00ae Engorda - Agrolac\",\"isPartOf\":{\"@id\":\"https:\/\/www.agrolac.com\/pt-pt\/#website\"},\"primaryImageOfPage\":{\"@id\":\"https:\/\/www.agrolac.com\/pt-pt\/producto\/agrolac-engorda\/#primaryimage\"},\"image\":{\"@id\":\"https:\/\/www.agrolac.com\/pt-pt\/producto\/agrolac-engorda\/#primaryimage\"},\"thumbnailUrl\":\"https:\/\/www.agrolac.com\/wp-content\/uploads\/2026\/01\/tomates-creciendo.webp\",\"datePublished\":\"2026-01-08T21:15:36+00:00\",\"dateModified\":\"2026-03-05T00:35:19+00:00\",\"description\":\"Agrolac\u00ae Engorda% \u00e9 um bio-nutriente com K, Mn, Fe e Zn e \u00e1cido \u03b3-poliglut\u00e2mico para apoiar a engorda e o amadurecimento e procurar um calibre mais uniforme.\",\"breadcrumb\":{\"@id\":\"https:\/\/www.agrolac.com\/pt-pt\/producto\/agrolac-engorda\/#breadcrumb\"},\"inLanguage\":\"pt-PT\",\"potentialAction\":[{\"@type\":\"ReadAction\",\"target\":[\"https:\/\/www.agrolac.com\/pt-pt\/producto\/agrolac-engorda\/\"]}]},{\"@type\":\"ImageObject\",\"inLanguage\":\"pt-PT\",\"@id\":\"https:\/\/www.agrolac.com\/pt-pt\/producto\/agrolac-engorda\/#primaryimage\",\"url\":\"https:\/\/www.agrolac.com\/wp-content\/uploads\/2026\/01\/tomates-creciendo.webp\",\"contentUrl\":\"https:\/\/www.agrolac.com\/wp-content\/uploads\/2026\/01\/tomates-creciendo.webp\",\"width\":1920,\"height\":1280},{\"@type\":\"BreadcrumbList\",\"@id\":\"https:\/\/www.agrolac.com\/pt-pt\/producto\/agrolac-engorda\/#breadcrumb\",\"itemListElement\":[{\"@type\":\"ListItem\",\"position\":1,\"name\":\"In\u00edcio\",\"item\":\"https:\/\/www.agrolac.com\/pt-pt\/casa\/\"},{\"@type\":\"ListItem\",\"position\":2,\"name\":\"Produtos\",\"item\":\"https:\/\/www.agrolac.com\/pt-pt\/produtos\/\"},{\"@type\":\"ListItem\",\"position\":3,\"name\":\"Fertilizantes\",\"item\":\"https:\/\/www.agrolac.com\/pt-pt\/categoria-producto\/fertilizantes\/\"},{\"@type\":\"ListItem\",\"position\":4,\"name\":\"Agrolac\u00ae Engorda\"}]},{\"@type\":\"WebSite\",\"@id\":\"https:\/\/www.agrolac.com\/pt-pt\/#website\",\"url\":\"https:\/\/www.agrolac.com\/pt-pt\/\",\"name\":\"VICORQUIMIA\",\"description\":\"Agrolac \u00e9s una empresa de Barcelona, fundada el 1982, especialitzada en distribuci\u00f3 de productes agroqu\u00edmics per a l&#039;agricultura europea.\",\"publisher\":{\"@id\":\"https:\/\/www.agrolac.com\/pt-pt\/#organization\"},\"potentialAction\":[{\"@type\":\"SearchAction\",\"target\":{\"@type\":\"EntryPoint\",\"urlTemplate\":\"https:\/\/www.agrolac.com\/pt-pt\/?s={search_term_string}\"},\"query-input\":{\"@type\":\"PropertyValueSpecification\",\"valueRequired\":true,\"valueName\":\"search_term_string\"}}],\"inLanguage\":\"pt-PT\"},{\"@type\":\"Organization\",\"@id\":\"https:\/\/www.agrolac.com\/pt-pt\/#organization\",\"name\":\"VICORQUIMIA\",\"url\":\"https:\/\/www.agrolac.com\/pt-pt\/\",\"logo\":{\"@type\":\"ImageObject\",\"inLanguage\":\"pt-PT\",\"@id\":\"https:\/\/www.agrolac.com\/pt-pt\/#\/schema\/logo\/image\/\",\"url\":\"https:\/\/www.agrolac.com\/wp-content\/uploads\/2025\/10\/agrolac-logo.svg\",\"contentUrl\":\"https:\/\/www.agrolac.com\/wp-content\/uploads\/2025\/10\/agrolac-logo.svg\",\"caption\":\"VICORQUIMIA\"},\"image\":{\"@id\":\"https:\/\/www.agrolac.com\/pt-pt\/#\/schema\/logo\/image\/\"},\"sameAs\":[\"https:\/\/www.linkedin.com\/company\/vicorquimia\/\"]}]}<\/script>\n<!-- \/ Yoast SEO plugin. -->","yoast_head_json":{"title":"Agrolac\u00ae Engorda - Agrolac","description":"Agrolac\u00ae Engorda% \u00e9 um bio-nutriente com K, Mn, Fe e Zn e \u00e1cido \u03b3-poliglut\u00e2mico para apoiar a engorda e o amadurecimento e procurar um calibre mais uniforme.","robots":{"index":"index","follow":"follow","max-snippet":"max-snippet:-1","max-image-preview":"max-image-preview:large","max-video-preview":"max-video-preview:-1"},"canonical":"https:\/\/www.agrolac.com\/pt-pt\/producto\/agrolac-engorda\/","og_locale":"pt_PT","og_type":"article","og_title":"Agrolac\u00ae Engorda - Agrolac","og_description":"Agrolac\u00ae Engorda% \u00e9 um bio-nutriente com K, Mn, Fe e Zn e \u00e1cido \u03b3-poliglut\u00e2mico para apoiar a engorda e o amadurecimento e procurar um calibre mais uniforme.","og_url":"https:\/\/www.agrolac.com\/pt-pt\/producto\/agrolac-engorda\/","og_site_name":"Agrolac","article_modified_time":"2026-03-05T00:35:19+00:00","og_image":[{"width":1920,"height":1280,"url":"https:\/\/www.agrolac.com\/wp-content\/uploads\/2026\/01\/tomates-creciendo.webp","type":"image\/webp"}],"twitter_card":"summary_large_image","twitter_misc":{"Est. reading time":"1 minute"},"schema":{"@context":"https:\/\/schema.org","@graph":[{"@type":"WebPage","@id":"https:\/\/www.agrolac.com\/pt-pt\/producto\/agrolac-engorda\/","url":"https:\/\/www.agrolac.com\/pt-pt\/producto\/agrolac-engorda\/","name":"Agrolac\u00ae Engorda - Agrolac","isPartOf":{"@id":"https:\/\/www.agrolac.com\/pt-pt\/#website"},"primaryImageOfPage":{"@id":"https:\/\/www.agrolac.com\/pt-pt\/producto\/agrolac-engorda\/#primaryimage"},"image":{"@id":"https:\/\/www.agrolac.com\/pt-pt\/producto\/agrolac-engorda\/#primaryimage"},"thumbnailUrl":"https:\/\/www.agrolac.com\/wp-content\/uploads\/2026\/01\/tomates-creciendo.webp","datePublished":"2026-01-08T21:15:36+00:00","dateModified":"2026-03-05T00:35:19+00:00","description":"Agrolac\u00ae Engorda% \u00e9 um bio-nutriente com K, Mn, Fe e Zn e \u00e1cido \u03b3-poliglut\u00e2mico para apoiar a engorda e o amadurecimento e procurar um calibre mais uniforme.","breadcrumb":{"@id":"https:\/\/www.agrolac.com\/pt-pt\/producto\/agrolac-engorda\/#breadcrumb"},"inLanguage":"pt-PT","potentialAction":[{"@type":"ReadAction","target":["https:\/\/www.agrolac.com\/pt-pt\/producto\/agrolac-engorda\/"]}]},{"@type":"ImageObject","inLanguage":"pt-PT","@id":"https:\/\/www.agrolac.com\/pt-pt\/producto\/agrolac-engorda\/#primaryimage","url":"https:\/\/www.agrolac.com\/wp-content\/uploads\/2026\/01\/tomates-creciendo.webp","contentUrl":"https:\/\/www.agrolac.com\/wp-content\/uploads\/2026\/01\/tomates-creciendo.webp","width":1920,"height":1280},{"@type":"BreadcrumbList","@id":"https:\/\/www.agrolac.com\/pt-pt\/producto\/agrolac-engorda\/#breadcrumb","itemListElement":[{"@type":"ListItem","position":1,"name":"In\u00edcio","item":"https:\/\/www.agrolac.com\/pt-pt\/casa\/"},{"@type":"ListItem","position":2,"name":"Produtos","item":"https:\/\/www.agrolac.com\/pt-pt\/produtos\/"},{"@type":"ListItem","position":3,"name":"Fertilizantes","item":"https:\/\/www.agrolac.com\/pt-pt\/categoria-producto\/fertilizantes\/"},{"@type":"ListItem","position":4,"name":"Agrolac\u00ae Engorda"}]},{"@type":"WebSite","@id":"https:\/\/www.agrolac.com\/pt-pt\/#website","url":"https:\/\/www.agrolac.com\/pt-pt\/","name":"VICORQUIMIA","description":"Agrolac \u00e9s una empresa de Barcelona, fundada el 1982, especialitzada en distribuci\u00f3 de productes agroqu\u00edmics per a l&#039;agricultura europea.","publisher":{"@id":"https:\/\/www.agrolac.com\/pt-pt\/#organization"},"potentialAction":[{"@type":"SearchAction","target":{"@type":"EntryPoint","urlTemplate":"https:\/\/www.agrolac.com\/pt-pt\/?s={search_term_string}"},"query-input":{"@type":"PropertyValueSpecification","valueRequired":true,"valueName":"search_term_string"}}],"inLanguage":"pt-PT"},{"@type":"Organization","@id":"https:\/\/www.agrolac.com\/pt-pt\/#organization","name":"VICORQUIMIA","url":"https:\/\/www.agrolac.com\/pt-pt\/","logo":{"@type":"ImageObject","inLanguage":"pt-PT","@id":"https:\/\/www.agrolac.com\/pt-pt\/#\/schema\/logo\/image\/","url":"https:\/\/www.agrolac.com\/wp-content\/uploads\/2025\/10\/agrolac-logo.svg","contentUrl":"https:\/\/www.agrolac.com\/wp-content\/uploads\/2025\/10\/agrolac-logo.svg","caption":"VICORQUIMIA"},"image":{"@id":"https:\/\/www.agrolac.com\/pt-pt\/#\/schema\/logo\/image\/"},"sameAs":["https:\/\/www.linkedin.com\/company\/vicorquimia\/"]}]}},"_links":{"self":[{"href":"https:\/\/www.agrolac.com\/pt-pt\/wp-json\/wp\/v2\/product\/7656","targetHints":{"allow":["GET"]}}],"collection":[{"href":"https:\/\/www.agrolac.com\/pt-pt\/wp-json\/wp\/v2\/product"}],"about":[{"href":"https:\/\/www.agrolac.com\/pt-pt\/wp-json\/wp\/v2\/types\/product"}],"replies":[{"embeddable":true,"href":"https:\/\/www.agrolac.com\/pt-pt\/wp-json\/wp\/v2\/comments?post=7656"}],"wp:featuredmedia":[{"embeddable":true,"href":"https:\/\/www.agrolac.com\/pt-pt\/wp-json\/wp\/v2\/media\/6293"}],"wp:attachment":[{"href":"https:\/\/www.agrolac.com\/pt-pt\/wp-json\/wp\/v2\/media?parent=7656"}],"wp:term":[{"taxonomy":"certificacion","embeddable":true,"href":"https:\/\/www.agrolac.com\/pt-pt\/wp-json\/wp\/v2\/certificacion?post=7656"},{"taxonomy":"cultivo","embeddable":true,"href":"https:\/\/www.agrolac.com\/pt-pt\/wp-json\/wp\/v2\/cultivo?post=7656"},{"taxonomy":"product_brand","embeddable":true,"href":"https:\/\/www.agrolac.com\/pt-pt\/wp-json\/wp\/v2\/product_brand?post=7656"},{"taxonomy":"product_cat","embeddable":true,"href":"https:\/\/www.agrolac.com\/pt-pt\/wp-json\/wp\/v2\/product_cat?post=7656"},{"taxonomy":"product_tag","embeddable":true,"href":"https:\/\/www.agrolac.com\/pt-pt\/wp-json\/wp\/v2\/product_tag?post=7656"}],"curies":[{"name":"wp","href":"https:\/\/api.w.org\/{rel}","templated":true}]}}