{"id":7636,"date":"2026-01-08T22:21:45","date_gmt":"2026-01-08T21:21:45","guid":{"rendered":"https:\/\/www.agrolac.com\/producto\/agrolac-anti-stress\/"},"modified":"2026-03-02T19:21:38","modified_gmt":"2026-03-02T18:21:38","slug":"agrolac-anti-stress","status":"publish","type":"product","link":"https:\/\/www.agrolac.com\/pt-pt\/producto\/agrolac-anti-stress\/","title":{"rendered":"Agrolac\u00ae Anti-Stress"},"content":{"rendered":"<h2>AGROLAC\u00ae ANTI-STRESS<\/h2>\n<p><strong>AGROLAC\u00ae ANTI-STRESS<\/strong>, gra\u00e7as ao <strong>magn\u00e9sio (Mg)<\/strong> e aos <strong>extractos de algas<\/strong> (que fornecem \u00e1cido alg\u00ednico, manitol, beta\u00ednas, poliaminas e polissac\u00e1ridos), favorece a forma\u00e7\u00e3o de clorofila e de prote\u00ednas e ativa as enzimas envolvidas no metabolismo dos hidratos de carbono.<\/p>\n<p>A sua formula\u00e7\u00e3o estimula os processos metab\u00f3licos de oxi-redu\u00e7\u00e3o, a s\u00edntese de hidratos de carbono e o movimento da seiva atrav\u00e9s do <strong>floema<\/strong>, contribuindo para um funcionamento fisiol\u00f3gico mais equilibrado da planta.<\/p>\n<p>Al\u00e9m disso, cont\u00e9m <strong>\u00e1cido<\/strong> \u03b3-poliglut\u00e2mico, que apoia a planta em v\u00e1rias situa\u00e7\u00f5es de stress.<\/p>\n<p>O produto tamb\u00e9m incorpora <strong>amino\u00e1cidos livres<\/strong>, incluindo \u00e1cido glut\u00e2mico, glicina, alanina, metionina, arginina, prolina e tirosina, relacionados com fun\u00e7\u00f5es como a s\u00edntese de clorofila, a forma\u00e7\u00e3o de novos rebentos, o crescimento das ra\u00edzes e o apoio ao equil\u00edbrio fisiol\u00f3gico da planta, dependendo do est\u00e1dio fenol\u00f3gico.<\/p>\n<p>Quando aplicado no solo, <strong>AGROLAC\u00ae ANTI-STRESS<\/strong> proporciona uma capacidade hidrof\u00edlica, melhora a absor\u00e7\u00e3o dos nutrientes, ajuda a equilibrar o <strong>pH do solo<\/strong>, favorece o <strong>efeito quelante<\/strong> dos i\u00f5es de metais pesados e melhora a absor\u00e7\u00e3o dos adubos tradicionais.<\/p>\n<h3>Benef\u00edcios agron\u00f3micos<\/h3>\n<ul>\n<li><strong>Apoio para diferentes tipos de stress<\/strong>.<\/li>\n<li><strong>Estimula a forma\u00e7\u00e3o de clorofila e de prote\u00ednas<\/strong>.<\/li>\n<li><strong>Ativa\u00e7\u00e3o do metabolismo dos hidratos de carbono<\/strong> e <strong>da<\/strong> s\u00edntese dos hidratos de carbono.<\/li>\n<li>Apoia <strong>o equil\u00edbrio fisiol\u00f3gico<\/strong> e o movimento da seiva.<\/li>\n<li><strong>Melhora a utiliza\u00e7\u00e3o de nutrientes e fertilizantes<\/strong>.<\/li>\n<\/ul>\n<p>&nbsp;<\/p>\n<h3>Aplica\u00e7\u00e3o<\/h3>\n<p><strong>AGROLAC\u00ae ANTI-STRESS<\/strong> \u00e9 um adubo para aplica\u00e7\u00e3o <strong>foliar e fertirriga\u00e7\u00e3o<\/strong>. Deve ser utilizado adaptando a dose e o momento de aplica\u00e7\u00e3o \u00e0s necessidades da cultura e \u00e0s condi\u00e7\u00f5es agron\u00f3micas. <\/p>\n<h3>Observa\u00e7\u00f5es<\/h3>\n<p>N\u00e3o tratar a temperaturas superiores a 30 \u00baC. N\u00e3o misturar com produtos \u00e0 base de estanho ou \u00f3leos minerais. <\/p>\n","protected":false},"excerpt":{"rendered":"<p>Produto concebido para ajudar a cultura a ultrapas\u2026<\/p>\n","protected":false},"featured_media":6330,"comment_status":"closed","ping_status":"closed","template":"","meta":{"_acf_changed":false,"_joinchat":[]},"certificacion":[434],"cultivo":[591,738,739,1106,593,598,594,1181,599,592,1104,1179,1474,1178,1180,1105],"product_brand":[],"product_cat":[398],"product_tag":[],"class_list":{"0":"post-7636","1":"product","2":"type-product","3":"status-publish","4":"has-post-thumbnail","6":"certificacion-residuo-zero","7":"cultivo-arvores-de-fruto","8":"cultivo-arvores-de-fruto-de-caroco","9":"cultivo-arvores-de-fruto-de-pomoideas","10":"cultivo-brassicas","11":"cultivo-cereais","12":"cultivo-citrinos","13":"cultivo-culturas-industriais","14":"cultivo-forragens-e-pastagens","15":"cultivo-frutos-secos","16":"cultivo-horticultura","17":"cultivo-horticultura-de-frutas","18":"cultivo-leguminosas","19":"cultivo-plantas-ornamentais-e-viveiros","20":"cultivo-sementes-oleaginosas","21":"cultivo-tropical-subtropical","22":"cultivo-videira","23":"product_cat-fertilizantes","25":"first","26":"instock","27":"shipping-taxable","28":"product-type-simple"},"acf":[],"yoast_head":"<!-- This site is optimized with the Yoast SEO plugin v27.1.1 - https:\/\/yoast.com\/product\/yoast-seo-wordpress\/ -->\n<title>Agrolac\u00ae Anti-Stress - Agrolac<\/title>\n<meta name=\"description\" content=\"Agrolac\u00ae Anti-Stress \u00e9 um fertilizante foliar e de fertirriga\u00e7\u00e3o com Mg, extractos de algas, \u00e1cido \u03b3-poliglut\u00e2mico e amino\u00e1cidos para apoiar a planta sob stress.\" \/>\n<meta name=\"robots\" content=\"index, follow, max-snippet:-1, max-image-preview:large, max-video-preview:-1\" \/>\n<link rel=\"canonical\" href=\"https:\/\/www.agrolac.com\/pt-pt\/producto\/agrolac-anti-stress\/\" \/>\n<meta property=\"og:locale\" content=\"pt_PT\" \/>\n<meta property=\"og:type\" content=\"article\" \/>\n<meta property=\"og:title\" content=\"Agrolac\u00ae Anti-Stress - Agrolac\" \/>\n<meta property=\"og:description\" content=\"Agrolac\u00ae Anti-Stress \u00e9 um fertilizante foliar e de fertirriga\u00e7\u00e3o com Mg, extractos de algas, \u00e1cido \u03b3-poliglut\u00e2mico e amino\u00e1cidos para apoiar a planta sob stress.\" \/>\n<meta property=\"og:url\" content=\"https:\/\/www.agrolac.com\/pt-pt\/producto\/agrolac-anti-stress\/\" \/>\n<meta property=\"og:site_name\" content=\"Agrolac\" \/>\n<meta property=\"article:modified_time\" content=\"2026-03-02T18:21:38+00:00\" \/>\n<meta property=\"og:image\" content=\"https:\/\/www.agrolac.com\/wp-content\/uploads\/2026\/01\/cultivo-tomates.webp\" \/>\n\t<meta property=\"og:image:width\" content=\"1920\" \/>\n\t<meta property=\"og:image:height\" content=\"1280\" \/>\n\t<meta property=\"og:image:type\" content=\"image\/webp\" \/>\n<meta name=\"twitter:card\" content=\"summary_large_image\" \/>\n<meta name=\"twitter:label1\" content=\"Est. reading time\" \/>\n\t<meta name=\"twitter:data1\" content=\"2 minutes\" \/>\n<script type=\"application\/ld+json\" class=\"yoast-schema-graph\">{\"@context\":\"https:\/\/schema.org\",\"@graph\":[{\"@type\":\"WebPage\",\"@id\":\"https:\/\/www.agrolac.com\/pt-pt\/producto\/agrolac-anti-stress\/\",\"url\":\"https:\/\/www.agrolac.com\/pt-pt\/producto\/agrolac-anti-stress\/\",\"name\":\"Agrolac\u00ae Anti-Stress - Agrolac\",\"isPartOf\":{\"@id\":\"https:\/\/www.agrolac.com\/pt-pt\/#website\"},\"primaryImageOfPage\":{\"@id\":\"https:\/\/www.agrolac.com\/pt-pt\/producto\/agrolac-anti-stress\/#primaryimage\"},\"image\":{\"@id\":\"https:\/\/www.agrolac.com\/pt-pt\/producto\/agrolac-anti-stress\/#primaryimage\"},\"thumbnailUrl\":\"https:\/\/www.agrolac.com\/wp-content\/uploads\/2026\/01\/cultivo-tomates.webp\",\"datePublished\":\"2026-01-08T21:21:45+00:00\",\"dateModified\":\"2026-03-02T18:21:38+00:00\",\"description\":\"Agrolac\u00ae Anti-Stress \u00e9 um fertilizante foliar e de fertirriga\u00e7\u00e3o com Mg, extractos de algas, \u00e1cido \u03b3-poliglut\u00e2mico e amino\u00e1cidos para apoiar a planta sob stress.\",\"breadcrumb\":{\"@id\":\"https:\/\/www.agrolac.com\/pt-pt\/producto\/agrolac-anti-stress\/#breadcrumb\"},\"inLanguage\":\"pt-PT\",\"potentialAction\":[{\"@type\":\"ReadAction\",\"target\":[\"https:\/\/www.agrolac.com\/pt-pt\/producto\/agrolac-anti-stress\/\"]}]},{\"@type\":\"ImageObject\",\"inLanguage\":\"pt-PT\",\"@id\":\"https:\/\/www.agrolac.com\/pt-pt\/producto\/agrolac-anti-stress\/#primaryimage\",\"url\":\"https:\/\/www.agrolac.com\/wp-content\/uploads\/2026\/01\/cultivo-tomates.webp\",\"contentUrl\":\"https:\/\/www.agrolac.com\/wp-content\/uploads\/2026\/01\/cultivo-tomates.webp\",\"width\":1920,\"height\":1280},{\"@type\":\"BreadcrumbList\",\"@id\":\"https:\/\/www.agrolac.com\/pt-pt\/producto\/agrolac-anti-stress\/#breadcrumb\",\"itemListElement\":[{\"@type\":\"ListItem\",\"position\":1,\"name\":\"In\u00edcio\",\"item\":\"https:\/\/www.agrolac.com\/pt-pt\/casa\/\"},{\"@type\":\"ListItem\",\"position\":2,\"name\":\"Produtos\",\"item\":\"https:\/\/www.agrolac.com\/pt-pt\/produtos\/\"},{\"@type\":\"ListItem\",\"position\":3,\"name\":\"Fertilizantes\",\"item\":\"https:\/\/www.agrolac.com\/pt-pt\/categoria-producto\/fertilizantes\/\"},{\"@type\":\"ListItem\",\"position\":4,\"name\":\"Agrolac\u00ae Anti-Stress\"}]},{\"@type\":\"WebSite\",\"@id\":\"https:\/\/www.agrolac.com\/pt-pt\/#website\",\"url\":\"https:\/\/www.agrolac.com\/pt-pt\/\",\"name\":\"VICORQUIMIA\",\"description\":\"Agrolac \u00e9s una empresa de Barcelona, fundada el 1982, especialitzada en distribuci\u00f3 de productes agroqu\u00edmics per a l&#039;agricultura europea.\",\"publisher\":{\"@id\":\"https:\/\/www.agrolac.com\/pt-pt\/#organization\"},\"potentialAction\":[{\"@type\":\"SearchAction\",\"target\":{\"@type\":\"EntryPoint\",\"urlTemplate\":\"https:\/\/www.agrolac.com\/pt-pt\/?s={search_term_string}\"},\"query-input\":{\"@type\":\"PropertyValueSpecification\",\"valueRequired\":true,\"valueName\":\"search_term_string\"}}],\"inLanguage\":\"pt-PT\"},{\"@type\":\"Organization\",\"@id\":\"https:\/\/www.agrolac.com\/pt-pt\/#organization\",\"name\":\"VICORQUIMIA\",\"url\":\"https:\/\/www.agrolac.com\/pt-pt\/\",\"logo\":{\"@type\":\"ImageObject\",\"inLanguage\":\"pt-PT\",\"@id\":\"https:\/\/www.agrolac.com\/pt-pt\/#\/schema\/logo\/image\/\",\"url\":\"https:\/\/www.agrolac.com\/wp-content\/uploads\/2025\/10\/agrolac-logo.svg\",\"contentUrl\":\"https:\/\/www.agrolac.com\/wp-content\/uploads\/2025\/10\/agrolac-logo.svg\",\"caption\":\"VICORQUIMIA\"},\"image\":{\"@id\":\"https:\/\/www.agrolac.com\/pt-pt\/#\/schema\/logo\/image\/\"},\"sameAs\":[\"https:\/\/www.linkedin.com\/company\/vicorquimia\/\"]}]}<\/script>\n<!-- \/ Yoast SEO plugin. -->","yoast_head_json":{"title":"Agrolac\u00ae Anti-Stress - Agrolac","description":"Agrolac\u00ae Anti-Stress \u00e9 um fertilizante foliar e de fertirriga\u00e7\u00e3o com Mg, extractos de algas, \u00e1cido \u03b3-poliglut\u00e2mico e amino\u00e1cidos para apoiar a planta sob stress.","robots":{"index":"index","follow":"follow","max-snippet":"max-snippet:-1","max-image-preview":"max-image-preview:large","max-video-preview":"max-video-preview:-1"},"canonical":"https:\/\/www.agrolac.com\/pt-pt\/producto\/agrolac-anti-stress\/","og_locale":"pt_PT","og_type":"article","og_title":"Agrolac\u00ae Anti-Stress - Agrolac","og_description":"Agrolac\u00ae Anti-Stress \u00e9 um fertilizante foliar e de fertirriga\u00e7\u00e3o com Mg, extractos de algas, \u00e1cido \u03b3-poliglut\u00e2mico e amino\u00e1cidos para apoiar a planta sob stress.","og_url":"https:\/\/www.agrolac.com\/pt-pt\/producto\/agrolac-anti-stress\/","og_site_name":"Agrolac","article_modified_time":"2026-03-02T18:21:38+00:00","og_image":[{"width":1920,"height":1280,"url":"https:\/\/www.agrolac.com\/wp-content\/uploads\/2026\/01\/cultivo-tomates.webp","type":"image\/webp"}],"twitter_card":"summary_large_image","twitter_misc":{"Est. reading time":"2 minutes"},"schema":{"@context":"https:\/\/schema.org","@graph":[{"@type":"WebPage","@id":"https:\/\/www.agrolac.com\/pt-pt\/producto\/agrolac-anti-stress\/","url":"https:\/\/www.agrolac.com\/pt-pt\/producto\/agrolac-anti-stress\/","name":"Agrolac\u00ae Anti-Stress - Agrolac","isPartOf":{"@id":"https:\/\/www.agrolac.com\/pt-pt\/#website"},"primaryImageOfPage":{"@id":"https:\/\/www.agrolac.com\/pt-pt\/producto\/agrolac-anti-stress\/#primaryimage"},"image":{"@id":"https:\/\/www.agrolac.com\/pt-pt\/producto\/agrolac-anti-stress\/#primaryimage"},"thumbnailUrl":"https:\/\/www.agrolac.com\/wp-content\/uploads\/2026\/01\/cultivo-tomates.webp","datePublished":"2026-01-08T21:21:45+00:00","dateModified":"2026-03-02T18:21:38+00:00","description":"Agrolac\u00ae Anti-Stress \u00e9 um fertilizante foliar e de fertirriga\u00e7\u00e3o com Mg, extractos de algas, \u00e1cido \u03b3-poliglut\u00e2mico e amino\u00e1cidos para apoiar a planta sob stress.","breadcrumb":{"@id":"https:\/\/www.agrolac.com\/pt-pt\/producto\/agrolac-anti-stress\/#breadcrumb"},"inLanguage":"pt-PT","potentialAction":[{"@type":"ReadAction","target":["https:\/\/www.agrolac.com\/pt-pt\/producto\/agrolac-anti-stress\/"]}]},{"@type":"ImageObject","inLanguage":"pt-PT","@id":"https:\/\/www.agrolac.com\/pt-pt\/producto\/agrolac-anti-stress\/#primaryimage","url":"https:\/\/www.agrolac.com\/wp-content\/uploads\/2026\/01\/cultivo-tomates.webp","contentUrl":"https:\/\/www.agrolac.com\/wp-content\/uploads\/2026\/01\/cultivo-tomates.webp","width":1920,"height":1280},{"@type":"BreadcrumbList","@id":"https:\/\/www.agrolac.com\/pt-pt\/producto\/agrolac-anti-stress\/#breadcrumb","itemListElement":[{"@type":"ListItem","position":1,"name":"In\u00edcio","item":"https:\/\/www.agrolac.com\/pt-pt\/casa\/"},{"@type":"ListItem","position":2,"name":"Produtos","item":"https:\/\/www.agrolac.com\/pt-pt\/produtos\/"},{"@type":"ListItem","position":3,"name":"Fertilizantes","item":"https:\/\/www.agrolac.com\/pt-pt\/categoria-producto\/fertilizantes\/"},{"@type":"ListItem","position":4,"name":"Agrolac\u00ae Anti-Stress"}]},{"@type":"WebSite","@id":"https:\/\/www.agrolac.com\/pt-pt\/#website","url":"https:\/\/www.agrolac.com\/pt-pt\/","name":"VICORQUIMIA","description":"Agrolac \u00e9s una empresa de Barcelona, fundada el 1982, especialitzada en distribuci\u00f3 de productes agroqu\u00edmics per a l&#039;agricultura europea.","publisher":{"@id":"https:\/\/www.agrolac.com\/pt-pt\/#organization"},"potentialAction":[{"@type":"SearchAction","target":{"@type":"EntryPoint","urlTemplate":"https:\/\/www.agrolac.com\/pt-pt\/?s={search_term_string}"},"query-input":{"@type":"PropertyValueSpecification","valueRequired":true,"valueName":"search_term_string"}}],"inLanguage":"pt-PT"},{"@type":"Organization","@id":"https:\/\/www.agrolac.com\/pt-pt\/#organization","name":"VICORQUIMIA","url":"https:\/\/www.agrolac.com\/pt-pt\/","logo":{"@type":"ImageObject","inLanguage":"pt-PT","@id":"https:\/\/www.agrolac.com\/pt-pt\/#\/schema\/logo\/image\/","url":"https:\/\/www.agrolac.com\/wp-content\/uploads\/2025\/10\/agrolac-logo.svg","contentUrl":"https:\/\/www.agrolac.com\/wp-content\/uploads\/2025\/10\/agrolac-logo.svg","caption":"VICORQUIMIA"},"image":{"@id":"https:\/\/www.agrolac.com\/pt-pt\/#\/schema\/logo\/image\/"},"sameAs":["https:\/\/www.linkedin.com\/company\/vicorquimia\/"]}]}},"_links":{"self":[{"href":"https:\/\/www.agrolac.com\/pt-pt\/wp-json\/wp\/v2\/product\/7636","targetHints":{"allow":["GET"]}}],"collection":[{"href":"https:\/\/www.agrolac.com\/pt-pt\/wp-json\/wp\/v2\/product"}],"about":[{"href":"https:\/\/www.agrolac.com\/pt-pt\/wp-json\/wp\/v2\/types\/product"}],"replies":[{"embeddable":true,"href":"https:\/\/www.agrolac.com\/pt-pt\/wp-json\/wp\/v2\/comments?post=7636"}],"wp:featuredmedia":[{"embeddable":true,"href":"https:\/\/www.agrolac.com\/pt-pt\/wp-json\/wp\/v2\/media\/6330"}],"wp:attachment":[{"href":"https:\/\/www.agrolac.com\/pt-pt\/wp-json\/wp\/v2\/media?parent=7636"}],"wp:term":[{"taxonomy":"certificacion","embeddable":true,"href":"https:\/\/www.agrolac.com\/pt-pt\/wp-json\/wp\/v2\/certificacion?post=7636"},{"taxonomy":"cultivo","embeddable":true,"href":"https:\/\/www.agrolac.com\/pt-pt\/wp-json\/wp\/v2\/cultivo?post=7636"},{"taxonomy":"product_brand","embeddable":true,"href":"https:\/\/www.agrolac.com\/pt-pt\/wp-json\/wp\/v2\/product_brand?post=7636"},{"taxonomy":"product_cat","embeddable":true,"href":"https:\/\/www.agrolac.com\/pt-pt\/wp-json\/wp\/v2\/product_cat?post=7636"},{"taxonomy":"product_tag","embeddable":true,"href":"https:\/\/www.agrolac.com\/pt-pt\/wp-json\/wp\/v2\/product_tag?post=7636"}],"curies":[{"name":"wp","href":"https:\/\/api.w.org\/{rel}","templated":true}]}}