{"id":7616,"date":"2026-01-08T22:27:55","date_gmt":"2026-01-08T21:27:55","guid":{"rendered":"https:\/\/www.agrolac.com\/producto\/raiz-de-provic\/"},"modified":"2026-03-05T01:28:42","modified_gmt":"2026-03-05T00:28:42","slug":"raiz-de-provic","status":"publish","type":"product","link":"https:\/\/www.agrolac.com\/pt-pt\/producto\/raiz-de-provic\/","title":{"rendered":"Provic\u00ae Raiz"},"content":{"rendered":"<h2><strong>Provic\u00ae<\/strong> Raiz<\/h2>\n<p><strong>PROVIC\u00ae ROOT<\/strong> \u00e9 um produto \u00e0 base de <strong>inoculantes de fungos micorr\u00edzicos<\/strong> e <strong>bact\u00e9rias da rizosfera<\/strong>, formulado como um <strong>l\u00edquido sol\u00favel (SL)<\/strong>, com alta capacidade de bioestimula\u00e7\u00e3o nas plantas. A sua aplica\u00e7\u00e3o tem por objetivo <span class=\"s1\"><b>apoiar o crescimento e o desenvolvimento da cultura<\/b><\/span>especialmente nas fases em que o sistema radicular faz a diferen\u00e7a. Os microrganismos presentes podem estabelecer uma <span class=\"s1\"><b>rela\u00e7\u00e3o mutualista<\/b><\/span> com a planta, ajudando a melhorar a utiliza\u00e7\u00e3o dos nutrientes e a acompanhar a cultura em situa\u00e7\u00f5es de stress abi\u00f3tico. <span class=\"s1\"><b>stress abi\u00f3tico<\/b><\/span> (por exemplo, salinidade, falta de \u00e1gua, calor ou fitotoxicidade). <\/p>\n<p><strong>PROVIC\u00ae ROOT <\/strong>ativa processos metab\u00f3licos que ajudam a revitalizar a planta e a promover o seu desenvolvimento, influenciando o crescimento vegetativo e radicular e a produtividade das culturas, aumentando a <strong>absor\u00e7\u00e3o de nutrientes e de azoto<\/strong>.<\/p>\n<p>Devido \u00e0 sua composi\u00e7\u00e3o, <strong>PROVIC\u00ae ROOT <\/strong> pode ser utilizado em diferentes fases do desenvolvimento da cultura, incluindo <strong>a germina\u00e7\u00e3o, o rebento, a folhagem, a pr\u00e9-flora\u00e7\u00e3o, a frutifica\u00e7\u00e3o, a engorda e o amadurecimento<\/strong> em plantas de folha e de fruto.<\/p>\n<h3>Benef\u00edcios agron\u00f3micos<\/h3>\n<ul>\n<li><strong>Bioestimula\u00e7\u00e3o do crescimento radicular e vegetativo<\/strong>.<\/li>\n<li><strong>Melhora a absor\u00e7\u00e3o de nutrientes e de azoto<\/strong>.<\/li>\n<li><strong>Apoia as culturas<\/strong> contra o sal, a \u00e1gua e outros stresses abi\u00f3ticos.<\/li>\n<li><strong>Rela\u00e7\u00e3o mutualista<\/strong> com microrganismos ben\u00e9ficos.<\/li>\n<li>Utiliza <strong>em diferentes fases do desenvolvimento<\/strong> da cultura.<\/li>\n<\/ul>\n<p>&nbsp;<\/p>\n<h3>Aplica\u00e7\u00e3o<\/h3>\n<p><strong>PROVIC\u00ae ROOT <\/strong> pode ser aplicado principalmente por <strong>fertirriga\u00e7\u00e3o<\/strong>, adaptando a dose e o momento de aplica\u00e7\u00e3o \u00e0s necessidades da cultura e \u00e0s condi\u00e7\u00f5es agron\u00f3micas.<\/p>\n<h3>Observa\u00e7\u00f5es<\/h3>\n<p><span style=\"font-family: -apple-system, BlinkMacSystemFont, 'Segoe UI', Roboto, 'Helvetica Neue', Arial, 'Noto Sans', sans-serif, 'Apple Color Emoji', 'Segoe UI Emoji', 'Segoe UI Symbol', 'Noto Color Emoji';\">N\u00e3o tratar a temperaturas superiores a 30 \u00baC. N\u00e3o misturar com produtos \u00e0 base de estanho ou \u00f3leos minerais. <\/span><\/p>\n","protected":false},"excerpt":{"rendered":"<p>Produto concebido para estimular o desenvolvimento\u2026<\/p>\n","protected":false},"featured_media":5625,"comment_status":"closed","ping_status":"closed","template":"","meta":{"_acf_changed":false,"_joinchat":[]},"certificacion":[426,434],"cultivo":[591,738,739,1106,598,592,1104,1107,1180],"product_brand":[],"product_cat":[398],"product_tag":[],"class_list":{"0":"post-7616","1":"product","2":"type-product","3":"status-publish","4":"has-post-thumbnail","6":"certificacion-biologico","7":"certificacion-residuo-zero","8":"cultivo-arvores-de-fruto","9":"cultivo-arvores-de-fruto-de-caroco","10":"cultivo-arvores-de-fruto-de-pomoideas","11":"cultivo-brassicas","12":"cultivo-citrinos","13":"cultivo-horticultura","14":"cultivo-horticultura-de-frutas","15":"cultivo-raiz-e-bolbo","16":"cultivo-tropical-subtropical","17":"product_cat-fertilizantes","19":"first","20":"instock","21":"shipping-taxable","22":"product-type-simple"},"acf":[],"yoast_head":"<!-- This site is optimized with the Yoast SEO plugin v27.1.1 - https:\/\/yoast.com\/product\/yoast-seo-wordpress\/ -->\n<title>Provic\u00ae Raiz - Agrolac<\/title>\n<meta name=\"description\" content=\"Provic\u00ae Raiz \u00e9 um bioestimulante l\u00edquido com micorrizas e bact\u00e9rias da rizosfera para fertirriga\u00e7\u00e3o: apoia o desenvolvimento das ra\u00edzes e a absor\u00e7\u00e3o de nutrientes.\" \/>\n<meta name=\"robots\" content=\"index, follow, max-snippet:-1, max-image-preview:large, max-video-preview:-1\" \/>\n<link rel=\"canonical\" href=\"https:\/\/www.agrolac.com\/pt-pt\/producto\/raiz-de-provic\/\" \/>\n<meta property=\"og:locale\" content=\"pt_PT\" \/>\n<meta property=\"og:type\" content=\"article\" \/>\n<meta property=\"og:title\" content=\"Provic\u00ae Raiz - Agrolac\" \/>\n<meta property=\"og:description\" content=\"Provic\u00ae Raiz \u00e9 um bioestimulante l\u00edquido com micorrizas e bact\u00e9rias da rizosfera para fertirriga\u00e7\u00e3o: apoia o desenvolvimento das ra\u00edzes e a absor\u00e7\u00e3o de nutrientes.\" \/>\n<meta property=\"og:url\" content=\"https:\/\/www.agrolac.com\/pt-pt\/producto\/raiz-de-provic\/\" \/>\n<meta property=\"og:site_name\" content=\"Agrolac\" \/>\n<meta property=\"article:modified_time\" content=\"2026-03-05T00:28:42+00:00\" \/>\n<meta property=\"og:image\" content=\"https:\/\/www.agrolac.com\/wp-content\/uploads\/2025\/10\/provic-root-raices.webp\" \/>\n\t<meta property=\"og:image:width\" content=\"1500\" \/>\n\t<meta property=\"og:image:height\" content=\"760\" \/>\n\t<meta property=\"og:image:type\" content=\"image\/webp\" \/>\n<meta name=\"twitter:card\" content=\"summary_large_image\" \/>\n<meta name=\"twitter:label1\" content=\"Est. reading time\" \/>\n\t<meta name=\"twitter:data1\" content=\"1 minute\" \/>\n<script type=\"application\/ld+json\" class=\"yoast-schema-graph\">{\"@context\":\"https:\/\/schema.org\",\"@graph\":[{\"@type\":\"WebPage\",\"@id\":\"https:\/\/www.agrolac.com\/pt-pt\/producto\/raiz-de-provic\/\",\"url\":\"https:\/\/www.agrolac.com\/pt-pt\/producto\/raiz-de-provic\/\",\"name\":\"Provic\u00ae Raiz - Agrolac\",\"isPartOf\":{\"@id\":\"https:\/\/www.agrolac.com\/pt-pt\/#website\"},\"primaryImageOfPage\":{\"@id\":\"https:\/\/www.agrolac.com\/pt-pt\/producto\/raiz-de-provic\/#primaryimage\"},\"image\":{\"@id\":\"https:\/\/www.agrolac.com\/pt-pt\/producto\/raiz-de-provic\/#primaryimage\"},\"thumbnailUrl\":\"https:\/\/www.agrolac.com\/wp-content\/uploads\/2025\/10\/provic-root-raices.webp\",\"datePublished\":\"2026-01-08T21:27:55+00:00\",\"dateModified\":\"2026-03-05T00:28:42+00:00\",\"description\":\"Provic\u00ae Raiz \u00e9 um bioestimulante l\u00edquido com micorrizas e bact\u00e9rias da rizosfera para fertirriga\u00e7\u00e3o: apoia o desenvolvimento das ra\u00edzes e a absor\u00e7\u00e3o de nutrientes.\",\"breadcrumb\":{\"@id\":\"https:\/\/www.agrolac.com\/pt-pt\/producto\/raiz-de-provic\/#breadcrumb\"},\"inLanguage\":\"pt-PT\",\"potentialAction\":[{\"@type\":\"ReadAction\",\"target\":[\"https:\/\/www.agrolac.com\/pt-pt\/producto\/raiz-de-provic\/\"]}]},{\"@type\":\"ImageObject\",\"inLanguage\":\"pt-PT\",\"@id\":\"https:\/\/www.agrolac.com\/pt-pt\/producto\/raiz-de-provic\/#primaryimage\",\"url\":\"https:\/\/www.agrolac.com\/wp-content\/uploads\/2025\/10\/provic-root-raices.webp\",\"contentUrl\":\"https:\/\/www.agrolac.com\/wp-content\/uploads\/2025\/10\/provic-root-raices.webp\",\"width\":1500,\"height\":760},{\"@type\":\"BreadcrumbList\",\"@id\":\"https:\/\/www.agrolac.com\/pt-pt\/producto\/raiz-de-provic\/#breadcrumb\",\"itemListElement\":[{\"@type\":\"ListItem\",\"position\":1,\"name\":\"In\u00edcio\",\"item\":\"https:\/\/www.agrolac.com\/pt-pt\/casa\/\"},{\"@type\":\"ListItem\",\"position\":2,\"name\":\"Produtos\",\"item\":\"https:\/\/www.agrolac.com\/pt-pt\/produtos\/\"},{\"@type\":\"ListItem\",\"position\":3,\"name\":\"Fertilizantes\",\"item\":\"https:\/\/www.agrolac.com\/pt-pt\/categoria-producto\/fertilizantes\/\"},{\"@type\":\"ListItem\",\"position\":4,\"name\":\"Provic\u00ae Raiz\"}]},{\"@type\":\"WebSite\",\"@id\":\"https:\/\/www.agrolac.com\/pt-pt\/#website\",\"url\":\"https:\/\/www.agrolac.com\/pt-pt\/\",\"name\":\"VICORQUIMIA\",\"description\":\"Agrolac \u00e9s una empresa de Barcelona, fundada el 1982, especialitzada en distribuci\u00f3 de productes agroqu\u00edmics per a l&#039;agricultura europea.\",\"publisher\":{\"@id\":\"https:\/\/www.agrolac.com\/pt-pt\/#organization\"},\"potentialAction\":[{\"@type\":\"SearchAction\",\"target\":{\"@type\":\"EntryPoint\",\"urlTemplate\":\"https:\/\/www.agrolac.com\/pt-pt\/?s={search_term_string}\"},\"query-input\":{\"@type\":\"PropertyValueSpecification\",\"valueRequired\":true,\"valueName\":\"search_term_string\"}}],\"inLanguage\":\"pt-PT\"},{\"@type\":\"Organization\",\"@id\":\"https:\/\/www.agrolac.com\/pt-pt\/#organization\",\"name\":\"VICORQUIMIA\",\"url\":\"https:\/\/www.agrolac.com\/pt-pt\/\",\"logo\":{\"@type\":\"ImageObject\",\"inLanguage\":\"pt-PT\",\"@id\":\"https:\/\/www.agrolac.com\/pt-pt\/#\/schema\/logo\/image\/\",\"url\":\"https:\/\/www.agrolac.com\/wp-content\/uploads\/2025\/10\/agrolac-logo.svg\",\"contentUrl\":\"https:\/\/www.agrolac.com\/wp-content\/uploads\/2025\/10\/agrolac-logo.svg\",\"caption\":\"VICORQUIMIA\"},\"image\":{\"@id\":\"https:\/\/www.agrolac.com\/pt-pt\/#\/schema\/logo\/image\/\"},\"sameAs\":[\"https:\/\/www.linkedin.com\/company\/vicorquimia\/\"]}]}<\/script>\n<!-- \/ Yoast SEO plugin. -->","yoast_head_json":{"title":"Provic\u00ae Raiz - Agrolac","description":"Provic\u00ae Raiz \u00e9 um bioestimulante l\u00edquido com micorrizas e bact\u00e9rias da rizosfera para fertirriga\u00e7\u00e3o: apoia o desenvolvimento das ra\u00edzes e a absor\u00e7\u00e3o de nutrientes.","robots":{"index":"index","follow":"follow","max-snippet":"max-snippet:-1","max-image-preview":"max-image-preview:large","max-video-preview":"max-video-preview:-1"},"canonical":"https:\/\/www.agrolac.com\/pt-pt\/producto\/raiz-de-provic\/","og_locale":"pt_PT","og_type":"article","og_title":"Provic\u00ae Raiz - Agrolac","og_description":"Provic\u00ae Raiz \u00e9 um bioestimulante l\u00edquido com micorrizas e bact\u00e9rias da rizosfera para fertirriga\u00e7\u00e3o: apoia o desenvolvimento das ra\u00edzes e a absor\u00e7\u00e3o de nutrientes.","og_url":"https:\/\/www.agrolac.com\/pt-pt\/producto\/raiz-de-provic\/","og_site_name":"Agrolac","article_modified_time":"2026-03-05T00:28:42+00:00","og_image":[{"width":1500,"height":760,"url":"https:\/\/www.agrolac.com\/wp-content\/uploads\/2025\/10\/provic-root-raices.webp","type":"image\/webp"}],"twitter_card":"summary_large_image","twitter_misc":{"Est. reading time":"1 minute"},"schema":{"@context":"https:\/\/schema.org","@graph":[{"@type":"WebPage","@id":"https:\/\/www.agrolac.com\/pt-pt\/producto\/raiz-de-provic\/","url":"https:\/\/www.agrolac.com\/pt-pt\/producto\/raiz-de-provic\/","name":"Provic\u00ae Raiz - Agrolac","isPartOf":{"@id":"https:\/\/www.agrolac.com\/pt-pt\/#website"},"primaryImageOfPage":{"@id":"https:\/\/www.agrolac.com\/pt-pt\/producto\/raiz-de-provic\/#primaryimage"},"image":{"@id":"https:\/\/www.agrolac.com\/pt-pt\/producto\/raiz-de-provic\/#primaryimage"},"thumbnailUrl":"https:\/\/www.agrolac.com\/wp-content\/uploads\/2025\/10\/provic-root-raices.webp","datePublished":"2026-01-08T21:27:55+00:00","dateModified":"2026-03-05T00:28:42+00:00","description":"Provic\u00ae Raiz \u00e9 um bioestimulante l\u00edquido com micorrizas e bact\u00e9rias da rizosfera para fertirriga\u00e7\u00e3o: apoia o desenvolvimento das ra\u00edzes e a absor\u00e7\u00e3o de nutrientes.","breadcrumb":{"@id":"https:\/\/www.agrolac.com\/pt-pt\/producto\/raiz-de-provic\/#breadcrumb"},"inLanguage":"pt-PT","potentialAction":[{"@type":"ReadAction","target":["https:\/\/www.agrolac.com\/pt-pt\/producto\/raiz-de-provic\/"]}]},{"@type":"ImageObject","inLanguage":"pt-PT","@id":"https:\/\/www.agrolac.com\/pt-pt\/producto\/raiz-de-provic\/#primaryimage","url":"https:\/\/www.agrolac.com\/wp-content\/uploads\/2025\/10\/provic-root-raices.webp","contentUrl":"https:\/\/www.agrolac.com\/wp-content\/uploads\/2025\/10\/provic-root-raices.webp","width":1500,"height":760},{"@type":"BreadcrumbList","@id":"https:\/\/www.agrolac.com\/pt-pt\/producto\/raiz-de-provic\/#breadcrumb","itemListElement":[{"@type":"ListItem","position":1,"name":"In\u00edcio","item":"https:\/\/www.agrolac.com\/pt-pt\/casa\/"},{"@type":"ListItem","position":2,"name":"Produtos","item":"https:\/\/www.agrolac.com\/pt-pt\/produtos\/"},{"@type":"ListItem","position":3,"name":"Fertilizantes","item":"https:\/\/www.agrolac.com\/pt-pt\/categoria-producto\/fertilizantes\/"},{"@type":"ListItem","position":4,"name":"Provic\u00ae Raiz"}]},{"@type":"WebSite","@id":"https:\/\/www.agrolac.com\/pt-pt\/#website","url":"https:\/\/www.agrolac.com\/pt-pt\/","name":"VICORQUIMIA","description":"Agrolac \u00e9s una empresa de Barcelona, fundada el 1982, especialitzada en distribuci\u00f3 de productes agroqu\u00edmics per a l&#039;agricultura europea.","publisher":{"@id":"https:\/\/www.agrolac.com\/pt-pt\/#organization"},"potentialAction":[{"@type":"SearchAction","target":{"@type":"EntryPoint","urlTemplate":"https:\/\/www.agrolac.com\/pt-pt\/?s={search_term_string}"},"query-input":{"@type":"PropertyValueSpecification","valueRequired":true,"valueName":"search_term_string"}}],"inLanguage":"pt-PT"},{"@type":"Organization","@id":"https:\/\/www.agrolac.com\/pt-pt\/#organization","name":"VICORQUIMIA","url":"https:\/\/www.agrolac.com\/pt-pt\/","logo":{"@type":"ImageObject","inLanguage":"pt-PT","@id":"https:\/\/www.agrolac.com\/pt-pt\/#\/schema\/logo\/image\/","url":"https:\/\/www.agrolac.com\/wp-content\/uploads\/2025\/10\/agrolac-logo.svg","contentUrl":"https:\/\/www.agrolac.com\/wp-content\/uploads\/2025\/10\/agrolac-logo.svg","caption":"VICORQUIMIA"},"image":{"@id":"https:\/\/www.agrolac.com\/pt-pt\/#\/schema\/logo\/image\/"},"sameAs":["https:\/\/www.linkedin.com\/company\/vicorquimia\/"]}]}},"_links":{"self":[{"href":"https:\/\/www.agrolac.com\/pt-pt\/wp-json\/wp\/v2\/product\/7616","targetHints":{"allow":["GET"]}}],"collection":[{"href":"https:\/\/www.agrolac.com\/pt-pt\/wp-json\/wp\/v2\/product"}],"about":[{"href":"https:\/\/www.agrolac.com\/pt-pt\/wp-json\/wp\/v2\/types\/product"}],"replies":[{"embeddable":true,"href":"https:\/\/www.agrolac.com\/pt-pt\/wp-json\/wp\/v2\/comments?post=7616"}],"wp:featuredmedia":[{"embeddable":true,"href":"https:\/\/www.agrolac.com\/pt-pt\/wp-json\/wp\/v2\/media\/5625"}],"wp:attachment":[{"href":"https:\/\/www.agrolac.com\/pt-pt\/wp-json\/wp\/v2\/media?parent=7616"}],"wp:term":[{"taxonomy":"certificacion","embeddable":true,"href":"https:\/\/www.agrolac.com\/pt-pt\/wp-json\/wp\/v2\/certificacion?post=7616"},{"taxonomy":"cultivo","embeddable":true,"href":"https:\/\/www.agrolac.com\/pt-pt\/wp-json\/wp\/v2\/cultivo?post=7616"},{"taxonomy":"product_brand","embeddable":true,"href":"https:\/\/www.agrolac.com\/pt-pt\/wp-json\/wp\/v2\/product_brand?post=7616"},{"taxonomy":"product_cat","embeddable":true,"href":"https:\/\/www.agrolac.com\/pt-pt\/wp-json\/wp\/v2\/product_cat?post=7616"},{"taxonomy":"product_tag","embeddable":true,"href":"https:\/\/www.agrolac.com\/pt-pt\/wp-json\/wp\/v2\/product_tag?post=7616"}],"curies":[{"name":"wp","href":"https:\/\/api.w.org\/{rel}","templated":true}]}}