{"id":7585,"date":"2026-01-08T22:39:57","date_gmt":"2026-01-08T21:39:57","guid":{"rendered":"https:\/\/www.agrolac.com\/producto\/agrolarix\/"},"modified":"2026-03-09T15:28:08","modified_gmt":"2026-03-09T14:28:08","slug":"agrolarix","status":"publish","type":"product","link":"https:\/\/www.agrolac.com\/pt-pt\/producto\/agrolarix\/","title":{"rendered":"Agrolarix\u00ae"},"content":{"rendered":"<p><strong>AGROLARIX\u00ae<\/strong> \u00e9 um <b>bioestimulante regulador de desenvolvimento<\/b> de origem vegetal, formulado como um <b>l\u00edquido sol\u00favel encapsulado (SL)<\/b>. O seu material ativo prov\u00e9m do <b>extrato de lar\u00edcio siberiano (Larix gmelinii)<\/b> e fornece <b>dihidroquercetina (DHQ)<\/b>. Integra-se nos programas de gest\u00e3o para <b>apoiar a toler\u00e2ncia ao stress abi\u00f3tico<\/b>, promover a <b>efici\u00eancia da utiliza\u00e7\u00e3o dos nutrientes<\/b> e acompanhar os processos culturais ligados \u00e0 <b>flora\u00e7\u00e3o, frutifica\u00e7\u00e3o, engorda e matura\u00e7\u00e3o<\/b>, consoante o objetivo e a cultura. Permite uma utiliza\u00e7\u00e3o flex\u00edvel tanto em aplica\u00e7\u00e3o <b>foliar<\/b> como <b>por irriga\u00e7\u00e3o<\/b>, ajustando as doses e o calend\u00e1rio \u00e0s condi\u00e7\u00f5es agron\u00f3micas.   <\/p>\n<p>Devido \u00e0 sua natureza e formula\u00e7\u00e3o,<strong> AGROLARIX\u00ae<\/strong> posiciona-se como um suporte <b>antioxidante<\/b> dentro da estrat\u00e9gia de gest\u00e3o, contribuindo para o equil\u00edbrio fisiol\u00f3gico da planta quando a cultura enfrenta condi\u00e7\u00f5es ambientais exigentes.<\/p>\n<p>A sua utiliza\u00e7\u00e3o est\u00e1 associada \u00e0 otimiza\u00e7\u00e3o dos principais processos fisiol\u00f3gicos, como o <b>aumento do teor de clorofila<\/b> e <b>da atividade fotossint\u00e9tica<\/b>, a melhoria da resposta das culturas em termos de <b>estado h\u00eddrico<\/b> e do <b>metabolismo dos hidratos de carbono e a mobiliza\u00e7\u00e3o<\/b> para os \u00f3rg\u00e3os produtivos, dependendo do momento fenol\u00f3gico e do programa aplicado.<\/p>\n<p>Al\u00e9m disso, pode ser integrado em orienta\u00e7\u00f5es destinadas a manter o rendimento e a qualidade dos frutos comercializ\u00e1veis, ajudando a estabilizar a resposta das culturas em fases de elevada procura e facilitando uma evolu\u00e7\u00e3o mais homog\u00e9nea do desenvolvimento dos frutos no \u00e2mbito da gest\u00e3o nutricional e fisiol\u00f3gica.<\/p>\n<p>Em aplica\u00e7\u00f5es no solo ou em rega, <strong>AGROLARIX\u00ae<\/strong> \u00e9 incorporado como ferramenta complementar no programa, mantendo a recomenda\u00e7\u00e3o de adaptar o seu uso \u00e0 cultura e ao objetivo agron\u00f3mico, e respeitando as condi\u00e7\u00f5es de aplica\u00e7\u00e3o e compatibilidades indicadas.<\/p>\n<h3>Porqu\u00ea escolher o Agrolarix?<\/h3>\n<ul>\n<li><b>Apoia a toler\u00e2ncia ao stress abi\u00f3tico<\/b> e a efici\u00eancia da utiliza\u00e7\u00e3o de nutrientes.<\/li>\n<li><b>Melhora o estado da \u00e1gua<\/b> nas folhas e ra\u00edzes, contribuindo para uma melhor resposta das culturas ao stress.<\/li>\n<li><b>Aumenta o teor de clorofila e a atividade fotossint\u00e9tica<\/b> durante a flora\u00e7\u00e3o.<\/li>\n<li><b>Promove a mobiliza\u00e7\u00e3o eficaz dos hidratos de carbono<\/b> para os \u00f3rg\u00e3os produtivos (gest\u00e3o\/distribui\u00e7\u00e3o dos fotoassimilados).<\/li>\n<li><b>Modula o perfil hormonal<\/b> (ABA, jasmonato, salic\u00edlico e indolac\u00e9tico) e apoia o metabolismo e o n\u00edvel de defesa da planta.<\/li>\n<li><b>Resultados agron\u00f3micos dos ensaios<\/b>: melhoria <b>do rendimento<\/b>, <b>precocidade<\/b>, <b>calibre\/colora\u00e7\u00e3o<\/b> e <b>rentabilidade<\/b> em fun\u00e7\u00e3o da cultura e da dose.<\/li>\n<\/ul>\n<h3>Aplica\u00e7\u00e3o<\/h3>\n<p><strong>AGROLARIX\u00ae<\/strong> tem uma <strong>vasta gama de aplica\u00e7\u00f5es<\/strong>, incluindo culturas frut\u00edcolas, olival, culturas hort\u00edcolas, vinhas e uvas de mesa, culturas industriais, culturas tropicais e semi-tropicais, relvados de jardim e desportivos, plantas ornamentais, sementes e pl\u00e2ntulas, dependendo dos objectivos desejados.<\/p>\n<h4>Recomenda\u00e7\u00f5es de utiliza\u00e7\u00e3o<\/h4>\n<p><strong>O AGROLARIX\u00ae<\/strong> \u00e9 aplicado adaptando a dose e o momento de aplica\u00e7\u00e3o aos objectivos desejados e ao tipo de cultura, tanto em aplica\u00e7\u00f5es foliares como no solo. O produto pode ser misturado com outros princ\u00edpios activos e nutrientes. <\/p>\n<h3>Observa\u00e7\u00f5es<\/h3>\n<p>N\u00e3o tratar a temperaturas superiores a 30 \u00baC. N\u00e3o misturar com produtos \u00e0 base de estanho ou \u00f3leos minerais. <\/p>\n","protected":false},"excerpt":{"rendered":"<p>Produto concebido para apoiar o desenvolvimento eq\u2026<\/p>\n","protected":false},"featured_media":6420,"comment_status":"closed","ping_status":"closed","template":"","meta":{"_acf_changed":false,"_joinchat":[]},"certificacion":[426,434],"cultivo":[591,738,739,593,598,594,599,592],"product_brand":[],"product_cat":[418],"product_tag":[],"class_list":{"0":"post-7585","1":"product","2":"type-product","3":"status-publish","4":"has-post-thumbnail","6":"certificacion-biologico","7":"certificacion-residuo-zero","8":"cultivo-arvores-de-fruto","9":"cultivo-arvores-de-fruto-de-caroco","10":"cultivo-arvores-de-fruto-de-pomoideas","11":"cultivo-cereais","12":"cultivo-citrinos","13":"cultivo-culturas-industriais","14":"cultivo-frutos-secos","15":"cultivo-horticultura","16":"product_cat-regulador-de-crescimento","18":"first","19":"instock","20":"shipping-taxable","21":"product-type-simple"},"acf":[],"yoast_head":"<!-- This site is optimized with the Yoast SEO plugin v27.1.1 - https:\/\/yoast.com\/product\/yoast-seo-wordpress\/ -->\n<title>Agrolarix\u00ae - Agrolac<\/title>\n<meta name=\"description\" content=\"Agrolarix\u00ae% \u00e9 um bioestimulante encapsulado (DHQ) de origem vegetal para apoiar a toler\u00e2ncia ao stress abi\u00f3tico e fases como a flora\u00e7\u00e3o, a frutifica\u00e7\u00e3o e o amadurecimento.\" \/>\n<meta name=\"robots\" content=\"index, follow, max-snippet:-1, max-image-preview:large, max-video-preview:-1\" \/>\n<link rel=\"canonical\" href=\"https:\/\/www.agrolac.com\/pt-pt\/producto\/agrolarix\/\" \/>\n<meta property=\"og:locale\" content=\"pt_PT\" \/>\n<meta property=\"og:type\" content=\"article\" \/>\n<meta property=\"og:title\" content=\"Agrolarix\u00ae - Agrolac\" \/>\n<meta property=\"og:description\" content=\"Agrolarix\u00ae% \u00e9 um bioestimulante encapsulado (DHQ) de origem vegetal para apoiar a toler\u00e2ncia ao stress abi\u00f3tico e fases como a flora\u00e7\u00e3o, a frutifica\u00e7\u00e3o e o amadurecimento.\" \/>\n<meta property=\"og:url\" content=\"https:\/\/www.agrolac.com\/pt-pt\/producto\/agrolarix\/\" \/>\n<meta property=\"og:site_name\" content=\"Agrolac\" \/>\n<meta property=\"article:modified_time\" content=\"2026-03-09T14:28:08+00:00\" \/>\n<meta property=\"og:image\" content=\"https:\/\/www.agrolac.com\/wp-content\/uploads\/2026\/01\/limonero-detalle.webp\" \/>\n\t<meta property=\"og:image:width\" content=\"1920\" \/>\n\t<meta property=\"og:image:height\" content=\"1080\" \/>\n\t<meta property=\"og:image:type\" content=\"image\/webp\" \/>\n<meta name=\"twitter:card\" content=\"summary_large_image\" \/>\n<meta name=\"twitter:label1\" content=\"Est. reading time\" \/>\n\t<meta name=\"twitter:data1\" content=\"3 minutes\" \/>\n<script type=\"application\/ld+json\" class=\"yoast-schema-graph\">{\"@context\":\"https:\/\/schema.org\",\"@graph\":[{\"@type\":\"WebPage\",\"@id\":\"https:\/\/www.agrolac.com\/pt-pt\/producto\/agrolarix\/\",\"url\":\"https:\/\/www.agrolac.com\/pt-pt\/producto\/agrolarix\/\",\"name\":\"Agrolarix\u00ae - Agrolac\",\"isPartOf\":{\"@id\":\"https:\/\/www.agrolac.com\/pt-pt\/#website\"},\"primaryImageOfPage\":{\"@id\":\"https:\/\/www.agrolac.com\/pt-pt\/producto\/agrolarix\/#primaryimage\"},\"image\":{\"@id\":\"https:\/\/www.agrolac.com\/pt-pt\/producto\/agrolarix\/#primaryimage\"},\"thumbnailUrl\":\"https:\/\/www.agrolac.com\/wp-content\/uploads\/2026\/01\/limonero-detalle.webp\",\"datePublished\":\"2026-01-08T21:39:57+00:00\",\"dateModified\":\"2026-03-09T14:28:08+00:00\",\"description\":\"Agrolarix\u00ae% \u00e9 um bioestimulante encapsulado (DHQ) de origem vegetal para apoiar a toler\u00e2ncia ao stress abi\u00f3tico e fases como a flora\u00e7\u00e3o, a frutifica\u00e7\u00e3o e o amadurecimento.\",\"breadcrumb\":{\"@id\":\"https:\/\/www.agrolac.com\/pt-pt\/producto\/agrolarix\/#breadcrumb\"},\"inLanguage\":\"pt-PT\",\"potentialAction\":[{\"@type\":\"ReadAction\",\"target\":[\"https:\/\/www.agrolac.com\/pt-pt\/producto\/agrolarix\/\"]}]},{\"@type\":\"ImageObject\",\"inLanguage\":\"pt-PT\",\"@id\":\"https:\/\/www.agrolac.com\/pt-pt\/producto\/agrolarix\/#primaryimage\",\"url\":\"https:\/\/www.agrolac.com\/wp-content\/uploads\/2026\/01\/limonero-detalle.webp\",\"contentUrl\":\"https:\/\/www.agrolac.com\/wp-content\/uploads\/2026\/01\/limonero-detalle.webp\",\"width\":1920,\"height\":1080},{\"@type\":\"BreadcrumbList\",\"@id\":\"https:\/\/www.agrolac.com\/pt-pt\/producto\/agrolarix\/#breadcrumb\",\"itemListElement\":[{\"@type\":\"ListItem\",\"position\":1,\"name\":\"In\u00edcio\",\"item\":\"https:\/\/www.agrolac.com\/pt-pt\/casa\/\"},{\"@type\":\"ListItem\",\"position\":2,\"name\":\"Produtos\",\"item\":\"https:\/\/www.agrolac.com\/pt-pt\/produtos\/\"},{\"@type\":\"ListItem\",\"position\":3,\"name\":\"Regulador de crescimento\",\"item\":\"https:\/\/www.agrolac.com\/pt-pt\/categoria-producto\/regulador-de-crescimento\/\"},{\"@type\":\"ListItem\",\"position\":4,\"name\":\"Agrolarix\u00ae\"}]},{\"@type\":\"WebSite\",\"@id\":\"https:\/\/www.agrolac.com\/pt-pt\/#website\",\"url\":\"https:\/\/www.agrolac.com\/pt-pt\/\",\"name\":\"VICORQUIMIA\",\"description\":\"Agrolac \u00e9s una empresa de Barcelona, fundada el 1982, especialitzada en distribuci\u00f3 de productes agroqu\u00edmics per a l&#039;agricultura europea.\",\"publisher\":{\"@id\":\"https:\/\/www.agrolac.com\/pt-pt\/#organization\"},\"potentialAction\":[{\"@type\":\"SearchAction\",\"target\":{\"@type\":\"EntryPoint\",\"urlTemplate\":\"https:\/\/www.agrolac.com\/pt-pt\/?s={search_term_string}\"},\"query-input\":{\"@type\":\"PropertyValueSpecification\",\"valueRequired\":true,\"valueName\":\"search_term_string\"}}],\"inLanguage\":\"pt-PT\"},{\"@type\":\"Organization\",\"@id\":\"https:\/\/www.agrolac.com\/pt-pt\/#organization\",\"name\":\"VICORQUIMIA\",\"url\":\"https:\/\/www.agrolac.com\/pt-pt\/\",\"logo\":{\"@type\":\"ImageObject\",\"inLanguage\":\"pt-PT\",\"@id\":\"https:\/\/www.agrolac.com\/pt-pt\/#\/schema\/logo\/image\/\",\"url\":\"https:\/\/www.agrolac.com\/wp-content\/uploads\/2025\/10\/agrolac-logo.svg\",\"contentUrl\":\"https:\/\/www.agrolac.com\/wp-content\/uploads\/2025\/10\/agrolac-logo.svg\",\"caption\":\"VICORQUIMIA\"},\"image\":{\"@id\":\"https:\/\/www.agrolac.com\/pt-pt\/#\/schema\/logo\/image\/\"},\"sameAs\":[\"https:\/\/www.linkedin.com\/company\/vicorquimia\/\"]}]}<\/script>\n<!-- \/ Yoast SEO plugin. -->","yoast_head_json":{"title":"Agrolarix\u00ae - Agrolac","description":"Agrolarix\u00ae% \u00e9 um bioestimulante encapsulado (DHQ) de origem vegetal para apoiar a toler\u00e2ncia ao stress abi\u00f3tico e fases como a flora\u00e7\u00e3o, a frutifica\u00e7\u00e3o e o amadurecimento.","robots":{"index":"index","follow":"follow","max-snippet":"max-snippet:-1","max-image-preview":"max-image-preview:large","max-video-preview":"max-video-preview:-1"},"canonical":"https:\/\/www.agrolac.com\/pt-pt\/producto\/agrolarix\/","og_locale":"pt_PT","og_type":"article","og_title":"Agrolarix\u00ae - Agrolac","og_description":"Agrolarix\u00ae% \u00e9 um bioestimulante encapsulado (DHQ) de origem vegetal para apoiar a toler\u00e2ncia ao stress abi\u00f3tico e fases como a flora\u00e7\u00e3o, a frutifica\u00e7\u00e3o e o amadurecimento.","og_url":"https:\/\/www.agrolac.com\/pt-pt\/producto\/agrolarix\/","og_site_name":"Agrolac","article_modified_time":"2026-03-09T14:28:08+00:00","og_image":[{"width":1920,"height":1080,"url":"https:\/\/www.agrolac.com\/wp-content\/uploads\/2026\/01\/limonero-detalle.webp","type":"image\/webp"}],"twitter_card":"summary_large_image","twitter_misc":{"Est. reading time":"3 minutes"},"schema":{"@context":"https:\/\/schema.org","@graph":[{"@type":"WebPage","@id":"https:\/\/www.agrolac.com\/pt-pt\/producto\/agrolarix\/","url":"https:\/\/www.agrolac.com\/pt-pt\/producto\/agrolarix\/","name":"Agrolarix\u00ae - Agrolac","isPartOf":{"@id":"https:\/\/www.agrolac.com\/pt-pt\/#website"},"primaryImageOfPage":{"@id":"https:\/\/www.agrolac.com\/pt-pt\/producto\/agrolarix\/#primaryimage"},"image":{"@id":"https:\/\/www.agrolac.com\/pt-pt\/producto\/agrolarix\/#primaryimage"},"thumbnailUrl":"https:\/\/www.agrolac.com\/wp-content\/uploads\/2026\/01\/limonero-detalle.webp","datePublished":"2026-01-08T21:39:57+00:00","dateModified":"2026-03-09T14:28:08+00:00","description":"Agrolarix\u00ae% \u00e9 um bioestimulante encapsulado (DHQ) de origem vegetal para apoiar a toler\u00e2ncia ao stress abi\u00f3tico e fases como a flora\u00e7\u00e3o, a frutifica\u00e7\u00e3o e o amadurecimento.","breadcrumb":{"@id":"https:\/\/www.agrolac.com\/pt-pt\/producto\/agrolarix\/#breadcrumb"},"inLanguage":"pt-PT","potentialAction":[{"@type":"ReadAction","target":["https:\/\/www.agrolac.com\/pt-pt\/producto\/agrolarix\/"]}]},{"@type":"ImageObject","inLanguage":"pt-PT","@id":"https:\/\/www.agrolac.com\/pt-pt\/producto\/agrolarix\/#primaryimage","url":"https:\/\/www.agrolac.com\/wp-content\/uploads\/2026\/01\/limonero-detalle.webp","contentUrl":"https:\/\/www.agrolac.com\/wp-content\/uploads\/2026\/01\/limonero-detalle.webp","width":1920,"height":1080},{"@type":"BreadcrumbList","@id":"https:\/\/www.agrolac.com\/pt-pt\/producto\/agrolarix\/#breadcrumb","itemListElement":[{"@type":"ListItem","position":1,"name":"In\u00edcio","item":"https:\/\/www.agrolac.com\/pt-pt\/casa\/"},{"@type":"ListItem","position":2,"name":"Produtos","item":"https:\/\/www.agrolac.com\/pt-pt\/produtos\/"},{"@type":"ListItem","position":3,"name":"Regulador de crescimento","item":"https:\/\/www.agrolac.com\/pt-pt\/categoria-producto\/regulador-de-crescimento\/"},{"@type":"ListItem","position":4,"name":"Agrolarix\u00ae"}]},{"@type":"WebSite","@id":"https:\/\/www.agrolac.com\/pt-pt\/#website","url":"https:\/\/www.agrolac.com\/pt-pt\/","name":"VICORQUIMIA","description":"Agrolac \u00e9s una empresa de Barcelona, fundada el 1982, especialitzada en distribuci\u00f3 de productes agroqu\u00edmics per a l&#039;agricultura europea.","publisher":{"@id":"https:\/\/www.agrolac.com\/pt-pt\/#organization"},"potentialAction":[{"@type":"SearchAction","target":{"@type":"EntryPoint","urlTemplate":"https:\/\/www.agrolac.com\/pt-pt\/?s={search_term_string}"},"query-input":{"@type":"PropertyValueSpecification","valueRequired":true,"valueName":"search_term_string"}}],"inLanguage":"pt-PT"},{"@type":"Organization","@id":"https:\/\/www.agrolac.com\/pt-pt\/#organization","name":"VICORQUIMIA","url":"https:\/\/www.agrolac.com\/pt-pt\/","logo":{"@type":"ImageObject","inLanguage":"pt-PT","@id":"https:\/\/www.agrolac.com\/pt-pt\/#\/schema\/logo\/image\/","url":"https:\/\/www.agrolac.com\/wp-content\/uploads\/2025\/10\/agrolac-logo.svg","contentUrl":"https:\/\/www.agrolac.com\/wp-content\/uploads\/2025\/10\/agrolac-logo.svg","caption":"VICORQUIMIA"},"image":{"@id":"https:\/\/www.agrolac.com\/pt-pt\/#\/schema\/logo\/image\/"},"sameAs":["https:\/\/www.linkedin.com\/company\/vicorquimia\/"]}]}},"_links":{"self":[{"href":"https:\/\/www.agrolac.com\/pt-pt\/wp-json\/wp\/v2\/product\/7585","targetHints":{"allow":["GET"]}}],"collection":[{"href":"https:\/\/www.agrolac.com\/pt-pt\/wp-json\/wp\/v2\/product"}],"about":[{"href":"https:\/\/www.agrolac.com\/pt-pt\/wp-json\/wp\/v2\/types\/product"}],"replies":[{"embeddable":true,"href":"https:\/\/www.agrolac.com\/pt-pt\/wp-json\/wp\/v2\/comments?post=7585"}],"wp:featuredmedia":[{"embeddable":true,"href":"https:\/\/www.agrolac.com\/pt-pt\/wp-json\/wp\/v2\/media\/6420"}],"wp:attachment":[{"href":"https:\/\/www.agrolac.com\/pt-pt\/wp-json\/wp\/v2\/media?parent=7585"}],"wp:term":[{"taxonomy":"certificacion","embeddable":true,"href":"https:\/\/www.agrolac.com\/pt-pt\/wp-json\/wp\/v2\/certificacion?post=7585"},{"taxonomy":"cultivo","embeddable":true,"href":"https:\/\/www.agrolac.com\/pt-pt\/wp-json\/wp\/v2\/cultivo?post=7585"},{"taxonomy":"product_brand","embeddable":true,"href":"https:\/\/www.agrolac.com\/pt-pt\/wp-json\/wp\/v2\/product_brand?post=7585"},{"taxonomy":"product_cat","embeddable":true,"href":"https:\/\/www.agrolac.com\/pt-pt\/wp-json\/wp\/v2\/product_cat?post=7585"},{"taxonomy":"product_tag","embeddable":true,"href":"https:\/\/www.agrolac.com\/pt-pt\/wp-json\/wp\/v2\/product_tag?post=7585"}],"curies":[{"name":"wp","href":"https:\/\/api.w.org\/{rel}","templated":true}]}}