{"id":2050,"date":"2023-05-30T16:29:54","date_gmt":"2023-05-30T14:29:54","guid":{"rendered":"https:\/\/www.agrolac.com\/politica-de-privacidade\/"},"modified":"2023-05-30T16:29:54","modified_gmt":"2023-05-30T14:29:54","slug":"politica-de-privacidade","status":"publish","type":"page","link":"https:\/\/www.agrolac.com\/pt-pt\/politica-de-privacidade\/","title":{"rendered":"Pol\u00edtica de privacidade"},"content":{"rendered":"<p>Dados do propriet\u00e1rio do s\u00edtio Web:<\/p>\n<p><strong> <\/strong><\/p>\n<p><strong>NOME DA EMPRESA:<\/strong> VICORQUIMIA SA<\/p>\n<p><strong>N.\u00ba DE IVA:<\/strong> A08268153<\/p>\n<p><strong>DOM\u00cdNIO:<\/strong> https:\/\/www.agrolac.com\/<\/p>\n<p><strong>ENDERE\u00c7O POSTAL:<\/strong> AV DELS VENTS, 9-13 ESC A 6\u00ba 1\u00aa,08917 BADALONA(BARCELONA)<\/p>\n<p><strong>ENDERE\u00c7O DE CORREIO ELECTR\u00d3NICO:<\/strong> compliance@vicorquimia.com<\/p>\n<p><strong>TELEFONES:<\/strong> 932011222<\/p>\n<p><strong>N\u00daMERO DE REGISTO\/DADOS ADICIONAIS:<\/strong><\/p>\n<p>&nbsp;<\/p>\n<p><strong>Prote\u00e7\u00e3o de dados  <\/strong><\/p>\n<p>De acordo com a legisla\u00e7\u00e3o vigente e aplic\u00e1vel em mat\u00e9ria de prote\u00e7\u00e3o de dados pessoais, informamos-te que os teus dados ser\u00e3o incorporados no sistema de tratamento propriedade da <strong>VICORQUIMIA SA<\/strong> com NIF <strong>A08268153<\/strong> e sede social em AV DELS VENTS, 9-13 ESC A 6\u00ba 1\u00aa, 08917 BADALONA (BARCELONA). Apresenta-se em seguida informa\u00e7\u00e3o sobre os tratamentos efectuados: <\/p>\n<p><strong>TRATAMENTOS EFECTUADOS  <\/strong><\/p>\n<ul>\n<li><strong>Formul\u00e1rio web de ac\u00e7\u00f5es comerciais:<\/strong><\/li>\n<\/ul>\n<p style=\"padding-left: 80px;\"><strong>Finalidade:<\/strong> Recolha, registo e tratamento de dados para responder \u00e0s tuas perguntas e\/ou pedidos, bem como para fins publicit\u00e1rios e de prospe\u00e7\u00e3o comercial.<\/p>\n<p style=\"padding-left: 80px;\"><strong>Per\u00edodo de conserva\u00e7\u00e3o:<\/strong> enquanto se mantiver o consentimento dado, exceto se for legalmente obrigado a faz\u00ea-lo.<\/p>\n<p style=\"padding-left: 80px;\"><strong>Base leg\u00edtima:<\/strong> O consentimento da pessoa em causa.<\/p>\n<p style=\"padding-left: 80px;\"><strong>Tipologia de dados:  <\/strong><\/p>\n<p style=\"padding-left: 120px;\"><strong>Dados b\u00e1sicos:<\/strong> Nome e apelido, endere\u00e7o de correio eletr\u00f3nico<\/p>\n<ul>\n<li><strong>Informa-te:  <\/strong><\/li>\n<\/ul>\n<p style=\"padding-left: 80px;\"><strong>Finalidade:<\/strong> Gest\u00e3o da subscri\u00e7\u00e3o do boletim informativo, a fim de enviar os mailings correspondentes.<\/p>\n<p style=\"padding-left: 80px;\"><strong>Per\u00edodo de conserva\u00e7\u00e3o:<\/strong> enquanto se mantiver o consentimento dado.<\/p>\n<p style=\"padding-left: 80px;\"><strong>Base leg\u00edtima:<\/strong> O consentimento da pessoa em causa.<\/p>\n<p style=\"padding-left: 80px;\"><strong>Tipologia de dados:  <\/strong><\/p>\n<p style=\"padding-left: 120px;\"><strong>Dados b\u00e1sicos:<\/strong> Nome e apelido, endere\u00e7o de correio eletr\u00f3nico<\/p>\n<ul>\n<li><strong>Instala\u00e7\u00e3o de cookies:  <\/strong><\/li>\n<\/ul>\n<p style=\"padding-left: 80px;\"><strong>Objetivo:<\/strong> Gest\u00e3o e instala\u00e7\u00e3o de cookies.<\/p>\n<p style=\"padding-left: 80px;\"><strong>Per\u00edodo de conserva\u00e7\u00e3o:<\/strong> enquanto se mantiver o consentimento dado.<\/p>\n<p style=\"padding-left: 80px;\"><strong>Base leg\u00edtima:<\/strong> O consentimento da pessoa em causa.<\/p>\n<p style=\"padding-left: 80px;\"><strong>Tipologia de dados:  <\/strong><\/p>\n<p style=\"padding-left: 120px;\"><strong>Dados b\u00e1sicos:<\/strong> Endere\u00e7o de correio eletr\u00f3nico, endere\u00e7o IP<\/p>\n<ul>\n<li><strong>Formul\u00e1rio Web de gest\u00e3o:  <\/strong><\/li>\n<\/ul>\n<p style=\"padding-left: 80px;\"><strong>Objetivo:<\/strong> Responder \u00e0s tuas perguntas e\/ou pedidos.<\/p>\n<p style=\"padding-left: 80px;\"><strong>Per\u00edodo de conserva\u00e7\u00e3o:<\/strong> enquanto se mantiver o consentimento dado.<\/p>\n<p style=\"padding-left: 80px;\"><strong>Base leg\u00edtima:<\/strong> O consentimento da pessoa em causa.<\/p>\n<p style=\"padding-left: 80px;\"><strong>Tipologia de dados:  <\/strong><\/p>\n<p style=\"padding-left: 120px;\"><strong>Dados b\u00e1sicos:<\/strong> nome pr\u00f3prio e apelido, endere\u00e7o de correio eletr\u00f3nico, endere\u00e7o IP<\/p>\n<ul>\n<li><strong>Gest\u00e3o de utilizadores da Web:  <\/strong><\/li>\n<\/ul>\n<p style=\"padding-left: 80px;\"><strong>Objetivo:<\/strong> Recolha, registo e tratamento dos dados do utilizador.<\/p>\n<p style=\"padding-left: 80px;\"><strong>Per\u00edodo de conserva\u00e7\u00e3o:<\/strong> enquanto se mantiver o consentimento dado, exceto se for legalmente obrigado a faz\u00ea-lo.<\/p>\n<p style=\"padding-left: 80px;\"><strong>Base leg\u00edtima:<\/strong> O consentimento da pessoa em causa.<\/p>\n<p style=\"padding-left: 80px;\"><strong>Tipologia de dados:  <\/strong><\/p>\n<p style=\"padding-left: 120px;\"><strong>Dados b\u00e1sicos:<\/strong> Nome e apelido, endere\u00e7o de correio eletr\u00f3nico<\/p>\n<p>&nbsp;<\/p>\n<p><strong>Direitos dos titulares dos dados  <\/strong><\/p>\n<p><strong>A VICORQUIMIA SA<\/strong> informa os Utilizadores que podem exercer os seus direitos de acesso, retifica\u00e7\u00e3o, limita\u00e7\u00e3o, supress\u00e3o, portabilidade, oposi\u00e7\u00e3o ao tratamento dos seus dados pessoais e o direito de n\u00e3o ser objeto de decis\u00f5es automatizadas, incluindo a defini\u00e7\u00e3o de perfis, perante o Respons\u00e1vel pelo Tratamento, bem como o direito de retirar o seu consentimento.<\/p>\n<ul>\n<li><strong>Direito de acesso:<\/strong> \u00c9 o direito do utilizador de obter a confirma\u00e7\u00e3o de que os seus dados est\u00e3o a ser processados e, em caso afirmativo, os dados pessoais espec\u00edficos processados e as informa\u00e7\u00f5es legais sobre o processamento (finalidades, base leg\u00edtima, per\u00edodos de armazenamento, transfer\u00eancias, origem dos dados, etc.).<\/li>\n<li><strong>Direito de retifica\u00e7\u00e3o:<\/strong> Este \u00e9 o direito do titular dos dados a que os dados que se revelem inexactos ou incompletos sejam rectificados. Em rela\u00e7\u00e3o ao s\u00edtio Web, s\u00f3 pode ser satisfeito em rela\u00e7\u00e3o a informa\u00e7\u00f5es que estejam sob o controlo do s\u00edtio Web, por exemplo, a elimina\u00e7\u00e3o de coment\u00e1rios publicados na pr\u00f3pria p\u00e1gina, imagens ou conte\u00fados Web que contenham dados pessoais do utilizador. <\/li>\n<li><strong>Direito \u00e0 limita\u00e7\u00e3o do tratamento:<\/strong> trata-se do direito de obter, em certos casos, a limita\u00e7\u00e3o das finalidades do tratamento inicialmente previstas pelo respons\u00e1vel pelo tratamento.<\/li>\n<li><strong>Direito de apagamento:<\/strong> \u00c9 o direito de apagar os dados pessoais do utilizador, com exce\u00e7\u00e3o das disposi\u00e7\u00f5es do RGPD (liberdade de express\u00e3o e de informa\u00e7\u00e3o, obriga\u00e7\u00f5es de conserva\u00e7\u00e3o, formula\u00e7\u00e3o, exerc\u00edcio ou defesa de reclama\u00e7\u00f5es, etc.).<\/li>\n<li><strong>Direito \u00e0 portabilidade:<\/strong> O direito de receber os dados pessoais fornecidos pelo utilizador num formato estruturado, de uso corrente e de leitura \u00f3tica, e de os transmitir a outro respons\u00e1vel pelo tratamento quando o tratamento se basear no consentimento ou na execu\u00e7\u00e3o de um contrato e for efectuado por meios automatizados.<\/li>\n<li><strong>Direito de oposi\u00e7\u00e3o:<\/strong> Este \u00e9 o direito do utilizador de n\u00e3o ver os seus dados pessoais processados ou de ver cessado o processamento dos seus dados pessoais pelo website quando o processamento se baseia em interesse leg\u00edtimo ou interesse p\u00fablico ou quando se trata de processamento de marketing direto.<\/li>\n<li><strong>Direito a n\u00e3o ficar sujeito a decis\u00f5es automatizadas, incluindo a defini\u00e7\u00e3o de perfis:<\/strong> Se o tratamento n\u00e3o for necess\u00e1rio para a celebra\u00e7\u00e3o ou execu\u00e7\u00e3o de um contrato, n\u00e3o for autorizado pela legisla\u00e7\u00e3o da UE ou de um Estado-Membro e n\u00e3o se basear no consentimento, tens o direito de n\u00e3o ficar sujeito a uma decis\u00e3o baseada exclusivamente no tratamento automatizado, incluindo a defini\u00e7\u00e3o de perfis, que produza efeitos na tua esfera jur\u00eddica ou que te afecte significativamente de forma semelhante.<\/li>\n<li><strong>Direito de retirar o consentimento:<\/strong> Para qualquer processamento baseado no teu consentimento, tens o direito de retirar o teu consentimento, a qualquer momento e sem custos.<\/li>\n<\/ul>\n<p>Para exercer qualquer um dos direitos de prote\u00e7\u00e3o de dados acima descritos, segue as instru\u00e7\u00f5es abaixo:<\/p>\n<ul>\n<li>Enviando uma carta para o endere\u00e7o AV DELS VENTS, 9-13 ESC A 6\u00ba 1\u00aa,08917 BADALONA(BARCELONA) (ao cuidado de VICORQUIMIA SA) ou por correio eletr\u00f3nico para <strong>complaince@vicorquimia.com.<\/strong><\/li>\n<li>A carta enviada pela pessoa em causa (titular dos dados) a solicitar o exerc\u00edcio de direitos deve ter em conta o seguinte:\n<ul>\n<li>O requerente deve identificar-se de forma fi\u00e1vel e, se existirem d\u00favidas sobre a sua identidade, ser-lhe-\u00e1 pedido que corrija o pedido (por exemplo, solicitando mais informa\u00e7\u00f5es, como o n\u00famero de identifica\u00e7\u00e3o, o documento de identifica\u00e7\u00e3o, o endere\u00e7o eletr\u00f3nico fornecido, etc.).<\/li>\n<li>O pedido pode ser feito pelo representante, legal ou volunt\u00e1rio, quando este for devidamente identificado e autorizado pela pessoa em causa (atrav\u00e9s de uma autoriza\u00e7\u00e3o expressa da pessoa em causa para exercer os direitos muito pessoais regulados nos regulamentos relativos \u00e0 prote\u00e7\u00e3o de dados pessoais).<\/li>\n<li>Pedido em que o pedido \u00e9 feito (direito\/s que pretendes exercer). Se n\u00e3o te referires a uma opera\u00e7\u00e3o de tratamento espec\u00edfica, ser-te-\u00e1 dada uma resposta em rela\u00e7\u00e3o a todas as opera\u00e7\u00f5es de tratamento que afectam os teus dados pessoais. Se pedires informa\u00e7\u00f5es sobre uma opera\u00e7\u00e3o de tratamento espec\u00edfica, apenas as informa\u00e7\u00f5es sobre essa opera\u00e7\u00e3o. Se o pedires por telefone, ser-te-\u00e1 dada a instru\u00e7\u00e3o de o fazeres por escrito e ser-te-\u00e1 indicado o modo de o fazeres e o endere\u00e7o para onde o deves enviar. Nunca te ser\u00e3o dadas informa\u00e7\u00f5es por telefone.    <\/li>\n<li>Endere\u00e7o postal ou eletr\u00f3nico para efeitos de notifica\u00e7\u00e3o.<\/li>\n<li>Documentos comprovativos do pedido que est\u00e1s a fazer, se necess\u00e1rio.<\/li>\n<li>O candidato deve utilizar qualquer meio de prova do envio e da rece\u00e7\u00e3o do pedido.<\/li>\n<\/ul>\n<\/li>\n<\/ul>\n<p>Por \u00faltimo, informamos-te de que tens o direito de apresentar uma queixa \u00e0 Ag\u00eancia Espanhola de Prote\u00e7\u00e3o de Dados no caso de teres conhecimento ou considerares que um acontecimento pode implicar uma viola\u00e7\u00e3o dos regulamentos de prote\u00e7\u00e3o de dados aplic\u00e1veis.<\/p>\n<p><strong>A VICORQUIMIA SA<\/strong> compromete-se a adotar as medidas t\u00e9cnicas e organizativas necess\u00e1rias, em fun\u00e7\u00e3o do grau de risco associado aos tratamentos por si efectuados e indicados na presente sec\u00e7\u00e3o, de forma a garantir a sua integridade, confidencialidade e disponibilidade.<\/p>\n<p>&nbsp;<\/p>\n<p><strong>\u00daltima atualiza\u00e7\u00e3o:<\/strong> 11 de dezembro de 2024<\/p>\n","protected":false},"excerpt":{"rendered":"<p>Dados do propriet\u00e1rio do s\u00edtio Web: NOME DA EMPRESA: VICORQUIMIA SA N.\u00ba DE IVA: A08268153 DOM\u00cdNIO: https:\/\/www.agrolac.com\/ ENDERE\u00c7O POSTAL: AV DELS VENTS, 9-13 ESC A 6\u00ba 1\u00aa,08917 BADALONA(BARCELONA) ENDERE\u00c7O DE CORREIO ELECTR\u00d3NICO: compliance@vicorquimia.com TELEFONES: 932011222 N\u00daMERO DE REGISTO\/DADOS ADICIONAIS: &nbsp; Prote\u00e7\u00e3o de dados De acordo com a legisla\u00e7\u00e3o vigente e aplic\u00e1vel em mat\u00e9ria de prote\u00e7\u00e3o [&hellip;]<\/p>\n","protected":false},"author":3,"featured_media":0,"parent":0,"menu_order":0,"comment_status":"closed","ping_status":"closed","template":"","meta":{"_acf_changed":false,"_joinchat":[],"footnotes":""},"class_list":["post-2050","page","type-page","status-publish","hentry"],"acf":[],"yoast_head":"<!-- This site is optimized with the Yoast SEO plugin v27.1.1 - https:\/\/yoast.com\/product\/yoast-seo-wordpress\/ -->\n<title>Pol\u00edtica de privacidade - Agrolac<\/title>\n<meta name=\"description\" content=\"Consulta a pol\u00edtica de prote\u00e7\u00e3o de dados da VICORQUIMIA SA e conhece os teus direitos em mat\u00e9ria de privacidade, utiliza\u00e7\u00e3o de cookies e formul\u00e1rios web.\" \/>\n<meta name=\"robots\" content=\"index, follow, max-snippet:-1, max-image-preview:large, max-video-preview:-1\" \/>\n<link rel=\"canonical\" href=\"https:\/\/www.agrolac.com\/pt-pt\/politica-de-privacidade\/\" \/>\n<meta property=\"og:locale\" content=\"pt_PT\" \/>\n<meta property=\"og:type\" content=\"article\" \/>\n<meta property=\"og:title\" content=\"Pol\u00edtica de privacidade - Agrolac\" \/>\n<meta property=\"og:description\" content=\"Consulta a pol\u00edtica de prote\u00e7\u00e3o de dados da VICORQUIMIA SA e conhece os teus direitos em mat\u00e9ria de privacidade, utiliza\u00e7\u00e3o de cookies e formul\u00e1rios web.\" \/>\n<meta property=\"og:url\" content=\"https:\/\/www.agrolac.com\/pt-pt\/politica-de-privacidade\/\" \/>\n<meta property=\"og:site_name\" content=\"Agrolac\" \/>\n<meta name=\"twitter:card\" content=\"summary_large_image\" \/>\n<meta name=\"twitter:label1\" content=\"Est. reading time\" \/>\n\t<meta name=\"twitter:data1\" content=\"6 minutes\" \/>\n<script type=\"application\/ld+json\" class=\"yoast-schema-graph\">{\"@context\":\"https:\/\/schema.org\",\"@graph\":[{\"@type\":\"WebPage\",\"@id\":\"https:\/\/www.agrolac.com\/pt-pt\/politica-de-privacidade\/\",\"url\":\"https:\/\/www.agrolac.com\/pt-pt\/politica-de-privacidade\/\",\"name\":\"Pol\u00edtica de privacidade - Agrolac\",\"isPartOf\":{\"@id\":\"https:\/\/www.agrolac.com\/pt-pt\/#website\"},\"datePublished\":\"2023-05-30T14:29:54+00:00\",\"description\":\"Consulta a pol\u00edtica de prote\u00e7\u00e3o de dados da VICORQUIMIA SA e conhece os teus direitos em mat\u00e9ria de privacidade, utiliza\u00e7\u00e3o de cookies e formul\u00e1rios web.\",\"breadcrumb\":{\"@id\":\"https:\/\/www.agrolac.com\/pt-pt\/politica-de-privacidade\/#breadcrumb\"},\"inLanguage\":\"pt-PT\",\"potentialAction\":[{\"@type\":\"ReadAction\",\"target\":[\"https:\/\/www.agrolac.com\/pt-pt\/politica-de-privacidade\/\"]}]},{\"@type\":\"BreadcrumbList\",\"@id\":\"https:\/\/www.agrolac.com\/pt-pt\/politica-de-privacidade\/#breadcrumb\",\"itemListElement\":[{\"@type\":\"ListItem\",\"position\":1,\"name\":\"In\u00edcio\",\"item\":\"https:\/\/www.agrolac.com\/pt-pt\/casa\/\"},{\"@type\":\"ListItem\",\"position\":2,\"name\":\"Pol\u00edtica de privacidade\"}]},{\"@type\":\"WebSite\",\"@id\":\"https:\/\/www.agrolac.com\/pt-pt\/#website\",\"url\":\"https:\/\/www.agrolac.com\/pt-pt\/\",\"name\":\"VICORQUIMIA\",\"description\":\"Agrolac \u00e9s una empresa de Barcelona, fundada el 1982, especialitzada en distribuci\u00f3 de productes agroqu\u00edmics per a l&#039;agricultura europea.\",\"publisher\":{\"@id\":\"https:\/\/www.agrolac.com\/pt-pt\/#organization\"},\"potentialAction\":[{\"@type\":\"SearchAction\",\"target\":{\"@type\":\"EntryPoint\",\"urlTemplate\":\"https:\/\/www.agrolac.com\/pt-pt\/?s={search_term_string}\"},\"query-input\":{\"@type\":\"PropertyValueSpecification\",\"valueRequired\":true,\"valueName\":\"search_term_string\"}}],\"inLanguage\":\"pt-PT\"},{\"@type\":\"Organization\",\"@id\":\"https:\/\/www.agrolac.com\/pt-pt\/#organization\",\"name\":\"VICORQUIMIA\",\"url\":\"https:\/\/www.agrolac.com\/pt-pt\/\",\"logo\":{\"@type\":\"ImageObject\",\"inLanguage\":\"pt-PT\",\"@id\":\"https:\/\/www.agrolac.com\/pt-pt\/#\/schema\/logo\/image\/\",\"url\":\"https:\/\/www.agrolac.com\/wp-content\/uploads\/2025\/10\/agrolac-logo.svg\",\"contentUrl\":\"https:\/\/www.agrolac.com\/wp-content\/uploads\/2025\/10\/agrolac-logo.svg\",\"caption\":\"VICORQUIMIA\"},\"image\":{\"@id\":\"https:\/\/www.agrolac.com\/pt-pt\/#\/schema\/logo\/image\/\"},\"sameAs\":[\"https:\/\/www.linkedin.com\/company\/vicorquimia\/\"]}]}<\/script>\n<!-- \/ Yoast SEO plugin. -->","yoast_head_json":{"title":"Pol\u00edtica de privacidade - Agrolac","description":"Consulta a pol\u00edtica de prote\u00e7\u00e3o de dados da VICORQUIMIA SA e conhece os teus direitos em mat\u00e9ria de privacidade, utiliza\u00e7\u00e3o de cookies e formul\u00e1rios web.","robots":{"index":"index","follow":"follow","max-snippet":"max-snippet:-1","max-image-preview":"max-image-preview:large","max-video-preview":"max-video-preview:-1"},"canonical":"https:\/\/www.agrolac.com\/pt-pt\/politica-de-privacidade\/","og_locale":"pt_PT","og_type":"article","og_title":"Pol\u00edtica de privacidade - Agrolac","og_description":"Consulta a pol\u00edtica de prote\u00e7\u00e3o de dados da VICORQUIMIA SA e conhece os teus direitos em mat\u00e9ria de privacidade, utiliza\u00e7\u00e3o de cookies e formul\u00e1rios web.","og_url":"https:\/\/www.agrolac.com\/pt-pt\/politica-de-privacidade\/","og_site_name":"Agrolac","twitter_card":"summary_large_image","twitter_misc":{"Est. reading time":"6 minutes"},"schema":{"@context":"https:\/\/schema.org","@graph":[{"@type":"WebPage","@id":"https:\/\/www.agrolac.com\/pt-pt\/politica-de-privacidade\/","url":"https:\/\/www.agrolac.com\/pt-pt\/politica-de-privacidade\/","name":"Pol\u00edtica de privacidade - Agrolac","isPartOf":{"@id":"https:\/\/www.agrolac.com\/pt-pt\/#website"},"datePublished":"2023-05-30T14:29:54+00:00","description":"Consulta a pol\u00edtica de prote\u00e7\u00e3o de dados da VICORQUIMIA SA e conhece os teus direitos em mat\u00e9ria de privacidade, utiliza\u00e7\u00e3o de cookies e formul\u00e1rios web.","breadcrumb":{"@id":"https:\/\/www.agrolac.com\/pt-pt\/politica-de-privacidade\/#breadcrumb"},"inLanguage":"pt-PT","potentialAction":[{"@type":"ReadAction","target":["https:\/\/www.agrolac.com\/pt-pt\/politica-de-privacidade\/"]}]},{"@type":"BreadcrumbList","@id":"https:\/\/www.agrolac.com\/pt-pt\/politica-de-privacidade\/#breadcrumb","itemListElement":[{"@type":"ListItem","position":1,"name":"In\u00edcio","item":"https:\/\/www.agrolac.com\/pt-pt\/casa\/"},{"@type":"ListItem","position":2,"name":"Pol\u00edtica de privacidade"}]},{"@type":"WebSite","@id":"https:\/\/www.agrolac.com\/pt-pt\/#website","url":"https:\/\/www.agrolac.com\/pt-pt\/","name":"VICORQUIMIA","description":"Agrolac \u00e9s una empresa de Barcelona, fundada el 1982, especialitzada en distribuci\u00f3 de productes agroqu\u00edmics per a l&#039;agricultura europea.","publisher":{"@id":"https:\/\/www.agrolac.com\/pt-pt\/#organization"},"potentialAction":[{"@type":"SearchAction","target":{"@type":"EntryPoint","urlTemplate":"https:\/\/www.agrolac.com\/pt-pt\/?s={search_term_string}"},"query-input":{"@type":"PropertyValueSpecification","valueRequired":true,"valueName":"search_term_string"}}],"inLanguage":"pt-PT"},{"@type":"Organization","@id":"https:\/\/www.agrolac.com\/pt-pt\/#organization","name":"VICORQUIMIA","url":"https:\/\/www.agrolac.com\/pt-pt\/","logo":{"@type":"ImageObject","inLanguage":"pt-PT","@id":"https:\/\/www.agrolac.com\/pt-pt\/#\/schema\/logo\/image\/","url":"https:\/\/www.agrolac.com\/wp-content\/uploads\/2025\/10\/agrolac-logo.svg","contentUrl":"https:\/\/www.agrolac.com\/wp-content\/uploads\/2025\/10\/agrolac-logo.svg","caption":"VICORQUIMIA"},"image":{"@id":"https:\/\/www.agrolac.com\/pt-pt\/#\/schema\/logo\/image\/"},"sameAs":["https:\/\/www.linkedin.com\/company\/vicorquimia\/"]}]}},"_links":{"self":[{"href":"https:\/\/www.agrolac.com\/pt-pt\/wp-json\/wp\/v2\/pages\/2050","targetHints":{"allow":["GET"]}}],"collection":[{"href":"https:\/\/www.agrolac.com\/pt-pt\/wp-json\/wp\/v2\/pages"}],"about":[{"href":"https:\/\/www.agrolac.com\/pt-pt\/wp-json\/wp\/v2\/types\/page"}],"author":[{"embeddable":true,"href":"https:\/\/www.agrolac.com\/pt-pt\/wp-json\/wp\/v2\/users\/3"}],"replies":[{"embeddable":true,"href":"https:\/\/www.agrolac.com\/pt-pt\/wp-json\/wp\/v2\/comments?post=2050"}],"version-history":[{"count":0,"href":"https:\/\/www.agrolac.com\/pt-pt\/wp-json\/wp\/v2\/pages\/2050\/revisions"}],"wp:attachment":[{"href":"https:\/\/www.agrolac.com\/pt-pt\/wp-json\/wp\/v2\/media?parent=2050"}],"curies":[{"name":"wp","href":"https:\/\/api.w.org\/{rel}","templated":true}]}}