{"id":1875,"date":"2023-04-27T16:23:54","date_gmt":"2023-04-27T14:23:54","guid":{"rendered":"https:\/\/www.agrolac.com\/logistica-e-distribuicao\/"},"modified":"2026-03-01T11:44:31","modified_gmt":"2026-03-01T10:44:31","slug":"logistica-e-distribuicao","status":"publish","type":"page","link":"https:\/\/www.agrolac.com\/pt-pt\/logistica-e-distribuicao\/","title":{"rendered":"AG LifeSolutions"},"content":{"rendered":"\t\t<div data-elementor-type=\"wp-page\" data-elementor-id=\"1875\" class=\"elementor elementor-1875 elementor-258\" data-elementor-post-type=\"page\">\n\t\t\t\t<div class=\"elementor-element elementor-element-dcd2fe6 e-flex e-con-boxed e-con e-parent\" data-id=\"dcd2fe6\" data-element_type=\"container\" data-e-type=\"container\">\n\t\t\t\t\t<div class=\"e-con-inner\">\n\t\t\t\t<div class=\"elementor-element elementor-element-2408c4d elementor-widget elementor-widget-image\" data-id=\"2408c4d\" data-element_type=\"widget\" data-e-type=\"widget\" data-widget_type=\"image.default\">\n\t\t\t\t\t\t\t\t\t\t\t\t\t\t\t<img decoding=\"async\" width=\"265\" height=\"38\" src=\"https:\/\/www.agrolac.com\/wp-content\/uploads\/2025\/12\/lifesolutions.png\" class=\"attachment-large size-large wp-image-5064\" alt=\"\" \/>\t\t\t\t\t\t\t\t\t\t\t\t\t\t\t<\/div>\n\t\t\t\t\t<\/div>\n\t\t\t\t<\/div>\n\t\t<div class=\"elementor-element elementor-element-45af55a e-flex e-con-boxed e-con e-parent\" data-id=\"45af55a\" data-element_type=\"container\" data-e-type=\"container\">\n\t\t\t\t\t<div class=\"e-con-inner\">\n\t\t<div class=\"elementor-element elementor-element-84b3a42 e-con-full e-flex e-con e-child\" data-id=\"84b3a42\" data-element_type=\"container\" data-e-type=\"container\">\n\t\t\t\t<div class=\"elementor-element elementor-element-1e2094f elementor-widget elementor-widget-heading\" data-id=\"1e2094f\" data-element_type=\"widget\" data-e-type=\"widget\" data-widget_type=\"heading.default\">\n\t\t\t\t\t<h2 class=\"elementor-heading-title elementor-size-default\">Inova\u00e7\u00e3o biol\u00f3gica para uma agricultura mais segura, mais limpa e mais sustent\u00e1vel\n<\/h2>\t\t\t\t<\/div>\n\t\t\t\t<div class=\"elementor-element elementor-element-18fd428 elementor-widget elementor-widget-text-editor\" data-id=\"18fd428\" data-element_type=\"widget\" data-e-type=\"widget\" data-widget_type=\"text-editor.default\">\n\t\t\t\t\t\t\t\t\t<p class=\"p1\">Na <strong>Agrolac<\/strong> acreditamos numa agricultura amiga do ambiente, tecnicamente s\u00f3lida e preparada para o futuro. \u00c9 por isso que promovemos o programa <span class=\"s1\"><b>AG LifeSolutions<\/b><\/span>a nossa pr\u00f3pria iniciativa de <span class=\"s1\"><b>investiga\u00e7\u00e3o aplicada e desenvolvimento de solu\u00e7\u00f5es biol\u00f3gicas topo de gama<\/b><\/span>com o objetivo de oferecer alternativas mais limpas, mais seguras e sem res\u00edduos. <\/p><p class=\"p1\"><span class=\"s1\">Colaboramos ativamente com <\/span><b>centros de I&amp;D fitossanit\u00e1rios<\/b><span class=\"s1\"> na Europa e na \u00c1sia e, em alguns casos, somos apoiados pelo <\/span><b>Centro Espanhol para o Desenvolvimento da Tecnologia Industrial (CDTI)<\/b><span class=\"s1\">. <\/span>Gra\u00e7as \u00e0 nossa equipa de regulamenta\u00e7\u00e3o, cada linha de investiga\u00e7\u00e3o \u00e9 orientada para se tornar um produto registado e pronto a ser utilizado comercialmente. <span class=\"s1\"><b>registado e pronto para uso comercial<\/b><\/span>em conformidade com a normativa vigente.<\/p>\t\t\t\t\t\t\t\t<\/div>\n\t\t<div class=\"elementor-element elementor-element-45f1835 e-con-full e-flex e-con e-child\" data-id=\"45f1835\" data-element_type=\"container\" data-e-type=\"container\">\n\t\t\t\t<div class=\"elementor-element elementor-element-3fd400a elementor-widget__width-inherit elementor-widget elementor-widget-gallery\" data-id=\"3fd400a\" data-element_type=\"widget\" data-e-type=\"widget\" data-settings=\"{&quot;gap&quot;:{&quot;unit&quot;:&quot;px&quot;,&quot;size&quot;:30,&quot;sizes&quot;:[]},&quot;gallery_layout&quot;:&quot;justified&quot;,&quot;ideal_row_height&quot;:{&quot;unit&quot;:&quot;px&quot;,&quot;size&quot;:300,&quot;sizes&quot;:[]},&quot;lazyload&quot;:&quot;yes&quot;,&quot;ideal_row_height_tablet&quot;:{&quot;unit&quot;:&quot;px&quot;,&quot;size&quot;:150,&quot;sizes&quot;:[]},&quot;ideal_row_height_mobile&quot;:{&quot;unit&quot;:&quot;px&quot;,&quot;size&quot;:150,&quot;sizes&quot;:[]},&quot;gap_tablet&quot;:{&quot;unit&quot;:&quot;px&quot;,&quot;size&quot;:10,&quot;sizes&quot;:[]},&quot;gap_mobile&quot;:{&quot;unit&quot;:&quot;px&quot;,&quot;size&quot;:10,&quot;sizes&quot;:[]},&quot;overlay_background&quot;:&quot;yes&quot;,&quot;content_hover_animation&quot;:&quot;fade-in&quot;}\" data-widget_type=\"gallery.default\">\n\t\t\t\t\t\t\t<div class=\"elementor-gallery__container\">\n\t\t\t\t\t\t\t<div class=\"e-gallery-item elementor-gallery-item elementor-animated-content\">\n\t\t\t\t\t<div class=\"e-gallery-image elementor-gallery-item__image\" data-thumbnail=\"https:\/\/www.agrolac.com\/wp-content\/uploads\/2025\/12\/pimientoT-2-204x300.jpg\" data-width=\"204\" data-height=\"300\" aria-label=\"\" role=\"img\" ><\/div>\n\t\t\t\t\t\t\t\t\t\t\t<div class=\"elementor-gallery-item__overlay\"><\/div>\n\t\t\t\t\t\t\t\t\t\t\t\t\t\t<\/div>\n\t\t\t\t\t\t\t<div class=\"e-gallery-item elementor-gallery-item elementor-animated-content\">\n\t\t\t\t\t<div class=\"e-gallery-image elementor-gallery-item__image\" data-thumbnail=\"https:\/\/www.agrolac.com\/wp-content\/uploads\/2025\/12\/peraT-1-204x300.jpg\" data-width=\"204\" data-height=\"300\" aria-label=\"\" role=\"img\" ><\/div>\n\t\t\t\t\t\t\t\t\t\t\t<div class=\"elementor-gallery-item__overlay\"><\/div>\n\t\t\t\t\t\t\t\t\t\t\t\t\t\t<\/div>\n\t\t\t\t\t\t\t<div class=\"e-gallery-item elementor-gallery-item elementor-animated-content\">\n\t\t\t\t\t<div class=\"e-gallery-image elementor-gallery-item__image\" data-thumbnail=\"https:\/\/www.agrolac.com\/wp-content\/uploads\/2025\/12\/almendraT-3-204x300.jpg\" data-width=\"204\" data-height=\"300\" aria-label=\"\" role=\"img\" ><\/div>\n\t\t\t\t\t\t\t\t\t\t\t<div class=\"elementor-gallery-item__overlay\"><\/div>\n\t\t\t\t\t\t\t\t\t\t\t\t\t\t<\/div>\n\t\t\t\t\t\t\t<div class=\"e-gallery-item elementor-gallery-item elementor-animated-content\">\n\t\t\t\t\t<div class=\"e-gallery-image elementor-gallery-item__image\" data-thumbnail=\"https:\/\/www.agrolac.com\/wp-content\/uploads\/2025\/12\/manzanaT-1-204x300.jpg\" data-width=\"204\" data-height=\"300\" aria-label=\"\" role=\"img\" ><\/div>\n\t\t\t\t\t\t\t\t\t\t\t<div class=\"elementor-gallery-item__overlay\"><\/div>\n\t\t\t\t\t\t\t\t\t\t\t\t\t\t<\/div>\n\t\t\t\t\t\t\t<div class=\"e-gallery-item elementor-gallery-item elementor-animated-content\">\n\t\t\t\t\t<div class=\"e-gallery-image elementor-gallery-item__image\" data-thumbnail=\"https:\/\/www.agrolac.com\/wp-content\/uploads\/2025\/12\/tomateT-1-204x300.jpg\" data-width=\"204\" data-height=\"300\" aria-label=\"\" role=\"img\" ><\/div>\n\t\t\t\t\t\t\t\t\t\t\t<div class=\"elementor-gallery-item__overlay\"><\/div>\n\t\t\t\t\t\t\t\t\t\t\t\t\t\t<\/div>\n\t\t\t\t\t<\/div>\n\t\t\t\t\t<\/div>\n\t\t\t\t<\/div>\n\t\t\t\t<\/div>\n\t\t\t\t\t<\/div>\n\t\t\t\t<\/div>\n\t\t<div class=\"elementor-element elementor-element-ebd4938 e-flex e-con-boxed e-con e-parent\" data-id=\"ebd4938\" data-element_type=\"container\" data-e-type=\"container\">\n\t\t\t\t\t<div class=\"e-con-inner\">\n\t\t<div class=\"elementor-element elementor-element-d74198f e-con-full e-flex e-con e-child\" data-id=\"d74198f\" data-element_type=\"container\" data-e-type=\"container\">\n\t\t<div class=\"elementor-element elementor-element-86de17d e-con-full e-flex e-con e-child\" data-id=\"86de17d\" data-element_type=\"container\" data-e-type=\"container\">\n\t\t\t\t<div class=\"elementor-element elementor-element-dc82c0d elementor-widget__width-initial elementor-widget elementor-widget-text-editor\" data-id=\"dc82c0d\" data-element_type=\"widget\" data-e-type=\"widget\" data-widget_type=\"text-editor.default\">\n\t\t\t\t\t\t\t\t\t<h4><b>Principais linhas de investiga\u00e7\u00e3o:<\/b><\/h4><ul><li><p class=\"p1\"><span class=\"s1\"><b>AGRC-0114<\/b><\/span> &#8211; Reguladores de crescimento de origem biol\u00f3gica.<\/p><\/li><li><p class=\"p1\"><span class=\"s1\"><b>AGFU-0214<\/b><\/span> &#8211; Fungicidas biol\u00f3gicos formulados a partir de estirpes espec\u00edficas de <i>Streptomyces<\/i>.<\/p><\/li><li><p class=\"p1\"><span class=\"s1\"><b>AGFN-0116<\/b><\/span> &#8211; Solu\u00e7\u00f5es de efeito m\u00faltiplo (fungicida + nematicida + promotor de crescimento) \u00e0 base de <i>Trichoderma<\/i>.<\/p><\/li><li><p class=\"p1\"><span class=\"s1\"><b>AGBA-0617<\/b><\/span> &#8211; Bactericidas de origem natural para culturas sens\u00edveis.<\/p><\/li><li><p class=\"p1\"><span class=\"s1\"><b>AGBE-0717<\/b><\/span> &#8211; Bioestimulantes formulados com cons\u00f3rcios de micorrizas e outros microorganismos ben\u00e9ficos.<\/p><\/li><\/ul>\t\t\t\t\t\t\t\t<\/div>\n\t\t\t\t<\/div>\n\t\t\t\t<\/div>\n\t\t<div class=\"elementor-element elementor-element-0597f52 e-con-full e-flex e-con e-child\" data-id=\"0597f52\" data-element_type=\"container\" data-e-type=\"container\">\n\t\t<div class=\"elementor-element elementor-element-78fb924 e-con-full e-flex e-con e-child\" data-id=\"78fb924\" data-element_type=\"container\" data-e-type=\"container\">\n\t\t\t\t<div class=\"elementor-element elementor-element-f2bb6aa elementor-widget elementor-widget-text-editor\" data-id=\"f2bb6aa\" data-element_type=\"widget\" data-e-type=\"widget\" data-widget_type=\"text-editor.default\">\n\t\t\t\t\t\t\t\t\t<h4><b>Aplica\u00e7\u00e3o dos conhecimentos cient\u00edficos<\/b><\/h4><p class=\"p3\">Atrav\u00e9s de <span class=\"s2\"><b>AG LifeSolutions<\/b><\/span>transformamos o conhecimento cient\u00edfico em produtos reais, relacionando o talento universit\u00e1rio com os desafios actuais do agricultor. As diferentes linhas de investiga\u00e7\u00e3o deram origem a produtos j\u00e1 registados ou em fase avan\u00e7ada de desenvolvimento, destinados tanto \u00e0 agricultura convencional como \u00e0 agricultura biol\u00f3gica. <\/p><p class=\"p3\">Estas solu\u00e7\u00f5es t\u00e9cnicas foram concebidas para serem integradas em <span class=\"s2\"><b>estrat\u00e9gias de produ\u00e7\u00e3o sustent\u00e1vel<\/b><\/span>e respeitando as mais elevadas normas regulamentares.<\/p><p> <\/p><h4><b>Compromisso com a inova\u00e7\u00e3o respons\u00e1vel<\/b><\/h4><p class=\"p3\">Desde h\u00e1 12 anos, <span class=\"s2\"><b>Agrolac<\/b><\/span> tem investido continuamente em <span class=\"s2\"><b>conhecimento, desenvolvimento e colabora\u00e7\u00e3o cient\u00edfica<\/b><\/span>.<\/p><p class=\"p3\">Como resultado deste esfor\u00e7o, o projeto AG LifeSolutions gerou mais de <span class=\"s2\"><b>10 refer\u00eancias biol\u00f3gicas patenteadas<\/b><\/span>incluindo fito-reguladores, bio-estimulantes e fertilizantes especiais de origem natural, desenvolvidos em conjunto com universidades e centros tecnol\u00f3gicos da Europa e da \u00c1sia.<\/p><p class=\"p3\">Atualmente, existem <span class=\"s2\"><b>tr\u00eas novos projectos em fase de prepara\u00e7\u00e3o<\/b><\/span>Estes projectos enriquecer\u00e3o a nossa carteira de projectos nos pr\u00f3ximos anos e refor\u00e7ar\u00e3o o nosso compromisso com uma agricultura eficiente, sustent\u00e1vel e orientada para o futuro.<\/p>\t\t\t\t\t\t\t\t<\/div>\n\t\t\t\t<\/div>\n\t\t\t\t<\/div>\n\t\t\t\t\t<\/div>\n\t\t\t\t<\/div>\n\t\t\t\t<\/div>\n\t\t","protected":false},"excerpt":{"rendered":"<p>Inova\u00e7\u00e3o biol\u00f3gica para uma agricultura mais segura, mais limpa e mais sustent\u00e1vel Na Agrolac acreditamos numa agricultura amiga do ambiente, tecnicamente s\u00f3lida e preparada para o futuro. \u00c9 por isso que promovemos o programa AG LifeSolutionsa nossa pr\u00f3pria iniciativa de investiga\u00e7\u00e3o aplicada e desenvolvimento de solu\u00e7\u00f5es biol\u00f3gicas topo de gamacom o objetivo de oferecer alternativas [&hellip;]<\/p>\n","protected":false},"author":3,"featured_media":5046,"parent":0,"menu_order":0,"comment_status":"closed","ping_status":"closed","template":"","meta":{"_acf_changed":false,"_joinchat":[],"footnotes":""},"class_list":["post-1875","page","type-page","status-publish","has-post-thumbnail","hentry"],"acf":[],"yoast_head":"<!-- This site is optimized with the Yoast SEO plugin v27.1.1 - https:\/\/yoast.com\/product\/yoast-seo-wordpress\/ -->\n<title>AG LifeSolutions - Agrolac<\/title>\n<meta name=\"description\" content=\"Investigamos e desenvolvemos solu\u00e7\u00f5es biol\u00f3gicas de ponta para uma agricultura mais limpa, mais segura e sem res\u00edduos. Projeto AG LifeSolutions.\" \/>\n<meta name=\"robots\" content=\"index, follow, max-snippet:-1, max-image-preview:large, max-video-preview:-1\" \/>\n<link rel=\"canonical\" href=\"https:\/\/www.agrolac.com\/pt-pt\/logistica-e-distribuicao\/\" \/>\n<meta property=\"og:locale\" content=\"pt_PT\" \/>\n<meta property=\"og:type\" content=\"article\" \/>\n<meta property=\"og:title\" content=\"AG LifeSolutions - Agrolac\" \/>\n<meta property=\"og:description\" content=\"Investigamos e desenvolvemos solu\u00e7\u00f5es biol\u00f3gicas de ponta para uma agricultura mais limpa, mais segura e sem res\u00edduos. Projeto AG LifeSolutions.\" \/>\n<meta property=\"og:url\" content=\"https:\/\/www.agrolac.com\/pt-pt\/logistica-e-distribuicao\/\" \/>\n<meta property=\"og:site_name\" content=\"Agrolac\" \/>\n<meta property=\"article:modified_time\" content=\"2026-03-01T10:44:31+00:00\" \/>\n<meta property=\"og:image\" content=\"https:\/\/www.agrolac.com\/wp-content\/uploads\/2025\/12\/aglife.jpg\" \/>\n\t<meta property=\"og:image:width\" content=\"600\" \/>\n\t<meta property=\"og:image:height\" content=\"428\" \/>\n\t<meta property=\"og:image:type\" content=\"image\/jpeg\" \/>\n<meta name=\"twitter:card\" content=\"summary_large_image\" \/>\n<meta name=\"twitter:label1\" content=\"Est. reading time\" \/>\n\t<meta name=\"twitter:data1\" content=\"2 minutes\" \/>\n<script type=\"application\/ld+json\" class=\"yoast-schema-graph\">{\"@context\":\"https:\/\/schema.org\",\"@graph\":[{\"@type\":\"WebPage\",\"@id\":\"https:\/\/www.agrolac.com\/pt-pt\/logistica-e-distribuicao\/\",\"url\":\"https:\/\/www.agrolac.com\/pt-pt\/logistica-e-distribuicao\/\",\"name\":\"AG LifeSolutions - Agrolac\",\"isPartOf\":{\"@id\":\"https:\/\/www.agrolac.com\/pt-pt\/#website\"},\"primaryImageOfPage\":{\"@id\":\"https:\/\/www.agrolac.com\/pt-pt\/logistica-e-distribuicao\/#primaryimage\"},\"image\":{\"@id\":\"https:\/\/www.agrolac.com\/pt-pt\/logistica-e-distribuicao\/#primaryimage\"},\"thumbnailUrl\":\"https:\/\/www.agrolac.com\/wp-content\/uploads\/2025\/12\/aglife.jpg\",\"datePublished\":\"2023-04-27T14:23:54+00:00\",\"dateModified\":\"2026-03-01T10:44:31+00:00\",\"description\":\"Investigamos e desenvolvemos solu\u00e7\u00f5es biol\u00f3gicas de ponta para uma agricultura mais limpa, mais segura e sem res\u00edduos. Projeto AG LifeSolutions.\",\"breadcrumb\":{\"@id\":\"https:\/\/www.agrolac.com\/pt-pt\/logistica-e-distribuicao\/#breadcrumb\"},\"inLanguage\":\"pt-PT\",\"potentialAction\":[{\"@type\":\"ReadAction\",\"target\":[\"https:\/\/www.agrolac.com\/pt-pt\/logistica-e-distribuicao\/\"]}]},{\"@type\":\"ImageObject\",\"inLanguage\":\"pt-PT\",\"@id\":\"https:\/\/www.agrolac.com\/pt-pt\/logistica-e-distribuicao\/#primaryimage\",\"url\":\"https:\/\/www.agrolac.com\/wp-content\/uploads\/2025\/12\/aglife.jpg\",\"contentUrl\":\"https:\/\/www.agrolac.com\/wp-content\/uploads\/2025\/12\/aglife.jpg\",\"width\":600,\"height\":428},{\"@type\":\"BreadcrumbList\",\"@id\":\"https:\/\/www.agrolac.com\/pt-pt\/logistica-e-distribuicao\/#breadcrumb\",\"itemListElement\":[{\"@type\":\"ListItem\",\"position\":1,\"name\":\"In\u00edcio\",\"item\":\"https:\/\/www.agrolac.com\/pt-pt\/casa\/\"},{\"@type\":\"ListItem\",\"position\":2,\"name\":\"AG LifeSolutions\"}]},{\"@type\":\"WebSite\",\"@id\":\"https:\/\/www.agrolac.com\/pt-pt\/#website\",\"url\":\"https:\/\/www.agrolac.com\/pt-pt\/\",\"name\":\"VICORQUIMIA\",\"description\":\"Agrolac \u00e9s una empresa de Barcelona, fundada el 1982, especialitzada en distribuci\u00f3 de productes agroqu\u00edmics per a l&#039;agricultura europea.\",\"publisher\":{\"@id\":\"https:\/\/www.agrolac.com\/pt-pt\/#organization\"},\"potentialAction\":[{\"@type\":\"SearchAction\",\"target\":{\"@type\":\"EntryPoint\",\"urlTemplate\":\"https:\/\/www.agrolac.com\/pt-pt\/?s={search_term_string}\"},\"query-input\":{\"@type\":\"PropertyValueSpecification\",\"valueRequired\":true,\"valueName\":\"search_term_string\"}}],\"inLanguage\":\"pt-PT\"},{\"@type\":\"Organization\",\"@id\":\"https:\/\/www.agrolac.com\/pt-pt\/#organization\",\"name\":\"VICORQUIMIA\",\"url\":\"https:\/\/www.agrolac.com\/pt-pt\/\",\"logo\":{\"@type\":\"ImageObject\",\"inLanguage\":\"pt-PT\",\"@id\":\"https:\/\/www.agrolac.com\/pt-pt\/#\/schema\/logo\/image\/\",\"url\":\"https:\/\/www.agrolac.com\/wp-content\/uploads\/2025\/10\/agrolac-logo.svg\",\"contentUrl\":\"https:\/\/www.agrolac.com\/wp-content\/uploads\/2025\/10\/agrolac-logo.svg\",\"caption\":\"VICORQUIMIA\"},\"image\":{\"@id\":\"https:\/\/www.agrolac.com\/pt-pt\/#\/schema\/logo\/image\/\"},\"sameAs\":[\"https:\/\/www.linkedin.com\/company\/vicorquimia\/\"]}]}<\/script>\n<!-- \/ Yoast SEO plugin. -->","yoast_head_json":{"title":"AG LifeSolutions - Agrolac","description":"Investigamos e desenvolvemos solu\u00e7\u00f5es biol\u00f3gicas de ponta para uma agricultura mais limpa, mais segura e sem res\u00edduos. Projeto AG LifeSolutions.","robots":{"index":"index","follow":"follow","max-snippet":"max-snippet:-1","max-image-preview":"max-image-preview:large","max-video-preview":"max-video-preview:-1"},"canonical":"https:\/\/www.agrolac.com\/pt-pt\/logistica-e-distribuicao\/","og_locale":"pt_PT","og_type":"article","og_title":"AG LifeSolutions - Agrolac","og_description":"Investigamos e desenvolvemos solu\u00e7\u00f5es biol\u00f3gicas de ponta para uma agricultura mais limpa, mais segura e sem res\u00edduos. Projeto AG LifeSolutions.","og_url":"https:\/\/www.agrolac.com\/pt-pt\/logistica-e-distribuicao\/","og_site_name":"Agrolac","article_modified_time":"2026-03-01T10:44:31+00:00","og_image":[{"width":600,"height":428,"url":"https:\/\/www.agrolac.com\/wp-content\/uploads\/2025\/12\/aglife.jpg","type":"image\/jpeg"}],"twitter_card":"summary_large_image","twitter_misc":{"Est. reading time":"2 minutes"},"schema":{"@context":"https:\/\/schema.org","@graph":[{"@type":"WebPage","@id":"https:\/\/www.agrolac.com\/pt-pt\/logistica-e-distribuicao\/","url":"https:\/\/www.agrolac.com\/pt-pt\/logistica-e-distribuicao\/","name":"AG LifeSolutions - Agrolac","isPartOf":{"@id":"https:\/\/www.agrolac.com\/pt-pt\/#website"},"primaryImageOfPage":{"@id":"https:\/\/www.agrolac.com\/pt-pt\/logistica-e-distribuicao\/#primaryimage"},"image":{"@id":"https:\/\/www.agrolac.com\/pt-pt\/logistica-e-distribuicao\/#primaryimage"},"thumbnailUrl":"https:\/\/www.agrolac.com\/wp-content\/uploads\/2025\/12\/aglife.jpg","datePublished":"2023-04-27T14:23:54+00:00","dateModified":"2026-03-01T10:44:31+00:00","description":"Investigamos e desenvolvemos solu\u00e7\u00f5es biol\u00f3gicas de ponta para uma agricultura mais limpa, mais segura e sem res\u00edduos. Projeto AG LifeSolutions.","breadcrumb":{"@id":"https:\/\/www.agrolac.com\/pt-pt\/logistica-e-distribuicao\/#breadcrumb"},"inLanguage":"pt-PT","potentialAction":[{"@type":"ReadAction","target":["https:\/\/www.agrolac.com\/pt-pt\/logistica-e-distribuicao\/"]}]},{"@type":"ImageObject","inLanguage":"pt-PT","@id":"https:\/\/www.agrolac.com\/pt-pt\/logistica-e-distribuicao\/#primaryimage","url":"https:\/\/www.agrolac.com\/wp-content\/uploads\/2025\/12\/aglife.jpg","contentUrl":"https:\/\/www.agrolac.com\/wp-content\/uploads\/2025\/12\/aglife.jpg","width":600,"height":428},{"@type":"BreadcrumbList","@id":"https:\/\/www.agrolac.com\/pt-pt\/logistica-e-distribuicao\/#breadcrumb","itemListElement":[{"@type":"ListItem","position":1,"name":"In\u00edcio","item":"https:\/\/www.agrolac.com\/pt-pt\/casa\/"},{"@type":"ListItem","position":2,"name":"AG LifeSolutions"}]},{"@type":"WebSite","@id":"https:\/\/www.agrolac.com\/pt-pt\/#website","url":"https:\/\/www.agrolac.com\/pt-pt\/","name":"VICORQUIMIA","description":"Agrolac \u00e9s una empresa de Barcelona, fundada el 1982, especialitzada en distribuci\u00f3 de productes agroqu\u00edmics per a l&#039;agricultura europea.","publisher":{"@id":"https:\/\/www.agrolac.com\/pt-pt\/#organization"},"potentialAction":[{"@type":"SearchAction","target":{"@type":"EntryPoint","urlTemplate":"https:\/\/www.agrolac.com\/pt-pt\/?s={search_term_string}"},"query-input":{"@type":"PropertyValueSpecification","valueRequired":true,"valueName":"search_term_string"}}],"inLanguage":"pt-PT"},{"@type":"Organization","@id":"https:\/\/www.agrolac.com\/pt-pt\/#organization","name":"VICORQUIMIA","url":"https:\/\/www.agrolac.com\/pt-pt\/","logo":{"@type":"ImageObject","inLanguage":"pt-PT","@id":"https:\/\/www.agrolac.com\/pt-pt\/#\/schema\/logo\/image\/","url":"https:\/\/www.agrolac.com\/wp-content\/uploads\/2025\/10\/agrolac-logo.svg","contentUrl":"https:\/\/www.agrolac.com\/wp-content\/uploads\/2025\/10\/agrolac-logo.svg","caption":"VICORQUIMIA"},"image":{"@id":"https:\/\/www.agrolac.com\/pt-pt\/#\/schema\/logo\/image\/"},"sameAs":["https:\/\/www.linkedin.com\/company\/vicorquimia\/"]}]}},"_links":{"self":[{"href":"https:\/\/www.agrolac.com\/pt-pt\/wp-json\/wp\/v2\/pages\/1875","targetHints":{"allow":["GET"]}}],"collection":[{"href":"https:\/\/www.agrolac.com\/pt-pt\/wp-json\/wp\/v2\/pages"}],"about":[{"href":"https:\/\/www.agrolac.com\/pt-pt\/wp-json\/wp\/v2\/types\/page"}],"author":[{"embeddable":true,"href":"https:\/\/www.agrolac.com\/pt-pt\/wp-json\/wp\/v2\/users\/3"}],"replies":[{"embeddable":true,"href":"https:\/\/www.agrolac.com\/pt-pt\/wp-json\/wp\/v2\/comments?post=1875"}],"version-history":[{"count":0,"href":"https:\/\/www.agrolac.com\/pt-pt\/wp-json\/wp\/v2\/pages\/1875\/revisions"}],"wp:featuredmedia":[{"embeddable":true,"href":"https:\/\/www.agrolac.com\/pt-pt\/wp-json\/wp\/v2\/media\/5046"}],"wp:attachment":[{"href":"https:\/\/www.agrolac.com\/pt-pt\/wp-json\/wp\/v2\/media?parent=1875"}],"curies":[{"name":"wp","href":"https:\/\/api.w.org\/{rel}","templated":true}]}}