{"id":7717,"date":"2026-01-08T22:07:17","date_gmt":"2026-01-08T21:07:17","guid":{"rendered":"https:\/\/www.agrolac.com\/producto\/agrolac-floraison\/"},"modified":"2026-03-05T01:30:11","modified_gmt":"2026-03-05T00:30:11","slug":"agrolac-floraison","status":"publish","type":"product","link":"https:\/\/www.agrolac.com\/fr\/producto\/agrolac-floraison\/","title":{"rendered":"Agrolac\u00ae Floraison"},"content":{"rendered":"<h2>AGROLAC\u00ae FLORAISON<\/h2>\n<p><strong>AGROLAC\u00ae<\/strong> <strong>FLOWERING<\/strong> est un engrais formul\u00e9 pour \u00eatre utilis\u00e9 dans une phase cl\u00e9 du cycle de la culture : la <strong>floraison<\/strong>. A cette p\u00e9riode, une nutrition \u00e9quilibr\u00e9e est d\u00e9cisive pour accompagner le d\u00e9veloppement de la culture et sa continuit\u00e9 productive. <\/p>\n<p>Sa formulation vise \u00e0 favoriser les processus physiologiques et m\u00e9taboliques de la plante durant cette phase, contribuant ainsi \u00e0 une meilleure r\u00e9ponse de la culture en p\u00e9riode de forte demande. Il combine <span class=\"s1\"><b>phosphore et potassium<\/b><\/span> et <span class=\"s1\"><b>Mg, Fe, Mn et Zn<\/b><\/span>et incorpore les <span class=\"s1\"><b>l&rsquo;acide \u03b3-polyglutamique<\/b><\/span> y <span class=\"s1\"><b>acides amin\u00e9s obtenus par fermentation<\/b><\/span>. Cette formulation peut \u00eatre int\u00e9gr\u00e9e dans des programmes de nutrition foliaire, en adaptant les doses et le calendrier \u00e0 chaque culture et \u00e0 chaque situation agronomique.  <\/p>\n<p><strong>AGROLAC\u00ae<\/strong> <strong>FLORATION<\/strong> contribue de mani\u00e8re tr\u00e8s efficace \u00e0 am\u00e9liorer et \u00e0 acc\u00e9l\u00e9rer les processus m\u00e9taboliques de la plante, en favorisant l&rsquo;utilisation des nutriments et le mouvement de la s\u00e8ve \u00e0 travers le phlo\u00e8me vers la nouaison. Gr\u00e2ce \u00e0 sa teneur en <strong>acide polyglutamique<\/strong>, il contribue \u00e0 optimiser la disponibilit\u00e9 et l&rsquo;utilisation des nutriments dans une phase particuli\u00e8rement sensible de la culture, favorisant un d\u00e9veloppement plus r\u00e9gulier de la floraison \u00e0 la nouaison.<\/p>\n<h3>Avantages agronomiques<\/h3>\n<ul>\n<li><strong>Soutien nutritionnel sp\u00e9cifique pendant la floraison<\/strong>.<\/li>\n<li><strong>Soutient les processus m\u00e9taboliques<\/strong> de la plante en p\u00e9riode de forte demande.<\/li>\n<li><strong>Am\u00e9lioration de l&rsquo;utilisation des nutriments<\/strong>.<\/li>\n<li><strong>Favorise la circulation de la s\u00e8ve dans le phlo\u00e8me<\/strong> jusqu&rsquo;\u00e0 la nouaison.<\/li>\n<li><strong>Il permet de maintenir une \u00e9volution plus r\u00e9guli\u00e8re<\/strong> entre la floraison et la nouaison.<\/li>\n<\/ul>\n<p>&nbsp;<\/p>\n<h3>Application<\/h3>\n<p>Engrais pour application <strong>foliaire<\/strong>. A utiliser en adaptant le dosage et le moment de l&rsquo;application aux besoins de la culture et aux conditions agronomiques. <\/p>\n<h3>Remarques<\/h3>\n<p>Ne pas traiter \u00e0 des temp\u00e9ratures sup\u00e9rieures \u00e0 30 \u00baC. Ne pas m\u00e9langer avec des produits \u00e0 base d&rsquo;\u00e9tain ou des huiles min\u00e9rales. <\/p>\n","protected":false},"excerpt":{"rendered":"<p>Produit con\u00e7u pour soutenir la floraison des cultu\u2026<\/p>\n","protected":false},"featured_media":5654,"comment_status":"closed","ping_status":"closed","template":"","meta":{"_acf_changed":false,"_joinchat":[]},"certificacion":[433],"cultivo":[562,437,555,559,1121,439,440,565,1276,438,1120,1277,1124,1122,1224,1123],"product_brand":[],"product_cat":[397],"product_tag":[],"class_list":{"0":"post-7717","1":"product","2":"type-product","3":"status-publish","4":"has-post-thumbnail","6":"certificacion-zero-residu","7":"cultivo-agrumes","8":"cultivo-arbres-fruitiers","9":"cultivo-arbres-fruitiers-a-noyaux","10":"cultivo-arbres-fruitiers-a-pepins","11":"cultivo-brassicacees","12":"cultivo-cereales","13":"cultivo-cultures-industrielles","14":"cultivo-fruits-secs","15":"cultivo-graines-oleagineuses","16":"cultivo-horticulture","17":"cultivo-horticulture-fruitiere","18":"cultivo-legumineuses","19":"cultivo-olivier","20":"cultivo-racine-et-bulbe","21":"cultivo-tropical-subtropical","22":"cultivo-vigne","23":"product_cat-engrais","25":"first","26":"instock","27":"shipping-taxable","28":"product-type-simple"},"acf":[],"yoast_head":"<!-- This site is optimized with the Yoast SEO plugin v27.1.1 - https:\/\/yoast.com\/product\/yoast-seo-wordpress\/ -->\n<title>Agrolac\u00ae Floraison - Agrolac<\/title>\n<meta name=\"description\" content=\"AGROLAC FLORATION est un engrais foliaire \u00e0 base d&#039;acide \u03b3-polyglutamique et d&#039;acides amin\u00e9s pour accompagner la floraison et le d\u00e9but de la nouaison. Demandez une recommandation.\" \/>\n<meta name=\"robots\" content=\"index, follow, max-snippet:-1, max-image-preview:large, max-video-preview:-1\" \/>\n<link rel=\"canonical\" href=\"https:\/\/www.agrolac.com\/fr\/producto\/agrolac-floraison\/\" \/>\n<meta property=\"og:locale\" content=\"fr_FR\" \/>\n<meta property=\"og:type\" content=\"article\" \/>\n<meta property=\"og:title\" content=\"Agrolac\u00ae Floraison - Agrolac\" \/>\n<meta property=\"og:description\" content=\"AGROLAC FLORATION est un engrais foliaire \u00e0 base d&#039;acide \u03b3-polyglutamique et d&#039;acides amin\u00e9s pour accompagner la floraison et le d\u00e9but de la nouaison. Demandez une recommandation.\" \/>\n<meta property=\"og:url\" content=\"https:\/\/www.agrolac.com\/fr\/producto\/agrolac-floraison\/\" \/>\n<meta property=\"og:site_name\" content=\"Agrolac\" \/>\n<meta property=\"article:modified_time\" content=\"2026-03-05T00:30:11+00:00\" \/>\n<meta property=\"og:image\" content=\"https:\/\/www.agrolac.com\/wp-content\/uploads\/2025\/10\/agrolac-floracion-almendros.webp\" \/>\n\t<meta property=\"og:image:width\" content=\"1500\" \/>\n\t<meta property=\"og:image:height\" content=\"1000\" \/>\n\t<meta property=\"og:image:type\" content=\"image\/webp\" \/>\n<meta name=\"twitter:card\" content=\"summary_large_image\" \/>\n<meta name=\"twitter:label1\" content=\"Est. reading time\" \/>\n\t<meta name=\"twitter:data1\" content=\"2 minutes\" \/>\n<script type=\"application\/ld+json\" class=\"yoast-schema-graph\">{\"@context\":\"https:\/\/schema.org\",\"@graph\":[{\"@type\":\"WebPage\",\"@id\":\"https:\/\/www.agrolac.com\/fr\/producto\/agrolac-floraison\/\",\"url\":\"https:\/\/www.agrolac.com\/fr\/producto\/agrolac-floraison\/\",\"name\":\"Agrolac\u00ae Floraison - Agrolac\",\"isPartOf\":{\"@id\":\"https:\/\/www.agrolac.com\/fr\/#website\"},\"primaryImageOfPage\":{\"@id\":\"https:\/\/www.agrolac.com\/fr\/producto\/agrolac-floraison\/#primaryimage\"},\"image\":{\"@id\":\"https:\/\/www.agrolac.com\/fr\/producto\/agrolac-floraison\/#primaryimage\"},\"thumbnailUrl\":\"https:\/\/www.agrolac.com\/wp-content\/uploads\/2025\/10\/agrolac-floracion-almendros.webp\",\"datePublished\":\"2026-01-08T21:07:17+00:00\",\"dateModified\":\"2026-03-05T00:30:11+00:00\",\"description\":\"AGROLAC FLORATION est un engrais foliaire \u00e0 base d'acide \u03b3-polyglutamique et d'acides amin\u00e9s pour accompagner la floraison et le d\u00e9but de la nouaison. Demandez une recommandation.\",\"breadcrumb\":{\"@id\":\"https:\/\/www.agrolac.com\/fr\/producto\/agrolac-floraison\/#breadcrumb\"},\"inLanguage\":\"fr-FR\",\"potentialAction\":[{\"@type\":\"ReadAction\",\"target\":[\"https:\/\/www.agrolac.com\/fr\/producto\/agrolac-floraison\/\"]}]},{\"@type\":\"ImageObject\",\"inLanguage\":\"fr-FR\",\"@id\":\"https:\/\/www.agrolac.com\/fr\/producto\/agrolac-floraison\/#primaryimage\",\"url\":\"https:\/\/www.agrolac.com\/wp-content\/uploads\/2025\/10\/agrolac-floracion-almendros.webp\",\"contentUrl\":\"https:\/\/www.agrolac.com\/wp-content\/uploads\/2025\/10\/agrolac-floracion-almendros.webp\",\"width\":1500,\"height\":1000},{\"@type\":\"BreadcrumbList\",\"@id\":\"https:\/\/www.agrolac.com\/fr\/producto\/agrolac-floraison\/#breadcrumb\",\"itemListElement\":[{\"@type\":\"ListItem\",\"position\":1,\"name\":\"Accueil\",\"item\":\"https:\/\/www.agrolac.com\/fr\/accueil\/\"},{\"@type\":\"ListItem\",\"position\":2,\"name\":\"Produits\",\"item\":\"https:\/\/www.agrolac.com\/fr\/produits\/\"},{\"@type\":\"ListItem\",\"position\":3,\"name\":\"Engrais\",\"item\":\"https:\/\/www.agrolac.com\/fr\/categoria-producto\/engrais\/\"},{\"@type\":\"ListItem\",\"position\":4,\"name\":\"Agrolac\u00ae Floraison\"}]},{\"@type\":\"WebSite\",\"@id\":\"https:\/\/www.agrolac.com\/fr\/#website\",\"url\":\"https:\/\/www.agrolac.com\/fr\/\",\"name\":\"VICORQUIMIA\",\"description\":\"Agrolac \u00e9s una empresa de Barcelona, fundada el 1982, especialitzada en distribuci\u00f3 de productes agroqu\u00edmics per a l&#039;agricultura europea.\",\"publisher\":{\"@id\":\"https:\/\/www.agrolac.com\/fr\/#organization\"},\"potentialAction\":[{\"@type\":\"SearchAction\",\"target\":{\"@type\":\"EntryPoint\",\"urlTemplate\":\"https:\/\/www.agrolac.com\/fr\/?s={search_term_string}\"},\"query-input\":{\"@type\":\"PropertyValueSpecification\",\"valueRequired\":true,\"valueName\":\"search_term_string\"}}],\"inLanguage\":\"fr-FR\"},{\"@type\":\"Organization\",\"@id\":\"https:\/\/www.agrolac.com\/fr\/#organization\",\"name\":\"VICORQUIMIA\",\"url\":\"https:\/\/www.agrolac.com\/fr\/\",\"logo\":{\"@type\":\"ImageObject\",\"inLanguage\":\"fr-FR\",\"@id\":\"https:\/\/www.agrolac.com\/fr\/#\/schema\/logo\/image\/\",\"url\":\"https:\/\/www.agrolac.com\/wp-content\/uploads\/2025\/10\/agrolac-logo.svg\",\"contentUrl\":\"https:\/\/www.agrolac.com\/wp-content\/uploads\/2025\/10\/agrolac-logo.svg\",\"caption\":\"VICORQUIMIA\"},\"image\":{\"@id\":\"https:\/\/www.agrolac.com\/fr\/#\/schema\/logo\/image\/\"},\"sameAs\":[\"https:\/\/www.linkedin.com\/company\/vicorquimia\/\"]}]}<\/script>\n<!-- \/ Yoast SEO plugin. -->","yoast_head_json":{"title":"Agrolac\u00ae Floraison - Agrolac","description":"AGROLAC FLORATION est un engrais foliaire \u00e0 base d'acide \u03b3-polyglutamique et d'acides amin\u00e9s pour accompagner la floraison et le d\u00e9but de la nouaison. Demandez une recommandation.","robots":{"index":"index","follow":"follow","max-snippet":"max-snippet:-1","max-image-preview":"max-image-preview:large","max-video-preview":"max-video-preview:-1"},"canonical":"https:\/\/www.agrolac.com\/fr\/producto\/agrolac-floraison\/","og_locale":"fr_FR","og_type":"article","og_title":"Agrolac\u00ae Floraison - Agrolac","og_description":"AGROLAC FLORATION est un engrais foliaire \u00e0 base d'acide \u03b3-polyglutamique et d'acides amin\u00e9s pour accompagner la floraison et le d\u00e9but de la nouaison. Demandez une recommandation.","og_url":"https:\/\/www.agrolac.com\/fr\/producto\/agrolac-floraison\/","og_site_name":"Agrolac","article_modified_time":"2026-03-05T00:30:11+00:00","og_image":[{"width":1500,"height":1000,"url":"https:\/\/www.agrolac.com\/wp-content\/uploads\/2025\/10\/agrolac-floracion-almendros.webp","type":"image\/webp"}],"twitter_card":"summary_large_image","twitter_misc":{"Est. reading time":"2 minutes"},"schema":{"@context":"https:\/\/schema.org","@graph":[{"@type":"WebPage","@id":"https:\/\/www.agrolac.com\/fr\/producto\/agrolac-floraison\/","url":"https:\/\/www.agrolac.com\/fr\/producto\/agrolac-floraison\/","name":"Agrolac\u00ae Floraison - Agrolac","isPartOf":{"@id":"https:\/\/www.agrolac.com\/fr\/#website"},"primaryImageOfPage":{"@id":"https:\/\/www.agrolac.com\/fr\/producto\/agrolac-floraison\/#primaryimage"},"image":{"@id":"https:\/\/www.agrolac.com\/fr\/producto\/agrolac-floraison\/#primaryimage"},"thumbnailUrl":"https:\/\/www.agrolac.com\/wp-content\/uploads\/2025\/10\/agrolac-floracion-almendros.webp","datePublished":"2026-01-08T21:07:17+00:00","dateModified":"2026-03-05T00:30:11+00:00","description":"AGROLAC FLORATION est un engrais foliaire \u00e0 base d'acide \u03b3-polyglutamique et d'acides amin\u00e9s pour accompagner la floraison et le d\u00e9but de la nouaison. Demandez une recommandation.","breadcrumb":{"@id":"https:\/\/www.agrolac.com\/fr\/producto\/agrolac-floraison\/#breadcrumb"},"inLanguage":"fr-FR","potentialAction":[{"@type":"ReadAction","target":["https:\/\/www.agrolac.com\/fr\/producto\/agrolac-floraison\/"]}]},{"@type":"ImageObject","inLanguage":"fr-FR","@id":"https:\/\/www.agrolac.com\/fr\/producto\/agrolac-floraison\/#primaryimage","url":"https:\/\/www.agrolac.com\/wp-content\/uploads\/2025\/10\/agrolac-floracion-almendros.webp","contentUrl":"https:\/\/www.agrolac.com\/wp-content\/uploads\/2025\/10\/agrolac-floracion-almendros.webp","width":1500,"height":1000},{"@type":"BreadcrumbList","@id":"https:\/\/www.agrolac.com\/fr\/producto\/agrolac-floraison\/#breadcrumb","itemListElement":[{"@type":"ListItem","position":1,"name":"Accueil","item":"https:\/\/www.agrolac.com\/fr\/accueil\/"},{"@type":"ListItem","position":2,"name":"Produits","item":"https:\/\/www.agrolac.com\/fr\/produits\/"},{"@type":"ListItem","position":3,"name":"Engrais","item":"https:\/\/www.agrolac.com\/fr\/categoria-producto\/engrais\/"},{"@type":"ListItem","position":4,"name":"Agrolac\u00ae Floraison"}]},{"@type":"WebSite","@id":"https:\/\/www.agrolac.com\/fr\/#website","url":"https:\/\/www.agrolac.com\/fr\/","name":"VICORQUIMIA","description":"Agrolac \u00e9s una empresa de Barcelona, fundada el 1982, especialitzada en distribuci\u00f3 de productes agroqu\u00edmics per a l&#039;agricultura europea.","publisher":{"@id":"https:\/\/www.agrolac.com\/fr\/#organization"},"potentialAction":[{"@type":"SearchAction","target":{"@type":"EntryPoint","urlTemplate":"https:\/\/www.agrolac.com\/fr\/?s={search_term_string}"},"query-input":{"@type":"PropertyValueSpecification","valueRequired":true,"valueName":"search_term_string"}}],"inLanguage":"fr-FR"},{"@type":"Organization","@id":"https:\/\/www.agrolac.com\/fr\/#organization","name":"VICORQUIMIA","url":"https:\/\/www.agrolac.com\/fr\/","logo":{"@type":"ImageObject","inLanguage":"fr-FR","@id":"https:\/\/www.agrolac.com\/fr\/#\/schema\/logo\/image\/","url":"https:\/\/www.agrolac.com\/wp-content\/uploads\/2025\/10\/agrolac-logo.svg","contentUrl":"https:\/\/www.agrolac.com\/wp-content\/uploads\/2025\/10\/agrolac-logo.svg","caption":"VICORQUIMIA"},"image":{"@id":"https:\/\/www.agrolac.com\/fr\/#\/schema\/logo\/image\/"},"sameAs":["https:\/\/www.linkedin.com\/company\/vicorquimia\/"]}]}},"_links":{"self":[{"href":"https:\/\/www.agrolac.com\/fr\/wp-json\/wp\/v2\/product\/7717","targetHints":{"allow":["GET"]}}],"collection":[{"href":"https:\/\/www.agrolac.com\/fr\/wp-json\/wp\/v2\/product"}],"about":[{"href":"https:\/\/www.agrolac.com\/fr\/wp-json\/wp\/v2\/types\/product"}],"replies":[{"embeddable":true,"href":"https:\/\/www.agrolac.com\/fr\/wp-json\/wp\/v2\/comments?post=7717"}],"wp:featuredmedia":[{"embeddable":true,"href":"https:\/\/www.agrolac.com\/fr\/wp-json\/wp\/v2\/media\/5654"}],"wp:attachment":[{"href":"https:\/\/www.agrolac.com\/fr\/wp-json\/wp\/v2\/media?parent=7717"}],"wp:term":[{"taxonomy":"certificacion","embeddable":true,"href":"https:\/\/www.agrolac.com\/fr\/wp-json\/wp\/v2\/certificacion?post=7717"},{"taxonomy":"cultivo","embeddable":true,"href":"https:\/\/www.agrolac.com\/fr\/wp-json\/wp\/v2\/cultivo?post=7717"},{"taxonomy":"product_brand","embeddable":true,"href":"https:\/\/www.agrolac.com\/fr\/wp-json\/wp\/v2\/product_brand?post=7717"},{"taxonomy":"product_cat","embeddable":true,"href":"https:\/\/www.agrolac.com\/fr\/wp-json\/wp\/v2\/product_cat?post=7717"},{"taxonomy":"product_tag","embeddable":true,"href":"https:\/\/www.agrolac.com\/fr\/wp-json\/wp\/v2\/product_tag?post=7717"}],"curies":[{"name":"wp","href":"https:\/\/api.w.org\/{rel}","templated":true}]}}