{"id":7697,"date":"2026-01-08T09:35:57","date_gmt":"2026-01-08T08:35:57","guid":{"rendered":"https:\/\/www.agrolac.com\/producto\/explosion\/"},"modified":"2026-03-02T19:20:30","modified_gmt":"2026-03-02T18:20:30","slug":"explosion","status":"publish","type":"product","link":"https:\/\/www.agrolac.com\/fr\/producto\/explosion\/","title":{"rendered":"Explosion"},"content":{"rendered":"<h2>RAPHAGA<\/h2>\n<p><strong>R\u00c1FAGA<\/strong> est un <strong>insecticide pyr\u00e9thrino\u00efde \u00e0 large spectre<\/strong> \u00e0 base de <strong>deltam\u00e9thrine 25 EC<\/strong>, formul\u00e9 pour lutter contre les insectes par <strong>contact et par ingestion<\/strong>, et dont l&rsquo;utilisation est autoris\u00e9e sur une vari\u00e9t\u00e9 de cultures.<\/p>\n<p>Le produit est appliqu\u00e9 par <strong>pulv\u00e9risation foliaire<\/strong>, en adaptant la dose, le nombre d&rsquo;applications et le moment du traitement aux indications \u00e9tablies pour chaque culture et chaque ravageur.<\/p>\n<h3>Conditions g\u00e9n\u00e9rales d&rsquo;utilisation<\/h3>\n<ul>\n<li>Appliquer exclusivement par <strong>pulv\u00e9risation foliaire<\/strong>.<\/li>\n<li>Le produit formul\u00e9 ne peut \u00eatre utilis\u00e9 pendant la p\u00e9riode de floraison \u00e0 une dose sup\u00e9rieure \u00e0 <strong>6,25 g a.s.\/ha.<\/strong><\/li>\n<li><strong>Ne contaminez pas l&rsquo;eau<\/strong> avec le produit ou son emballage.<\/li>\n<li>Ne pas nettoyer le mat\u00e9riel d&rsquo;application \u00e0 proximit\u00e9 des eaux de surface.<\/li>\n<li>\u00c9vitez la contamination par les syst\u00e8mes de drainage des fermes ou des routes.<\/li>\n<\/ul>\n<h3>P\u00e9riode de s\u00e9curit\u00e9<\/h3>\n<p>Les p\u00e9riodes minimales suivantes doivent s&rsquo;\u00e9couler entre le dernier traitement et la r\u00e9colte de plantes ou de fruits destin\u00e9s \u00e0 la consommation humaine ou animale, ou l&rsquo;entr\u00e9e du b\u00e9tail :<\/p>\n<ul>\n<li><strong>3 jours<\/strong> pour l&rsquo;aubergine, la courgette, le melon, le cornichon, le concombre, la past\u00e8que et la tomate.<\/li>\n<li><strong>7 jours<\/strong> sur l&rsquo;ail, l&rsquo;oignon, les arbres fruitiers \u00e0 p\u00e9pins, la laitue, la pomme de terre, le poireau et la vigne.<\/li>\n<li><strong>30 jours<\/strong> dans les amandiers.<\/li>\n<\/ul>\n<p>Il n&rsquo;est pas n\u00e9cessaire de fixer une p\u00e9riode de s\u00e9curit\u00e9 pour les oliviers.<\/p>\n<h3>Remarques<\/h3>\n<p>Respectez le mode d&#8217;emploi autoris\u00e9 pour chaque culture, chaque organisme nuisible, chaque dose et chaque p\u00e9riode d&rsquo;application.<\/p>\n","protected":false},"excerpt":{"rendered":"<p>Insecticide indiqu\u00e9 pour la lutte contre les pucer\u2026<\/p>\n","protected":false},"featured_media":6194,"comment_status":"closed","ping_status":"closed","template":"","meta":{"_acf_changed":false,"_joinchat":[]},"certificacion":[],"cultivo":[437,559,1121,565,438,1120,1124,1122,1123],"product_brand":[],"product_cat":[412],"product_tag":[],"class_list":{"0":"post-7697","1":"product","2":"type-product","3":"status-publish","4":"has-post-thumbnail","6":"cultivo-arbres-fruitiers","7":"cultivo-arbres-fruitiers-a-pepins","8":"cultivo-brassicacees","9":"cultivo-fruits-secs","10":"cultivo-horticulture","11":"cultivo-horticulture-fruitiere","12":"cultivo-olivier","13":"cultivo-racine-et-bulbe","14":"cultivo-vigne","15":"product_cat-insecticides","17":"first","18":"instock","19":"shipping-taxable","20":"product-type-simple"},"acf":[],"yoast_head":"<!-- This site is optimized with the Yoast SEO plugin v27.1.1 - https:\/\/yoast.com\/product\/yoast-seo-wordpress\/ -->\n<title>Explosion - Agrolac<\/title>\n<meta name=\"description\" content=\"R\u00c1FAGA est un insecticide pyr\u00e9thrino\u00efde \u00e0 base de deltam\u00e9thrine 25 EC pour la lutte par contact et par ingestion. Application foliaire et p\u00e9riodes de s\u00e9curit\u00e9 par culture.\" \/>\n<meta name=\"robots\" content=\"index, follow, max-snippet:-1, max-image-preview:large, max-video-preview:-1\" \/>\n<link rel=\"canonical\" href=\"https:\/\/www.agrolac.com\/fr\/producto\/explosion\/\" \/>\n<meta property=\"og:locale\" content=\"fr_FR\" \/>\n<meta property=\"og:type\" content=\"article\" \/>\n<meta property=\"og:title\" content=\"Explosion - Agrolac\" \/>\n<meta property=\"og:description\" content=\"R\u00c1FAGA est un insecticide pyr\u00e9thrino\u00efde \u00e0 base de deltam\u00e9thrine 25 EC pour la lutte par contact et par ingestion. Application foliaire et p\u00e9riodes de s\u00e9curit\u00e9 par culture.\" \/>\n<meta property=\"og:url\" content=\"https:\/\/www.agrolac.com\/fr\/producto\/explosion\/\" \/>\n<meta property=\"og:site_name\" content=\"Agrolac\" \/>\n<meta property=\"article:modified_time\" content=\"2026-03-02T18:20:30+00:00\" \/>\n<meta property=\"og:image\" content=\"https:\/\/www.agrolac.com\/wp-content\/uploads\/2026\/01\/campo-melocoton.webp\" \/>\n\t<meta property=\"og:image:width\" content=\"1920\" \/>\n\t<meta property=\"og:image:height\" content=\"1368\" \/>\n\t<meta property=\"og:image:type\" content=\"image\/webp\" \/>\n<meta name=\"twitter:card\" content=\"summary_large_image\" \/>\n<meta name=\"twitter:label1\" content=\"Est. reading time\" \/>\n\t<meta name=\"twitter:data1\" content=\"1 minute\" \/>\n<script type=\"application\/ld+json\" class=\"yoast-schema-graph\">{\"@context\":\"https:\/\/schema.org\",\"@graph\":[{\"@type\":\"WebPage\",\"@id\":\"https:\/\/www.agrolac.com\/fr\/producto\/explosion\/\",\"url\":\"https:\/\/www.agrolac.com\/fr\/producto\/explosion\/\",\"name\":\"Explosion - Agrolac\",\"isPartOf\":{\"@id\":\"https:\/\/www.agrolac.com\/fr\/#website\"},\"primaryImageOfPage\":{\"@id\":\"https:\/\/www.agrolac.com\/fr\/producto\/explosion\/#primaryimage\"},\"image\":{\"@id\":\"https:\/\/www.agrolac.com\/fr\/producto\/explosion\/#primaryimage\"},\"thumbnailUrl\":\"https:\/\/www.agrolac.com\/wp-content\/uploads\/2026\/01\/campo-melocoton.webp\",\"datePublished\":\"2026-01-08T08:35:57+00:00\",\"dateModified\":\"2026-03-02T18:20:30+00:00\",\"description\":\"R\u00c1FAGA est un insecticide pyr\u00e9thrino\u00efde \u00e0 base de deltam\u00e9thrine 25 EC pour la lutte par contact et par ingestion. Application foliaire et p\u00e9riodes de s\u00e9curit\u00e9 par culture.\",\"breadcrumb\":{\"@id\":\"https:\/\/www.agrolac.com\/fr\/producto\/explosion\/#breadcrumb\"},\"inLanguage\":\"fr-FR\",\"potentialAction\":[{\"@type\":\"ReadAction\",\"target\":[\"https:\/\/www.agrolac.com\/fr\/producto\/explosion\/\"]}]},{\"@type\":\"ImageObject\",\"inLanguage\":\"fr-FR\",\"@id\":\"https:\/\/www.agrolac.com\/fr\/producto\/explosion\/#primaryimage\",\"url\":\"https:\/\/www.agrolac.com\/wp-content\/uploads\/2026\/01\/campo-melocoton.webp\",\"contentUrl\":\"https:\/\/www.agrolac.com\/wp-content\/uploads\/2026\/01\/campo-melocoton.webp\",\"width\":1920,\"height\":1368},{\"@type\":\"BreadcrumbList\",\"@id\":\"https:\/\/www.agrolac.com\/fr\/producto\/explosion\/#breadcrumb\",\"itemListElement\":[{\"@type\":\"ListItem\",\"position\":1,\"name\":\"Accueil\",\"item\":\"https:\/\/www.agrolac.com\/fr\/accueil\/\"},{\"@type\":\"ListItem\",\"position\":2,\"name\":\"Produits\",\"item\":\"https:\/\/www.agrolac.com\/fr\/produits\/\"},{\"@type\":\"ListItem\",\"position\":3,\"name\":\"Insecticides\",\"item\":\"https:\/\/www.agrolac.com\/fr\/categoria-producto\/insecticides\/\"},{\"@type\":\"ListItem\",\"position\":4,\"name\":\"Explosion\"}]},{\"@type\":\"WebSite\",\"@id\":\"https:\/\/www.agrolac.com\/fr\/#website\",\"url\":\"https:\/\/www.agrolac.com\/fr\/\",\"name\":\"VICORQUIMIA\",\"description\":\"Agrolac \u00e9s una empresa de Barcelona, fundada el 1982, especialitzada en distribuci\u00f3 de productes agroqu\u00edmics per a l&#039;agricultura europea.\",\"publisher\":{\"@id\":\"https:\/\/www.agrolac.com\/fr\/#organization\"},\"potentialAction\":[{\"@type\":\"SearchAction\",\"target\":{\"@type\":\"EntryPoint\",\"urlTemplate\":\"https:\/\/www.agrolac.com\/fr\/?s={search_term_string}\"},\"query-input\":{\"@type\":\"PropertyValueSpecification\",\"valueRequired\":true,\"valueName\":\"search_term_string\"}}],\"inLanguage\":\"fr-FR\"},{\"@type\":\"Organization\",\"@id\":\"https:\/\/www.agrolac.com\/fr\/#organization\",\"name\":\"VICORQUIMIA\",\"url\":\"https:\/\/www.agrolac.com\/fr\/\",\"logo\":{\"@type\":\"ImageObject\",\"inLanguage\":\"fr-FR\",\"@id\":\"https:\/\/www.agrolac.com\/fr\/#\/schema\/logo\/image\/\",\"url\":\"https:\/\/www.agrolac.com\/wp-content\/uploads\/2025\/10\/agrolac-logo.svg\",\"contentUrl\":\"https:\/\/www.agrolac.com\/wp-content\/uploads\/2025\/10\/agrolac-logo.svg\",\"caption\":\"VICORQUIMIA\"},\"image\":{\"@id\":\"https:\/\/www.agrolac.com\/fr\/#\/schema\/logo\/image\/\"},\"sameAs\":[\"https:\/\/www.linkedin.com\/company\/vicorquimia\/\"]}]}<\/script>\n<!-- \/ Yoast SEO plugin. -->","yoast_head_json":{"title":"Explosion - Agrolac","description":"R\u00c1FAGA est un insecticide pyr\u00e9thrino\u00efde \u00e0 base de deltam\u00e9thrine 25 EC pour la lutte par contact et par ingestion. Application foliaire et p\u00e9riodes de s\u00e9curit\u00e9 par culture.","robots":{"index":"index","follow":"follow","max-snippet":"max-snippet:-1","max-image-preview":"max-image-preview:large","max-video-preview":"max-video-preview:-1"},"canonical":"https:\/\/www.agrolac.com\/fr\/producto\/explosion\/","og_locale":"fr_FR","og_type":"article","og_title":"Explosion - Agrolac","og_description":"R\u00c1FAGA est un insecticide pyr\u00e9thrino\u00efde \u00e0 base de deltam\u00e9thrine 25 EC pour la lutte par contact et par ingestion. Application foliaire et p\u00e9riodes de s\u00e9curit\u00e9 par culture.","og_url":"https:\/\/www.agrolac.com\/fr\/producto\/explosion\/","og_site_name":"Agrolac","article_modified_time":"2026-03-02T18:20:30+00:00","og_image":[{"width":1920,"height":1368,"url":"https:\/\/www.agrolac.com\/wp-content\/uploads\/2026\/01\/campo-melocoton.webp","type":"image\/webp"}],"twitter_card":"summary_large_image","twitter_misc":{"Est. reading time":"1 minute"},"schema":{"@context":"https:\/\/schema.org","@graph":[{"@type":"WebPage","@id":"https:\/\/www.agrolac.com\/fr\/producto\/explosion\/","url":"https:\/\/www.agrolac.com\/fr\/producto\/explosion\/","name":"Explosion - Agrolac","isPartOf":{"@id":"https:\/\/www.agrolac.com\/fr\/#website"},"primaryImageOfPage":{"@id":"https:\/\/www.agrolac.com\/fr\/producto\/explosion\/#primaryimage"},"image":{"@id":"https:\/\/www.agrolac.com\/fr\/producto\/explosion\/#primaryimage"},"thumbnailUrl":"https:\/\/www.agrolac.com\/wp-content\/uploads\/2026\/01\/campo-melocoton.webp","datePublished":"2026-01-08T08:35:57+00:00","dateModified":"2026-03-02T18:20:30+00:00","description":"R\u00c1FAGA est un insecticide pyr\u00e9thrino\u00efde \u00e0 base de deltam\u00e9thrine 25 EC pour la lutte par contact et par ingestion. Application foliaire et p\u00e9riodes de s\u00e9curit\u00e9 par culture.","breadcrumb":{"@id":"https:\/\/www.agrolac.com\/fr\/producto\/explosion\/#breadcrumb"},"inLanguage":"fr-FR","potentialAction":[{"@type":"ReadAction","target":["https:\/\/www.agrolac.com\/fr\/producto\/explosion\/"]}]},{"@type":"ImageObject","inLanguage":"fr-FR","@id":"https:\/\/www.agrolac.com\/fr\/producto\/explosion\/#primaryimage","url":"https:\/\/www.agrolac.com\/wp-content\/uploads\/2026\/01\/campo-melocoton.webp","contentUrl":"https:\/\/www.agrolac.com\/wp-content\/uploads\/2026\/01\/campo-melocoton.webp","width":1920,"height":1368},{"@type":"BreadcrumbList","@id":"https:\/\/www.agrolac.com\/fr\/producto\/explosion\/#breadcrumb","itemListElement":[{"@type":"ListItem","position":1,"name":"Accueil","item":"https:\/\/www.agrolac.com\/fr\/accueil\/"},{"@type":"ListItem","position":2,"name":"Produits","item":"https:\/\/www.agrolac.com\/fr\/produits\/"},{"@type":"ListItem","position":3,"name":"Insecticides","item":"https:\/\/www.agrolac.com\/fr\/categoria-producto\/insecticides\/"},{"@type":"ListItem","position":4,"name":"Explosion"}]},{"@type":"WebSite","@id":"https:\/\/www.agrolac.com\/fr\/#website","url":"https:\/\/www.agrolac.com\/fr\/","name":"VICORQUIMIA","description":"Agrolac \u00e9s una empresa de Barcelona, fundada el 1982, especialitzada en distribuci\u00f3 de productes agroqu\u00edmics per a l&#039;agricultura europea.","publisher":{"@id":"https:\/\/www.agrolac.com\/fr\/#organization"},"potentialAction":[{"@type":"SearchAction","target":{"@type":"EntryPoint","urlTemplate":"https:\/\/www.agrolac.com\/fr\/?s={search_term_string}"},"query-input":{"@type":"PropertyValueSpecification","valueRequired":true,"valueName":"search_term_string"}}],"inLanguage":"fr-FR"},{"@type":"Organization","@id":"https:\/\/www.agrolac.com\/fr\/#organization","name":"VICORQUIMIA","url":"https:\/\/www.agrolac.com\/fr\/","logo":{"@type":"ImageObject","inLanguage":"fr-FR","@id":"https:\/\/www.agrolac.com\/fr\/#\/schema\/logo\/image\/","url":"https:\/\/www.agrolac.com\/wp-content\/uploads\/2025\/10\/agrolac-logo.svg","contentUrl":"https:\/\/www.agrolac.com\/wp-content\/uploads\/2025\/10\/agrolac-logo.svg","caption":"VICORQUIMIA"},"image":{"@id":"https:\/\/www.agrolac.com\/fr\/#\/schema\/logo\/image\/"},"sameAs":["https:\/\/www.linkedin.com\/company\/vicorquimia\/"]}]}},"_links":{"self":[{"href":"https:\/\/www.agrolac.com\/fr\/wp-json\/wp\/v2\/product\/7697","targetHints":{"allow":["GET"]}}],"collection":[{"href":"https:\/\/www.agrolac.com\/fr\/wp-json\/wp\/v2\/product"}],"about":[{"href":"https:\/\/www.agrolac.com\/fr\/wp-json\/wp\/v2\/types\/product"}],"replies":[{"embeddable":true,"href":"https:\/\/www.agrolac.com\/fr\/wp-json\/wp\/v2\/comments?post=7697"}],"wp:featuredmedia":[{"embeddable":true,"href":"https:\/\/www.agrolac.com\/fr\/wp-json\/wp\/v2\/media\/6194"}],"wp:attachment":[{"href":"https:\/\/www.agrolac.com\/fr\/wp-json\/wp\/v2\/media?parent=7697"}],"wp:term":[{"taxonomy":"certificacion","embeddable":true,"href":"https:\/\/www.agrolac.com\/fr\/wp-json\/wp\/v2\/certificacion?post=7697"},{"taxonomy":"cultivo","embeddable":true,"href":"https:\/\/www.agrolac.com\/fr\/wp-json\/wp\/v2\/cultivo?post=7697"},{"taxonomy":"product_brand","embeddable":true,"href":"https:\/\/www.agrolac.com\/fr\/wp-json\/wp\/v2\/product_brand?post=7697"},{"taxonomy":"product_cat","embeddable":true,"href":"https:\/\/www.agrolac.com\/fr\/wp-json\/wp\/v2\/product_cat?post=7697"},{"taxonomy":"product_tag","embeddable":true,"href":"https:\/\/www.agrolac.com\/fr\/wp-json\/wp\/v2\/product_tag?post=7697"}],"curies":[{"name":"wp","href":"https:\/\/api.w.org\/{rel}","templated":true}]}}