{"id":7680,"date":"2026-01-08T09:44:42","date_gmt":"2026-01-08T08:44:42","guid":{"rendered":"https:\/\/www.agrolac.com\/producto\/explosion-du-piege\/"},"modified":"2026-03-02T19:23:08","modified_gmt":"2026-03-02T18:23:08","slug":"explosion-du-piege","status":"publish","type":"product","link":"https:\/\/www.agrolac.com\/fr\/producto\/explosion-du-piege\/","title":{"rendered":"Explosion du pi\u00e8ge"},"content":{"rendered":"<h2>Explosion du pi\u00e8ge<\/h2>\n<p><strong>RAPHAGA TRAP<\/strong> est un <strong>pi\u00e8ge insecticide<\/strong> formul\u00e9 avec de la <strong>deltam\u00e9thrine, <\/strong>un pyr\u00e9thro\u00efde synth\u00e9tique de haute activit\u00e9<strong>, NON SYST\u00c9MIQUE <\/strong>, qui agit \u00e0 tr\u00e8s faibles doses <strong>(0,015g\/pi\u00e8ge). <\/strong>Le pi\u00e8ge se pr\u00e9sente comme un <strong>app\u00e2t pr\u00eat \u00e0 l&#8217;emploi<\/strong>, adapt\u00e9 \u00e0 la lutte contre les <strong>mouches des fruits (<em>Ceratitis capitata<\/em>)<\/strong>.<\/p>\n<p>Il se pr\u00e9sente sous la forme <strong>d&rsquo;un pi\u00e8ge pr\u00eat \u00e0 l&#8217;emploi<\/strong>, ce qui facilite sa mise en place en plein champ dans les cultures autoris\u00e9es. Sa mati\u00e8re active agit par <strong>contact et par ingestion<\/strong>. <\/p>\n<p>R\u00c1FAGA TRAP est indiqu\u00e9 pour une utilisation sur les <strong>agrumes<\/strong> (culture principale \u00e0 mettre en \u00e9vidence) et \u00e9galement sur d&rsquo;autres cultures autoris\u00e9es telles que les arbres fruitiers \u00e0 noyaux, les arbres fruitiers \u00e0 p\u00e9pins, les kiwis et les fruits tropicaux, en fonction des conditions d&rsquo;utilisation.<\/p>\n<h3>Caract\u00e9ristiques du produit<\/h3>\n<ul>\n<li><strong>Substance active :<\/strong> deltam\u00e9thrine.<\/li>\n<li><strong>Formulation :<\/strong> app\u00e2t (pr\u00eat \u00e0 l&#8217;emploi) (RB).<\/li>\n<li>Pi\u00e8ge \u00e0 app\u00e2t pr\u00eat \u00e0 \u00eatre plac\u00e9 dans le champ.<\/li>\n<li>Action insecticide par contact et par ingestion.<\/li>\n<li>Convient \u00e0 la lutte contre <em>Ceratitis capitata<\/em>.<\/li>\n<\/ul>\n<h3>Utilisation g\u00e9n\u00e9rale<\/h3>\n<ul>\n<li>Placement des pi\u00e8ges dans la culture comme indiqu\u00e9 pour chaque usage autoris\u00e9.<\/li>\n<li>Dosage indicatif dans le tableau des cultures : <strong>50-80 pi\u00e8ges\/ha<\/strong> (en fonction de la pression exerc\u00e9e par le ravageur).<\/li>\n<li><strong>1 traitement par saison<\/strong> (selon les informations fournies sur la culture).<\/li>\n<li><strong>P\u00e9riode de s\u00e9curit\u00e9 :<\/strong> non applicable (selon le tableau fourni).<\/li>\n<\/ul>\n<h3>Remarques et s\u00e9curit\u00e9<\/h3>\n<ul>\n<li><strong>EUH210 :<\/strong> Fiche de donn\u00e9es de s\u00e9curit\u00e9 disponible sur demande.<\/li>\n<li><strong>H410 :<\/strong> Tr\u00e8s toxique pour la vie aquatique avec des effets durables.<\/li>\n<li><strong>P262 :<\/strong> \u00c9viter le contact avec les yeux, la peau et les v\u00eatements.<\/li>\n<li><strong>P273 :<\/strong> \u00c9viter le rejet dans l&rsquo;environnement.<\/li>\n<li><strong>P391 :<\/strong> Recueillir le produit r\u00e9pandu.<\/li>\n<li><strong>P501 :<\/strong> \u00c9liminer le contenu et\/ou le r\u00e9cipient conform\u00e9ment \u00e0 la r\u00e9glementation sur les d\u00e9chets dangereux.<\/li>\n<\/ul>\n","protected":false},"excerpt":{"rendered":"<p>Syst\u00e8me de pi\u00e9geage pour la surveillance et le con\u2026<\/p>\n","protected":false},"featured_media":6218,"comment_status":"closed","ping_status":"closed","template":"","meta":{"_acf_changed":false,"_joinchat":[]},"certificacion":[],"cultivo":[562,437,555,559,1224],"product_brand":[],"product_cat":[412],"product_tag":[],"class_list":{"0":"post-7680","1":"product","2":"type-product","3":"status-publish","4":"has-post-thumbnail","6":"cultivo-agrumes","7":"cultivo-arbres-fruitiers","8":"cultivo-arbres-fruitiers-a-noyaux","9":"cultivo-arbres-fruitiers-a-pepins","10":"cultivo-tropical-subtropical","11":"product_cat-insecticides","13":"first","14":"instock","15":"shipping-taxable","16":"product-type-simple"},"acf":[],"yoast_head":"<!-- This site is optimized with the Yoast SEO plugin v27.1.1 - https:\/\/yoast.com\/product\/yoast-seo-wordpress\/ -->\n<title>Explosion du pi\u00e8ge - Agrolac<\/title>\n<meta name=\"description\" content=\"Explosion du pi\u00e8ge% est un pi\u00e8ge-app\u00e2t pr\u00eat \u00e0 l&#039;emploi \u00e0 base de deltam\u00e9thrine pour la lutte contre la mouche des fruits (Ceratitis capitata). Recommand\u00e9 pour les agrumes et d&#039;autres cultures approuv\u00e9es.\" \/>\n<meta name=\"robots\" content=\"index, follow, max-snippet:-1, max-image-preview:large, max-video-preview:-1\" \/>\n<link rel=\"canonical\" href=\"https:\/\/www.agrolac.com\/fr\/producto\/explosion-du-piege\/\" \/>\n<meta property=\"og:locale\" content=\"fr_FR\" \/>\n<meta property=\"og:type\" content=\"article\" \/>\n<meta property=\"og:title\" content=\"Explosion du pi\u00e8ge - Agrolac\" \/>\n<meta property=\"og:description\" content=\"Explosion du pi\u00e8ge% est un pi\u00e8ge-app\u00e2t pr\u00eat \u00e0 l&#039;emploi \u00e0 base de deltam\u00e9thrine pour la lutte contre la mouche des fruits (Ceratitis capitata). Recommand\u00e9 pour les agrumes et d&#039;autres cultures approuv\u00e9es.\" \/>\n<meta property=\"og:url\" content=\"https:\/\/www.agrolac.com\/fr\/producto\/explosion-du-piege\/\" \/>\n<meta property=\"og:site_name\" content=\"Agrolac\" \/>\n<meta property=\"article:modified_time\" content=\"2026-03-02T18:23:08+00:00\" \/>\n<meta property=\"og:image\" content=\"https:\/\/www.agrolac.com\/wp-content\/uploads\/2026\/01\/clementinas-campo.webp\" \/>\n\t<meta property=\"og:image:width\" content=\"1920\" \/>\n\t<meta property=\"og:image:height\" content=\"1080\" \/>\n\t<meta property=\"og:image:type\" content=\"image\/webp\" \/>\n<meta name=\"twitter:card\" content=\"summary_large_image\" \/>\n<meta name=\"twitter:label1\" content=\"Est. reading time\" \/>\n\t<meta name=\"twitter:data1\" content=\"2 minutes\" \/>\n<script type=\"application\/ld+json\" class=\"yoast-schema-graph\">{\"@context\":\"https:\/\/schema.org\",\"@graph\":[{\"@type\":\"WebPage\",\"@id\":\"https:\/\/www.agrolac.com\/fr\/producto\/explosion-du-piege\/\",\"url\":\"https:\/\/www.agrolac.com\/fr\/producto\/explosion-du-piege\/\",\"name\":\"Explosion du pi\u00e8ge - Agrolac\",\"isPartOf\":{\"@id\":\"https:\/\/www.agrolac.com\/fr\/#website\"},\"primaryImageOfPage\":{\"@id\":\"https:\/\/www.agrolac.com\/fr\/producto\/explosion-du-piege\/#primaryimage\"},\"image\":{\"@id\":\"https:\/\/www.agrolac.com\/fr\/producto\/explosion-du-piege\/#primaryimage\"},\"thumbnailUrl\":\"https:\/\/www.agrolac.com\/wp-content\/uploads\/2026\/01\/clementinas-campo.webp\",\"datePublished\":\"2026-01-08T08:44:42+00:00\",\"dateModified\":\"2026-03-02T18:23:08+00:00\",\"description\":\"Explosion du pi\u00e8ge% est un pi\u00e8ge-app\u00e2t pr\u00eat \u00e0 l'emploi \u00e0 base de deltam\u00e9thrine pour la lutte contre la mouche des fruits (Ceratitis capitata). Recommand\u00e9 pour les agrumes et d'autres cultures approuv\u00e9es.\",\"breadcrumb\":{\"@id\":\"https:\/\/www.agrolac.com\/fr\/producto\/explosion-du-piege\/#breadcrumb\"},\"inLanguage\":\"fr-FR\",\"potentialAction\":[{\"@type\":\"ReadAction\",\"target\":[\"https:\/\/www.agrolac.com\/fr\/producto\/explosion-du-piege\/\"]}]},{\"@type\":\"ImageObject\",\"inLanguage\":\"fr-FR\",\"@id\":\"https:\/\/www.agrolac.com\/fr\/producto\/explosion-du-piege\/#primaryimage\",\"url\":\"https:\/\/www.agrolac.com\/wp-content\/uploads\/2026\/01\/clementinas-campo.webp\",\"contentUrl\":\"https:\/\/www.agrolac.com\/wp-content\/uploads\/2026\/01\/clementinas-campo.webp\",\"width\":1920,\"height\":1080},{\"@type\":\"BreadcrumbList\",\"@id\":\"https:\/\/www.agrolac.com\/fr\/producto\/explosion-du-piege\/#breadcrumb\",\"itemListElement\":[{\"@type\":\"ListItem\",\"position\":1,\"name\":\"Accueil\",\"item\":\"https:\/\/www.agrolac.com\/fr\/accueil\/\"},{\"@type\":\"ListItem\",\"position\":2,\"name\":\"Produits\",\"item\":\"https:\/\/www.agrolac.com\/fr\/produits\/\"},{\"@type\":\"ListItem\",\"position\":3,\"name\":\"Insecticides\",\"item\":\"https:\/\/www.agrolac.com\/fr\/categoria-producto\/insecticides\/\"},{\"@type\":\"ListItem\",\"position\":4,\"name\":\"Explosion du pi\u00e8ge\"}]},{\"@type\":\"WebSite\",\"@id\":\"https:\/\/www.agrolac.com\/fr\/#website\",\"url\":\"https:\/\/www.agrolac.com\/fr\/\",\"name\":\"VICORQUIMIA\",\"description\":\"Agrolac \u00e9s una empresa de Barcelona, fundada el 1982, especialitzada en distribuci\u00f3 de productes agroqu\u00edmics per a l&#039;agricultura europea.\",\"publisher\":{\"@id\":\"https:\/\/www.agrolac.com\/fr\/#organization\"},\"potentialAction\":[{\"@type\":\"SearchAction\",\"target\":{\"@type\":\"EntryPoint\",\"urlTemplate\":\"https:\/\/www.agrolac.com\/fr\/?s={search_term_string}\"},\"query-input\":{\"@type\":\"PropertyValueSpecification\",\"valueRequired\":true,\"valueName\":\"search_term_string\"}}],\"inLanguage\":\"fr-FR\"},{\"@type\":\"Organization\",\"@id\":\"https:\/\/www.agrolac.com\/fr\/#organization\",\"name\":\"VICORQUIMIA\",\"url\":\"https:\/\/www.agrolac.com\/fr\/\",\"logo\":{\"@type\":\"ImageObject\",\"inLanguage\":\"fr-FR\",\"@id\":\"https:\/\/www.agrolac.com\/fr\/#\/schema\/logo\/image\/\",\"url\":\"https:\/\/www.agrolac.com\/wp-content\/uploads\/2025\/10\/agrolac-logo.svg\",\"contentUrl\":\"https:\/\/www.agrolac.com\/wp-content\/uploads\/2025\/10\/agrolac-logo.svg\",\"caption\":\"VICORQUIMIA\"},\"image\":{\"@id\":\"https:\/\/www.agrolac.com\/fr\/#\/schema\/logo\/image\/\"},\"sameAs\":[\"https:\/\/www.linkedin.com\/company\/vicorquimia\/\"]}]}<\/script>\n<!-- \/ Yoast SEO plugin. -->","yoast_head_json":{"title":"Explosion du pi\u00e8ge - Agrolac","description":"Explosion du pi\u00e8ge% est un pi\u00e8ge-app\u00e2t pr\u00eat \u00e0 l'emploi \u00e0 base de deltam\u00e9thrine pour la lutte contre la mouche des fruits (Ceratitis capitata). Recommand\u00e9 pour les agrumes et d'autres cultures approuv\u00e9es.","robots":{"index":"index","follow":"follow","max-snippet":"max-snippet:-1","max-image-preview":"max-image-preview:large","max-video-preview":"max-video-preview:-1"},"canonical":"https:\/\/www.agrolac.com\/fr\/producto\/explosion-du-piege\/","og_locale":"fr_FR","og_type":"article","og_title":"Explosion du pi\u00e8ge - Agrolac","og_description":"Explosion du pi\u00e8ge% est un pi\u00e8ge-app\u00e2t pr\u00eat \u00e0 l'emploi \u00e0 base de deltam\u00e9thrine pour la lutte contre la mouche des fruits (Ceratitis capitata). Recommand\u00e9 pour les agrumes et d'autres cultures approuv\u00e9es.","og_url":"https:\/\/www.agrolac.com\/fr\/producto\/explosion-du-piege\/","og_site_name":"Agrolac","article_modified_time":"2026-03-02T18:23:08+00:00","og_image":[{"width":1920,"height":1080,"url":"https:\/\/www.agrolac.com\/wp-content\/uploads\/2026\/01\/clementinas-campo.webp","type":"image\/webp"}],"twitter_card":"summary_large_image","twitter_misc":{"Est. reading time":"2 minutes"},"schema":{"@context":"https:\/\/schema.org","@graph":[{"@type":"WebPage","@id":"https:\/\/www.agrolac.com\/fr\/producto\/explosion-du-piege\/","url":"https:\/\/www.agrolac.com\/fr\/producto\/explosion-du-piege\/","name":"Explosion du pi\u00e8ge - Agrolac","isPartOf":{"@id":"https:\/\/www.agrolac.com\/fr\/#website"},"primaryImageOfPage":{"@id":"https:\/\/www.agrolac.com\/fr\/producto\/explosion-du-piege\/#primaryimage"},"image":{"@id":"https:\/\/www.agrolac.com\/fr\/producto\/explosion-du-piege\/#primaryimage"},"thumbnailUrl":"https:\/\/www.agrolac.com\/wp-content\/uploads\/2026\/01\/clementinas-campo.webp","datePublished":"2026-01-08T08:44:42+00:00","dateModified":"2026-03-02T18:23:08+00:00","description":"Explosion du pi\u00e8ge% est un pi\u00e8ge-app\u00e2t pr\u00eat \u00e0 l'emploi \u00e0 base de deltam\u00e9thrine pour la lutte contre la mouche des fruits (Ceratitis capitata). Recommand\u00e9 pour les agrumes et d'autres cultures approuv\u00e9es.","breadcrumb":{"@id":"https:\/\/www.agrolac.com\/fr\/producto\/explosion-du-piege\/#breadcrumb"},"inLanguage":"fr-FR","potentialAction":[{"@type":"ReadAction","target":["https:\/\/www.agrolac.com\/fr\/producto\/explosion-du-piege\/"]}]},{"@type":"ImageObject","inLanguage":"fr-FR","@id":"https:\/\/www.agrolac.com\/fr\/producto\/explosion-du-piege\/#primaryimage","url":"https:\/\/www.agrolac.com\/wp-content\/uploads\/2026\/01\/clementinas-campo.webp","contentUrl":"https:\/\/www.agrolac.com\/wp-content\/uploads\/2026\/01\/clementinas-campo.webp","width":1920,"height":1080},{"@type":"BreadcrumbList","@id":"https:\/\/www.agrolac.com\/fr\/producto\/explosion-du-piege\/#breadcrumb","itemListElement":[{"@type":"ListItem","position":1,"name":"Accueil","item":"https:\/\/www.agrolac.com\/fr\/accueil\/"},{"@type":"ListItem","position":2,"name":"Produits","item":"https:\/\/www.agrolac.com\/fr\/produits\/"},{"@type":"ListItem","position":3,"name":"Insecticides","item":"https:\/\/www.agrolac.com\/fr\/categoria-producto\/insecticides\/"},{"@type":"ListItem","position":4,"name":"Explosion du pi\u00e8ge"}]},{"@type":"WebSite","@id":"https:\/\/www.agrolac.com\/fr\/#website","url":"https:\/\/www.agrolac.com\/fr\/","name":"VICORQUIMIA","description":"Agrolac \u00e9s una empresa de Barcelona, fundada el 1982, especialitzada en distribuci\u00f3 de productes agroqu\u00edmics per a l&#039;agricultura europea.","publisher":{"@id":"https:\/\/www.agrolac.com\/fr\/#organization"},"potentialAction":[{"@type":"SearchAction","target":{"@type":"EntryPoint","urlTemplate":"https:\/\/www.agrolac.com\/fr\/?s={search_term_string}"},"query-input":{"@type":"PropertyValueSpecification","valueRequired":true,"valueName":"search_term_string"}}],"inLanguage":"fr-FR"},{"@type":"Organization","@id":"https:\/\/www.agrolac.com\/fr\/#organization","name":"VICORQUIMIA","url":"https:\/\/www.agrolac.com\/fr\/","logo":{"@type":"ImageObject","inLanguage":"fr-FR","@id":"https:\/\/www.agrolac.com\/fr\/#\/schema\/logo\/image\/","url":"https:\/\/www.agrolac.com\/wp-content\/uploads\/2025\/10\/agrolac-logo.svg","contentUrl":"https:\/\/www.agrolac.com\/wp-content\/uploads\/2025\/10\/agrolac-logo.svg","caption":"VICORQUIMIA"},"image":{"@id":"https:\/\/www.agrolac.com\/fr\/#\/schema\/logo\/image\/"},"sameAs":["https:\/\/www.linkedin.com\/company\/vicorquimia\/"]}]}},"_links":{"self":[{"href":"https:\/\/www.agrolac.com\/fr\/wp-json\/wp\/v2\/product\/7680","targetHints":{"allow":["GET"]}}],"collection":[{"href":"https:\/\/www.agrolac.com\/fr\/wp-json\/wp\/v2\/product"}],"about":[{"href":"https:\/\/www.agrolac.com\/fr\/wp-json\/wp\/v2\/types\/product"}],"replies":[{"embeddable":true,"href":"https:\/\/www.agrolac.com\/fr\/wp-json\/wp\/v2\/comments?post=7680"}],"wp:featuredmedia":[{"embeddable":true,"href":"https:\/\/www.agrolac.com\/fr\/wp-json\/wp\/v2\/media\/6218"}],"wp:attachment":[{"href":"https:\/\/www.agrolac.com\/fr\/wp-json\/wp\/v2\/media?parent=7680"}],"wp:term":[{"taxonomy":"certificacion","embeddable":true,"href":"https:\/\/www.agrolac.com\/fr\/wp-json\/wp\/v2\/certificacion?post=7680"},{"taxonomy":"cultivo","embeddable":true,"href":"https:\/\/www.agrolac.com\/fr\/wp-json\/wp\/v2\/cultivo?post=7680"},{"taxonomy":"product_brand","embeddable":true,"href":"https:\/\/www.agrolac.com\/fr\/wp-json\/wp\/v2\/product_brand?post=7680"},{"taxonomy":"product_cat","embeddable":true,"href":"https:\/\/www.agrolac.com\/fr\/wp-json\/wp\/v2\/product_cat?post=7680"},{"taxonomy":"product_tag","embeddable":true,"href":"https:\/\/www.agrolac.com\/fr\/wp-json\/wp\/v2\/product_tag?post=7680"}],"curies":[{"name":"wp","href":"https:\/\/api.w.org\/{rel}","templated":true}]}}