{"id":7659,"date":"2026-01-08T22:11:56","date_gmt":"2026-01-08T21:11:56","guid":{"rendered":"https:\/\/www.agrolac.com\/producto\/caille-agrolac\/"},"modified":"2026-03-05T01:32:35","modified_gmt":"2026-03-05T00:32:35","slug":"caille-agrolac","status":"publish","type":"product","link":"https:\/\/www.agrolac.com\/fr\/producto\/caille-agrolac\/","title":{"rendered":"Agrolac\u00ae Caillage"},"content":{"rendered":"<h2>AGROLAC\u00ae CAILLAGE<\/h2>\n<p><strong>AGROLAC\u00ae<\/strong> <strong>CUAJADO<\/strong> contient du <strong>magn\u00e9sium<\/strong>, ainsi que des <strong>micro-\u00e9l\u00e9ments<\/strong> tels que le mangan\u00e8se (Mn), le zinc (Zn), le bore (B), le fer (Fe) et le cuivre (Cu), ainsi que des <strong>acides amin\u00e9s libres<\/strong> provenant de la fermentation de l&rsquo;<strong>acide<\/strong> \u03b3-polyglutamique. Cette combinaison fournit les <strong>assimilats n\u00e9cessaires<\/strong> pour favoriser l&rsquo;\u00e9volution de la fleur vers le fruit, en am\u00e9liorant son comportement face aux facteurs <strong>abiotiques et biotiques<\/strong> n\u00e9gatifs et en aidant \u00e0 <strong>r\u00e9duire la chute.<\/strong><\/p>\n<p>Appliqu\u00e9 au sol par le biais de <strong>syst\u00e8mes d&rsquo;irrigation localis\u00e9s<\/strong>, <strong>AGROLAC\u00ae<\/strong> <strong>CUAJADO<\/strong> contribue \u00e0 am\u00e9liorer l&rsquo;<strong>absorption des nutriments<\/strong> en aidant \u00e0 solubiliser et \u00e0 stabiliser les ions m\u00e9talliques de <strong>calcium (Ca)<\/strong> et de <strong>magn\u00e9sium (Mg)<\/strong>.<\/p>\n<p>Il contribue \u00e9galement \u00e0 <strong>\u00e9quilibrer le pH du sol<\/strong> gr\u00e2ce \u00e0 la grande solubilit\u00e9 de l&rsquo;acide \u03b3-polyglutamique au pH neutre et \u00e0 sa capacit\u00e9 \u00e0 g\u00e9n\u00e9rer un <strong>effet tampon<\/strong> dans la plage de pH 4-7, favorisant la <strong>germination des semences<\/strong> et la <strong>croissance des racines et des cultures.<\/strong><\/p>\n<h3>Avantages agronomiques<\/h3>\n<ul>\n<li><strong>Soutien \u00e0 la nouaison et au d\u00e9veloppement pr\u00e9coce des fruits<\/strong>.<\/li>\n<li><strong>Aide \u00e0 r\u00e9duire la chute des<\/strong> fleurs et des fruits.<\/li>\n<li><strong>Une meilleure absorption des nutriments<\/strong>, en particulier du calcium et du magn\u00e9sium.<\/li>\n<li><strong>Contribue \u00e0 l&rsquo;\u00e9quilibre du pH du sol<\/strong>.<\/li>\n<li><strong>Favorise la germination et le d\u00e9veloppement des racines<\/strong>.<\/li>\n<\/ul>\n<p>&nbsp;<\/p>\n<h3>Application<\/h3>\n<p>Engrais pour application <strong>foliaire et fertigation<\/strong>. A utiliser en adaptant le dosage et le moment de l&rsquo;application aux besoins de la culture et aux conditions agronomiques. <\/p>\n<h3>Remarques<\/h3>\n<p>Ne pas utiliser sur les <strong>pruniers<\/strong> sans avoir pr\u00e9alablement effectu\u00e9 un test \u00e0 la dose maximale, car certaines vari\u00e9t\u00e9s peuvent \u00eatre sensibles. Ne pas appliquer \u00e0 des temp\u00e9ratures sup\u00e9rieures \u00e0 30 \u00baC. Ne pas m\u00e9langer avec des produits \u00e0 base d&rsquo;\u00e9tain ou des huiles min\u00e9rales.  <\/p>\n","protected":false},"excerpt":{"rendered":"<p>Produit con\u00e7u pour favoriser la nouaison et am\u00e9lio\u2026<\/p>\n","protected":false},"featured_media":6273,"comment_status":"closed","ping_status":"closed","template":"","meta":{"_acf_changed":false,"_joinchat":[]},"certificacion":[433],"cultivo":[562,437,555,559,439,440,565,1276,438,1120,1277,1124,1224,1123],"product_brand":[],"product_cat":[397],"product_tag":[],"class_list":{"0":"post-7659","1":"product","2":"type-product","3":"status-publish","4":"has-post-thumbnail","6":"certificacion-zero-residu","7":"cultivo-agrumes","8":"cultivo-arbres-fruitiers","9":"cultivo-arbres-fruitiers-a-noyaux","10":"cultivo-arbres-fruitiers-a-pepins","11":"cultivo-cereales","12":"cultivo-cultures-industrielles","13":"cultivo-fruits-secs","14":"cultivo-graines-oleagineuses","15":"cultivo-horticulture","16":"cultivo-horticulture-fruitiere","17":"cultivo-legumineuses","18":"cultivo-olivier","19":"cultivo-tropical-subtropical","20":"cultivo-vigne","21":"product_cat-engrais","23":"first","24":"instock","25":"shipping-taxable","26":"product-type-simple"},"acf":[],"yoast_head":"<!-- This site is optimized with the Yoast SEO plugin v27.1.1 - https:\/\/yoast.com\/product\/yoast-seo-wordpress\/ -->\n<title>Agrolac\u00ae Caillage - Agrolac<\/title>\n<meta name=\"description\" content=\"AGROLAC\u00ae CUAJADO est un engrais foliaire et de fertigation contenant du magn\u00e9sium, des oligo-\u00e9l\u00e9ments et des acides amin\u00e9s (acide \u03b3-polyglutamique) pour la nouaison.\" \/>\n<meta name=\"robots\" content=\"index, follow, max-snippet:-1, max-image-preview:large, max-video-preview:-1\" \/>\n<link rel=\"canonical\" href=\"https:\/\/www.agrolac.com\/fr\/producto\/caille-agrolac\/\" \/>\n<meta property=\"og:locale\" content=\"fr_FR\" \/>\n<meta property=\"og:type\" content=\"article\" \/>\n<meta property=\"og:title\" content=\"Agrolac\u00ae Caillage - Agrolac\" \/>\n<meta property=\"og:description\" content=\"AGROLAC\u00ae CUAJADO est un engrais foliaire et de fertigation contenant du magn\u00e9sium, des oligo-\u00e9l\u00e9ments et des acides amin\u00e9s (acide \u03b3-polyglutamique) pour la nouaison.\" \/>\n<meta property=\"og:url\" content=\"https:\/\/www.agrolac.com\/fr\/producto\/caille-agrolac\/\" \/>\n<meta property=\"og:site_name\" content=\"Agrolac\" \/>\n<meta property=\"article:modified_time\" content=\"2026-03-05T00:32:35+00:00\" \/>\n<meta property=\"og:image\" content=\"https:\/\/www.agrolac.com\/wp-content\/uploads\/2026\/01\/flor-tomate.webp\" \/>\n\t<meta property=\"og:image:width\" content=\"1920\" \/>\n\t<meta property=\"og:image:height\" content=\"1149\" \/>\n\t<meta property=\"og:image:type\" content=\"image\/webp\" \/>\n<meta name=\"twitter:card\" content=\"summary_large_image\" \/>\n<meta name=\"twitter:label1\" content=\"Est. reading time\" \/>\n\t<meta name=\"twitter:data1\" content=\"1 minute\" \/>\n<script type=\"application\/ld+json\" class=\"yoast-schema-graph\">{\"@context\":\"https:\/\/schema.org\",\"@graph\":[{\"@type\":\"WebPage\",\"@id\":\"https:\/\/www.agrolac.com\/fr\/producto\/caille-agrolac\/\",\"url\":\"https:\/\/www.agrolac.com\/fr\/producto\/caille-agrolac\/\",\"name\":\"Agrolac\u00ae Caillage - Agrolac\",\"isPartOf\":{\"@id\":\"https:\/\/www.agrolac.com\/fr\/#website\"},\"primaryImageOfPage\":{\"@id\":\"https:\/\/www.agrolac.com\/fr\/producto\/caille-agrolac\/#primaryimage\"},\"image\":{\"@id\":\"https:\/\/www.agrolac.com\/fr\/producto\/caille-agrolac\/#primaryimage\"},\"thumbnailUrl\":\"https:\/\/www.agrolac.com\/wp-content\/uploads\/2026\/01\/flor-tomate.webp\",\"datePublished\":\"2026-01-08T21:11:56+00:00\",\"dateModified\":\"2026-03-05T00:32:35+00:00\",\"description\":\"AGROLAC\u00ae CUAJADO est un engrais foliaire et de fertigation contenant du magn\u00e9sium, des oligo-\u00e9l\u00e9ments et des acides amin\u00e9s (acide \u03b3-polyglutamique) pour la nouaison.\",\"breadcrumb\":{\"@id\":\"https:\/\/www.agrolac.com\/fr\/producto\/caille-agrolac\/#breadcrumb\"},\"inLanguage\":\"fr-FR\",\"potentialAction\":[{\"@type\":\"ReadAction\",\"target\":[\"https:\/\/www.agrolac.com\/fr\/producto\/caille-agrolac\/\"]}]},{\"@type\":\"ImageObject\",\"inLanguage\":\"fr-FR\",\"@id\":\"https:\/\/www.agrolac.com\/fr\/producto\/caille-agrolac\/#primaryimage\",\"url\":\"https:\/\/www.agrolac.com\/wp-content\/uploads\/2026\/01\/flor-tomate.webp\",\"contentUrl\":\"https:\/\/www.agrolac.com\/wp-content\/uploads\/2026\/01\/flor-tomate.webp\",\"width\":1920,\"height\":1149},{\"@type\":\"BreadcrumbList\",\"@id\":\"https:\/\/www.agrolac.com\/fr\/producto\/caille-agrolac\/#breadcrumb\",\"itemListElement\":[{\"@type\":\"ListItem\",\"position\":1,\"name\":\"Accueil\",\"item\":\"https:\/\/www.agrolac.com\/fr\/accueil\/\"},{\"@type\":\"ListItem\",\"position\":2,\"name\":\"Produits\",\"item\":\"https:\/\/www.agrolac.com\/fr\/produits\/\"},{\"@type\":\"ListItem\",\"position\":3,\"name\":\"Engrais\",\"item\":\"https:\/\/www.agrolac.com\/fr\/categoria-producto\/engrais\/\"},{\"@type\":\"ListItem\",\"position\":4,\"name\":\"Agrolac\u00ae Caillage\"}]},{\"@type\":\"WebSite\",\"@id\":\"https:\/\/www.agrolac.com\/fr\/#website\",\"url\":\"https:\/\/www.agrolac.com\/fr\/\",\"name\":\"VICORQUIMIA\",\"description\":\"Agrolac \u00e9s una empresa de Barcelona, fundada el 1982, especialitzada en distribuci\u00f3 de productes agroqu\u00edmics per a l&#039;agricultura europea.\",\"publisher\":{\"@id\":\"https:\/\/www.agrolac.com\/fr\/#organization\"},\"potentialAction\":[{\"@type\":\"SearchAction\",\"target\":{\"@type\":\"EntryPoint\",\"urlTemplate\":\"https:\/\/www.agrolac.com\/fr\/?s={search_term_string}\"},\"query-input\":{\"@type\":\"PropertyValueSpecification\",\"valueRequired\":true,\"valueName\":\"search_term_string\"}}],\"inLanguage\":\"fr-FR\"},{\"@type\":\"Organization\",\"@id\":\"https:\/\/www.agrolac.com\/fr\/#organization\",\"name\":\"VICORQUIMIA\",\"url\":\"https:\/\/www.agrolac.com\/fr\/\",\"logo\":{\"@type\":\"ImageObject\",\"inLanguage\":\"fr-FR\",\"@id\":\"https:\/\/www.agrolac.com\/fr\/#\/schema\/logo\/image\/\",\"url\":\"https:\/\/www.agrolac.com\/wp-content\/uploads\/2025\/10\/agrolac-logo.svg\",\"contentUrl\":\"https:\/\/www.agrolac.com\/wp-content\/uploads\/2025\/10\/agrolac-logo.svg\",\"caption\":\"VICORQUIMIA\"},\"image\":{\"@id\":\"https:\/\/www.agrolac.com\/fr\/#\/schema\/logo\/image\/\"},\"sameAs\":[\"https:\/\/www.linkedin.com\/company\/vicorquimia\/\"]}]}<\/script>\n<!-- \/ Yoast SEO plugin. -->","yoast_head_json":{"title":"Agrolac\u00ae Caillage - Agrolac","description":"AGROLAC\u00ae CUAJADO est un engrais foliaire et de fertigation contenant du magn\u00e9sium, des oligo-\u00e9l\u00e9ments et des acides amin\u00e9s (acide \u03b3-polyglutamique) pour la nouaison.","robots":{"index":"index","follow":"follow","max-snippet":"max-snippet:-1","max-image-preview":"max-image-preview:large","max-video-preview":"max-video-preview:-1"},"canonical":"https:\/\/www.agrolac.com\/fr\/producto\/caille-agrolac\/","og_locale":"fr_FR","og_type":"article","og_title":"Agrolac\u00ae Caillage - Agrolac","og_description":"AGROLAC\u00ae CUAJADO est un engrais foliaire et de fertigation contenant du magn\u00e9sium, des oligo-\u00e9l\u00e9ments et des acides amin\u00e9s (acide \u03b3-polyglutamique) pour la nouaison.","og_url":"https:\/\/www.agrolac.com\/fr\/producto\/caille-agrolac\/","og_site_name":"Agrolac","article_modified_time":"2026-03-05T00:32:35+00:00","og_image":[{"width":1920,"height":1149,"url":"https:\/\/www.agrolac.com\/wp-content\/uploads\/2026\/01\/flor-tomate.webp","type":"image\/webp"}],"twitter_card":"summary_large_image","twitter_misc":{"Est. reading time":"1 minute"},"schema":{"@context":"https:\/\/schema.org","@graph":[{"@type":"WebPage","@id":"https:\/\/www.agrolac.com\/fr\/producto\/caille-agrolac\/","url":"https:\/\/www.agrolac.com\/fr\/producto\/caille-agrolac\/","name":"Agrolac\u00ae Caillage - Agrolac","isPartOf":{"@id":"https:\/\/www.agrolac.com\/fr\/#website"},"primaryImageOfPage":{"@id":"https:\/\/www.agrolac.com\/fr\/producto\/caille-agrolac\/#primaryimage"},"image":{"@id":"https:\/\/www.agrolac.com\/fr\/producto\/caille-agrolac\/#primaryimage"},"thumbnailUrl":"https:\/\/www.agrolac.com\/wp-content\/uploads\/2026\/01\/flor-tomate.webp","datePublished":"2026-01-08T21:11:56+00:00","dateModified":"2026-03-05T00:32:35+00:00","description":"AGROLAC\u00ae CUAJADO est un engrais foliaire et de fertigation contenant du magn\u00e9sium, des oligo-\u00e9l\u00e9ments et des acides amin\u00e9s (acide \u03b3-polyglutamique) pour la nouaison.","breadcrumb":{"@id":"https:\/\/www.agrolac.com\/fr\/producto\/caille-agrolac\/#breadcrumb"},"inLanguage":"fr-FR","potentialAction":[{"@type":"ReadAction","target":["https:\/\/www.agrolac.com\/fr\/producto\/caille-agrolac\/"]}]},{"@type":"ImageObject","inLanguage":"fr-FR","@id":"https:\/\/www.agrolac.com\/fr\/producto\/caille-agrolac\/#primaryimage","url":"https:\/\/www.agrolac.com\/wp-content\/uploads\/2026\/01\/flor-tomate.webp","contentUrl":"https:\/\/www.agrolac.com\/wp-content\/uploads\/2026\/01\/flor-tomate.webp","width":1920,"height":1149},{"@type":"BreadcrumbList","@id":"https:\/\/www.agrolac.com\/fr\/producto\/caille-agrolac\/#breadcrumb","itemListElement":[{"@type":"ListItem","position":1,"name":"Accueil","item":"https:\/\/www.agrolac.com\/fr\/accueil\/"},{"@type":"ListItem","position":2,"name":"Produits","item":"https:\/\/www.agrolac.com\/fr\/produits\/"},{"@type":"ListItem","position":3,"name":"Engrais","item":"https:\/\/www.agrolac.com\/fr\/categoria-producto\/engrais\/"},{"@type":"ListItem","position":4,"name":"Agrolac\u00ae Caillage"}]},{"@type":"WebSite","@id":"https:\/\/www.agrolac.com\/fr\/#website","url":"https:\/\/www.agrolac.com\/fr\/","name":"VICORQUIMIA","description":"Agrolac \u00e9s una empresa de Barcelona, fundada el 1982, especialitzada en distribuci\u00f3 de productes agroqu\u00edmics per a l&#039;agricultura europea.","publisher":{"@id":"https:\/\/www.agrolac.com\/fr\/#organization"},"potentialAction":[{"@type":"SearchAction","target":{"@type":"EntryPoint","urlTemplate":"https:\/\/www.agrolac.com\/fr\/?s={search_term_string}"},"query-input":{"@type":"PropertyValueSpecification","valueRequired":true,"valueName":"search_term_string"}}],"inLanguage":"fr-FR"},{"@type":"Organization","@id":"https:\/\/www.agrolac.com\/fr\/#organization","name":"VICORQUIMIA","url":"https:\/\/www.agrolac.com\/fr\/","logo":{"@type":"ImageObject","inLanguage":"fr-FR","@id":"https:\/\/www.agrolac.com\/fr\/#\/schema\/logo\/image\/","url":"https:\/\/www.agrolac.com\/wp-content\/uploads\/2025\/10\/agrolac-logo.svg","contentUrl":"https:\/\/www.agrolac.com\/wp-content\/uploads\/2025\/10\/agrolac-logo.svg","caption":"VICORQUIMIA"},"image":{"@id":"https:\/\/www.agrolac.com\/fr\/#\/schema\/logo\/image\/"},"sameAs":["https:\/\/www.linkedin.com\/company\/vicorquimia\/"]}]}},"_links":{"self":[{"href":"https:\/\/www.agrolac.com\/fr\/wp-json\/wp\/v2\/product\/7659","targetHints":{"allow":["GET"]}}],"collection":[{"href":"https:\/\/www.agrolac.com\/fr\/wp-json\/wp\/v2\/product"}],"about":[{"href":"https:\/\/www.agrolac.com\/fr\/wp-json\/wp\/v2\/types\/product"}],"replies":[{"embeddable":true,"href":"https:\/\/www.agrolac.com\/fr\/wp-json\/wp\/v2\/comments?post=7659"}],"wp:featuredmedia":[{"embeddable":true,"href":"https:\/\/www.agrolac.com\/fr\/wp-json\/wp\/v2\/media\/6273"}],"wp:attachment":[{"href":"https:\/\/www.agrolac.com\/fr\/wp-json\/wp\/v2\/media?parent=7659"}],"wp:term":[{"taxonomy":"certificacion","embeddable":true,"href":"https:\/\/www.agrolac.com\/fr\/wp-json\/wp\/v2\/certificacion?post=7659"},{"taxonomy":"cultivo","embeddable":true,"href":"https:\/\/www.agrolac.com\/fr\/wp-json\/wp\/v2\/cultivo?post=7659"},{"taxonomy":"product_brand","embeddable":true,"href":"https:\/\/www.agrolac.com\/fr\/wp-json\/wp\/v2\/product_brand?post=7659"},{"taxonomy":"product_cat","embeddable":true,"href":"https:\/\/www.agrolac.com\/fr\/wp-json\/wp\/v2\/product_cat?post=7659"},{"taxonomy":"product_tag","embeddable":true,"href":"https:\/\/www.agrolac.com\/fr\/wp-json\/wp\/v2\/product_tag?post=7659"}],"curies":[{"name":"wp","href":"https:\/\/api.w.org\/{rel}","templated":true}]}}