{"id":7658,"date":"2026-01-08T22:15:36","date_gmt":"2026-01-08T21:15:36","guid":{"rendered":"https:\/\/www.agrolac.com\/producto\/engraissement-agrolac\/"},"modified":"2026-03-05T01:34:17","modified_gmt":"2026-03-05T00:34:17","slug":"engraissement-agrolac","status":"publish","type":"product","link":"https:\/\/www.agrolac.com\/fr\/producto\/engraissement-agrolac\/","title":{"rendered":"Agrolac\u00ae Engraissement"},"content":{"rendered":"<h2>AGROLAC\u00ae ENGRAISSEMENT<\/h2>\n<p><strong>AGROLAC\u00ae ENGORDE<\/strong>, gr\u00e2ce \u00e0 sa teneur en <strong>potassium (K)<\/strong>, <strong>mangan\u00e8se (Mn)<\/strong>, <strong>fer (Fe)<\/strong> et <strong>zinc (Zn<\/strong>), ainsi qu&rsquo;en <strong>acide<\/strong> \u03b3-polyglutamique, favorise la <strong>formation d&rsquo;auxines endog\u00e8nes et de chlorophylle<\/strong>, soutenant ainsi les processus physiologiques associ\u00e9s au d\u00e9veloppement des fruits.<\/p>\n<p>Sa formulation contribue \u00e0 la promotion de l&rsquo;<strong>azote<\/strong>, des <strong>acides nucl\u00e9iques<\/strong>, de la <strong>vitamine C<\/strong> et des <strong>hydrates de carbone<\/strong>, compos\u00e9s qui favorisent le <strong>mouvement de la s\u00e8ve \u00e0 travers le phlo\u00e8me<\/strong> jusqu&rsquo;\u00e0 la nouaison.<\/p>\n<p>Appliqu\u00e9 \u00e0 ce stade de la culture, <strong>AGROLAC\u00ae ENGORDE<\/strong> agit comme un <strong>bionutriment<\/strong> qui aide \u00e0 r\u00e9duire le ph\u00e9nom\u00e8ne de <strong>comp\u00e9tition pour les photoassimilats<\/strong> entre les fruits et entre ceux-ci et les parties v\u00e9g\u00e9tatives de la plante.<\/p>\n<p>Cette action contribue \u00e0 la <strong>maturation du fruit<\/strong> et \u00e0 l&rsquo;obtention d&rsquo;un <strong>calibre final plus uniforme.<\/strong><\/p>\n<h3>Avantages agronomiques<\/h3>\n<ul>\n<li><strong>Aide \u00e0 l&rsquo;engraissement et \u00e0 la maturation des fruits<\/strong>.<\/li>\n<li><strong>Favorise la circulation de la s\u00e8ve<\/strong> jusqu&rsquo;\u00e0 la nouaison.<\/li>\n<li><strong>Aide \u00e0 r\u00e9duire la concurrence pour les photoassimilats<\/strong>.<\/li>\n<li><strong>Contribue \u00e0 un calibre final plus uniforme.<\/strong><\/li>\n<\/ul>\n<p>&nbsp;<\/p>\n<h3>Application<\/h3>\n<p><strong>AGROLAC\u00ae ENGORDE<\/strong> est utilis\u00e9 pendant la phase de grossissement des fruits, en adaptant le dosage et le moment de l&rsquo;application aux besoins de la culture et aux conditions agronomiques.<\/p>\n<h3>Remarques<\/h3>\n<p>Ne pas traiter \u00e0 des temp\u00e9ratures sup\u00e9rieures \u00e0 30 \u00baC. Ne pas m\u00e9langer avec des produits \u00e0 base d&rsquo;\u00e9tain ou des huiles min\u00e9rales. <\/p>\n","protected":false},"excerpt":{"rendered":"<p>Produit con\u00e7u pour favoriser l&rsquo;engraissement et le\u2026<\/p>\n","protected":false},"featured_media":6292,"comment_status":"closed","ping_status":"closed","template":"","meta":{"_acf_changed":false,"_joinchat":[]},"certificacion":[433],"cultivo":[562,437,555,559,439,440,565,1276,438,1120,1277,1124,1224,1123],"product_brand":[],"product_cat":[397],"product_tag":[],"class_list":{"0":"post-7658","1":"product","2":"type-product","3":"status-publish","4":"has-post-thumbnail","6":"certificacion-zero-residu","7":"cultivo-agrumes","8":"cultivo-arbres-fruitiers","9":"cultivo-arbres-fruitiers-a-noyaux","10":"cultivo-arbres-fruitiers-a-pepins","11":"cultivo-cereales","12":"cultivo-cultures-industrielles","13":"cultivo-fruits-secs","14":"cultivo-graines-oleagineuses","15":"cultivo-horticulture","16":"cultivo-horticulture-fruitiere","17":"cultivo-legumineuses","18":"cultivo-olivier","19":"cultivo-tropical-subtropical","20":"cultivo-vigne","21":"product_cat-engrais","23":"first","24":"instock","25":"shipping-taxable","26":"product-type-simple"},"acf":[],"yoast_head":"<!-- This site is optimized with the Yoast SEO plugin v27.1.1 - https:\/\/yoast.com\/product\/yoast-seo-wordpress\/ -->\n<title>Agrolac\u00ae Engraissement - Agrolac<\/title>\n<meta name=\"description\" content=\"Agrolac\u00ae Engraissement% est un bio-nutriment contenant du K, du Mn, du Fe et du Zn ainsi que de l&#039;acide \u03b3-polyglutamique pour favoriser l&#039;engraissement et la maturation et viser un calibre plus uniforme.\" \/>\n<meta name=\"robots\" content=\"index, follow, max-snippet:-1, max-image-preview:large, max-video-preview:-1\" \/>\n<link rel=\"canonical\" href=\"https:\/\/www.agrolac.com\/fr\/producto\/engraissement-agrolac\/\" \/>\n<meta property=\"og:locale\" content=\"fr_FR\" \/>\n<meta property=\"og:type\" content=\"article\" \/>\n<meta property=\"og:title\" content=\"Agrolac\u00ae Engraissement - Agrolac\" \/>\n<meta property=\"og:description\" content=\"Agrolac\u00ae Engraissement% est un bio-nutriment contenant du K, du Mn, du Fe et du Zn ainsi que de l&#039;acide \u03b3-polyglutamique pour favoriser l&#039;engraissement et la maturation et viser un calibre plus uniforme.\" \/>\n<meta property=\"og:url\" content=\"https:\/\/www.agrolac.com\/fr\/producto\/engraissement-agrolac\/\" \/>\n<meta property=\"og:site_name\" content=\"Agrolac\" \/>\n<meta property=\"article:modified_time\" content=\"2026-03-05T00:34:17+00:00\" \/>\n<meta property=\"og:image\" content=\"https:\/\/www.agrolac.com\/wp-content\/uploads\/2026\/01\/tomates-creciendo.webp\" \/>\n\t<meta property=\"og:image:width\" content=\"1920\" \/>\n\t<meta property=\"og:image:height\" content=\"1280\" \/>\n\t<meta property=\"og:image:type\" content=\"image\/webp\" \/>\n<meta name=\"twitter:card\" content=\"summary_large_image\" \/>\n<meta name=\"twitter:label1\" content=\"Est. reading time\" \/>\n\t<meta name=\"twitter:data1\" content=\"1 minute\" \/>\n<script type=\"application\/ld+json\" class=\"yoast-schema-graph\">{\"@context\":\"https:\/\/schema.org\",\"@graph\":[{\"@type\":\"WebPage\",\"@id\":\"https:\/\/www.agrolac.com\/fr\/producto\/engraissement-agrolac\/\",\"url\":\"https:\/\/www.agrolac.com\/fr\/producto\/engraissement-agrolac\/\",\"name\":\"Agrolac\u00ae Engraissement - Agrolac\",\"isPartOf\":{\"@id\":\"https:\/\/www.agrolac.com\/fr\/#website\"},\"primaryImageOfPage\":{\"@id\":\"https:\/\/www.agrolac.com\/fr\/producto\/engraissement-agrolac\/#primaryimage\"},\"image\":{\"@id\":\"https:\/\/www.agrolac.com\/fr\/producto\/engraissement-agrolac\/#primaryimage\"},\"thumbnailUrl\":\"https:\/\/www.agrolac.com\/wp-content\/uploads\/2026\/01\/tomates-creciendo.webp\",\"datePublished\":\"2026-01-08T21:15:36+00:00\",\"dateModified\":\"2026-03-05T00:34:17+00:00\",\"description\":\"Agrolac\u00ae Engraissement% est un bio-nutriment contenant du K, du Mn, du Fe et du Zn ainsi que de l'acide \u03b3-polyglutamique pour favoriser l'engraissement et la maturation et viser un calibre plus uniforme.\",\"breadcrumb\":{\"@id\":\"https:\/\/www.agrolac.com\/fr\/producto\/engraissement-agrolac\/#breadcrumb\"},\"inLanguage\":\"fr-FR\",\"potentialAction\":[{\"@type\":\"ReadAction\",\"target\":[\"https:\/\/www.agrolac.com\/fr\/producto\/engraissement-agrolac\/\"]}]},{\"@type\":\"ImageObject\",\"inLanguage\":\"fr-FR\",\"@id\":\"https:\/\/www.agrolac.com\/fr\/producto\/engraissement-agrolac\/#primaryimage\",\"url\":\"https:\/\/www.agrolac.com\/wp-content\/uploads\/2026\/01\/tomates-creciendo.webp\",\"contentUrl\":\"https:\/\/www.agrolac.com\/wp-content\/uploads\/2026\/01\/tomates-creciendo.webp\",\"width\":1920,\"height\":1280},{\"@type\":\"BreadcrumbList\",\"@id\":\"https:\/\/www.agrolac.com\/fr\/producto\/engraissement-agrolac\/#breadcrumb\",\"itemListElement\":[{\"@type\":\"ListItem\",\"position\":1,\"name\":\"Accueil\",\"item\":\"https:\/\/www.agrolac.com\/fr\/accueil\/\"},{\"@type\":\"ListItem\",\"position\":2,\"name\":\"Produits\",\"item\":\"https:\/\/www.agrolac.com\/fr\/produits\/\"},{\"@type\":\"ListItem\",\"position\":3,\"name\":\"Engrais\",\"item\":\"https:\/\/www.agrolac.com\/fr\/categoria-producto\/engrais\/\"},{\"@type\":\"ListItem\",\"position\":4,\"name\":\"Agrolac\u00ae Engraissement\"}]},{\"@type\":\"WebSite\",\"@id\":\"https:\/\/www.agrolac.com\/fr\/#website\",\"url\":\"https:\/\/www.agrolac.com\/fr\/\",\"name\":\"VICORQUIMIA\",\"description\":\"Agrolac \u00e9s una empresa de Barcelona, fundada el 1982, especialitzada en distribuci\u00f3 de productes agroqu\u00edmics per a l&#039;agricultura europea.\",\"publisher\":{\"@id\":\"https:\/\/www.agrolac.com\/fr\/#organization\"},\"potentialAction\":[{\"@type\":\"SearchAction\",\"target\":{\"@type\":\"EntryPoint\",\"urlTemplate\":\"https:\/\/www.agrolac.com\/fr\/?s={search_term_string}\"},\"query-input\":{\"@type\":\"PropertyValueSpecification\",\"valueRequired\":true,\"valueName\":\"search_term_string\"}}],\"inLanguage\":\"fr-FR\"},{\"@type\":\"Organization\",\"@id\":\"https:\/\/www.agrolac.com\/fr\/#organization\",\"name\":\"VICORQUIMIA\",\"url\":\"https:\/\/www.agrolac.com\/fr\/\",\"logo\":{\"@type\":\"ImageObject\",\"inLanguage\":\"fr-FR\",\"@id\":\"https:\/\/www.agrolac.com\/fr\/#\/schema\/logo\/image\/\",\"url\":\"https:\/\/www.agrolac.com\/wp-content\/uploads\/2025\/10\/agrolac-logo.svg\",\"contentUrl\":\"https:\/\/www.agrolac.com\/wp-content\/uploads\/2025\/10\/agrolac-logo.svg\",\"caption\":\"VICORQUIMIA\"},\"image\":{\"@id\":\"https:\/\/www.agrolac.com\/fr\/#\/schema\/logo\/image\/\"},\"sameAs\":[\"https:\/\/www.linkedin.com\/company\/vicorquimia\/\"]}]}<\/script>\n<!-- \/ Yoast SEO plugin. -->","yoast_head_json":{"title":"Agrolac\u00ae Engraissement - Agrolac","description":"Agrolac\u00ae Engraissement% est un bio-nutriment contenant du K, du Mn, du Fe et du Zn ainsi que de l'acide \u03b3-polyglutamique pour favoriser l'engraissement et la maturation et viser un calibre plus uniforme.","robots":{"index":"index","follow":"follow","max-snippet":"max-snippet:-1","max-image-preview":"max-image-preview:large","max-video-preview":"max-video-preview:-1"},"canonical":"https:\/\/www.agrolac.com\/fr\/producto\/engraissement-agrolac\/","og_locale":"fr_FR","og_type":"article","og_title":"Agrolac\u00ae Engraissement - Agrolac","og_description":"Agrolac\u00ae Engraissement% est un bio-nutriment contenant du K, du Mn, du Fe et du Zn ainsi que de l'acide \u03b3-polyglutamique pour favoriser l'engraissement et la maturation et viser un calibre plus uniforme.","og_url":"https:\/\/www.agrolac.com\/fr\/producto\/engraissement-agrolac\/","og_site_name":"Agrolac","article_modified_time":"2026-03-05T00:34:17+00:00","og_image":[{"width":1920,"height":1280,"url":"https:\/\/www.agrolac.com\/wp-content\/uploads\/2026\/01\/tomates-creciendo.webp","type":"image\/webp"}],"twitter_card":"summary_large_image","twitter_misc":{"Est. reading time":"1 minute"},"schema":{"@context":"https:\/\/schema.org","@graph":[{"@type":"WebPage","@id":"https:\/\/www.agrolac.com\/fr\/producto\/engraissement-agrolac\/","url":"https:\/\/www.agrolac.com\/fr\/producto\/engraissement-agrolac\/","name":"Agrolac\u00ae Engraissement - Agrolac","isPartOf":{"@id":"https:\/\/www.agrolac.com\/fr\/#website"},"primaryImageOfPage":{"@id":"https:\/\/www.agrolac.com\/fr\/producto\/engraissement-agrolac\/#primaryimage"},"image":{"@id":"https:\/\/www.agrolac.com\/fr\/producto\/engraissement-agrolac\/#primaryimage"},"thumbnailUrl":"https:\/\/www.agrolac.com\/wp-content\/uploads\/2026\/01\/tomates-creciendo.webp","datePublished":"2026-01-08T21:15:36+00:00","dateModified":"2026-03-05T00:34:17+00:00","description":"Agrolac\u00ae Engraissement% est un bio-nutriment contenant du K, du Mn, du Fe et du Zn ainsi que de l'acide \u03b3-polyglutamique pour favoriser l'engraissement et la maturation et viser un calibre plus uniforme.","breadcrumb":{"@id":"https:\/\/www.agrolac.com\/fr\/producto\/engraissement-agrolac\/#breadcrumb"},"inLanguage":"fr-FR","potentialAction":[{"@type":"ReadAction","target":["https:\/\/www.agrolac.com\/fr\/producto\/engraissement-agrolac\/"]}]},{"@type":"ImageObject","inLanguage":"fr-FR","@id":"https:\/\/www.agrolac.com\/fr\/producto\/engraissement-agrolac\/#primaryimage","url":"https:\/\/www.agrolac.com\/wp-content\/uploads\/2026\/01\/tomates-creciendo.webp","contentUrl":"https:\/\/www.agrolac.com\/wp-content\/uploads\/2026\/01\/tomates-creciendo.webp","width":1920,"height":1280},{"@type":"BreadcrumbList","@id":"https:\/\/www.agrolac.com\/fr\/producto\/engraissement-agrolac\/#breadcrumb","itemListElement":[{"@type":"ListItem","position":1,"name":"Accueil","item":"https:\/\/www.agrolac.com\/fr\/accueil\/"},{"@type":"ListItem","position":2,"name":"Produits","item":"https:\/\/www.agrolac.com\/fr\/produits\/"},{"@type":"ListItem","position":3,"name":"Engrais","item":"https:\/\/www.agrolac.com\/fr\/categoria-producto\/engrais\/"},{"@type":"ListItem","position":4,"name":"Agrolac\u00ae Engraissement"}]},{"@type":"WebSite","@id":"https:\/\/www.agrolac.com\/fr\/#website","url":"https:\/\/www.agrolac.com\/fr\/","name":"VICORQUIMIA","description":"Agrolac \u00e9s una empresa de Barcelona, fundada el 1982, especialitzada en distribuci\u00f3 de productes agroqu\u00edmics per a l&#039;agricultura europea.","publisher":{"@id":"https:\/\/www.agrolac.com\/fr\/#organization"},"potentialAction":[{"@type":"SearchAction","target":{"@type":"EntryPoint","urlTemplate":"https:\/\/www.agrolac.com\/fr\/?s={search_term_string}"},"query-input":{"@type":"PropertyValueSpecification","valueRequired":true,"valueName":"search_term_string"}}],"inLanguage":"fr-FR"},{"@type":"Organization","@id":"https:\/\/www.agrolac.com\/fr\/#organization","name":"VICORQUIMIA","url":"https:\/\/www.agrolac.com\/fr\/","logo":{"@type":"ImageObject","inLanguage":"fr-FR","@id":"https:\/\/www.agrolac.com\/fr\/#\/schema\/logo\/image\/","url":"https:\/\/www.agrolac.com\/wp-content\/uploads\/2025\/10\/agrolac-logo.svg","contentUrl":"https:\/\/www.agrolac.com\/wp-content\/uploads\/2025\/10\/agrolac-logo.svg","caption":"VICORQUIMIA"},"image":{"@id":"https:\/\/www.agrolac.com\/fr\/#\/schema\/logo\/image\/"},"sameAs":["https:\/\/www.linkedin.com\/company\/vicorquimia\/"]}]}},"_links":{"self":[{"href":"https:\/\/www.agrolac.com\/fr\/wp-json\/wp\/v2\/product\/7658","targetHints":{"allow":["GET"]}}],"collection":[{"href":"https:\/\/www.agrolac.com\/fr\/wp-json\/wp\/v2\/product"}],"about":[{"href":"https:\/\/www.agrolac.com\/fr\/wp-json\/wp\/v2\/types\/product"}],"replies":[{"embeddable":true,"href":"https:\/\/www.agrolac.com\/fr\/wp-json\/wp\/v2\/comments?post=7658"}],"wp:featuredmedia":[{"embeddable":true,"href":"https:\/\/www.agrolac.com\/fr\/wp-json\/wp\/v2\/media\/6292"}],"wp:attachment":[{"href":"https:\/\/www.agrolac.com\/fr\/wp-json\/wp\/v2\/media?parent=7658"}],"wp:term":[{"taxonomy":"certificacion","embeddable":true,"href":"https:\/\/www.agrolac.com\/fr\/wp-json\/wp\/v2\/certificacion?post=7658"},{"taxonomy":"cultivo","embeddable":true,"href":"https:\/\/www.agrolac.com\/fr\/wp-json\/wp\/v2\/cultivo?post=7658"},{"taxonomy":"product_brand","embeddable":true,"href":"https:\/\/www.agrolac.com\/fr\/wp-json\/wp\/v2\/product_brand?post=7658"},{"taxonomy":"product_cat","embeddable":true,"href":"https:\/\/www.agrolac.com\/fr\/wp-json\/wp\/v2\/product_cat?post=7658"},{"taxonomy":"product_tag","embeddable":true,"href":"https:\/\/www.agrolac.com\/fr\/wp-json\/wp\/v2\/product_tag?post=7658"}],"curies":[{"name":"wp","href":"https:\/\/api.w.org\/{rel}","templated":true}]}}