{"id":7639,"date":"2026-01-08T22:18:43","date_gmt":"2026-01-08T21:18:43","guid":{"rendered":"https:\/\/www.agrolac.com\/producto\/agrolac-cosmetic\/"},"modified":"2026-03-05T01:37:15","modified_gmt":"2026-03-05T00:37:15","slug":"agrolac-cosmetic","status":"publish","type":"product","link":"https:\/\/www.agrolac.com\/fr\/producto\/agrolac-cosmetic\/","title":{"rendered":"Agrolac\u00ae Cosmetic"},"content":{"rendered":"<h2>AGROLAC\u00ae COSMETIC<\/h2>\n<p><strong>AGROLAC\u00ae COSMETIC<\/strong> contient des <strong>macro-\u00e9l\u00e9ments secondaires<\/strong> tels que le calcium (Ca) et le magn\u00e9sium (Mg), ainsi que des <strong>micro-\u00e9l\u00e9ments<\/strong> tels que le mangan\u00e8se (Mn), le zinc (Zn), le bore (B) et le cobalt (Co), ainsi que des <strong>extraits d&rsquo;algues<\/strong> qui fournissent de l&rsquo;acide alginique, du mannitol, des b\u00e9ta\u00efnes, des polyamines et des polysaccharides.<\/p>\n<p>Sa formulation comprend des <strong>acides uroniques<\/strong> qui favorisent la formation d&rsquo;<strong>auxines endog\u00e8nes<\/strong>, de chlorophylle et de prot\u00e9ines, et activent les enzymes impliqu\u00e9es dans le <strong>m\u00e9tabolisme des hydrates de carbone<\/strong> et les processus d&rsquo;<strong>oxydo-r\u00e9duction m\u00e9taboliques<\/strong>.<\/p>\n<p><strong>AGROLAC\u00ae COSMETIC<\/strong> stimule la <strong>f\u00e9condation des fleurs<\/strong> et l&rsquo;<strong>absorption d&rsquo;eau<\/strong>, et contribue \u00e0 la promotion de l&rsquo;azote, des acides nucl\u00e9iques, de la vitamine C et des hydrates de carbone, favorisant le <strong>mouvement de la s\u00e8ve \u00e0 travers le phlo\u00e8me<\/strong> jusqu&rsquo;\u00e0 la nouaison.<\/p>\n<p>Le produit contient \u00e9galement de l&rsquo;<strong>acide<\/strong> \u03b3-polyglutamique et des <strong>acides amin\u00e9s libres<\/strong>. Il s&rsquo;agit de l&rsquo;acide glutamique, de l&rsquo;alanine, de la m\u00e9thionine, de l&rsquo;arginine, de la glycine, de la proline et de la tyrosine, qui sont li\u00e9s \u00e0 des fonctions telles que la synth\u00e8se de la chlorophylle, la croissance des racines, la formation de nouvelles pousses et le soutien de l&rsquo;\u00e9quilibre physiologique de la plante en fonction du stade ph\u00e9nologique. <\/p>\n<p>Lorsqu&rsquo;il est appliqu\u00e9 au sol, <strong>AGROLAC\u00ae COSMETIC<\/strong> apporte une capacit\u00e9 hydrophile, am\u00e9liore l&rsquo;absorption des nutriments, aide \u00e0 \u00e9quilibrer le <strong>pH du sol<\/strong>, favorise l&rsquo;<strong>effet ch\u00e9lateur<\/strong> des ions de m\u00e9taux lourds et am\u00e9liore l&rsquo;absorption des engrais traditionnels.<\/p>\n<h3>Avantages agronomiques<\/h3>\n<ul>\n<li><strong>Apport \u00e9quilibr\u00e9 de macro-\u00e9l\u00e9ments et de micro-\u00e9l\u00e9ments<\/strong>.<\/li>\n<li><strong>Stimulation de la formation de chlorophylle, de prot\u00e9ines et d&rsquo;auxines endog\u00e8nes<\/strong>.<\/li>\n<li><strong>Activation du m\u00e9tabolisme des glucides<\/strong> et des processus d&rsquo;oxydo-r\u00e9duction.<\/li>\n<li><strong>Favorise la circulation de la s\u00e8ve<\/strong> jusqu&rsquo;\u00e0 la nouaison.<\/li>\n<li><strong>Am\u00e9lioration de l&rsquo;utilisation des nutriments et des engrais<\/strong>.<\/li>\n<\/ul>\n<p>&nbsp;<\/p>\n<h3>Application<\/h3>\n<p><strong>AGROLAC\u00ae COSMETIC<\/strong> est un engrais destin\u00e9 \u00e0 l&rsquo;application <strong>foliaire et \u00e0 la fertigation<\/strong>. Il doit \u00eatre utilis\u00e9 en adaptant le dosage et le moment de l&rsquo;application aux besoins de la culture et aux conditions agronomiques. <\/p>\n<h3>Remarques<\/h3>\n<p>Ne pas traiter \u00e0 des temp\u00e9ratures sup\u00e9rieures \u00e0 30 \u00baC. Ne pas m\u00e9langer avec des produits \u00e0 base d&rsquo;\u00e9tain ou des huiles min\u00e9rales. <\/p>\n","protected":false},"excerpt":{"rendered":"<p>Produit destin\u00e9 \u00e0 am\u00e9liorer l&rsquo;aspect et la qualit\u00e9\u2026<\/p>\n","protected":false},"featured_media":6316,"comment_status":"closed","ping_status":"closed","template":"","meta":{"_acf_changed":false,"_joinchat":[]},"certificacion":[433],"cultivo":[562,437,555,559,1121,439,440,1419,565,1276,438,1120,1277,1124,1420,1224,1123],"product_brand":[],"product_cat":[397],"product_tag":[],"class_list":{"0":"post-7639","1":"product","2":"type-product","3":"status-publish","4":"has-post-thumbnail","6":"certificacion-zero-residu","7":"cultivo-agrumes","8":"cultivo-arbres-fruitiers","9":"cultivo-arbres-fruitiers-a-noyaux","10":"cultivo-arbres-fruitiers-a-pepins","11":"cultivo-brassicacees","12":"cultivo-cereales","13":"cultivo-cultures-industrielles","14":"cultivo-fourrages-et-prairies","15":"cultivo-fruits-secs","16":"cultivo-graines-oleagineuses","17":"cultivo-horticulture","18":"cultivo-horticulture-fruitiere","19":"cultivo-legumineuses","20":"cultivo-olivier","21":"cultivo-plantes-ornementales-et-pepinieres","22":"cultivo-tropical-subtropical","23":"cultivo-vigne","24":"product_cat-engrais","26":"first","27":"instock","28":"shipping-taxable","29":"product-type-simple"},"acf":[],"yoast_head":"<!-- This site is optimized with the Yoast SEO plugin v27.1.1 - https:\/\/yoast.com\/product\/yoast-seo-wordpress\/ -->\n<title>Agrolac\u00ae Cosmetic - Agrolac<\/title>\n<meta name=\"description\" content=\"Agrolac\u00ae Cosmetic est un engrais foliaire et de fertigation contenant du Ca, du Mg, des micronutriments, des extraits d&#039;algues, de l&#039;acide \u03b3-polyglutamique et des acides amin\u00e9s.\" \/>\n<meta name=\"robots\" content=\"index, follow, max-snippet:-1, max-image-preview:large, max-video-preview:-1\" \/>\n<link rel=\"canonical\" href=\"https:\/\/www.agrolac.com\/fr\/producto\/agrolac-cosmetic\/\" \/>\n<meta property=\"og:locale\" content=\"fr_FR\" \/>\n<meta property=\"og:type\" content=\"article\" \/>\n<meta property=\"og:title\" content=\"Agrolac\u00ae Cosmetic - Agrolac\" \/>\n<meta property=\"og:description\" content=\"Agrolac\u00ae Cosmetic est un engrais foliaire et de fertigation contenant du Ca, du Mg, des micronutriments, des extraits d&#039;algues, de l&#039;acide \u03b3-polyglutamique et des acides amin\u00e9s.\" \/>\n<meta property=\"og:url\" content=\"https:\/\/www.agrolac.com\/fr\/producto\/agrolac-cosmetic\/\" \/>\n<meta property=\"og:site_name\" content=\"Agrolac\" \/>\n<meta property=\"article:modified_time\" content=\"2026-03-05T00:37:15+00:00\" \/>\n<meta property=\"og:image\" content=\"https:\/\/www.agrolac.com\/wp-content\/uploads\/2026\/01\/flores-calabacin.webp\" \/>\n\t<meta property=\"og:image:width\" content=\"1920\" \/>\n\t<meta property=\"og:image:height\" content=\"1280\" \/>\n\t<meta property=\"og:image:type\" content=\"image\/webp\" \/>\n<meta name=\"twitter:card\" content=\"summary_large_image\" \/>\n<meta name=\"twitter:label1\" content=\"Est. reading time\" \/>\n\t<meta name=\"twitter:data1\" content=\"2 minutes\" \/>\n<script type=\"application\/ld+json\" class=\"yoast-schema-graph\">{\"@context\":\"https:\/\/schema.org\",\"@graph\":[{\"@type\":\"WebPage\",\"@id\":\"https:\/\/www.agrolac.com\/fr\/producto\/agrolac-cosmetic\/\",\"url\":\"https:\/\/www.agrolac.com\/fr\/producto\/agrolac-cosmetic\/\",\"name\":\"Agrolac\u00ae Cosmetic - Agrolac\",\"isPartOf\":{\"@id\":\"https:\/\/www.agrolac.com\/fr\/#website\"},\"primaryImageOfPage\":{\"@id\":\"https:\/\/www.agrolac.com\/fr\/producto\/agrolac-cosmetic\/#primaryimage\"},\"image\":{\"@id\":\"https:\/\/www.agrolac.com\/fr\/producto\/agrolac-cosmetic\/#primaryimage\"},\"thumbnailUrl\":\"https:\/\/www.agrolac.com\/wp-content\/uploads\/2026\/01\/flores-calabacin.webp\",\"datePublished\":\"2026-01-08T21:18:43+00:00\",\"dateModified\":\"2026-03-05T00:37:15+00:00\",\"description\":\"Agrolac\u00ae Cosmetic est un engrais foliaire et de fertigation contenant du Ca, du Mg, des micronutriments, des extraits d'algues, de l'acide \u03b3-polyglutamique et des acides amin\u00e9s.\",\"breadcrumb\":{\"@id\":\"https:\/\/www.agrolac.com\/fr\/producto\/agrolac-cosmetic\/#breadcrumb\"},\"inLanguage\":\"fr-FR\",\"potentialAction\":[{\"@type\":\"ReadAction\",\"target\":[\"https:\/\/www.agrolac.com\/fr\/producto\/agrolac-cosmetic\/\"]}]},{\"@type\":\"ImageObject\",\"inLanguage\":\"fr-FR\",\"@id\":\"https:\/\/www.agrolac.com\/fr\/producto\/agrolac-cosmetic\/#primaryimage\",\"url\":\"https:\/\/www.agrolac.com\/wp-content\/uploads\/2026\/01\/flores-calabacin.webp\",\"contentUrl\":\"https:\/\/www.agrolac.com\/wp-content\/uploads\/2026\/01\/flores-calabacin.webp\",\"width\":1920,\"height\":1280},{\"@type\":\"BreadcrumbList\",\"@id\":\"https:\/\/www.agrolac.com\/fr\/producto\/agrolac-cosmetic\/#breadcrumb\",\"itemListElement\":[{\"@type\":\"ListItem\",\"position\":1,\"name\":\"Accueil\",\"item\":\"https:\/\/www.agrolac.com\/fr\/accueil\/\"},{\"@type\":\"ListItem\",\"position\":2,\"name\":\"Produits\",\"item\":\"https:\/\/www.agrolac.com\/fr\/produits\/\"},{\"@type\":\"ListItem\",\"position\":3,\"name\":\"Engrais\",\"item\":\"https:\/\/www.agrolac.com\/fr\/categoria-producto\/engrais\/\"},{\"@type\":\"ListItem\",\"position\":4,\"name\":\"Agrolac\u00ae Cosmetic\"}]},{\"@type\":\"WebSite\",\"@id\":\"https:\/\/www.agrolac.com\/fr\/#website\",\"url\":\"https:\/\/www.agrolac.com\/fr\/\",\"name\":\"VICORQUIMIA\",\"description\":\"Agrolac \u00e9s una empresa de Barcelona, fundada el 1982, especialitzada en distribuci\u00f3 de productes agroqu\u00edmics per a l&#039;agricultura europea.\",\"publisher\":{\"@id\":\"https:\/\/www.agrolac.com\/fr\/#organization\"},\"potentialAction\":[{\"@type\":\"SearchAction\",\"target\":{\"@type\":\"EntryPoint\",\"urlTemplate\":\"https:\/\/www.agrolac.com\/fr\/?s={search_term_string}\"},\"query-input\":{\"@type\":\"PropertyValueSpecification\",\"valueRequired\":true,\"valueName\":\"search_term_string\"}}],\"inLanguage\":\"fr-FR\"},{\"@type\":\"Organization\",\"@id\":\"https:\/\/www.agrolac.com\/fr\/#organization\",\"name\":\"VICORQUIMIA\",\"url\":\"https:\/\/www.agrolac.com\/fr\/\",\"logo\":{\"@type\":\"ImageObject\",\"inLanguage\":\"fr-FR\",\"@id\":\"https:\/\/www.agrolac.com\/fr\/#\/schema\/logo\/image\/\",\"url\":\"https:\/\/www.agrolac.com\/wp-content\/uploads\/2025\/10\/agrolac-logo.svg\",\"contentUrl\":\"https:\/\/www.agrolac.com\/wp-content\/uploads\/2025\/10\/agrolac-logo.svg\",\"caption\":\"VICORQUIMIA\"},\"image\":{\"@id\":\"https:\/\/www.agrolac.com\/fr\/#\/schema\/logo\/image\/\"},\"sameAs\":[\"https:\/\/www.linkedin.com\/company\/vicorquimia\/\"]}]}<\/script>\n<!-- \/ Yoast SEO plugin. -->","yoast_head_json":{"title":"Agrolac\u00ae Cosmetic - Agrolac","description":"Agrolac\u00ae Cosmetic est un engrais foliaire et de fertigation contenant du Ca, du Mg, des micronutriments, des extraits d'algues, de l'acide \u03b3-polyglutamique et des acides amin\u00e9s.","robots":{"index":"index","follow":"follow","max-snippet":"max-snippet:-1","max-image-preview":"max-image-preview:large","max-video-preview":"max-video-preview:-1"},"canonical":"https:\/\/www.agrolac.com\/fr\/producto\/agrolac-cosmetic\/","og_locale":"fr_FR","og_type":"article","og_title":"Agrolac\u00ae Cosmetic - Agrolac","og_description":"Agrolac\u00ae Cosmetic est un engrais foliaire et de fertigation contenant du Ca, du Mg, des micronutriments, des extraits d'algues, de l'acide \u03b3-polyglutamique et des acides amin\u00e9s.","og_url":"https:\/\/www.agrolac.com\/fr\/producto\/agrolac-cosmetic\/","og_site_name":"Agrolac","article_modified_time":"2026-03-05T00:37:15+00:00","og_image":[{"width":1920,"height":1280,"url":"https:\/\/www.agrolac.com\/wp-content\/uploads\/2026\/01\/flores-calabacin.webp","type":"image\/webp"}],"twitter_card":"summary_large_image","twitter_misc":{"Est. reading time":"2 minutes"},"schema":{"@context":"https:\/\/schema.org","@graph":[{"@type":"WebPage","@id":"https:\/\/www.agrolac.com\/fr\/producto\/agrolac-cosmetic\/","url":"https:\/\/www.agrolac.com\/fr\/producto\/agrolac-cosmetic\/","name":"Agrolac\u00ae Cosmetic - Agrolac","isPartOf":{"@id":"https:\/\/www.agrolac.com\/fr\/#website"},"primaryImageOfPage":{"@id":"https:\/\/www.agrolac.com\/fr\/producto\/agrolac-cosmetic\/#primaryimage"},"image":{"@id":"https:\/\/www.agrolac.com\/fr\/producto\/agrolac-cosmetic\/#primaryimage"},"thumbnailUrl":"https:\/\/www.agrolac.com\/wp-content\/uploads\/2026\/01\/flores-calabacin.webp","datePublished":"2026-01-08T21:18:43+00:00","dateModified":"2026-03-05T00:37:15+00:00","description":"Agrolac\u00ae Cosmetic est un engrais foliaire et de fertigation contenant du Ca, du Mg, des micronutriments, des extraits d'algues, de l'acide \u03b3-polyglutamique et des acides amin\u00e9s.","breadcrumb":{"@id":"https:\/\/www.agrolac.com\/fr\/producto\/agrolac-cosmetic\/#breadcrumb"},"inLanguage":"fr-FR","potentialAction":[{"@type":"ReadAction","target":["https:\/\/www.agrolac.com\/fr\/producto\/agrolac-cosmetic\/"]}]},{"@type":"ImageObject","inLanguage":"fr-FR","@id":"https:\/\/www.agrolac.com\/fr\/producto\/agrolac-cosmetic\/#primaryimage","url":"https:\/\/www.agrolac.com\/wp-content\/uploads\/2026\/01\/flores-calabacin.webp","contentUrl":"https:\/\/www.agrolac.com\/wp-content\/uploads\/2026\/01\/flores-calabacin.webp","width":1920,"height":1280},{"@type":"BreadcrumbList","@id":"https:\/\/www.agrolac.com\/fr\/producto\/agrolac-cosmetic\/#breadcrumb","itemListElement":[{"@type":"ListItem","position":1,"name":"Accueil","item":"https:\/\/www.agrolac.com\/fr\/accueil\/"},{"@type":"ListItem","position":2,"name":"Produits","item":"https:\/\/www.agrolac.com\/fr\/produits\/"},{"@type":"ListItem","position":3,"name":"Engrais","item":"https:\/\/www.agrolac.com\/fr\/categoria-producto\/engrais\/"},{"@type":"ListItem","position":4,"name":"Agrolac\u00ae Cosmetic"}]},{"@type":"WebSite","@id":"https:\/\/www.agrolac.com\/fr\/#website","url":"https:\/\/www.agrolac.com\/fr\/","name":"VICORQUIMIA","description":"Agrolac \u00e9s una empresa de Barcelona, fundada el 1982, especialitzada en distribuci\u00f3 de productes agroqu\u00edmics per a l&#039;agricultura europea.","publisher":{"@id":"https:\/\/www.agrolac.com\/fr\/#organization"},"potentialAction":[{"@type":"SearchAction","target":{"@type":"EntryPoint","urlTemplate":"https:\/\/www.agrolac.com\/fr\/?s={search_term_string}"},"query-input":{"@type":"PropertyValueSpecification","valueRequired":true,"valueName":"search_term_string"}}],"inLanguage":"fr-FR"},{"@type":"Organization","@id":"https:\/\/www.agrolac.com\/fr\/#organization","name":"VICORQUIMIA","url":"https:\/\/www.agrolac.com\/fr\/","logo":{"@type":"ImageObject","inLanguage":"fr-FR","@id":"https:\/\/www.agrolac.com\/fr\/#\/schema\/logo\/image\/","url":"https:\/\/www.agrolac.com\/wp-content\/uploads\/2025\/10\/agrolac-logo.svg","contentUrl":"https:\/\/www.agrolac.com\/wp-content\/uploads\/2025\/10\/agrolac-logo.svg","caption":"VICORQUIMIA"},"image":{"@id":"https:\/\/www.agrolac.com\/fr\/#\/schema\/logo\/image\/"},"sameAs":["https:\/\/www.linkedin.com\/company\/vicorquimia\/"]}]}},"_links":{"self":[{"href":"https:\/\/www.agrolac.com\/fr\/wp-json\/wp\/v2\/product\/7639","targetHints":{"allow":["GET"]}}],"collection":[{"href":"https:\/\/www.agrolac.com\/fr\/wp-json\/wp\/v2\/product"}],"about":[{"href":"https:\/\/www.agrolac.com\/fr\/wp-json\/wp\/v2\/types\/product"}],"replies":[{"embeddable":true,"href":"https:\/\/www.agrolac.com\/fr\/wp-json\/wp\/v2\/comments?post=7639"}],"wp:featuredmedia":[{"embeddable":true,"href":"https:\/\/www.agrolac.com\/fr\/wp-json\/wp\/v2\/media\/6316"}],"wp:attachment":[{"href":"https:\/\/www.agrolac.com\/fr\/wp-json\/wp\/v2\/media?parent=7639"}],"wp:term":[{"taxonomy":"certificacion","embeddable":true,"href":"https:\/\/www.agrolac.com\/fr\/wp-json\/wp\/v2\/certificacion?post=7639"},{"taxonomy":"cultivo","embeddable":true,"href":"https:\/\/www.agrolac.com\/fr\/wp-json\/wp\/v2\/cultivo?post=7639"},{"taxonomy":"product_brand","embeddable":true,"href":"https:\/\/www.agrolac.com\/fr\/wp-json\/wp\/v2\/product_brand?post=7639"},{"taxonomy":"product_cat","embeddable":true,"href":"https:\/\/www.agrolac.com\/fr\/wp-json\/wp\/v2\/product_cat?post=7639"},{"taxonomy":"product_tag","embeddable":true,"href":"https:\/\/www.agrolac.com\/fr\/wp-json\/wp\/v2\/product_tag?post=7639"}],"curies":[{"name":"wp","href":"https:\/\/api.w.org\/{rel}","templated":true}]}}