{"id":7638,"date":"2026-01-08T22:21:45","date_gmt":"2026-01-08T21:21:45","guid":{"rendered":"https:\/\/www.agrolac.com\/producto\/agrolac-anti-stress\/"},"modified":"2026-03-02T19:21:32","modified_gmt":"2026-03-02T18:21:32","slug":"agrolac-anti-stress","status":"publish","type":"product","link":"https:\/\/www.agrolac.com\/fr\/producto\/agrolac-anti-stress\/","title":{"rendered":"Agrolac\u00ae Anti-Stress"},"content":{"rendered":"<h2>AGROLAC\u00ae ANTI-STRESS<\/h2>\n<p><strong>AGROLAC\u00ae ANTI-STRESS<\/strong>, gr\u00e2ce \u00e0 son <strong>magn\u00e9sium (Mg)<\/strong> et aux <strong>extraits d&rsquo;algues<\/strong> (qui apportent de l&rsquo;acide alginique, du mannitol, des b\u00e9ta\u00efnes, des polyamines et des polysaccharides), favorise la formation de chlorophylle et de prot\u00e9ines et active les enzymes impliqu\u00e9es dans le m\u00e9tabolisme des hydrates de carbone.<\/p>\n<p>Sa formulation stimule les processus m\u00e9taboliques d&rsquo;oxy-r\u00e9duction, de synth\u00e8se des hydrates de carbone et de circulation de la s\u00e8ve dans le <strong>phlo\u00e8me<\/strong>, contribuant ainsi \u00e0 un fonctionnement physiologique plus \u00e9quilibr\u00e9 de la plante.<\/p>\n<p>En outre, il contient de l&rsquo;<strong>acide<\/strong> \u03b3-polyglutamique, qui soutient la plante dans diverses situations de stress.<\/p>\n<p>Le produit incorpore \u00e9galement des <strong>acides amin\u00e9s libres<\/strong>, notamment l&rsquo;acide glutamique, la glycine, l&rsquo;alanine, la m\u00e9thionine, l&rsquo;arginine, la proline et la tyrosine, li\u00e9s \u00e0 des fonctions telles que la synth\u00e8se de la chlorophylle, la formation de nouvelles pousses, la croissance des racines et le soutien de l&rsquo;\u00e9quilibre physiologique de la plante en fonction du stade ph\u00e9nologique.<\/p>\n<p>Appliqu\u00e9 au sol, <strong>AGROLAC\u00ae ANTI-STRESS<\/strong> apporte une capacit\u00e9 hydrophile, am\u00e9liore l&rsquo;absorption des nutriments, aide \u00e0 \u00e9quilibrer le <strong>pH du sol<\/strong>, favorise l&rsquo;<strong>effet ch\u00e9lateur<\/strong> des ions de m\u00e9taux lourds et am\u00e9liore l&rsquo;absorption des engrais traditionnels.<\/p>\n<h3>Avantages agronomiques<\/h3>\n<ul>\n<li><strong>Soutien aux diff\u00e9rents types de stress<\/strong>.<\/li>\n<li><strong>Stimulation de la formation de chlorophylle et de prot\u00e9ines<\/strong>.<\/li>\n<li><strong>Activation du m\u00e9tabolisme<\/strong> et de la synth\u00e8se des glucides.<\/li>\n<li><strong>Soutien \u00e0 l&rsquo;\u00e9quilibre physiologique<\/strong> et au mouvement de la s\u00e8ve.<\/li>\n<li><strong>Am\u00e9lioration de l&rsquo;utilisation des nutriments et des engrais<\/strong>.<\/li>\n<\/ul>\n<p>&nbsp;<\/p>\n<h3>Application<\/h3>\n<p><strong>AGROLAC\u00ae ANTI-STRESS<\/strong> est un engrais pour application <strong>foliaire et fertigation<\/strong>. Il doit \u00eatre utilis\u00e9 en adaptant le dosage et le moment de l&rsquo;application aux besoins de la culture et aux conditions agronomiques. <\/p>\n<h3>Remarques<\/h3>\n<p>Ne pas traiter \u00e0 des temp\u00e9ratures sup\u00e9rieures \u00e0 30 \u00baC. Ne pas m\u00e9langer avec des produits \u00e0 base d&rsquo;\u00e9tain ou des huiles min\u00e9rales. <\/p>\n","protected":false},"excerpt":{"rendered":"<p>Produit destin\u00e9 \u00e0 aider la culture \u00e0 surmonter les\u2026<\/p>\n","protected":false},"featured_media":6329,"comment_status":"closed","ping_status":"closed","template":"","meta":{"_acf_changed":false,"_joinchat":[]},"certificacion":[433],"cultivo":[562,437,555,559,1121,439,440,1419,565,1276,438,1120,1277,1420,1224,1123],"product_brand":[],"product_cat":[397],"product_tag":[],"class_list":{"0":"post-7638","1":"product","2":"type-product","3":"status-publish","4":"has-post-thumbnail","6":"certificacion-zero-residu","7":"cultivo-agrumes","8":"cultivo-arbres-fruitiers","9":"cultivo-arbres-fruitiers-a-noyaux","10":"cultivo-arbres-fruitiers-a-pepins","11":"cultivo-brassicacees","12":"cultivo-cereales","13":"cultivo-cultures-industrielles","14":"cultivo-fourrages-et-prairies","15":"cultivo-fruits-secs","16":"cultivo-graines-oleagineuses","17":"cultivo-horticulture","18":"cultivo-horticulture-fruitiere","19":"cultivo-legumineuses","20":"cultivo-plantes-ornementales-et-pepinieres","21":"cultivo-tropical-subtropical","22":"cultivo-vigne","23":"product_cat-engrais","25":"first","26":"instock","27":"shipping-taxable","28":"product-type-simple"},"acf":[],"yoast_head":"<!-- This site is optimized with the Yoast SEO plugin v27.1.1 - https:\/\/yoast.com\/product\/yoast-seo-wordpress\/ -->\n<title>Agrolac\u00ae Anti-Stress - Agrolac<\/title>\n<meta name=\"description\" content=\"Agrolac\u00ae Anti-Stress est un engrais foliaire et de fertigation contenant du Mg, des extraits d&#039;algues, de l&#039;acide \u03b3-polyglutamique et des acides amin\u00e9s pour soutenir la plante en cas de stress.\" \/>\n<meta name=\"robots\" content=\"index, follow, max-snippet:-1, max-image-preview:large, max-video-preview:-1\" \/>\n<link rel=\"canonical\" href=\"https:\/\/www.agrolac.com\/fr\/producto\/agrolac-anti-stress\/\" \/>\n<meta property=\"og:locale\" content=\"fr_FR\" \/>\n<meta property=\"og:type\" content=\"article\" \/>\n<meta property=\"og:title\" content=\"Agrolac\u00ae Anti-Stress - Agrolac\" \/>\n<meta property=\"og:description\" content=\"Agrolac\u00ae Anti-Stress est un engrais foliaire et de fertigation contenant du Mg, des extraits d&#039;algues, de l&#039;acide \u03b3-polyglutamique et des acides amin\u00e9s pour soutenir la plante en cas de stress.\" \/>\n<meta property=\"og:url\" content=\"https:\/\/www.agrolac.com\/fr\/producto\/agrolac-anti-stress\/\" \/>\n<meta property=\"og:site_name\" content=\"Agrolac\" \/>\n<meta property=\"article:modified_time\" content=\"2026-03-02T18:21:32+00:00\" \/>\n<meta property=\"og:image\" content=\"https:\/\/www.agrolac.com\/wp-content\/uploads\/2026\/01\/cultivo-tomates.webp\" \/>\n\t<meta property=\"og:image:width\" content=\"1920\" \/>\n\t<meta property=\"og:image:height\" content=\"1280\" \/>\n\t<meta property=\"og:image:type\" content=\"image\/webp\" \/>\n<meta name=\"twitter:card\" content=\"summary_large_image\" \/>\n<meta name=\"twitter:label1\" content=\"Est. reading time\" \/>\n\t<meta name=\"twitter:data1\" content=\"2 minutes\" \/>\n<script type=\"application\/ld+json\" class=\"yoast-schema-graph\">{\"@context\":\"https:\/\/schema.org\",\"@graph\":[{\"@type\":\"WebPage\",\"@id\":\"https:\/\/www.agrolac.com\/fr\/producto\/agrolac-anti-stress\/\",\"url\":\"https:\/\/www.agrolac.com\/fr\/producto\/agrolac-anti-stress\/\",\"name\":\"Agrolac\u00ae Anti-Stress - Agrolac\",\"isPartOf\":{\"@id\":\"https:\/\/www.agrolac.com\/fr\/#website\"},\"primaryImageOfPage\":{\"@id\":\"https:\/\/www.agrolac.com\/fr\/producto\/agrolac-anti-stress\/#primaryimage\"},\"image\":{\"@id\":\"https:\/\/www.agrolac.com\/fr\/producto\/agrolac-anti-stress\/#primaryimage\"},\"thumbnailUrl\":\"https:\/\/www.agrolac.com\/wp-content\/uploads\/2026\/01\/cultivo-tomates.webp\",\"datePublished\":\"2026-01-08T21:21:45+00:00\",\"dateModified\":\"2026-03-02T18:21:32+00:00\",\"description\":\"Agrolac\u00ae Anti-Stress est un engrais foliaire et de fertigation contenant du Mg, des extraits d'algues, de l'acide \u03b3-polyglutamique et des acides amin\u00e9s pour soutenir la plante en cas de stress.\",\"breadcrumb\":{\"@id\":\"https:\/\/www.agrolac.com\/fr\/producto\/agrolac-anti-stress\/#breadcrumb\"},\"inLanguage\":\"fr-FR\",\"potentialAction\":[{\"@type\":\"ReadAction\",\"target\":[\"https:\/\/www.agrolac.com\/fr\/producto\/agrolac-anti-stress\/\"]}]},{\"@type\":\"ImageObject\",\"inLanguage\":\"fr-FR\",\"@id\":\"https:\/\/www.agrolac.com\/fr\/producto\/agrolac-anti-stress\/#primaryimage\",\"url\":\"https:\/\/www.agrolac.com\/wp-content\/uploads\/2026\/01\/cultivo-tomates.webp\",\"contentUrl\":\"https:\/\/www.agrolac.com\/wp-content\/uploads\/2026\/01\/cultivo-tomates.webp\",\"width\":1920,\"height\":1280},{\"@type\":\"BreadcrumbList\",\"@id\":\"https:\/\/www.agrolac.com\/fr\/producto\/agrolac-anti-stress\/#breadcrumb\",\"itemListElement\":[{\"@type\":\"ListItem\",\"position\":1,\"name\":\"Accueil\",\"item\":\"https:\/\/www.agrolac.com\/fr\/accueil\/\"},{\"@type\":\"ListItem\",\"position\":2,\"name\":\"Produits\",\"item\":\"https:\/\/www.agrolac.com\/fr\/produits\/\"},{\"@type\":\"ListItem\",\"position\":3,\"name\":\"Engrais\",\"item\":\"https:\/\/www.agrolac.com\/fr\/categoria-producto\/engrais\/\"},{\"@type\":\"ListItem\",\"position\":4,\"name\":\"Agrolac\u00ae Anti-Stress\"}]},{\"@type\":\"WebSite\",\"@id\":\"https:\/\/www.agrolac.com\/fr\/#website\",\"url\":\"https:\/\/www.agrolac.com\/fr\/\",\"name\":\"VICORQUIMIA\",\"description\":\"Agrolac \u00e9s una empresa de Barcelona, fundada el 1982, especialitzada en distribuci\u00f3 de productes agroqu\u00edmics per a l&#039;agricultura europea.\",\"publisher\":{\"@id\":\"https:\/\/www.agrolac.com\/fr\/#organization\"},\"potentialAction\":[{\"@type\":\"SearchAction\",\"target\":{\"@type\":\"EntryPoint\",\"urlTemplate\":\"https:\/\/www.agrolac.com\/fr\/?s={search_term_string}\"},\"query-input\":{\"@type\":\"PropertyValueSpecification\",\"valueRequired\":true,\"valueName\":\"search_term_string\"}}],\"inLanguage\":\"fr-FR\"},{\"@type\":\"Organization\",\"@id\":\"https:\/\/www.agrolac.com\/fr\/#organization\",\"name\":\"VICORQUIMIA\",\"url\":\"https:\/\/www.agrolac.com\/fr\/\",\"logo\":{\"@type\":\"ImageObject\",\"inLanguage\":\"fr-FR\",\"@id\":\"https:\/\/www.agrolac.com\/fr\/#\/schema\/logo\/image\/\",\"url\":\"https:\/\/www.agrolac.com\/wp-content\/uploads\/2025\/10\/agrolac-logo.svg\",\"contentUrl\":\"https:\/\/www.agrolac.com\/wp-content\/uploads\/2025\/10\/agrolac-logo.svg\",\"caption\":\"VICORQUIMIA\"},\"image\":{\"@id\":\"https:\/\/www.agrolac.com\/fr\/#\/schema\/logo\/image\/\"},\"sameAs\":[\"https:\/\/www.linkedin.com\/company\/vicorquimia\/\"]}]}<\/script>\n<!-- \/ Yoast SEO plugin. -->","yoast_head_json":{"title":"Agrolac\u00ae Anti-Stress - Agrolac","description":"Agrolac\u00ae Anti-Stress est un engrais foliaire et de fertigation contenant du Mg, des extraits d'algues, de l'acide \u03b3-polyglutamique et des acides amin\u00e9s pour soutenir la plante en cas de stress.","robots":{"index":"index","follow":"follow","max-snippet":"max-snippet:-1","max-image-preview":"max-image-preview:large","max-video-preview":"max-video-preview:-1"},"canonical":"https:\/\/www.agrolac.com\/fr\/producto\/agrolac-anti-stress\/","og_locale":"fr_FR","og_type":"article","og_title":"Agrolac\u00ae Anti-Stress - Agrolac","og_description":"Agrolac\u00ae Anti-Stress est un engrais foliaire et de fertigation contenant du Mg, des extraits d'algues, de l'acide \u03b3-polyglutamique et des acides amin\u00e9s pour soutenir la plante en cas de stress.","og_url":"https:\/\/www.agrolac.com\/fr\/producto\/agrolac-anti-stress\/","og_site_name":"Agrolac","article_modified_time":"2026-03-02T18:21:32+00:00","og_image":[{"width":1920,"height":1280,"url":"https:\/\/www.agrolac.com\/wp-content\/uploads\/2026\/01\/cultivo-tomates.webp","type":"image\/webp"}],"twitter_card":"summary_large_image","twitter_misc":{"Est. reading time":"2 minutes"},"schema":{"@context":"https:\/\/schema.org","@graph":[{"@type":"WebPage","@id":"https:\/\/www.agrolac.com\/fr\/producto\/agrolac-anti-stress\/","url":"https:\/\/www.agrolac.com\/fr\/producto\/agrolac-anti-stress\/","name":"Agrolac\u00ae Anti-Stress - Agrolac","isPartOf":{"@id":"https:\/\/www.agrolac.com\/fr\/#website"},"primaryImageOfPage":{"@id":"https:\/\/www.agrolac.com\/fr\/producto\/agrolac-anti-stress\/#primaryimage"},"image":{"@id":"https:\/\/www.agrolac.com\/fr\/producto\/agrolac-anti-stress\/#primaryimage"},"thumbnailUrl":"https:\/\/www.agrolac.com\/wp-content\/uploads\/2026\/01\/cultivo-tomates.webp","datePublished":"2026-01-08T21:21:45+00:00","dateModified":"2026-03-02T18:21:32+00:00","description":"Agrolac\u00ae Anti-Stress est un engrais foliaire et de fertigation contenant du Mg, des extraits d'algues, de l'acide \u03b3-polyglutamique et des acides amin\u00e9s pour soutenir la plante en cas de stress.","breadcrumb":{"@id":"https:\/\/www.agrolac.com\/fr\/producto\/agrolac-anti-stress\/#breadcrumb"},"inLanguage":"fr-FR","potentialAction":[{"@type":"ReadAction","target":["https:\/\/www.agrolac.com\/fr\/producto\/agrolac-anti-stress\/"]}]},{"@type":"ImageObject","inLanguage":"fr-FR","@id":"https:\/\/www.agrolac.com\/fr\/producto\/agrolac-anti-stress\/#primaryimage","url":"https:\/\/www.agrolac.com\/wp-content\/uploads\/2026\/01\/cultivo-tomates.webp","contentUrl":"https:\/\/www.agrolac.com\/wp-content\/uploads\/2026\/01\/cultivo-tomates.webp","width":1920,"height":1280},{"@type":"BreadcrumbList","@id":"https:\/\/www.agrolac.com\/fr\/producto\/agrolac-anti-stress\/#breadcrumb","itemListElement":[{"@type":"ListItem","position":1,"name":"Accueil","item":"https:\/\/www.agrolac.com\/fr\/accueil\/"},{"@type":"ListItem","position":2,"name":"Produits","item":"https:\/\/www.agrolac.com\/fr\/produits\/"},{"@type":"ListItem","position":3,"name":"Engrais","item":"https:\/\/www.agrolac.com\/fr\/categoria-producto\/engrais\/"},{"@type":"ListItem","position":4,"name":"Agrolac\u00ae Anti-Stress"}]},{"@type":"WebSite","@id":"https:\/\/www.agrolac.com\/fr\/#website","url":"https:\/\/www.agrolac.com\/fr\/","name":"VICORQUIMIA","description":"Agrolac \u00e9s una empresa de Barcelona, fundada el 1982, especialitzada en distribuci\u00f3 de productes agroqu\u00edmics per a l&#039;agricultura europea.","publisher":{"@id":"https:\/\/www.agrolac.com\/fr\/#organization"},"potentialAction":[{"@type":"SearchAction","target":{"@type":"EntryPoint","urlTemplate":"https:\/\/www.agrolac.com\/fr\/?s={search_term_string}"},"query-input":{"@type":"PropertyValueSpecification","valueRequired":true,"valueName":"search_term_string"}}],"inLanguage":"fr-FR"},{"@type":"Organization","@id":"https:\/\/www.agrolac.com\/fr\/#organization","name":"VICORQUIMIA","url":"https:\/\/www.agrolac.com\/fr\/","logo":{"@type":"ImageObject","inLanguage":"fr-FR","@id":"https:\/\/www.agrolac.com\/fr\/#\/schema\/logo\/image\/","url":"https:\/\/www.agrolac.com\/wp-content\/uploads\/2025\/10\/agrolac-logo.svg","contentUrl":"https:\/\/www.agrolac.com\/wp-content\/uploads\/2025\/10\/agrolac-logo.svg","caption":"VICORQUIMIA"},"image":{"@id":"https:\/\/www.agrolac.com\/fr\/#\/schema\/logo\/image\/"},"sameAs":["https:\/\/www.linkedin.com\/company\/vicorquimia\/"]}]}},"_links":{"self":[{"href":"https:\/\/www.agrolac.com\/fr\/wp-json\/wp\/v2\/product\/7638","targetHints":{"allow":["GET"]}}],"collection":[{"href":"https:\/\/www.agrolac.com\/fr\/wp-json\/wp\/v2\/product"}],"about":[{"href":"https:\/\/www.agrolac.com\/fr\/wp-json\/wp\/v2\/types\/product"}],"replies":[{"embeddable":true,"href":"https:\/\/www.agrolac.com\/fr\/wp-json\/wp\/v2\/comments?post=7638"}],"wp:featuredmedia":[{"embeddable":true,"href":"https:\/\/www.agrolac.com\/fr\/wp-json\/wp\/v2\/media\/6329"}],"wp:attachment":[{"href":"https:\/\/www.agrolac.com\/fr\/wp-json\/wp\/v2\/media?parent=7638"}],"wp:term":[{"taxonomy":"certificacion","embeddable":true,"href":"https:\/\/www.agrolac.com\/fr\/wp-json\/wp\/v2\/certificacion?post=7638"},{"taxonomy":"cultivo","embeddable":true,"href":"https:\/\/www.agrolac.com\/fr\/wp-json\/wp\/v2\/cultivo?post=7638"},{"taxonomy":"product_brand","embeddable":true,"href":"https:\/\/www.agrolac.com\/fr\/wp-json\/wp\/v2\/product_brand?post=7638"},{"taxonomy":"product_cat","embeddable":true,"href":"https:\/\/www.agrolac.com\/fr\/wp-json\/wp\/v2\/product_cat?post=7638"},{"taxonomy":"product_tag","embeddable":true,"href":"https:\/\/www.agrolac.com\/fr\/wp-json\/wp\/v2\/product_tag?post=7638"}],"curies":[{"name":"wp","href":"https:\/\/api.w.org\/{rel}","templated":true}]}}