{"id":7619,"date":"2026-01-08T22:25:03","date_gmt":"2026-01-08T21:25:03","guid":{"rendered":"https:\/\/www.agrolac.com\/producto\/agrolac-pga\/"},"modified":"2026-03-02T19:22:55","modified_gmt":"2026-03-02T18:22:55","slug":"agrolac-pga","status":"publish","type":"product","link":"https:\/\/www.agrolac.com\/fr\/producto\/agrolac-pga\/","title":{"rendered":"Agrolac\u00ae PGA"},"content":{"rendered":"<h2>Agrolac\u00ae PGA<\/h2>\n<p><strong>Agrolac\u00ae PGA<\/strong> contribue efficacement \u00e0 la revitalisation des performances de la plante face au <strong>manque d&rsquo;eau<\/strong> et \u00e0 diverses situations de <strong>stress abiotique<\/strong>, telles que la s\u00e9cheresse, la salinit\u00e9, le gel, la pollution atmosph\u00e9rique, la phytotoxicit\u00e9, la gr\u00eale ou le vent.<\/p>\n<p>Son action est li\u00e9e \u00e0 sa teneur en <strong>acide<\/strong> \u03b3-polyglutamique et en <strong>acides amin\u00e9s libres<\/strong>, qui interviennent dans les processus physiologiques de la plante.<\/p>\n<p>Ces acides amin\u00e9s comprennent l&rsquo;<strong>acide glutamique<\/strong>, la <strong>glycine<\/strong>, l&rsquo;<strong>alanine<\/strong>, la <strong>m\u00e9thionine<\/strong>, l&rsquo;<strong>arginine<\/strong>, la <strong>proline<\/strong> et la <strong>tyrosine<\/strong>, qui sont li\u00e9s \u00e0 des fonctions telles que la synth\u00e8se de la chlorophylle, la formation de nouvelles pousses, l&rsquo;action ch\u00e9latrice et le soutien de l&rsquo;\u00e9quilibre physiologique de la plante \u00e0 diff\u00e9rents stades ph\u00e9nologiques.<\/p>\n<p>Appliqu\u00e9 au sol, <strong>Agrolac\u00ae PGA<\/strong> apporte une capacit\u00e9 hydrophile, am\u00e9liore l&rsquo;absorption et la solubilit\u00e9 des nutriments, contribue \u00e0 \u00e9quilibrer le <strong>pH du sol<\/strong>, favorise l&rsquo;<strong>effet ch\u00e9lateur<\/strong> des ions m\u00e9talliques et am\u00e9liore l&rsquo;absorption des engrais traditionnels.<\/p>\n<h3>Avantages agronomiques<\/h3>\n<ul>\n<li><strong>Soutien en cas de stress hydrique et d&rsquo;autres stress abiotiques<\/strong>.<\/li>\n<li><strong>Contribue \u00e0 l&rsquo;\u00e9quilibre physiologique<\/strong> de la plante dans des conditions d\u00e9favorables.<\/li>\n<li><strong>Favorise la synth\u00e8se de la chlorophylle<\/strong> et la formation de nouvelles pousses.<\/li>\n<li><strong>Action ch\u00e9latrice<\/strong> et meilleure utilisation des nutriments.<\/li>\n<li><strong>Am\u00e9liore l&rsquo;absorption et la solubilit\u00e9 des nutriments<\/strong> et contribue \u00e0 l&rsquo;\u00e9quilibre du pH du sol.<\/li>\n<\/ul>\n<p>&nbsp;<\/p>\n<h3>Application<\/h3>\n<p>Engrais pour application <strong>foliaire et fertigation<\/strong>. A utiliser en adaptant le dosage et le moment de l&rsquo;application \u00e0 la culture et \u00e0 la situation agronomique. <\/p>\n<p>En r\u00e8gle g\u00e9n\u00e9rale, son utilisation est recommand\u00e9e au moment o\u00f9 la culture en a le plus besoin, avec des intervalles de <strong>14 \u00e0 21 jours<\/strong>, en fonction de la culture et de la p\u00e9riode du cycle.<\/p>\n<h3>Remarques<\/h3>\n<p>Ne pas traiter \u00e0 des temp\u00e9ratures sup\u00e9rieures \u00e0 30 \u00baC. Ne pas m\u00e9langer avec des produits \u00e0 base d&rsquo;\u00e9tain ou des huiles min\u00e9rales. <\/p>\n","protected":false},"excerpt":{"rendered":"<p>Produit con\u00e7u pour r\u00e9guler le d\u00e9veloppement des pl\u2026<\/p>\n","protected":false},"featured_media":6347,"comment_status":"closed","ping_status":"closed","template":"","meta":{"_acf_changed":false,"_joinchat":[]},"certificacion":[433],"cultivo":[562,437,555,559,1121,439,440,1419,565,1276,438,1120,1277,1420,1224,1123],"product_brand":[],"product_cat":[397],"product_tag":[],"class_list":{"0":"post-7619","1":"product","2":"type-product","3":"status-publish","4":"has-post-thumbnail","6":"certificacion-zero-residu","7":"cultivo-agrumes","8":"cultivo-arbres-fruitiers","9":"cultivo-arbres-fruitiers-a-noyaux","10":"cultivo-arbres-fruitiers-a-pepins","11":"cultivo-brassicacees","12":"cultivo-cereales","13":"cultivo-cultures-industrielles","14":"cultivo-fourrages-et-prairies","15":"cultivo-fruits-secs","16":"cultivo-graines-oleagineuses","17":"cultivo-horticulture","18":"cultivo-horticulture-fruitiere","19":"cultivo-legumineuses","20":"cultivo-plantes-ornementales-et-pepinieres","21":"cultivo-tropical-subtropical","22":"cultivo-vigne","23":"product_cat-engrais","25":"first","26":"instock","27":"shipping-taxable","28":"product-type-simple"},"acf":[],"yoast_head":"<!-- This site is optimized with the Yoast SEO plugin v27.1.1 - https:\/\/yoast.com\/product\/yoast-seo-wordpress\/ -->\n<title>Agrolac\u00ae PGA - Agrolac<\/title>\n<meta name=\"description\" content=\"Agrolac\u00ae PGA est un engrais foliaire et de fertigation contenant de l&#039;acide \u03b3-polyglutamique et des acides amin\u00e9s pour soutenir la plante en cas de stress hydrique et abiotique.\" \/>\n<meta name=\"robots\" content=\"index, follow, max-snippet:-1, max-image-preview:large, max-video-preview:-1\" \/>\n<link rel=\"canonical\" href=\"https:\/\/www.agrolac.com\/fr\/producto\/agrolac-pga\/\" \/>\n<meta property=\"og:locale\" content=\"fr_FR\" \/>\n<meta property=\"og:type\" content=\"article\" \/>\n<meta property=\"og:title\" content=\"Agrolac\u00ae PGA - Agrolac\" \/>\n<meta property=\"og:description\" content=\"Agrolac\u00ae PGA est un engrais foliaire et de fertigation contenant de l&#039;acide \u03b3-polyglutamique et des acides amin\u00e9s pour soutenir la plante en cas de stress hydrique et abiotique.\" \/>\n<meta property=\"og:url\" content=\"https:\/\/www.agrolac.com\/fr\/producto\/agrolac-pga\/\" \/>\n<meta property=\"og:site_name\" content=\"Agrolac\" \/>\n<meta property=\"article:modified_time\" content=\"2026-03-02T18:22:55+00:00\" \/>\n<meta property=\"og:image\" content=\"https:\/\/www.agrolac.com\/wp-content\/uploads\/2026\/01\/tomatera-invernadero-01.webp\" \/>\n\t<meta property=\"og:image:width\" content=\"1920\" \/>\n\t<meta property=\"og:image:height\" content=\"1114\" \/>\n\t<meta property=\"og:image:type\" content=\"image\/webp\" \/>\n<meta name=\"twitter:card\" content=\"summary_large_image\" \/>\n<meta name=\"twitter:label1\" content=\"Est. reading time\" \/>\n\t<meta name=\"twitter:data1\" content=\"2 minutes\" \/>\n<script type=\"application\/ld+json\" class=\"yoast-schema-graph\">{\"@context\":\"https:\/\/schema.org\",\"@graph\":[{\"@type\":\"WebPage\",\"@id\":\"https:\/\/www.agrolac.com\/fr\/producto\/agrolac-pga\/\",\"url\":\"https:\/\/www.agrolac.com\/fr\/producto\/agrolac-pga\/\",\"name\":\"Agrolac\u00ae PGA - Agrolac\",\"isPartOf\":{\"@id\":\"https:\/\/www.agrolac.com\/fr\/#website\"},\"primaryImageOfPage\":{\"@id\":\"https:\/\/www.agrolac.com\/fr\/producto\/agrolac-pga\/#primaryimage\"},\"image\":{\"@id\":\"https:\/\/www.agrolac.com\/fr\/producto\/agrolac-pga\/#primaryimage\"},\"thumbnailUrl\":\"https:\/\/www.agrolac.com\/wp-content\/uploads\/2026\/01\/tomatera-invernadero-01.webp\",\"datePublished\":\"2026-01-08T21:25:03+00:00\",\"dateModified\":\"2026-03-02T18:22:55+00:00\",\"description\":\"Agrolac\u00ae PGA est un engrais foliaire et de fertigation contenant de l'acide \u03b3-polyglutamique et des acides amin\u00e9s pour soutenir la plante en cas de stress hydrique et abiotique.\",\"breadcrumb\":{\"@id\":\"https:\/\/www.agrolac.com\/fr\/producto\/agrolac-pga\/#breadcrumb\"},\"inLanguage\":\"fr-FR\",\"potentialAction\":[{\"@type\":\"ReadAction\",\"target\":[\"https:\/\/www.agrolac.com\/fr\/producto\/agrolac-pga\/\"]}]},{\"@type\":\"ImageObject\",\"inLanguage\":\"fr-FR\",\"@id\":\"https:\/\/www.agrolac.com\/fr\/producto\/agrolac-pga\/#primaryimage\",\"url\":\"https:\/\/www.agrolac.com\/wp-content\/uploads\/2026\/01\/tomatera-invernadero-01.webp\",\"contentUrl\":\"https:\/\/www.agrolac.com\/wp-content\/uploads\/2026\/01\/tomatera-invernadero-01.webp\",\"width\":1920,\"height\":1114},{\"@type\":\"BreadcrumbList\",\"@id\":\"https:\/\/www.agrolac.com\/fr\/producto\/agrolac-pga\/#breadcrumb\",\"itemListElement\":[{\"@type\":\"ListItem\",\"position\":1,\"name\":\"Accueil\",\"item\":\"https:\/\/www.agrolac.com\/fr\/accueil\/\"},{\"@type\":\"ListItem\",\"position\":2,\"name\":\"Produits\",\"item\":\"https:\/\/www.agrolac.com\/fr\/produits\/\"},{\"@type\":\"ListItem\",\"position\":3,\"name\":\"Engrais\",\"item\":\"https:\/\/www.agrolac.com\/fr\/categoria-producto\/engrais\/\"},{\"@type\":\"ListItem\",\"position\":4,\"name\":\"Agrolac\u00ae PGA\"}]},{\"@type\":\"WebSite\",\"@id\":\"https:\/\/www.agrolac.com\/fr\/#website\",\"url\":\"https:\/\/www.agrolac.com\/fr\/\",\"name\":\"VICORQUIMIA\",\"description\":\"Agrolac \u00e9s una empresa de Barcelona, fundada el 1982, especialitzada en distribuci\u00f3 de productes agroqu\u00edmics per a l&#039;agricultura europea.\",\"publisher\":{\"@id\":\"https:\/\/www.agrolac.com\/fr\/#organization\"},\"potentialAction\":[{\"@type\":\"SearchAction\",\"target\":{\"@type\":\"EntryPoint\",\"urlTemplate\":\"https:\/\/www.agrolac.com\/fr\/?s={search_term_string}\"},\"query-input\":{\"@type\":\"PropertyValueSpecification\",\"valueRequired\":true,\"valueName\":\"search_term_string\"}}],\"inLanguage\":\"fr-FR\"},{\"@type\":\"Organization\",\"@id\":\"https:\/\/www.agrolac.com\/fr\/#organization\",\"name\":\"VICORQUIMIA\",\"url\":\"https:\/\/www.agrolac.com\/fr\/\",\"logo\":{\"@type\":\"ImageObject\",\"inLanguage\":\"fr-FR\",\"@id\":\"https:\/\/www.agrolac.com\/fr\/#\/schema\/logo\/image\/\",\"url\":\"https:\/\/www.agrolac.com\/wp-content\/uploads\/2025\/10\/agrolac-logo.svg\",\"contentUrl\":\"https:\/\/www.agrolac.com\/wp-content\/uploads\/2025\/10\/agrolac-logo.svg\",\"caption\":\"VICORQUIMIA\"},\"image\":{\"@id\":\"https:\/\/www.agrolac.com\/fr\/#\/schema\/logo\/image\/\"},\"sameAs\":[\"https:\/\/www.linkedin.com\/company\/vicorquimia\/\"]}]}<\/script>\n<!-- \/ Yoast SEO plugin. -->","yoast_head_json":{"title":"Agrolac\u00ae PGA - Agrolac","description":"Agrolac\u00ae PGA est un engrais foliaire et de fertigation contenant de l'acide \u03b3-polyglutamique et des acides amin\u00e9s pour soutenir la plante en cas de stress hydrique et abiotique.","robots":{"index":"index","follow":"follow","max-snippet":"max-snippet:-1","max-image-preview":"max-image-preview:large","max-video-preview":"max-video-preview:-1"},"canonical":"https:\/\/www.agrolac.com\/fr\/producto\/agrolac-pga\/","og_locale":"fr_FR","og_type":"article","og_title":"Agrolac\u00ae PGA - Agrolac","og_description":"Agrolac\u00ae PGA est un engrais foliaire et de fertigation contenant de l'acide \u03b3-polyglutamique et des acides amin\u00e9s pour soutenir la plante en cas de stress hydrique et abiotique.","og_url":"https:\/\/www.agrolac.com\/fr\/producto\/agrolac-pga\/","og_site_name":"Agrolac","article_modified_time":"2026-03-02T18:22:55+00:00","og_image":[{"width":1920,"height":1114,"url":"https:\/\/www.agrolac.com\/wp-content\/uploads\/2026\/01\/tomatera-invernadero-01.webp","type":"image\/webp"}],"twitter_card":"summary_large_image","twitter_misc":{"Est. reading time":"2 minutes"},"schema":{"@context":"https:\/\/schema.org","@graph":[{"@type":"WebPage","@id":"https:\/\/www.agrolac.com\/fr\/producto\/agrolac-pga\/","url":"https:\/\/www.agrolac.com\/fr\/producto\/agrolac-pga\/","name":"Agrolac\u00ae PGA - Agrolac","isPartOf":{"@id":"https:\/\/www.agrolac.com\/fr\/#website"},"primaryImageOfPage":{"@id":"https:\/\/www.agrolac.com\/fr\/producto\/agrolac-pga\/#primaryimage"},"image":{"@id":"https:\/\/www.agrolac.com\/fr\/producto\/agrolac-pga\/#primaryimage"},"thumbnailUrl":"https:\/\/www.agrolac.com\/wp-content\/uploads\/2026\/01\/tomatera-invernadero-01.webp","datePublished":"2026-01-08T21:25:03+00:00","dateModified":"2026-03-02T18:22:55+00:00","description":"Agrolac\u00ae PGA est un engrais foliaire et de fertigation contenant de l'acide \u03b3-polyglutamique et des acides amin\u00e9s pour soutenir la plante en cas de stress hydrique et abiotique.","breadcrumb":{"@id":"https:\/\/www.agrolac.com\/fr\/producto\/agrolac-pga\/#breadcrumb"},"inLanguage":"fr-FR","potentialAction":[{"@type":"ReadAction","target":["https:\/\/www.agrolac.com\/fr\/producto\/agrolac-pga\/"]}]},{"@type":"ImageObject","inLanguage":"fr-FR","@id":"https:\/\/www.agrolac.com\/fr\/producto\/agrolac-pga\/#primaryimage","url":"https:\/\/www.agrolac.com\/wp-content\/uploads\/2026\/01\/tomatera-invernadero-01.webp","contentUrl":"https:\/\/www.agrolac.com\/wp-content\/uploads\/2026\/01\/tomatera-invernadero-01.webp","width":1920,"height":1114},{"@type":"BreadcrumbList","@id":"https:\/\/www.agrolac.com\/fr\/producto\/agrolac-pga\/#breadcrumb","itemListElement":[{"@type":"ListItem","position":1,"name":"Accueil","item":"https:\/\/www.agrolac.com\/fr\/accueil\/"},{"@type":"ListItem","position":2,"name":"Produits","item":"https:\/\/www.agrolac.com\/fr\/produits\/"},{"@type":"ListItem","position":3,"name":"Engrais","item":"https:\/\/www.agrolac.com\/fr\/categoria-producto\/engrais\/"},{"@type":"ListItem","position":4,"name":"Agrolac\u00ae PGA"}]},{"@type":"WebSite","@id":"https:\/\/www.agrolac.com\/fr\/#website","url":"https:\/\/www.agrolac.com\/fr\/","name":"VICORQUIMIA","description":"Agrolac \u00e9s una empresa de Barcelona, fundada el 1982, especialitzada en distribuci\u00f3 de productes agroqu\u00edmics per a l&#039;agricultura europea.","publisher":{"@id":"https:\/\/www.agrolac.com\/fr\/#organization"},"potentialAction":[{"@type":"SearchAction","target":{"@type":"EntryPoint","urlTemplate":"https:\/\/www.agrolac.com\/fr\/?s={search_term_string}"},"query-input":{"@type":"PropertyValueSpecification","valueRequired":true,"valueName":"search_term_string"}}],"inLanguage":"fr-FR"},{"@type":"Organization","@id":"https:\/\/www.agrolac.com\/fr\/#organization","name":"VICORQUIMIA","url":"https:\/\/www.agrolac.com\/fr\/","logo":{"@type":"ImageObject","inLanguage":"fr-FR","@id":"https:\/\/www.agrolac.com\/fr\/#\/schema\/logo\/image\/","url":"https:\/\/www.agrolac.com\/wp-content\/uploads\/2025\/10\/agrolac-logo.svg","contentUrl":"https:\/\/www.agrolac.com\/wp-content\/uploads\/2025\/10\/agrolac-logo.svg","caption":"VICORQUIMIA"},"image":{"@id":"https:\/\/www.agrolac.com\/fr\/#\/schema\/logo\/image\/"},"sameAs":["https:\/\/www.linkedin.com\/company\/vicorquimia\/"]}]}},"_links":{"self":[{"href":"https:\/\/www.agrolac.com\/fr\/wp-json\/wp\/v2\/product\/7619","targetHints":{"allow":["GET"]}}],"collection":[{"href":"https:\/\/www.agrolac.com\/fr\/wp-json\/wp\/v2\/product"}],"about":[{"href":"https:\/\/www.agrolac.com\/fr\/wp-json\/wp\/v2\/types\/product"}],"replies":[{"embeddable":true,"href":"https:\/\/www.agrolac.com\/fr\/wp-json\/wp\/v2\/comments?post=7619"}],"wp:featuredmedia":[{"embeddable":true,"href":"https:\/\/www.agrolac.com\/fr\/wp-json\/wp\/v2\/media\/6347"}],"wp:attachment":[{"href":"https:\/\/www.agrolac.com\/fr\/wp-json\/wp\/v2\/media?parent=7619"}],"wp:term":[{"taxonomy":"certificacion","embeddable":true,"href":"https:\/\/www.agrolac.com\/fr\/wp-json\/wp\/v2\/certificacion?post=7619"},{"taxonomy":"cultivo","embeddable":true,"href":"https:\/\/www.agrolac.com\/fr\/wp-json\/wp\/v2\/cultivo?post=7619"},{"taxonomy":"product_brand","embeddable":true,"href":"https:\/\/www.agrolac.com\/fr\/wp-json\/wp\/v2\/product_brand?post=7619"},{"taxonomy":"product_cat","embeddable":true,"href":"https:\/\/www.agrolac.com\/fr\/wp-json\/wp\/v2\/product_cat?post=7619"},{"taxonomy":"product_tag","embeddable":true,"href":"https:\/\/www.agrolac.com\/fr\/wp-json\/wp\/v2\/product_tag?post=7619"}],"curies":[{"name":"wp","href":"https:\/\/api.w.org\/{rel}","templated":true}]}}