{"id":7600,"date":"2026-01-08T22:36:43","date_gmt":"2026-01-08T21:36:43","guid":{"rendered":"https:\/\/www.agrolac.com\/producto\/provic-amino\/"},"modified":"2026-03-02T19:22:26","modified_gmt":"2026-03-02T18:22:26","slug":"provic-amino","status":"publish","type":"product","link":"https:\/\/www.agrolac.com\/fr\/producto\/provic-amino\/","title":{"rendered":"PROVIC\u00ae AMINO"},"content":{"rendered":"<p><strong>PROVIC\u00ae AMINO<\/strong> est un <b>bio-nutriment<\/b> (engrais naturel) \u00e0 base d&rsquo;<b>acides amin\u00e9s libres<\/b> qui est int\u00e9gr\u00e9 dans le sch\u00e9ma pour soutenir la plante au moment o\u00f9 elle en <b>a le plus besoin<\/b> et dans des <b>situations de stress abiotique<\/b> comme la s\u00e9cheresse, la salinit\u00e9, le gel, la phytotoxicit\u00e9, la gr\u00eale ou le vent. Il incorpore \u00e9galement une source d&rsquo;<b>acide humique<\/b> et d&rsquo;<b>acide fulvique<\/b>, destin\u00e9s \u00e0 favoriser la croissance et la translocation des nutriments vers les feuilles, dans le cadre du programme de fertilisation. Les acides amin\u00e9s proviennent de la m\u00e9lasse de canne \u00e0 sucre ferment\u00e9e par <b>Corynebacterium glutamicum<\/b>.<br \/>\nSon aminogramme comprend 16 % d&rsquo;acides amin\u00e9s libres tels que l&rsquo;<b>acide glutamique, la proline, l&rsquo;alanine, la glycine<\/b>, entre autres, d\u00e9crits dans la brochure pour leur relation avec les processus physiologiques de la plante (m\u00e9tabolisme, chlorophylle, \u00e9quilibre hydrique, germination). Il peut \u00eatre utilis\u00e9 pour favoriser la <b>germination, la floraison, la nouaison et l&rsquo;engraissement<\/b>, ainsi que pour renforcer la production apr\u00e8s des \u00e9pisodes de stress, en adaptant les doses et les intervalles en fonction de la culture, de l&rsquo;\u00e9tat ph\u00e9nologique et des conditions du terrain.   <\/p>\n<h3>Pourquoi choisir PROVIC\u00ae AMINO ?<\/h3>\n<ul>\n<li><strong>Soutien physiologique en cas de stress :<\/strong> aide la plante \u00e0 maintenir son activit\u00e9 dans des conditions d\u00e9favorables (manque d&rsquo;eau et stress abiotique).<\/li>\n<li><strong>Aminogramme orient\u00e9 vers les phases cl\u00e9s :<\/strong> acide glutamique (stimule les jeunes feuilles et la production de sucre), glycine (synth\u00e8se li\u00e9e \u00e0 la chlorophylle et action ch\u00e9latrice ; favorise les nouvelles pousses), alanine (stimule la synth\u00e8se de la chlorophylle) et m\u00e9thionine, proline et arginine (action rajeunissante ; apporte ce dont la plante a besoin en fonction du stade ph\u00e9nologique).<\/li>\n<li><strong>Soutien humique et fulvique :<\/strong> contient une source d&rsquo;<strong>acide humique<\/strong>, qui soutient la croissance en favorisant le d\u00e9veloppement de bact\u00e9ries b\u00e9n\u00e9fiques dans des conditions de stress abiotique, et d&rsquo;<strong>acide fulvique<\/strong>, qui maximise la translocation des nutriments vers les feuilles, r\u00e9duisant ainsi la quantit\u00e9 d&rsquo;engrais n\u00e9cessaire.<\/li>\n<li><strong>Action ch\u00e9latrice :<\/strong> aide \u00e0 complexifier les min\u00e9raux du sol pour une absorption rapide par la plante, r\u00e9duisant ainsi la quantit\u00e9 d&rsquo;engrais.<\/li>\n<\/ul>\n<h3>Application et dosage (selon l&rsquo;\u00e9tiquette)<\/h3>\n<ul>\n<li><strong>Pulv\u00e9risation normale :<\/strong> 2-3 ml\/L (0,2-0,3 %).<\/li>\n<li><strong>Faible volume :<\/strong> 2-3 L\/ha.<\/li>\n<li><strong>Fertigation (application racinaire) :<\/strong> 3-4 L\/ha.<\/li>\n<li><strong>Intervalle :<\/strong> 14-21 jours, en fonction de la culture et de la p\u00e9riode du cycle de d\u00e9veloppement.<\/li>\n<\/ul>\n<p><strong>En cas de stress :<\/strong> effectuez 2 \u00e0 4 applications \u00e0 partir du moment o\u00f9 les effets commencent \u00e0 \u00eatre visibles sur la plante et\/ou dans les 24 \u00e0 72 heures suivant la gr\u00eale, le gel, le stress thermique ou le vent.<br \/>\n<strong>R\u00e9cup\u00e9ration apr\u00e8s un stress extr\u00eame<\/strong> (salinit\u00e9, gel, s\u00e9cheresse, inondation, gr\u00eale, phytotoxicit\u00e9, etc.) : appliquez 4 ml\/L (0,4 %) ou 4 L\/ha et r\u00e9p\u00e9tez le traitement deux fois de plus \u00e0 des intervalles de 14 jours.<\/p>\n<h3>P\u00e9riode d&rsquo;application recommand\u00e9e<\/h3>\n<p>Utiliser au moment o\u00f9 les besoins de la culture sont les plus importants :  <strong>apr\u00e8s la transplantation<\/strong>,  <strong>d\u00e9but de la germination<\/strong>,  le <strong>d\u00e9veloppement des feuilles<\/strong>,  <strong>floraison<\/strong>, <strong>nouaison<\/strong>, <strong>engraissement<\/strong>, <strong>durcissement des noyaux<\/strong> et jusqu <strong>&lsquo;\u00e0 un mois avant la r\u00e9colte<\/strong>.<\/p>\n<h3>Remarques et compatibilit\u00e9s :<\/h3>\n<p>Ne pas traiter \u00e0 des temp\u00e9ratures sup\u00e9rieures \u00e0 <strong>30 \u00baC.<\/strong> Ne pas m\u00e9langer avec des produits <strong>\u00e0 base d&rsquo;\u00e9tain<\/strong>, des <strong>huiles min\u00e9rales<\/strong>. <\/p>\n","protected":false},"excerpt":{"rendered":"<p>Produit \u00e0 base d&rsquo;acides amin\u00e9s con\u00e7u pour soutenir\u2026<\/p>\n","protected":false},"featured_media":6401,"comment_status":"closed","ping_status":"closed","template":"","meta":{"_acf_changed":false,"_joinchat":[]},"certificacion":[425,433],"cultivo":[562,437,555,559,439,440,1419,565,1276,438,1120,1277,1420,1224,1123],"product_brand":[],"product_cat":[397],"product_tag":[],"class_list":{"0":"post-7600","1":"product","2":"type-product","3":"status-publish","4":"has-post-thumbnail","6":"certificacion-biologique","7":"certificacion-zero-residu","8":"cultivo-agrumes","9":"cultivo-arbres-fruitiers","10":"cultivo-arbres-fruitiers-a-noyaux","11":"cultivo-arbres-fruitiers-a-pepins","12":"cultivo-cereales","13":"cultivo-cultures-industrielles","14":"cultivo-fourrages-et-prairies","15":"cultivo-fruits-secs","16":"cultivo-graines-oleagineuses","17":"cultivo-horticulture","18":"cultivo-horticulture-fruitiere","19":"cultivo-legumineuses","20":"cultivo-plantes-ornementales-et-pepinieres","21":"cultivo-tropical-subtropical","22":"cultivo-vigne","23":"product_cat-engrais","25":"first","26":"instock","27":"shipping-taxable","28":"product-type-simple"},"acf":[],"yoast_head":"<!-- This site is optimized with the Yoast SEO plugin v27.1.1 - https:\/\/yoast.com\/product\/yoast-seo-wordpress\/ -->\n<title>PROVIC\u00ae AMINO %%stress with Free Amino Acids 16% - Agrolac% Agrolac% Agrolac% Agrolac Agrolac%<\/title>\n<meta name=\"description\" content=\"Biostimulant avec acides amin\u00e9s libres 16% (SL) pour application foliaire et fertigation. Soutien en cas de s\u00e9cheresse, salinit\u00e9, gel et phytotoxicit\u00e9.\" \/>\n<meta name=\"robots\" content=\"index, follow, max-snippet:-1, max-image-preview:large, max-video-preview:-1\" \/>\n<link rel=\"canonical\" href=\"https:\/\/www.agrolac.com\/fr\/producto\/provic-amino\/\" \/>\n<meta property=\"og:locale\" content=\"fr_FR\" \/>\n<meta property=\"og:type\" content=\"article\" \/>\n<meta property=\"og:title\" content=\"PROVIC\u00ae AMINO %%stress with Free Amino Acids 16% - Agrolac% Agrolac% Agrolac% Agrolac Agrolac%\" \/>\n<meta property=\"og:description\" content=\"Biostimulant avec acides amin\u00e9s libres 16% (SL) pour application foliaire et fertigation. Soutien en cas de s\u00e9cheresse, salinit\u00e9, gel et phytotoxicit\u00e9.\" \/>\n<meta property=\"og:url\" content=\"https:\/\/www.agrolac.com\/fr\/producto\/provic-amino\/\" \/>\n<meta property=\"og:site_name\" content=\"Agrolac\" \/>\n<meta property=\"article:modified_time\" content=\"2026-03-02T18:22:26+00:00\" \/>\n<meta property=\"og:image\" content=\"https:\/\/www.agrolac.com\/wp-content\/uploads\/2026\/01\/tomatera-invernadero.webp\" \/>\n\t<meta property=\"og:image:width\" content=\"1920\" \/>\n\t<meta property=\"og:image:height\" content=\"1062\" \/>\n\t<meta property=\"og:image:type\" content=\"image\/webp\" \/>\n<meta name=\"twitter:card\" content=\"summary_large_image\" \/>\n<meta name=\"twitter:label1\" content=\"Est. reading time\" \/>\n\t<meta name=\"twitter:data1\" content=\"3 minutes\" \/>\n<script type=\"application\/ld+json\" class=\"yoast-schema-graph\">{\"@context\":\"https:\/\/schema.org\",\"@graph\":[{\"@type\":\"WebPage\",\"@id\":\"https:\/\/www.agrolac.com\/fr\/producto\/provic-amino\/\",\"url\":\"https:\/\/www.agrolac.com\/fr\/producto\/provic-amino\/\",\"name\":\"PROVIC\u00ae AMINO %%stress with Free Amino Acids 16% - Agrolac% Agrolac% Agrolac% Agrolac Agrolac%\",\"isPartOf\":{\"@id\":\"https:\/\/www.agrolac.com\/fr\/#website\"},\"primaryImageOfPage\":{\"@id\":\"https:\/\/www.agrolac.com\/fr\/producto\/provic-amino\/#primaryimage\"},\"image\":{\"@id\":\"https:\/\/www.agrolac.com\/fr\/producto\/provic-amino\/#primaryimage\"},\"thumbnailUrl\":\"https:\/\/www.agrolac.com\/wp-content\/uploads\/2026\/01\/tomatera-invernadero.webp\",\"datePublished\":\"2026-01-08T21:36:43+00:00\",\"dateModified\":\"2026-03-02T18:22:26+00:00\",\"description\":\"Biostimulant avec acides amin\u00e9s libres 16% (SL) pour application foliaire et fertigation. Soutien en cas de s\u00e9cheresse, salinit\u00e9, gel et phytotoxicit\u00e9.\",\"breadcrumb\":{\"@id\":\"https:\/\/www.agrolac.com\/fr\/producto\/provic-amino\/#breadcrumb\"},\"inLanguage\":\"fr-FR\",\"potentialAction\":[{\"@type\":\"ReadAction\",\"target\":[\"https:\/\/www.agrolac.com\/fr\/producto\/provic-amino\/\"]}]},{\"@type\":\"ImageObject\",\"inLanguage\":\"fr-FR\",\"@id\":\"https:\/\/www.agrolac.com\/fr\/producto\/provic-amino\/#primaryimage\",\"url\":\"https:\/\/www.agrolac.com\/wp-content\/uploads\/2026\/01\/tomatera-invernadero.webp\",\"contentUrl\":\"https:\/\/www.agrolac.com\/wp-content\/uploads\/2026\/01\/tomatera-invernadero.webp\",\"width\":1920,\"height\":1062},{\"@type\":\"BreadcrumbList\",\"@id\":\"https:\/\/www.agrolac.com\/fr\/producto\/provic-amino\/#breadcrumb\",\"itemListElement\":[{\"@type\":\"ListItem\",\"position\":1,\"name\":\"Accueil\",\"item\":\"https:\/\/www.agrolac.com\/fr\/accueil\/\"},{\"@type\":\"ListItem\",\"position\":2,\"name\":\"Produits\",\"item\":\"https:\/\/www.agrolac.com\/fr\/produits\/\"},{\"@type\":\"ListItem\",\"position\":3,\"name\":\"Engrais\",\"item\":\"https:\/\/www.agrolac.com\/fr\/categoria-producto\/engrais\/\"},{\"@type\":\"ListItem\",\"position\":4,\"name\":\"PROVIC\u00ae AMINO\"}]},{\"@type\":\"WebSite\",\"@id\":\"https:\/\/www.agrolac.com\/fr\/#website\",\"url\":\"https:\/\/www.agrolac.com\/fr\/\",\"name\":\"VICORQUIMIA\",\"description\":\"Agrolac \u00e9s una empresa de Barcelona, fundada el 1982, especialitzada en distribuci\u00f3 de productes agroqu\u00edmics per a l&#039;agricultura europea.\",\"publisher\":{\"@id\":\"https:\/\/www.agrolac.com\/fr\/#organization\"},\"potentialAction\":[{\"@type\":\"SearchAction\",\"target\":{\"@type\":\"EntryPoint\",\"urlTemplate\":\"https:\/\/www.agrolac.com\/fr\/?s={search_term_string}\"},\"query-input\":{\"@type\":\"PropertyValueSpecification\",\"valueRequired\":true,\"valueName\":\"search_term_string\"}}],\"inLanguage\":\"fr-FR\"},{\"@type\":\"Organization\",\"@id\":\"https:\/\/www.agrolac.com\/fr\/#organization\",\"name\":\"VICORQUIMIA\",\"url\":\"https:\/\/www.agrolac.com\/fr\/\",\"logo\":{\"@type\":\"ImageObject\",\"inLanguage\":\"fr-FR\",\"@id\":\"https:\/\/www.agrolac.com\/fr\/#\/schema\/logo\/image\/\",\"url\":\"https:\/\/www.agrolac.com\/wp-content\/uploads\/2025\/10\/agrolac-logo.svg\",\"contentUrl\":\"https:\/\/www.agrolac.com\/wp-content\/uploads\/2025\/10\/agrolac-logo.svg\",\"caption\":\"VICORQUIMIA\"},\"image\":{\"@id\":\"https:\/\/www.agrolac.com\/fr\/#\/schema\/logo\/image\/\"},\"sameAs\":[\"https:\/\/www.linkedin.com\/company\/vicorquimia\/\"]}]}<\/script>\n<!-- \/ Yoast SEO plugin. -->","yoast_head_json":{"title":"PROVIC\u00ae AMINO %%stress with Free Amino Acids 16% - Agrolac% Agrolac% Agrolac% Agrolac Agrolac%","description":"Biostimulant avec acides amin\u00e9s libres 16% (SL) pour application foliaire et fertigation. Soutien en cas de s\u00e9cheresse, salinit\u00e9, gel et phytotoxicit\u00e9.","robots":{"index":"index","follow":"follow","max-snippet":"max-snippet:-1","max-image-preview":"max-image-preview:large","max-video-preview":"max-video-preview:-1"},"canonical":"https:\/\/www.agrolac.com\/fr\/producto\/provic-amino\/","og_locale":"fr_FR","og_type":"article","og_title":"PROVIC\u00ae AMINO %%stress with Free Amino Acids 16% - Agrolac% Agrolac% Agrolac% Agrolac Agrolac%","og_description":"Biostimulant avec acides amin\u00e9s libres 16% (SL) pour application foliaire et fertigation. Soutien en cas de s\u00e9cheresse, salinit\u00e9, gel et phytotoxicit\u00e9.","og_url":"https:\/\/www.agrolac.com\/fr\/producto\/provic-amino\/","og_site_name":"Agrolac","article_modified_time":"2026-03-02T18:22:26+00:00","og_image":[{"width":1920,"height":1062,"url":"https:\/\/www.agrolac.com\/wp-content\/uploads\/2026\/01\/tomatera-invernadero.webp","type":"image\/webp"}],"twitter_card":"summary_large_image","twitter_misc":{"Est. reading time":"3 minutes"},"schema":{"@context":"https:\/\/schema.org","@graph":[{"@type":"WebPage","@id":"https:\/\/www.agrolac.com\/fr\/producto\/provic-amino\/","url":"https:\/\/www.agrolac.com\/fr\/producto\/provic-amino\/","name":"PROVIC\u00ae AMINO %%stress with Free Amino Acids 16% - Agrolac% Agrolac% Agrolac% Agrolac Agrolac%","isPartOf":{"@id":"https:\/\/www.agrolac.com\/fr\/#website"},"primaryImageOfPage":{"@id":"https:\/\/www.agrolac.com\/fr\/producto\/provic-amino\/#primaryimage"},"image":{"@id":"https:\/\/www.agrolac.com\/fr\/producto\/provic-amino\/#primaryimage"},"thumbnailUrl":"https:\/\/www.agrolac.com\/wp-content\/uploads\/2026\/01\/tomatera-invernadero.webp","datePublished":"2026-01-08T21:36:43+00:00","dateModified":"2026-03-02T18:22:26+00:00","description":"Biostimulant avec acides amin\u00e9s libres 16% (SL) pour application foliaire et fertigation. Soutien en cas de s\u00e9cheresse, salinit\u00e9, gel et phytotoxicit\u00e9.","breadcrumb":{"@id":"https:\/\/www.agrolac.com\/fr\/producto\/provic-amino\/#breadcrumb"},"inLanguage":"fr-FR","potentialAction":[{"@type":"ReadAction","target":["https:\/\/www.agrolac.com\/fr\/producto\/provic-amino\/"]}]},{"@type":"ImageObject","inLanguage":"fr-FR","@id":"https:\/\/www.agrolac.com\/fr\/producto\/provic-amino\/#primaryimage","url":"https:\/\/www.agrolac.com\/wp-content\/uploads\/2026\/01\/tomatera-invernadero.webp","contentUrl":"https:\/\/www.agrolac.com\/wp-content\/uploads\/2026\/01\/tomatera-invernadero.webp","width":1920,"height":1062},{"@type":"BreadcrumbList","@id":"https:\/\/www.agrolac.com\/fr\/producto\/provic-amino\/#breadcrumb","itemListElement":[{"@type":"ListItem","position":1,"name":"Accueil","item":"https:\/\/www.agrolac.com\/fr\/accueil\/"},{"@type":"ListItem","position":2,"name":"Produits","item":"https:\/\/www.agrolac.com\/fr\/produits\/"},{"@type":"ListItem","position":3,"name":"Engrais","item":"https:\/\/www.agrolac.com\/fr\/categoria-producto\/engrais\/"},{"@type":"ListItem","position":4,"name":"PROVIC\u00ae AMINO"}]},{"@type":"WebSite","@id":"https:\/\/www.agrolac.com\/fr\/#website","url":"https:\/\/www.agrolac.com\/fr\/","name":"VICORQUIMIA","description":"Agrolac \u00e9s una empresa de Barcelona, fundada el 1982, especialitzada en distribuci\u00f3 de productes agroqu\u00edmics per a l&#039;agricultura europea.","publisher":{"@id":"https:\/\/www.agrolac.com\/fr\/#organization"},"potentialAction":[{"@type":"SearchAction","target":{"@type":"EntryPoint","urlTemplate":"https:\/\/www.agrolac.com\/fr\/?s={search_term_string}"},"query-input":{"@type":"PropertyValueSpecification","valueRequired":true,"valueName":"search_term_string"}}],"inLanguage":"fr-FR"},{"@type":"Organization","@id":"https:\/\/www.agrolac.com\/fr\/#organization","name":"VICORQUIMIA","url":"https:\/\/www.agrolac.com\/fr\/","logo":{"@type":"ImageObject","inLanguage":"fr-FR","@id":"https:\/\/www.agrolac.com\/fr\/#\/schema\/logo\/image\/","url":"https:\/\/www.agrolac.com\/wp-content\/uploads\/2025\/10\/agrolac-logo.svg","contentUrl":"https:\/\/www.agrolac.com\/wp-content\/uploads\/2025\/10\/agrolac-logo.svg","caption":"VICORQUIMIA"},"image":{"@id":"https:\/\/www.agrolac.com\/fr\/#\/schema\/logo\/image\/"},"sameAs":["https:\/\/www.linkedin.com\/company\/vicorquimia\/"]}]}},"_links":{"self":[{"href":"https:\/\/www.agrolac.com\/fr\/wp-json\/wp\/v2\/product\/7600","targetHints":{"allow":["GET"]}}],"collection":[{"href":"https:\/\/www.agrolac.com\/fr\/wp-json\/wp\/v2\/product"}],"about":[{"href":"https:\/\/www.agrolac.com\/fr\/wp-json\/wp\/v2\/types\/product"}],"replies":[{"embeddable":true,"href":"https:\/\/www.agrolac.com\/fr\/wp-json\/wp\/v2\/comments?post=7600"}],"wp:featuredmedia":[{"embeddable":true,"href":"https:\/\/www.agrolac.com\/fr\/wp-json\/wp\/v2\/media\/6401"}],"wp:attachment":[{"href":"https:\/\/www.agrolac.com\/fr\/wp-json\/wp\/v2\/media?parent=7600"}],"wp:term":[{"taxonomy":"certificacion","embeddable":true,"href":"https:\/\/www.agrolac.com\/fr\/wp-json\/wp\/v2\/certificacion?post=7600"},{"taxonomy":"cultivo","embeddable":true,"href":"https:\/\/www.agrolac.com\/fr\/wp-json\/wp\/v2\/cultivo?post=7600"},{"taxonomy":"product_brand","embeddable":true,"href":"https:\/\/www.agrolac.com\/fr\/wp-json\/wp\/v2\/product_brand?post=7600"},{"taxonomy":"product_cat","embeddable":true,"href":"https:\/\/www.agrolac.com\/fr\/wp-json\/wp\/v2\/product_cat?post=7600"},{"taxonomy":"product_tag","embeddable":true,"href":"https:\/\/www.agrolac.com\/fr\/wp-json\/wp\/v2\/product_tag?post=7600"}],"curies":[{"name":"wp","href":"https:\/\/api.w.org\/{rel}","templated":true}]}}