{"id":7507,"date":"2026-01-04T16:38:25","date_gmt":"2026-01-04T15:38:25","guid":{"rendered":"https:\/\/www.agrolac.com\/assistance-technique-et-essais\/"},"modified":"2026-03-01T11:55:07","modified_gmt":"2026-03-01T10:55:07","slug":"assistance-technique-et-essais","status":"publish","type":"page","link":"https:\/\/www.agrolac.com\/fr\/assistance-technique-et-essais\/","title":{"rendered":"Assistance technique et essais"},"content":{"rendered":"\t\t<div data-elementor-type=\"wp-page\" data-elementor-id=\"7507\" class=\"elementor elementor-7507 elementor-5409\" data-elementor-post-type=\"page\">\n\t\t\t\t<div class=\"elementor-element elementor-element-5eb9d5f e-flex e-con-boxed e-con e-parent\" data-id=\"5eb9d5f\" data-element_type=\"container\" data-e-type=\"container\">\n\t\t\t\t\t<div class=\"e-con-inner\">\n\t\t<div class=\"elementor-element elementor-element-31fddbc e-con-full e-flex e-con e-child\" data-id=\"31fddbc\" data-element_type=\"container\" data-e-type=\"container\">\n\t\t\t\t<div class=\"elementor-element elementor-element-77f0610 elementor-widget elementor-widget-heading\" data-id=\"77f0610\" data-element_type=\"widget\" data-e-type=\"widget\" data-widget_type=\"heading.default\">\n\t\t\t\t\t<h3 class=\"elementor-heading-title elementor-size-default\">Des d\u00e9cisions agronomiques fond\u00e9es sur des donn\u00e9es<\/h3>\t\t\t\t<\/div>\n\t\t\t\t<\/div>\n\t\t\t\t\t<\/div>\n\t\t\t\t<\/div>\n\t\t<div class=\"elementor-element elementor-element-969da1d e-flex e-con-boxed e-con e-parent\" data-id=\"969da1d\" data-element_type=\"container\" data-e-type=\"container\">\n\t\t\t\t\t<div class=\"e-con-inner\">\n\t\t\t\t<div class=\"elementor-element elementor-element-d3cf1bc elementor-widget elementor-widget-text-editor\" data-id=\"d3cf1bc\" data-element_type=\"widget\" data-e-type=\"widget\" data-widget_type=\"text-editor.default\">\n\t\t\t\t\t\t\t\t\t<p class=\"p1\">Chez <strong>Agrolac<\/strong>, nous ne recommandons pas par intuition : chaque solution est valid\u00e9e et affin\u00e9e par des tests et un suivi technique pour vous aider \u00e0 obtenir des r\u00e9sultats coh\u00e9rents et mesurables.<\/p>\t\t\t\t\t\t\t\t<\/div>\n\t\t\t\t\t<\/div>\n\t\t\t\t<\/div>\n\t\t<div class=\"elementor-element elementor-element-b833a13 e-flex e-con-boxed e-con e-parent\" data-id=\"b833a13\" data-element_type=\"container\" data-e-type=\"container\">\n\t\t\t\t\t<div class=\"e-con-inner\">\n\t\t<div class=\"elementor-element elementor-element-42c6c39 e-grid e-con-full e-con e-child\" data-id=\"42c6c39\" data-element_type=\"container\" data-e-type=\"container\">\n\t\t<div class=\"elementor-element elementor-element-17bb5e5 e-con-full e-flex e-con e-child\" data-id=\"17bb5e5\" data-element_type=\"container\" data-e-type=\"container\">\n\t\t\t\t<div class=\"elementor-element elementor-element-6e4571d elementor-widget elementor-widget-image\" data-id=\"6e4571d\" data-element_type=\"widget\" data-e-type=\"widget\" data-widget_type=\"image.default\">\n\t\t\t\t\t\t\t\t\t\t\t\t\t\t\t<img fetchpriority=\"high\" decoding=\"async\" width=\"660\" height=\"540\" src=\"https:\/\/www.agrolac.com\/wp-content\/uploads\/2025\/12\/pages.jpg\" class=\"attachment-large size-large wp-image-5081\" alt=\"\" srcset=\"https:\/\/www.agrolac.com\/wp-content\/uploads\/2025\/12\/pages.jpg 660w, https:\/\/www.agrolac.com\/wp-content\/uploads\/2025\/12\/pages-300x245.jpg 300w, https:\/\/www.agrolac.com\/wp-content\/uploads\/2025\/12\/pages-600x491.jpg 600w\" sizes=\"(max-width: 660px) 100vw, 660px\" \/>\t\t\t\t\t\t\t\t\t\t\t\t\t\t\t<\/div>\n\t\t\t\t<\/div>\n\t\t\t\t<div class=\"elementor-element elementor-element-de16c9b elementor-widget elementor-widget-text-editor\" data-id=\"de16c9b\" data-element_type=\"widget\" data-e-type=\"widget\" data-widget_type=\"text-editor.default\">\n\t\t\t\t\t\t\t\t\t<h4><b>Comment nous validons<\/b><\/h4><p class=\"p1\">Nous travaillons avec <span class=\"s1\"><b>des essais en plein champ et en serre<\/b><\/span>con\u00e7us pour mesurer les r\u00e9sultats dans des conditions r\u00e9elles et garantir que <span class=\"s1\"><b>les produits et les directives d&rsquo;application que nous recommandons sont \u00e9tay\u00e9s par des preuves.<\/b><\/span> sont \u00e9tay\u00e9s par des preuves. Pour ce faire, nous combinons : <\/p><ul><li><p class=\"p1\"><span class=\"s1\"><b>Validation dans des centres d&rsquo;essais et des laboratoires sp\u00e9cialis\u00e9s<\/b><\/span>avec des protocoles d&rsquo;\u00e9valuation adapt\u00e9s \u00e0 chaque culture et \u00e0 chaque objectif.<\/p><\/li><li><p class=\"p1\"><span class=\"s1\"><b>Collaboration avec des universit\u00e9s et des \u00e9quipes scientifiques<\/b><\/span> sur des projets sp\u00e9cifiques, afin de tester des hypoth\u00e8ses, d&rsquo;am\u00e9liorer les formulations et d&rsquo;affiner les doses et le moment de l&rsquo;application.<\/p><\/li><li><p class=\"p1\"><span class=\"s1\"><b>Comparaisons avec des t\u00e9moins et des r\u00e9f\u00e9rences<\/b><\/span>enregistrement des principales variables agronomiques (selon le cas : vigueur, enracinement, nouaison, sant\u00e9, rendement et qualit\u00e9).<\/p><\/li><li><p class=\"p1\"><span class=\"s1\"><b>Examen technique et ajustement des lignes directrices<\/b><\/span>l&rsquo;int\u00e9gration des r\u00e9sultats dans le contexte de gestion r\u00e9el (sol, climat, vari\u00e9t\u00e9 et strat\u00e9gie de l&rsquo;agriculteur).<\/p><\/li><\/ul>\t\t\t\t\t\t\t\t<\/div>\n\t\t\t\t<\/div>\n\t\t\t\t\t<\/div>\n\t\t\t\t<\/div>\n\t\t<div class=\"elementor-element elementor-element-45af55a e-flex e-con-boxed e-con e-parent\" data-id=\"45af55a\" data-element_type=\"container\" data-e-type=\"container\">\n\t\t\t\t\t<div class=\"e-con-inner\">\n\t\t\t\t<div class=\"elementor-element elementor-element-fdcdad8 elementor-headline--style-highlight elementor-widget elementor-widget-animated-headline\" data-id=\"fdcdad8\" data-element_type=\"widget\" data-e-type=\"widget\" data-settings=\"{&quot;marker&quot;:&quot;underline_zigzag&quot;,&quot;highlighted_text&quot;:&quot;des recommandations claires,  &quot;,&quot;headline_style&quot;:&quot;highlight&quot;,&quot;loop&quot;:&quot;yes&quot;,&quot;highlight_animation_duration&quot;:1200,&quot;highlight_iteration_delay&quot;:8000}\" data-widget_type=\"animated-headline.default\">\n\t\t\t\t\t\t\t<h4 class=\"elementor-headline\">\n\t\t\t\t\t<span class=\"elementor-headline-plain-text elementor-headline-text-wrapper\">\"L'objectif n'est pas d'accumuler des donn\u00e9es : il s'agit de transformer cette validation en un processus d'apprentissage.  <\/span>\n\t\t\t\t<span class=\"elementor-headline-dynamic-wrapper elementor-headline-text-wrapper\">\n\t\t\t\t\t<span class=\"elementor-headline-dynamic-text elementor-headline-text-active\">des recommandations claires,  <\/span>\n\t\t\t\t<\/span>\n\t\t\t\t\t<span class=\"elementor-headline-plain-text elementor-headline-text-wrapper\">applicables et reproductibles\".<\/span>\n\t\t\t\t\t<\/h4>\n\t\t\t\t\t\t<\/div>\n\t\t<div class=\"elementor-element elementor-element-78fb924 e-con-full e-flex e-con e-child\" data-id=\"78fb924\" data-element_type=\"container\" data-e-type=\"container\">\n\t\t\t\t<div class=\"elementor-element elementor-element-f2bb6aa elementor-widget elementor-widget-text-editor\" data-id=\"f2bb6aa\" data-element_type=\"widget\" data-e-type=\"widget\" data-widget_type=\"text-editor.default\">\n\t\t\t\t\t\t\t\t\t<h4><b>Ce que nous fournissons au client<\/b><\/h4><p class=\"p3\">Notre soutien est con\u00e7u pour vous permettre <span class=\"s2\"><b>d&rsquo;appliquer, de mesurer et d&rsquo;optimiser<\/b><\/span>:<\/p><ul><li><p class=\"p1\"><span class=\"s1\"><b>Recommandation technique<\/b><\/span> par culture et par stade ph\u00e9nologique.<\/p><\/li><li><p class=\"p1\"><span class=\"s1\"><b>Mode d&rsquo;application<\/b><\/span> (dosage, moment, nombre de passages, m\u00e9lange\/compatibilit\u00e9 le cas \u00e9ch\u00e9ant).<\/p><\/li><li><p class=\"p1\"><span class=\"s1\"><b>Plan de surveillance<\/b><\/span>Ce qu&rsquo;il faut observer, quand et comment \u00e9valuer la r\u00e9ponse.<\/p><\/li><li><p class=\"p1\"><span class=\"s1\"><b>Ajustements de la campagne<\/b><\/span>Nous affinons la strat\u00e9gie en fonction du climat, du sol et de la gestion.<\/p><\/li><li><p class=\"p1\"><span class=\"s1\"><b>Documentation compl\u00e9mentaire<\/b><\/span>Les documents de r\u00e9f\u00e9rence sont : la fiche technique, la fiche de s\u00e9curit\u00e9 et le guide de l&rsquo;utilisateur (selon le produit\/pays).<\/p><\/li><\/ul><h4> <\/h4><h4><b>Comment nous travaillons avec vous<\/b><\/h4><ol start=\"1\"><li><p class=\"p1\"><span class=\"s1\"><b>Diagnostic initial<\/b><\/span> (culture, cible, ant\u00e9c\u00e9dents, conditions).<\/p><\/li><li><p class=\"p1\"><span class=\"s1\"><b>Proposition de programme<\/b><\/span> (produit + ligne directrice + crit\u00e8res de r\u00e9ussite).<\/p><\/li><li><p class=\"p1\"><span class=\"s1\"><b>Accompagnement<\/b><\/span> (visites\/appels\/WhatsApp, selon les besoins).<\/p><\/li><li><p class=\"p1\"><span class=\"s1\"><b>Cl\u00f4ture par des conclusions (ce qui a fonctionn\u00e9, ce qu&rsquo;il faut am\u00e9liorer et les prochaines \u00e9tapes).<\/b><\/span> (ce qui a fonctionn\u00e9, ce qu&rsquo;il faut am\u00e9liorer et les prochaines \u00e9tapes).<\/p><\/li><\/ol><h4> <\/h4><h4><b>Important<\/b><\/h4><p class=\"p3\">Les r\u00e9sultats peuvent varier en fonction <span class=\"s2\"><b>du climat, du sol, de la vari\u00e9t\u00e9, de la pression des parasites ou des maladies et de la gestion agronomique.<\/b><\/span>. Par cons\u00e9quent, notre approche donne la priorit\u00e9 \u00e0 l&rsquo;adaptation locale. <span class=\"s2\"><b>l&rsquo;adaptation locale<\/b><\/span> et le suivi technique pour maximiser la coh\u00e9rence. <\/p>\t\t\t\t\t\t\t\t<\/div>\n\t\t\t\t<\/div>\n\t\t\t\t\t<\/div>\n\t\t\t\t<\/div>\n\t\t\t\t<\/div>\n\t\t","protected":false},"excerpt":{"rendered":"<p>Des d\u00e9cisions agronomiques fond\u00e9es sur des donn\u00e9es Chez Agrolac, nous ne recommandons pas par intuition : chaque solution est valid\u00e9e et affin\u00e9e par des tests et un suivi technique pour vous aider \u00e0 obtenir des r\u00e9sultats coh\u00e9rents et mesurables. Comment nous validons Nous travaillons avec des essais en plein champ et en serrecon\u00e7us pour mesurer [&hellip;]<\/p>\n","protected":false},"author":2,"featured_media":5105,"parent":0,"menu_order":0,"comment_status":"closed","ping_status":"closed","template":"","meta":{"_acf_changed":false,"_joinchat":[],"footnotes":""},"class_list":["post-7507","page","type-page","status-publish","has-post-thumbnail","hentry"],"acf":[],"yoast_head":"<!-- This site is optimized with the Yoast SEO plugin v27.1.1 - https:\/\/yoast.com\/product\/yoast-seo-wordpress\/ -->\n<title>Assistance technique et essais - Agrolac<\/title>\n<meta name=\"description\" content=\"Nous recherchons et d\u00e9veloppons des solutions biologiques haut de gamme pour une agriculture plus propre, plus s\u00fbre et sans r\u00e9sidus. AG LifeSolutions project.agronomic technical support based on field and greenhouse trials. Recommandations, directives d&#039;application et suivi pour optimiser les r\u00e9sultats par culture.\" \/>\n<meta name=\"robots\" content=\"index, follow, max-snippet:-1, max-image-preview:large, max-video-preview:-1\" \/>\n<link rel=\"canonical\" href=\"https:\/\/www.agrolac.com\/fr\/assistance-technique-et-essais\/\" \/>\n<meta property=\"og:locale\" content=\"fr_FR\" \/>\n<meta property=\"og:type\" content=\"article\" \/>\n<meta property=\"og:title\" content=\"Assistance technique et essais - Agrolac\" \/>\n<meta property=\"og:description\" content=\"Nous recherchons et d\u00e9veloppons des solutions biologiques haut de gamme pour une agriculture plus propre, plus s\u00fbre et sans r\u00e9sidus. AG LifeSolutions project.agronomic technical support based on field and greenhouse trials. Recommandations, directives d&#039;application et suivi pour optimiser les r\u00e9sultats par culture.\" \/>\n<meta property=\"og:url\" content=\"https:\/\/www.agrolac.com\/fr\/assistance-technique-et-essais\/\" \/>\n<meta property=\"og:site_name\" content=\"Agrolac\" \/>\n<meta property=\"article:modified_time\" content=\"2026-03-01T10:55:07+00:00\" \/>\n<meta property=\"og:image\" content=\"https:\/\/www.agrolac.com\/wp-content\/uploads\/2025\/12\/background2.3-1.jpg\" \/>\n\t<meta property=\"og:image:width\" content=\"1667\" \/>\n\t<meta property=\"og:image:height\" content=\"572\" \/>\n\t<meta property=\"og:image:type\" content=\"image\/jpeg\" \/>\n<meta name=\"twitter:card\" content=\"summary_large_image\" \/>\n<meta name=\"twitter:label1\" content=\"Est. reading time\" \/>\n\t<meta name=\"twitter:data1\" content=\"2 minutes\" \/>\n<script type=\"application\/ld+json\" class=\"yoast-schema-graph\">{\"@context\":\"https:\/\/schema.org\",\"@graph\":[{\"@type\":\"WebPage\",\"@id\":\"https:\/\/www.agrolac.com\/fr\/assistance-technique-et-essais\/\",\"url\":\"https:\/\/www.agrolac.com\/fr\/assistance-technique-et-essais\/\",\"name\":\"Assistance technique et essais - Agrolac\",\"isPartOf\":{\"@id\":\"https:\/\/www.agrolac.com\/fr\/#website\"},\"primaryImageOfPage\":{\"@id\":\"https:\/\/www.agrolac.com\/fr\/assistance-technique-et-essais\/#primaryimage\"},\"image\":{\"@id\":\"https:\/\/www.agrolac.com\/fr\/assistance-technique-et-essais\/#primaryimage\"},\"thumbnailUrl\":\"https:\/\/www.agrolac.com\/wp-content\/uploads\/2025\/12\/background2.3-1.jpg\",\"datePublished\":\"2026-01-04T15:38:25+00:00\",\"dateModified\":\"2026-03-01T10:55:07+00:00\",\"description\":\"Nous recherchons et d\u00e9veloppons des solutions biologiques haut de gamme pour une agriculture plus propre, plus s\u00fbre et sans r\u00e9sidus. AG LifeSolutions project.agronomic technical support based on field and greenhouse trials. Recommandations, directives d'application et suivi pour optimiser les r\u00e9sultats par culture.\",\"breadcrumb\":{\"@id\":\"https:\/\/www.agrolac.com\/fr\/assistance-technique-et-essais\/#breadcrumb\"},\"inLanguage\":\"fr-FR\",\"potentialAction\":[{\"@type\":\"ReadAction\",\"target\":[\"https:\/\/www.agrolac.com\/fr\/assistance-technique-et-essais\/\"]}]},{\"@type\":\"ImageObject\",\"inLanguage\":\"fr-FR\",\"@id\":\"https:\/\/www.agrolac.com\/fr\/assistance-technique-et-essais\/#primaryimage\",\"url\":\"https:\/\/www.agrolac.com\/wp-content\/uploads\/2025\/12\/background2.3-1.jpg\",\"contentUrl\":\"https:\/\/www.agrolac.com\/wp-content\/uploads\/2025\/12\/background2.3-1.jpg\",\"width\":1667,\"height\":572},{\"@type\":\"BreadcrumbList\",\"@id\":\"https:\/\/www.agrolac.com\/fr\/assistance-technique-et-essais\/#breadcrumb\",\"itemListElement\":[{\"@type\":\"ListItem\",\"position\":1,\"name\":\"Accueil\",\"item\":\"https:\/\/www.agrolac.com\/fr\/accueil\/\"},{\"@type\":\"ListItem\",\"position\":2,\"name\":\"Assistance technique et essais\"}]},{\"@type\":\"WebSite\",\"@id\":\"https:\/\/www.agrolac.com\/fr\/#website\",\"url\":\"https:\/\/www.agrolac.com\/fr\/\",\"name\":\"VICORQUIMIA\",\"description\":\"Agrolac \u00e9s una empresa de Barcelona, fundada el 1982, especialitzada en distribuci\u00f3 de productes agroqu\u00edmics per a l&#039;agricultura europea.\",\"publisher\":{\"@id\":\"https:\/\/www.agrolac.com\/fr\/#organization\"},\"potentialAction\":[{\"@type\":\"SearchAction\",\"target\":{\"@type\":\"EntryPoint\",\"urlTemplate\":\"https:\/\/www.agrolac.com\/fr\/?s={search_term_string}\"},\"query-input\":{\"@type\":\"PropertyValueSpecification\",\"valueRequired\":true,\"valueName\":\"search_term_string\"}}],\"inLanguage\":\"fr-FR\"},{\"@type\":\"Organization\",\"@id\":\"https:\/\/www.agrolac.com\/fr\/#organization\",\"name\":\"VICORQUIMIA\",\"url\":\"https:\/\/www.agrolac.com\/fr\/\",\"logo\":{\"@type\":\"ImageObject\",\"inLanguage\":\"fr-FR\",\"@id\":\"https:\/\/www.agrolac.com\/fr\/#\/schema\/logo\/image\/\",\"url\":\"https:\/\/www.agrolac.com\/wp-content\/uploads\/2025\/10\/agrolac-logo.svg\",\"contentUrl\":\"https:\/\/www.agrolac.com\/wp-content\/uploads\/2025\/10\/agrolac-logo.svg\",\"caption\":\"VICORQUIMIA\"},\"image\":{\"@id\":\"https:\/\/www.agrolac.com\/fr\/#\/schema\/logo\/image\/\"},\"sameAs\":[\"https:\/\/www.linkedin.com\/company\/vicorquimia\/\"]}]}<\/script>\n<!-- \/ Yoast SEO plugin. -->","yoast_head_json":{"title":"Assistance technique et essais - Agrolac","description":"Nous recherchons et d\u00e9veloppons des solutions biologiques haut de gamme pour une agriculture plus propre, plus s\u00fbre et sans r\u00e9sidus. AG LifeSolutions project.agronomic technical support based on field and greenhouse trials. Recommandations, directives d'application et suivi pour optimiser les r\u00e9sultats par culture.","robots":{"index":"index","follow":"follow","max-snippet":"max-snippet:-1","max-image-preview":"max-image-preview:large","max-video-preview":"max-video-preview:-1"},"canonical":"https:\/\/www.agrolac.com\/fr\/assistance-technique-et-essais\/","og_locale":"fr_FR","og_type":"article","og_title":"Assistance technique et essais - Agrolac","og_description":"Nous recherchons et d\u00e9veloppons des solutions biologiques haut de gamme pour une agriculture plus propre, plus s\u00fbre et sans r\u00e9sidus. AG LifeSolutions project.agronomic technical support based on field and greenhouse trials. Recommandations, directives d'application et suivi pour optimiser les r\u00e9sultats par culture.","og_url":"https:\/\/www.agrolac.com\/fr\/assistance-technique-et-essais\/","og_site_name":"Agrolac","article_modified_time":"2026-03-01T10:55:07+00:00","og_image":[{"width":1667,"height":572,"url":"https:\/\/www.agrolac.com\/wp-content\/uploads\/2025\/12\/background2.3-1.jpg","type":"image\/jpeg"}],"twitter_card":"summary_large_image","twitter_misc":{"Est. reading time":"2 minutes"},"schema":{"@context":"https:\/\/schema.org","@graph":[{"@type":"WebPage","@id":"https:\/\/www.agrolac.com\/fr\/assistance-technique-et-essais\/","url":"https:\/\/www.agrolac.com\/fr\/assistance-technique-et-essais\/","name":"Assistance technique et essais - Agrolac","isPartOf":{"@id":"https:\/\/www.agrolac.com\/fr\/#website"},"primaryImageOfPage":{"@id":"https:\/\/www.agrolac.com\/fr\/assistance-technique-et-essais\/#primaryimage"},"image":{"@id":"https:\/\/www.agrolac.com\/fr\/assistance-technique-et-essais\/#primaryimage"},"thumbnailUrl":"https:\/\/www.agrolac.com\/wp-content\/uploads\/2025\/12\/background2.3-1.jpg","datePublished":"2026-01-04T15:38:25+00:00","dateModified":"2026-03-01T10:55:07+00:00","description":"Nous recherchons et d\u00e9veloppons des solutions biologiques haut de gamme pour une agriculture plus propre, plus s\u00fbre et sans r\u00e9sidus. AG LifeSolutions project.agronomic technical support based on field and greenhouse trials. Recommandations, directives d'application et suivi pour optimiser les r\u00e9sultats par culture.","breadcrumb":{"@id":"https:\/\/www.agrolac.com\/fr\/assistance-technique-et-essais\/#breadcrumb"},"inLanguage":"fr-FR","potentialAction":[{"@type":"ReadAction","target":["https:\/\/www.agrolac.com\/fr\/assistance-technique-et-essais\/"]}]},{"@type":"ImageObject","inLanguage":"fr-FR","@id":"https:\/\/www.agrolac.com\/fr\/assistance-technique-et-essais\/#primaryimage","url":"https:\/\/www.agrolac.com\/wp-content\/uploads\/2025\/12\/background2.3-1.jpg","contentUrl":"https:\/\/www.agrolac.com\/wp-content\/uploads\/2025\/12\/background2.3-1.jpg","width":1667,"height":572},{"@type":"BreadcrumbList","@id":"https:\/\/www.agrolac.com\/fr\/assistance-technique-et-essais\/#breadcrumb","itemListElement":[{"@type":"ListItem","position":1,"name":"Accueil","item":"https:\/\/www.agrolac.com\/fr\/accueil\/"},{"@type":"ListItem","position":2,"name":"Assistance technique et essais"}]},{"@type":"WebSite","@id":"https:\/\/www.agrolac.com\/fr\/#website","url":"https:\/\/www.agrolac.com\/fr\/","name":"VICORQUIMIA","description":"Agrolac \u00e9s una empresa de Barcelona, fundada el 1982, especialitzada en distribuci\u00f3 de productes agroqu\u00edmics per a l&#039;agricultura europea.","publisher":{"@id":"https:\/\/www.agrolac.com\/fr\/#organization"},"potentialAction":[{"@type":"SearchAction","target":{"@type":"EntryPoint","urlTemplate":"https:\/\/www.agrolac.com\/fr\/?s={search_term_string}"},"query-input":{"@type":"PropertyValueSpecification","valueRequired":true,"valueName":"search_term_string"}}],"inLanguage":"fr-FR"},{"@type":"Organization","@id":"https:\/\/www.agrolac.com\/fr\/#organization","name":"VICORQUIMIA","url":"https:\/\/www.agrolac.com\/fr\/","logo":{"@type":"ImageObject","inLanguage":"fr-FR","@id":"https:\/\/www.agrolac.com\/fr\/#\/schema\/logo\/image\/","url":"https:\/\/www.agrolac.com\/wp-content\/uploads\/2025\/10\/agrolac-logo.svg","contentUrl":"https:\/\/www.agrolac.com\/wp-content\/uploads\/2025\/10\/agrolac-logo.svg","caption":"VICORQUIMIA"},"image":{"@id":"https:\/\/www.agrolac.com\/fr\/#\/schema\/logo\/image\/"},"sameAs":["https:\/\/www.linkedin.com\/company\/vicorquimia\/"]}]}},"_links":{"self":[{"href":"https:\/\/www.agrolac.com\/fr\/wp-json\/wp\/v2\/pages\/7507","targetHints":{"allow":["GET"]}}],"collection":[{"href":"https:\/\/www.agrolac.com\/fr\/wp-json\/wp\/v2\/pages"}],"about":[{"href":"https:\/\/www.agrolac.com\/fr\/wp-json\/wp\/v2\/types\/page"}],"author":[{"embeddable":true,"href":"https:\/\/www.agrolac.com\/fr\/wp-json\/wp\/v2\/users\/2"}],"replies":[{"embeddable":true,"href":"https:\/\/www.agrolac.com\/fr\/wp-json\/wp\/v2\/comments?post=7507"}],"version-history":[{"count":0,"href":"https:\/\/www.agrolac.com\/fr\/wp-json\/wp\/v2\/pages\/7507\/revisions"}],"wp:featuredmedia":[{"embeddable":true,"href":"https:\/\/www.agrolac.com\/fr\/wp-json\/wp\/v2\/media\/5105"}],"wp:attachment":[{"href":"https:\/\/www.agrolac.com\/fr\/wp-json\/wp\/v2\/media?parent=7507"}],"curies":[{"name":"wp","href":"https:\/\/api.w.org\/{rel}","templated":true}]}}