{"id":2099,"date":"2023-04-27T17:11:17","date_gmt":"2023-04-27T15:11:17","guid":{"rendered":"https:\/\/www.agrolac.com\/politique-en-matiere-de-cookies\/"},"modified":"2025-08-22T13:44:58","modified_gmt":"2025-08-22T11:44:58","slug":"politique-en-matiere-de-cookies","status":"publish","type":"page","link":"https:\/\/www.agrolac.com\/fr\/politique-en-matiere-de-cookies\/","title":{"rendered":"Politique en mati\u00e8re de cookies"},"content":{"rendered":"\t\t<div data-elementor-type=\"wp-page\" data-elementor-id=\"2099\" class=\"elementor elementor-2099 elementor-300\" data-elementor-post-type=\"page\">\n\t\t\t\t<div class=\"elementor-element elementor-element-4b501604 e-flex e-con-boxed e-con e-parent\" data-id=\"4b501604\" data-element_type=\"container\" data-e-type=\"container\">\n\t\t\t\t\t<div class=\"e-con-inner\">\n\t\t\t\t<div class=\"elementor-element elementor-element-9219075 elementor-widget elementor-widget-text-editor\" data-id=\"9219075\" data-element_type=\"widget\" data-e-type=\"widget\" data-widget_type=\"text-editor.default\">\n\t\t\t\t\t\t\t\t\t<p><strong>POLITIQUE EN MATI\u00c8RE DE COOKIES<\/strong><\/p><p>Conform\u00e9ment aux dispositions de l&rsquo;article 22.2 de la loi 34\/2002, du 11 juillet, sur les services de la soci\u00e9t\u00e9 de l&rsquo;information et le commerce \u00e9lectronique (LSSI-CE) en vigueur, <strong>VICORQUIMIA SA<\/strong> doit respecter l&rsquo;obligation d&rsquo;informer sur les cookies qu&rsquo;elle utilise et leurs finalit\u00e9s.<\/p><p>Ce site web utilise des cookies et\/ou des technologies similaires qui stockent et r\u00e9cup\u00e8rent des informations lorsque vous naviguez. Les cookies permettent \u00e0 un site web, entre autres, de stocker et de r\u00e9cup\u00e9rer des informations sur les habitudes de navigation d&rsquo;un utilisateur ou sur son \u00e9quipement et, en fonction des informations qu&rsquo;ils contiennent et de la mani\u00e8re dont il utilise son \u00e9quipement, ils peuvent \u00eatre utilis\u00e9s pour reconna\u00eetre l&rsquo;utilisateur. <\/p><p>Les cookies sont essentiels au fonctionnement de l&rsquo;Internet, offrant d&rsquo;innombrables avantages dans la fourniture de services interactifs, facilitant la navigation et l&rsquo;utilisation de notre site web par l&rsquo;utilisateur.<\/p><p>L&rsquo;utilisateur peut modifier la configuration personnalis\u00e9e <strong><a href=\"#\" data-cky-tag=\"revisit-consent\">ICI<\/a><\/strong>.<\/p><p>Les informations fournies ci-dessous vous aideront \u00e0 comprendre les diff\u00e9rents types de cookies :<\/p><ul><li><strong>TYPES DE COOKIES  <\/strong><ul><li><strong>EN FONCTION DE L&rsquo;ENTIT\u00c9 QUI LES G\u00c8RE  <\/strong><\/li><\/ul><\/li><\/ul><p style=\"padding-left: 120px;\"><strong>PROPRES COOKIES :<\/strong> Ce sont ceux qui sont envoy\u00e9s \u00e0 l&rsquo;\u00e9quipement terminal de l&rsquo;utilisateur \u00e0 partir d&rsquo;un ordinateur ou d&rsquo;un domaine g\u00e9r\u00e9 par l&rsquo;\u00e9diteur lui-m\u00eame et \u00e0 partir duquel le service demand\u00e9 par l&rsquo;utilisateur est fourni.<\/p><p style=\"padding-left: 120px;\"><strong>THIRD PARTY COOKIES :<\/strong> Ce sont ceux qui sont envoy\u00e9s \u00e0 l&rsquo;\u00e9quipement terminal de l&rsquo;utilisateur \u00e0 partir d&rsquo;un ordinateur ou d&rsquo;un domaine qui n&rsquo;est pas g\u00e9r\u00e9 par l&rsquo;\u00e9diteur, mais par une autre entit\u00e9 qui traite les donn\u00e9es obtenues par le biais des cookies.<\/p><ul><li style=\"list-style-type: none;\"><ul><li><strong>EN FONCTION DE LA DUR\u00c9E DE LEUR ACTIVIT\u00c9<\/strong><\/li><\/ul><\/li><\/ul><p style=\"padding-left: 120px;\"><strong>COOKIES DE SESSION :<\/strong> ils sont con\u00e7us pour collecter et stocker des donn\u00e9es pendant que l&rsquo;utilisateur acc\u00e8de \u00e0 un site web. Ils sont g\u00e9n\u00e9ralement utilis\u00e9s pour stocker des informations qui ne doivent \u00eatre conserv\u00e9es que pour la fourniture du service demand\u00e9 par l&rsquo;utilisateur \u00e0 une seule occasion (par exemple, une liste de produits achet\u00e9s) et disparaissent \u00e0 la fin de la session. <\/p><p style=\"padding-left: 120px;\"><strong>COOKIES PERSISTANTS :<\/strong> il s&rsquo;agit des <strong>cookies<\/strong> dont les donn\u00e9es continuent d&rsquo;\u00eatre stock\u00e9es dans le terminal et peuvent \u00eatre consult\u00e9es et trait\u00e9es pendant une p\u00e9riode d\u00e9finie par le responsable du cookie, qui peut aller de quelques minutes \u00e0 plusieurs ann\u00e9es.<\/p><ul><li style=\"list-style-type: none;\"><ul><li><strong>CONFORM\u00c9MENT \u00c0 LEUR OBJECTIF  <\/strong><\/li><\/ul><\/li><\/ul><p style=\"padding-left: 120px;\"><strong>COOKIES TECHNIQUES :<\/strong> Ce sont ceux qui permettent \u00e0 l&rsquo;utilisateur de naviguer sur un site web, une plate-forme ou une application et d&rsquo;utiliser les diff\u00e9rentes options ou services qui y sont propos\u00e9s.<\/p><p style=\"padding-left: 120px;\"><strong>CUSTOM COOKIES : ils<\/strong> permettent d&rsquo;appliquer des caract\u00e9ristiques sp\u00e9cifiques \u00e0 la navigation de l&rsquo;utilisateur sur le site web (par exemple, la langue).<\/p><p style=\"padding-left: 120px;\"><strong>COOKIES D&rsquo;ANALYSE :<\/strong> Ces cookies permettent au responsable de suivre et d&rsquo;analyser le comportement des utilisateurs des sites web auxquels ils sont li\u00e9s, y compris la quantification de l&rsquo;impact des publicit\u00e9s. Les informations collect\u00e9es par ce type de cookies sont utilis\u00e9es pour mesurer l&rsquo;activit\u00e9 des sites web, de l&rsquo;application ou de la plateforme, afin d&rsquo;introduire des am\u00e9liorations bas\u00e9es sur l&rsquo;analyse des donn\u00e9es d&rsquo;utilisation des utilisateurs du service. <\/p><p style=\"padding-left: 120px;\"><strong>COOKIES PUBLICITAIRES : ils<\/strong> permettent \u00e0 l&rsquo;\u00e9diteur d&rsquo;inclure des espaces publicitaires sur le site web, en fonction du contenu du site lui-m\u00eame.<\/p><p style=\"padding-left: 120px;\"><strong>COOKIES DE PUBLICITE BAS\u00c9E SUR LE COMPORTEMENT :<\/strong> Il s&rsquo;agit de cookies qui stockent des informations sur le comportement des utilisateurs, obtenues gr\u00e2ce \u00e0 l&rsquo;observation continue de leurs habitudes de navigation, ce qui permet de d\u00e9velopper un profil sp\u00e9cifique afin d&rsquo;afficher de la publicit\u00e9 bas\u00e9e sur ce dernier.<\/p><p> <\/p><p>Nous vous informons des types de cookies utilis\u00e9s sur ce site et de leur finalit\u00e9 :<\/p><p><strong>PROPRES COOKIES<\/strong><\/p><p>Les cookies que nous utilisons sont les suivants :<\/p><p>&#8211; Les cookies de session, qui expirent lorsque l&rsquo;utilisateur quitte la page ou ferme le navigateur ; en d&rsquo;autres termes, ils sont actifs pendant la dur\u00e9e de la visite du site et sont donc supprim\u00e9s de notre ordinateur lorsque l&rsquo;utilisateur le quitte (par exemple : PHPSESSIONID, un biscuit de session essentiel pour la gestion de la navigation sur le site). <\/p><p>&#8211; Nos propres cookies sont ceux qui sont envoy\u00e9s \u00e0 votre ordinateur et g\u00e9r\u00e9s exclusivement par nous pour le meilleur fonctionnement du site web. Les informations que nous collectons sont utilis\u00e9es pour am\u00e9liorer la qualit\u00e9 de notre service et votre exp\u00e9rience d&rsquo;utilisateur. <\/p><p>&#8211; Les cookies de g\u00e9olocalisation sont utilis\u00e9s pour stocker des donn\u00e9es de localisation et offrir un contenu et des services personnalis\u00e9s.<\/p><p>&#8211; Les cookies analytiques sont des cookies de Google Analytics qui collectent des informations sur la navigation de l&rsquo;utilisateur (pages pr\u00e9c\u00e9dentes, temps pass\u00e9 sur une page, liens visit\u00e9s, etc.)<\/p><p><b>Utilisation de plug-ins et de cookies de tiers<\/b><\/p><p class=\"text-secondary-dark text-md font-semibold mb-2\">Cookies n\u00e9cessaires<\/p><div class=\"text-secondary-dark text-md mb-2\" data-testid=\"category-description\"><p>Les cookies n\u00e9cessaires sont indispensables aux fonctions de base du site web et, sans eux, le site ne fonctionnera pas comme pr\u00e9vu. Ces cookies ne stockent pas de donn\u00e9es personnelles identifiables.<\/p><\/div><p>Les plug-ins et les cookies utilis\u00e9s sont les suivants :<\/p><table style=\"height: 278px;\" width=\"617\" cellspacing=\"0\" cellpadding=\"0\"><tbody><tr><td valign=\"bottom\">Cookie<\/td><td valign=\"bottom\">Dur\u00e9e de l&rsquo;accord<\/td><td valign=\"bottom\">Description du cookie<\/td><\/tr><tr><td valign=\"bottom\">\u00e9l\u00e9mentaire<\/td><td valign=\"bottom\">N&rsquo;expire jamais<\/td><td valign=\"bottom\">Ce cookie est d\u00e9fini par le th\u00e8me WordPress du site web. Il permet au propri\u00e9taire du site de d\u00e9ployer ou de modifier le contenu du site en temps r\u00e9el. <\/td><\/tr><tr><td valign=\"bottom\">wpEmojiSettingsSupports<\/td><td valign=\"bottom\">session<\/td><td valign=\"bottom\">Ce cookie est d\u00e9fini par WordPress lorsqu&rsquo;un utilisateur interagit avec des emojis sur un site WordPress. Il permet de d\u00e9terminer si le navigateur de l&rsquo;utilisateur peut afficher correctement les emojis. <\/td><\/tr><tr><td valign=\"bottom\">cookieyes-consent<\/td><td valign=\"bottom\">1 an<\/td><td valign=\"bottom\">CookieYes installe ce cookie pour m\u00e9moriser les pr\u00e9f\u00e9rences des utilisateurs en mati\u00e8re de consentement, de sorte que ces pr\u00e9f\u00e9rences soient respect\u00e9es lors des visites ult\u00e9rieures sur ce site. Il ne recueille ni ne stocke aucune information personnelle sur les visiteurs du site. <\/td><\/tr><tr><td valign=\"bottom\">rc::a<\/td><td valign=\"bottom\">N&rsquo;expire jamais<\/td><td valign=\"bottom\">Ce cookie est utilis\u00e9 par le service reCAPTCHA de Google pour identifier les robots et prot\u00e9ger le site web contre les attaques de spam malveillantes.<\/td><\/tr><tr><td valign=\"bottom\">rc::c<\/td><td valign=\"bottom\">session<\/td><td valign=\"bottom\">Ce cookie est d\u00e9fini par le service reCAPTCHA de Google afin d&rsquo;identifier les robots et de prot\u00e9ger le site web contre les attaques de spam malveillantes.<\/td><\/tr><\/tbody><\/table><p><i>Ce tableau d&rsquo;information sera mis \u00e0 jour le plus rapidement possible au fur et \u00e0 mesure de l&rsquo;\u00e9volution des services offerts sur ce site. Cependant, il peut arriver que, lors de cette mise \u00e0 jour, le tableau d&rsquo;information ne contienne pas de cookies, de tags ou d&rsquo;autres syst\u00e8mes similaires permettant la tra\u00e7abilit\u00e9 d&rsquo;un utilisateur ou de son appareil, bien qu&rsquo;il s&rsquo;agisse toujours de syst\u00e8mes dont les objectifs sont identiques \u00e0 ceux contenus dans ce tableau. <\/i><\/p><p><b>D\u00e9sactiver les cookies<\/b><\/p><p>L&rsquo;utilisateur est libre de d\u00e9cider de placer ou non nos cookies sur son disque dur et de les supprimer ou non, en suivant la proc\u00e9dure \u00e9tablie dans la section d&rsquo;aide de son navigateur. L&rsquo;utilisateur peut \u00e9galement configurer son navigateur pour qu&rsquo;il accepte ou rejette tous les cookies par d\u00e9faut ou pour qu&rsquo;il soit averti \u00e0 l&rsquo;\u00e9cran de la r\u00e9ception de chaque cookie et d\u00e9cide \u00e0 ce moment-l\u00e0 de les placer ou non sur son disque dur. <\/p><p>Vous trouverez ci-dessous des liens vers diff\u00e9rents navigateurs qui vous permettront de modifier les param\u00e8tres de votre navigateur concernant l&rsquo;utilisation des cookies :<\/p><p><strong>Firefox :  <\/strong><\/p><p><a href=\"https:\/\/support.mozilla.org\/es\/kb\/cookies-informacion-que-los-sitios-web-guardan-en\">https:\/\/support.mozilla.org\/es\/kb\/cookies-informacion-que-los-sitios-web-guardan-en<\/a><\/p><p><strong>Chrome :  <\/strong><\/p><p><a href=\"http:\/\/support.google.com\/chrome\/bin\/answer.py?hl=es&amp;answer=95647\">http:\/\/support.google.com\/chrome\/bin\/answer.py?hl=es&amp;answer=95647<\/a><\/p><p><strong>Internet Explorer :<\/strong><\/p><p><a href=\"http:\/\/windows.microsoft.com\/es-es\/internet-explorer\/delete-manage-cookies#ie=ie-10\">http:\/\/windows.microsoft.com\/es-es\/internet-explorer\/delete-manage-cookies#ie=ie-10<\/a><\/p><p><strong>Microsoft Edge :  <\/strong><\/p><p><a href=\"https:\/\/support.microsoft.com\/es-es\/microsoft-edge\/eliminar-las-cookies-en-microsoft-edge-63947406-40ac-c3b8-57b9-2a946a29ae09\">https:\/\/support.microsoft.com\/es-es\/microsoft-edge\/eliminar-las-cookies-en-microsoft-edge-63947406-40ac-c3b8-57b9-2a946a29ae09<\/a><\/p><p><strong>Safari :  <\/strong><\/p><p><a href=\"https:\/\/support.apple.com\/kb\/ph17191?locale=es_ES\">https:\/\/support.apple.com\/kb\/ph17191?locale=es_ES<\/a><\/p><p><strong>Op\u00e9ra :  <\/strong><\/p><p><a href=\"https:\/\/help.opera.com\/en\/latest\/web-preferences\/#cookies\">https:\/\/help.opera.com\/en\/latest\/web-preferences\/#cookies<\/a><\/p><p>Pour plus d&rsquo;informations sur le traitement des donn\u00e9es personnelles, nous vous recommandons de consulter notre section \u00ab\u00a0Politique de confidentialit\u00e9\u00a0\u00bb.<\/p><p>Si vous configurez votre navigateur de mani\u00e8re \u00e0 refuser tous les cookies ou \u00e0 rejeter nos cookies, il se peut que vous ne puissiez pas acc\u00e9der \u00e0 certains services et que votre exp\u00e9rience sur notre site web soit moins satisfaisante.<\/p><p><strong>Derni\u00e8re mise \u00e0 jour :<\/strong> 11 d\u00e9cembre 2024<\/p>\t\t\t\t\t\t\t\t<\/div>\n\t\t\t\t\t<\/div>\n\t\t\t\t<\/div>\n\t\t\t\t<\/div>\n\t\t","protected":false},"excerpt":{"rendered":"<p>POLITIQUE EN MATI\u00c8RE DE COOKIES Conform\u00e9ment aux dispositions de l&rsquo;article 22.2 de la loi 34\/2002, du 11 juillet, sur les services de la soci\u00e9t\u00e9 de l&rsquo;information et le commerce \u00e9lectronique (LSSI-CE) en vigueur, VICORQUIMIA SA doit respecter l&rsquo;obligation d&rsquo;informer sur les cookies qu&rsquo;elle utilise et leurs finalit\u00e9s. Ce site web utilise des cookies et\/ou des [&hellip;]<\/p>\n","protected":false},"author":3,"featured_media":0,"parent":0,"menu_order":0,"comment_status":"closed","ping_status":"closed","template":"","meta":{"_acf_changed":false,"_joinchat":[],"footnotes":""},"class_list":["post-2099","page","type-page","status-publish","hentry"],"acf":[],"yoast_head":"<!-- This site is optimized with the Yoast SEO plugin v27.1.1 - https:\/\/yoast.com\/product\/yoast-seo-wordpress\/ -->\n<title>Politique en mati\u00e8re de cookies - Agrolac<\/title>\n<meta name=\"description\" content=\"D\u00e9couvrez l&#039;utilisation des cookies sur le site web de VICORQUIMIA SA : types, objectifs, consentement et comment les g\u00e9rer \u00e0 partir de votre navigateur.\" \/>\n<meta name=\"robots\" content=\"index, follow, max-snippet:-1, max-image-preview:large, max-video-preview:-1\" \/>\n<link rel=\"canonical\" href=\"https:\/\/www.agrolac.com\/fr\/politique-en-matiere-de-cookies\/\" \/>\n<meta property=\"og:locale\" content=\"fr_FR\" \/>\n<meta property=\"og:type\" content=\"article\" \/>\n<meta property=\"og:title\" content=\"Politique en mati\u00e8re de cookies - Agrolac\" \/>\n<meta property=\"og:description\" content=\"D\u00e9couvrez l&#039;utilisation des cookies sur le site web de VICORQUIMIA SA : types, objectifs, consentement et comment les g\u00e9rer \u00e0 partir de votre navigateur.\" \/>\n<meta property=\"og:url\" content=\"https:\/\/www.agrolac.com\/fr\/politique-en-matiere-de-cookies\/\" \/>\n<meta property=\"og:site_name\" content=\"Agrolac\" \/>\n<meta property=\"article:modified_time\" content=\"2025-08-22T11:44:58+00:00\" \/>\n<meta name=\"twitter:card\" content=\"summary_large_image\" \/>\n<meta name=\"twitter:label1\" content=\"Est. reading time\" \/>\n\t<meta name=\"twitter:data1\" content=\"7 minutes\" \/>\n<script type=\"application\/ld+json\" class=\"yoast-schema-graph\">{\"@context\":\"https:\/\/schema.org\",\"@graph\":[{\"@type\":\"WebPage\",\"@id\":\"https:\/\/www.agrolac.com\/fr\/politique-en-matiere-de-cookies\/\",\"url\":\"https:\/\/www.agrolac.com\/fr\/politique-en-matiere-de-cookies\/\",\"name\":\"Politique en mati\u00e8re de cookies - Agrolac\",\"isPartOf\":{\"@id\":\"https:\/\/www.agrolac.com\/fr\/#website\"},\"datePublished\":\"2023-04-27T15:11:17+00:00\",\"dateModified\":\"2025-08-22T11:44:58+00:00\",\"description\":\"D\u00e9couvrez l'utilisation des cookies sur le site web de VICORQUIMIA SA : types, objectifs, consentement et comment les g\u00e9rer \u00e0 partir de votre navigateur.\",\"breadcrumb\":{\"@id\":\"https:\/\/www.agrolac.com\/fr\/politique-en-matiere-de-cookies\/#breadcrumb\"},\"inLanguage\":\"fr-FR\",\"potentialAction\":[{\"@type\":\"ReadAction\",\"target\":[\"https:\/\/www.agrolac.com\/fr\/politique-en-matiere-de-cookies\/\"]}]},{\"@type\":\"BreadcrumbList\",\"@id\":\"https:\/\/www.agrolac.com\/fr\/politique-en-matiere-de-cookies\/#breadcrumb\",\"itemListElement\":[{\"@type\":\"ListItem\",\"position\":1,\"name\":\"Accueil\",\"item\":\"https:\/\/www.agrolac.com\/fr\/accueil\/\"},{\"@type\":\"ListItem\",\"position\":2,\"name\":\"Politique en mati\u00e8re de cookies\"}]},{\"@type\":\"WebSite\",\"@id\":\"https:\/\/www.agrolac.com\/fr\/#website\",\"url\":\"https:\/\/www.agrolac.com\/fr\/\",\"name\":\"VICORQUIMIA\",\"description\":\"Agrolac \u00e9s una empresa de Barcelona, fundada el 1982, especialitzada en distribuci\u00f3 de productes agroqu\u00edmics per a l&#039;agricultura europea.\",\"publisher\":{\"@id\":\"https:\/\/www.agrolac.com\/fr\/#organization\"},\"potentialAction\":[{\"@type\":\"SearchAction\",\"target\":{\"@type\":\"EntryPoint\",\"urlTemplate\":\"https:\/\/www.agrolac.com\/fr\/?s={search_term_string}\"},\"query-input\":{\"@type\":\"PropertyValueSpecification\",\"valueRequired\":true,\"valueName\":\"search_term_string\"}}],\"inLanguage\":\"fr-FR\"},{\"@type\":\"Organization\",\"@id\":\"https:\/\/www.agrolac.com\/fr\/#organization\",\"name\":\"VICORQUIMIA\",\"url\":\"https:\/\/www.agrolac.com\/fr\/\",\"logo\":{\"@type\":\"ImageObject\",\"inLanguage\":\"fr-FR\",\"@id\":\"https:\/\/www.agrolac.com\/fr\/#\/schema\/logo\/image\/\",\"url\":\"https:\/\/www.agrolac.com\/wp-content\/uploads\/2025\/10\/agrolac-logo.svg\",\"contentUrl\":\"https:\/\/www.agrolac.com\/wp-content\/uploads\/2025\/10\/agrolac-logo.svg\",\"caption\":\"VICORQUIMIA\"},\"image\":{\"@id\":\"https:\/\/www.agrolac.com\/fr\/#\/schema\/logo\/image\/\"},\"sameAs\":[\"https:\/\/www.linkedin.com\/company\/vicorquimia\/\"]}]}<\/script>\n<!-- \/ Yoast SEO plugin. -->","yoast_head_json":{"title":"Politique en mati\u00e8re de cookies - Agrolac","description":"D\u00e9couvrez l'utilisation des cookies sur le site web de VICORQUIMIA SA : types, objectifs, consentement et comment les g\u00e9rer \u00e0 partir de votre navigateur.","robots":{"index":"index","follow":"follow","max-snippet":"max-snippet:-1","max-image-preview":"max-image-preview:large","max-video-preview":"max-video-preview:-1"},"canonical":"https:\/\/www.agrolac.com\/fr\/politique-en-matiere-de-cookies\/","og_locale":"fr_FR","og_type":"article","og_title":"Politique en mati\u00e8re de cookies - Agrolac","og_description":"D\u00e9couvrez l'utilisation des cookies sur le site web de VICORQUIMIA SA : types, objectifs, consentement et comment les g\u00e9rer \u00e0 partir de votre navigateur.","og_url":"https:\/\/www.agrolac.com\/fr\/politique-en-matiere-de-cookies\/","og_site_name":"Agrolac","article_modified_time":"2025-08-22T11:44:58+00:00","twitter_card":"summary_large_image","twitter_misc":{"Est. reading time":"7 minutes"},"schema":{"@context":"https:\/\/schema.org","@graph":[{"@type":"WebPage","@id":"https:\/\/www.agrolac.com\/fr\/politique-en-matiere-de-cookies\/","url":"https:\/\/www.agrolac.com\/fr\/politique-en-matiere-de-cookies\/","name":"Politique en mati\u00e8re de cookies - Agrolac","isPartOf":{"@id":"https:\/\/www.agrolac.com\/fr\/#website"},"datePublished":"2023-04-27T15:11:17+00:00","dateModified":"2025-08-22T11:44:58+00:00","description":"D\u00e9couvrez l'utilisation des cookies sur le site web de VICORQUIMIA SA : types, objectifs, consentement et comment les g\u00e9rer \u00e0 partir de votre navigateur.","breadcrumb":{"@id":"https:\/\/www.agrolac.com\/fr\/politique-en-matiere-de-cookies\/#breadcrumb"},"inLanguage":"fr-FR","potentialAction":[{"@type":"ReadAction","target":["https:\/\/www.agrolac.com\/fr\/politique-en-matiere-de-cookies\/"]}]},{"@type":"BreadcrumbList","@id":"https:\/\/www.agrolac.com\/fr\/politique-en-matiere-de-cookies\/#breadcrumb","itemListElement":[{"@type":"ListItem","position":1,"name":"Accueil","item":"https:\/\/www.agrolac.com\/fr\/accueil\/"},{"@type":"ListItem","position":2,"name":"Politique en mati\u00e8re de cookies"}]},{"@type":"WebSite","@id":"https:\/\/www.agrolac.com\/fr\/#website","url":"https:\/\/www.agrolac.com\/fr\/","name":"VICORQUIMIA","description":"Agrolac \u00e9s una empresa de Barcelona, fundada el 1982, especialitzada en distribuci\u00f3 de productes agroqu\u00edmics per a l&#039;agricultura europea.","publisher":{"@id":"https:\/\/www.agrolac.com\/fr\/#organization"},"potentialAction":[{"@type":"SearchAction","target":{"@type":"EntryPoint","urlTemplate":"https:\/\/www.agrolac.com\/fr\/?s={search_term_string}"},"query-input":{"@type":"PropertyValueSpecification","valueRequired":true,"valueName":"search_term_string"}}],"inLanguage":"fr-FR"},{"@type":"Organization","@id":"https:\/\/www.agrolac.com\/fr\/#organization","name":"VICORQUIMIA","url":"https:\/\/www.agrolac.com\/fr\/","logo":{"@type":"ImageObject","inLanguage":"fr-FR","@id":"https:\/\/www.agrolac.com\/fr\/#\/schema\/logo\/image\/","url":"https:\/\/www.agrolac.com\/wp-content\/uploads\/2025\/10\/agrolac-logo.svg","contentUrl":"https:\/\/www.agrolac.com\/wp-content\/uploads\/2025\/10\/agrolac-logo.svg","caption":"VICORQUIMIA"},"image":{"@id":"https:\/\/www.agrolac.com\/fr\/#\/schema\/logo\/image\/"},"sameAs":["https:\/\/www.linkedin.com\/company\/vicorquimia\/"]}]}},"_links":{"self":[{"href":"https:\/\/www.agrolac.com\/fr\/wp-json\/wp\/v2\/pages\/2099","targetHints":{"allow":["GET"]}}],"collection":[{"href":"https:\/\/www.agrolac.com\/fr\/wp-json\/wp\/v2\/pages"}],"about":[{"href":"https:\/\/www.agrolac.com\/fr\/wp-json\/wp\/v2\/types\/page"}],"author":[{"embeddable":true,"href":"https:\/\/www.agrolac.com\/fr\/wp-json\/wp\/v2\/users\/3"}],"replies":[{"embeddable":true,"href":"https:\/\/www.agrolac.com\/fr\/wp-json\/wp\/v2\/comments?post=2099"}],"version-history":[{"count":0,"href":"https:\/\/www.agrolac.com\/fr\/wp-json\/wp\/v2\/pages\/2099\/revisions"}],"wp:attachment":[{"href":"https:\/\/www.agrolac.com\/fr\/wp-json\/wp\/v2\/media?parent=2099"}],"curies":[{"name":"wp","href":"https:\/\/api.w.org\/{rel}","templated":true}]}}