{"id":2071,"date":"2023-05-30T16:29:54","date_gmt":"2023-05-30T14:29:54","guid":{"rendered":"https:\/\/www.agrolac.com\/politique-de-confidentialite\/"},"modified":"2023-05-30T16:29:54","modified_gmt":"2023-05-30T14:29:54","slug":"politique-de-confidentialite","status":"publish","type":"page","link":"https:\/\/www.agrolac.com\/fr\/politique-de-confidentialite\/","title":{"rendered":"Politique de confidentialit\u00e9"},"content":{"rendered":"<p>Coordonn\u00e9es du propri\u00e9taire du site web :<\/p>\n<p><strong> <\/strong><\/p>\n<p><strong>NOM DE L&rsquo;ENTREPRISE :<\/strong> VICORQUIMIA SA<\/p>\n<p><strong>NUM\u00c9RO DE TVA :<\/strong> A08268153<\/p>\n<p><strong>DOMAINE<\/strong>: https:\/\/www.agrolac.com\/<\/p>\n<p><strong>ADRESSE POSTALE :<\/strong> AV DELS VENTS, 9-13 ESC A 6\u00ba 1\u00aa,08917 BADALONA(BARCELONA)<\/p>\n<p><strong>ADRESSE \u00c9LECTRONIQUE :<\/strong> compliance@vicorquimia.com<\/p>\n<p><strong>T\u00c9L\u00c9PHONES :<\/strong> 932011222<\/p>\n<p><strong>NUM\u00c9RO D&rsquo;ENREGISTREMENT\/ DONN\u00c9ES SUPPL\u00c9MENTAIRES :<\/strong><\/p>\n<p>&nbsp;<\/p>\n<p><strong>Protection des donn\u00e9es  <\/strong><\/p>\n<p>Conform\u00e9ment \u00e0 la l\u00e9gislation en vigueur et applicable en mati\u00e8re de protection des donn\u00e9es \u00e0 caract\u00e8re personnel, nous vous informons que vos donn\u00e9es seront incorpor\u00e9es au syst\u00e8me de traitement appartenant \u00e0 <strong>VICORQUIMIA SA<\/strong>, NIF <strong>A08268153<\/strong>, dont le si\u00e8ge social se trouve \u00e0 AV DELS VENTS, 9-13 ESC A 6\u00ba 1\u00aa, 08917 BADALONA (BARCELONE). Vous trouverez ci-dessous des informations sur les traitements effectu\u00e9s : <\/p>\n<p><strong>TRAITEMENTS EFFECTU\u00c9S  <\/strong><\/p>\n<ul>\n<li><strong>Formulaire web d&rsquo;actions commerciales :<\/strong><\/li>\n<\/ul>\n<p style=\"padding-left: 80px;\"><strong>Finalit\u00e9 :<\/strong> Collecte, enregistrement et traitement des donn\u00e9es dans le but de r\u00e9pondre \u00e0 vos questions et\/ou demandes, ainsi qu&rsquo;\u00e0 des fins de publicit\u00e9 et de prospection commerciale.<\/p>\n<p style=\"padding-left: 80px;\"><strong>P\u00e9riode de conservation :<\/strong> aussi longtemps que le consentement donn\u00e9 est maintenu, sauf obligation l\u00e9gale.<\/p>\n<p style=\"padding-left: 80px;\"><strong>Base l\u00e9gitime :<\/strong> le consentement de la personne concern\u00e9e.<\/p>\n<p style=\"padding-left: 80px;\"><strong>Typologie des donn\u00e9es :  <\/strong><\/p>\n<p style=\"padding-left: 120px;\"><strong>Donn\u00e9es de base :<\/strong> nom et pr\u00e9nom, adresse \u00e9lectronique<\/p>\n<ul>\n<li><strong>Bulletin d&rsquo;information :  <\/strong><\/li>\n<\/ul>\n<p style=\"padding-left: 80px;\"><strong>Objectif :<\/strong> Gestion de l&rsquo;abonnement \u00e0 la lettre d&rsquo;information, afin d&rsquo;envoyer les courriers correspondants.<\/p>\n<p style=\"padding-left: 80px;\"><strong>P\u00e9riode de conservation :<\/strong> aussi longtemps que le consentement donn\u00e9 est maintenu.<\/p>\n<p style=\"padding-left: 80px;\"><strong>Base l\u00e9gitime :<\/strong> le consentement de la personne concern\u00e9e.<\/p>\n<p style=\"padding-left: 80px;\"><strong>Typologie des donn\u00e9es :  <\/strong><\/p>\n<p style=\"padding-left: 120px;\"><strong>Donn\u00e9es de base :<\/strong> nom et pr\u00e9nom, adresse \u00e9lectronique<\/p>\n<ul>\n<li><strong>Installation de cookies :  <\/strong><\/li>\n<\/ul>\n<p style=\"padding-left: 80px;\"><strong>Objet :<\/strong> Gestion et installation des cookies.<\/p>\n<p style=\"padding-left: 80px;\"><strong>P\u00e9riode de conservation :<\/strong> aussi longtemps que le consentement donn\u00e9 est maintenu.<\/p>\n<p style=\"padding-left: 80px;\"><strong>Base l\u00e9gitime :<\/strong> le consentement de la personne concern\u00e9e.<\/p>\n<p style=\"padding-left: 80px;\"><strong>Typologie des donn\u00e9es :  <\/strong><\/p>\n<p style=\"padding-left: 120px;\"><strong>Donn\u00e9es de base :<\/strong> adresse \u00e9lectronique, adresse IP<\/p>\n<ul>\n<li><strong>Formulaire web de gestion :  <\/strong><\/li>\n<\/ul>\n<p style=\"padding-left: 80px;\"><strong>Objectif :<\/strong> traiter vos questions et\/ou demandes.<\/p>\n<p style=\"padding-left: 80px;\"><strong>P\u00e9riode de conservation :<\/strong> aussi longtemps que le consentement donn\u00e9 est maintenu.<\/p>\n<p style=\"padding-left: 80px;\"><strong>Base l\u00e9gitime :<\/strong> le consentement de la personne concern\u00e9e.<\/p>\n<p style=\"padding-left: 80px;\"><strong>Typologie des donn\u00e9es :  <\/strong><\/p>\n<p style=\"padding-left: 120px;\"><strong>Donn\u00e9es de base :<\/strong> pr\u00e9nom et nom, adresse \u00e9lectronique, adresse IP<\/p>\n<ul>\n<li><strong>Gestion des utilisateurs du web :  <\/strong><\/li>\n<\/ul>\n<p style=\"padding-left: 80px;\"><strong>Objet :<\/strong> Collecte, enregistrement et traitement des donn\u00e9es des utilisateurs.<\/p>\n<p style=\"padding-left: 80px;\"><strong>P\u00e9riode de conservation :<\/strong> aussi longtemps que le consentement donn\u00e9 est maintenu, sauf obligation l\u00e9gale.<\/p>\n<p style=\"padding-left: 80px;\"><strong>Base l\u00e9gitime :<\/strong> le consentement de la personne concern\u00e9e.<\/p>\n<p style=\"padding-left: 80px;\"><strong>Typologie des donn\u00e9es :  <\/strong><\/p>\n<p style=\"padding-left: 120px;\"><strong>Donn\u00e9es de base :<\/strong> nom et pr\u00e9nom, adresse \u00e9lectronique<\/p>\n<p>&nbsp;<\/p>\n<p><strong>Droits des personnes concern\u00e9es  <\/strong><\/p>\n<p><strong>VICORQUIMIA SA<\/strong> informe les utilisateurs qu&rsquo;ils peuvent exercer leurs droits d&rsquo;acc\u00e8s, de rectification, de limitation, de suppression, de portabilit\u00e9, d&rsquo;opposition au traitement de leurs donn\u00e9es personnelles et le droit de ne pas faire l&rsquo;objet de d\u00e9cisions automatis\u00e9es, y compris le profilage, aupr\u00e8s du responsable du traitement, ainsi que le droit de retirer leur consentement.<\/p>\n<ul>\n<li><strong>Droit d&rsquo;acc\u00e8s :<\/strong> il s&rsquo;agit du droit de l&rsquo;utilisateur d&rsquo;obtenir la confirmation que ses donn\u00e9es font l&rsquo;objet d&rsquo;un traitement et, le cas \u00e9ch\u00e9ant, les donn\u00e9es personnelles sp\u00e9cifiques trait\u00e9es et les informations l\u00e9gales sur le traitement (finalit\u00e9s, base l\u00e9gitime, p\u00e9riodes de conservation, transferts, origine des donn\u00e9es, etc.)<\/li>\n<li><strong>Droit de rectification :<\/strong> Il s&rsquo;agit du droit de la personne concern\u00e9e de faire modifier des donn\u00e9es qui s&rsquo;av\u00e8rent inexactes ou incompl\u00e8tes. En ce qui concerne le site web, ce droit ne peut \u00eatre exerc\u00e9 que pour les informations qui sont sous le contr\u00f4le du site web, par exemple la suppression de commentaires post\u00e9s sur la page elle-m\u00eame, d&rsquo;images ou de contenu web contenant des donn\u00e9es \u00e0 caract\u00e8re personnel de l&rsquo;utilisateur. <\/li>\n<li><strong>Droit \u00e0 la limitation du traitement :<\/strong> il s&rsquo;agit du droit \u00e0 la limitation des finalit\u00e9s du traitement initialement pr\u00e9vues par le responsable du traitement dans certains cas.<\/li>\n<li><strong>Droit de suppression :<\/strong> Il s&rsquo;agit du droit de supprimer les donn\u00e9es \u00e0 caract\u00e8re personnel de l&rsquo;utilisateur, \u00e0 l&rsquo;exception des dispositions du GDPR (libert\u00e9 d&rsquo;expression et d&rsquo;information, obligations de conservation, formulation, exercice ou d\u00e9fense de r\u00e9clamations, etc.)<\/li>\n<li><strong>Droit \u00e0 la portabilit\u00e9 :<\/strong> le droit de recevoir les donn\u00e9es \u00e0 caract\u00e8re personnel fournies par l&rsquo;utilisateur dans un format structur\u00e9, couramment utilis\u00e9 et lisible par machine, et de les transmettre \u00e0 un autre responsable du traitement lorsque le traitement est fond\u00e9 sur le consentement ou l&rsquo;ex\u00e9cution d&rsquo;un contrat et qu&rsquo;il est effectu\u00e9 par des moyens automatis\u00e9s.<\/li>\n<li><strong>Droit d&rsquo;opposition :<\/strong> Il s&rsquo;agit du droit de l&rsquo;utilisateur de ne pas faire traiter ses donn\u00e9es \u00e0 caract\u00e8re personnel ou de faire cesser le traitement de ses donn\u00e9es \u00e0 caract\u00e8re personnel par le site web lorsque le traitement est fond\u00e9 sur l&rsquo;int\u00e9r\u00eat l\u00e9gitime ou l&rsquo;int\u00e9r\u00eat public ou lorsqu&rsquo;il s&rsquo;agit d&rsquo;un traitement de marketing direct.<\/li>\n<li><strong>Droit de ne pas \u00eatre soumis \u00e0 des d\u00e9cisions automatis\u00e9es, y compris le profilage :<\/strong> lorsque le traitement n&rsquo;est pas n\u00e9cessaire \u00e0 la conclusion ou \u00e0 l&rsquo;ex\u00e9cution d&rsquo;un contrat, n&rsquo;est pas autoris\u00e9 par la l\u00e9gislation de l&rsquo;UE ou d&rsquo;un \u00c9tat membre et n&rsquo;est pas fond\u00e9 sur le consentement, vous avez le droit de ne pas \u00eatre soumis \u00e0 une d\u00e9cision fond\u00e9e exclusivement sur un traitement automatis\u00e9, y compris le profilage, qui produit des effets juridiques ou qui vous affecte de mani\u00e8re significative de fa\u00e7on similaire.<\/li>\n<li><strong>Droit de retirer son consentement :<\/strong> pour tout traitement fond\u00e9 sur votre consentement, vous avez le droit de retirer votre consentement, \u00e0 tout moment et sans frais.<\/li>\n<\/ul>\n<p>Pour exercer l&rsquo;un des droits de protection des donn\u00e9es d\u00e9crits ci-dessus, veuillez suivre les instructions ci-dessous :<\/p>\n<ul>\n<li>En envoyant une lettre \u00e0 l&rsquo;adresse AV DELS VENTS, 9-13 ESC A 6\u00ba 1\u00aa,08917 BADALONA(BARCELONA) (\u00e0 l&rsquo;attention de VICORQUIMIA SA) ou par courrier \u00e9lectronique \u00e0 l&rsquo;adresse <strong>complaince@vicorquimia.com.<\/strong><\/li>\n<li>La lettre envoy\u00e9e par la personne concern\u00e9e (personne concern\u00e9e) pour demander l&rsquo;exercice de ses droits doit tenir compte des \u00e9l\u00e9ments suivants :\n<ul>\n<li>Le demandeur doit s&rsquo;identifier de mani\u00e8re fiable et, en cas de doute sur l&rsquo;identit\u00e9 du demandeur, il sera invit\u00e9 \u00e0 corriger la demande (par exemple en demandant des informations compl\u00e9mentaires, telles que le num\u00e9ro d&rsquo;identification, la pi\u00e8ce d&rsquo;identit\u00e9, l&rsquo;adresse \u00e9lectronique fournie, etc.)<\/li>\n<li>La demande peut \u00eatre faite par le repr\u00e9sentant, l\u00e9gal ou volontaire, lorsque celui-ci est d\u00fbment identifi\u00e9 et autoris\u00e9 par la personne concern\u00e9e (par le biais d&rsquo;une autorisation expresse de la personne concern\u00e9e d&rsquo;exercer les droits tr\u00e8s personnels r\u00e9gis par la r\u00e9glementation sur la protection des donn\u00e9es \u00e0 caract\u00e8re personnel).<\/li>\n<li>Demande dans laquelle la demande est pr\u00e9cis\u00e9e (droit(s) que vous entendez exercer). Si vous ne faites pas r\u00e9f\u00e9rence \u00e0 un traitement sp\u00e9cifique, vous recevrez une r\u00e9ponse concernant tous les traitements qui affectent vos donn\u00e9es \u00e0 caract\u00e8re personnel. Si vous demandez des informations sur un traitement sp\u00e9cifique, seules les informations relatives \u00e0 ce traitement vous seront fournies. Si vous le demandez par t\u00e9l\u00e9phone, vous serez invit\u00e9 \u00e0 le faire par \u00e9crit et vous serez inform\u00e9 de la mani\u00e8re de le faire et de l&rsquo;adresse \u00e0 laquelle vous devez l&rsquo;envoyer. Vous ne recevrez jamais d&rsquo;informations par t\u00e9l\u00e9phone.    <\/li>\n<li>Adresse postale ou \u00e9lectronique \u00e0 des fins de notification.<\/li>\n<li>Les documents justifiant la demande que vous faites, si n\u00e9cessaire.<\/li>\n<li>Le demandeur doit utiliser tout moyen de preuve de l&rsquo;envoi et de la r\u00e9ception de la demande.<\/li>\n<\/ul>\n<\/li>\n<\/ul>\n<p>Enfin, nous vous informons que vous avez le droit de d\u00e9poser une plainte aupr\u00e8s de l&rsquo;Agence espagnole de protection des donn\u00e9es si vous avez connaissance d&rsquo;un \u00e9v\u00e9nement ou si vous consid\u00e9rez qu&rsquo;il peut impliquer une violation de la r\u00e9glementation applicable en mati\u00e8re de protection des donn\u00e9es.<\/p>\n<p><strong>VICORQUIMIA SA<\/strong> s&rsquo;engage \u00e0 adopter les mesures techniques et organisationnelles n\u00e9cessaires, en fonction du niveau de risque associ\u00e9 au traitement qu&rsquo;elle effectue et indiqu\u00e9 dans la pr\u00e9sente section, de mani\u00e8re \u00e0 garantir leur int\u00e9grit\u00e9, leur confidentialit\u00e9 et leur disponibilit\u00e9.<\/p>\n<p>&nbsp;<\/p>\n<p><strong>Derni\u00e8re mise \u00e0 jour :<\/strong> 11 d\u00e9cembre 2024<\/p>\n","protected":false},"excerpt":{"rendered":"<p>Coordonn\u00e9es du propri\u00e9taire du site web : NOM DE L&rsquo;ENTREPRISE : VICORQUIMIA SA NUM\u00c9RO DE TVA : A08268153 DOMAINE: https:\/\/www.agrolac.com\/ ADRESSE POSTALE : AV DELS VENTS, 9-13 ESC A 6\u00ba 1\u00aa,08917 BADALONA(BARCELONA) ADRESSE \u00c9LECTRONIQUE : compliance@vicorquimia.com T\u00c9L\u00c9PHONES : 932011222 NUM\u00c9RO D&rsquo;ENREGISTREMENT\/ DONN\u00c9ES SUPPL\u00c9MENTAIRES : &nbsp; Protection des donn\u00e9es Conform\u00e9ment \u00e0 la l\u00e9gislation en vigueur et [&hellip;]<\/p>\n","protected":false},"author":3,"featured_media":0,"parent":0,"menu_order":0,"comment_status":"closed","ping_status":"closed","template":"","meta":{"_acf_changed":false,"_joinchat":[],"footnotes":""},"class_list":["post-2071","page","type-page","status-publish","hentry"],"acf":[],"yoast_head":"<!-- This site is optimized with the Yoast SEO plugin v27.1.1 - https:\/\/yoast.com\/product\/yoast-seo-wordpress\/ -->\n<title>Politique de confidentialit\u00e9 - Agrolac<\/title>\n<meta name=\"description\" content=\"Consultez la politique de protection des donn\u00e9es de VICORQUIMIA SA et connaissez vos droits en mati\u00e8re de confidentialit\u00e9, d&#039;utilisation de cookies et de formulaires web.\" \/>\n<meta name=\"robots\" content=\"index, follow, max-snippet:-1, max-image-preview:large, max-video-preview:-1\" \/>\n<link rel=\"canonical\" href=\"https:\/\/www.agrolac.com\/fr\/politique-de-confidentialite\/\" \/>\n<meta property=\"og:locale\" content=\"fr_FR\" \/>\n<meta property=\"og:type\" content=\"article\" \/>\n<meta property=\"og:title\" content=\"Politique de confidentialit\u00e9 - Agrolac\" \/>\n<meta property=\"og:description\" content=\"Consultez la politique de protection des donn\u00e9es de VICORQUIMIA SA et connaissez vos droits en mati\u00e8re de confidentialit\u00e9, d&#039;utilisation de cookies et de formulaires web.\" \/>\n<meta property=\"og:url\" content=\"https:\/\/www.agrolac.com\/fr\/politique-de-confidentialite\/\" \/>\n<meta property=\"og:site_name\" content=\"Agrolac\" \/>\n<meta name=\"twitter:card\" content=\"summary_large_image\" \/>\n<meta name=\"twitter:label1\" content=\"Est. reading time\" \/>\n\t<meta name=\"twitter:data1\" content=\"7 minutes\" \/>\n<script type=\"application\/ld+json\" class=\"yoast-schema-graph\">{\"@context\":\"https:\/\/schema.org\",\"@graph\":[{\"@type\":\"WebPage\",\"@id\":\"https:\/\/www.agrolac.com\/fr\/politique-de-confidentialite\/\",\"url\":\"https:\/\/www.agrolac.com\/fr\/politique-de-confidentialite\/\",\"name\":\"Politique de confidentialit\u00e9 - Agrolac\",\"isPartOf\":{\"@id\":\"https:\/\/www.agrolac.com\/fr\/#website\"},\"datePublished\":\"2023-05-30T14:29:54+00:00\",\"description\":\"Consultez la politique de protection des donn\u00e9es de VICORQUIMIA SA et connaissez vos droits en mati\u00e8re de confidentialit\u00e9, d'utilisation de cookies et de formulaires web.\",\"breadcrumb\":{\"@id\":\"https:\/\/www.agrolac.com\/fr\/politique-de-confidentialite\/#breadcrumb\"},\"inLanguage\":\"fr-FR\",\"potentialAction\":[{\"@type\":\"ReadAction\",\"target\":[\"https:\/\/www.agrolac.com\/fr\/politique-de-confidentialite\/\"]}]},{\"@type\":\"BreadcrumbList\",\"@id\":\"https:\/\/www.agrolac.com\/fr\/politique-de-confidentialite\/#breadcrumb\",\"itemListElement\":[{\"@type\":\"ListItem\",\"position\":1,\"name\":\"Accueil\",\"item\":\"https:\/\/www.agrolac.com\/fr\/accueil\/\"},{\"@type\":\"ListItem\",\"position\":2,\"name\":\"Politique de confidentialit\u00e9\"}]},{\"@type\":\"WebSite\",\"@id\":\"https:\/\/www.agrolac.com\/fr\/#website\",\"url\":\"https:\/\/www.agrolac.com\/fr\/\",\"name\":\"VICORQUIMIA\",\"description\":\"Agrolac \u00e9s una empresa de Barcelona, fundada el 1982, especialitzada en distribuci\u00f3 de productes agroqu\u00edmics per a l&#039;agricultura europea.\",\"publisher\":{\"@id\":\"https:\/\/www.agrolac.com\/fr\/#organization\"},\"potentialAction\":[{\"@type\":\"SearchAction\",\"target\":{\"@type\":\"EntryPoint\",\"urlTemplate\":\"https:\/\/www.agrolac.com\/fr\/?s={search_term_string}\"},\"query-input\":{\"@type\":\"PropertyValueSpecification\",\"valueRequired\":true,\"valueName\":\"search_term_string\"}}],\"inLanguage\":\"fr-FR\"},{\"@type\":\"Organization\",\"@id\":\"https:\/\/www.agrolac.com\/fr\/#organization\",\"name\":\"VICORQUIMIA\",\"url\":\"https:\/\/www.agrolac.com\/fr\/\",\"logo\":{\"@type\":\"ImageObject\",\"inLanguage\":\"fr-FR\",\"@id\":\"https:\/\/www.agrolac.com\/fr\/#\/schema\/logo\/image\/\",\"url\":\"https:\/\/www.agrolac.com\/wp-content\/uploads\/2025\/10\/agrolac-logo.svg\",\"contentUrl\":\"https:\/\/www.agrolac.com\/wp-content\/uploads\/2025\/10\/agrolac-logo.svg\",\"caption\":\"VICORQUIMIA\"},\"image\":{\"@id\":\"https:\/\/www.agrolac.com\/fr\/#\/schema\/logo\/image\/\"},\"sameAs\":[\"https:\/\/www.linkedin.com\/company\/vicorquimia\/\"]}]}<\/script>\n<!-- \/ Yoast SEO plugin. -->","yoast_head_json":{"title":"Politique de confidentialit\u00e9 - Agrolac","description":"Consultez la politique de protection des donn\u00e9es de VICORQUIMIA SA et connaissez vos droits en mati\u00e8re de confidentialit\u00e9, d'utilisation de cookies et de formulaires web.","robots":{"index":"index","follow":"follow","max-snippet":"max-snippet:-1","max-image-preview":"max-image-preview:large","max-video-preview":"max-video-preview:-1"},"canonical":"https:\/\/www.agrolac.com\/fr\/politique-de-confidentialite\/","og_locale":"fr_FR","og_type":"article","og_title":"Politique de confidentialit\u00e9 - Agrolac","og_description":"Consultez la politique de protection des donn\u00e9es de VICORQUIMIA SA et connaissez vos droits en mati\u00e8re de confidentialit\u00e9, d'utilisation de cookies et de formulaires web.","og_url":"https:\/\/www.agrolac.com\/fr\/politique-de-confidentialite\/","og_site_name":"Agrolac","twitter_card":"summary_large_image","twitter_misc":{"Est. reading time":"7 minutes"},"schema":{"@context":"https:\/\/schema.org","@graph":[{"@type":"WebPage","@id":"https:\/\/www.agrolac.com\/fr\/politique-de-confidentialite\/","url":"https:\/\/www.agrolac.com\/fr\/politique-de-confidentialite\/","name":"Politique de confidentialit\u00e9 - Agrolac","isPartOf":{"@id":"https:\/\/www.agrolac.com\/fr\/#website"},"datePublished":"2023-05-30T14:29:54+00:00","description":"Consultez la politique de protection des donn\u00e9es de VICORQUIMIA SA et connaissez vos droits en mati\u00e8re de confidentialit\u00e9, d'utilisation de cookies et de formulaires web.","breadcrumb":{"@id":"https:\/\/www.agrolac.com\/fr\/politique-de-confidentialite\/#breadcrumb"},"inLanguage":"fr-FR","potentialAction":[{"@type":"ReadAction","target":["https:\/\/www.agrolac.com\/fr\/politique-de-confidentialite\/"]}]},{"@type":"BreadcrumbList","@id":"https:\/\/www.agrolac.com\/fr\/politique-de-confidentialite\/#breadcrumb","itemListElement":[{"@type":"ListItem","position":1,"name":"Accueil","item":"https:\/\/www.agrolac.com\/fr\/accueil\/"},{"@type":"ListItem","position":2,"name":"Politique de confidentialit\u00e9"}]},{"@type":"WebSite","@id":"https:\/\/www.agrolac.com\/fr\/#website","url":"https:\/\/www.agrolac.com\/fr\/","name":"VICORQUIMIA","description":"Agrolac \u00e9s una empresa de Barcelona, fundada el 1982, especialitzada en distribuci\u00f3 de productes agroqu\u00edmics per a l&#039;agricultura europea.","publisher":{"@id":"https:\/\/www.agrolac.com\/fr\/#organization"},"potentialAction":[{"@type":"SearchAction","target":{"@type":"EntryPoint","urlTemplate":"https:\/\/www.agrolac.com\/fr\/?s={search_term_string}"},"query-input":{"@type":"PropertyValueSpecification","valueRequired":true,"valueName":"search_term_string"}}],"inLanguage":"fr-FR"},{"@type":"Organization","@id":"https:\/\/www.agrolac.com\/fr\/#organization","name":"VICORQUIMIA","url":"https:\/\/www.agrolac.com\/fr\/","logo":{"@type":"ImageObject","inLanguage":"fr-FR","@id":"https:\/\/www.agrolac.com\/fr\/#\/schema\/logo\/image\/","url":"https:\/\/www.agrolac.com\/wp-content\/uploads\/2025\/10\/agrolac-logo.svg","contentUrl":"https:\/\/www.agrolac.com\/wp-content\/uploads\/2025\/10\/agrolac-logo.svg","caption":"VICORQUIMIA"},"image":{"@id":"https:\/\/www.agrolac.com\/fr\/#\/schema\/logo\/image\/"},"sameAs":["https:\/\/www.linkedin.com\/company\/vicorquimia\/"]}]}},"_links":{"self":[{"href":"https:\/\/www.agrolac.com\/fr\/wp-json\/wp\/v2\/pages\/2071","targetHints":{"allow":["GET"]}}],"collection":[{"href":"https:\/\/www.agrolac.com\/fr\/wp-json\/wp\/v2\/pages"}],"about":[{"href":"https:\/\/www.agrolac.com\/fr\/wp-json\/wp\/v2\/types\/page"}],"author":[{"embeddable":true,"href":"https:\/\/www.agrolac.com\/fr\/wp-json\/wp\/v2\/users\/3"}],"replies":[{"embeddable":true,"href":"https:\/\/www.agrolac.com\/fr\/wp-json\/wp\/v2\/comments?post=2071"}],"version-history":[{"count":0,"href":"https:\/\/www.agrolac.com\/fr\/wp-json\/wp\/v2\/pages\/2071\/revisions"}],"wp:attachment":[{"href":"https:\/\/www.agrolac.com\/fr\/wp-json\/wp\/v2\/media?parent=2071"}],"curies":[{"name":"wp","href":"https:\/\/api.w.org\/{rel}","templated":true}]}}