{"id":1873,"date":"2023-04-27T16:23:54","date_gmt":"2023-04-27T14:23:54","guid":{"rendered":"https:\/\/www.agrolac.com\/logistique-et-distribution\/"},"modified":"2026-03-01T11:44:26","modified_gmt":"2026-03-01T10:44:26","slug":"logistique-et-distribution","status":"publish","type":"page","link":"https:\/\/www.agrolac.com\/fr\/logistique-et-distribution\/","title":{"rendered":"AG LifeSolutions"},"content":{"rendered":"\t\t<div data-elementor-type=\"wp-page\" data-elementor-id=\"1873\" class=\"elementor elementor-1873 elementor-258\" data-elementor-post-type=\"page\">\n\t\t\t\t<div class=\"elementor-element elementor-element-dcd2fe6 e-flex e-con-boxed e-con e-parent\" data-id=\"dcd2fe6\" data-element_type=\"container\" data-e-type=\"container\">\n\t\t\t\t\t<div class=\"e-con-inner\">\n\t\t\t\t<div class=\"elementor-element elementor-element-2408c4d elementor-widget elementor-widget-image\" data-id=\"2408c4d\" data-element_type=\"widget\" data-e-type=\"widget\" data-widget_type=\"image.default\">\n\t\t\t\t\t\t\t\t\t\t\t\t\t\t\t<img decoding=\"async\" width=\"265\" height=\"38\" src=\"https:\/\/www.agrolac.com\/wp-content\/uploads\/2025\/12\/lifesolutions.png\" class=\"attachment-large size-large wp-image-5063\" alt=\"\" \/>\t\t\t\t\t\t\t\t\t\t\t\t\t\t\t<\/div>\n\t\t\t\t\t<\/div>\n\t\t\t\t<\/div>\n\t\t<div class=\"elementor-element elementor-element-45af55a e-flex e-con-boxed e-con e-parent\" data-id=\"45af55a\" data-element_type=\"container\" data-e-type=\"container\">\n\t\t\t\t\t<div class=\"e-con-inner\">\n\t\t<div class=\"elementor-element elementor-element-84b3a42 e-con-full e-flex e-con e-child\" data-id=\"84b3a42\" data-element_type=\"container\" data-e-type=\"container\">\n\t\t\t\t<div class=\"elementor-element elementor-element-1e2094f elementor-widget elementor-widget-heading\" data-id=\"1e2094f\" data-element_type=\"widget\" data-e-type=\"widget\" data-widget_type=\"heading.default\">\n\t\t\t\t\t<h2 class=\"elementor-heading-title elementor-size-default\">L'innovation biologique pour une agriculture plus s\u00fbre, plus propre et plus durable\n<\/h2>\t\t\t\t<\/div>\n\t\t\t\t<div class=\"elementor-element elementor-element-18fd428 elementor-widget elementor-widget-text-editor\" data-id=\"18fd428\" data-element_type=\"widget\" data-e-type=\"widget\" data-widget_type=\"text-editor.default\">\n\t\t\t\t\t\t\t\t\t<p class=\"p1\">Chez <strong>Agrolac<\/strong>, nous croyons en une agriculture respectueuse de l&rsquo;environnement, techniquement solide et tourn\u00e9e vers l&rsquo;avenir. C&rsquo;est pourquoi nous promouvons le programme <span class=\"s1\"><b>AG LifeSolutions<\/b><\/span>notre propre initiative de recherche appliqu\u00e9e et de d\u00e9veloppement de solutions biologiques de pointe. <span class=\"s1\"><b>de recherche appliqu\u00e9e et de d\u00e9veloppement de solutions biologiques haut de gamme<\/b><\/span>dans le but d&rsquo;offrir des alternatives plus propres, plus s\u00fbres et sans r\u00e9sidus. <\/p><p class=\"p1\"><span class=\"s1\">Nous collaborons activement avec des <\/span><b>centres de recherche et de d\u00e9veloppement sur la sant\u00e9 des plantes<\/b><span class=\"s1\"> en Europe et en Asie et, dans certains cas, nous b\u00e9n\u00e9ficions du soutien du <\/span><b>Centre espagnol pour le d\u00e9veloppement de la technologie industrielle (CDTI)<\/b><span class=\"s1\">. <\/span>Gr\u00e2ce \u00e0 notre \u00e9quipe de r\u00e9glementation, chaque ligne de recherche est orient\u00e9e vers un produit homologu\u00e9 et pr\u00eat \u00e0 \u00eatre utilis\u00e9 commercialement. <span class=\"s1\"><b>enregistr\u00e9 et pr\u00eat \u00e0 l&#8217;emploi commercial<\/b><\/span>en conformit\u00e9 avec les r\u00e9glementations en vigueur.<\/p>\t\t\t\t\t\t\t\t<\/div>\n\t\t<div class=\"elementor-element elementor-element-45f1835 e-con-full e-flex e-con e-child\" data-id=\"45f1835\" data-element_type=\"container\" data-e-type=\"container\">\n\t\t\t\t<div class=\"elementor-element elementor-element-3fd400a elementor-widget__width-inherit elementor-widget elementor-widget-gallery\" data-id=\"3fd400a\" data-element_type=\"widget\" data-e-type=\"widget\" data-settings=\"{&quot;gap&quot;:{&quot;unit&quot;:&quot;px&quot;,&quot;size&quot;:30,&quot;sizes&quot;:[]},&quot;gallery_layout&quot;:&quot;justified&quot;,&quot;ideal_row_height&quot;:{&quot;unit&quot;:&quot;px&quot;,&quot;size&quot;:300,&quot;sizes&quot;:[]},&quot;lazyload&quot;:&quot;yes&quot;,&quot;ideal_row_height_tablet&quot;:{&quot;unit&quot;:&quot;px&quot;,&quot;size&quot;:150,&quot;sizes&quot;:[]},&quot;ideal_row_height_mobile&quot;:{&quot;unit&quot;:&quot;px&quot;,&quot;size&quot;:150,&quot;sizes&quot;:[]},&quot;gap_tablet&quot;:{&quot;unit&quot;:&quot;px&quot;,&quot;size&quot;:10,&quot;sizes&quot;:[]},&quot;gap_mobile&quot;:{&quot;unit&quot;:&quot;px&quot;,&quot;size&quot;:10,&quot;sizes&quot;:[]},&quot;overlay_background&quot;:&quot;yes&quot;,&quot;content_hover_animation&quot;:&quot;fade-in&quot;}\" data-widget_type=\"gallery.default\">\n\t\t\t\t\t\t\t<div class=\"elementor-gallery__container\">\n\t\t\t\t\t\t\t<div class=\"e-gallery-item elementor-gallery-item elementor-animated-content\">\n\t\t\t\t\t<div class=\"e-gallery-image elementor-gallery-item__image\" data-thumbnail=\"https:\/\/www.agrolac.com\/wp-content\/uploads\/2025\/12\/pimientoT-2-204x300.jpg\" data-width=\"204\" data-height=\"300\" aria-label=\"\" role=\"img\" ><\/div>\n\t\t\t\t\t\t\t\t\t\t\t<div class=\"elementor-gallery-item__overlay\"><\/div>\n\t\t\t\t\t\t\t\t\t\t\t\t\t\t<\/div>\n\t\t\t\t\t\t\t<div class=\"e-gallery-item elementor-gallery-item elementor-animated-content\">\n\t\t\t\t\t<div class=\"e-gallery-image elementor-gallery-item__image\" data-thumbnail=\"https:\/\/www.agrolac.com\/wp-content\/uploads\/2025\/12\/peraT-1-204x300.jpg\" data-width=\"204\" data-height=\"300\" aria-label=\"\" role=\"img\" ><\/div>\n\t\t\t\t\t\t\t\t\t\t\t<div class=\"elementor-gallery-item__overlay\"><\/div>\n\t\t\t\t\t\t\t\t\t\t\t\t\t\t<\/div>\n\t\t\t\t\t\t\t<div class=\"e-gallery-item elementor-gallery-item elementor-animated-content\">\n\t\t\t\t\t<div class=\"e-gallery-image elementor-gallery-item__image\" data-thumbnail=\"https:\/\/www.agrolac.com\/wp-content\/uploads\/2025\/12\/almendraT-3-204x300.jpg\" data-width=\"204\" data-height=\"300\" aria-label=\"\" role=\"img\" ><\/div>\n\t\t\t\t\t\t\t\t\t\t\t<div class=\"elementor-gallery-item__overlay\"><\/div>\n\t\t\t\t\t\t\t\t\t\t\t\t\t\t<\/div>\n\t\t\t\t\t\t\t<div class=\"e-gallery-item elementor-gallery-item elementor-animated-content\">\n\t\t\t\t\t<div class=\"e-gallery-image elementor-gallery-item__image\" data-thumbnail=\"https:\/\/www.agrolac.com\/wp-content\/uploads\/2025\/12\/manzanaT-1-204x300.jpg\" data-width=\"204\" data-height=\"300\" aria-label=\"\" role=\"img\" ><\/div>\n\t\t\t\t\t\t\t\t\t\t\t<div class=\"elementor-gallery-item__overlay\"><\/div>\n\t\t\t\t\t\t\t\t\t\t\t\t\t\t<\/div>\n\t\t\t\t\t\t\t<div class=\"e-gallery-item elementor-gallery-item elementor-animated-content\">\n\t\t\t\t\t<div class=\"e-gallery-image elementor-gallery-item__image\" data-thumbnail=\"https:\/\/www.agrolac.com\/wp-content\/uploads\/2025\/12\/tomateT-1-204x300.jpg\" data-width=\"204\" data-height=\"300\" aria-label=\"\" role=\"img\" ><\/div>\n\t\t\t\t\t\t\t\t\t\t\t<div class=\"elementor-gallery-item__overlay\"><\/div>\n\t\t\t\t\t\t\t\t\t\t\t\t\t\t<\/div>\n\t\t\t\t\t<\/div>\n\t\t\t\t\t<\/div>\n\t\t\t\t<\/div>\n\t\t\t\t<\/div>\n\t\t\t\t\t<\/div>\n\t\t\t\t<\/div>\n\t\t<div class=\"elementor-element elementor-element-ebd4938 e-flex e-con-boxed e-con e-parent\" data-id=\"ebd4938\" data-element_type=\"container\" data-e-type=\"container\">\n\t\t\t\t\t<div class=\"e-con-inner\">\n\t\t<div class=\"elementor-element elementor-element-d74198f e-con-full e-flex e-con e-child\" data-id=\"d74198f\" data-element_type=\"container\" data-e-type=\"container\">\n\t\t<div class=\"elementor-element elementor-element-86de17d e-con-full e-flex e-con e-child\" data-id=\"86de17d\" data-element_type=\"container\" data-e-type=\"container\">\n\t\t\t\t<div class=\"elementor-element elementor-element-dc82c0d elementor-widget__width-initial elementor-widget elementor-widget-text-editor\" data-id=\"dc82c0d\" data-element_type=\"widget\" data-e-type=\"widget\" data-widget_type=\"text-editor.default\">\n\t\t\t\t\t\t\t\t\t<h4><b>Principaux axes de recherche :<\/b><\/h4><ul><li><p class=\"p1\"><span class=\"s1\"><b>AGRC-0114<\/b><\/span> &#8211; R\u00e9gulateurs de croissance d&rsquo;origine biologique.<\/p><\/li><li><p class=\"p1\"><span class=\"s1\"><b>AGFU-0214<\/b><\/span> &#8211; Fongicides biologiques formul\u00e9s \u00e0 partir de souches sp\u00e9cifiques de <i>Streptomyces<\/i>.<\/p><\/li><li><p class=\"p1\"><span class=\"s1\"><b>AGFN-0116<\/b><\/span> &#8211; Solutions multi-effets (fongicide + n\u00e9maticide + stimulateur de croissance) \u00e0 base de <i>Trichoderma<\/i>.<\/p><\/li><li><p class=\"p1\"><span class=\"s1\"><b>AGBA-0617<\/b><\/span> &#8211; Bact\u00e9ricides d&rsquo;origine naturelle pour les cultures sensibles.<\/p><\/li><li><p class=\"p1\"><span class=\"s1\"><b>AGBE-0717<\/b><\/span> &#8211; Biostimulants formul\u00e9s avec des consortiums de mycorhizes et d&rsquo;autres micro-organismes b\u00e9n\u00e9fiques.<\/p><\/li><\/ul>\t\t\t\t\t\t\t\t<\/div>\n\t\t\t\t<\/div>\n\t\t\t\t<\/div>\n\t\t<div class=\"elementor-element elementor-element-0597f52 e-con-full e-flex e-con e-child\" data-id=\"0597f52\" data-element_type=\"container\" data-e-type=\"container\">\n\t\t<div class=\"elementor-element elementor-element-78fb924 e-con-full e-flex e-con e-child\" data-id=\"78fb924\" data-element_type=\"container\" data-e-type=\"container\">\n\t\t\t\t<div class=\"elementor-element elementor-element-f2bb6aa elementor-widget elementor-widget-text-editor\" data-id=\"f2bb6aa\" data-element_type=\"widget\" data-e-type=\"widget\" data-widget_type=\"text-editor.default\">\n\t\t\t\t\t\t\t\t\t<h4><b>Application des connaissances scientifiques<\/b><\/h4><p class=\"p3\">A travers <span class=\"s2\"><b>AG LifeSolutions<\/b><\/span>nous transformons les connaissances scientifiques en produits r\u00e9els, en associant le talent universitaire aux d\u00e9fis actuels de l&rsquo;agriculteur. Les diff\u00e9rents axes de recherche ont donn\u00e9 naissance \u00e0 des produits d\u00e9j\u00e0 homologu\u00e9s ou \u00e0 un stade avanc\u00e9 de d\u00e9veloppement, destin\u00e9s tant \u00e0 l&rsquo;agriculture conventionnelle qu&rsquo;\u00e0 l&rsquo;agriculture biologique. <\/p><p class=\"p3\">Ces solutions techniques sont con\u00e7ues pour \u00eatre int\u00e9gr\u00e9es dans <span class=\"s2\"><b>strat\u00e9gies de production durable<\/b><\/span>Ces solutions techniques sont con\u00e7ues pour \u00eatre int\u00e9gr\u00e9es dans des strat\u00e9gies de production durable, conformes aux normes r\u00e9glementaires les plus strictes.<\/p><p> <\/p><h4><b>Engagement en faveur de l&rsquo;innovation responsable<\/b><\/h4><p class=\"p3\">Depuis 12 ans, <span class=\"s2\"><b>Agrolac<\/b><\/span> a continuellement investi dans <span class=\"s2\"><b>la connaissance, le d\u00e9veloppement et la collaboration scientifique<\/b><\/span>.<\/p><p class=\"p3\">Gr\u00e2ce \u00e0 cet effort, le projet AG LifeSolutions a g\u00e9n\u00e9r\u00e9 plus de <span class=\"s2\"><b>10 r\u00e9f\u00e9rences biologiques exclusives<\/b><\/span>y compris des phytor\u00e9gulateurs, des biostimulants et des engrais sp\u00e9ciaux d&rsquo;origine naturelle, d\u00e9velopp\u00e9s en collaboration avec des universit\u00e9s et des centres technologiques en Europe et en Asie.<\/p><p class=\"p3\">Il y a actuellement <span class=\"s2\"><b>trois nouveaux projets en cours de r\u00e9alisation<\/b><\/span>Ils viendront enrichir notre portefeuille dans les ann\u00e9es \u00e0 venir et renforceront notre engagement en faveur d&rsquo;une agriculture efficace, durable et tourn\u00e9e vers l&rsquo;avenir.<\/p>\t\t\t\t\t\t\t\t<\/div>\n\t\t\t\t<\/div>\n\t\t\t\t<\/div>\n\t\t\t\t\t<\/div>\n\t\t\t\t<\/div>\n\t\t\t\t<\/div>\n\t\t","protected":false},"excerpt":{"rendered":"<p>L&rsquo;innovation biologique pour une agriculture plus s\u00fbre, plus propre et plus durable Chez Agrolac, nous croyons en une agriculture respectueuse de l&rsquo;environnement, techniquement solide et tourn\u00e9e vers l&rsquo;avenir. C&rsquo;est pourquoi nous promouvons le programme AG LifeSolutionsnotre propre initiative de recherche appliqu\u00e9e et de d\u00e9veloppement de solutions biologiques de pointe. de recherche appliqu\u00e9e et de d\u00e9veloppement [&hellip;]<\/p>\n","protected":false},"author":3,"featured_media":5045,"parent":0,"menu_order":0,"comment_status":"closed","ping_status":"closed","template":"","meta":{"_acf_changed":false,"_joinchat":[],"footnotes":""},"class_list":["post-1873","page","type-page","status-publish","has-post-thumbnail","hentry"],"acf":[],"yoast_head":"<!-- This site is optimized with the Yoast SEO plugin v27.1.1 - https:\/\/yoast.com\/product\/yoast-seo-wordpress\/ -->\n<title>AG LifeSolutions - Agrolac<\/title>\n<meta name=\"description\" content=\"Nous recherchons et d\u00e9veloppons des solutions biologiques haut de gamme pour une agriculture plus propre, plus s\u00fbre et sans r\u00e9sidus. Projet AG LifeSolutions.\" \/>\n<meta name=\"robots\" content=\"index, follow, max-snippet:-1, max-image-preview:large, max-video-preview:-1\" \/>\n<link rel=\"canonical\" href=\"https:\/\/www.agrolac.com\/fr\/logistique-et-distribution\/\" \/>\n<meta property=\"og:locale\" content=\"fr_FR\" \/>\n<meta property=\"og:type\" content=\"article\" \/>\n<meta property=\"og:title\" content=\"AG LifeSolutions - Agrolac\" \/>\n<meta property=\"og:description\" content=\"Nous recherchons et d\u00e9veloppons des solutions biologiques haut de gamme pour une agriculture plus propre, plus s\u00fbre et sans r\u00e9sidus. Projet AG LifeSolutions.\" \/>\n<meta property=\"og:url\" content=\"https:\/\/www.agrolac.com\/fr\/logistique-et-distribution\/\" \/>\n<meta property=\"og:site_name\" content=\"Agrolac\" \/>\n<meta property=\"article:modified_time\" content=\"2026-03-01T10:44:26+00:00\" \/>\n<meta property=\"og:image\" content=\"https:\/\/www.agrolac.com\/wp-content\/uploads\/2025\/12\/aglife.jpg\" \/>\n\t<meta property=\"og:image:width\" content=\"600\" \/>\n\t<meta property=\"og:image:height\" content=\"428\" \/>\n\t<meta property=\"og:image:type\" content=\"image\/jpeg\" \/>\n<meta name=\"twitter:card\" content=\"summary_large_image\" \/>\n<meta name=\"twitter:label1\" content=\"Est. reading time\" \/>\n\t<meta name=\"twitter:data1\" content=\"2 minutes\" \/>\n<script type=\"application\/ld+json\" class=\"yoast-schema-graph\">{\"@context\":\"https:\/\/schema.org\",\"@graph\":[{\"@type\":\"WebPage\",\"@id\":\"https:\/\/www.agrolac.com\/fr\/logistique-et-distribution\/\",\"url\":\"https:\/\/www.agrolac.com\/fr\/logistique-et-distribution\/\",\"name\":\"AG LifeSolutions - Agrolac\",\"isPartOf\":{\"@id\":\"https:\/\/www.agrolac.com\/fr\/#website\"},\"primaryImageOfPage\":{\"@id\":\"https:\/\/www.agrolac.com\/fr\/logistique-et-distribution\/#primaryimage\"},\"image\":{\"@id\":\"https:\/\/www.agrolac.com\/fr\/logistique-et-distribution\/#primaryimage\"},\"thumbnailUrl\":\"https:\/\/www.agrolac.com\/wp-content\/uploads\/2025\/12\/aglife.jpg\",\"datePublished\":\"2023-04-27T14:23:54+00:00\",\"dateModified\":\"2026-03-01T10:44:26+00:00\",\"description\":\"Nous recherchons et d\u00e9veloppons des solutions biologiques haut de gamme pour une agriculture plus propre, plus s\u00fbre et sans r\u00e9sidus. Projet AG LifeSolutions.\",\"breadcrumb\":{\"@id\":\"https:\/\/www.agrolac.com\/fr\/logistique-et-distribution\/#breadcrumb\"},\"inLanguage\":\"fr-FR\",\"potentialAction\":[{\"@type\":\"ReadAction\",\"target\":[\"https:\/\/www.agrolac.com\/fr\/logistique-et-distribution\/\"]}]},{\"@type\":\"ImageObject\",\"inLanguage\":\"fr-FR\",\"@id\":\"https:\/\/www.agrolac.com\/fr\/logistique-et-distribution\/#primaryimage\",\"url\":\"https:\/\/www.agrolac.com\/wp-content\/uploads\/2025\/12\/aglife.jpg\",\"contentUrl\":\"https:\/\/www.agrolac.com\/wp-content\/uploads\/2025\/12\/aglife.jpg\",\"width\":600,\"height\":428},{\"@type\":\"BreadcrumbList\",\"@id\":\"https:\/\/www.agrolac.com\/fr\/logistique-et-distribution\/#breadcrumb\",\"itemListElement\":[{\"@type\":\"ListItem\",\"position\":1,\"name\":\"Accueil\",\"item\":\"https:\/\/www.agrolac.com\/fr\/accueil\/\"},{\"@type\":\"ListItem\",\"position\":2,\"name\":\"AG LifeSolutions\"}]},{\"@type\":\"WebSite\",\"@id\":\"https:\/\/www.agrolac.com\/fr\/#website\",\"url\":\"https:\/\/www.agrolac.com\/fr\/\",\"name\":\"VICORQUIMIA\",\"description\":\"Agrolac \u00e9s una empresa de Barcelona, fundada el 1982, especialitzada en distribuci\u00f3 de productes agroqu\u00edmics per a l&#039;agricultura europea.\",\"publisher\":{\"@id\":\"https:\/\/www.agrolac.com\/fr\/#organization\"},\"potentialAction\":[{\"@type\":\"SearchAction\",\"target\":{\"@type\":\"EntryPoint\",\"urlTemplate\":\"https:\/\/www.agrolac.com\/fr\/?s={search_term_string}\"},\"query-input\":{\"@type\":\"PropertyValueSpecification\",\"valueRequired\":true,\"valueName\":\"search_term_string\"}}],\"inLanguage\":\"fr-FR\"},{\"@type\":\"Organization\",\"@id\":\"https:\/\/www.agrolac.com\/fr\/#organization\",\"name\":\"VICORQUIMIA\",\"url\":\"https:\/\/www.agrolac.com\/fr\/\",\"logo\":{\"@type\":\"ImageObject\",\"inLanguage\":\"fr-FR\",\"@id\":\"https:\/\/www.agrolac.com\/fr\/#\/schema\/logo\/image\/\",\"url\":\"https:\/\/www.agrolac.com\/wp-content\/uploads\/2025\/10\/agrolac-logo.svg\",\"contentUrl\":\"https:\/\/www.agrolac.com\/wp-content\/uploads\/2025\/10\/agrolac-logo.svg\",\"caption\":\"VICORQUIMIA\"},\"image\":{\"@id\":\"https:\/\/www.agrolac.com\/fr\/#\/schema\/logo\/image\/\"},\"sameAs\":[\"https:\/\/www.linkedin.com\/company\/vicorquimia\/\"]}]}<\/script>\n<!-- \/ Yoast SEO plugin. -->","yoast_head_json":{"title":"AG LifeSolutions - Agrolac","description":"Nous recherchons et d\u00e9veloppons des solutions biologiques haut de gamme pour une agriculture plus propre, plus s\u00fbre et sans r\u00e9sidus. Projet AG LifeSolutions.","robots":{"index":"index","follow":"follow","max-snippet":"max-snippet:-1","max-image-preview":"max-image-preview:large","max-video-preview":"max-video-preview:-1"},"canonical":"https:\/\/www.agrolac.com\/fr\/logistique-et-distribution\/","og_locale":"fr_FR","og_type":"article","og_title":"AG LifeSolutions - Agrolac","og_description":"Nous recherchons et d\u00e9veloppons des solutions biologiques haut de gamme pour une agriculture plus propre, plus s\u00fbre et sans r\u00e9sidus. Projet AG LifeSolutions.","og_url":"https:\/\/www.agrolac.com\/fr\/logistique-et-distribution\/","og_site_name":"Agrolac","article_modified_time":"2026-03-01T10:44:26+00:00","og_image":[{"width":600,"height":428,"url":"https:\/\/www.agrolac.com\/wp-content\/uploads\/2025\/12\/aglife.jpg","type":"image\/jpeg"}],"twitter_card":"summary_large_image","twitter_misc":{"Est. reading time":"2 minutes"},"schema":{"@context":"https:\/\/schema.org","@graph":[{"@type":"WebPage","@id":"https:\/\/www.agrolac.com\/fr\/logistique-et-distribution\/","url":"https:\/\/www.agrolac.com\/fr\/logistique-et-distribution\/","name":"AG LifeSolutions - Agrolac","isPartOf":{"@id":"https:\/\/www.agrolac.com\/fr\/#website"},"primaryImageOfPage":{"@id":"https:\/\/www.agrolac.com\/fr\/logistique-et-distribution\/#primaryimage"},"image":{"@id":"https:\/\/www.agrolac.com\/fr\/logistique-et-distribution\/#primaryimage"},"thumbnailUrl":"https:\/\/www.agrolac.com\/wp-content\/uploads\/2025\/12\/aglife.jpg","datePublished":"2023-04-27T14:23:54+00:00","dateModified":"2026-03-01T10:44:26+00:00","description":"Nous recherchons et d\u00e9veloppons des solutions biologiques haut de gamme pour une agriculture plus propre, plus s\u00fbre et sans r\u00e9sidus. Projet AG LifeSolutions.","breadcrumb":{"@id":"https:\/\/www.agrolac.com\/fr\/logistique-et-distribution\/#breadcrumb"},"inLanguage":"fr-FR","potentialAction":[{"@type":"ReadAction","target":["https:\/\/www.agrolac.com\/fr\/logistique-et-distribution\/"]}]},{"@type":"ImageObject","inLanguage":"fr-FR","@id":"https:\/\/www.agrolac.com\/fr\/logistique-et-distribution\/#primaryimage","url":"https:\/\/www.agrolac.com\/wp-content\/uploads\/2025\/12\/aglife.jpg","contentUrl":"https:\/\/www.agrolac.com\/wp-content\/uploads\/2025\/12\/aglife.jpg","width":600,"height":428},{"@type":"BreadcrumbList","@id":"https:\/\/www.agrolac.com\/fr\/logistique-et-distribution\/#breadcrumb","itemListElement":[{"@type":"ListItem","position":1,"name":"Accueil","item":"https:\/\/www.agrolac.com\/fr\/accueil\/"},{"@type":"ListItem","position":2,"name":"AG LifeSolutions"}]},{"@type":"WebSite","@id":"https:\/\/www.agrolac.com\/fr\/#website","url":"https:\/\/www.agrolac.com\/fr\/","name":"VICORQUIMIA","description":"Agrolac \u00e9s una empresa de Barcelona, fundada el 1982, especialitzada en distribuci\u00f3 de productes agroqu\u00edmics per a l&#039;agricultura europea.","publisher":{"@id":"https:\/\/www.agrolac.com\/fr\/#organization"},"potentialAction":[{"@type":"SearchAction","target":{"@type":"EntryPoint","urlTemplate":"https:\/\/www.agrolac.com\/fr\/?s={search_term_string}"},"query-input":{"@type":"PropertyValueSpecification","valueRequired":true,"valueName":"search_term_string"}}],"inLanguage":"fr-FR"},{"@type":"Organization","@id":"https:\/\/www.agrolac.com\/fr\/#organization","name":"VICORQUIMIA","url":"https:\/\/www.agrolac.com\/fr\/","logo":{"@type":"ImageObject","inLanguage":"fr-FR","@id":"https:\/\/www.agrolac.com\/fr\/#\/schema\/logo\/image\/","url":"https:\/\/www.agrolac.com\/wp-content\/uploads\/2025\/10\/agrolac-logo.svg","contentUrl":"https:\/\/www.agrolac.com\/wp-content\/uploads\/2025\/10\/agrolac-logo.svg","caption":"VICORQUIMIA"},"image":{"@id":"https:\/\/www.agrolac.com\/fr\/#\/schema\/logo\/image\/"},"sameAs":["https:\/\/www.linkedin.com\/company\/vicorquimia\/"]}]}},"_links":{"self":[{"href":"https:\/\/www.agrolac.com\/fr\/wp-json\/wp\/v2\/pages\/1873","targetHints":{"allow":["GET"]}}],"collection":[{"href":"https:\/\/www.agrolac.com\/fr\/wp-json\/wp\/v2\/pages"}],"about":[{"href":"https:\/\/www.agrolac.com\/fr\/wp-json\/wp\/v2\/types\/page"}],"author":[{"embeddable":true,"href":"https:\/\/www.agrolac.com\/fr\/wp-json\/wp\/v2\/users\/3"}],"replies":[{"embeddable":true,"href":"https:\/\/www.agrolac.com\/fr\/wp-json\/wp\/v2\/comments?post=1873"}],"version-history":[{"count":0,"href":"https:\/\/www.agrolac.com\/fr\/wp-json\/wp\/v2\/pages\/1873\/revisions"}],"wp:featuredmedia":[{"embeddable":true,"href":"https:\/\/www.agrolac.com\/fr\/wp-json\/wp\/v2\/media\/5045"}],"wp:attachment":[{"href":"https:\/\/www.agrolac.com\/fr\/wp-json\/wp\/v2\/media?parent=1873"}],"curies":[{"name":"wp","href":"https:\/\/api.w.org\/{rel}","templated":true}]}}