{"id":1871,"date":"2023-04-27T17:10:54","date_gmt":"2023-04-27T15:10:54","guid":{"rendered":"https:\/\/www.agrolac.com\/avis-juridique\/"},"modified":"2025-08-05T15:07:50","modified_gmt":"2025-08-05T13:07:50","slug":"avis-juridique","status":"publish","type":"page","link":"https:\/\/www.agrolac.com\/fr\/avis-juridique\/","title":{"rendered":"Avis juridique"},"content":{"rendered":"\t\t<div data-elementor-type=\"wp-page\" data-elementor-id=\"1871\" class=\"elementor elementor-1871 elementor-297\" data-elementor-post-type=\"page\">\n\t\t\t\t<div class=\"elementor-element elementor-element-6f1de023 e-flex e-con-boxed e-con e-parent\" data-id=\"6f1de023\" data-element_type=\"container\" data-e-type=\"container\">\n\t\t\t\t\t<div class=\"e-con-inner\">\n\t\t\t\t<div class=\"elementor-element elementor-element-796342ed elementor-widget elementor-widget-text-editor\" data-id=\"796342ed\" data-element_type=\"widget\" data-e-type=\"widget\" data-widget_type=\"text-editor.default\">\n\t\t\t\t\t\t\t\t\t<p><b>AVIS L\u00c9GAL de https:\/\/www.agrolac.com\/<\/b><\/p><h6 class=\"p2\"><b>Introduction<\/b><\/h6><p class=\"p1\">Conform\u00e9ment \u00e0 la loi 34\/2002, du 11 juillet, sur les services de la soci\u00e9t\u00e9 de l&rsquo;information et le commerce \u00e9lectronique (LSSI-CE), VICORQUIMIA SA informe qu&rsquo;elle est propri\u00e9taire du site web. Conform\u00e9ment aux dispositions de l&rsquo;article 10 de la loi susmentionn\u00e9e, VICORQUIMIA SA communique les donn\u00e9es suivantes : <\/p><p class=\"p1\"><b>NOM DE L&rsquo;ENTREPRISE : <\/b>VICORQUIMIA SA<\/p><p class=\"p1\"><b>NUM\u00c9RO D&rsquo;IDENTIFICATION FISCALE :<\/b> A08268153<\/p><p class=\"p1\"><b>DOMAINE :<\/b> https:\/\/www.agrolac.com\/<\/p><p class=\"p1\"><b>ADRESSE POSTALE : <\/b> AV DELS VENTS, 9-13 ESC A 6\u00ba 1\u00aa,08917 BADALONA(BARCELONA)<\/p><p class=\"p1\"><b>ADRESSE \u00c9LECTRONIQUE : <\/b> COMPLIANCE@VICORQUIMIA.COM<\/p><p class=\"p1\"><b>TELEPHONES : <\/b> 932011222<\/p><p class=\"p1\"><b>NUM\u00c9RO D&rsquo;ENREGISTREMENT\/DONN\u00c9ES <\/b><b style=\"font-size: 1rem;\">SUPPL\u00c9MENTAIRE : <\/b> <\/p><p class=\"p1\"><b style=\"font-size: 1rem;\"> <\/b><\/p><h6 class=\"p2\"><b>Utilisateur et r\u00e9gime de responsabilit\u00e9<\/b><\/h6><p class=\"p1\">La navigation, l&rsquo;acc\u00e8s et l&rsquo;utilisation du site web de VICORQUIMIA SA conf\u00e8rent la condition d&rsquo;utilisateur.  <span style=\"font-size: 1rem;\">Le site web de VICORQUIMIA SA fournit un large \u00e9ventail d&rsquo;informations, de services et de donn\u00e9es. Le site   <\/span><span style=\"font-size: 1rem;\">l&rsquo;utilisateur assume la responsabilit\u00e9 de l&rsquo;utilisation correcte du site web. Cette responsabilit\u00e9 s&rsquo;\u00e9tend \u00e0 : <\/span><\/p><ul><li class=\"p1\">La v\u00e9racit\u00e9 et la l\u00e9galit\u00e9 des informations fournies par l&rsquo;utilisateur sur les formulaires fournis par VICORQUIMIA SA pour l&rsquo;acc\u00e8s \u00e0 certains contenus ou services offerts par le site web.<\/li><li class=\"p1\">L&rsquo;utilisation des informations, services et donn\u00e9es offerts par VICORQUIMIA SA contraire aux dispositions des pr\u00e9sentes conditions, \u00e0 la loi, \u00e0 la morale, aux bonnes coutumes ou \u00e0 l&rsquo;ordre public, ou qui, de toute autre mani\u00e8re, peut entra\u00eener des dommages aux droits de tiers ou au fonctionnement du site Web.<\/li><\/ul><h6 class=\"p2\"><b>Politique de liaison et clauses de non-responsabilit\u00e9<\/b><\/h6><p class=\"p1\">VICORQUIMIA SA n&rsquo;est pas responsable du contenu des sites Web auxquels l&rsquo;utilisateur peut acc\u00e9der par le biais des liens \u00e9tablis sur son site Web, \u00e0 condition qu&rsquo;elle n&rsquo;ait pas effectivement connaissance du caract\u00e8re illicite de l&rsquo;activit\u00e9 ou de l&rsquo;information \u00e0 laquelle elle renvoie ou qu&rsquo;elle recommande, ou qu&rsquo;elle porte atteinte \u00e0 la propri\u00e9t\u00e9 ou aux droits d&rsquo;un tiers susceptible d&rsquo;\u00eatre indemnis\u00e9, ou, si elle en a connaissance, qu&rsquo;elle agisse avec diligence pour supprimer ou d\u00e9sactiver le lien correspondant.<\/p><p class=\"p1\">VICORQUIMIA SA est r\u00e9put\u00e9e avoir la connaissance effective vis\u00e9e au paragraphe pr\u00e9c\u00e9dent lorsqu&rsquo;un organe comp\u00e9tent a d\u00e9clar\u00e9 l&rsquo;illic\u00e9it\u00e9 des donn\u00e9es, ordonn\u00e9 leur retrait ou l&rsquo;impossibilit\u00e9 d&rsquo;y acc\u00e9der, ou lorsque l&rsquo;existence du dommage a \u00e9t\u00e9 d\u00e9clar\u00e9e, et que VICORQUIMIA SA a connaissance de la r\u00e9solution correspondante, sans pr\u00e9judice des proc\u00e9dures de d\u00e9tection et de retrait de contenus que VICORQUIMIA SA applique en vertu d&rsquo;accords volontaires et d&rsquo;autres moyens de connaissance effective qui peuvent \u00eatre \u00e9tablis.<\/p><p class=\"p1\">VICORQUIMIA SA d\u00e9clare avoir adopt\u00e9 toutes les mesures n\u00e9cessaires pour \u00e9viter tout dommage aux utilisateurs de son site web, pouvant d\u00e9couler de la navigation sur ce dernier. Par cons\u00e9quent, VICORQUIMIA SA n&rsquo;est en aucun cas responsable des dommages que l&rsquo;utilisateur pourrait subir \u00e0 la suite de sa navigation sur Internet. De m\u00eame, elle ne garantit pas la disponibilit\u00e9 technique, l&rsquo;exactitude, la v\u00e9racit\u00e9, la validit\u00e9 ou la l\u00e9galit\u00e9 des sites ext\u00e9rieurs \u00e0 sa propri\u00e9t\u00e9 auxquels il est possible d&rsquo;acc\u00e9der par le biais de liens.  <\/p><h6 class=\"p2\"><b>Modifications<\/b><\/h6><p class=\"p1\">VICORQUIMIA SA se r\u00e9serve le droit d&rsquo;apporter, \u00e0 tout moment et sans pr\u00e9avis, des modifications et des mises \u00e0 jour \u00e0 l&rsquo;information contenue dans son site Web ou \u00e0 la configuration et \u00e0 la pr\u00e9sentation de celui-ci. Afin de maintenir l&rsquo;information publi\u00e9e \u00e0 jour, les contenus peuvent \u00eatre modifi\u00e9s, corrig\u00e9s, \u00e9limin\u00e9s ou compl\u00e9t\u00e9s \u00e0 tout moment, par tous les moyens autoris\u00e9s par la loi. <\/p><h6 class=\"p2\"><b>Indication de prix<\/b><\/h6><p class=\"p1\">En cas d&rsquo;affichage de prix de produits et\/ou de services, les prix affich\u00e9s \u00e0 l&rsquo;\u00e9cran sont ceux en vigueur \u00e0 tout moment. Les prix sont indiqu\u00e9s en euros et incluent la taxe sur la valeur ajout\u00e9e (TVA). Si la TVA n&rsquo;est pas incluse dans le prix, cela sera express\u00e9ment indiqu\u00e9 et l&rsquo;utilisateur pourra consulter le prix final complet.  <\/p><p class=\"p1\">De m\u00eame, si une autre taxe est applicable, elle doit \u00eatre indiqu\u00e9e, y compris, le cas \u00e9ch\u00e9ant, le montant des majorations ou des r\u00e9ductions applicables \u00e0 l&rsquo;offre et les co\u00fbts suppl\u00e9mentaires qui peuvent \u00eatre r\u00e9percut\u00e9s sur le consommateur ou l&rsquo;utilisateur.<\/p><h6 class=\"p2\"><b>Propri\u00e9t\u00e9 intellectuelle et industrielle<\/b><\/h6><p class=\"p1\">VICORQUIMIA SA, elle-m\u00eame ou en tant que cessionnaire, est titulaire de tous les droits de propri\u00e9t\u00e9 intellectuelle et industrielle de son site Web, ainsi que des \u00e9l\u00e9ments qu&rsquo;il contient (y compris, mais sans s&rsquo;y limiter, les images, le son, l&rsquo;audio, la vid\u00e9o, le logiciel ou les textes ; les marques ou les logos, les combinaisons de couleurs, la structure et la conception, le choix des mat\u00e9riaux utilis\u00e9s, les programmes informatiques n\u00e9cessaires \u00e0 son fonctionnement, \u00e0 son acc\u00e8s et \u00e0 son utilisation, etc. Il s&rsquo;agit donc d&rsquo;\u0153uvres prot\u00e9g\u00e9es en tant que propri\u00e9t\u00e9 intellectuelle par le syst\u00e8me juridique espagnol, auxquelles s&rsquo;appliquent les normes espagnoles et communautaires en la mati\u00e8re, ainsi que les trait\u00e9s internationaux sign\u00e9s par l&rsquo;Espagne en la mati\u00e8re. <\/p><p class=\"p1\">Tous les droits sont r\u00e9serv\u00e9s. Conform\u00e9ment aux dispositions de la loi sur la propri\u00e9t\u00e9 intellectuelle, la reproduction, la distribution et la communication publique, y compris la mise \u00e0 disposition, de tout ou partie du contenu de ce site Web, \u00e0 des fins commerciales, sur tout support et par tout moyen technique, sans l&rsquo;autorisation de VICORQUIMIA SA, sont express\u00e9ment interdites. <\/p><p class=\"p1\">L&rsquo;utilisateur s&rsquo;engage \u00e0 respecter les droits de propri\u00e9t\u00e9 intellectuelle et industrielle d\u00e9tenus par VICORQUIMIA SA. Vous pouvez visualiser les \u00e9l\u00e9ments du portail et m\u00eame les imprimer, les copier et les stocker sur le disque dur de votre ordinateur ou sur tout autre support physique, \u00e0 condition que ce soit uniquement et exclusivement pour votre usage personnel et priv\u00e9. L&rsquo;utilisateur doit s&rsquo;abstenir d&rsquo;effacer, d&rsquo;alt\u00e9rer, d&rsquo;\u00e9luder ou de manipuler tout dispositif de protection ou syst\u00e8me de s\u00e9curit\u00e9 install\u00e9 sur les pages de VICORQUIMIA SA.  <\/p><h6 class=\"p2\"><b>Action en justice, droit applicable et juridiction<\/b><\/h6><p class=\"p1\">Si l&rsquo;utilisateur souhaite d\u00e9poser une plainte, il doit nous contacter par courrier \u00e9lectronique \u00e0 l&rsquo;adresse COMPLIANCE@VICORQUIMIA.COM. VICORQUIMIA SA met \u00e9galement \u00e0 la disposition des consommateurs et des utilisateurs des formulaires de r\u00e9clamation officiels. <\/p><p class=\"p1\">VICORQUIMIA SA se r\u00e9serve le droit d&rsquo;intenter toute action civile ou p\u00e9nale qu&rsquo;elle jugera appropri\u00e9e.<\/p><p class=\"p1\">pour l&rsquo;utilisation inappropri\u00e9e de son site web et de son contenu, ou pour la violation des pr\u00e9sentes conditions.<\/p><p class=\"p1\">La relation entre l&rsquo;utilisateur et le prestataire est r\u00e9gie par la r\u00e9glementation en vigueur et applicable sur le territoire espagnol. En cas de litige, les parties peuvent soumettre leurs diff\u00e9rends \u00e0 l&rsquo;arbitrage ou \u00e0 la juridiction ordinaire conform\u00e9ment aux r\u00e8gles de juridiction et de comp\u00e9tence en la mati\u00e8re. <\/p><p class=\"p1\"><b>Derni\u00e8re mise \u00e0 jour :<\/b> 11 d\u00e9cembre 2024<\/p>\t\t\t\t\t\t\t\t<\/div>\n\t\t\t\t\t<\/div>\n\t\t\t\t<\/div>\n\t\t\t\t<\/div>\n\t\t","protected":false},"excerpt":{"rendered":"<p>AVIS L\u00c9GAL de https:\/\/www.agrolac.com\/ Introduction Conform\u00e9ment \u00e0 la loi 34\/2002, du 11 juillet, sur les services de la soci\u00e9t\u00e9 de l&rsquo;information et le commerce \u00e9lectronique (LSSI-CE), VICORQUIMIA SA informe qu&rsquo;elle est propri\u00e9taire du site web. Conform\u00e9ment aux dispositions de l&rsquo;article 10 de la loi susmentionn\u00e9e, VICORQUIMIA SA communique les donn\u00e9es suivantes : NOM DE L&rsquo;ENTREPRISE [&hellip;]<\/p>\n","protected":false},"author":3,"featured_media":0,"parent":0,"menu_order":0,"comment_status":"closed","ping_status":"closed","template":"","meta":{"_acf_changed":false,"_joinchat":[],"footnotes":""},"class_list":["post-1871","page","type-page","status-publish","hentry"],"acf":[],"yoast_head":"<!-- This site is optimized with the Yoast SEO plugin v27.1.1 - https:\/\/yoast.com\/product\/yoast-seo-wordpress\/ -->\n<title>Avis juridique - Agrolac<\/title>\n<meta name=\"description\" content=\"Informations relatives au respect de l&#039;article 10 de la LSSICE, \u00e0 la protection des donn\u00e9es personnelles, \u00e0 la propri\u00e9t\u00e9 intellectuelle et \u00e0 la responsabilit\u00e9 du contenu.\" \/>\n<meta name=\"robots\" content=\"index, follow, max-snippet:-1, max-image-preview:large, max-video-preview:-1\" \/>\n<link rel=\"canonical\" href=\"https:\/\/www.agrolac.com\/fr\/avis-juridique\/\" \/>\n<meta property=\"og:locale\" content=\"fr_FR\" \/>\n<meta property=\"og:type\" content=\"article\" \/>\n<meta property=\"og:title\" content=\"Avis juridique - Agrolac\" \/>\n<meta property=\"og:description\" content=\"Informations relatives au respect de l&#039;article 10 de la LSSICE, \u00e0 la protection des donn\u00e9es personnelles, \u00e0 la propri\u00e9t\u00e9 intellectuelle et \u00e0 la responsabilit\u00e9 du contenu.\" \/>\n<meta property=\"og:url\" content=\"https:\/\/www.agrolac.com\/fr\/avis-juridique\/\" \/>\n<meta property=\"og:site_name\" content=\"Agrolac\" \/>\n<meta property=\"article:modified_time\" content=\"2025-08-05T13:07:50+00:00\" \/>\n<meta name=\"twitter:card\" content=\"summary_large_image\" \/>\n<meta name=\"twitter:label1\" content=\"Est. reading time\" \/>\n\t<meta name=\"twitter:data1\" content=\"5 minutes\" \/>\n<script type=\"application\/ld+json\" class=\"yoast-schema-graph\">{\"@context\":\"https:\/\/schema.org\",\"@graph\":[{\"@type\":\"WebPage\",\"@id\":\"https:\/\/www.agrolac.com\/fr\/avis-juridique\/\",\"url\":\"https:\/\/www.agrolac.com\/fr\/avis-juridique\/\",\"name\":\"Avis juridique - Agrolac\",\"isPartOf\":{\"@id\":\"https:\/\/www.agrolac.com\/fr\/#website\"},\"datePublished\":\"2023-04-27T15:10:54+00:00\",\"dateModified\":\"2025-08-05T13:07:50+00:00\",\"description\":\"Informations relatives au respect de l'article 10 de la LSSICE, \u00e0 la protection des donn\u00e9es personnelles, \u00e0 la propri\u00e9t\u00e9 intellectuelle et \u00e0 la responsabilit\u00e9 du contenu.\",\"breadcrumb\":{\"@id\":\"https:\/\/www.agrolac.com\/fr\/avis-juridique\/#breadcrumb\"},\"inLanguage\":\"fr-FR\",\"potentialAction\":[{\"@type\":\"ReadAction\",\"target\":[\"https:\/\/www.agrolac.com\/fr\/avis-juridique\/\"]}]},{\"@type\":\"BreadcrumbList\",\"@id\":\"https:\/\/www.agrolac.com\/fr\/avis-juridique\/#breadcrumb\",\"itemListElement\":[{\"@type\":\"ListItem\",\"position\":1,\"name\":\"Accueil\",\"item\":\"https:\/\/www.agrolac.com\/fr\/accueil\/\"},{\"@type\":\"ListItem\",\"position\":2,\"name\":\"Avis juridique\"}]},{\"@type\":\"WebSite\",\"@id\":\"https:\/\/www.agrolac.com\/fr\/#website\",\"url\":\"https:\/\/www.agrolac.com\/fr\/\",\"name\":\"VICORQUIMIA\",\"description\":\"Agrolac \u00e9s una empresa de Barcelona, fundada el 1982, especialitzada en distribuci\u00f3 de productes agroqu\u00edmics per a l&#039;agricultura europea.\",\"publisher\":{\"@id\":\"https:\/\/www.agrolac.com\/fr\/#organization\"},\"potentialAction\":[{\"@type\":\"SearchAction\",\"target\":{\"@type\":\"EntryPoint\",\"urlTemplate\":\"https:\/\/www.agrolac.com\/fr\/?s={search_term_string}\"},\"query-input\":{\"@type\":\"PropertyValueSpecification\",\"valueRequired\":true,\"valueName\":\"search_term_string\"}}],\"inLanguage\":\"fr-FR\"},{\"@type\":\"Organization\",\"@id\":\"https:\/\/www.agrolac.com\/fr\/#organization\",\"name\":\"VICORQUIMIA\",\"url\":\"https:\/\/www.agrolac.com\/fr\/\",\"logo\":{\"@type\":\"ImageObject\",\"inLanguage\":\"fr-FR\",\"@id\":\"https:\/\/www.agrolac.com\/fr\/#\/schema\/logo\/image\/\",\"url\":\"https:\/\/www.agrolac.com\/wp-content\/uploads\/2025\/10\/agrolac-logo.svg\",\"contentUrl\":\"https:\/\/www.agrolac.com\/wp-content\/uploads\/2025\/10\/agrolac-logo.svg\",\"caption\":\"VICORQUIMIA\"},\"image\":{\"@id\":\"https:\/\/www.agrolac.com\/fr\/#\/schema\/logo\/image\/\"},\"sameAs\":[\"https:\/\/www.linkedin.com\/company\/vicorquimia\/\"]}]}<\/script>\n<!-- \/ Yoast SEO plugin. -->","yoast_head_json":{"title":"Avis juridique - Agrolac","description":"Informations relatives au respect de l'article 10 de la LSSICE, \u00e0 la protection des donn\u00e9es personnelles, \u00e0 la propri\u00e9t\u00e9 intellectuelle et \u00e0 la responsabilit\u00e9 du contenu.","robots":{"index":"index","follow":"follow","max-snippet":"max-snippet:-1","max-image-preview":"max-image-preview:large","max-video-preview":"max-video-preview:-1"},"canonical":"https:\/\/www.agrolac.com\/fr\/avis-juridique\/","og_locale":"fr_FR","og_type":"article","og_title":"Avis juridique - Agrolac","og_description":"Informations relatives au respect de l'article 10 de la LSSICE, \u00e0 la protection des donn\u00e9es personnelles, \u00e0 la propri\u00e9t\u00e9 intellectuelle et \u00e0 la responsabilit\u00e9 du contenu.","og_url":"https:\/\/www.agrolac.com\/fr\/avis-juridique\/","og_site_name":"Agrolac","article_modified_time":"2025-08-05T13:07:50+00:00","twitter_card":"summary_large_image","twitter_misc":{"Est. reading time":"5 minutes"},"schema":{"@context":"https:\/\/schema.org","@graph":[{"@type":"WebPage","@id":"https:\/\/www.agrolac.com\/fr\/avis-juridique\/","url":"https:\/\/www.agrolac.com\/fr\/avis-juridique\/","name":"Avis juridique - Agrolac","isPartOf":{"@id":"https:\/\/www.agrolac.com\/fr\/#website"},"datePublished":"2023-04-27T15:10:54+00:00","dateModified":"2025-08-05T13:07:50+00:00","description":"Informations relatives au respect de l'article 10 de la LSSICE, \u00e0 la protection des donn\u00e9es personnelles, \u00e0 la propri\u00e9t\u00e9 intellectuelle et \u00e0 la responsabilit\u00e9 du contenu.","breadcrumb":{"@id":"https:\/\/www.agrolac.com\/fr\/avis-juridique\/#breadcrumb"},"inLanguage":"fr-FR","potentialAction":[{"@type":"ReadAction","target":["https:\/\/www.agrolac.com\/fr\/avis-juridique\/"]}]},{"@type":"BreadcrumbList","@id":"https:\/\/www.agrolac.com\/fr\/avis-juridique\/#breadcrumb","itemListElement":[{"@type":"ListItem","position":1,"name":"Accueil","item":"https:\/\/www.agrolac.com\/fr\/accueil\/"},{"@type":"ListItem","position":2,"name":"Avis juridique"}]},{"@type":"WebSite","@id":"https:\/\/www.agrolac.com\/fr\/#website","url":"https:\/\/www.agrolac.com\/fr\/","name":"VICORQUIMIA","description":"Agrolac \u00e9s una empresa de Barcelona, fundada el 1982, especialitzada en distribuci\u00f3 de productes agroqu\u00edmics per a l&#039;agricultura europea.","publisher":{"@id":"https:\/\/www.agrolac.com\/fr\/#organization"},"potentialAction":[{"@type":"SearchAction","target":{"@type":"EntryPoint","urlTemplate":"https:\/\/www.agrolac.com\/fr\/?s={search_term_string}"},"query-input":{"@type":"PropertyValueSpecification","valueRequired":true,"valueName":"search_term_string"}}],"inLanguage":"fr-FR"},{"@type":"Organization","@id":"https:\/\/www.agrolac.com\/fr\/#organization","name":"VICORQUIMIA","url":"https:\/\/www.agrolac.com\/fr\/","logo":{"@type":"ImageObject","inLanguage":"fr-FR","@id":"https:\/\/www.agrolac.com\/fr\/#\/schema\/logo\/image\/","url":"https:\/\/www.agrolac.com\/wp-content\/uploads\/2025\/10\/agrolac-logo.svg","contentUrl":"https:\/\/www.agrolac.com\/wp-content\/uploads\/2025\/10\/agrolac-logo.svg","caption":"VICORQUIMIA"},"image":{"@id":"https:\/\/www.agrolac.com\/fr\/#\/schema\/logo\/image\/"},"sameAs":["https:\/\/www.linkedin.com\/company\/vicorquimia\/"]}]}},"_links":{"self":[{"href":"https:\/\/www.agrolac.com\/fr\/wp-json\/wp\/v2\/pages\/1871","targetHints":{"allow":["GET"]}}],"collection":[{"href":"https:\/\/www.agrolac.com\/fr\/wp-json\/wp\/v2\/pages"}],"about":[{"href":"https:\/\/www.agrolac.com\/fr\/wp-json\/wp\/v2\/types\/page"}],"author":[{"embeddable":true,"href":"https:\/\/www.agrolac.com\/fr\/wp-json\/wp\/v2\/users\/3"}],"replies":[{"embeddable":true,"href":"https:\/\/www.agrolac.com\/fr\/wp-json\/wp\/v2\/comments?post=1871"}],"version-history":[{"count":0,"href":"https:\/\/www.agrolac.com\/fr\/wp-json\/wp\/v2\/pages\/1871\/revisions"}],"wp:attachment":[{"href":"https:\/\/www.agrolac.com\/fr\/wp-json\/wp\/v2\/media?parent=1871"}],"curies":[{"name":"wp","href":"https:\/\/api.w.org\/{rel}","templated":true}]}}