{"id":1866,"date":"2025-07-06T23:15:10","date_gmt":"2025-07-06T21:15:10","guid":{"rendered":"https:\/\/www.agrolac.com\/travaillez-avec-nous\/"},"modified":"2026-03-01T11:55:50","modified_gmt":"2026-03-01T10:55:50","slug":"travaillez-avec-nous","status":"publish","type":"page","link":"https:\/\/www.agrolac.com\/fr\/travaillez-avec-nous\/","title":{"rendered":"Travaillez avec nous"},"content":{"rendered":"\t\t<div data-elementor-type=\"wp-page\" data-elementor-id=\"1866\" class=\"elementor elementor-1866 elementor-972\" data-elementor-post-type=\"page\">\n\t\t\t\t<div class=\"elementor-element elementor-element-612600dd e-flex e-con-boxed e-con e-parent\" data-id=\"612600dd\" data-element_type=\"container\" data-e-type=\"container\">\n\t\t\t\t\t<div class=\"e-con-inner\">\n\t\t\t\t<div class=\"elementor-element elementor-element-7e7a6b3f elementor-widget elementor-widget-text-editor\" data-id=\"7e7a6b3f\" data-element_type=\"widget\" data-e-type=\"widget\" data-widget_type=\"text-editor.default\">\n\t\t\t\t\t\t\t\t\t<h6><strong>Travaillez avec nous<\/strong><\/h6><p>Chez <strong>Agrolac<\/strong>, nous cherchons continuellement \u00e0 \u00e9largir notre \u00e9quipe et nos partenariats. Si vous \u00eates un fabricant et que vous souhaitez que nous enregistrions et distribuions vos produits, ou si vous \u00eates int\u00e9ress\u00e9 \u00e0 faire partie d&rsquo;une entreprise en pleine croissance, nous aimerions <strong>vous rencontrer !<\/strong> <\/p><h6> <\/h6>\t\t\t\t\t\t\t\t<\/div>\n\t\t\t\t\t<\/div>\n\t\t\t\t<\/div>\n\t\t<div class=\"elementor-element elementor-element-1ed379e e-grid e-con-boxed e-con e-parent\" data-id=\"1ed379e\" data-element_type=\"container\" data-e-type=\"container\">\n\t\t\t\t\t<div class=\"e-con-inner\">\n\t\t<div class=\"elementor-element elementor-element-943ca63 e-con-full e-flex e-con e-child\" data-id=\"943ca63\" data-element_type=\"container\" data-e-type=\"container\">\n\t\t\t\t<div class=\"elementor-element elementor-element-6d55c90 elementor-widget__width-initial elementor-widget elementor-widget-text-editor\" data-id=\"6d55c90\" data-element_type=\"widget\" data-e-type=\"widget\" data-widget_type=\"text-editor.default\">\n\t\t\t\t\t\t\t\t\t<h6><strong>Opportunit\u00e9s pour les fournisseurs :<\/strong><\/h6><p>Si vous \u00eates un fabricant ou un fournisseur de produits agrochimiques, nous sommes int\u00e9ress\u00e9s par d&rsquo;\u00e9ventuelles collaborations.<\/p><p>Nous nous engageons \u00e0 fournir des produits de la plus haute qualit\u00e9 \u00e0 nos clients et nous recherchons des partenaires qui partagent cette vision.<\/p><p>Remplissez le formulaire de contact pour entamer une conversation avec nous.<\/p><h6> <\/h6>\t\t\t\t\t\t\t\t<\/div>\n\t\t\t\t<\/div>\n\t\t<div class=\"elementor-element elementor-element-6d92638 e-con-full e-flex e-con e-child\" data-id=\"6d92638\" data-element_type=\"container\" data-e-type=\"container\">\n\t\t<div class=\"elementor-element elementor-element-64559db e-con-full e-flex e-con e-child\" data-id=\"64559db\" data-element_type=\"container\" data-e-type=\"container\">\n\t\t<div class=\"elementor-element elementor-element-c3c7196 e-con-full e-flex e-con e-child\" data-id=\"c3c7196\" data-element_type=\"container\" data-e-type=\"container\">\n\t\t\t\t<div class=\"elementor-element elementor-element-9449846 elementor-widget elementor-widget-heading\" data-id=\"9449846\" data-element_type=\"widget\" data-e-type=\"widget\" data-widget_type=\"heading.default\">\n\t\t\t\t\t<h2 class=\"elementor-heading-title elementor-size-default\">Contactez nous<\/h2>\t\t\t\t<\/div>\n\t\t\t\t<div class=\"elementor-element elementor-element-3d3d1ed elementor-widget elementor-widget-text-editor\" data-id=\"3d3d1ed\" data-element_type=\"widget\" data-e-type=\"widget\" data-widget_type=\"text-editor.default\">\n\t\t\t\t\t\t\t\t\t<p>Remplissez le formulaire et nous vous contacterons dans les plus brefs d\u00e9lais. Nous nous ferons un plaisir de vous aider. <\/p>\t\t\t\t\t\t\t\t<\/div>\n\t\t\t\t<div class=\"elementor-element elementor-element-061b575 elementor-button-align-stretch elementor-widget elementor-widget-form\" data-id=\"061b575\" data-element_type=\"widget\" data-e-type=\"widget\" data-settings=\"{&quot;step_next_label&quot;:&quot;Suivant&quot;,&quot;step_previous_label&quot;:&quot;Pr\\u00e9c\\u00e9dent&quot;,&quot;button_width&quot;:&quot;100&quot;,&quot;step_type&quot;:&quot;number_text&quot;,&quot;step_icon_shape&quot;:&quot;circle&quot;}\" data-widget_type=\"form.default\">\n\t\t\t\t\t\t\t<form class=\"elementor-form\" method=\"post\" name=\"G\u00e9n\u00e9ral\" aria-label=\"G\u00e9n\u00e9ral\">\n\t\t\t<input type=\"hidden\" name=\"post_id\" value=\"1866\"\/>\n\t\t\t<input type=\"hidden\" name=\"form_id\" value=\"061b575\"\/>\n\t\t\t<input type=\"hidden\" name=\"referer_title\" value=\"Agrolac\" \/>\n\n\t\t\t\n\t\t\t<div class=\"elementor-form-fields-wrapper elementor-labels-\">\n\t\t\t\t\t\t\t\t<div class=\"elementor-field-type-text elementor-field-group elementor-column elementor-field-group-field_584df08 elementor-col-100 elementor-field-required\">\n\t\t\t\t\t\t\t\t\t\t\t\t<label for=\"form-field-field_584df08\" class=\"elementor-field-label elementor-screen-only\">\n\t\t\t\t\t\t\t\tEntreprise\t\t\t\t\t\t\t<\/label>\n\t\t\t\t\t\t\t\t\t\t\t\t\t\t<input size=\"1\" type=\"text\" name=\"form_fields[field_584df08]\" id=\"form-field-field_584df08\" class=\"elementor-field elementor-size-md  elementor-field-textual\" placeholder=\"Entreprise\" required=\"required\">\n\t\t\t\t\t\t\t\t\t\t\t<\/div>\n\t\t\t\t\t\t\t\t<div class=\"elementor-field-type-email elementor-field-group elementor-column elementor-field-group-email elementor-col-100 elementor-field-required\">\n\t\t\t\t\t\t\t\t\t\t\t\t<label for=\"form-field-email\" class=\"elementor-field-label elementor-screen-only\">\n\t\t\t\t\t\t\t\tCourriel\t\t\t\t\t\t\t<\/label>\n\t\t\t\t\t\t\t\t\t\t\t\t\t\t<input size=\"1\" type=\"email\" name=\"form_fields[email]\" id=\"form-field-email\" class=\"elementor-field elementor-size-md  elementor-field-textual\" placeholder=\"Courriel\" required=\"required\">\n\t\t\t\t\t\t\t\t\t\t\t<\/div>\n\t\t\t\t\t\t\t\t<div class=\"elementor-field-type-textarea elementor-field-group elementor-column elementor-field-group-message elementor-col-100 elementor-field-required\">\n\t\t\t\t\t\t\t\t\t\t\t\t<label for=\"form-field-message\" class=\"elementor-field-label elementor-screen-only\">\n\t\t\t\t\t\t\t\tMessage\t\t\t\t\t\t\t<\/label>\n\t\t\t\t\t\t<textarea class=\"elementor-field-textual elementor-field  elementor-size-md\" name=\"form_fields[message]\" id=\"form-field-message\" rows=\"4\" placeholder=\"Message\" required=\"required\"><\/textarea>\t\t\t\t<\/div>\n\t\t\t\t\t\t\t\t<div class=\"elementor-field-type-acceptance elementor-field-group elementor-column elementor-field-group-field_4b0ac6d elementor-col-100 elementor-field-required\">\n\t\t\t\t\t\t\t<div class=\"elementor-field-subgroup\">\n\t\t\t<span class=\"elementor-field-option\">\n\t\t\t\t<input type=\"checkbox\" name=\"form_fields[field_4b0ac6d]\" id=\"form-field-field_4b0ac6d\" class=\"elementor-field elementor-size-md  elementor-acceptance-field\" required=\"required\">\n\t\t\t\t<label for=\"form-field-field_4b0ac6d\">J'accepte la <a href=\"https:\/\/www.agrolac.com\/fr\/politique-de-confidentialite\/\">politique de confidentialit\u00e9<\/a><\/label>\t\t\t<\/span>\n\t\t<\/div>\n\t\t\t\t\t\t<\/div>\n\t\t\t\t\t\t\t\t<div class=\"elementor-field-type-recaptcha_v3 elementor-field-group elementor-column elementor-field-group-field_8f6adc5 elementor-col-100 recaptcha_v3-bottomright\">\n\t\t\t\t\t<div class=\"elementor-field\" id=\"form-field-field_8f6adc5\"><div class=\"elementor-g-recaptcha\" data-sitekey=\"6LfH5aQrAAAAAGLwu2224h7uCtmpEppfbeY5GYhg\" data-type=\"v3\" data-action=\"Form\" data-badge=\"bottomright\" data-size=\"invisible\"><\/div><\/div>\t\t\t\t<\/div>\n\t\t\t\t\t\t\t\t<div class=\"elementor-field-type-text\">\n\t\t\t\t\t<input size=\"1\" type=\"text\" name=\"form_fields[field_bedbcdb]\" id=\"form-field-field_bedbcdb\" class=\"elementor-field elementor-size-md \" style=\"display:none !important;\">\t\t\t\t<\/div>\n\t\t\t\t\t\t\t\t<div class=\"elementor-field-group elementor-column elementor-field-type-submit elementor-col-100 e-form__buttons\">\n\t\t\t\t\t<button class=\"elementor-button elementor-size-md\" type=\"submit\">\n\t\t\t\t\t\t<span class=\"elementor-button-content-wrapper\">\n\t\t\t\t\t\t\t\t\t\t\t\t\t\t\t\t\t\t\t\t\t\t<span class=\"elementor-button-text\">ENVOYER<\/span>\n\t\t\t\t\t\t\t\t\t\t\t\t\t<\/span>\n\t\t\t\t\t<\/button>\n\t\t\t\t<\/div>\n\t\t\t<\/div>\n\t\t<\/form>\n\t\t\t\t\t\t<\/div>\n\t\t\t\t<\/div>\n\t\t\t\t<\/div>\n\t\t\t\t<\/div>\n\t\t<div class=\"elementor-element elementor-element-c70d6ea e-con-full e-flex e-con e-child\" data-id=\"c70d6ea\" data-element_type=\"container\" data-e-type=\"container\">\n\t\t\t\t<div class=\"elementor-element elementor-element-0ce20cc elementor-widget elementor-widget-text-editor\" data-id=\"0ce20cc\" data-element_type=\"widget\" data-e-type=\"widget\" data-widget_type=\"text-editor.default\">\n\t\t\t\t\t\t\t\t\t<h6><strong>Possibilit\u00e9s d&#8217;emploi :<\/strong><\/h6><p>Chez <strong>Agrolac<\/strong>, nous valorisons le talent et la croissance continue.  <\/p><p>Les profils dont nous avons <strong>g\u00e9n\u00e9ralement<\/strong> besoin sont les suivants<\/p><ul><li><strong>Comptables<\/strong>: sp\u00e9cialistes de la comptabilit\u00e9 et de la gestion financi\u00e8re.<\/li><li>Vendeurs ayant <strong>re\u00e7u une formation technique<\/strong>: professionnels ayant de l&rsquo;exp\u00e9rience dans le domaine de l&rsquo;agrochimie et souhaitant promouvoir nos solutions sur le march\u00e9.<\/li><li><strong>Personnel administratif du d\u00e9partement logistique<\/strong>: experts en gestion des op\u00e9rations logistiques afin de garantir l&rsquo;efficacit\u00e9 des flux de marchandises.<\/li><\/ul><p>Si vous vous reconnaissez dans l&rsquo;un de ces profils et que vous souhaitez rejoindre <strong>Agrolac<\/strong>, nous vous invitons \u00e0 remplir le formulaire de contact pour nous envoyer votre candidature.<\/p>\t\t\t\t\t\t\t\t<\/div>\n\t\t\t\t<\/div>\n\t\t<div class=\"elementor-element elementor-element-b9cc4cd e-con-full e-flex e-con e-child\" data-id=\"b9cc4cd\" data-element_type=\"container\" data-e-type=\"container\">\n\t\t<div class=\"elementor-element elementor-element-1311d95 e-con-full e-flex e-con e-child\" data-id=\"1311d95\" data-element_type=\"container\" data-e-type=\"container\">\n\t\t<div class=\"elementor-element elementor-element-b5b4547 e-con-full e-flex e-con e-child\" data-id=\"b5b4547\" data-element_type=\"container\" data-e-type=\"container\">\n\t\t\t\t<div class=\"elementor-element elementor-element-9d25167 elementor-widget elementor-widget-heading\" data-id=\"9d25167\" data-element_type=\"widget\" data-e-type=\"widget\" data-widget_type=\"heading.default\">\n\t\t\t\t\t<h2 class=\"elementor-heading-title elementor-size-default\">Envoyez-nous votre candidature<\/h2>\t\t\t\t<\/div>\n\t\t\t\t<div class=\"elementor-element elementor-element-6b3c708 elementor-widget elementor-widget-text-editor\" data-id=\"6b3c708\" data-element_type=\"widget\" data-e-type=\"widget\" data-widget_type=\"text-editor.default\">\n\t\t\t\t\t\t\t\t\t<p>Remplir le formulaire<\/p>\t\t\t\t\t\t\t\t<\/div>\n\t\t\t\t<div class=\"elementor-element elementor-element-af3504b elementor-button-align-stretch elementor-widget elementor-widget-form\" data-id=\"af3504b\" data-element_type=\"widget\" data-e-type=\"widget\" data-settings=\"{&quot;step_next_label&quot;:&quot;Suivant&quot;,&quot;step_previous_label&quot;:&quot;Pr\\u00e9c\\u00e9dent&quot;,&quot;button_width&quot;:&quot;100&quot;,&quot;step_type&quot;:&quot;number_text&quot;,&quot;step_icon_shape&quot;:&quot;circle&quot;}\" data-widget_type=\"form.default\">\n\t\t\t\t\t\t\t<form class=\"elementor-form\" method=\"post\" name=\"G\u00e9n\u00e9ral\" aria-label=\"G\u00e9n\u00e9ral\">\n\t\t\t<input type=\"hidden\" name=\"post_id\" value=\"1866\"\/>\n\t\t\t<input type=\"hidden\" name=\"form_id\" value=\"af3504b\"\/>\n\t\t\t<input type=\"hidden\" name=\"referer_title\" value=\"Agrolac\" \/>\n\n\t\t\t\n\t\t\t<div class=\"elementor-form-fields-wrapper elementor-labels-\">\n\t\t\t\t\t\t\t\t<div class=\"elementor-field-type-text elementor-field-group elementor-column elementor-field-group-name elementor-col-100 elementor-field-required\">\n\t\t\t\t\t\t\t\t\t\t\t\t<label for=\"form-field-name\" class=\"elementor-field-label elementor-screen-only\">\n\t\t\t\t\t\t\t\tNom\t\t\t\t\t\t\t<\/label>\n\t\t\t\t\t\t\t\t\t\t\t\t\t\t<input size=\"1\" type=\"text\" name=\"form_fields[name]\" id=\"form-field-name\" class=\"elementor-field elementor-size-md  elementor-field-textual\" placeholder=\"Nom\" required=\"required\">\n\t\t\t\t\t\t\t\t\t\t\t<\/div>\n\t\t\t\t\t\t\t\t<div class=\"elementor-field-type-email elementor-field-group elementor-column elementor-field-group-email elementor-col-100 elementor-field-required\">\n\t\t\t\t\t\t\t\t\t\t\t\t<label for=\"form-field-email\" class=\"elementor-field-label elementor-screen-only\">\n\t\t\t\t\t\t\t\tCourriel\t\t\t\t\t\t\t<\/label>\n\t\t\t\t\t\t\t\t\t\t\t\t\t\t<input size=\"1\" type=\"email\" name=\"form_fields[email]\" id=\"form-field-email\" class=\"elementor-field elementor-size-md  elementor-field-textual\" placeholder=\"Courriel\" required=\"required\">\n\t\t\t\t\t\t\t\t\t\t\t<\/div>\n\t\t\t\t\t\t\t\t<div class=\"elementor-field-type-textarea elementor-field-group elementor-column elementor-field-group-message elementor-col-100 elementor-field-required\">\n\t\t\t\t\t\t\t\t\t\t\t\t<label for=\"form-field-message\" class=\"elementor-field-label elementor-screen-only\">\n\t\t\t\t\t\t\t\tMessage\t\t\t\t\t\t\t<\/label>\n\t\t\t\t\t\t<textarea class=\"elementor-field-textual elementor-field  elementor-size-md\" name=\"form_fields[message]\" id=\"form-field-message\" rows=\"4\" placeholder=\"Message\" required=\"required\"><\/textarea>\t\t\t\t<\/div>\n\t\t\t\t\t\t\t\t<div class=\"elementor-field-type-upload elementor-field-group elementor-column elementor-field-group-field_81f6195 elementor-col-100 elementor-field-required\">\n\t\t\t\t\t\t\t\t\t\t\t\t<label for=\"form-field-field_81f6195\" class=\"elementor-field-label elementor-screen-only\">\n\t\t\t\t\t\t\t\tCV\t\t\t\t\t\t\t<\/label>\n\t\t\t\t\t\t\t\t<input type=\"file\" name=\"form_fields[field_81f6195]\" id=\"form-field-field_81f6195\" class=\"elementor-field elementor-size-md  elementor-upload-field\" required=\"required\">\n\n\t\t\t\t\t\t<\/div>\n\t\t\t\t\t\t\t\t<div class=\"elementor-field-type-acceptance elementor-field-group elementor-column elementor-field-group-field_4b0ac6d elementor-col-100 elementor-field-required\">\n\t\t\t\t\t\t\t<div class=\"elementor-field-subgroup\">\n\t\t\t<span class=\"elementor-field-option\">\n\t\t\t\t<input type=\"checkbox\" name=\"form_fields[field_4b0ac6d]\" id=\"form-field-field_4b0ac6d\" class=\"elementor-field elementor-size-md  elementor-acceptance-field\" required=\"required\">\n\t\t\t\t<label for=\"form-field-field_4b0ac6d\">J'accepte la <a href=\"https:\/\/www.agrolac.com\/fr\/politique-de-confidentialite\/\">politique de confidentialit\u00e9<\/a><\/label>\t\t\t<\/span>\n\t\t<\/div>\n\t\t\t\t\t\t<\/div>\n\t\t\t\t\t\t\t\t<div class=\"elementor-field-type-recaptcha_v3 elementor-field-group elementor-column elementor-field-group-field_57e319d elementor-col-100 recaptcha_v3-bottomright\">\n\t\t\t\t\t<div class=\"elementor-field\" id=\"form-field-field_57e319d\"><div class=\"elementor-g-recaptcha\" data-sitekey=\"6LfH5aQrAAAAAGLwu2224h7uCtmpEppfbeY5GYhg\" data-type=\"v3\" data-action=\"Form\" data-badge=\"bottomright\" data-size=\"invisible\"><\/div><\/div>\t\t\t\t<\/div>\n\t\t\t\t\t\t\t\t<div class=\"elementor-field-type-text\">\n\t\t\t\t\t<input size=\"1\" type=\"text\" name=\"form_fields[field_65eef6e]\" id=\"form-field-field_65eef6e\" class=\"elementor-field elementor-size-md \" style=\"display:none !important;\">\t\t\t\t<\/div>\n\t\t\t\t\t\t\t\t<div class=\"elementor-field-group elementor-column elementor-field-type-submit elementor-col-100 e-form__buttons\">\n\t\t\t\t\t<button class=\"elementor-button elementor-size-md\" type=\"submit\">\n\t\t\t\t\t\t<span class=\"elementor-button-content-wrapper\">\n\t\t\t\t\t\t\t\t\t\t\t\t\t\t\t\t\t\t\t\t\t\t<span class=\"elementor-button-text\">ENVOYER<\/span>\n\t\t\t\t\t\t\t\t\t\t\t\t\t<\/span>\n\t\t\t\t\t<\/button>\n\t\t\t\t<\/div>\n\t\t\t<\/div>\n\t\t<\/form>\n\t\t\t\t\t\t<\/div>\n\t\t\t\t<\/div>\n\t\t\t\t<\/div>\n\t\t\t\t<\/div>\n\t\t\t\t\t<\/div>\n\t\t\t\t<\/div>\n\t\t\t\t<\/div>\n\t\t","protected":false},"excerpt":{"rendered":"<p>Travaillez avec nous Chez Agrolac, nous cherchons continuellement \u00e0 \u00e9largir notre \u00e9quipe et nos partenariats. Si vous \u00eates un fabricant et que vous souhaitez que nous enregistrions et distribuions vos produits, ou si vous \u00eates int\u00e9ress\u00e9 \u00e0 faire partie d&rsquo;une entreprise en pleine croissance, nous aimerions vous rencontrer ! Opportunit\u00e9s pour les fournisseurs : Si [&hellip;]<\/p>\n","protected":false},"author":2,"featured_media":5081,"parent":0,"menu_order":0,"comment_status":"closed","ping_status":"closed","template":"","meta":{"_acf_changed":false,"_joinchat":[],"footnotes":""},"class_list":["post-1866","page","type-page","status-publish","has-post-thumbnail","hentry"],"acf":[],"yoast_head":"<!-- This site is optimized with the Yoast SEO plugin v27.1.1 - https:\/\/yoast.com\/product\/yoast-seo-wordpress\/ -->\n<title>Travaillez avec nous - Agrolac<\/title>\n<meta name=\"description\" content=\"Rejoignez l&#039;\u00e9quipe d&#039;Agrolac et contribuez au d\u00e9veloppement d&#039;une agriculture innovante et durable.\" \/>\n<meta name=\"robots\" content=\"index, follow, max-snippet:-1, max-image-preview:large, max-video-preview:-1\" \/>\n<link rel=\"canonical\" href=\"https:\/\/www.agrolac.com\/fr\/travaillez-avec-nous\/\" \/>\n<meta property=\"og:locale\" content=\"fr_FR\" \/>\n<meta property=\"og:type\" content=\"article\" \/>\n<meta property=\"og:title\" content=\"Travaillez avec nous - Agrolac\" \/>\n<meta property=\"og:description\" content=\"Rejoignez l&#039;\u00e9quipe d&#039;Agrolac et contribuez au d\u00e9veloppement d&#039;une agriculture innovante et durable.\" \/>\n<meta property=\"og:url\" content=\"https:\/\/www.agrolac.com\/fr\/travaillez-avec-nous\/\" \/>\n<meta property=\"og:site_name\" content=\"Agrolac\" \/>\n<meta property=\"article:modified_time\" content=\"2026-03-01T10:55:50+00:00\" \/>\n<meta property=\"og:image\" content=\"https:\/\/www.agrolac.com\/wp-content\/uploads\/2025\/12\/pages.jpg\" \/>\n\t<meta property=\"og:image:width\" content=\"660\" \/>\n\t<meta property=\"og:image:height\" content=\"540\" \/>\n\t<meta property=\"og:image:type\" content=\"image\/jpeg\" \/>\n<meta name=\"twitter:card\" content=\"summary_large_image\" \/>\n<meta name=\"twitter:label1\" content=\"Est. reading time\" \/>\n\t<meta name=\"twitter:data1\" content=\"1 minute\" \/>\n<script type=\"application\/ld+json\" class=\"yoast-schema-graph\">{\"@context\":\"https:\/\/schema.org\",\"@graph\":[{\"@type\":\"WebPage\",\"@id\":\"https:\/\/www.agrolac.com\/fr\/travaillez-avec-nous\/\",\"url\":\"https:\/\/www.agrolac.com\/fr\/travaillez-avec-nous\/\",\"name\":\"Travaillez avec nous - Agrolac\",\"isPartOf\":{\"@id\":\"https:\/\/www.agrolac.com\/fr\/#website\"},\"primaryImageOfPage\":{\"@id\":\"https:\/\/www.agrolac.com\/fr\/travaillez-avec-nous\/#primaryimage\"},\"image\":{\"@id\":\"https:\/\/www.agrolac.com\/fr\/travaillez-avec-nous\/#primaryimage\"},\"thumbnailUrl\":\"https:\/\/www.agrolac.com\/wp-content\/uploads\/2025\/12\/pages.jpg\",\"datePublished\":\"2025-07-06T21:15:10+00:00\",\"dateModified\":\"2026-03-01T10:55:50+00:00\",\"description\":\"Rejoignez l'\u00e9quipe d'Agrolac et contribuez au d\u00e9veloppement d'une agriculture innovante et durable.\",\"breadcrumb\":{\"@id\":\"https:\/\/www.agrolac.com\/fr\/travaillez-avec-nous\/#breadcrumb\"},\"inLanguage\":\"fr-FR\",\"potentialAction\":[{\"@type\":\"ReadAction\",\"target\":[\"https:\/\/www.agrolac.com\/fr\/travaillez-avec-nous\/\"]}]},{\"@type\":\"ImageObject\",\"inLanguage\":\"fr-FR\",\"@id\":\"https:\/\/www.agrolac.com\/fr\/travaillez-avec-nous\/#primaryimage\",\"url\":\"https:\/\/www.agrolac.com\/wp-content\/uploads\/2025\/12\/pages.jpg\",\"contentUrl\":\"https:\/\/www.agrolac.com\/wp-content\/uploads\/2025\/12\/pages.jpg\",\"width\":660,\"height\":540},{\"@type\":\"BreadcrumbList\",\"@id\":\"https:\/\/www.agrolac.com\/fr\/travaillez-avec-nous\/#breadcrumb\",\"itemListElement\":[{\"@type\":\"ListItem\",\"position\":1,\"name\":\"Accueil\",\"item\":\"https:\/\/www.agrolac.com\/fr\/accueil\/\"},{\"@type\":\"ListItem\",\"position\":2,\"name\":\"Travaillez avec nous\"}]},{\"@type\":\"WebSite\",\"@id\":\"https:\/\/www.agrolac.com\/fr\/#website\",\"url\":\"https:\/\/www.agrolac.com\/fr\/\",\"name\":\"VICORQUIMIA\",\"description\":\"Agrolac \u00e9s una empresa de Barcelona, fundada el 1982, especialitzada en distribuci\u00f3 de productes agroqu\u00edmics per a l&#039;agricultura europea.\",\"publisher\":{\"@id\":\"https:\/\/www.agrolac.com\/fr\/#organization\"},\"potentialAction\":[{\"@type\":\"SearchAction\",\"target\":{\"@type\":\"EntryPoint\",\"urlTemplate\":\"https:\/\/www.agrolac.com\/fr\/?s={search_term_string}\"},\"query-input\":{\"@type\":\"PropertyValueSpecification\",\"valueRequired\":true,\"valueName\":\"search_term_string\"}}],\"inLanguage\":\"fr-FR\"},{\"@type\":\"Organization\",\"@id\":\"https:\/\/www.agrolac.com\/fr\/#organization\",\"name\":\"VICORQUIMIA\",\"url\":\"https:\/\/www.agrolac.com\/fr\/\",\"logo\":{\"@type\":\"ImageObject\",\"inLanguage\":\"fr-FR\",\"@id\":\"https:\/\/www.agrolac.com\/fr\/#\/schema\/logo\/image\/\",\"url\":\"https:\/\/www.agrolac.com\/wp-content\/uploads\/2025\/10\/agrolac-logo.svg\",\"contentUrl\":\"https:\/\/www.agrolac.com\/wp-content\/uploads\/2025\/10\/agrolac-logo.svg\",\"caption\":\"VICORQUIMIA\"},\"image\":{\"@id\":\"https:\/\/www.agrolac.com\/fr\/#\/schema\/logo\/image\/\"},\"sameAs\":[\"https:\/\/www.linkedin.com\/company\/vicorquimia\/\"]}]}<\/script>\n<!-- \/ Yoast SEO plugin. -->","yoast_head_json":{"title":"Travaillez avec nous - Agrolac","description":"Rejoignez l'\u00e9quipe d'Agrolac et contribuez au d\u00e9veloppement d'une agriculture innovante et durable.","robots":{"index":"index","follow":"follow","max-snippet":"max-snippet:-1","max-image-preview":"max-image-preview:large","max-video-preview":"max-video-preview:-1"},"canonical":"https:\/\/www.agrolac.com\/fr\/travaillez-avec-nous\/","og_locale":"fr_FR","og_type":"article","og_title":"Travaillez avec nous - Agrolac","og_description":"Rejoignez l'\u00e9quipe d'Agrolac et contribuez au d\u00e9veloppement d'une agriculture innovante et durable.","og_url":"https:\/\/www.agrolac.com\/fr\/travaillez-avec-nous\/","og_site_name":"Agrolac","article_modified_time":"2026-03-01T10:55:50+00:00","og_image":[{"width":660,"height":540,"url":"https:\/\/www.agrolac.com\/wp-content\/uploads\/2025\/12\/pages.jpg","type":"image\/jpeg"}],"twitter_card":"summary_large_image","twitter_misc":{"Est. reading time":"1 minute"},"schema":{"@context":"https:\/\/schema.org","@graph":[{"@type":"WebPage","@id":"https:\/\/www.agrolac.com\/fr\/travaillez-avec-nous\/","url":"https:\/\/www.agrolac.com\/fr\/travaillez-avec-nous\/","name":"Travaillez avec nous - Agrolac","isPartOf":{"@id":"https:\/\/www.agrolac.com\/fr\/#website"},"primaryImageOfPage":{"@id":"https:\/\/www.agrolac.com\/fr\/travaillez-avec-nous\/#primaryimage"},"image":{"@id":"https:\/\/www.agrolac.com\/fr\/travaillez-avec-nous\/#primaryimage"},"thumbnailUrl":"https:\/\/www.agrolac.com\/wp-content\/uploads\/2025\/12\/pages.jpg","datePublished":"2025-07-06T21:15:10+00:00","dateModified":"2026-03-01T10:55:50+00:00","description":"Rejoignez l'\u00e9quipe d'Agrolac et contribuez au d\u00e9veloppement d'une agriculture innovante et durable.","breadcrumb":{"@id":"https:\/\/www.agrolac.com\/fr\/travaillez-avec-nous\/#breadcrumb"},"inLanguage":"fr-FR","potentialAction":[{"@type":"ReadAction","target":["https:\/\/www.agrolac.com\/fr\/travaillez-avec-nous\/"]}]},{"@type":"ImageObject","inLanguage":"fr-FR","@id":"https:\/\/www.agrolac.com\/fr\/travaillez-avec-nous\/#primaryimage","url":"https:\/\/www.agrolac.com\/wp-content\/uploads\/2025\/12\/pages.jpg","contentUrl":"https:\/\/www.agrolac.com\/wp-content\/uploads\/2025\/12\/pages.jpg","width":660,"height":540},{"@type":"BreadcrumbList","@id":"https:\/\/www.agrolac.com\/fr\/travaillez-avec-nous\/#breadcrumb","itemListElement":[{"@type":"ListItem","position":1,"name":"Accueil","item":"https:\/\/www.agrolac.com\/fr\/accueil\/"},{"@type":"ListItem","position":2,"name":"Travaillez avec nous"}]},{"@type":"WebSite","@id":"https:\/\/www.agrolac.com\/fr\/#website","url":"https:\/\/www.agrolac.com\/fr\/","name":"VICORQUIMIA","description":"Agrolac \u00e9s una empresa de Barcelona, fundada el 1982, especialitzada en distribuci\u00f3 de productes agroqu\u00edmics per a l&#039;agricultura europea.","publisher":{"@id":"https:\/\/www.agrolac.com\/fr\/#organization"},"potentialAction":[{"@type":"SearchAction","target":{"@type":"EntryPoint","urlTemplate":"https:\/\/www.agrolac.com\/fr\/?s={search_term_string}"},"query-input":{"@type":"PropertyValueSpecification","valueRequired":true,"valueName":"search_term_string"}}],"inLanguage":"fr-FR"},{"@type":"Organization","@id":"https:\/\/www.agrolac.com\/fr\/#organization","name":"VICORQUIMIA","url":"https:\/\/www.agrolac.com\/fr\/","logo":{"@type":"ImageObject","inLanguage":"fr-FR","@id":"https:\/\/www.agrolac.com\/fr\/#\/schema\/logo\/image\/","url":"https:\/\/www.agrolac.com\/wp-content\/uploads\/2025\/10\/agrolac-logo.svg","contentUrl":"https:\/\/www.agrolac.com\/wp-content\/uploads\/2025\/10\/agrolac-logo.svg","caption":"VICORQUIMIA"},"image":{"@id":"https:\/\/www.agrolac.com\/fr\/#\/schema\/logo\/image\/"},"sameAs":["https:\/\/www.linkedin.com\/company\/vicorquimia\/"]}]}},"_links":{"self":[{"href":"https:\/\/www.agrolac.com\/fr\/wp-json\/wp\/v2\/pages\/1866","targetHints":{"allow":["GET"]}}],"collection":[{"href":"https:\/\/www.agrolac.com\/fr\/wp-json\/wp\/v2\/pages"}],"about":[{"href":"https:\/\/www.agrolac.com\/fr\/wp-json\/wp\/v2\/types\/page"}],"author":[{"embeddable":true,"href":"https:\/\/www.agrolac.com\/fr\/wp-json\/wp\/v2\/users\/2"}],"replies":[{"embeddable":true,"href":"https:\/\/www.agrolac.com\/fr\/wp-json\/wp\/v2\/comments?post=1866"}],"version-history":[{"count":0,"href":"https:\/\/www.agrolac.com\/fr\/wp-json\/wp\/v2\/pages\/1866\/revisions"}],"wp:featuredmedia":[{"embeddable":true,"href":"https:\/\/www.agrolac.com\/fr\/wp-json\/wp\/v2\/media\/5081"}],"wp:attachment":[{"href":"https:\/\/www.agrolac.com\/fr\/wp-json\/wp\/v2\/media?parent=1866"}],"curies":[{"name":"wp","href":"https:\/\/api.w.org\/{rel}","templated":true}]}}