{"id":7698,"date":"2026-01-08T09:35:57","date_gmt":"2026-01-08T08:35:57","guid":{"rendered":"https:\/\/www.agrolac.com\/producto\/blast\/"},"modified":"2026-03-02T19:20:36","modified_gmt":"2026-03-02T18:20:36","slug":"blast","status":"publish","type":"product","link":"https:\/\/www.agrolac.com\/en\/producto\/blast\/","title":{"rendered":"Blast"},"content":{"rendered":"<h2>RAPHAGA<\/h2>\n<p><strong>R\u00c1FAGA<\/strong> is a <strong>broad spectrum pyrethroid insecticide<\/strong> based on <strong>deltamethrin 25 EC<\/strong>, formulated for the control of insects by <strong>contact and ingestion<\/strong>, and authorized for use on various crops.<\/p>\n<p>The product is applied by <strong>foliar spraying<\/strong>, adapting the dose, number of applications and timing of treatment to the indications established for each crop and pest.<\/p>\n<h3>General conditions of use<\/h3>\n<ul>\n<li>Apply exclusively by <strong>foliar spray<\/strong>.<\/li>\n<li>The formulated product cannot be used during the flowering period at a dose higher than <strong>6.25 g a.s.\/ha<\/strong>.<\/li>\n<li><strong>Do not contaminate the water<\/strong> with the product or its container.<\/li>\n<li>Do not clean application equipment near surface water.<\/li>\n<li>Avoid contamination through farm or road water drainage systems.<\/li>\n<\/ul>\n<h3>Safety period<\/h3>\n<p>The following minimum periods must elapse between the last treatment and the harvesting of plants or fruits destined for human or livestock consumption, or the entry of livestock:<\/p>\n<ul>\n<li><strong>3 days<\/strong> on eggplant, zucchini, melon, gherkin, cucumber, watermelon and tomato.<\/li>\n<li><strong>7 days<\/strong> on garlic, onion, pome fruit trees, lettuce, potato, leek and grapevine.<\/li>\n<li><strong>30 days<\/strong> in almond trees.<\/li>\n<\/ul>\n<p>It is not appropriate to set a safety period for olive trees.<\/p>\n<h3>Remarks<\/h3>\n<p>Follow the authorized directions for use for each crop, pest, rate and time of application.<\/p>\n","protected":false},"excerpt":{"rendered":"<p>Insecticide indicated for the control of aphids, a\u2026<\/p>\n","protected":false},"featured_media":6193,"comment_status":"closed","ping_status":"closed","template":"","meta":{"_acf_changed":false,"_joinchat":[]},"certificacion":[],"cultivo":[1091,531,459,1087,460,1093,529,1092,1088],"product_brand":[],"product_cat":[411],"product_tag":[],"class_list":{"0":"post-7698","1":"product","2":"type-product","3":"status-publish","4":"has-post-thumbnail","6":"cultivo-brassicas","7":"cultivo-dried-fruit","8":"cultivo-fruit-trees","9":"cultivo-fruiting-horticultural","10":"cultivo-horticultural","11":"cultivo-olive-tree","12":"cultivo-pome-fruit-trees","13":"cultivo-root-and-bulb","14":"cultivo-vid","15":"product_cat-insecticides","17":"first","18":"instock","19":"shipping-taxable","20":"product-type-simple"},"acf":[],"yoast_head":"<!-- This site is optimized with the Yoast SEO plugin v27.1.1 - https:\/\/yoast.com\/product\/yoast-seo-wordpress\/ -->\n<title>Blast - Agrolac<\/title>\n<meta name=\"description\" content=\"R\u00c1FAGA is a pyrethroid insecticide based on deltamethrin 25 EC for control by contact and ingestion. Foliar application and safety periods per crop.\" \/>\n<meta name=\"robots\" content=\"index, follow, max-snippet:-1, max-image-preview:large, max-video-preview:-1\" \/>\n<link rel=\"canonical\" href=\"https:\/\/www.agrolac.com\/en\/producto\/blast\/\" \/>\n<meta property=\"og:locale\" content=\"en_US\" \/>\n<meta property=\"og:type\" content=\"article\" \/>\n<meta property=\"og:title\" content=\"Blast - Agrolac\" \/>\n<meta property=\"og:description\" content=\"R\u00c1FAGA is a pyrethroid insecticide based on deltamethrin 25 EC for control by contact and ingestion. Foliar application and safety periods per crop.\" \/>\n<meta property=\"og:url\" content=\"https:\/\/www.agrolac.com\/en\/producto\/blast\/\" \/>\n<meta property=\"og:site_name\" content=\"Agrolac\" \/>\n<meta property=\"article:modified_time\" content=\"2026-03-02T18:20:36+00:00\" \/>\n<meta property=\"og:image\" content=\"https:\/\/www.agrolac.com\/wp-content\/uploads\/2026\/01\/campo-melocoton.webp\" \/>\n\t<meta property=\"og:image:width\" content=\"1920\" \/>\n\t<meta property=\"og:image:height\" content=\"1368\" \/>\n\t<meta property=\"og:image:type\" content=\"image\/webp\" \/>\n<meta name=\"twitter:card\" content=\"summary_large_image\" \/>\n<meta name=\"twitter:label1\" content=\"Est. reading time\" \/>\n\t<meta name=\"twitter:data1\" content=\"1 minute\" \/>\n<script type=\"application\/ld+json\" class=\"yoast-schema-graph\">{\"@context\":\"https:\/\/schema.org\",\"@graph\":[{\"@type\":\"WebPage\",\"@id\":\"https:\/\/www.agrolac.com\/en\/producto\/blast\/\",\"url\":\"https:\/\/www.agrolac.com\/en\/producto\/blast\/\",\"name\":\"Blast - Agrolac\",\"isPartOf\":{\"@id\":\"https:\/\/www.agrolac.com\/en\/#website\"},\"primaryImageOfPage\":{\"@id\":\"https:\/\/www.agrolac.com\/en\/producto\/blast\/#primaryimage\"},\"image\":{\"@id\":\"https:\/\/www.agrolac.com\/en\/producto\/blast\/#primaryimage\"},\"thumbnailUrl\":\"https:\/\/www.agrolac.com\/wp-content\/uploads\/2026\/01\/campo-melocoton.webp\",\"datePublished\":\"2026-01-08T08:35:57+00:00\",\"dateModified\":\"2026-03-02T18:20:36+00:00\",\"description\":\"R\u00c1FAGA is a pyrethroid insecticide based on deltamethrin 25 EC for control by contact and ingestion. Foliar application and safety periods per crop.\",\"breadcrumb\":{\"@id\":\"https:\/\/www.agrolac.com\/en\/producto\/blast\/#breadcrumb\"},\"inLanguage\":\"en-US\",\"potentialAction\":[{\"@type\":\"ReadAction\",\"target\":[\"https:\/\/www.agrolac.com\/en\/producto\/blast\/\"]}]},{\"@type\":\"ImageObject\",\"inLanguage\":\"en-US\",\"@id\":\"https:\/\/www.agrolac.com\/en\/producto\/blast\/#primaryimage\",\"url\":\"https:\/\/www.agrolac.com\/wp-content\/uploads\/2026\/01\/campo-melocoton.webp\",\"contentUrl\":\"https:\/\/www.agrolac.com\/wp-content\/uploads\/2026\/01\/campo-melocoton.webp\",\"width\":1920,\"height\":1368},{\"@type\":\"BreadcrumbList\",\"@id\":\"https:\/\/www.agrolac.com\/en\/producto\/blast\/#breadcrumb\",\"itemListElement\":[{\"@type\":\"ListItem\",\"position\":1,\"name\":\"Inicio\",\"item\":\"https:\/\/www.agrolac.com\/en\/home\/\"},{\"@type\":\"ListItem\",\"position\":2,\"name\":\"Products\",\"item\":\"https:\/\/www.agrolac.com\/en\/products\/\"},{\"@type\":\"ListItem\",\"position\":3,\"name\":\"Insecticides\",\"item\":\"https:\/\/www.agrolac.com\/en\/categoria-producto\/insecticides\/\"},{\"@type\":\"ListItem\",\"position\":4,\"name\":\"Blast\"}]},{\"@type\":\"WebSite\",\"@id\":\"https:\/\/www.agrolac.com\/en\/#website\",\"url\":\"https:\/\/www.agrolac.com\/en\/\",\"name\":\"VICORQUIMIA\",\"description\":\"Agrolac \u00e9s una empresa de Barcelona, fundada el 1982, especialitzada en distribuci\u00f3 de productes agroqu\u00edmics per a l&#039;agricultura europea.\",\"publisher\":{\"@id\":\"https:\/\/www.agrolac.com\/en\/#organization\"},\"potentialAction\":[{\"@type\":\"SearchAction\",\"target\":{\"@type\":\"EntryPoint\",\"urlTemplate\":\"https:\/\/www.agrolac.com\/en\/?s={search_term_string}\"},\"query-input\":{\"@type\":\"PropertyValueSpecification\",\"valueRequired\":true,\"valueName\":\"search_term_string\"}}],\"inLanguage\":\"en-US\"},{\"@type\":\"Organization\",\"@id\":\"https:\/\/www.agrolac.com\/en\/#organization\",\"name\":\"VICORQUIMIA\",\"url\":\"https:\/\/www.agrolac.com\/en\/\",\"logo\":{\"@type\":\"ImageObject\",\"inLanguage\":\"en-US\",\"@id\":\"https:\/\/www.agrolac.com\/en\/#\/schema\/logo\/image\/\",\"url\":\"https:\/\/www.agrolac.com\/wp-content\/uploads\/2025\/10\/agrolac-logo.svg\",\"contentUrl\":\"https:\/\/www.agrolac.com\/wp-content\/uploads\/2025\/10\/agrolac-logo.svg\",\"caption\":\"VICORQUIMIA\"},\"image\":{\"@id\":\"https:\/\/www.agrolac.com\/en\/#\/schema\/logo\/image\/\"},\"sameAs\":[\"https:\/\/www.linkedin.com\/company\/vicorquimia\/\"]}]}<\/script>\n<!-- \/ Yoast SEO plugin. -->","yoast_head_json":{"title":"Blast - Agrolac","description":"R\u00c1FAGA is a pyrethroid insecticide based on deltamethrin 25 EC for control by contact and ingestion. Foliar application and safety periods per crop.","robots":{"index":"index","follow":"follow","max-snippet":"max-snippet:-1","max-image-preview":"max-image-preview:large","max-video-preview":"max-video-preview:-1"},"canonical":"https:\/\/www.agrolac.com\/en\/producto\/blast\/","og_locale":"en_US","og_type":"article","og_title":"Blast - Agrolac","og_description":"R\u00c1FAGA is a pyrethroid insecticide based on deltamethrin 25 EC for control by contact and ingestion. Foliar application and safety periods per crop.","og_url":"https:\/\/www.agrolac.com\/en\/producto\/blast\/","og_site_name":"Agrolac","article_modified_time":"2026-03-02T18:20:36+00:00","og_image":[{"width":1920,"height":1368,"url":"https:\/\/www.agrolac.com\/wp-content\/uploads\/2026\/01\/campo-melocoton.webp","type":"image\/webp"}],"twitter_card":"summary_large_image","twitter_misc":{"Est. reading time":"1 minute"},"schema":{"@context":"https:\/\/schema.org","@graph":[{"@type":"WebPage","@id":"https:\/\/www.agrolac.com\/en\/producto\/blast\/","url":"https:\/\/www.agrolac.com\/en\/producto\/blast\/","name":"Blast - Agrolac","isPartOf":{"@id":"https:\/\/www.agrolac.com\/en\/#website"},"primaryImageOfPage":{"@id":"https:\/\/www.agrolac.com\/en\/producto\/blast\/#primaryimage"},"image":{"@id":"https:\/\/www.agrolac.com\/en\/producto\/blast\/#primaryimage"},"thumbnailUrl":"https:\/\/www.agrolac.com\/wp-content\/uploads\/2026\/01\/campo-melocoton.webp","datePublished":"2026-01-08T08:35:57+00:00","dateModified":"2026-03-02T18:20:36+00:00","description":"R\u00c1FAGA is a pyrethroid insecticide based on deltamethrin 25 EC for control by contact and ingestion. Foliar application and safety periods per crop.","breadcrumb":{"@id":"https:\/\/www.agrolac.com\/en\/producto\/blast\/#breadcrumb"},"inLanguage":"en-US","potentialAction":[{"@type":"ReadAction","target":["https:\/\/www.agrolac.com\/en\/producto\/blast\/"]}]},{"@type":"ImageObject","inLanguage":"en-US","@id":"https:\/\/www.agrolac.com\/en\/producto\/blast\/#primaryimage","url":"https:\/\/www.agrolac.com\/wp-content\/uploads\/2026\/01\/campo-melocoton.webp","contentUrl":"https:\/\/www.agrolac.com\/wp-content\/uploads\/2026\/01\/campo-melocoton.webp","width":1920,"height":1368},{"@type":"BreadcrumbList","@id":"https:\/\/www.agrolac.com\/en\/producto\/blast\/#breadcrumb","itemListElement":[{"@type":"ListItem","position":1,"name":"Inicio","item":"https:\/\/www.agrolac.com\/en\/home\/"},{"@type":"ListItem","position":2,"name":"Products","item":"https:\/\/www.agrolac.com\/en\/products\/"},{"@type":"ListItem","position":3,"name":"Insecticides","item":"https:\/\/www.agrolac.com\/en\/categoria-producto\/insecticides\/"},{"@type":"ListItem","position":4,"name":"Blast"}]},{"@type":"WebSite","@id":"https:\/\/www.agrolac.com\/en\/#website","url":"https:\/\/www.agrolac.com\/en\/","name":"VICORQUIMIA","description":"Agrolac \u00e9s una empresa de Barcelona, fundada el 1982, especialitzada en distribuci\u00f3 de productes agroqu\u00edmics per a l&#039;agricultura europea.","publisher":{"@id":"https:\/\/www.agrolac.com\/en\/#organization"},"potentialAction":[{"@type":"SearchAction","target":{"@type":"EntryPoint","urlTemplate":"https:\/\/www.agrolac.com\/en\/?s={search_term_string}"},"query-input":{"@type":"PropertyValueSpecification","valueRequired":true,"valueName":"search_term_string"}}],"inLanguage":"en-US"},{"@type":"Organization","@id":"https:\/\/www.agrolac.com\/en\/#organization","name":"VICORQUIMIA","url":"https:\/\/www.agrolac.com\/en\/","logo":{"@type":"ImageObject","inLanguage":"en-US","@id":"https:\/\/www.agrolac.com\/en\/#\/schema\/logo\/image\/","url":"https:\/\/www.agrolac.com\/wp-content\/uploads\/2025\/10\/agrolac-logo.svg","contentUrl":"https:\/\/www.agrolac.com\/wp-content\/uploads\/2025\/10\/agrolac-logo.svg","caption":"VICORQUIMIA"},"image":{"@id":"https:\/\/www.agrolac.com\/en\/#\/schema\/logo\/image\/"},"sameAs":["https:\/\/www.linkedin.com\/company\/vicorquimia\/"]}]}},"_links":{"self":[{"href":"https:\/\/www.agrolac.com\/en\/wp-json\/wp\/v2\/product\/7698","targetHints":{"allow":["GET"]}}],"collection":[{"href":"https:\/\/www.agrolac.com\/en\/wp-json\/wp\/v2\/product"}],"about":[{"href":"https:\/\/www.agrolac.com\/en\/wp-json\/wp\/v2\/types\/product"}],"replies":[{"embeddable":true,"href":"https:\/\/www.agrolac.com\/en\/wp-json\/wp\/v2\/comments?post=7698"}],"wp:featuredmedia":[{"embeddable":true,"href":"https:\/\/www.agrolac.com\/en\/wp-json\/wp\/v2\/media\/6193"}],"wp:attachment":[{"href":"https:\/\/www.agrolac.com\/en\/wp-json\/wp\/v2\/media?parent=7698"}],"wp:term":[{"taxonomy":"certificacion","embeddable":true,"href":"https:\/\/www.agrolac.com\/en\/wp-json\/wp\/v2\/certificacion?post=7698"},{"taxonomy":"cultivo","embeddable":true,"href":"https:\/\/www.agrolac.com\/en\/wp-json\/wp\/v2\/cultivo?post=7698"},{"taxonomy":"product_brand","embeddable":true,"href":"https:\/\/www.agrolac.com\/en\/wp-json\/wp\/v2\/product_brand?post=7698"},{"taxonomy":"product_cat","embeddable":true,"href":"https:\/\/www.agrolac.com\/en\/wp-json\/wp\/v2\/product_cat?post=7698"},{"taxonomy":"product_tag","embeddable":true,"href":"https:\/\/www.agrolac.com\/en\/wp-json\/wp\/v2\/product_tag?post=7698"}],"curies":[{"name":"wp","href":"https:\/\/api.w.org\/{rel}","templated":true}]}}