{"id":7640,"date":"2026-01-08T22:21:45","date_gmt":"2026-01-08T21:21:45","guid":{"rendered":"https:\/\/www.agrolac.com\/producto\/agrolac-anti-stress\/"},"modified":"2026-03-02T19:21:36","modified_gmt":"2026-03-02T18:21:36","slug":"agrolac-anti-stress","status":"publish","type":"product","link":"https:\/\/www.agrolac.com\/en\/producto\/agrolac-anti-stress\/","title":{"rendered":"Agrolac\u00ae Anti-Stress"},"content":{"rendered":"<h2>AGROLAC\u00ae ANTI-STRESS<\/h2>\n<p><strong>AGROLAC\u00ae ANTI-STRESS<\/strong>, due to its <strong>magnesium (Mg)<\/strong> and <strong>seaweed extracts<\/strong> (which provide alginic acid, mannitol, betaines, polyamines and polysaccharides), stimulates the formation of chlorophyll and proteins and activates enzymes involved in carbohydrate metabolism.<\/p>\n<p>Its formulation stimulates metabolic processes of oxy-reduction, carbohydrate synthesis and sap movement through the <strong>phloem<\/strong>, contributing to a more balanced physiological functioning of the plant.<\/p>\n<p>In addition, it contains <strong>\u03b3-polyglutamic acid<\/strong>, which supports the plant against different stress situations.<\/p>\n<p>The product also incorporates <strong>free amino acids<\/strong>, including glutamic acid, glycine, alanine, methionine, arginine, proline and tyrosine, related to functions such as chlorophyll synthesis, the formation of new shoots, root growth and support for the physiological balance of the plant according to the phenological stage.<\/p>\n<p>When applied to the soil, <strong>AGROLAC\u00ae ANTI-STRESS<\/strong> provides hydrophilic capacity, improves nutrient absorption, helps to balance <strong>soil pH<\/strong>, favors the <strong>chelating effect<\/strong> of heavy metal ions and enhances the absorption of traditional fertilizers.<\/p>\n<h3>Agronomic benefits<\/h3>\n<ul>\n<li><strong>Support for different types of stress<\/strong>.<\/li>\n<li><strong>Stimulation of chlorophyll and protein formation<\/strong>.<\/li>\n<li><strong>Activation of carbohydrate metabolism<\/strong> and carbohydrate synthesis.<\/li>\n<li><strong>Support for physiological balance<\/strong> and sap movement.<\/li>\n<li><strong>Improved use of nutrients and fertilizers<\/strong>.<\/li>\n<\/ul>\n<p>&nbsp;<\/p>\n<h3>Application<\/h3>\n<p><strong>AGROLAC\u00ae ANTI-STRESS<\/strong> is a fertilizer for <strong>foliar<\/strong> application <strong>and fertigation<\/strong>. It should be used by adapting the dosage and timing of application to crop needs and agronomic conditions. <\/p>\n<h3>Remarks<\/h3>\n<p>Do not treat with temperatures higher than 30 \u00baC. Do not mix with tin-based products or mineral oils. <\/p>\n","protected":false},"excerpt":{"rendered":"<p>Product designed to help the crop to overcome stre\u2026<\/p>\n","protected":false},"featured_media":6328,"comment_status":"closed","ping_status":"closed","template":"","meta":{"_acf_changed":false,"_joinchat":[]},"certificacion":[432],"cultivo":[1091,461,530,531,1167,459,1087,460,462,1165,1164,1438,529,528,1166,1088],"product_brand":[],"product_cat":[396],"product_tag":[],"class_list":{"0":"post-7640","1":"product","2":"type-product","3":"status-publish","4":"has-post-thumbnail","6":"certificacion-zero-residue","7":"cultivo-brassicas","8":"cultivo-cereals","9":"cultivo-citrus","10":"cultivo-dried-fruit","11":"cultivo-forages-and-meadows","12":"cultivo-fruit-trees","13":"cultivo-fruiting-horticultural","14":"cultivo-horticultural","15":"cultivo-industrial-crops","16":"cultivo-legumes","17":"cultivo-oilseeds","18":"cultivo-ornamentals-and-nurseries","19":"cultivo-pome-fruit-trees","20":"cultivo-stone-fruit-trees","21":"cultivo-tropical-subtropical","22":"cultivo-vid","23":"product_cat-fertilizers","25":"first","26":"instock","27":"shipping-taxable","28":"product-type-simple"},"acf":[],"yoast_head":"<!-- This site is optimized with the Yoast SEO plugin v27.1.1 - https:\/\/yoast.com\/product\/yoast-seo-wordpress\/ -->\n<title>Agrolac\u00ae Anti-Stress - Agrolac<\/title>\n<meta name=\"description\" content=\"Agrolac\u00ae Anti-Stress is a foliar and fertigation fertilizer with Mg, algae extracts, \u03b3-polyglutamic acid and amino acids to support the plant under stress.\" \/>\n<meta name=\"robots\" content=\"index, follow, max-snippet:-1, max-image-preview:large, max-video-preview:-1\" \/>\n<link rel=\"canonical\" href=\"https:\/\/www.agrolac.com\/en\/producto\/agrolac-anti-stress\/\" \/>\n<meta property=\"og:locale\" content=\"en_US\" \/>\n<meta property=\"og:type\" content=\"article\" \/>\n<meta property=\"og:title\" content=\"Agrolac\u00ae Anti-Stress - Agrolac\" \/>\n<meta property=\"og:description\" content=\"Agrolac\u00ae Anti-Stress is a foliar and fertigation fertilizer with Mg, algae extracts, \u03b3-polyglutamic acid and amino acids to support the plant under stress.\" \/>\n<meta property=\"og:url\" content=\"https:\/\/www.agrolac.com\/en\/producto\/agrolac-anti-stress\/\" \/>\n<meta property=\"og:site_name\" content=\"Agrolac\" \/>\n<meta property=\"article:modified_time\" content=\"2026-03-02T18:21:36+00:00\" \/>\n<meta property=\"og:image\" content=\"https:\/\/www.agrolac.com\/wp-content\/uploads\/2026\/01\/cultivo-tomates.webp\" \/>\n\t<meta property=\"og:image:width\" content=\"1920\" \/>\n\t<meta property=\"og:image:height\" content=\"1280\" \/>\n\t<meta property=\"og:image:type\" content=\"image\/webp\" \/>\n<meta name=\"twitter:card\" content=\"summary_large_image\" \/>\n<meta name=\"twitter:label1\" content=\"Est. reading time\" \/>\n\t<meta name=\"twitter:data1\" content=\"1 minute\" \/>\n<script type=\"application\/ld+json\" class=\"yoast-schema-graph\">{\"@context\":\"https:\/\/schema.org\",\"@graph\":[{\"@type\":\"WebPage\",\"@id\":\"https:\/\/www.agrolac.com\/en\/producto\/agrolac-anti-stress\/\",\"url\":\"https:\/\/www.agrolac.com\/en\/producto\/agrolac-anti-stress\/\",\"name\":\"Agrolac\u00ae Anti-Stress - Agrolac\",\"isPartOf\":{\"@id\":\"https:\/\/www.agrolac.com\/en\/#website\"},\"primaryImageOfPage\":{\"@id\":\"https:\/\/www.agrolac.com\/en\/producto\/agrolac-anti-stress\/#primaryimage\"},\"image\":{\"@id\":\"https:\/\/www.agrolac.com\/en\/producto\/agrolac-anti-stress\/#primaryimage\"},\"thumbnailUrl\":\"https:\/\/www.agrolac.com\/wp-content\/uploads\/2026\/01\/cultivo-tomates.webp\",\"datePublished\":\"2026-01-08T21:21:45+00:00\",\"dateModified\":\"2026-03-02T18:21:36+00:00\",\"description\":\"Agrolac\u00ae Anti-Stress is a foliar and fertigation fertilizer with Mg, algae extracts, \u03b3-polyglutamic acid and amino acids to support the plant under stress.\",\"breadcrumb\":{\"@id\":\"https:\/\/www.agrolac.com\/en\/producto\/agrolac-anti-stress\/#breadcrumb\"},\"inLanguage\":\"en-US\",\"potentialAction\":[{\"@type\":\"ReadAction\",\"target\":[\"https:\/\/www.agrolac.com\/en\/producto\/agrolac-anti-stress\/\"]}]},{\"@type\":\"ImageObject\",\"inLanguage\":\"en-US\",\"@id\":\"https:\/\/www.agrolac.com\/en\/producto\/agrolac-anti-stress\/#primaryimage\",\"url\":\"https:\/\/www.agrolac.com\/wp-content\/uploads\/2026\/01\/cultivo-tomates.webp\",\"contentUrl\":\"https:\/\/www.agrolac.com\/wp-content\/uploads\/2026\/01\/cultivo-tomates.webp\",\"width\":1920,\"height\":1280},{\"@type\":\"BreadcrumbList\",\"@id\":\"https:\/\/www.agrolac.com\/en\/producto\/agrolac-anti-stress\/#breadcrumb\",\"itemListElement\":[{\"@type\":\"ListItem\",\"position\":1,\"name\":\"Inicio\",\"item\":\"https:\/\/www.agrolac.com\/en\/home\/\"},{\"@type\":\"ListItem\",\"position\":2,\"name\":\"Products\",\"item\":\"https:\/\/www.agrolac.com\/en\/products\/\"},{\"@type\":\"ListItem\",\"position\":3,\"name\":\"Fertilizers\",\"item\":\"https:\/\/www.agrolac.com\/en\/categoria-producto\/fertilizers\/\"},{\"@type\":\"ListItem\",\"position\":4,\"name\":\"Agrolac\u00ae Anti-Stress\"}]},{\"@type\":\"WebSite\",\"@id\":\"https:\/\/www.agrolac.com\/en\/#website\",\"url\":\"https:\/\/www.agrolac.com\/en\/\",\"name\":\"VICORQUIMIA\",\"description\":\"Agrolac \u00e9s una empresa de Barcelona, fundada el 1982, especialitzada en distribuci\u00f3 de productes agroqu\u00edmics per a l&#039;agricultura europea.\",\"publisher\":{\"@id\":\"https:\/\/www.agrolac.com\/en\/#organization\"},\"potentialAction\":[{\"@type\":\"SearchAction\",\"target\":{\"@type\":\"EntryPoint\",\"urlTemplate\":\"https:\/\/www.agrolac.com\/en\/?s={search_term_string}\"},\"query-input\":{\"@type\":\"PropertyValueSpecification\",\"valueRequired\":true,\"valueName\":\"search_term_string\"}}],\"inLanguage\":\"en-US\"},{\"@type\":\"Organization\",\"@id\":\"https:\/\/www.agrolac.com\/en\/#organization\",\"name\":\"VICORQUIMIA\",\"url\":\"https:\/\/www.agrolac.com\/en\/\",\"logo\":{\"@type\":\"ImageObject\",\"inLanguage\":\"en-US\",\"@id\":\"https:\/\/www.agrolac.com\/en\/#\/schema\/logo\/image\/\",\"url\":\"https:\/\/www.agrolac.com\/wp-content\/uploads\/2025\/10\/agrolac-logo.svg\",\"contentUrl\":\"https:\/\/www.agrolac.com\/wp-content\/uploads\/2025\/10\/agrolac-logo.svg\",\"caption\":\"VICORQUIMIA\"},\"image\":{\"@id\":\"https:\/\/www.agrolac.com\/en\/#\/schema\/logo\/image\/\"},\"sameAs\":[\"https:\/\/www.linkedin.com\/company\/vicorquimia\/\"]}]}<\/script>\n<!-- \/ Yoast SEO plugin. -->","yoast_head_json":{"title":"Agrolac\u00ae Anti-Stress - Agrolac","description":"Agrolac\u00ae Anti-Stress is a foliar and fertigation fertilizer with Mg, algae extracts, \u03b3-polyglutamic acid and amino acids to support the plant under stress.","robots":{"index":"index","follow":"follow","max-snippet":"max-snippet:-1","max-image-preview":"max-image-preview:large","max-video-preview":"max-video-preview:-1"},"canonical":"https:\/\/www.agrolac.com\/en\/producto\/agrolac-anti-stress\/","og_locale":"en_US","og_type":"article","og_title":"Agrolac\u00ae Anti-Stress - Agrolac","og_description":"Agrolac\u00ae Anti-Stress is a foliar and fertigation fertilizer with Mg, algae extracts, \u03b3-polyglutamic acid and amino acids to support the plant under stress.","og_url":"https:\/\/www.agrolac.com\/en\/producto\/agrolac-anti-stress\/","og_site_name":"Agrolac","article_modified_time":"2026-03-02T18:21:36+00:00","og_image":[{"width":1920,"height":1280,"url":"https:\/\/www.agrolac.com\/wp-content\/uploads\/2026\/01\/cultivo-tomates.webp","type":"image\/webp"}],"twitter_card":"summary_large_image","twitter_misc":{"Est. reading time":"1 minute"},"schema":{"@context":"https:\/\/schema.org","@graph":[{"@type":"WebPage","@id":"https:\/\/www.agrolac.com\/en\/producto\/agrolac-anti-stress\/","url":"https:\/\/www.agrolac.com\/en\/producto\/agrolac-anti-stress\/","name":"Agrolac\u00ae Anti-Stress - Agrolac","isPartOf":{"@id":"https:\/\/www.agrolac.com\/en\/#website"},"primaryImageOfPage":{"@id":"https:\/\/www.agrolac.com\/en\/producto\/agrolac-anti-stress\/#primaryimage"},"image":{"@id":"https:\/\/www.agrolac.com\/en\/producto\/agrolac-anti-stress\/#primaryimage"},"thumbnailUrl":"https:\/\/www.agrolac.com\/wp-content\/uploads\/2026\/01\/cultivo-tomates.webp","datePublished":"2026-01-08T21:21:45+00:00","dateModified":"2026-03-02T18:21:36+00:00","description":"Agrolac\u00ae Anti-Stress is a foliar and fertigation fertilizer with Mg, algae extracts, \u03b3-polyglutamic acid and amino acids to support the plant under stress.","breadcrumb":{"@id":"https:\/\/www.agrolac.com\/en\/producto\/agrolac-anti-stress\/#breadcrumb"},"inLanguage":"en-US","potentialAction":[{"@type":"ReadAction","target":["https:\/\/www.agrolac.com\/en\/producto\/agrolac-anti-stress\/"]}]},{"@type":"ImageObject","inLanguage":"en-US","@id":"https:\/\/www.agrolac.com\/en\/producto\/agrolac-anti-stress\/#primaryimage","url":"https:\/\/www.agrolac.com\/wp-content\/uploads\/2026\/01\/cultivo-tomates.webp","contentUrl":"https:\/\/www.agrolac.com\/wp-content\/uploads\/2026\/01\/cultivo-tomates.webp","width":1920,"height":1280},{"@type":"BreadcrumbList","@id":"https:\/\/www.agrolac.com\/en\/producto\/agrolac-anti-stress\/#breadcrumb","itemListElement":[{"@type":"ListItem","position":1,"name":"Inicio","item":"https:\/\/www.agrolac.com\/en\/home\/"},{"@type":"ListItem","position":2,"name":"Products","item":"https:\/\/www.agrolac.com\/en\/products\/"},{"@type":"ListItem","position":3,"name":"Fertilizers","item":"https:\/\/www.agrolac.com\/en\/categoria-producto\/fertilizers\/"},{"@type":"ListItem","position":4,"name":"Agrolac\u00ae Anti-Stress"}]},{"@type":"WebSite","@id":"https:\/\/www.agrolac.com\/en\/#website","url":"https:\/\/www.agrolac.com\/en\/","name":"VICORQUIMIA","description":"Agrolac \u00e9s una empresa de Barcelona, fundada el 1982, especialitzada en distribuci\u00f3 de productes agroqu\u00edmics per a l&#039;agricultura europea.","publisher":{"@id":"https:\/\/www.agrolac.com\/en\/#organization"},"potentialAction":[{"@type":"SearchAction","target":{"@type":"EntryPoint","urlTemplate":"https:\/\/www.agrolac.com\/en\/?s={search_term_string}"},"query-input":{"@type":"PropertyValueSpecification","valueRequired":true,"valueName":"search_term_string"}}],"inLanguage":"en-US"},{"@type":"Organization","@id":"https:\/\/www.agrolac.com\/en\/#organization","name":"VICORQUIMIA","url":"https:\/\/www.agrolac.com\/en\/","logo":{"@type":"ImageObject","inLanguage":"en-US","@id":"https:\/\/www.agrolac.com\/en\/#\/schema\/logo\/image\/","url":"https:\/\/www.agrolac.com\/wp-content\/uploads\/2025\/10\/agrolac-logo.svg","contentUrl":"https:\/\/www.agrolac.com\/wp-content\/uploads\/2025\/10\/agrolac-logo.svg","caption":"VICORQUIMIA"},"image":{"@id":"https:\/\/www.agrolac.com\/en\/#\/schema\/logo\/image\/"},"sameAs":["https:\/\/www.linkedin.com\/company\/vicorquimia\/"]}]}},"_links":{"self":[{"href":"https:\/\/www.agrolac.com\/en\/wp-json\/wp\/v2\/product\/7640","targetHints":{"allow":["GET"]}}],"collection":[{"href":"https:\/\/www.agrolac.com\/en\/wp-json\/wp\/v2\/product"}],"about":[{"href":"https:\/\/www.agrolac.com\/en\/wp-json\/wp\/v2\/types\/product"}],"replies":[{"embeddable":true,"href":"https:\/\/www.agrolac.com\/en\/wp-json\/wp\/v2\/comments?post=7640"}],"wp:featuredmedia":[{"embeddable":true,"href":"https:\/\/www.agrolac.com\/en\/wp-json\/wp\/v2\/media\/6328"}],"wp:attachment":[{"href":"https:\/\/www.agrolac.com\/en\/wp-json\/wp\/v2\/media?parent=7640"}],"wp:term":[{"taxonomy":"certificacion","embeddable":true,"href":"https:\/\/www.agrolac.com\/en\/wp-json\/wp\/v2\/certificacion?post=7640"},{"taxonomy":"cultivo","embeddable":true,"href":"https:\/\/www.agrolac.com\/en\/wp-json\/wp\/v2\/cultivo?post=7640"},{"taxonomy":"product_brand","embeddable":true,"href":"https:\/\/www.agrolac.com\/en\/wp-json\/wp\/v2\/product_brand?post=7640"},{"taxonomy":"product_cat","embeddable":true,"href":"https:\/\/www.agrolac.com\/en\/wp-json\/wp\/v2\/product_cat?post=7640"},{"taxonomy":"product_tag","embeddable":true,"href":"https:\/\/www.agrolac.com\/en\/wp-json\/wp\/v2\/product_tag?post=7640"}],"curies":[{"name":"wp","href":"https:\/\/api.w.org\/{rel}","templated":true}]}}