{"id":7337,"date":"2025-10-09T11:09:15","date_gmt":"2025-10-09T09:09:15","guid":{"rendered":"https:\/\/www.agrolac.com\/producto\/glyfoon-glyfoon\/"},"modified":"2026-03-02T19:19:51","modified_gmt":"2026-03-02T18:19:51","slug":"glyfoon-glyfoon","status":"publish","type":"product","link":"https:\/\/www.agrolac.com\/en\/producto\/glyfoon-glyfoon\/","title":{"rendered":"GLYFOON\u00ae GLYFOON"},"content":{"rendered":"<h2>GLYFOON\u00ae GLYFOON<\/h2>\n<p><strong>GLYFOON\u00ae<\/strong> is a <strong>systemic, non-selective, foliar-acting<\/strong> herbicide, formulated as a <strong>Soluble Concentrate (SL)<\/strong>, based on <strong>glyphosate (isopropylamine salt) 36% w\/v (360 g\/L)<\/strong>, indicated for <strong>post-emergence control<\/strong> of <strong>annual and multiannual<\/strong> <strong>grass and broadleaf<\/strong> weeds.<\/p>\n<p>After application, the product is <strong>absorbed by the leaves<\/strong> and <strong>translocated to the roots and reserve organs<\/strong>, where it exerts its herbicidal action. <strong>It is inactivated<\/strong> in the soil, so it <strong>has no residual effect<\/strong>. <\/p>\n<p>GLYFOON\u00ae can be used in <strong>irrigation canals, arable and woody crops, borders and meadows<\/strong>, adjusting the dosage and application technique according to the type of weeds and treatment conditions.<\/p>\n<h3>Indicative areas of use and doses (according to label)<\/h3>\n<ul>\n<li><strong>Irrigation channels:<\/strong> 3-10 L\/ha.<\/li>\n<li><strong>Extensive and intensive herbaceous:<\/strong> 1.5-6 L\/ha.<\/li>\n<li><strong>Woody plants:<\/strong> 3-6 L\/ha (annual weeds) and 6-10 L\/ha (multiannual weeds).<\/li>\n<li><strong>Boundary lines:<\/strong> 3-10 L\/ha.<\/li>\n<li><strong>Sown meadows and natural meadows:<\/strong> 3-10 L\/ha.<\/li>\n<\/ul>\n<h3>Application<\/h3>\n<p>Herbicide treatments against <strong>post-emergence<\/strong> weeds. Adjust <strong>dosage, volume of broth and application technique<\/strong> to the conditions of the treatment and the equipment used, always respecting the label indications. <\/p>\n<h3>Safety and observations<\/h3>\n<ul>\n<li>During application with a tractor with a closed cab and air filtering device, protective equipment may be dispensed with, provided that the windows are kept closed.<\/li>\n<li><strong>Do not enter the crop until the product is dry.<\/strong><\/li>\n<li><strong>Safety period:<\/strong> not applicable.<\/li>\n<\/ul>\n<h3>Warning<\/h3>\n<p>The recommendations and information provided are based on studies and tests. Factors beyond the manufacturer&#8217;s control (preparation of mixtures, application, weather conditions, etc.) may intervene in the use of the product. The company guarantees the composition, formulation and content of the product. The user will be responsible for any damage caused by total or partial non-observance of the instructions on the label.   <\/p>\n","protected":false},"excerpt":{"rendered":"<p>Broad spectrum post-emergence systemic herbicide.<\/p>\n","protected":false},"featured_media":4911,"comment_status":"closed","ping_status":"closed","template":"","meta":{"_acf_changed":false,"_joinchat":[]},"certificacion":[],"cultivo":[461,531,1167,459,460,462,1093,1438,1166,1088],"product_brand":[],"product_cat":[406],"product_tag":[],"class_list":{"0":"post-7337","1":"product","2":"type-product","3":"status-publish","4":"has-post-thumbnail","6":"cultivo-cereals","7":"cultivo-dried-fruit","8":"cultivo-forages-and-meadows","9":"cultivo-fruit-trees","10":"cultivo-horticultural","11":"cultivo-industrial-crops","12":"cultivo-olive-tree","13":"cultivo-ornamentals-and-nurseries","14":"cultivo-tropical-subtropical","15":"cultivo-vid","16":"product_cat-herbicides","18":"first","19":"instock","20":"shipping-taxable","21":"purchasable","22":"product-type-simple"},"acf":[],"yoast_head":"<!-- This site is optimized with the Yoast SEO plugin v27.1.1 - https:\/\/yoast.com\/product\/yoast-seo-wordpress\/ -->\n<title>GLYFOON\u00ae : Non-selective glyphosate herbicide 360 g\/L (SL) -% Agrolac% Agrolac% Agrolac%<\/title>\n<meta name=\"description\" content=\"Non-selective systemic herbicide (SL) based on glyphosate 360 g\/L. Post-emergence control of annual and multi-annual weeds. Professional use.\" \/>\n<meta name=\"robots\" content=\"index, follow, max-snippet:-1, max-image-preview:large, max-video-preview:-1\" \/>\n<link rel=\"canonical\" href=\"https:\/\/www.agrolac.com\/en\/producto\/glyfoon-glyfoon\/\" \/>\n<meta property=\"og:locale\" content=\"en_US\" \/>\n<meta property=\"og:type\" content=\"article\" \/>\n<meta property=\"og:title\" content=\"GLYFOON\u00ae : Non-selective glyphosate herbicide 360 g\/L (SL) -% Agrolac% Agrolac% Agrolac%\" \/>\n<meta property=\"og:description\" content=\"Non-selective systemic herbicide (SL) based on glyphosate 360 g\/L. Post-emergence control of annual and multi-annual weeds. Professional use.\" \/>\n<meta property=\"og:url\" content=\"https:\/\/www.agrolac.com\/en\/producto\/glyfoon-glyfoon\/\" \/>\n<meta property=\"og:site_name\" content=\"Agrolac\" \/>\n<meta property=\"article:modified_time\" content=\"2026-03-02T18:19:51+00:00\" \/>\n<meta property=\"og:image\" content=\"https:\/\/www.agrolac.com\/wp-content\/uploads\/2025\/10\/olivar-herbicidas.webp\" \/>\n\t<meta property=\"og:image:width\" content=\"1920\" \/>\n\t<meta property=\"og:image:height\" content=\"1275\" \/>\n\t<meta property=\"og:image:type\" content=\"image\/webp\" \/>\n<meta name=\"twitter:card\" content=\"summary_large_image\" \/>\n<meta name=\"twitter:label1\" content=\"Est. reading time\" \/>\n\t<meta name=\"twitter:data1\" content=\"1 minute\" \/>\n<script type=\"application\/ld+json\" class=\"yoast-schema-graph\">{\"@context\":\"https:\/\/schema.org\",\"@graph\":[{\"@type\":\"WebPage\",\"@id\":\"https:\/\/www.agrolac.com\/en\/producto\/glyfoon-glyfoon\/\",\"url\":\"https:\/\/www.agrolac.com\/en\/producto\/glyfoon-glyfoon\/\",\"name\":\"GLYFOON\u00ae : Non-selective glyphosate herbicide 360 g\/L (SL) -% Agrolac% Agrolac% Agrolac%\",\"isPartOf\":{\"@id\":\"https:\/\/www.agrolac.com\/en\/#website\"},\"primaryImageOfPage\":{\"@id\":\"https:\/\/www.agrolac.com\/en\/producto\/glyfoon-glyfoon\/#primaryimage\"},\"image\":{\"@id\":\"https:\/\/www.agrolac.com\/en\/producto\/glyfoon-glyfoon\/#primaryimage\"},\"thumbnailUrl\":\"https:\/\/www.agrolac.com\/wp-content\/uploads\/2025\/10\/olivar-herbicidas.webp\",\"datePublished\":\"2025-10-09T09:09:15+00:00\",\"dateModified\":\"2026-03-02T18:19:51+00:00\",\"description\":\"Non-selective systemic herbicide (SL) based on glyphosate 360 g\/L. Post-emergence control of annual and multi-annual weeds. Professional use.\",\"breadcrumb\":{\"@id\":\"https:\/\/www.agrolac.com\/en\/producto\/glyfoon-glyfoon\/#breadcrumb\"},\"inLanguage\":\"en-US\",\"potentialAction\":[{\"@type\":\"ReadAction\",\"target\":[\"https:\/\/www.agrolac.com\/en\/producto\/glyfoon-glyfoon\/\"]}]},{\"@type\":\"ImageObject\",\"inLanguage\":\"en-US\",\"@id\":\"https:\/\/www.agrolac.com\/en\/producto\/glyfoon-glyfoon\/#primaryimage\",\"url\":\"https:\/\/www.agrolac.com\/wp-content\/uploads\/2025\/10\/olivar-herbicidas.webp\",\"contentUrl\":\"https:\/\/www.agrolac.com\/wp-content\/uploads\/2025\/10\/olivar-herbicidas.webp\",\"width\":1920,\"height\":1275},{\"@type\":\"BreadcrumbList\",\"@id\":\"https:\/\/www.agrolac.com\/en\/producto\/glyfoon-glyfoon\/#breadcrumb\",\"itemListElement\":[{\"@type\":\"ListItem\",\"position\":1,\"name\":\"Inicio\",\"item\":\"https:\/\/www.agrolac.com\/en\/home\/\"},{\"@type\":\"ListItem\",\"position\":2,\"name\":\"Products\",\"item\":\"https:\/\/www.agrolac.com\/en\/products\/\"},{\"@type\":\"ListItem\",\"position\":3,\"name\":\"Herbicides\",\"item\":\"https:\/\/www.agrolac.com\/en\/categoria-producto\/herbicides\/\"},{\"@type\":\"ListItem\",\"position\":4,\"name\":\"GLYFOON\u00ae GLYFOON\"}]},{\"@type\":\"WebSite\",\"@id\":\"https:\/\/www.agrolac.com\/en\/#website\",\"url\":\"https:\/\/www.agrolac.com\/en\/\",\"name\":\"VICORQUIMIA\",\"description\":\"Agrolac \u00e9s una empresa de Barcelona, fundada el 1982, especialitzada en distribuci\u00f3 de productes agroqu\u00edmics per a l&#039;agricultura europea.\",\"publisher\":{\"@id\":\"https:\/\/www.agrolac.com\/en\/#organization\"},\"potentialAction\":[{\"@type\":\"SearchAction\",\"target\":{\"@type\":\"EntryPoint\",\"urlTemplate\":\"https:\/\/www.agrolac.com\/en\/?s={search_term_string}\"},\"query-input\":{\"@type\":\"PropertyValueSpecification\",\"valueRequired\":true,\"valueName\":\"search_term_string\"}}],\"inLanguage\":\"en-US\"},{\"@type\":\"Organization\",\"@id\":\"https:\/\/www.agrolac.com\/en\/#organization\",\"name\":\"VICORQUIMIA\",\"url\":\"https:\/\/www.agrolac.com\/en\/\",\"logo\":{\"@type\":\"ImageObject\",\"inLanguage\":\"en-US\",\"@id\":\"https:\/\/www.agrolac.com\/en\/#\/schema\/logo\/image\/\",\"url\":\"https:\/\/www.agrolac.com\/wp-content\/uploads\/2025\/10\/agrolac-logo.svg\",\"contentUrl\":\"https:\/\/www.agrolac.com\/wp-content\/uploads\/2025\/10\/agrolac-logo.svg\",\"caption\":\"VICORQUIMIA\"},\"image\":{\"@id\":\"https:\/\/www.agrolac.com\/en\/#\/schema\/logo\/image\/\"},\"sameAs\":[\"https:\/\/www.linkedin.com\/company\/vicorquimia\/\"]}]}<\/script>\n<!-- \/ Yoast SEO plugin. -->","yoast_head_json":{"title":"GLYFOON\u00ae : Non-selective glyphosate herbicide 360 g\/L (SL) -% Agrolac% Agrolac% Agrolac%","description":"Non-selective systemic herbicide (SL) based on glyphosate 360 g\/L. Post-emergence control of annual and multi-annual weeds. Professional use.","robots":{"index":"index","follow":"follow","max-snippet":"max-snippet:-1","max-image-preview":"max-image-preview:large","max-video-preview":"max-video-preview:-1"},"canonical":"https:\/\/www.agrolac.com\/en\/producto\/glyfoon-glyfoon\/","og_locale":"en_US","og_type":"article","og_title":"GLYFOON\u00ae : Non-selective glyphosate herbicide 360 g\/L (SL) -% Agrolac% Agrolac% Agrolac%","og_description":"Non-selective systemic herbicide (SL) based on glyphosate 360 g\/L. Post-emergence control of annual and multi-annual weeds. Professional use.","og_url":"https:\/\/www.agrolac.com\/en\/producto\/glyfoon-glyfoon\/","og_site_name":"Agrolac","article_modified_time":"2026-03-02T18:19:51+00:00","og_image":[{"width":1920,"height":1275,"url":"https:\/\/www.agrolac.com\/wp-content\/uploads\/2025\/10\/olivar-herbicidas.webp","type":"image\/webp"}],"twitter_card":"summary_large_image","twitter_misc":{"Est. reading time":"1 minute"},"schema":{"@context":"https:\/\/schema.org","@graph":[{"@type":"WebPage","@id":"https:\/\/www.agrolac.com\/en\/producto\/glyfoon-glyfoon\/","url":"https:\/\/www.agrolac.com\/en\/producto\/glyfoon-glyfoon\/","name":"GLYFOON\u00ae : Non-selective glyphosate herbicide 360 g\/L (SL) -% Agrolac% Agrolac% Agrolac%","isPartOf":{"@id":"https:\/\/www.agrolac.com\/en\/#website"},"primaryImageOfPage":{"@id":"https:\/\/www.agrolac.com\/en\/producto\/glyfoon-glyfoon\/#primaryimage"},"image":{"@id":"https:\/\/www.agrolac.com\/en\/producto\/glyfoon-glyfoon\/#primaryimage"},"thumbnailUrl":"https:\/\/www.agrolac.com\/wp-content\/uploads\/2025\/10\/olivar-herbicidas.webp","datePublished":"2025-10-09T09:09:15+00:00","dateModified":"2026-03-02T18:19:51+00:00","description":"Non-selective systemic herbicide (SL) based on glyphosate 360 g\/L. Post-emergence control of annual and multi-annual weeds. Professional use.","breadcrumb":{"@id":"https:\/\/www.agrolac.com\/en\/producto\/glyfoon-glyfoon\/#breadcrumb"},"inLanguage":"en-US","potentialAction":[{"@type":"ReadAction","target":["https:\/\/www.agrolac.com\/en\/producto\/glyfoon-glyfoon\/"]}]},{"@type":"ImageObject","inLanguage":"en-US","@id":"https:\/\/www.agrolac.com\/en\/producto\/glyfoon-glyfoon\/#primaryimage","url":"https:\/\/www.agrolac.com\/wp-content\/uploads\/2025\/10\/olivar-herbicidas.webp","contentUrl":"https:\/\/www.agrolac.com\/wp-content\/uploads\/2025\/10\/olivar-herbicidas.webp","width":1920,"height":1275},{"@type":"BreadcrumbList","@id":"https:\/\/www.agrolac.com\/en\/producto\/glyfoon-glyfoon\/#breadcrumb","itemListElement":[{"@type":"ListItem","position":1,"name":"Inicio","item":"https:\/\/www.agrolac.com\/en\/home\/"},{"@type":"ListItem","position":2,"name":"Products","item":"https:\/\/www.agrolac.com\/en\/products\/"},{"@type":"ListItem","position":3,"name":"Herbicides","item":"https:\/\/www.agrolac.com\/en\/categoria-producto\/herbicides\/"},{"@type":"ListItem","position":4,"name":"GLYFOON\u00ae GLYFOON"}]},{"@type":"WebSite","@id":"https:\/\/www.agrolac.com\/en\/#website","url":"https:\/\/www.agrolac.com\/en\/","name":"VICORQUIMIA","description":"Agrolac \u00e9s una empresa de Barcelona, fundada el 1982, especialitzada en distribuci\u00f3 de productes agroqu\u00edmics per a l&#039;agricultura europea.","publisher":{"@id":"https:\/\/www.agrolac.com\/en\/#organization"},"potentialAction":[{"@type":"SearchAction","target":{"@type":"EntryPoint","urlTemplate":"https:\/\/www.agrolac.com\/en\/?s={search_term_string}"},"query-input":{"@type":"PropertyValueSpecification","valueRequired":true,"valueName":"search_term_string"}}],"inLanguage":"en-US"},{"@type":"Organization","@id":"https:\/\/www.agrolac.com\/en\/#organization","name":"VICORQUIMIA","url":"https:\/\/www.agrolac.com\/en\/","logo":{"@type":"ImageObject","inLanguage":"en-US","@id":"https:\/\/www.agrolac.com\/en\/#\/schema\/logo\/image\/","url":"https:\/\/www.agrolac.com\/wp-content\/uploads\/2025\/10\/agrolac-logo.svg","contentUrl":"https:\/\/www.agrolac.com\/wp-content\/uploads\/2025\/10\/agrolac-logo.svg","caption":"VICORQUIMIA"},"image":{"@id":"https:\/\/www.agrolac.com\/en\/#\/schema\/logo\/image\/"},"sameAs":["https:\/\/www.linkedin.com\/company\/vicorquimia\/"]}]}},"_links":{"self":[{"href":"https:\/\/www.agrolac.com\/en\/wp-json\/wp\/v2\/product\/7337","targetHints":{"allow":["GET"]}}],"collection":[{"href":"https:\/\/www.agrolac.com\/en\/wp-json\/wp\/v2\/product"}],"about":[{"href":"https:\/\/www.agrolac.com\/en\/wp-json\/wp\/v2\/types\/product"}],"replies":[{"embeddable":true,"href":"https:\/\/www.agrolac.com\/en\/wp-json\/wp\/v2\/comments?post=7337"}],"wp:featuredmedia":[{"embeddable":true,"href":"https:\/\/www.agrolac.com\/en\/wp-json\/wp\/v2\/media\/4911"}],"wp:attachment":[{"href":"https:\/\/www.agrolac.com\/en\/wp-json\/wp\/v2\/media?parent=7337"}],"wp:term":[{"taxonomy":"certificacion","embeddable":true,"href":"https:\/\/www.agrolac.com\/en\/wp-json\/wp\/v2\/certificacion?post=7337"},{"taxonomy":"cultivo","embeddable":true,"href":"https:\/\/www.agrolac.com\/en\/wp-json\/wp\/v2\/cultivo?post=7337"},{"taxonomy":"product_brand","embeddable":true,"href":"https:\/\/www.agrolac.com\/en\/wp-json\/wp\/v2\/product_brand?post=7337"},{"taxonomy":"product_cat","embeddable":true,"href":"https:\/\/www.agrolac.com\/en\/wp-json\/wp\/v2\/product_cat?post=7337"},{"taxonomy":"product_tag","embeddable":true,"href":"https:\/\/www.agrolac.com\/en\/wp-json\/wp\/v2\/product_tag?post=7337"}],"curies":[{"name":"wp","href":"https:\/\/api.w.org\/{rel}","templated":true}]}}