{"id":2140,"date":"2023-04-27T17:34:13","date_gmt":"2023-04-27T15:34:13","guid":{"rendered":"https:\/\/www.agrolac.com\/represented-brands\/"},"modified":"2026-03-01T11:56:14","modified_gmt":"2026-03-01T10:56:14","slug":"represented-brands","status":"publish","type":"page","link":"https:\/\/www.agrolac.com\/en\/represented-brands\/","title":{"rendered":"Represented Brands"},"content":{"rendered":"\t\t<div data-elementor-type=\"wp-page\" data-elementor-id=\"2140\" class=\"elementor elementor-2140 elementor-310\" data-elementor-post-type=\"page\">\n\t\t\t\t<div class=\"elementor-element elementor-element-83fedfa e-flex e-con-boxed e-con e-parent\" data-id=\"83fedfa\" data-element_type=\"container\" data-e-type=\"container\">\n\t\t\t\t\t<div class=\"e-con-inner\">\n\t\t<div class=\"elementor-element elementor-element-fdee41b e-con-full e-flex e-con e-child\" data-id=\"fdee41b\" data-element_type=\"container\" data-e-type=\"container\">\n\t\t\t\t<div class=\"elementor-element elementor-element-8351aa7 elementor-widget elementor-widget-image\" data-id=\"8351aa7\" data-element_type=\"widget\" data-e-type=\"widget\" data-widget_type=\"image.default\">\n\t\t\t\t\t\t\t\t\t\t\t\t\t\t\t\t<a href=\"https:\/\/www.sinon.com\/\">\n\t\t\t\t\t\t\t<img decoding=\"async\" width=\"1\" height=\"1\" src=\"https:\/\/www.agrolac.com\/wp-content\/uploads\/2025\/09\/SINON.svg\" class=\"attachment-large size-large wp-image-2993\" alt=\"\" \/>\t\t\t\t\t\t\t\t<\/a>\n\t\t\t\t\t\t\t\t\t\t\t\t\t\t\t<\/div>\n\t\t\t\t<\/div>\n\t\t<div class=\"elementor-element elementor-element-f673e4d e-con-full e-flex e-con e-child\" data-id=\"f673e4d\" data-element_type=\"container\" data-e-type=\"container\">\n\t\t\t\t<div class=\"elementor-element elementor-element-d91cde2 elementor-widget elementor-widget-image\" data-id=\"d91cde2\" data-element_type=\"widget\" data-e-type=\"widget\" data-widget_type=\"image.default\">\n\t\t\t\t\t\t\t\t\t\t\t\t\t\t\t\t<a href=\"https:\/\/meghmani.com\/\">\n\t\t\t\t\t\t\t<img decoding=\"async\" width=\"311\" height=\"69\" src=\"https:\/\/www.agrolac.com\/wp-content\/uploads\/2025\/09\/MEGHMANI-LOGO.jpg\" class=\"attachment-large size-large wp-image-2981\" alt=\"\" srcset=\"https:\/\/www.agrolac.com\/wp-content\/uploads\/2025\/09\/MEGHMANI-LOGO.jpg 311w, https:\/\/www.agrolac.com\/wp-content\/uploads\/2025\/09\/MEGHMANI-LOGO-300x67.jpg 300w\" sizes=\"(max-width: 311px) 100vw, 311px\" \/>\t\t\t\t\t\t\t\t<\/a>\n\t\t\t\t\t\t\t\t\t\t\t\t\t\t\t<\/div>\n\t\t\t\t<\/div>\n\t\t<div class=\"elementor-element elementor-element-a256983 e-con-full e-flex e-con e-child\" data-id=\"a256983\" data-element_type=\"container\" data-e-type=\"container\">\n\t\t\t\t<div class=\"elementor-element elementor-element-e3f2157 elementor-widget elementor-widget-image\" data-id=\"e3f2157\" data-element_type=\"widget\" data-e-type=\"widget\" data-widget_type=\"image.default\">\n\t\t\t\t\t\t\t\t\t\t\t\t\t\t\t\t<a href=\"https:\/\/www.vedan.com\/\">\n\t\t\t\t\t\t\t<img fetchpriority=\"high\" decoding=\"async\" width=\"350\" height=\"200\" src=\"https:\/\/www.agrolac.com\/wp-content\/uploads\/2023\/04\/logo-proveedor-Vedan.jpg\" class=\"attachment-large size-large wp-image-1223\" alt=\"\" srcset=\"https:\/\/www.agrolac.com\/wp-content\/uploads\/2023\/04\/logo-proveedor-Vedan.jpg 350w, https:\/\/www.agrolac.com\/wp-content\/uploads\/2023\/04\/logo-proveedor-Vedan-300x171.jpg 300w\" sizes=\"(max-width: 350px) 100vw, 350px\" \/>\t\t\t\t\t\t\t\t<\/a>\n\t\t\t\t\t\t\t\t\t\t\t\t\t\t\t<\/div>\n\t\t\t\t<\/div>\n\t\t\t\t\t<\/div>\n\t\t\t\t<\/div>\n\t\t<div class=\"elementor-element elementor-element-a6ed9eb e-flex e-con-boxed e-con e-parent\" data-id=\"a6ed9eb\" data-element_type=\"container\" data-e-type=\"container\">\n\t\t\t\t\t<div class=\"e-con-inner\">\n\t\t<div class=\"elementor-element elementor-element-d6fabdd e-con-full e-flex e-con e-child\" data-id=\"d6fabdd\" data-element_type=\"container\" data-e-type=\"container\">\n\t\t\t\t<\/div>\n\t\t<div class=\"elementor-element elementor-element-5aafc37 e-con-full e-flex e-con e-child\" data-id=\"5aafc37\" data-element_type=\"container\" data-e-type=\"container\">\n\t\t\t\t<\/div>\n\t\t<div class=\"elementor-element elementor-element-905eea8 e-con-full e-flex e-con e-child\" data-id=\"905eea8\" data-element_type=\"container\" data-e-type=\"container\">\n\t\t\t\t<\/div>\n\t\t\t\t\t<\/div>\n\t\t\t\t<\/div>\n\t\t\t\t<\/div>\n\t\t","protected":false},"excerpt":{"rendered":"","protected":false},"author":3,"featured_media":0,"parent":0,"menu_order":0,"comment_status":"closed","ping_status":"closed","template":"","meta":{"_acf_changed":false,"_joinchat":[],"footnotes":""},"class_list":["post-2140","page","type-page","status-publish","hentry"],"acf":[],"yoast_head":"<!-- This site is optimized with the Yoast SEO plugin v27.1.1 - https:\/\/yoast.com\/product\/yoast-seo-wordpress\/ -->\n<title>Represented Brands - Agrolac<\/title>\n<meta name=\"robots\" content=\"index, follow, max-snippet:-1, max-image-preview:large, max-video-preview:-1\" \/>\n<link rel=\"canonical\" href=\"https:\/\/www.agrolac.com\/en\/represented-brands\/\" \/>\n<meta property=\"og:locale\" content=\"en_US\" \/>\n<meta property=\"og:type\" content=\"article\" \/>\n<meta property=\"og:title\" content=\"Represented Brands - Agrolac\" \/>\n<meta property=\"og:url\" content=\"https:\/\/www.agrolac.com\/en\/represented-brands\/\" \/>\n<meta property=\"og:site_name\" content=\"Agrolac\" \/>\n<meta property=\"article:modified_time\" content=\"2026-03-01T10:56:14+00:00\" \/>\n<meta name=\"twitter:card\" content=\"summary_large_image\" \/>\n<script type=\"application\/ld+json\" class=\"yoast-schema-graph\">{\"@context\":\"https:\/\/schema.org\",\"@graph\":[{\"@type\":\"WebPage\",\"@id\":\"https:\/\/www.agrolac.com\/en\/represented-brands\/\",\"url\":\"https:\/\/www.agrolac.com\/en\/represented-brands\/\",\"name\":\"Represented Brands - Agrolac\",\"isPartOf\":{\"@id\":\"https:\/\/www.agrolac.com\/en\/#website\"},\"primaryImageOfPage\":{\"@id\":\"https:\/\/www.agrolac.com\/en\/represented-brands\/#primaryimage\"},\"image\":{\"@id\":\"https:\/\/www.agrolac.com\/en\/represented-brands\/#primaryimage\"},\"thumbnailUrl\":\"https:\/\/www.agrolac.com\/wp-content\/uploads\/2025\/09\/SINON.svg\",\"datePublished\":\"2023-04-27T15:34:13+00:00\",\"dateModified\":\"2026-03-01T10:56:14+00:00\",\"breadcrumb\":{\"@id\":\"https:\/\/www.agrolac.com\/en\/represented-brands\/#breadcrumb\"},\"inLanguage\":\"en-US\",\"potentialAction\":[{\"@type\":\"ReadAction\",\"target\":[\"https:\/\/www.agrolac.com\/en\/represented-brands\/\"]}]},{\"@type\":\"ImageObject\",\"inLanguage\":\"en-US\",\"@id\":\"https:\/\/www.agrolac.com\/en\/represented-brands\/#primaryimage\",\"url\":\"https:\/\/www.agrolac.com\/wp-content\/uploads\/2025\/09\/SINON.svg\",\"contentUrl\":\"https:\/\/www.agrolac.com\/wp-content\/uploads\/2025\/09\/SINON.svg\"},{\"@type\":\"BreadcrumbList\",\"@id\":\"https:\/\/www.agrolac.com\/en\/represented-brands\/#breadcrumb\",\"itemListElement\":[{\"@type\":\"ListItem\",\"position\":1,\"name\":\"Inicio\",\"item\":\"https:\/\/www.agrolac.com\/en\/home\/\"},{\"@type\":\"ListItem\",\"position\":2,\"name\":\"Represented Brands\"}]},{\"@type\":\"WebSite\",\"@id\":\"https:\/\/www.agrolac.com\/en\/#website\",\"url\":\"https:\/\/www.agrolac.com\/en\/\",\"name\":\"VICORQUIMIA\",\"description\":\"Agrolac \u00e9s una empresa de Barcelona, fundada el 1982, especialitzada en distribuci\u00f3 de productes agroqu\u00edmics per a l&#039;agricultura europea.\",\"publisher\":{\"@id\":\"https:\/\/www.agrolac.com\/en\/#organization\"},\"potentialAction\":[{\"@type\":\"SearchAction\",\"target\":{\"@type\":\"EntryPoint\",\"urlTemplate\":\"https:\/\/www.agrolac.com\/en\/?s={search_term_string}\"},\"query-input\":{\"@type\":\"PropertyValueSpecification\",\"valueRequired\":true,\"valueName\":\"search_term_string\"}}],\"inLanguage\":\"en-US\"},{\"@type\":\"Organization\",\"@id\":\"https:\/\/www.agrolac.com\/en\/#organization\",\"name\":\"VICORQUIMIA\",\"url\":\"https:\/\/www.agrolac.com\/en\/\",\"logo\":{\"@type\":\"ImageObject\",\"inLanguage\":\"en-US\",\"@id\":\"https:\/\/www.agrolac.com\/en\/#\/schema\/logo\/image\/\",\"url\":\"https:\/\/www.agrolac.com\/wp-content\/uploads\/2025\/10\/agrolac-logo.svg\",\"contentUrl\":\"https:\/\/www.agrolac.com\/wp-content\/uploads\/2025\/10\/agrolac-logo.svg\",\"caption\":\"VICORQUIMIA\"},\"image\":{\"@id\":\"https:\/\/www.agrolac.com\/en\/#\/schema\/logo\/image\/\"},\"sameAs\":[\"https:\/\/www.linkedin.com\/company\/vicorquimia\/\"]}]}<\/script>\n<!-- \/ Yoast SEO plugin. -->","yoast_head_json":{"title":"Represented Brands - Agrolac","robots":{"index":"index","follow":"follow","max-snippet":"max-snippet:-1","max-image-preview":"max-image-preview:large","max-video-preview":"max-video-preview:-1"},"canonical":"https:\/\/www.agrolac.com\/en\/represented-brands\/","og_locale":"en_US","og_type":"article","og_title":"Represented Brands - Agrolac","og_url":"https:\/\/www.agrolac.com\/en\/represented-brands\/","og_site_name":"Agrolac","article_modified_time":"2026-03-01T10:56:14+00:00","twitter_card":"summary_large_image","schema":{"@context":"https:\/\/schema.org","@graph":[{"@type":"WebPage","@id":"https:\/\/www.agrolac.com\/en\/represented-brands\/","url":"https:\/\/www.agrolac.com\/en\/represented-brands\/","name":"Represented Brands - Agrolac","isPartOf":{"@id":"https:\/\/www.agrolac.com\/en\/#website"},"primaryImageOfPage":{"@id":"https:\/\/www.agrolac.com\/en\/represented-brands\/#primaryimage"},"image":{"@id":"https:\/\/www.agrolac.com\/en\/represented-brands\/#primaryimage"},"thumbnailUrl":"https:\/\/www.agrolac.com\/wp-content\/uploads\/2025\/09\/SINON.svg","datePublished":"2023-04-27T15:34:13+00:00","dateModified":"2026-03-01T10:56:14+00:00","breadcrumb":{"@id":"https:\/\/www.agrolac.com\/en\/represented-brands\/#breadcrumb"},"inLanguage":"en-US","potentialAction":[{"@type":"ReadAction","target":["https:\/\/www.agrolac.com\/en\/represented-brands\/"]}]},{"@type":"ImageObject","inLanguage":"en-US","@id":"https:\/\/www.agrolac.com\/en\/represented-brands\/#primaryimage","url":"https:\/\/www.agrolac.com\/wp-content\/uploads\/2025\/09\/SINON.svg","contentUrl":"https:\/\/www.agrolac.com\/wp-content\/uploads\/2025\/09\/SINON.svg"},{"@type":"BreadcrumbList","@id":"https:\/\/www.agrolac.com\/en\/represented-brands\/#breadcrumb","itemListElement":[{"@type":"ListItem","position":1,"name":"Inicio","item":"https:\/\/www.agrolac.com\/en\/home\/"},{"@type":"ListItem","position":2,"name":"Represented Brands"}]},{"@type":"WebSite","@id":"https:\/\/www.agrolac.com\/en\/#website","url":"https:\/\/www.agrolac.com\/en\/","name":"VICORQUIMIA","description":"Agrolac \u00e9s una empresa de Barcelona, fundada el 1982, especialitzada en distribuci\u00f3 de productes agroqu\u00edmics per a l&#039;agricultura europea.","publisher":{"@id":"https:\/\/www.agrolac.com\/en\/#organization"},"potentialAction":[{"@type":"SearchAction","target":{"@type":"EntryPoint","urlTemplate":"https:\/\/www.agrolac.com\/en\/?s={search_term_string}"},"query-input":{"@type":"PropertyValueSpecification","valueRequired":true,"valueName":"search_term_string"}}],"inLanguage":"en-US"},{"@type":"Organization","@id":"https:\/\/www.agrolac.com\/en\/#organization","name":"VICORQUIMIA","url":"https:\/\/www.agrolac.com\/en\/","logo":{"@type":"ImageObject","inLanguage":"en-US","@id":"https:\/\/www.agrolac.com\/en\/#\/schema\/logo\/image\/","url":"https:\/\/www.agrolac.com\/wp-content\/uploads\/2025\/10\/agrolac-logo.svg","contentUrl":"https:\/\/www.agrolac.com\/wp-content\/uploads\/2025\/10\/agrolac-logo.svg","caption":"VICORQUIMIA"},"image":{"@id":"https:\/\/www.agrolac.com\/en\/#\/schema\/logo\/image\/"},"sameAs":["https:\/\/www.linkedin.com\/company\/vicorquimia\/"]}]}},"_links":{"self":[{"href":"https:\/\/www.agrolac.com\/en\/wp-json\/wp\/v2\/pages\/2140","targetHints":{"allow":["GET"]}}],"collection":[{"href":"https:\/\/www.agrolac.com\/en\/wp-json\/wp\/v2\/pages"}],"about":[{"href":"https:\/\/www.agrolac.com\/en\/wp-json\/wp\/v2\/types\/page"}],"author":[{"embeddable":true,"href":"https:\/\/www.agrolac.com\/en\/wp-json\/wp\/v2\/users\/3"}],"replies":[{"embeddable":true,"href":"https:\/\/www.agrolac.com\/en\/wp-json\/wp\/v2\/comments?post=2140"}],"version-history":[{"count":0,"href":"https:\/\/www.agrolac.com\/en\/wp-json\/wp\/v2\/pages\/2140\/revisions"}],"wp:attachment":[{"href":"https:\/\/www.agrolac.com\/en\/wp-json\/wp\/v2\/media?parent=2140"}],"curies":[{"name":"wp","href":"https:\/\/api.w.org\/{rel}","templated":true}]}}