{"id":7674,"date":"2026-01-08T21:55:22","date_gmt":"2026-01-08T20:55:22","guid":{"rendered":"https:\/\/www.agrolac.com\/producto\/rafega-olitrap\/"},"modified":"2026-03-02T19:22:58","modified_gmt":"2026-03-02T18:22:58","slug":"rafega-olitrap","status":"publish","type":"product","link":"https:\/\/www.agrolac.com\/ca\/producto\/rafega-olitrap\/","title":{"rendered":"R\u00e0fega Olitrap"},"content":{"rendered":"<h2>R\u00e0fega Olitrap<\/h2>\n<p><strong>RAFAGA OLITRAP<\/strong> \u00e9s una <strong>trampa insecticida<\/strong> formulada amb <strong>deltametrina 0,015% p\/p<\/strong> (0,015 g per trampa), preparada per atraure la <strong>mosca de l&#8217;olivera ( <em>Bactrocera oleae<\/em> )<\/strong> cap a l&#8217;interior del parany, on es produeix la mort de l&#8217;insecte.<\/p>\n<p>Es presenta com a <strong>esquer llest per al seu \u00fas<\/strong> i est\u00e0 dissenyat per a la <strong>captura dadults (mascles i femelles)<\/strong> de la mosca de lolivera.<\/p>\n<p>El sistema es compon d&#8217;un <strong>parany<\/strong> , una <strong>tapa impregnada amb deltametrina<\/strong> (insecticida de contacte) i un <strong>s\u00f2lid espec\u00edfic atraient<\/strong> per <em>a Bactrocera oleae<\/em> , de gran persist\u00e8ncia.<\/p>\n<p>A m\u00e9s del control, el disseny permet <strong>visualitzar les captures<\/strong> i fer <strong>seguiment de la poblaci\u00f3<\/strong> a la parcel\u00b7la.<\/p>\n<h3>Caracter\u00edstiques del producte<\/h3>\n<ul>\n<li><strong>Deltametrina 0,015% p\/p<\/strong> (0,015 g per parany).<\/li>\n<li>Trampa amb esquer incorporat, llesta per al seu \u00fas.<\/li>\n<li>Indicada per <strong>a mosca de l&#8217;olivera ( <em>Bactrocera oleae<\/em> )<\/strong> .<\/li>\n<li>Captura d&#8217;adults (mascles i femelles).<\/li>\n<li>Permet control i seguiment de poblaci\u00f3 a camp.<\/li>\n<\/ul>\n<h3>\u00das (segons informaci\u00f3 facilitada)<\/h3>\n<ul>\n<li>Col \u00b7 locar a l&#8217; <strong>arbre a l&#8217;al\u00e7ada del cap<\/strong> , a la <strong>cara sud<\/strong> i en una <strong>zona sense fulles<\/strong> .<\/li>\n<li>Situar el parany a una dist\u00e0ncia aproximada d&#8217; <strong>1\u20131,5 m del tronc<\/strong> .<\/li>\n<li>Col \u00b7 locar <strong>1 parany per arbre<\/strong> .<\/li>\n<li>Instal\u00b7leu <strong>3 mesos abans de la collita<\/strong> i abans de l&#8217;inici de l&#8217;activitat de la mosca (abans del canvi de color).<\/li>\n<\/ul>\n<h3>Informaci\u00f3 de seguretat<\/h3>\n<ul>\n<li><strong>EUH210:<\/strong> Podeu sol\u00b7licitar la fitxa de dades de seguretat.<\/li>\n<li><strong>H410:<\/strong> Molt t\u00f2xic per als organismes aqu\u00e0tics, amb efectes duradors.<\/li>\n<li><strong>P262:<\/strong> Evitar el contacte amb els ulls, la pell o la roba.<\/li>\n<li><strong>P273:<\/strong> Evitar el seu alliberament al medi ambient.<\/li>\n<li><strong>P391:<\/strong> Recollir l&#8217;abocament.<\/li>\n<li><strong>P501:<\/strong> Elimineu-ne el contingut i\/o el recipient d&#8217;acord amb la normativa sobre residus perillosos.<\/li>\n<\/ul>\n","protected":false},"excerpt":{"rendered":"<p>Sistema de trampeig per a la monitoritzaci\u00f3 i segu\u2026<\/p>\n","protected":false},"featured_media":5603,"comment_status":"closed","ping_status":"closed","template":"","meta":{"_acf_changed":false,"_joinchat":[]},"certificacion":[],"cultivo":[1075],"product_brand":[],"product_cat":[410],"product_tag":[],"class_list":{"0":"post-7674","1":"product","2":"type-product","3":"status-publish","4":"has-post-thumbnail","6":"cultivo-olivera","7":"product_cat-insecticides","9":"first","10":"instock","11":"shipping-taxable","12":"product-type-simple"},"acf":[],"yoast_head":"<!-- This site is optimized with the Yoast SEO plugin v27.1.1 - https:\/\/yoast.com\/product\/yoast-seo-wordpress\/ -->\n<title>R\u00e0fega Olitrap - Agrolac<\/title>\n<meta name=\"description\" content=\"R\u00e0fega Olitrap \u00e9s un parany-esquer amb deltametrina per capturar adults de mosca de l&#039;olivera (Bactrocera oleae). Permet control i seguiment de poblaci\u00f3 a camp.\" \/>\n<meta name=\"robots\" content=\"index, follow, max-snippet:-1, max-image-preview:large, max-video-preview:-1\" \/>\n<link rel=\"canonical\" href=\"https:\/\/www.agrolac.com\/ca\/producto\/rafega-olitrap\/\" \/>\n<meta property=\"og:locale\" content=\"ca_ES\" \/>\n<meta property=\"og:type\" content=\"article\" \/>\n<meta property=\"og:title\" content=\"R\u00e0fega Olitrap - Agrolac\" \/>\n<meta property=\"og:description\" content=\"R\u00e0fega Olitrap \u00e9s un parany-esquer amb deltametrina per capturar adults de mosca de l&#039;olivera (Bactrocera oleae). Permet control i seguiment de poblaci\u00f3 a camp.\" \/>\n<meta property=\"og:url\" content=\"https:\/\/www.agrolac.com\/ca\/producto\/rafega-olitrap\/\" \/>\n<meta property=\"og:site_name\" content=\"Agrolac\" \/>\n<meta property=\"article:modified_time\" content=\"2026-03-02T18:22:58+00:00\" \/>\n<meta property=\"og:image\" content=\"https:\/\/www.agrolac.com\/wp-content\/uploads\/2025\/10\/rafaga-olitrap-campo-olivos-detalle.webp\" \/>\n\t<meta property=\"og:image:width\" content=\"1500\" \/>\n\t<meta property=\"og:image:height\" content=\"1001\" \/>\n\t<meta property=\"og:image:type\" content=\"image\/webp\" \/>\n<meta name=\"twitter:card\" content=\"summary_large_image\" \/>\n<meta name=\"twitter:label1\" content=\"Est. reading time\" \/>\n\t<meta name=\"twitter:data1\" content=\"1 minut\" \/>\n<script type=\"application\/ld+json\" class=\"yoast-schema-graph\">{\"@context\":\"https:\/\/schema.org\",\"@graph\":[{\"@type\":\"WebPage\",\"@id\":\"https:\/\/www.agrolac.com\/ca\/producto\/rafega-olitrap\/\",\"url\":\"https:\/\/www.agrolac.com\/ca\/producto\/rafega-olitrap\/\",\"name\":\"R\u00e0fega Olitrap - Agrolac\",\"isPartOf\":{\"@id\":\"https:\/\/www.agrolac.com\/ca\/#website\"},\"primaryImageOfPage\":{\"@id\":\"https:\/\/www.agrolac.com\/ca\/producto\/rafega-olitrap\/#primaryimage\"},\"image\":{\"@id\":\"https:\/\/www.agrolac.com\/ca\/producto\/rafega-olitrap\/#primaryimage\"},\"thumbnailUrl\":\"https:\/\/www.agrolac.com\/wp-content\/uploads\/2025\/10\/rafaga-olitrap-campo-olivos-detalle.webp\",\"datePublished\":\"2026-01-08T20:55:22+00:00\",\"dateModified\":\"2026-03-02T18:22:58+00:00\",\"description\":\"R\u00e0fega Olitrap \u00e9s un parany-esquer amb deltametrina per capturar adults de mosca de l'olivera (Bactrocera oleae). Permet control i seguiment de poblaci\u00f3 a camp.\",\"breadcrumb\":{\"@id\":\"https:\/\/www.agrolac.com\/ca\/producto\/rafega-olitrap\/#breadcrumb\"},\"inLanguage\":\"ca\",\"potentialAction\":[{\"@type\":\"ReadAction\",\"target\":[\"https:\/\/www.agrolac.com\/ca\/producto\/rafega-olitrap\/\"]}]},{\"@type\":\"ImageObject\",\"inLanguage\":\"ca\",\"@id\":\"https:\/\/www.agrolac.com\/ca\/producto\/rafega-olitrap\/#primaryimage\",\"url\":\"https:\/\/www.agrolac.com\/wp-content\/uploads\/2025\/10\/rafaga-olitrap-campo-olivos-detalle.webp\",\"contentUrl\":\"https:\/\/www.agrolac.com\/wp-content\/uploads\/2025\/10\/rafaga-olitrap-campo-olivos-detalle.webp\",\"width\":1500,\"height\":1001},{\"@type\":\"BreadcrumbList\",\"@id\":\"https:\/\/www.agrolac.com\/ca\/producto\/rafega-olitrap\/#breadcrumb\",\"itemListElement\":[{\"@type\":\"ListItem\",\"position\":1,\"name\":\"Inici\",\"item\":\"https:\/\/www.agrolac.com\/ca\/inici\/\"},{\"@type\":\"ListItem\",\"position\":2,\"name\":\"Productes\",\"item\":\"https:\/\/www.agrolac.com\/ca\/productes\/\"},{\"@type\":\"ListItem\",\"position\":3,\"name\":\"Insecticides\",\"item\":\"https:\/\/www.agrolac.com\/ca\/categoria-producto\/insecticides\/\"},{\"@type\":\"ListItem\",\"position\":4,\"name\":\"R\u00e0fega Olitrap\"}]},{\"@type\":\"WebSite\",\"@id\":\"https:\/\/www.agrolac.com\/ca\/#website\",\"url\":\"https:\/\/www.agrolac.com\/ca\/\",\"name\":\"VICORQUIMIA\",\"description\":\"Agrolac \u00e9s una empresa de Barcelona, fundada el 1982, especialitzada en distribuci\u00f3 de productes agroqu\u00edmics per a l&#039;agricultura europea.\",\"publisher\":{\"@id\":\"https:\/\/www.agrolac.com\/ca\/#organization\"},\"potentialAction\":[{\"@type\":\"SearchAction\",\"target\":{\"@type\":\"EntryPoint\",\"urlTemplate\":\"https:\/\/www.agrolac.com\/ca\/?s={search_term_string}\"},\"query-input\":{\"@type\":\"PropertyValueSpecification\",\"valueRequired\":true,\"valueName\":\"search_term_string\"}}],\"inLanguage\":\"ca\"},{\"@type\":\"Organization\",\"@id\":\"https:\/\/www.agrolac.com\/ca\/#organization\",\"name\":\"VICORQUIMIA\",\"url\":\"https:\/\/www.agrolac.com\/ca\/\",\"logo\":{\"@type\":\"ImageObject\",\"inLanguage\":\"ca\",\"@id\":\"https:\/\/www.agrolac.com\/ca\/#\/schema\/logo\/image\/\",\"url\":\"https:\/\/www.agrolac.com\/wp-content\/uploads\/2025\/10\/agrolac-logo.svg\",\"contentUrl\":\"https:\/\/www.agrolac.com\/wp-content\/uploads\/2025\/10\/agrolac-logo.svg\",\"caption\":\"VICORQUIMIA\"},\"image\":{\"@id\":\"https:\/\/www.agrolac.com\/ca\/#\/schema\/logo\/image\/\"},\"sameAs\":[\"https:\/\/www.linkedin.com\/company\/vicorquimia\/\"]}]}<\/script>\n<!-- \/ Yoast SEO plugin. -->","yoast_head_json":{"title":"R\u00e0fega Olitrap - Agrolac","description":"R\u00e0fega Olitrap \u00e9s un parany-esquer amb deltametrina per capturar adults de mosca de l'olivera (Bactrocera oleae). Permet control i seguiment de poblaci\u00f3 a camp.","robots":{"index":"index","follow":"follow","max-snippet":"max-snippet:-1","max-image-preview":"max-image-preview:large","max-video-preview":"max-video-preview:-1"},"canonical":"https:\/\/www.agrolac.com\/ca\/producto\/rafega-olitrap\/","og_locale":"ca_ES","og_type":"article","og_title":"R\u00e0fega Olitrap - Agrolac","og_description":"R\u00e0fega Olitrap \u00e9s un parany-esquer amb deltametrina per capturar adults de mosca de l'olivera (Bactrocera oleae). Permet control i seguiment de poblaci\u00f3 a camp.","og_url":"https:\/\/www.agrolac.com\/ca\/producto\/rafega-olitrap\/","og_site_name":"Agrolac","article_modified_time":"2026-03-02T18:22:58+00:00","og_image":[{"width":1500,"height":1001,"url":"https:\/\/www.agrolac.com\/wp-content\/uploads\/2025\/10\/rafaga-olitrap-campo-olivos-detalle.webp","type":"image\/webp"}],"twitter_card":"summary_large_image","twitter_misc":{"Est. reading time":"1 minut"},"schema":{"@context":"https:\/\/schema.org","@graph":[{"@type":"WebPage","@id":"https:\/\/www.agrolac.com\/ca\/producto\/rafega-olitrap\/","url":"https:\/\/www.agrolac.com\/ca\/producto\/rafega-olitrap\/","name":"R\u00e0fega Olitrap - Agrolac","isPartOf":{"@id":"https:\/\/www.agrolac.com\/ca\/#website"},"primaryImageOfPage":{"@id":"https:\/\/www.agrolac.com\/ca\/producto\/rafega-olitrap\/#primaryimage"},"image":{"@id":"https:\/\/www.agrolac.com\/ca\/producto\/rafega-olitrap\/#primaryimage"},"thumbnailUrl":"https:\/\/www.agrolac.com\/wp-content\/uploads\/2025\/10\/rafaga-olitrap-campo-olivos-detalle.webp","datePublished":"2026-01-08T20:55:22+00:00","dateModified":"2026-03-02T18:22:58+00:00","description":"R\u00e0fega Olitrap \u00e9s un parany-esquer amb deltametrina per capturar adults de mosca de l'olivera (Bactrocera oleae). Permet control i seguiment de poblaci\u00f3 a camp.","breadcrumb":{"@id":"https:\/\/www.agrolac.com\/ca\/producto\/rafega-olitrap\/#breadcrumb"},"inLanguage":"ca","potentialAction":[{"@type":"ReadAction","target":["https:\/\/www.agrolac.com\/ca\/producto\/rafega-olitrap\/"]}]},{"@type":"ImageObject","inLanguage":"ca","@id":"https:\/\/www.agrolac.com\/ca\/producto\/rafega-olitrap\/#primaryimage","url":"https:\/\/www.agrolac.com\/wp-content\/uploads\/2025\/10\/rafaga-olitrap-campo-olivos-detalle.webp","contentUrl":"https:\/\/www.agrolac.com\/wp-content\/uploads\/2025\/10\/rafaga-olitrap-campo-olivos-detalle.webp","width":1500,"height":1001},{"@type":"BreadcrumbList","@id":"https:\/\/www.agrolac.com\/ca\/producto\/rafega-olitrap\/#breadcrumb","itemListElement":[{"@type":"ListItem","position":1,"name":"Inici","item":"https:\/\/www.agrolac.com\/ca\/inici\/"},{"@type":"ListItem","position":2,"name":"Productes","item":"https:\/\/www.agrolac.com\/ca\/productes\/"},{"@type":"ListItem","position":3,"name":"Insecticides","item":"https:\/\/www.agrolac.com\/ca\/categoria-producto\/insecticides\/"},{"@type":"ListItem","position":4,"name":"R\u00e0fega Olitrap"}]},{"@type":"WebSite","@id":"https:\/\/www.agrolac.com\/ca\/#website","url":"https:\/\/www.agrolac.com\/ca\/","name":"VICORQUIMIA","description":"Agrolac \u00e9s una empresa de Barcelona, fundada el 1982, especialitzada en distribuci\u00f3 de productes agroqu\u00edmics per a l&#039;agricultura europea.","publisher":{"@id":"https:\/\/www.agrolac.com\/ca\/#organization"},"potentialAction":[{"@type":"SearchAction","target":{"@type":"EntryPoint","urlTemplate":"https:\/\/www.agrolac.com\/ca\/?s={search_term_string}"},"query-input":{"@type":"PropertyValueSpecification","valueRequired":true,"valueName":"search_term_string"}}],"inLanguage":"ca"},{"@type":"Organization","@id":"https:\/\/www.agrolac.com\/ca\/#organization","name":"VICORQUIMIA","url":"https:\/\/www.agrolac.com\/ca\/","logo":{"@type":"ImageObject","inLanguage":"ca","@id":"https:\/\/www.agrolac.com\/ca\/#\/schema\/logo\/image\/","url":"https:\/\/www.agrolac.com\/wp-content\/uploads\/2025\/10\/agrolac-logo.svg","contentUrl":"https:\/\/www.agrolac.com\/wp-content\/uploads\/2025\/10\/agrolac-logo.svg","caption":"VICORQUIMIA"},"image":{"@id":"https:\/\/www.agrolac.com\/ca\/#\/schema\/logo\/image\/"},"sameAs":["https:\/\/www.linkedin.com\/company\/vicorquimia\/"]}]}},"_links":{"self":[{"href":"https:\/\/www.agrolac.com\/ca\/wp-json\/wp\/v2\/product\/7674","targetHints":{"allow":["GET"]}}],"collection":[{"href":"https:\/\/www.agrolac.com\/ca\/wp-json\/wp\/v2\/product"}],"about":[{"href":"https:\/\/www.agrolac.com\/ca\/wp-json\/wp\/v2\/types\/product"}],"replies":[{"embeddable":true,"href":"https:\/\/www.agrolac.com\/ca\/wp-json\/wp\/v2\/comments?post=7674"}],"wp:featuredmedia":[{"embeddable":true,"href":"https:\/\/www.agrolac.com\/ca\/wp-json\/wp\/v2\/media\/5603"}],"wp:attachment":[{"href":"https:\/\/www.agrolac.com\/ca\/wp-json\/wp\/v2\/media?parent=7674"}],"wp:term":[{"taxonomy":"certificacion","embeddable":true,"href":"https:\/\/www.agrolac.com\/ca\/wp-json\/wp\/v2\/certificacion?post=7674"},{"taxonomy":"cultivo","embeddable":true,"href":"https:\/\/www.agrolac.com\/ca\/wp-json\/wp\/v2\/cultivo?post=7674"},{"taxonomy":"product_brand","embeddable":true,"href":"https:\/\/www.agrolac.com\/ca\/wp-json\/wp\/v2\/product_brand?post=7674"},{"taxonomy":"product_cat","embeddable":true,"href":"https:\/\/www.agrolac.com\/ca\/wp-json\/wp\/v2\/product_cat?post=7674"},{"taxonomy":"product_tag","embeddable":true,"href":"https:\/\/www.agrolac.com\/ca\/wp-json\/wp\/v2\/product_tag?post=7674"}],"curies":[{"name":"wp","href":"https:\/\/api.w.org\/{rel}","templated":true}]}}