{"id":7663,"date":"2026-01-08T22:11:56","date_gmt":"2026-01-08T21:11:56","guid":{"rendered":"https:\/\/www.agrolac.com\/producto\/agrolac-quallat\/"},"modified":"2026-03-05T01:32:35","modified_gmt":"2026-03-05T00:32:35","slug":"agrolac-quallat","status":"publish","type":"product","link":"https:\/\/www.agrolac.com\/ca\/producto\/agrolac-quallat\/","title":{"rendered":"Agrolac\u00ae Quallat"},"content":{"rendered":"<h2>AGROLAC\u00ae QUAIXAT<\/h2>\n<p><strong>AGROLAC<\/strong> \u00ae <strong>QUAIXAT<\/strong> cont\u00e9 <strong>magnesi<\/strong> , juntament amb <strong>microelements<\/strong> com mangan\u00e8s (Mn), zinc (Zn), bor (B), ferro (Fe) i coure (Cu), a m\u00e9s d&#8217; <strong>amino\u00e0cids lliures<\/strong> procedents de la fermentaci\u00f3 de l&#8217; <strong>\u00e0cid \u03b3-poliglut\u00e0mic<\/strong> . Aquesta combinaci\u00f3 aporta els <strong>assimilats necessaris<\/strong> per afavorir l&#8217;evoluci\u00f3 de la flor cap a fruit, millorant el seu comportament davant de factors negatius <strong>abi\u00f2tics i bi\u00f2tics<\/strong> i ajudant a <strong>reduir la caiguda<\/strong> .<\/p>\n<p>Aplicat al terra mitjan\u00e7ant <strong>sistemes de reg localitzat<\/strong> , <strong>AGROLAC\u00ae<\/strong> <strong>QUAJADO<\/strong> contribueix a millorar l&#8217; <strong>absorci\u00f3 de nutrients<\/strong> , en ajudar a solubilitzar i estabilitzar ions met\u00e0l\u00b7lics de <strong>calci (Ca)<\/strong> i <strong>magnesi (Mg)<\/strong> .<\/p>\n<p>Aix\u00ed mateix, contribueix a <strong>equilibrar el pH del s\u00f2l<\/strong> gr\u00e0cies a l&#8217;alta solubilitat de l&#8217;\u00e0cid \u03b3-poliglut\u00e0mic de pH neutre ia la capacitat de generar <strong>efecte tamp\u00f3<\/strong> en un rang de pH 4\u20137, afavorint la <strong>germinaci\u00f3 de llavors<\/strong> i el <strong>creixement d&#8217;arrels i cultius<\/strong> .<\/p>\n<h3>Beneficis agron\u00f2mics<\/h3>\n<ul>\n<li><strong>Suport al quallat i al desenvolupament inicial del fruit<\/strong> .<\/li>\n<li><strong>Ajuda a reduir la caiguda<\/strong> de flors i fruits acabats de quallar.<\/li>\n<li><strong>Millora de l&#8217;absorci\u00f3 de nutrients<\/strong> , especialment calci i magnesi.<\/li>\n<li><strong>Contribueix a l&#8217;equilibri del pH del s\u00f2l<\/strong> .<\/li>\n<li><strong>Afavoreix la germinaci\u00f3 i el desenvolupament radicular<\/strong> .<\/li>\n<\/ul>\n<p>&nbsp;<\/p>\n<h3>Aplicaci\u00f3<\/h3>\n<p>Fertilitzant d&#8217;aplicaci\u00f3 <strong>foliar i fertirrigaci\u00f3<\/strong> . S&#8217;ha d&#8217;utilitzar adaptant la dosi i el moment d&#8217;aplicaci\u00f3 a les necessitats del cultiu i les condicions agron\u00f2miques. <\/p>\n<h3>Observacions<\/h3>\n<p>No utilitzar en <strong>prunera<\/strong> sense haver realitzat pr\u00e8viament una prova a dosi m\u00e0xima, ja que algunes varietats poden presentar sensibilitat. No aplicar amb temperatures superiors a 30\u00baC. No ho barregeu amb productes a base d&#8217;estany ni olis minerals.  <\/p>\n","protected":false},"excerpt":{"rendered":"<p>Producte dissenyat per recolzar el quallat del fru\u2026<\/p>\n","protected":false},"featured_media":6270,"comment_status":"closed","ping_status":"closed","template":"","meta":{"_acf_changed":false,"_joinchat":[]},"certificacion":[370],"cultivo":[483,547,484,481,546,545,548,482,1071,1137,1136,1075,1138,1074],"product_brand":[],"product_cat":[395],"product_tag":[],"class_list":{"0":"post-7663","1":"product","2":"type-product","3":"status-publish","4":"has-post-thumbnail","6":"certificacion-residu-zero","7":"cultivo-cereals","8":"cultivo-citrics","9":"cultivo-cultius-industrials","10":"cultivo-fruiters","11":"cultivo-fruiters-de-llavor","12":"cultivo-fruiters-de-pinyol","13":"cultivo-fruits-secs","14":"cultivo-horticoles","15":"cultivo-horticoles-de-fruit","16":"cultivo-lleguminoses","17":"cultivo-oleaginoses","18":"cultivo-olivera","19":"cultivo-tropicals-subtropicals","20":"cultivo-videu","21":"product_cat-fertilitzants","23":"first","24":"instock","25":"shipping-taxable","26":"product-type-simple"},"acf":[],"yoast_head":"<!-- This site is optimized with the Yoast SEO plugin v27.1.1 - https:\/\/yoast.com\/product\/yoast-seo-wordpress\/ -->\n<title>Agrolac\u00ae Quallat - Agrolac<\/title>\n<meta name=\"description\" content=\"AGROLAC\u00ae QUAJADO \u00e9s un fertilitzant foliar i per fertirrigaci\u00f3 amb Mg, micronutrients i amino\u00e0cids (\u00e0cid \u03b3-poliglut\u00e0mic) per quallat.\" \/>\n<meta name=\"robots\" content=\"index, follow, max-snippet:-1, max-image-preview:large, max-video-preview:-1\" \/>\n<link rel=\"canonical\" href=\"https:\/\/www.agrolac.com\/ca\/producto\/agrolac-quallat\/\" \/>\n<meta property=\"og:locale\" content=\"ca_ES\" \/>\n<meta property=\"og:type\" content=\"article\" \/>\n<meta property=\"og:title\" content=\"Agrolac\u00ae Quallat - Agrolac\" \/>\n<meta property=\"og:description\" content=\"AGROLAC\u00ae QUAJADO \u00e9s un fertilitzant foliar i per fertirrigaci\u00f3 amb Mg, micronutrients i amino\u00e0cids (\u00e0cid \u03b3-poliglut\u00e0mic) per quallat.\" \/>\n<meta property=\"og:url\" content=\"https:\/\/www.agrolac.com\/ca\/producto\/agrolac-quallat\/\" \/>\n<meta property=\"og:site_name\" content=\"Agrolac\" \/>\n<meta property=\"article:modified_time\" content=\"2026-03-05T00:32:35+00:00\" \/>\n<meta property=\"og:image\" content=\"https:\/\/www.agrolac.com\/wp-content\/uploads\/2026\/01\/flor-tomate.webp\" \/>\n\t<meta property=\"og:image:width\" content=\"1920\" \/>\n\t<meta property=\"og:image:height\" content=\"1149\" \/>\n\t<meta property=\"og:image:type\" content=\"image\/webp\" \/>\n<meta name=\"twitter:card\" content=\"summary_large_image\" \/>\n<meta name=\"twitter:label1\" content=\"Est. reading time\" \/>\n\t<meta name=\"twitter:data1\" content=\"1 minut\" \/>\n<script type=\"application\/ld+json\" class=\"yoast-schema-graph\">{\"@context\":\"https:\/\/schema.org\",\"@graph\":[{\"@type\":\"WebPage\",\"@id\":\"https:\/\/www.agrolac.com\/ca\/producto\/agrolac-quallat\/\",\"url\":\"https:\/\/www.agrolac.com\/ca\/producto\/agrolac-quallat\/\",\"name\":\"Agrolac\u00ae Quallat - Agrolac\",\"isPartOf\":{\"@id\":\"https:\/\/www.agrolac.com\/ca\/#website\"},\"primaryImageOfPage\":{\"@id\":\"https:\/\/www.agrolac.com\/ca\/producto\/agrolac-quallat\/#primaryimage\"},\"image\":{\"@id\":\"https:\/\/www.agrolac.com\/ca\/producto\/agrolac-quallat\/#primaryimage\"},\"thumbnailUrl\":\"https:\/\/www.agrolac.com\/wp-content\/uploads\/2026\/01\/flor-tomate.webp\",\"datePublished\":\"2026-01-08T21:11:56+00:00\",\"dateModified\":\"2026-03-05T00:32:35+00:00\",\"description\":\"AGROLAC\u00ae QUAJADO \u00e9s un fertilitzant foliar i per fertirrigaci\u00f3 amb Mg, micronutrients i amino\u00e0cids (\u00e0cid \u03b3-poliglut\u00e0mic) per quallat.\",\"breadcrumb\":{\"@id\":\"https:\/\/www.agrolac.com\/ca\/producto\/agrolac-quallat\/#breadcrumb\"},\"inLanguage\":\"ca\",\"potentialAction\":[{\"@type\":\"ReadAction\",\"target\":[\"https:\/\/www.agrolac.com\/ca\/producto\/agrolac-quallat\/\"]}]},{\"@type\":\"ImageObject\",\"inLanguage\":\"ca\",\"@id\":\"https:\/\/www.agrolac.com\/ca\/producto\/agrolac-quallat\/#primaryimage\",\"url\":\"https:\/\/www.agrolac.com\/wp-content\/uploads\/2026\/01\/flor-tomate.webp\",\"contentUrl\":\"https:\/\/www.agrolac.com\/wp-content\/uploads\/2026\/01\/flor-tomate.webp\",\"width\":1920,\"height\":1149},{\"@type\":\"BreadcrumbList\",\"@id\":\"https:\/\/www.agrolac.com\/ca\/producto\/agrolac-quallat\/#breadcrumb\",\"itemListElement\":[{\"@type\":\"ListItem\",\"position\":1,\"name\":\"Inici\",\"item\":\"https:\/\/www.agrolac.com\/ca\/inici\/\"},{\"@type\":\"ListItem\",\"position\":2,\"name\":\"Productes\",\"item\":\"https:\/\/www.agrolac.com\/ca\/productes\/\"},{\"@type\":\"ListItem\",\"position\":3,\"name\":\"Fertilitzants\",\"item\":\"https:\/\/www.agrolac.com\/ca\/categoria-producto\/fertilitzants\/\"},{\"@type\":\"ListItem\",\"position\":4,\"name\":\"Agrolac\u00ae Quallat\"}]},{\"@type\":\"WebSite\",\"@id\":\"https:\/\/www.agrolac.com\/ca\/#website\",\"url\":\"https:\/\/www.agrolac.com\/ca\/\",\"name\":\"VICORQUIMIA\",\"description\":\"Agrolac \u00e9s una empresa de Barcelona, fundada el 1982, especialitzada en distribuci\u00f3 de productes agroqu\u00edmics per a l&#039;agricultura europea.\",\"publisher\":{\"@id\":\"https:\/\/www.agrolac.com\/ca\/#organization\"},\"potentialAction\":[{\"@type\":\"SearchAction\",\"target\":{\"@type\":\"EntryPoint\",\"urlTemplate\":\"https:\/\/www.agrolac.com\/ca\/?s={search_term_string}\"},\"query-input\":{\"@type\":\"PropertyValueSpecification\",\"valueRequired\":true,\"valueName\":\"search_term_string\"}}],\"inLanguage\":\"ca\"},{\"@type\":\"Organization\",\"@id\":\"https:\/\/www.agrolac.com\/ca\/#organization\",\"name\":\"VICORQUIMIA\",\"url\":\"https:\/\/www.agrolac.com\/ca\/\",\"logo\":{\"@type\":\"ImageObject\",\"inLanguage\":\"ca\",\"@id\":\"https:\/\/www.agrolac.com\/ca\/#\/schema\/logo\/image\/\",\"url\":\"https:\/\/www.agrolac.com\/wp-content\/uploads\/2025\/10\/agrolac-logo.svg\",\"contentUrl\":\"https:\/\/www.agrolac.com\/wp-content\/uploads\/2025\/10\/agrolac-logo.svg\",\"caption\":\"VICORQUIMIA\"},\"image\":{\"@id\":\"https:\/\/www.agrolac.com\/ca\/#\/schema\/logo\/image\/\"},\"sameAs\":[\"https:\/\/www.linkedin.com\/company\/vicorquimia\/\"]}]}<\/script>\n<!-- \/ Yoast SEO plugin. -->","yoast_head_json":{"title":"Agrolac\u00ae Quallat - Agrolac","description":"AGROLAC\u00ae QUAJADO \u00e9s un fertilitzant foliar i per fertirrigaci\u00f3 amb Mg, micronutrients i amino\u00e0cids (\u00e0cid \u03b3-poliglut\u00e0mic) per quallat.","robots":{"index":"index","follow":"follow","max-snippet":"max-snippet:-1","max-image-preview":"max-image-preview:large","max-video-preview":"max-video-preview:-1"},"canonical":"https:\/\/www.agrolac.com\/ca\/producto\/agrolac-quallat\/","og_locale":"ca_ES","og_type":"article","og_title":"Agrolac\u00ae Quallat - Agrolac","og_description":"AGROLAC\u00ae QUAJADO \u00e9s un fertilitzant foliar i per fertirrigaci\u00f3 amb Mg, micronutrients i amino\u00e0cids (\u00e0cid \u03b3-poliglut\u00e0mic) per quallat.","og_url":"https:\/\/www.agrolac.com\/ca\/producto\/agrolac-quallat\/","og_site_name":"Agrolac","article_modified_time":"2026-03-05T00:32:35+00:00","og_image":[{"width":1920,"height":1149,"url":"https:\/\/www.agrolac.com\/wp-content\/uploads\/2026\/01\/flor-tomate.webp","type":"image\/webp"}],"twitter_card":"summary_large_image","twitter_misc":{"Est. reading time":"1 minut"},"schema":{"@context":"https:\/\/schema.org","@graph":[{"@type":"WebPage","@id":"https:\/\/www.agrolac.com\/ca\/producto\/agrolac-quallat\/","url":"https:\/\/www.agrolac.com\/ca\/producto\/agrolac-quallat\/","name":"Agrolac\u00ae Quallat - Agrolac","isPartOf":{"@id":"https:\/\/www.agrolac.com\/ca\/#website"},"primaryImageOfPage":{"@id":"https:\/\/www.agrolac.com\/ca\/producto\/agrolac-quallat\/#primaryimage"},"image":{"@id":"https:\/\/www.agrolac.com\/ca\/producto\/agrolac-quallat\/#primaryimage"},"thumbnailUrl":"https:\/\/www.agrolac.com\/wp-content\/uploads\/2026\/01\/flor-tomate.webp","datePublished":"2026-01-08T21:11:56+00:00","dateModified":"2026-03-05T00:32:35+00:00","description":"AGROLAC\u00ae QUAJADO \u00e9s un fertilitzant foliar i per fertirrigaci\u00f3 amb Mg, micronutrients i amino\u00e0cids (\u00e0cid \u03b3-poliglut\u00e0mic) per quallat.","breadcrumb":{"@id":"https:\/\/www.agrolac.com\/ca\/producto\/agrolac-quallat\/#breadcrumb"},"inLanguage":"ca","potentialAction":[{"@type":"ReadAction","target":["https:\/\/www.agrolac.com\/ca\/producto\/agrolac-quallat\/"]}]},{"@type":"ImageObject","inLanguage":"ca","@id":"https:\/\/www.agrolac.com\/ca\/producto\/agrolac-quallat\/#primaryimage","url":"https:\/\/www.agrolac.com\/wp-content\/uploads\/2026\/01\/flor-tomate.webp","contentUrl":"https:\/\/www.agrolac.com\/wp-content\/uploads\/2026\/01\/flor-tomate.webp","width":1920,"height":1149},{"@type":"BreadcrumbList","@id":"https:\/\/www.agrolac.com\/ca\/producto\/agrolac-quallat\/#breadcrumb","itemListElement":[{"@type":"ListItem","position":1,"name":"Inici","item":"https:\/\/www.agrolac.com\/ca\/inici\/"},{"@type":"ListItem","position":2,"name":"Productes","item":"https:\/\/www.agrolac.com\/ca\/productes\/"},{"@type":"ListItem","position":3,"name":"Fertilitzants","item":"https:\/\/www.agrolac.com\/ca\/categoria-producto\/fertilitzants\/"},{"@type":"ListItem","position":4,"name":"Agrolac\u00ae Quallat"}]},{"@type":"WebSite","@id":"https:\/\/www.agrolac.com\/ca\/#website","url":"https:\/\/www.agrolac.com\/ca\/","name":"VICORQUIMIA","description":"Agrolac \u00e9s una empresa de Barcelona, fundada el 1982, especialitzada en distribuci\u00f3 de productes agroqu\u00edmics per a l&#039;agricultura europea.","publisher":{"@id":"https:\/\/www.agrolac.com\/ca\/#organization"},"potentialAction":[{"@type":"SearchAction","target":{"@type":"EntryPoint","urlTemplate":"https:\/\/www.agrolac.com\/ca\/?s={search_term_string}"},"query-input":{"@type":"PropertyValueSpecification","valueRequired":true,"valueName":"search_term_string"}}],"inLanguage":"ca"},{"@type":"Organization","@id":"https:\/\/www.agrolac.com\/ca\/#organization","name":"VICORQUIMIA","url":"https:\/\/www.agrolac.com\/ca\/","logo":{"@type":"ImageObject","inLanguage":"ca","@id":"https:\/\/www.agrolac.com\/ca\/#\/schema\/logo\/image\/","url":"https:\/\/www.agrolac.com\/wp-content\/uploads\/2025\/10\/agrolac-logo.svg","contentUrl":"https:\/\/www.agrolac.com\/wp-content\/uploads\/2025\/10\/agrolac-logo.svg","caption":"VICORQUIMIA"},"image":{"@id":"https:\/\/www.agrolac.com\/ca\/#\/schema\/logo\/image\/"},"sameAs":["https:\/\/www.linkedin.com\/company\/vicorquimia\/"]}]}},"_links":{"self":[{"href":"https:\/\/www.agrolac.com\/ca\/wp-json\/wp\/v2\/product\/7663","targetHints":{"allow":["GET"]}}],"collection":[{"href":"https:\/\/www.agrolac.com\/ca\/wp-json\/wp\/v2\/product"}],"about":[{"href":"https:\/\/www.agrolac.com\/ca\/wp-json\/wp\/v2\/types\/product"}],"replies":[{"embeddable":true,"href":"https:\/\/www.agrolac.com\/ca\/wp-json\/wp\/v2\/comments?post=7663"}],"wp:featuredmedia":[{"embeddable":true,"href":"https:\/\/www.agrolac.com\/ca\/wp-json\/wp\/v2\/media\/6270"}],"wp:attachment":[{"href":"https:\/\/www.agrolac.com\/ca\/wp-json\/wp\/v2\/media?parent=7663"}],"wp:term":[{"taxonomy":"certificacion","embeddable":true,"href":"https:\/\/www.agrolac.com\/ca\/wp-json\/wp\/v2\/certificacion?post=7663"},{"taxonomy":"cultivo","embeddable":true,"href":"https:\/\/www.agrolac.com\/ca\/wp-json\/wp\/v2\/cultivo?post=7663"},{"taxonomy":"product_brand","embeddable":true,"href":"https:\/\/www.agrolac.com\/ca\/wp-json\/wp\/v2\/product_brand?post=7663"},{"taxonomy":"product_cat","embeddable":true,"href":"https:\/\/www.agrolac.com\/ca\/wp-json\/wp\/v2\/product_cat?post=7663"},{"taxonomy":"product_tag","embeddable":true,"href":"https:\/\/www.agrolac.com\/ca\/wp-json\/wp\/v2\/product_tag?post=7663"}],"curies":[{"name":"wp","href":"https:\/\/api.w.org\/{rel}","templated":true}]}}