{"id":7662,"date":"2026-01-08T22:15:36","date_gmt":"2026-01-08T21:15:36","guid":{"rendered":"https:\/\/www.agrolac.com\/producto\/agrolac-engreix\/"},"modified":"2026-03-05T01:33:45","modified_gmt":"2026-03-05T00:33:45","slug":"agrolac-engreix","status":"publish","type":"product","link":"https:\/\/www.agrolac.com\/ca\/producto\/agrolac-engreix\/","title":{"rendered":"Agrolac\u00ae Engreix"},"content":{"rendered":"<h2>AGROLAC\u00ae ENGREIX<\/h2>\n<p><strong>AGROLAC\u00ae ENGORDE<\/strong> , pel seu contingut en <strong>potassi (K)<\/strong> , <strong>mangan\u00e8s (Mn)<\/strong> , <strong>ferro (Fe)<\/strong> i <strong>zinc (Zn)<\/strong> , juntament amb <strong>\u00e0cid \u03b3-poliglut\u00e0mic<\/strong> , afavoreix la <strong>formaci\u00f3 d&#8217;auxines end\u00f2genes i clorofil\u00b7la<\/strong> , recolzant els processos fisiol\u00f2gics associats al desenvolupament.<\/p>\n<p>La seva formulaci\u00f3 contribueix a la promoci\u00f3 de <strong>nitrogen<\/strong> , <strong>\u00e0cids nucleics<\/strong> , <strong>vitamina C<\/strong> i <strong>carbohidrats<\/strong> , compostos que afavoreixen el <strong>moviment de la saba a trav\u00e9s del floema<\/strong> cap als fruits quallats.<\/p>\n<p>Aplicat en aquesta fase del cultiu, <strong>AGROLAC\u00ae ENGORDE<\/strong> actua com un <strong>bionutrient<\/strong> que ajuda a reduir el fenomen de <strong>compet\u00e8ncia per fotoassimilats<\/strong> entre fruits i entre aquests i les parts vegetatives de la planta.<\/p>\n<p>Aquesta acci\u00f3 contribueix a la <strong>maduraci\u00f3 dels fruits<\/strong> ia obtenir un <strong>calibre final m\u00e9s uniforme<\/strong> .<\/p>\n<h3>Beneficis agron\u00f2mics<\/h3>\n<ul>\n<li><strong>Suport a l&#8217;engreix i maduraci\u00f3 del fruit<\/strong> .<\/li>\n<li><strong>Afavoreix el moviment de la saba<\/strong> cap als fruits quallats.<\/li>\n<li><strong>Ajuda a reduir la compet\u00e8ncia per fotoassimilats<\/strong> .<\/li>\n<li><strong>Contribueix a un calibre final m\u00e9s uniforme<\/strong> .<\/li>\n<\/ul>\n<p>&nbsp;<\/p>\n<h3>Aplicaci\u00f3<\/h3>\n<p><strong>AGROLAC\u00ae ENGORDE<\/strong> s&#8217;utilitza durant la fase d&#8217;engreixament del fruit, adaptant la dosi i el moment d&#8217;aplicaci\u00f3 a les necessitats del cultiu ia les condicions agron\u00f2miques.<\/p>\n<h3>Observacions<\/h3>\n<p>No tracteu amb temperatures superiors a 30 \u00baC. No ho barregeu amb productes a base d&#8217;estany ni olis minerals. <\/p>\n","protected":false},"excerpt":{"rendered":"<p>Producte dissenyat per recolzar l&#8217;engreix i el des\u2026<\/p>\n","protected":false},"featured_media":6289,"comment_status":"closed","ping_status":"closed","template":"","meta":{"_acf_changed":false,"_joinchat":[]},"certificacion":[370],"cultivo":[483,547,484,481,546,545,548,482,1071,1137,1136,1075,1138,1074],"product_brand":[],"product_cat":[395],"product_tag":[],"class_list":{"0":"post-7662","1":"product","2":"type-product","3":"status-publish","4":"has-post-thumbnail","6":"certificacion-residu-zero","7":"cultivo-cereals","8":"cultivo-citrics","9":"cultivo-cultius-industrials","10":"cultivo-fruiters","11":"cultivo-fruiters-de-llavor","12":"cultivo-fruiters-de-pinyol","13":"cultivo-fruits-secs","14":"cultivo-horticoles","15":"cultivo-horticoles-de-fruit","16":"cultivo-lleguminoses","17":"cultivo-oleaginoses","18":"cultivo-olivera","19":"cultivo-tropicals-subtropicals","20":"cultivo-videu","21":"product_cat-fertilitzants","23":"first","24":"instock","25":"shipping-taxable","26":"product-type-simple"},"acf":[],"yoast_head":"<!-- This site is optimized with the Yoast SEO plugin v27.1.1 - https:\/\/yoast.com\/product\/yoast-seo-wordpress\/ -->\n<title>Agrolac\u00ae Engreix - Agrolac<\/title>\n<meta name=\"description\" content=\"Agrolac\u00ae Engreix \u00e9s un bionutrient amb K, Mn, Fe i Zn i \u00e0cid \u03b3-poliglut\u00e0mic per recolzar l&#039;engreix i la maduraci\u00f3 i buscar un calibre m\u00e9s uniforme.\" \/>\n<meta name=\"robots\" content=\"index, follow, max-snippet:-1, max-image-preview:large, max-video-preview:-1\" \/>\n<link rel=\"canonical\" href=\"https:\/\/www.agrolac.com\/ca\/producto\/agrolac-engreix\/\" \/>\n<meta property=\"og:locale\" content=\"ca_ES\" \/>\n<meta property=\"og:type\" content=\"article\" \/>\n<meta property=\"og:title\" content=\"Agrolac\u00ae Engreix - Agrolac\" \/>\n<meta property=\"og:description\" content=\"Agrolac\u00ae Engreix \u00e9s un bionutrient amb K, Mn, Fe i Zn i \u00e0cid \u03b3-poliglut\u00e0mic per recolzar l&#039;engreix i la maduraci\u00f3 i buscar un calibre m\u00e9s uniforme.\" \/>\n<meta property=\"og:url\" content=\"https:\/\/www.agrolac.com\/ca\/producto\/agrolac-engreix\/\" \/>\n<meta property=\"og:site_name\" content=\"Agrolac\" \/>\n<meta property=\"article:modified_time\" content=\"2026-03-05T00:33:45+00:00\" \/>\n<meta property=\"og:image\" content=\"https:\/\/www.agrolac.com\/wp-content\/uploads\/2026\/01\/tomates-creciendo.webp\" \/>\n\t<meta property=\"og:image:width\" content=\"1920\" \/>\n\t<meta property=\"og:image:height\" content=\"1280\" \/>\n\t<meta property=\"og:image:type\" content=\"image\/webp\" \/>\n<meta name=\"twitter:card\" content=\"summary_large_image\" \/>\n<meta name=\"twitter:label1\" content=\"Est. reading time\" \/>\n\t<meta name=\"twitter:data1\" content=\"1 minut\" \/>\n<script type=\"application\/ld+json\" class=\"yoast-schema-graph\">{\"@context\":\"https:\/\/schema.org\",\"@graph\":[{\"@type\":\"WebPage\",\"@id\":\"https:\/\/www.agrolac.com\/ca\/producto\/agrolac-engreix\/\",\"url\":\"https:\/\/www.agrolac.com\/ca\/producto\/agrolac-engreix\/\",\"name\":\"Agrolac\u00ae Engreix - Agrolac\",\"isPartOf\":{\"@id\":\"https:\/\/www.agrolac.com\/ca\/#website\"},\"primaryImageOfPage\":{\"@id\":\"https:\/\/www.agrolac.com\/ca\/producto\/agrolac-engreix\/#primaryimage\"},\"image\":{\"@id\":\"https:\/\/www.agrolac.com\/ca\/producto\/agrolac-engreix\/#primaryimage\"},\"thumbnailUrl\":\"https:\/\/www.agrolac.com\/wp-content\/uploads\/2026\/01\/tomates-creciendo.webp\",\"datePublished\":\"2026-01-08T21:15:36+00:00\",\"dateModified\":\"2026-03-05T00:33:45+00:00\",\"description\":\"Agrolac\u00ae Engreix \u00e9s un bionutrient amb K, Mn, Fe i Zn i \u00e0cid \u03b3-poliglut\u00e0mic per recolzar l'engreix i la maduraci\u00f3 i buscar un calibre m\u00e9s uniforme.\",\"breadcrumb\":{\"@id\":\"https:\/\/www.agrolac.com\/ca\/producto\/agrolac-engreix\/#breadcrumb\"},\"inLanguage\":\"ca\",\"potentialAction\":[{\"@type\":\"ReadAction\",\"target\":[\"https:\/\/www.agrolac.com\/ca\/producto\/agrolac-engreix\/\"]}]},{\"@type\":\"ImageObject\",\"inLanguage\":\"ca\",\"@id\":\"https:\/\/www.agrolac.com\/ca\/producto\/agrolac-engreix\/#primaryimage\",\"url\":\"https:\/\/www.agrolac.com\/wp-content\/uploads\/2026\/01\/tomates-creciendo.webp\",\"contentUrl\":\"https:\/\/www.agrolac.com\/wp-content\/uploads\/2026\/01\/tomates-creciendo.webp\",\"width\":1920,\"height\":1280},{\"@type\":\"BreadcrumbList\",\"@id\":\"https:\/\/www.agrolac.com\/ca\/producto\/agrolac-engreix\/#breadcrumb\",\"itemListElement\":[{\"@type\":\"ListItem\",\"position\":1,\"name\":\"Inici\",\"item\":\"https:\/\/www.agrolac.com\/ca\/inici\/\"},{\"@type\":\"ListItem\",\"position\":2,\"name\":\"Productes\",\"item\":\"https:\/\/www.agrolac.com\/ca\/productes\/\"},{\"@type\":\"ListItem\",\"position\":3,\"name\":\"Fertilitzants\",\"item\":\"https:\/\/www.agrolac.com\/ca\/categoria-producto\/fertilitzants\/\"},{\"@type\":\"ListItem\",\"position\":4,\"name\":\"Agrolac\u00ae Engreix\"}]},{\"@type\":\"WebSite\",\"@id\":\"https:\/\/www.agrolac.com\/ca\/#website\",\"url\":\"https:\/\/www.agrolac.com\/ca\/\",\"name\":\"VICORQUIMIA\",\"description\":\"Agrolac \u00e9s una empresa de Barcelona, fundada el 1982, especialitzada en distribuci\u00f3 de productes agroqu\u00edmics per a l&#039;agricultura europea.\",\"publisher\":{\"@id\":\"https:\/\/www.agrolac.com\/ca\/#organization\"},\"potentialAction\":[{\"@type\":\"SearchAction\",\"target\":{\"@type\":\"EntryPoint\",\"urlTemplate\":\"https:\/\/www.agrolac.com\/ca\/?s={search_term_string}\"},\"query-input\":{\"@type\":\"PropertyValueSpecification\",\"valueRequired\":true,\"valueName\":\"search_term_string\"}}],\"inLanguage\":\"ca\"},{\"@type\":\"Organization\",\"@id\":\"https:\/\/www.agrolac.com\/ca\/#organization\",\"name\":\"VICORQUIMIA\",\"url\":\"https:\/\/www.agrolac.com\/ca\/\",\"logo\":{\"@type\":\"ImageObject\",\"inLanguage\":\"ca\",\"@id\":\"https:\/\/www.agrolac.com\/ca\/#\/schema\/logo\/image\/\",\"url\":\"https:\/\/www.agrolac.com\/wp-content\/uploads\/2025\/10\/agrolac-logo.svg\",\"contentUrl\":\"https:\/\/www.agrolac.com\/wp-content\/uploads\/2025\/10\/agrolac-logo.svg\",\"caption\":\"VICORQUIMIA\"},\"image\":{\"@id\":\"https:\/\/www.agrolac.com\/ca\/#\/schema\/logo\/image\/\"},\"sameAs\":[\"https:\/\/www.linkedin.com\/company\/vicorquimia\/\"]}]}<\/script>\n<!-- \/ Yoast SEO plugin. -->","yoast_head_json":{"title":"Agrolac\u00ae Engreix - Agrolac","description":"Agrolac\u00ae Engreix \u00e9s un bionutrient amb K, Mn, Fe i Zn i \u00e0cid \u03b3-poliglut\u00e0mic per recolzar l'engreix i la maduraci\u00f3 i buscar un calibre m\u00e9s uniforme.","robots":{"index":"index","follow":"follow","max-snippet":"max-snippet:-1","max-image-preview":"max-image-preview:large","max-video-preview":"max-video-preview:-1"},"canonical":"https:\/\/www.agrolac.com\/ca\/producto\/agrolac-engreix\/","og_locale":"ca_ES","og_type":"article","og_title":"Agrolac\u00ae Engreix - Agrolac","og_description":"Agrolac\u00ae Engreix \u00e9s un bionutrient amb K, Mn, Fe i Zn i \u00e0cid \u03b3-poliglut\u00e0mic per recolzar l'engreix i la maduraci\u00f3 i buscar un calibre m\u00e9s uniforme.","og_url":"https:\/\/www.agrolac.com\/ca\/producto\/agrolac-engreix\/","og_site_name":"Agrolac","article_modified_time":"2026-03-05T00:33:45+00:00","og_image":[{"width":1920,"height":1280,"url":"https:\/\/www.agrolac.com\/wp-content\/uploads\/2026\/01\/tomates-creciendo.webp","type":"image\/webp"}],"twitter_card":"summary_large_image","twitter_misc":{"Est. reading time":"1 minut"},"schema":{"@context":"https:\/\/schema.org","@graph":[{"@type":"WebPage","@id":"https:\/\/www.agrolac.com\/ca\/producto\/agrolac-engreix\/","url":"https:\/\/www.agrolac.com\/ca\/producto\/agrolac-engreix\/","name":"Agrolac\u00ae Engreix - Agrolac","isPartOf":{"@id":"https:\/\/www.agrolac.com\/ca\/#website"},"primaryImageOfPage":{"@id":"https:\/\/www.agrolac.com\/ca\/producto\/agrolac-engreix\/#primaryimage"},"image":{"@id":"https:\/\/www.agrolac.com\/ca\/producto\/agrolac-engreix\/#primaryimage"},"thumbnailUrl":"https:\/\/www.agrolac.com\/wp-content\/uploads\/2026\/01\/tomates-creciendo.webp","datePublished":"2026-01-08T21:15:36+00:00","dateModified":"2026-03-05T00:33:45+00:00","description":"Agrolac\u00ae Engreix \u00e9s un bionutrient amb K, Mn, Fe i Zn i \u00e0cid \u03b3-poliglut\u00e0mic per recolzar l'engreix i la maduraci\u00f3 i buscar un calibre m\u00e9s uniforme.","breadcrumb":{"@id":"https:\/\/www.agrolac.com\/ca\/producto\/agrolac-engreix\/#breadcrumb"},"inLanguage":"ca","potentialAction":[{"@type":"ReadAction","target":["https:\/\/www.agrolac.com\/ca\/producto\/agrolac-engreix\/"]}]},{"@type":"ImageObject","inLanguage":"ca","@id":"https:\/\/www.agrolac.com\/ca\/producto\/agrolac-engreix\/#primaryimage","url":"https:\/\/www.agrolac.com\/wp-content\/uploads\/2026\/01\/tomates-creciendo.webp","contentUrl":"https:\/\/www.agrolac.com\/wp-content\/uploads\/2026\/01\/tomates-creciendo.webp","width":1920,"height":1280},{"@type":"BreadcrumbList","@id":"https:\/\/www.agrolac.com\/ca\/producto\/agrolac-engreix\/#breadcrumb","itemListElement":[{"@type":"ListItem","position":1,"name":"Inici","item":"https:\/\/www.agrolac.com\/ca\/inici\/"},{"@type":"ListItem","position":2,"name":"Productes","item":"https:\/\/www.agrolac.com\/ca\/productes\/"},{"@type":"ListItem","position":3,"name":"Fertilitzants","item":"https:\/\/www.agrolac.com\/ca\/categoria-producto\/fertilitzants\/"},{"@type":"ListItem","position":4,"name":"Agrolac\u00ae Engreix"}]},{"@type":"WebSite","@id":"https:\/\/www.agrolac.com\/ca\/#website","url":"https:\/\/www.agrolac.com\/ca\/","name":"VICORQUIMIA","description":"Agrolac \u00e9s una empresa de Barcelona, fundada el 1982, especialitzada en distribuci\u00f3 de productes agroqu\u00edmics per a l&#039;agricultura europea.","publisher":{"@id":"https:\/\/www.agrolac.com\/ca\/#organization"},"potentialAction":[{"@type":"SearchAction","target":{"@type":"EntryPoint","urlTemplate":"https:\/\/www.agrolac.com\/ca\/?s={search_term_string}"},"query-input":{"@type":"PropertyValueSpecification","valueRequired":true,"valueName":"search_term_string"}}],"inLanguage":"ca"},{"@type":"Organization","@id":"https:\/\/www.agrolac.com\/ca\/#organization","name":"VICORQUIMIA","url":"https:\/\/www.agrolac.com\/ca\/","logo":{"@type":"ImageObject","inLanguage":"ca","@id":"https:\/\/www.agrolac.com\/ca\/#\/schema\/logo\/image\/","url":"https:\/\/www.agrolac.com\/wp-content\/uploads\/2025\/10\/agrolac-logo.svg","contentUrl":"https:\/\/www.agrolac.com\/wp-content\/uploads\/2025\/10\/agrolac-logo.svg","caption":"VICORQUIMIA"},"image":{"@id":"https:\/\/www.agrolac.com\/ca\/#\/schema\/logo\/image\/"},"sameAs":["https:\/\/www.linkedin.com\/company\/vicorquimia\/"]}]}},"_links":{"self":[{"href":"https:\/\/www.agrolac.com\/ca\/wp-json\/wp\/v2\/product\/7662","targetHints":{"allow":["GET"]}}],"collection":[{"href":"https:\/\/www.agrolac.com\/ca\/wp-json\/wp\/v2\/product"}],"about":[{"href":"https:\/\/www.agrolac.com\/ca\/wp-json\/wp\/v2\/types\/product"}],"replies":[{"embeddable":true,"href":"https:\/\/www.agrolac.com\/ca\/wp-json\/wp\/v2\/comments?post=7662"}],"wp:featuredmedia":[{"embeddable":true,"href":"https:\/\/www.agrolac.com\/ca\/wp-json\/wp\/v2\/media\/6289"}],"wp:attachment":[{"href":"https:\/\/www.agrolac.com\/ca\/wp-json\/wp\/v2\/media?parent=7662"}],"wp:term":[{"taxonomy":"certificacion","embeddable":true,"href":"https:\/\/www.agrolac.com\/ca\/wp-json\/wp\/v2\/certificacion?post=7662"},{"taxonomy":"cultivo","embeddable":true,"href":"https:\/\/www.agrolac.com\/ca\/wp-json\/wp\/v2\/cultivo?post=7662"},{"taxonomy":"product_brand","embeddable":true,"href":"https:\/\/www.agrolac.com\/ca\/wp-json\/wp\/v2\/product_brand?post=7662"},{"taxonomy":"product_cat","embeddable":true,"href":"https:\/\/www.agrolac.com\/ca\/wp-json\/wp\/v2\/product_cat?post=7662"},{"taxonomy":"product_tag","embeddable":true,"href":"https:\/\/www.agrolac.com\/ca\/wp-json\/wp\/v2\/product_tag?post=7662"}],"curies":[{"name":"wp","href":"https:\/\/api.w.org\/{rel}","templated":true}]}}