{"id":7642,"date":"2026-01-08T22:21:45","date_gmt":"2026-01-08T21:21:45","guid":{"rendered":"https:\/\/www.agrolac.com\/producto\/agrolac-antiestres\/"},"modified":"2026-03-02T19:21:27","modified_gmt":"2026-03-02T18:21:27","slug":"agrolac-antiestres","status":"publish","type":"product","link":"https:\/\/www.agrolac.com\/ca\/producto\/agrolac-antiestres\/","title":{"rendered":"Agrolac\u00ae Antiestr\u00e8s"},"content":{"rendered":"<h2>AGROLAC\u00ae ANTIESTR\u00c8S<\/h2>\n<p><strong>AGROLAC\u00ae ANTIESTR\u00c9S<\/strong> , pel seu contingut en <strong>magnesi (Mg)<\/strong> i <strong>extractes d&#8217;algues<\/strong> (que aporten \u00e0cid alg\u00ednic, manitol, beta\u00efnes, poliamines i polisac\u00e0rids), incentiva la formaci\u00f3 de clorofil\u00b7la i prote\u00efnes i activa enzims implicats en el metabolisme dels gl\u00facids.<\/p>\n<p>La seva formulaci\u00f3 estimula processos metab\u00f2lics d&#8217;oxi-reducci\u00f3, la s\u00edntesi de carbohidrats i el moviment de la saba a trav\u00e9s del <strong>floema<\/strong> , contribuint a un funcionament fisiol\u00f2gic m\u00e9s equilibrat de la planta.<\/p>\n<p>A m\u00e9s, cont\u00e9 <strong>\u00e0cid \u03b3-poliglut\u00e0mic<\/strong> , que recolza la planta davant de diferents situacions d&#8217;estr\u00e8s.<\/p>\n<p>El producte tamb\u00e9 incorpora <strong>amino\u00e0cids lliures<\/strong> , entre els quals destaquen glut\u00e0mic, glicina, alanina, metionina, arginina, prolina i tirosina, relacionats amb funcions com la s\u00edntesi de clorofil\u00b7la, la formaci\u00f3 de nous brots, el creixement radicular i el suport a l&#8217;equilibri fisiol\u00f2gic de la planta segons l&#8217;estat fenol\u00f2gic.<\/p>\n<p>Aplicat al terra, <strong>AGROLAC\u00ae ANTIESTR\u00c9S<\/strong> aporta capacitat hidr\u00f2fila, millora l&#8217;absorci\u00f3 de nutrients, ajuda a equilibrar el <strong>pH del s\u00f2l<\/strong> , afavoreix l&#8217; <strong>efecte quelant<\/strong> d&#8217;ions de metalls pesants i potencia l&#8217;absorci\u00f3 dels fertilitzants tradicionals.<\/p>\n<h3>Beneficis agron\u00f2mics<\/h3>\n<ul>\n<li><strong>Suport davant de diferents tipus d&#8217;estr\u00e8s<\/strong> .<\/li>\n<li><strong>Estimulaci\u00f3 de la formaci\u00f3 de clorofil\u00b7la i prote\u00efnes<\/strong> .<\/li>\n<li><strong>Activaci\u00f3 del metabolisme de gl\u00facids<\/strong> i de la s\u00edntesi de carbohidrats.<\/li>\n<li><strong>Suport a lequilibri fisiol\u00f2gic<\/strong> i al moviment de la saba.<\/li>\n<li><strong>Millora de l&#8217;aprofitament de nutrients i fertilitzants<\/strong> .<\/li>\n<\/ul>\n<p>&nbsp;<\/p>\n<h3>Aplicaci\u00f3<\/h3>\n<p><strong>AGROLAC\u00ae ANTIESTR\u00c9S<\/strong> \u00e9s un fertilitzant d&#8217;aplicaci\u00f3 <strong>foliar i fertirrigaci\u00f3<\/strong> . S&#8217;ha d&#8217;utilitzar adaptant la dosi i el moment d&#8217;aplicaci\u00f3 a les necessitats del cultiu i les condicions agron\u00f2miques. <\/p>\n<h3>Observacions<\/h3>\n<p>No tracteu amb temperatures superiors a 30 \u00baC. No ho barregeu amb productes a base d&#8217;estany ni olis minerals. <\/p>\n","protected":false},"excerpt":{"rendered":"<p>Producte dissenyat per ajudar el cultiu a superar \u2026<\/p>\n","protected":false},"featured_media":6326,"comment_status":"closed","ping_status":"closed","template":"","meta":{"_acf_changed":false,"_joinchat":[]},"certificacion":[370],"cultivo":[1072,483,547,484,1139,481,546,545,548,482,1071,1137,1136,1401,1138,1074],"product_brand":[],"product_cat":[395],"product_tag":[],"class_list":{"0":"post-7642","1":"product","2":"type-product","3":"status-publish","4":"has-post-thumbnail","6":"certificacion-residu-zero","7":"cultivo-brasiques","8":"cultivo-cereals","9":"cultivo-citrics","10":"cultivo-cultius-industrials","11":"cultivo-farratges-i-praderies","12":"cultivo-fruiters","13":"cultivo-fruiters-de-llavor","14":"cultivo-fruiters-de-pinyol","15":"cultivo-fruits-secs","16":"cultivo-horticoles","17":"cultivo-horticoles-de-fruit","18":"cultivo-lleguminoses","19":"cultivo-oleaginoses","20":"cultivo-ornamentals-i-vivers","21":"cultivo-tropicals-subtropicals","22":"cultivo-videu","23":"product_cat-fertilitzants","25":"first","26":"instock","27":"shipping-taxable","28":"product-type-simple"},"acf":[],"yoast_head":"<!-- This site is optimized with the Yoast SEO plugin v27.1.1 - https:\/\/yoast.com\/product\/yoast-seo-wordpress\/ -->\n<title>Agrolac\u00ae Antiestr\u00e8s - Agrolac<\/title>\n<meta name=\"description\" content=\"Agrolac\u00ae Antiestr\u00e8s \u00e9s un fertilitzant foliar i per fertirrigaci\u00f3 amb Mg, extractes d&#039;algues, \u00e0cid \u03b3-poliglut\u00e0mic i amino\u00e0cids per recolzar la planta en estr\u00e8s.\" \/>\n<meta name=\"robots\" content=\"index, follow, max-snippet:-1, max-image-preview:large, max-video-preview:-1\" \/>\n<link rel=\"canonical\" href=\"https:\/\/www.agrolac.com\/ca\/producto\/agrolac-antiestres\/\" \/>\n<meta property=\"og:locale\" content=\"ca_ES\" \/>\n<meta property=\"og:type\" content=\"article\" \/>\n<meta property=\"og:title\" content=\"Agrolac\u00ae Antiestr\u00e8s - Agrolac\" \/>\n<meta property=\"og:description\" content=\"Agrolac\u00ae Antiestr\u00e8s \u00e9s un fertilitzant foliar i per fertirrigaci\u00f3 amb Mg, extractes d&#039;algues, \u00e0cid \u03b3-poliglut\u00e0mic i amino\u00e0cids per recolzar la planta en estr\u00e8s.\" \/>\n<meta property=\"og:url\" content=\"https:\/\/www.agrolac.com\/ca\/producto\/agrolac-antiestres\/\" \/>\n<meta property=\"og:site_name\" content=\"Agrolac\" \/>\n<meta property=\"article:modified_time\" content=\"2026-03-02T18:21:27+00:00\" \/>\n<meta property=\"og:image\" content=\"https:\/\/www.agrolac.com\/wp-content\/uploads\/2026\/01\/cultivo-tomates.webp\" \/>\n\t<meta property=\"og:image:width\" content=\"1920\" \/>\n\t<meta property=\"og:image:height\" content=\"1280\" \/>\n\t<meta property=\"og:image:type\" content=\"image\/webp\" \/>\n<meta name=\"twitter:card\" content=\"summary_large_image\" \/>\n<meta name=\"twitter:label1\" content=\"Est. reading time\" \/>\n\t<meta name=\"twitter:data1\" content=\"1 minut\" \/>\n<script type=\"application\/ld+json\" class=\"yoast-schema-graph\">{\"@context\":\"https:\/\/schema.org\",\"@graph\":[{\"@type\":\"WebPage\",\"@id\":\"https:\/\/www.agrolac.com\/ca\/producto\/agrolac-antiestres\/\",\"url\":\"https:\/\/www.agrolac.com\/ca\/producto\/agrolac-antiestres\/\",\"name\":\"Agrolac\u00ae Antiestr\u00e8s - Agrolac\",\"isPartOf\":{\"@id\":\"https:\/\/www.agrolac.com\/ca\/#website\"},\"primaryImageOfPage\":{\"@id\":\"https:\/\/www.agrolac.com\/ca\/producto\/agrolac-antiestres\/#primaryimage\"},\"image\":{\"@id\":\"https:\/\/www.agrolac.com\/ca\/producto\/agrolac-antiestres\/#primaryimage\"},\"thumbnailUrl\":\"https:\/\/www.agrolac.com\/wp-content\/uploads\/2026\/01\/cultivo-tomates.webp\",\"datePublished\":\"2026-01-08T21:21:45+00:00\",\"dateModified\":\"2026-03-02T18:21:27+00:00\",\"description\":\"Agrolac\u00ae Antiestr\u00e8s \u00e9s un fertilitzant foliar i per fertirrigaci\u00f3 amb Mg, extractes d'algues, \u00e0cid \u03b3-poliglut\u00e0mic i amino\u00e0cids per recolzar la planta en estr\u00e8s.\",\"breadcrumb\":{\"@id\":\"https:\/\/www.agrolac.com\/ca\/producto\/agrolac-antiestres\/#breadcrumb\"},\"inLanguage\":\"ca\",\"potentialAction\":[{\"@type\":\"ReadAction\",\"target\":[\"https:\/\/www.agrolac.com\/ca\/producto\/agrolac-antiestres\/\"]}]},{\"@type\":\"ImageObject\",\"inLanguage\":\"ca\",\"@id\":\"https:\/\/www.agrolac.com\/ca\/producto\/agrolac-antiestres\/#primaryimage\",\"url\":\"https:\/\/www.agrolac.com\/wp-content\/uploads\/2026\/01\/cultivo-tomates.webp\",\"contentUrl\":\"https:\/\/www.agrolac.com\/wp-content\/uploads\/2026\/01\/cultivo-tomates.webp\",\"width\":1920,\"height\":1280},{\"@type\":\"BreadcrumbList\",\"@id\":\"https:\/\/www.agrolac.com\/ca\/producto\/agrolac-antiestres\/#breadcrumb\",\"itemListElement\":[{\"@type\":\"ListItem\",\"position\":1,\"name\":\"Inici\",\"item\":\"https:\/\/www.agrolac.com\/ca\/inici\/\"},{\"@type\":\"ListItem\",\"position\":2,\"name\":\"Productes\",\"item\":\"https:\/\/www.agrolac.com\/ca\/productes\/\"},{\"@type\":\"ListItem\",\"position\":3,\"name\":\"Fertilitzants\",\"item\":\"https:\/\/www.agrolac.com\/ca\/categoria-producto\/fertilitzants\/\"},{\"@type\":\"ListItem\",\"position\":4,\"name\":\"Agrolac\u00ae Antiestr\u00e8s\"}]},{\"@type\":\"WebSite\",\"@id\":\"https:\/\/www.agrolac.com\/ca\/#website\",\"url\":\"https:\/\/www.agrolac.com\/ca\/\",\"name\":\"VICORQUIMIA\",\"description\":\"Agrolac \u00e9s una empresa de Barcelona, fundada el 1982, especialitzada en distribuci\u00f3 de productes agroqu\u00edmics per a l&#039;agricultura europea.\",\"publisher\":{\"@id\":\"https:\/\/www.agrolac.com\/ca\/#organization\"},\"potentialAction\":[{\"@type\":\"SearchAction\",\"target\":{\"@type\":\"EntryPoint\",\"urlTemplate\":\"https:\/\/www.agrolac.com\/ca\/?s={search_term_string}\"},\"query-input\":{\"@type\":\"PropertyValueSpecification\",\"valueRequired\":true,\"valueName\":\"search_term_string\"}}],\"inLanguage\":\"ca\"},{\"@type\":\"Organization\",\"@id\":\"https:\/\/www.agrolac.com\/ca\/#organization\",\"name\":\"VICORQUIMIA\",\"url\":\"https:\/\/www.agrolac.com\/ca\/\",\"logo\":{\"@type\":\"ImageObject\",\"inLanguage\":\"ca\",\"@id\":\"https:\/\/www.agrolac.com\/ca\/#\/schema\/logo\/image\/\",\"url\":\"https:\/\/www.agrolac.com\/wp-content\/uploads\/2025\/10\/agrolac-logo.svg\",\"contentUrl\":\"https:\/\/www.agrolac.com\/wp-content\/uploads\/2025\/10\/agrolac-logo.svg\",\"caption\":\"VICORQUIMIA\"},\"image\":{\"@id\":\"https:\/\/www.agrolac.com\/ca\/#\/schema\/logo\/image\/\"},\"sameAs\":[\"https:\/\/www.linkedin.com\/company\/vicorquimia\/\"]}]}<\/script>\n<!-- \/ Yoast SEO plugin. -->","yoast_head_json":{"title":"Agrolac\u00ae Antiestr\u00e8s - Agrolac","description":"Agrolac\u00ae Antiestr\u00e8s \u00e9s un fertilitzant foliar i per fertirrigaci\u00f3 amb Mg, extractes d'algues, \u00e0cid \u03b3-poliglut\u00e0mic i amino\u00e0cids per recolzar la planta en estr\u00e8s.","robots":{"index":"index","follow":"follow","max-snippet":"max-snippet:-1","max-image-preview":"max-image-preview:large","max-video-preview":"max-video-preview:-1"},"canonical":"https:\/\/www.agrolac.com\/ca\/producto\/agrolac-antiestres\/","og_locale":"ca_ES","og_type":"article","og_title":"Agrolac\u00ae Antiestr\u00e8s - Agrolac","og_description":"Agrolac\u00ae Antiestr\u00e8s \u00e9s un fertilitzant foliar i per fertirrigaci\u00f3 amb Mg, extractes d'algues, \u00e0cid \u03b3-poliglut\u00e0mic i amino\u00e0cids per recolzar la planta en estr\u00e8s.","og_url":"https:\/\/www.agrolac.com\/ca\/producto\/agrolac-antiestres\/","og_site_name":"Agrolac","article_modified_time":"2026-03-02T18:21:27+00:00","og_image":[{"width":1920,"height":1280,"url":"https:\/\/www.agrolac.com\/wp-content\/uploads\/2026\/01\/cultivo-tomates.webp","type":"image\/webp"}],"twitter_card":"summary_large_image","twitter_misc":{"Est. reading time":"1 minut"},"schema":{"@context":"https:\/\/schema.org","@graph":[{"@type":"WebPage","@id":"https:\/\/www.agrolac.com\/ca\/producto\/agrolac-antiestres\/","url":"https:\/\/www.agrolac.com\/ca\/producto\/agrolac-antiestres\/","name":"Agrolac\u00ae Antiestr\u00e8s - Agrolac","isPartOf":{"@id":"https:\/\/www.agrolac.com\/ca\/#website"},"primaryImageOfPage":{"@id":"https:\/\/www.agrolac.com\/ca\/producto\/agrolac-antiestres\/#primaryimage"},"image":{"@id":"https:\/\/www.agrolac.com\/ca\/producto\/agrolac-antiestres\/#primaryimage"},"thumbnailUrl":"https:\/\/www.agrolac.com\/wp-content\/uploads\/2026\/01\/cultivo-tomates.webp","datePublished":"2026-01-08T21:21:45+00:00","dateModified":"2026-03-02T18:21:27+00:00","description":"Agrolac\u00ae Antiestr\u00e8s \u00e9s un fertilitzant foliar i per fertirrigaci\u00f3 amb Mg, extractes d'algues, \u00e0cid \u03b3-poliglut\u00e0mic i amino\u00e0cids per recolzar la planta en estr\u00e8s.","breadcrumb":{"@id":"https:\/\/www.agrolac.com\/ca\/producto\/agrolac-antiestres\/#breadcrumb"},"inLanguage":"ca","potentialAction":[{"@type":"ReadAction","target":["https:\/\/www.agrolac.com\/ca\/producto\/agrolac-antiestres\/"]}]},{"@type":"ImageObject","inLanguage":"ca","@id":"https:\/\/www.agrolac.com\/ca\/producto\/agrolac-antiestres\/#primaryimage","url":"https:\/\/www.agrolac.com\/wp-content\/uploads\/2026\/01\/cultivo-tomates.webp","contentUrl":"https:\/\/www.agrolac.com\/wp-content\/uploads\/2026\/01\/cultivo-tomates.webp","width":1920,"height":1280},{"@type":"BreadcrumbList","@id":"https:\/\/www.agrolac.com\/ca\/producto\/agrolac-antiestres\/#breadcrumb","itemListElement":[{"@type":"ListItem","position":1,"name":"Inici","item":"https:\/\/www.agrolac.com\/ca\/inici\/"},{"@type":"ListItem","position":2,"name":"Productes","item":"https:\/\/www.agrolac.com\/ca\/productes\/"},{"@type":"ListItem","position":3,"name":"Fertilitzants","item":"https:\/\/www.agrolac.com\/ca\/categoria-producto\/fertilitzants\/"},{"@type":"ListItem","position":4,"name":"Agrolac\u00ae Antiestr\u00e8s"}]},{"@type":"WebSite","@id":"https:\/\/www.agrolac.com\/ca\/#website","url":"https:\/\/www.agrolac.com\/ca\/","name":"VICORQUIMIA","description":"Agrolac \u00e9s una empresa de Barcelona, fundada el 1982, especialitzada en distribuci\u00f3 de productes agroqu\u00edmics per a l&#039;agricultura europea.","publisher":{"@id":"https:\/\/www.agrolac.com\/ca\/#organization"},"potentialAction":[{"@type":"SearchAction","target":{"@type":"EntryPoint","urlTemplate":"https:\/\/www.agrolac.com\/ca\/?s={search_term_string}"},"query-input":{"@type":"PropertyValueSpecification","valueRequired":true,"valueName":"search_term_string"}}],"inLanguage":"ca"},{"@type":"Organization","@id":"https:\/\/www.agrolac.com\/ca\/#organization","name":"VICORQUIMIA","url":"https:\/\/www.agrolac.com\/ca\/","logo":{"@type":"ImageObject","inLanguage":"ca","@id":"https:\/\/www.agrolac.com\/ca\/#\/schema\/logo\/image\/","url":"https:\/\/www.agrolac.com\/wp-content\/uploads\/2025\/10\/agrolac-logo.svg","contentUrl":"https:\/\/www.agrolac.com\/wp-content\/uploads\/2025\/10\/agrolac-logo.svg","caption":"VICORQUIMIA"},"image":{"@id":"https:\/\/www.agrolac.com\/ca\/#\/schema\/logo\/image\/"},"sameAs":["https:\/\/www.linkedin.com\/company\/vicorquimia\/"]}]}},"_links":{"self":[{"href":"https:\/\/www.agrolac.com\/ca\/wp-json\/wp\/v2\/product\/7642","targetHints":{"allow":["GET"]}}],"collection":[{"href":"https:\/\/www.agrolac.com\/ca\/wp-json\/wp\/v2\/product"}],"about":[{"href":"https:\/\/www.agrolac.com\/ca\/wp-json\/wp\/v2\/types\/product"}],"replies":[{"embeddable":true,"href":"https:\/\/www.agrolac.com\/ca\/wp-json\/wp\/v2\/comments?post=7642"}],"wp:featuredmedia":[{"embeddable":true,"href":"https:\/\/www.agrolac.com\/ca\/wp-json\/wp\/v2\/media\/6326"}],"wp:attachment":[{"href":"https:\/\/www.agrolac.com\/ca\/wp-json\/wp\/v2\/media?parent=7642"}],"wp:term":[{"taxonomy":"certificacion","embeddable":true,"href":"https:\/\/www.agrolac.com\/ca\/wp-json\/wp\/v2\/certificacion?post=7642"},{"taxonomy":"cultivo","embeddable":true,"href":"https:\/\/www.agrolac.com\/ca\/wp-json\/wp\/v2\/cultivo?post=7642"},{"taxonomy":"product_brand","embeddable":true,"href":"https:\/\/www.agrolac.com\/ca\/wp-json\/wp\/v2\/product_brand?post=7642"},{"taxonomy":"product_cat","embeddable":true,"href":"https:\/\/www.agrolac.com\/ca\/wp-json\/wp\/v2\/product_cat?post=7642"},{"taxonomy":"product_tag","embeddable":true,"href":"https:\/\/www.agrolac.com\/ca\/wp-json\/wp\/v2\/product_tag?post=7642"}],"curies":[{"name":"wp","href":"https:\/\/api.w.org\/{rel}","templated":true}]}}