{"id":7623,"date":"2026-01-08T22:25:03","date_gmt":"2026-01-08T21:25:03","guid":{"rendered":"https:\/\/www.agrolac.com\/producto\/agrolac-pga\/"},"modified":"2026-03-02T19:21:41","modified_gmt":"2026-03-02T18:21:41","slug":"agrolac-pga","status":"publish","type":"product","link":"https:\/\/www.agrolac.com\/ca\/producto\/agrolac-pga\/","title":{"rendered":"Agrolac\u00ae PGA"},"content":{"rendered":"<h2>Agrolac\u00ae PGA<\/h2>\n<p><strong>Agrolac\u00ae PGA<\/strong> contribueix de manera efica\u00e7 a revitalitzar el comportament de la planta davant la <strong>manca d&#8217;aigua<\/strong> ia diferents situacions d&#8217; <strong>estr\u00e8s abi\u00f2tic<\/strong> , com ara sequera, salinitat, gelada, contaminaci\u00f3 atmosf\u00e8rica, fitotoxicitats, pedra o vent.<\/p>\n<p>La seva acci\u00f3 s&#8217;associa al contingut en <strong>\u00e0cid \u03b3-poliglut\u00e0mic<\/strong> i <strong>amino\u00e0cids lliures<\/strong> , que participen en processos fisiol\u00f2gics de la planta.<\/p>\n<p>Entre aquests amino\u00e0cids destaquen el <strong>glut\u00e0mic<\/strong> , la <strong>glicina<\/strong> , l&#8217; <strong>alanina<\/strong> , la <strong>metionina<\/strong> , l&#8217; <strong>arginina<\/strong> , la <strong>prolina<\/strong> i la <strong>tirosina<\/strong> , relacionats amb funcions com la s\u00edntesi de clorofil\u00b7la, la formaci\u00f3 de nous brots, l&#8217;acci\u00f3 quelatant i el suport a l&#8217;equilibri fisiol\u00f2gic de la planta en els diferents estats.<\/p>\n<p>Aplicat al terra, <strong>Agrolac\u00ae PGA<\/strong> aporta capacitat hidr\u00f2fila, millora l&#8217;absorci\u00f3 i solubilitat de nutrients, ajuda a equilibrar el <strong>pH del s\u00f2l<\/strong> , afavoreix l&#8217; <strong>efecte quelant<\/strong> d&#8217;ions met\u00e0l\u00b7lics i potencia l&#8217;absorci\u00f3 dels fertilitzants tradicionals.<\/p>\n<h3>Beneficis agron\u00f2mics<\/h3>\n<ul>\n<li><strong>Suport davant l&#8217;estr\u00e8s h\u00eddric i altres estressos abi\u00f2tics<\/strong> .<\/li>\n<li><strong>Contribueix a lequilibri fisiol\u00f2gic<\/strong> de la planta en condicions adverses.<\/li>\n<li><strong>Afavoreix la s\u00edntesi de clorofil\u00b7la<\/strong> i la formaci\u00f3 de nous brots.<\/li>\n<li><strong>Acci\u00f3 quelatant<\/strong> i millora de l&#8217;aprofitament de nutrients.<\/li>\n<li><strong>Millora l&#8217;absorci\u00f3 i la solubilitat de nutrients<\/strong> i ajuda a l&#8217;equilibri del pH del s\u00f2l.<\/li>\n<\/ul>\n<p>&nbsp;<\/p>\n<h3>Aplicaci\u00f3<\/h3>\n<p>Fertilitzant d&#8217;aplicaci\u00f3 <strong>foliar i fertirrigaci\u00f3<\/strong> . S&#8217;ha de fer servir adaptant la dosi i el moment d&#8217;aplicaci\u00f3 al cultiu ia la situaci\u00f3 agron\u00f2mica. <\/p>\n<p>Com a norma general, se&#8217;n recomana l&#8217;\u00fas en moments de m\u00e0xima necessitat del cultiu, amb intervals de <strong>14\u201321 dies<\/strong> , segons cultiu i moment del cicle.<\/p>\n<h3>Observacions<\/h3>\n<p>No tracteu amb temperatures superiors a 30 \u00baC. No ho barregeu amb productes a base d&#8217;estany ni olis minerals. <\/p>\n","protected":false},"excerpt":{"rendered":"<p>Producte dissenyat per regular el desenvolupament \u2026<\/p>\n","protected":false},"featured_media":6344,"comment_status":"closed","ping_status":"closed","template":"","meta":{"_acf_changed":false,"_joinchat":[]},"certificacion":[370],"cultivo":[1072,483,547,484,1139,481,546,545,548,482,1071,1137,1136,1401,1138,1074],"product_brand":[],"product_cat":[395],"product_tag":[],"class_list":{"0":"post-7623","1":"product","2":"type-product","3":"status-publish","4":"has-post-thumbnail","6":"certificacion-residu-zero","7":"cultivo-brasiques","8":"cultivo-cereals","9":"cultivo-citrics","10":"cultivo-cultius-industrials","11":"cultivo-farratges-i-praderies","12":"cultivo-fruiters","13":"cultivo-fruiters-de-llavor","14":"cultivo-fruiters-de-pinyol","15":"cultivo-fruits-secs","16":"cultivo-horticoles","17":"cultivo-horticoles-de-fruit","18":"cultivo-lleguminoses","19":"cultivo-oleaginoses","20":"cultivo-ornamentals-i-vivers","21":"cultivo-tropicals-subtropicals","22":"cultivo-videu","23":"product_cat-fertilitzants","25":"first","26":"instock","27":"shipping-taxable","28":"product-type-simple"},"acf":[],"yoast_head":"<!-- This site is optimized with the Yoast SEO plugin v27.1.1 - https:\/\/yoast.com\/product\/yoast-seo-wordpress\/ -->\n<title>Agrolac\u00ae PGA - Agrolac<\/title>\n<meta name=\"description\" content=\"Agrolac\u00ae PGA \u00e9s un fertilitzant foliar i per fertirrigaci\u00f3 amb \u00e0cid \u03b3-poliglut\u00e0mic i amino\u00e0cids per recolzar la planta en estr\u00e8s h\u00eddric i abi\u00f2tic.\" \/>\n<meta name=\"robots\" content=\"index, follow, max-snippet:-1, max-image-preview:large, max-video-preview:-1\" \/>\n<link rel=\"canonical\" href=\"https:\/\/www.agrolac.com\/ca\/producto\/agrolac-pga\/\" \/>\n<meta property=\"og:locale\" content=\"ca_ES\" \/>\n<meta property=\"og:type\" content=\"article\" \/>\n<meta property=\"og:title\" content=\"Agrolac\u00ae PGA - Agrolac\" \/>\n<meta property=\"og:description\" content=\"Agrolac\u00ae PGA \u00e9s un fertilitzant foliar i per fertirrigaci\u00f3 amb \u00e0cid \u03b3-poliglut\u00e0mic i amino\u00e0cids per recolzar la planta en estr\u00e8s h\u00eddric i abi\u00f2tic.\" \/>\n<meta property=\"og:url\" content=\"https:\/\/www.agrolac.com\/ca\/producto\/agrolac-pga\/\" \/>\n<meta property=\"og:site_name\" content=\"Agrolac\" \/>\n<meta property=\"article:modified_time\" content=\"2026-03-02T18:21:41+00:00\" \/>\n<meta property=\"og:image\" content=\"https:\/\/www.agrolac.com\/wp-content\/uploads\/2026\/01\/tomatera-invernadero-01.webp\" \/>\n\t<meta property=\"og:image:width\" content=\"1920\" \/>\n\t<meta property=\"og:image:height\" content=\"1114\" \/>\n\t<meta property=\"og:image:type\" content=\"image\/webp\" \/>\n<meta name=\"twitter:card\" content=\"summary_large_image\" \/>\n<meta name=\"twitter:label1\" content=\"Est. reading time\" \/>\n\t<meta name=\"twitter:data1\" content=\"1 minut\" \/>\n<script type=\"application\/ld+json\" class=\"yoast-schema-graph\">{\"@context\":\"https:\/\/schema.org\",\"@graph\":[{\"@type\":\"WebPage\",\"@id\":\"https:\/\/www.agrolac.com\/ca\/producto\/agrolac-pga\/\",\"url\":\"https:\/\/www.agrolac.com\/ca\/producto\/agrolac-pga\/\",\"name\":\"Agrolac\u00ae PGA - Agrolac\",\"isPartOf\":{\"@id\":\"https:\/\/www.agrolac.com\/ca\/#website\"},\"primaryImageOfPage\":{\"@id\":\"https:\/\/www.agrolac.com\/ca\/producto\/agrolac-pga\/#primaryimage\"},\"image\":{\"@id\":\"https:\/\/www.agrolac.com\/ca\/producto\/agrolac-pga\/#primaryimage\"},\"thumbnailUrl\":\"https:\/\/www.agrolac.com\/wp-content\/uploads\/2026\/01\/tomatera-invernadero-01.webp\",\"datePublished\":\"2026-01-08T21:25:03+00:00\",\"dateModified\":\"2026-03-02T18:21:41+00:00\",\"description\":\"Agrolac\u00ae PGA \u00e9s un fertilitzant foliar i per fertirrigaci\u00f3 amb \u00e0cid \u03b3-poliglut\u00e0mic i amino\u00e0cids per recolzar la planta en estr\u00e8s h\u00eddric i abi\u00f2tic.\",\"breadcrumb\":{\"@id\":\"https:\/\/www.agrolac.com\/ca\/producto\/agrolac-pga\/#breadcrumb\"},\"inLanguage\":\"ca\",\"potentialAction\":[{\"@type\":\"ReadAction\",\"target\":[\"https:\/\/www.agrolac.com\/ca\/producto\/agrolac-pga\/\"]}]},{\"@type\":\"ImageObject\",\"inLanguage\":\"ca\",\"@id\":\"https:\/\/www.agrolac.com\/ca\/producto\/agrolac-pga\/#primaryimage\",\"url\":\"https:\/\/www.agrolac.com\/wp-content\/uploads\/2026\/01\/tomatera-invernadero-01.webp\",\"contentUrl\":\"https:\/\/www.agrolac.com\/wp-content\/uploads\/2026\/01\/tomatera-invernadero-01.webp\",\"width\":1920,\"height\":1114},{\"@type\":\"BreadcrumbList\",\"@id\":\"https:\/\/www.agrolac.com\/ca\/producto\/agrolac-pga\/#breadcrumb\",\"itemListElement\":[{\"@type\":\"ListItem\",\"position\":1,\"name\":\"Inici\",\"item\":\"https:\/\/www.agrolac.com\/ca\/inici\/\"},{\"@type\":\"ListItem\",\"position\":2,\"name\":\"Productes\",\"item\":\"https:\/\/www.agrolac.com\/ca\/productes\/\"},{\"@type\":\"ListItem\",\"position\":3,\"name\":\"Fertilitzants\",\"item\":\"https:\/\/www.agrolac.com\/ca\/categoria-producto\/fertilitzants\/\"},{\"@type\":\"ListItem\",\"position\":4,\"name\":\"Agrolac\u00ae PGA\"}]},{\"@type\":\"WebSite\",\"@id\":\"https:\/\/www.agrolac.com\/ca\/#website\",\"url\":\"https:\/\/www.agrolac.com\/ca\/\",\"name\":\"VICORQUIMIA\",\"description\":\"Agrolac \u00e9s una empresa de Barcelona, fundada el 1982, especialitzada en distribuci\u00f3 de productes agroqu\u00edmics per a l&#039;agricultura europea.\",\"publisher\":{\"@id\":\"https:\/\/www.agrolac.com\/ca\/#organization\"},\"potentialAction\":[{\"@type\":\"SearchAction\",\"target\":{\"@type\":\"EntryPoint\",\"urlTemplate\":\"https:\/\/www.agrolac.com\/ca\/?s={search_term_string}\"},\"query-input\":{\"@type\":\"PropertyValueSpecification\",\"valueRequired\":true,\"valueName\":\"search_term_string\"}}],\"inLanguage\":\"ca\"},{\"@type\":\"Organization\",\"@id\":\"https:\/\/www.agrolac.com\/ca\/#organization\",\"name\":\"VICORQUIMIA\",\"url\":\"https:\/\/www.agrolac.com\/ca\/\",\"logo\":{\"@type\":\"ImageObject\",\"inLanguage\":\"ca\",\"@id\":\"https:\/\/www.agrolac.com\/ca\/#\/schema\/logo\/image\/\",\"url\":\"https:\/\/www.agrolac.com\/wp-content\/uploads\/2025\/10\/agrolac-logo.svg\",\"contentUrl\":\"https:\/\/www.agrolac.com\/wp-content\/uploads\/2025\/10\/agrolac-logo.svg\",\"caption\":\"VICORQUIMIA\"},\"image\":{\"@id\":\"https:\/\/www.agrolac.com\/ca\/#\/schema\/logo\/image\/\"},\"sameAs\":[\"https:\/\/www.linkedin.com\/company\/vicorquimia\/\"]}]}<\/script>\n<!-- \/ Yoast SEO plugin. -->","yoast_head_json":{"title":"Agrolac\u00ae PGA - Agrolac","description":"Agrolac\u00ae PGA \u00e9s un fertilitzant foliar i per fertirrigaci\u00f3 amb \u00e0cid \u03b3-poliglut\u00e0mic i amino\u00e0cids per recolzar la planta en estr\u00e8s h\u00eddric i abi\u00f2tic.","robots":{"index":"index","follow":"follow","max-snippet":"max-snippet:-1","max-image-preview":"max-image-preview:large","max-video-preview":"max-video-preview:-1"},"canonical":"https:\/\/www.agrolac.com\/ca\/producto\/agrolac-pga\/","og_locale":"ca_ES","og_type":"article","og_title":"Agrolac\u00ae PGA - Agrolac","og_description":"Agrolac\u00ae PGA \u00e9s un fertilitzant foliar i per fertirrigaci\u00f3 amb \u00e0cid \u03b3-poliglut\u00e0mic i amino\u00e0cids per recolzar la planta en estr\u00e8s h\u00eddric i abi\u00f2tic.","og_url":"https:\/\/www.agrolac.com\/ca\/producto\/agrolac-pga\/","og_site_name":"Agrolac","article_modified_time":"2026-03-02T18:21:41+00:00","og_image":[{"width":1920,"height":1114,"url":"https:\/\/www.agrolac.com\/wp-content\/uploads\/2026\/01\/tomatera-invernadero-01.webp","type":"image\/webp"}],"twitter_card":"summary_large_image","twitter_misc":{"Est. reading time":"1 minut"},"schema":{"@context":"https:\/\/schema.org","@graph":[{"@type":"WebPage","@id":"https:\/\/www.agrolac.com\/ca\/producto\/agrolac-pga\/","url":"https:\/\/www.agrolac.com\/ca\/producto\/agrolac-pga\/","name":"Agrolac\u00ae PGA - Agrolac","isPartOf":{"@id":"https:\/\/www.agrolac.com\/ca\/#website"},"primaryImageOfPage":{"@id":"https:\/\/www.agrolac.com\/ca\/producto\/agrolac-pga\/#primaryimage"},"image":{"@id":"https:\/\/www.agrolac.com\/ca\/producto\/agrolac-pga\/#primaryimage"},"thumbnailUrl":"https:\/\/www.agrolac.com\/wp-content\/uploads\/2026\/01\/tomatera-invernadero-01.webp","datePublished":"2026-01-08T21:25:03+00:00","dateModified":"2026-03-02T18:21:41+00:00","description":"Agrolac\u00ae PGA \u00e9s un fertilitzant foliar i per fertirrigaci\u00f3 amb \u00e0cid \u03b3-poliglut\u00e0mic i amino\u00e0cids per recolzar la planta en estr\u00e8s h\u00eddric i abi\u00f2tic.","breadcrumb":{"@id":"https:\/\/www.agrolac.com\/ca\/producto\/agrolac-pga\/#breadcrumb"},"inLanguage":"ca","potentialAction":[{"@type":"ReadAction","target":["https:\/\/www.agrolac.com\/ca\/producto\/agrolac-pga\/"]}]},{"@type":"ImageObject","inLanguage":"ca","@id":"https:\/\/www.agrolac.com\/ca\/producto\/agrolac-pga\/#primaryimage","url":"https:\/\/www.agrolac.com\/wp-content\/uploads\/2026\/01\/tomatera-invernadero-01.webp","contentUrl":"https:\/\/www.agrolac.com\/wp-content\/uploads\/2026\/01\/tomatera-invernadero-01.webp","width":1920,"height":1114},{"@type":"BreadcrumbList","@id":"https:\/\/www.agrolac.com\/ca\/producto\/agrolac-pga\/#breadcrumb","itemListElement":[{"@type":"ListItem","position":1,"name":"Inici","item":"https:\/\/www.agrolac.com\/ca\/inici\/"},{"@type":"ListItem","position":2,"name":"Productes","item":"https:\/\/www.agrolac.com\/ca\/productes\/"},{"@type":"ListItem","position":3,"name":"Fertilitzants","item":"https:\/\/www.agrolac.com\/ca\/categoria-producto\/fertilitzants\/"},{"@type":"ListItem","position":4,"name":"Agrolac\u00ae PGA"}]},{"@type":"WebSite","@id":"https:\/\/www.agrolac.com\/ca\/#website","url":"https:\/\/www.agrolac.com\/ca\/","name":"VICORQUIMIA","description":"Agrolac \u00e9s una empresa de Barcelona, fundada el 1982, especialitzada en distribuci\u00f3 de productes agroqu\u00edmics per a l&#039;agricultura europea.","publisher":{"@id":"https:\/\/www.agrolac.com\/ca\/#organization"},"potentialAction":[{"@type":"SearchAction","target":{"@type":"EntryPoint","urlTemplate":"https:\/\/www.agrolac.com\/ca\/?s={search_term_string}"},"query-input":{"@type":"PropertyValueSpecification","valueRequired":true,"valueName":"search_term_string"}}],"inLanguage":"ca"},{"@type":"Organization","@id":"https:\/\/www.agrolac.com\/ca\/#organization","name":"VICORQUIMIA","url":"https:\/\/www.agrolac.com\/ca\/","logo":{"@type":"ImageObject","inLanguage":"ca","@id":"https:\/\/www.agrolac.com\/ca\/#\/schema\/logo\/image\/","url":"https:\/\/www.agrolac.com\/wp-content\/uploads\/2025\/10\/agrolac-logo.svg","contentUrl":"https:\/\/www.agrolac.com\/wp-content\/uploads\/2025\/10\/agrolac-logo.svg","caption":"VICORQUIMIA"},"image":{"@id":"https:\/\/www.agrolac.com\/ca\/#\/schema\/logo\/image\/"},"sameAs":["https:\/\/www.linkedin.com\/company\/vicorquimia\/"]}]}},"_links":{"self":[{"href":"https:\/\/www.agrolac.com\/ca\/wp-json\/wp\/v2\/product\/7623","targetHints":{"allow":["GET"]}}],"collection":[{"href":"https:\/\/www.agrolac.com\/ca\/wp-json\/wp\/v2\/product"}],"about":[{"href":"https:\/\/www.agrolac.com\/ca\/wp-json\/wp\/v2\/types\/product"}],"replies":[{"embeddable":true,"href":"https:\/\/www.agrolac.com\/ca\/wp-json\/wp\/v2\/comments?post=7623"}],"wp:featuredmedia":[{"embeddable":true,"href":"https:\/\/www.agrolac.com\/ca\/wp-json\/wp\/v2\/media\/6344"}],"wp:attachment":[{"href":"https:\/\/www.agrolac.com\/ca\/wp-json\/wp\/v2\/media?parent=7623"}],"wp:term":[{"taxonomy":"certificacion","embeddable":true,"href":"https:\/\/www.agrolac.com\/ca\/wp-json\/wp\/v2\/certificacion?post=7623"},{"taxonomy":"cultivo","embeddable":true,"href":"https:\/\/www.agrolac.com\/ca\/wp-json\/wp\/v2\/cultivo?post=7623"},{"taxonomy":"product_brand","embeddable":true,"href":"https:\/\/www.agrolac.com\/ca\/wp-json\/wp\/v2\/product_brand?post=7623"},{"taxonomy":"product_cat","embeddable":true,"href":"https:\/\/www.agrolac.com\/ca\/wp-json\/wp\/v2\/product_cat?post=7623"},{"taxonomy":"product_tag","embeddable":true,"href":"https:\/\/www.agrolac.com\/ca\/wp-json\/wp\/v2\/product_tag?post=7623"}],"curies":[{"name":"wp","href":"https:\/\/api.w.org\/{rel}","templated":true}]}}