{"id":7588,"date":"2026-01-08T22:39:57","date_gmt":"2026-01-08T21:39:57","guid":{"rendered":"https:\/\/www.agrolac.com\/producto\/agrolarix\/"},"modified":"2026-03-09T15:28:14","modified_gmt":"2026-03-09T14:28:14","slug":"agrolarix","status":"publish","type":"product","link":"https:\/\/www.agrolac.com\/ca\/producto\/agrolarix\/","title":{"rendered":"Agrolarix\u00ae"},"content":{"rendered":"<p><strong>AGROLARIX\u00ae<\/strong> \u00e9s un <b>bioestimulant regulador del desenvolupament<\/b> d&#8217;origen vegetal, formulat com <b>a l\u00edquid soluble encapsulat (SL)<\/b> . La seva mat\u00e8ria activa procedeix de l&#8217; <b>extracte de l\u00e0rix siberi\u00e0 (Larix gmelinii)<\/b> i aporta <b>dihidroquercetina (DHQ)<\/b> . S&#8217;integra en programes de maneig per <b>recolzar la toler\u00e0ncia a l&#8217;estr\u00e8s abi\u00f2tic<\/b> , afavorir l&#8217; <b>efici\u00e8ncia en l&#8217;\u00fas de nutrients<\/b> i acompanyar processos del cultiu lligats a <b>floraci\u00f3, quallat, engreix i maduraci\u00f3<\/b> , segons objectiu i cultiu. Permet un \u00fas flexible tant en aplicaci\u00f3 <b>foliar<\/b> com <b>per reg<\/b> , ajustant dosis i calendari a les condicions agron\u00f2miques.   <\/p>\n<p>Per la seva naturalesa i formulaci\u00f3, <strong>AGROLARIX\u00ae<\/strong> es posiciona com a suport <b>antioxidant<\/b> dins l&#8217;estrat\u00e8gia de maneig i contribueix a l&#8217;equilibri fisiol\u00f2gic de la planta quan el cultiu s&#8217;enfronta a condicions ambientals exigents.<\/p>\n<p>El seu \u00fas s&#8217;associa a l&#8217;optimitzaci\u00f3 de processos fisiol\u00f2gics clau, com l&#8217; <b>augment del contingut de clorofil\u00b7la<\/b> i l&#8217; <b>activitat fotosint\u00e8tica<\/b> , una resposta millor del cultiu en termes d&#8217; <b>estat h\u00eddric<\/b> i el <b>metabolisme i mobilitzaci\u00f3 de carbohidrats<\/b> cap als \u00f2rgans productius, en funci\u00f3 del moment fenol\u00f2gic i del programa aplicat.<\/p>\n<p>A m\u00e9s, es pot integrar en pautes orientades a sostenir el rendiment i la qualitat comercial del fruit, ajudant a estabilitzar la resposta del cultiu en etapes d&#8217;alta demanda i facilitant una evoluci\u00f3 m\u00e9s homog\u00e8nia del desenvolupament del fruit dins el maneig nutricional i fisiol\u00f2gic.<\/p>\n<p>En aplicacions al s\u00f2l o via reg, <strong>AGROLARIX\u00ae<\/strong> s&#8217;incorpora com a eina complement\u00e0ria del programa, mantenint la recomanaci\u00f3 d&#8217;adaptar-ne l&#8217;\u00fas al cultiu ia l&#8217;objectiu agron\u00f2mic, i respectant les condicions d&#8217;aplicaci\u00f3 i compatibilitats indicades.<\/p>\n<h3>Per qu\u00e8 escollir Agrolarix?<\/h3>\n<ul>\n<li><b>Recolzeu la toler\u00e0ncia a l&#8217;estr\u00e8s abi\u00f2tic<\/b> i l&#8217;efici\u00e8ncia en l&#8217;\u00fas de nutrients.<\/li>\n<li><b>Millora l&#8217;estat h\u00eddric<\/b> en fulles i arrels, contribuint a una millor resposta del cultiu davant d&#8217;estr\u00e8s.<\/li>\n<li><b>Augmenta el contingut de clorofil\u00b7la i l&#8217;activitat fotosint\u00e8tica<\/b> en floraci\u00f3.<\/li>\n<li><b>Afavoreix una mobilitzaci\u00f3 eficient de carbohidrats<\/b> cap a \u00f2rgans productius (gesti\u00f3\/distribuci\u00f3 de fotoassimilats).<\/li>\n<li><b>Modula el perfil hormonal<\/b> (ABA, jasmonat, salic\u00edlic i indolac\u00e8tic) i recolza el metabolisme i nivell defensiu de la planta.<\/li>\n<li><b>Resultats agron\u00f2mics en assaigs<\/b> : millora de <b>rendiment<\/b> , <b>precocitat<\/b> , <b>calibre\/coloraci\u00f3<\/b> i <b>rendibilitat<\/b> segons cultiu i dosi.<\/li>\n<\/ul>\n<h3>Aplicaci\u00f3<\/h3>\n<p><strong>AGROLARIX\u00ae<\/strong> presenta una <strong>\u00e0mplia possibilitat d&#8217;aplicacions<\/strong> , incloent cultius de fruites, oliveres, hort\u00edcoles, vinya i ra\u00efm de taula, cultius industrials, cultius tropicals i semitropicals, gespa de jard\u00ed i esportiu, plantes ornamentals, llavors i pl\u00e0ntules, segons els objectius desitjats.<\/p>\n<h4>Recomanacions d\u00fas<\/h4>\n<p><strong>AGROLARIX\u00ae<\/strong> s&#8217;aplica adaptant la dosi i el moment d&#8217;aplicaci\u00f3 als objectius desitjats i al tipus de cultiu, tant en aplicacions foliars com a terra. El producte es pot barrejar amb altres ingredients actius i nutrients. <\/p>\n<h3>Observacions<\/h3>\n<p>No tracteu amb temperatures superiors a 30 \u00baC. No ho barregeu amb productes a base d&#8217;estany ni olis minerals. <\/p>\n","protected":false},"excerpt":{"rendered":"<p>Producte dissenyat per donar suport al desenvolupa\u2026<\/p>\n","protected":false},"featured_media":6416,"comment_status":"closed","ping_status":"closed","template":"","meta":{"_acf_changed":false,"_joinchat":[]},"certificacion":[367,370],"cultivo":[483,547,484,481,546,545,548,482],"product_brand":[],"product_cat":[415],"product_tag":[],"class_list":{"0":"post-7588","1":"product","2":"type-product","3":"status-publish","4":"has-post-thumbnail","6":"certificacion-biologic","7":"certificacion-residu-zero","8":"cultivo-cereals","9":"cultivo-citrics","10":"cultivo-cultius-industrials","11":"cultivo-fruiters","12":"cultivo-fruiters-de-llavor","13":"cultivo-fruiters-de-pinyol","14":"cultivo-fruits-secs","15":"cultivo-horticoles","16":"product_cat-regulador-de-creixement","18":"first","19":"instock","20":"shipping-taxable","21":"product-type-simple"},"acf":[],"yoast_head":"<!-- This site is optimized with the Yoast SEO plugin v27.1.1 - https:\/\/yoast.com\/product\/yoast-seo-wordpress\/ -->\n<title>Agrolarix\u00ae - Agrolac<\/title>\n<meta name=\"description\" content=\"Agrolarix\u00ae \u00e9s un bioestimulant encapsulat (DHQ) d&#039;origen vegetal per donar suport a toler\u00e0ncia a l&#039;estr\u00e8s abi\u00f2tic i fases com floraci\u00f3, quallat i maduraci\u00f3.\" \/>\n<meta name=\"robots\" content=\"index, follow, max-snippet:-1, max-image-preview:large, max-video-preview:-1\" \/>\n<link rel=\"canonical\" href=\"https:\/\/www.agrolac.com\/ca\/producto\/agrolarix\/\" \/>\n<meta property=\"og:locale\" content=\"ca_ES\" \/>\n<meta property=\"og:type\" content=\"article\" \/>\n<meta property=\"og:title\" content=\"Agrolarix\u00ae - Agrolac\" \/>\n<meta property=\"og:description\" content=\"Agrolarix\u00ae \u00e9s un bioestimulant encapsulat (DHQ) d&#039;origen vegetal per donar suport a toler\u00e0ncia a l&#039;estr\u00e8s abi\u00f2tic i fases com floraci\u00f3, quallat i maduraci\u00f3.\" \/>\n<meta property=\"og:url\" content=\"https:\/\/www.agrolac.com\/ca\/producto\/agrolarix\/\" \/>\n<meta property=\"og:site_name\" content=\"Agrolac\" \/>\n<meta property=\"article:modified_time\" content=\"2026-03-09T14:28:14+00:00\" \/>\n<meta property=\"og:image\" content=\"https:\/\/www.agrolac.com\/wp-content\/uploads\/2026\/01\/limonero-detalle.webp\" \/>\n\t<meta property=\"og:image:width\" content=\"1920\" \/>\n\t<meta property=\"og:image:height\" content=\"1080\" \/>\n\t<meta property=\"og:image:type\" content=\"image\/webp\" \/>\n<meta name=\"twitter:card\" content=\"summary_large_image\" \/>\n<meta name=\"twitter:label1\" content=\"Est. reading time\" \/>\n\t<meta name=\"twitter:data1\" content=\"2 minut\" \/>\n<script type=\"application\/ld+json\" class=\"yoast-schema-graph\">{\"@context\":\"https:\/\/schema.org\",\"@graph\":[{\"@type\":\"WebPage\",\"@id\":\"https:\/\/www.agrolac.com\/ca\/producto\/agrolarix\/\",\"url\":\"https:\/\/www.agrolac.com\/ca\/producto\/agrolarix\/\",\"name\":\"Agrolarix\u00ae - Agrolac\",\"isPartOf\":{\"@id\":\"https:\/\/www.agrolac.com\/ca\/#website\"},\"primaryImageOfPage\":{\"@id\":\"https:\/\/www.agrolac.com\/ca\/producto\/agrolarix\/#primaryimage\"},\"image\":{\"@id\":\"https:\/\/www.agrolac.com\/ca\/producto\/agrolarix\/#primaryimage\"},\"thumbnailUrl\":\"https:\/\/www.agrolac.com\/wp-content\/uploads\/2026\/01\/limonero-detalle.webp\",\"datePublished\":\"2026-01-08T21:39:57+00:00\",\"dateModified\":\"2026-03-09T14:28:14+00:00\",\"description\":\"Agrolarix\u00ae \u00e9s un bioestimulant encapsulat (DHQ) d'origen vegetal per donar suport a toler\u00e0ncia a l'estr\u00e8s abi\u00f2tic i fases com floraci\u00f3, quallat i maduraci\u00f3.\",\"breadcrumb\":{\"@id\":\"https:\/\/www.agrolac.com\/ca\/producto\/agrolarix\/#breadcrumb\"},\"inLanguage\":\"ca\",\"potentialAction\":[{\"@type\":\"ReadAction\",\"target\":[\"https:\/\/www.agrolac.com\/ca\/producto\/agrolarix\/\"]}]},{\"@type\":\"ImageObject\",\"inLanguage\":\"ca\",\"@id\":\"https:\/\/www.agrolac.com\/ca\/producto\/agrolarix\/#primaryimage\",\"url\":\"https:\/\/www.agrolac.com\/wp-content\/uploads\/2026\/01\/limonero-detalle.webp\",\"contentUrl\":\"https:\/\/www.agrolac.com\/wp-content\/uploads\/2026\/01\/limonero-detalle.webp\",\"width\":1920,\"height\":1080},{\"@type\":\"BreadcrumbList\",\"@id\":\"https:\/\/www.agrolac.com\/ca\/producto\/agrolarix\/#breadcrumb\",\"itemListElement\":[{\"@type\":\"ListItem\",\"position\":1,\"name\":\"Inici\",\"item\":\"https:\/\/www.agrolac.com\/ca\/inici\/\"},{\"@type\":\"ListItem\",\"position\":2,\"name\":\"Productes\",\"item\":\"https:\/\/www.agrolac.com\/ca\/productes\/\"},{\"@type\":\"ListItem\",\"position\":3,\"name\":\"Regulador de creixement\",\"item\":\"https:\/\/www.agrolac.com\/ca\/categoria-producto\/regulador-de-creixement\/\"},{\"@type\":\"ListItem\",\"position\":4,\"name\":\"Agrolarix\u00ae\"}]},{\"@type\":\"WebSite\",\"@id\":\"https:\/\/www.agrolac.com\/ca\/#website\",\"url\":\"https:\/\/www.agrolac.com\/ca\/\",\"name\":\"VICORQUIMIA\",\"description\":\"Agrolac \u00e9s una empresa de Barcelona, fundada el 1982, especialitzada en distribuci\u00f3 de productes agroqu\u00edmics per a l&#039;agricultura europea.\",\"publisher\":{\"@id\":\"https:\/\/www.agrolac.com\/ca\/#organization\"},\"potentialAction\":[{\"@type\":\"SearchAction\",\"target\":{\"@type\":\"EntryPoint\",\"urlTemplate\":\"https:\/\/www.agrolac.com\/ca\/?s={search_term_string}\"},\"query-input\":{\"@type\":\"PropertyValueSpecification\",\"valueRequired\":true,\"valueName\":\"search_term_string\"}}],\"inLanguage\":\"ca\"},{\"@type\":\"Organization\",\"@id\":\"https:\/\/www.agrolac.com\/ca\/#organization\",\"name\":\"VICORQUIMIA\",\"url\":\"https:\/\/www.agrolac.com\/ca\/\",\"logo\":{\"@type\":\"ImageObject\",\"inLanguage\":\"ca\",\"@id\":\"https:\/\/www.agrolac.com\/ca\/#\/schema\/logo\/image\/\",\"url\":\"https:\/\/www.agrolac.com\/wp-content\/uploads\/2025\/10\/agrolac-logo.svg\",\"contentUrl\":\"https:\/\/www.agrolac.com\/wp-content\/uploads\/2025\/10\/agrolac-logo.svg\",\"caption\":\"VICORQUIMIA\"},\"image\":{\"@id\":\"https:\/\/www.agrolac.com\/ca\/#\/schema\/logo\/image\/\"},\"sameAs\":[\"https:\/\/www.linkedin.com\/company\/vicorquimia\/\"]}]}<\/script>\n<!-- \/ Yoast SEO plugin. -->","yoast_head_json":{"title":"Agrolarix\u00ae - Agrolac","description":"Agrolarix\u00ae \u00e9s un bioestimulant encapsulat (DHQ) d'origen vegetal per donar suport a toler\u00e0ncia a l'estr\u00e8s abi\u00f2tic i fases com floraci\u00f3, quallat i maduraci\u00f3.","robots":{"index":"index","follow":"follow","max-snippet":"max-snippet:-1","max-image-preview":"max-image-preview:large","max-video-preview":"max-video-preview:-1"},"canonical":"https:\/\/www.agrolac.com\/ca\/producto\/agrolarix\/","og_locale":"ca_ES","og_type":"article","og_title":"Agrolarix\u00ae - Agrolac","og_description":"Agrolarix\u00ae \u00e9s un bioestimulant encapsulat (DHQ) d'origen vegetal per donar suport a toler\u00e0ncia a l'estr\u00e8s abi\u00f2tic i fases com floraci\u00f3, quallat i maduraci\u00f3.","og_url":"https:\/\/www.agrolac.com\/ca\/producto\/agrolarix\/","og_site_name":"Agrolac","article_modified_time":"2026-03-09T14:28:14+00:00","og_image":[{"width":1920,"height":1080,"url":"https:\/\/www.agrolac.com\/wp-content\/uploads\/2026\/01\/limonero-detalle.webp","type":"image\/webp"}],"twitter_card":"summary_large_image","twitter_misc":{"Est. reading time":"2 minut"},"schema":{"@context":"https:\/\/schema.org","@graph":[{"@type":"WebPage","@id":"https:\/\/www.agrolac.com\/ca\/producto\/agrolarix\/","url":"https:\/\/www.agrolac.com\/ca\/producto\/agrolarix\/","name":"Agrolarix\u00ae - Agrolac","isPartOf":{"@id":"https:\/\/www.agrolac.com\/ca\/#website"},"primaryImageOfPage":{"@id":"https:\/\/www.agrolac.com\/ca\/producto\/agrolarix\/#primaryimage"},"image":{"@id":"https:\/\/www.agrolac.com\/ca\/producto\/agrolarix\/#primaryimage"},"thumbnailUrl":"https:\/\/www.agrolac.com\/wp-content\/uploads\/2026\/01\/limonero-detalle.webp","datePublished":"2026-01-08T21:39:57+00:00","dateModified":"2026-03-09T14:28:14+00:00","description":"Agrolarix\u00ae \u00e9s un bioestimulant encapsulat (DHQ) d'origen vegetal per donar suport a toler\u00e0ncia a l'estr\u00e8s abi\u00f2tic i fases com floraci\u00f3, quallat i maduraci\u00f3.","breadcrumb":{"@id":"https:\/\/www.agrolac.com\/ca\/producto\/agrolarix\/#breadcrumb"},"inLanguage":"ca","potentialAction":[{"@type":"ReadAction","target":["https:\/\/www.agrolac.com\/ca\/producto\/agrolarix\/"]}]},{"@type":"ImageObject","inLanguage":"ca","@id":"https:\/\/www.agrolac.com\/ca\/producto\/agrolarix\/#primaryimage","url":"https:\/\/www.agrolac.com\/wp-content\/uploads\/2026\/01\/limonero-detalle.webp","contentUrl":"https:\/\/www.agrolac.com\/wp-content\/uploads\/2026\/01\/limonero-detalle.webp","width":1920,"height":1080},{"@type":"BreadcrumbList","@id":"https:\/\/www.agrolac.com\/ca\/producto\/agrolarix\/#breadcrumb","itemListElement":[{"@type":"ListItem","position":1,"name":"Inici","item":"https:\/\/www.agrolac.com\/ca\/inici\/"},{"@type":"ListItem","position":2,"name":"Productes","item":"https:\/\/www.agrolac.com\/ca\/productes\/"},{"@type":"ListItem","position":3,"name":"Regulador de creixement","item":"https:\/\/www.agrolac.com\/ca\/categoria-producto\/regulador-de-creixement\/"},{"@type":"ListItem","position":4,"name":"Agrolarix\u00ae"}]},{"@type":"WebSite","@id":"https:\/\/www.agrolac.com\/ca\/#website","url":"https:\/\/www.agrolac.com\/ca\/","name":"VICORQUIMIA","description":"Agrolac \u00e9s una empresa de Barcelona, fundada el 1982, especialitzada en distribuci\u00f3 de productes agroqu\u00edmics per a l&#039;agricultura europea.","publisher":{"@id":"https:\/\/www.agrolac.com\/ca\/#organization"},"potentialAction":[{"@type":"SearchAction","target":{"@type":"EntryPoint","urlTemplate":"https:\/\/www.agrolac.com\/ca\/?s={search_term_string}"},"query-input":{"@type":"PropertyValueSpecification","valueRequired":true,"valueName":"search_term_string"}}],"inLanguage":"ca"},{"@type":"Organization","@id":"https:\/\/www.agrolac.com\/ca\/#organization","name":"VICORQUIMIA","url":"https:\/\/www.agrolac.com\/ca\/","logo":{"@type":"ImageObject","inLanguage":"ca","@id":"https:\/\/www.agrolac.com\/ca\/#\/schema\/logo\/image\/","url":"https:\/\/www.agrolac.com\/wp-content\/uploads\/2025\/10\/agrolac-logo.svg","contentUrl":"https:\/\/www.agrolac.com\/wp-content\/uploads\/2025\/10\/agrolac-logo.svg","caption":"VICORQUIMIA"},"image":{"@id":"https:\/\/www.agrolac.com\/ca\/#\/schema\/logo\/image\/"},"sameAs":["https:\/\/www.linkedin.com\/company\/vicorquimia\/"]}]}},"_links":{"self":[{"href":"https:\/\/www.agrolac.com\/ca\/wp-json\/wp\/v2\/product\/7588","targetHints":{"allow":["GET"]}}],"collection":[{"href":"https:\/\/www.agrolac.com\/ca\/wp-json\/wp\/v2\/product"}],"about":[{"href":"https:\/\/www.agrolac.com\/ca\/wp-json\/wp\/v2\/types\/product"}],"replies":[{"embeddable":true,"href":"https:\/\/www.agrolac.com\/ca\/wp-json\/wp\/v2\/comments?post=7588"}],"wp:featuredmedia":[{"embeddable":true,"href":"https:\/\/www.agrolac.com\/ca\/wp-json\/wp\/v2\/media\/6416"}],"wp:attachment":[{"href":"https:\/\/www.agrolac.com\/ca\/wp-json\/wp\/v2\/media?parent=7588"}],"wp:term":[{"taxonomy":"certificacion","embeddable":true,"href":"https:\/\/www.agrolac.com\/ca\/wp-json\/wp\/v2\/certificacion?post=7588"},{"taxonomy":"cultivo","embeddable":true,"href":"https:\/\/www.agrolac.com\/ca\/wp-json\/wp\/v2\/cultivo?post=7588"},{"taxonomy":"product_brand","embeddable":true,"href":"https:\/\/www.agrolac.com\/ca\/wp-json\/wp\/v2\/product_brand?post=7588"},{"taxonomy":"product_cat","embeddable":true,"href":"https:\/\/www.agrolac.com\/ca\/wp-json\/wp\/v2\/product_cat?post=7588"},{"taxonomy":"product_tag","embeddable":true,"href":"https:\/\/www.agrolac.com\/ca\/wp-json\/wp\/v2\/product_tag?post=7588"}],"curies":[{"name":"wp","href":"https:\/\/api.w.org\/{rel}","templated":true}]}}