{"id":7338,"date":"2025-10-09T11:09:15","date_gmt":"2025-10-09T09:09:15","guid":{"rendered":"https:\/\/www.agrolac.com\/producto\/glyfoon\/"},"modified":"2026-03-02T19:19:50","modified_gmt":"2026-03-02T18:19:50","slug":"glyfoon","status":"publish","type":"product","link":"https:\/\/www.agrolac.com\/ca\/producto\/glyfoon\/","title":{"rendered":"GLYFOON\u00ae"},"content":{"rendered":"<h2>GLYFOON\u00ae<\/h2>\n<p><strong>GLYFOON\u00ae<\/strong> \u00e9s un herbicida <strong>sist\u00e8mic, no selectiu i d&#8217;acci\u00f3 foliar<\/strong> , formulat com a <strong>Concentrat Soluble (SL)<\/strong> , a base de <strong>glifosat (sal isopropilamina) 36% p\/v (360 g\/L)<\/strong> , indicat per al <strong>control en post-emerg\u00e8ncia<\/strong> de males herbes <strong>gram\u00ednies i de males herbes gram\u00ednies<\/strong> <strong>.<\/strong><\/p>\n<p>Despr\u00e9s de l&#8217;aplicaci\u00f3, el producte \u00e9s <strong>absorbit per les fulles<\/strong> i es <strong>transloca cap a arrels i \u00f2rgans de reserva<\/strong> , on exerceix la seva acci\u00f3 herbicida. A terra <strong>s&#8217;inactiva<\/strong> , per la qual cosa <strong>no presenta efecte residual<\/strong> . <\/p>\n<p>GLYFOON\u00ae es pot utilitzar en <strong>canals de reg, cultius herbacis i llenyosos, l\u00edmits i praderies<\/strong> , ajustant la dosi i la t\u00e8cnica d&#8217;aplicaci\u00f3 segons el tipus de males herbes i les condicions del tractament.<\/p>\n<h3>\u00c0mbits d\u00fas i dosis orientatives (segons etiqueta)<\/h3>\n<ul>\n<li><strong>Canals de reg:<\/strong> 3\u201310 L\/ha.<\/li>\n<li><strong>Herb\u00e0cies extensives i intensives:<\/strong> 1,5\u20136 L\/ha.<\/li>\n<li><strong>Llenyoses:<\/strong> 3\u20136 L\/ha (dolentes herbes anuals) i 6\u201310 L\/ha (dolentes herbes plurianuals).<\/li>\n<li><strong>Linderos:<\/strong> 3\u201310 L\/ha.<\/li>\n<li><strong>Praderies de sembra i praderies naturals:<\/strong> 3\u201310 L\/ha.<\/li>\n<\/ul>\n<h3>Aplicaci\u00f3<\/h3>\n<p>Tractaments herbicides contra males herbes en <strong>post-emerg\u00e8ncia<\/strong> de les mateixes. Ajustar <strong>dosis, volum de brou i t\u00e8cnica aplicable<\/strong> a les condicions del tractament ia l&#8217;equip utilitzat, respectant sempre les indicacions de l&#8217;etiqueta. <\/p>\n<h3>Seguretat i observacions<\/h3>\n<ul>\n<li>Durant l&#8217;aplicaci\u00f3 amb tractor amb cabina tancada i dispositiu de filtrat d&#8217;aire, es pot prescindir de l&#8217;equip de protecci\u00f3, sempre que es mantinguin les finestres tancades.<\/li>\n<li><strong>No entreu al cultiu fins que el producte estigui sec.<\/strong><\/li>\n<li><strong>Termini de seguretat:<\/strong> no escau.<\/li>\n<\/ul>\n<h3>Advert\u00e8ncia<\/h3>\n<p>Les recomanacions i informaci\u00f3 facilitades es basen en estudis i assaigs. En la utilitzaci\u00f3 poden intervenir factors fora del control del fabricant (preparaci\u00f3 de barreges, aplicaci\u00f3, climatologia, etc.). La companyia garanteix la composici\u00f3, formulaci\u00f3 i contingut del producte. L&#8217;usuari ser\u00e0 responsable dels danys causats per la inobservan\u00e7a total o parcial de les instruccions de l&#8217;etiqueta.   <\/p>\n","protected":false},"excerpt":{"rendered":"<p>Herbicida sist\u00e8mic de postemerg\u00e8ncia d&#8217;ampli espec\u2026<\/p>\n","protected":false},"featured_media":4909,"comment_status":"closed","ping_status":"closed","template":"","meta":{"_acf_changed":false,"_joinchat":[]},"certificacion":[],"cultivo":[483,484,1139,481,548,482,1075,1401,1138,1074],"product_brand":[],"product_cat":[405],"product_tag":[],"class_list":{"0":"post-7338","1":"product","2":"type-product","3":"status-publish","4":"has-post-thumbnail","6":"cultivo-cereals","7":"cultivo-cultius-industrials","8":"cultivo-farratges-i-praderies","9":"cultivo-fruiters","10":"cultivo-fruits-secs","11":"cultivo-horticoles","12":"cultivo-olivera","13":"cultivo-ornamentals-i-vivers","14":"cultivo-tropicals-subtropicals","15":"cultivo-videu","16":"product_cat-herbicides","18":"first","19":"instock","20":"shipping-taxable","21":"purchasable","22":"product-type-simple"},"acf":[],"yoast_head":"<!-- This site is optimized with the Yoast SEO plugin v27.1.1 - https:\/\/yoast.com\/product\/yoast-seo-wordpress\/ -->\n<title>GLYFOON\u00ae | Herbicida glifosat 360 g\/L (SL) no selectiu - Agrolac<\/title>\n<meta name=\"description\" content=\"Herbicida sist\u00e8mic no selectiu (SL) a base de glifosat 360 g\/L. Control en post-emerg\u00e8ncia de males herbes anuals i plurianuals. \u00das professional.\" \/>\n<meta name=\"robots\" content=\"index, follow, max-snippet:-1, max-image-preview:large, max-video-preview:-1\" \/>\n<link rel=\"canonical\" href=\"https:\/\/www.agrolac.com\/ca\/producto\/glyfoon\/\" \/>\n<meta property=\"og:locale\" content=\"ca_ES\" \/>\n<meta property=\"og:type\" content=\"article\" \/>\n<meta property=\"og:title\" content=\"GLYFOON\u00ae | Herbicida glifosat 360 g\/L (SL) no selectiu - Agrolac\" \/>\n<meta property=\"og:description\" content=\"Herbicida sist\u00e8mic no selectiu (SL) a base de glifosat 360 g\/L. Control en post-emerg\u00e8ncia de males herbes anuals i plurianuals. \u00das professional.\" \/>\n<meta property=\"og:url\" content=\"https:\/\/www.agrolac.com\/ca\/producto\/glyfoon\/\" \/>\n<meta property=\"og:site_name\" content=\"Agrolac\" \/>\n<meta property=\"article:modified_time\" content=\"2026-03-02T18:19:50+00:00\" \/>\n<meta property=\"og:image\" content=\"https:\/\/www.agrolac.com\/wp-content\/uploads\/2025\/10\/olivar-herbicidas.webp\" \/>\n\t<meta property=\"og:image:width\" content=\"1920\" \/>\n\t<meta property=\"og:image:height\" content=\"1275\" \/>\n\t<meta property=\"og:image:type\" content=\"image\/webp\" \/>\n<meta name=\"twitter:card\" content=\"summary_large_image\" \/>\n<meta name=\"twitter:label1\" content=\"Est. reading time\" \/>\n\t<meta name=\"twitter:data1\" content=\"1 minut\" \/>\n<script type=\"application\/ld+json\" class=\"yoast-schema-graph\">{\"@context\":\"https:\/\/schema.org\",\"@graph\":[{\"@type\":\"WebPage\",\"@id\":\"https:\/\/www.agrolac.com\/ca\/producto\/glyfoon\/\",\"url\":\"https:\/\/www.agrolac.com\/ca\/producto\/glyfoon\/\",\"name\":\"GLYFOON\u00ae | Herbicida glifosat 360 g\/L (SL) no selectiu - Agrolac\",\"isPartOf\":{\"@id\":\"https:\/\/www.agrolac.com\/ca\/#website\"},\"primaryImageOfPage\":{\"@id\":\"https:\/\/www.agrolac.com\/ca\/producto\/glyfoon\/#primaryimage\"},\"image\":{\"@id\":\"https:\/\/www.agrolac.com\/ca\/producto\/glyfoon\/#primaryimage\"},\"thumbnailUrl\":\"https:\/\/www.agrolac.com\/wp-content\/uploads\/2025\/10\/olivar-herbicidas.webp\",\"datePublished\":\"2025-10-09T09:09:15+00:00\",\"dateModified\":\"2026-03-02T18:19:50+00:00\",\"description\":\"Herbicida sist\u00e8mic no selectiu (SL) a base de glifosat 360 g\/L. Control en post-emerg\u00e8ncia de males herbes anuals i plurianuals. \u00das professional.\",\"breadcrumb\":{\"@id\":\"https:\/\/www.agrolac.com\/ca\/producto\/glyfoon\/#breadcrumb\"},\"inLanguage\":\"ca\",\"potentialAction\":[{\"@type\":\"ReadAction\",\"target\":[\"https:\/\/www.agrolac.com\/ca\/producto\/glyfoon\/\"]}]},{\"@type\":\"ImageObject\",\"inLanguage\":\"ca\",\"@id\":\"https:\/\/www.agrolac.com\/ca\/producto\/glyfoon\/#primaryimage\",\"url\":\"https:\/\/www.agrolac.com\/wp-content\/uploads\/2025\/10\/olivar-herbicidas.webp\",\"contentUrl\":\"https:\/\/www.agrolac.com\/wp-content\/uploads\/2025\/10\/olivar-herbicidas.webp\",\"width\":1920,\"height\":1275},{\"@type\":\"BreadcrumbList\",\"@id\":\"https:\/\/www.agrolac.com\/ca\/producto\/glyfoon\/#breadcrumb\",\"itemListElement\":[{\"@type\":\"ListItem\",\"position\":1,\"name\":\"Inici\",\"item\":\"https:\/\/www.agrolac.com\/ca\/inici\/\"},{\"@type\":\"ListItem\",\"position\":2,\"name\":\"Productes\",\"item\":\"https:\/\/www.agrolac.com\/ca\/productes\/\"},{\"@type\":\"ListItem\",\"position\":3,\"name\":\"Herbicides\",\"item\":\"https:\/\/www.agrolac.com\/ca\/categoria-producto\/herbicides\/\"},{\"@type\":\"ListItem\",\"position\":4,\"name\":\"GLYFOON\u00ae\"}]},{\"@type\":\"WebSite\",\"@id\":\"https:\/\/www.agrolac.com\/ca\/#website\",\"url\":\"https:\/\/www.agrolac.com\/ca\/\",\"name\":\"VICORQUIMIA\",\"description\":\"Agrolac \u00e9s una empresa de Barcelona, fundada el 1982, especialitzada en distribuci\u00f3 de productes agroqu\u00edmics per a l&#039;agricultura europea.\",\"publisher\":{\"@id\":\"https:\/\/www.agrolac.com\/ca\/#organization\"},\"potentialAction\":[{\"@type\":\"SearchAction\",\"target\":{\"@type\":\"EntryPoint\",\"urlTemplate\":\"https:\/\/www.agrolac.com\/ca\/?s={search_term_string}\"},\"query-input\":{\"@type\":\"PropertyValueSpecification\",\"valueRequired\":true,\"valueName\":\"search_term_string\"}}],\"inLanguage\":\"ca\"},{\"@type\":\"Organization\",\"@id\":\"https:\/\/www.agrolac.com\/ca\/#organization\",\"name\":\"VICORQUIMIA\",\"url\":\"https:\/\/www.agrolac.com\/ca\/\",\"logo\":{\"@type\":\"ImageObject\",\"inLanguage\":\"ca\",\"@id\":\"https:\/\/www.agrolac.com\/ca\/#\/schema\/logo\/image\/\",\"url\":\"https:\/\/www.agrolac.com\/wp-content\/uploads\/2025\/10\/agrolac-logo.svg\",\"contentUrl\":\"https:\/\/www.agrolac.com\/wp-content\/uploads\/2025\/10\/agrolac-logo.svg\",\"caption\":\"VICORQUIMIA\"},\"image\":{\"@id\":\"https:\/\/www.agrolac.com\/ca\/#\/schema\/logo\/image\/\"},\"sameAs\":[\"https:\/\/www.linkedin.com\/company\/vicorquimia\/\"]}]}<\/script>\n<!-- \/ Yoast SEO plugin. -->","yoast_head_json":{"title":"GLYFOON\u00ae | Herbicida glifosat 360 g\/L (SL) no selectiu - Agrolac","description":"Herbicida sist\u00e8mic no selectiu (SL) a base de glifosat 360 g\/L. Control en post-emerg\u00e8ncia de males herbes anuals i plurianuals. \u00das professional.","robots":{"index":"index","follow":"follow","max-snippet":"max-snippet:-1","max-image-preview":"max-image-preview:large","max-video-preview":"max-video-preview:-1"},"canonical":"https:\/\/www.agrolac.com\/ca\/producto\/glyfoon\/","og_locale":"ca_ES","og_type":"article","og_title":"GLYFOON\u00ae | Herbicida glifosat 360 g\/L (SL) no selectiu - Agrolac","og_description":"Herbicida sist\u00e8mic no selectiu (SL) a base de glifosat 360 g\/L. Control en post-emerg\u00e8ncia de males herbes anuals i plurianuals. \u00das professional.","og_url":"https:\/\/www.agrolac.com\/ca\/producto\/glyfoon\/","og_site_name":"Agrolac","article_modified_time":"2026-03-02T18:19:50+00:00","og_image":[{"width":1920,"height":1275,"url":"https:\/\/www.agrolac.com\/wp-content\/uploads\/2025\/10\/olivar-herbicidas.webp","type":"image\/webp"}],"twitter_card":"summary_large_image","twitter_misc":{"Est. reading time":"1 minut"},"schema":{"@context":"https:\/\/schema.org","@graph":[{"@type":"WebPage","@id":"https:\/\/www.agrolac.com\/ca\/producto\/glyfoon\/","url":"https:\/\/www.agrolac.com\/ca\/producto\/glyfoon\/","name":"GLYFOON\u00ae | Herbicida glifosat 360 g\/L (SL) no selectiu - Agrolac","isPartOf":{"@id":"https:\/\/www.agrolac.com\/ca\/#website"},"primaryImageOfPage":{"@id":"https:\/\/www.agrolac.com\/ca\/producto\/glyfoon\/#primaryimage"},"image":{"@id":"https:\/\/www.agrolac.com\/ca\/producto\/glyfoon\/#primaryimage"},"thumbnailUrl":"https:\/\/www.agrolac.com\/wp-content\/uploads\/2025\/10\/olivar-herbicidas.webp","datePublished":"2025-10-09T09:09:15+00:00","dateModified":"2026-03-02T18:19:50+00:00","description":"Herbicida sist\u00e8mic no selectiu (SL) a base de glifosat 360 g\/L. Control en post-emerg\u00e8ncia de males herbes anuals i plurianuals. \u00das professional.","breadcrumb":{"@id":"https:\/\/www.agrolac.com\/ca\/producto\/glyfoon\/#breadcrumb"},"inLanguage":"ca","potentialAction":[{"@type":"ReadAction","target":["https:\/\/www.agrolac.com\/ca\/producto\/glyfoon\/"]}]},{"@type":"ImageObject","inLanguage":"ca","@id":"https:\/\/www.agrolac.com\/ca\/producto\/glyfoon\/#primaryimage","url":"https:\/\/www.agrolac.com\/wp-content\/uploads\/2025\/10\/olivar-herbicidas.webp","contentUrl":"https:\/\/www.agrolac.com\/wp-content\/uploads\/2025\/10\/olivar-herbicidas.webp","width":1920,"height":1275},{"@type":"BreadcrumbList","@id":"https:\/\/www.agrolac.com\/ca\/producto\/glyfoon\/#breadcrumb","itemListElement":[{"@type":"ListItem","position":1,"name":"Inici","item":"https:\/\/www.agrolac.com\/ca\/inici\/"},{"@type":"ListItem","position":2,"name":"Productes","item":"https:\/\/www.agrolac.com\/ca\/productes\/"},{"@type":"ListItem","position":3,"name":"Herbicides","item":"https:\/\/www.agrolac.com\/ca\/categoria-producto\/herbicides\/"},{"@type":"ListItem","position":4,"name":"GLYFOON\u00ae"}]},{"@type":"WebSite","@id":"https:\/\/www.agrolac.com\/ca\/#website","url":"https:\/\/www.agrolac.com\/ca\/","name":"VICORQUIMIA","description":"Agrolac \u00e9s una empresa de Barcelona, fundada el 1982, especialitzada en distribuci\u00f3 de productes agroqu\u00edmics per a l&#039;agricultura europea.","publisher":{"@id":"https:\/\/www.agrolac.com\/ca\/#organization"},"potentialAction":[{"@type":"SearchAction","target":{"@type":"EntryPoint","urlTemplate":"https:\/\/www.agrolac.com\/ca\/?s={search_term_string}"},"query-input":{"@type":"PropertyValueSpecification","valueRequired":true,"valueName":"search_term_string"}}],"inLanguage":"ca"},{"@type":"Organization","@id":"https:\/\/www.agrolac.com\/ca\/#organization","name":"VICORQUIMIA","url":"https:\/\/www.agrolac.com\/ca\/","logo":{"@type":"ImageObject","inLanguage":"ca","@id":"https:\/\/www.agrolac.com\/ca\/#\/schema\/logo\/image\/","url":"https:\/\/www.agrolac.com\/wp-content\/uploads\/2025\/10\/agrolac-logo.svg","contentUrl":"https:\/\/www.agrolac.com\/wp-content\/uploads\/2025\/10\/agrolac-logo.svg","caption":"VICORQUIMIA"},"image":{"@id":"https:\/\/www.agrolac.com\/ca\/#\/schema\/logo\/image\/"},"sameAs":["https:\/\/www.linkedin.com\/company\/vicorquimia\/"]}]}},"_links":{"self":[{"href":"https:\/\/www.agrolac.com\/ca\/wp-json\/wp\/v2\/product\/7338","targetHints":{"allow":["GET"]}}],"collection":[{"href":"https:\/\/www.agrolac.com\/ca\/wp-json\/wp\/v2\/product"}],"about":[{"href":"https:\/\/www.agrolac.com\/ca\/wp-json\/wp\/v2\/types\/product"}],"replies":[{"embeddable":true,"href":"https:\/\/www.agrolac.com\/ca\/wp-json\/wp\/v2\/comments?post=7338"}],"wp:featuredmedia":[{"embeddable":true,"href":"https:\/\/www.agrolac.com\/ca\/wp-json\/wp\/v2\/media\/4909"}],"wp:attachment":[{"href":"https:\/\/www.agrolac.com\/ca\/wp-json\/wp\/v2\/media?parent=7338"}],"wp:term":[{"taxonomy":"certificacion","embeddable":true,"href":"https:\/\/www.agrolac.com\/ca\/wp-json\/wp\/v2\/certificacion?post=7338"},{"taxonomy":"cultivo","embeddable":true,"href":"https:\/\/www.agrolac.com\/ca\/wp-json\/wp\/v2\/cultivo?post=7338"},{"taxonomy":"product_brand","embeddable":true,"href":"https:\/\/www.agrolac.com\/ca\/wp-json\/wp\/v2\/product_brand?post=7338"},{"taxonomy":"product_cat","embeddable":true,"href":"https:\/\/www.agrolac.com\/ca\/wp-json\/wp\/v2\/product_cat?post=7338"},{"taxonomy":"product_tag","embeddable":true,"href":"https:\/\/www.agrolac.com\/ca\/wp-json\/wp\/v2\/product_tag?post=7338"}],"curies":[{"name":"wp","href":"https:\/\/api.w.org\/{rel}","templated":true}]}}