{"id":7509,"date":"2026-01-04T16:38:25","date_gmt":"2026-01-04T15:38:25","guid":{"rendered":"https:\/\/www.agrolac.com\/suport-tecnic-i-assaigs\/"},"modified":"2026-03-01T11:55:06","modified_gmt":"2026-03-01T10:55:06","slug":"suport-tecnic-i-assaigs","status":"publish","type":"page","link":"https:\/\/www.agrolac.com\/ca\/suport-tecnic-i-assaigs\/","title":{"rendered":"Suport t\u00e8cnic i assaigs"},"content":{"rendered":"\t\t<div data-elementor-type=\"wp-page\" data-elementor-id=\"7509\" class=\"elementor elementor-7509 elementor-5409\" data-elementor-post-type=\"page\">\n\t\t\t\t<div class=\"elementor-element elementor-element-5eb9d5f e-flex e-con-boxed e-con e-parent\" data-id=\"5eb9d5f\" data-element_type=\"container\" data-e-type=\"container\">\n\t\t\t\t\t<div class=\"e-con-inner\">\n\t\t<div class=\"elementor-element elementor-element-31fddbc e-con-full e-flex e-con e-child\" data-id=\"31fddbc\" data-element_type=\"container\" data-e-type=\"container\">\n\t\t\t\t<div class=\"elementor-element elementor-element-77f0610 elementor-widget elementor-widget-heading\" data-id=\"77f0610\" data-element_type=\"widget\" data-e-type=\"widget\" data-widget_type=\"heading.default\">\n\t\t\t\t\t<h3 class=\"elementor-heading-title elementor-size-default\">Decisions agron\u00f2miques amb dades<\/h3>\t\t\t\t<\/div>\n\t\t\t\t<\/div>\n\t\t\t\t\t<\/div>\n\t\t\t\t<\/div>\n\t\t<div class=\"elementor-element elementor-element-969da1d e-flex e-con-boxed e-con e-parent\" data-id=\"969da1d\" data-element_type=\"container\" data-e-type=\"container\">\n\t\t\t\t\t<div class=\"e-con-inner\">\n\t\t\t\t<div class=\"elementor-element elementor-element-d3cf1bc elementor-widget elementor-widget-text-editor\" data-id=\"d3cf1bc\" data-element_type=\"widget\" data-e-type=\"widget\" data-widget_type=\"text-editor.default\">\n\t\t\t\t\t\t\t\t\t<p class=\"p1\">A <strong>Agrolac<\/strong> no recomanem per intu\u00efci\u00f3: cada soluci\u00f3 es valida i s&#8217;ajusta amb assajos i seguiment t\u00e8cnic, per ajudar-te a obtenir resultats consistents i mesurables.<\/p>\t\t\t\t\t\t\t\t<\/div>\n\t\t\t\t\t<\/div>\n\t\t\t\t<\/div>\n\t\t<div class=\"elementor-element elementor-element-b833a13 e-flex e-con-boxed e-con e-parent\" data-id=\"b833a13\" data-element_type=\"container\" data-e-type=\"container\">\n\t\t\t\t\t<div class=\"e-con-inner\">\n\t\t<div class=\"elementor-element elementor-element-42c6c39 e-grid e-con-full e-con e-child\" data-id=\"42c6c39\" data-element_type=\"container\" data-e-type=\"container\">\n\t\t<div class=\"elementor-element elementor-element-17bb5e5 e-con-full e-flex e-con e-child\" data-id=\"17bb5e5\" data-element_type=\"container\" data-e-type=\"container\">\n\t\t\t\t<div class=\"elementor-element elementor-element-6e4571d elementor-widget elementor-widget-image\" data-id=\"6e4571d\" data-element_type=\"widget\" data-e-type=\"widget\" data-widget_type=\"image.default\">\n\t\t\t\t\t\t\t\t\t\t\t\t\t\t\t<img fetchpriority=\"high\" decoding=\"async\" width=\"660\" height=\"540\" src=\"https:\/\/www.agrolac.com\/wp-content\/uploads\/2025\/12\/pages.jpg\" class=\"attachment-large size-large wp-image-5078\" alt=\"\" srcset=\"https:\/\/www.agrolac.com\/wp-content\/uploads\/2025\/12\/pages.jpg 660w, https:\/\/www.agrolac.com\/wp-content\/uploads\/2025\/12\/pages-300x245.jpg 300w, https:\/\/www.agrolac.com\/wp-content\/uploads\/2025\/12\/pages-600x491.jpg 600w\" sizes=\"(max-width: 660px) 100vw, 660px\" \/>\t\t\t\t\t\t\t\t\t\t\t\t\t\t\t<\/div>\n\t\t\t\t<\/div>\n\t\t\t\t<div class=\"elementor-element elementor-element-de16c9b elementor-widget elementor-widget-text-editor\" data-id=\"de16c9b\" data-element_type=\"widget\" data-e-type=\"widget\" data-widget_type=\"text-editor.default\">\n\t\t\t\t\t\t\t\t\t<h4><b>Com validem<\/b><\/h4><p class=\"p1\">Treballem amb <span class=\"s1\"><b>assaigs de camp i hivernacle<\/b><\/span> , dissenyats per mesurar resultats en condicions reals i assegurar que <span class=\"s1\"><b>els productes i les pautes d&#8217;aplicaci\u00f3 que recomanem<\/b><\/span> estan recolzats per evid\u00e8ncia. Per aix\u00f2, combinem: <\/p><ul><li><p class=\"p1\"><span class=\"s1\"><b>Validaci\u00f3 a centres d&#8217;assaig i laboratoris especialitzats<\/b><\/span> , amb protocols d&#8217;avaluaci\u00f3 adaptats a cada cultiu i objectiu.<\/p><\/li><li><p class=\"p1\"><span class=\"s1\"><b>Col\u00b7laboraci\u00f3 amb universitats i equips cient\u00edfics<\/b><\/span> en projectes espec\u00edfics, per contrastar hip\u00f2tesis, millorar formulacions i afinar dosis i moments aplicables.<\/p><\/li><li><p class=\"p1\"><span class=\"s1\"><b>Comparatives amb testimonis i refer\u00e8ncies<\/b><\/span> , registrant variables agron\u00f2miques clau (segons el cas: vigor, arrelament, quallat, sanitat, rendiment i qualitat).<\/p><\/li><li><p class=\"p1\"><span class=\"s1\"><b>Revisi\u00f3 t\u00e8cnica i ajustament de pauta<\/b><\/span> , integrant els resultats amb el context real de maneig (s\u00f2l, clima, varietat i estrat\u00e8gia de l&#8217;agricultor).<\/p><\/li><\/ul>\t\t\t\t\t\t\t\t<\/div>\n\t\t\t\t<\/div>\n\t\t\t\t\t<\/div>\n\t\t\t\t<\/div>\n\t\t<div class=\"elementor-element elementor-element-45af55a e-flex e-con-boxed e-con e-parent\" data-id=\"45af55a\" data-element_type=\"container\" data-e-type=\"container\">\n\t\t\t\t\t<div class=\"e-con-inner\">\n\t\t\t\t<div class=\"elementor-element elementor-element-fdcdad8 elementor-headline--style-highlight elementor-widget elementor-widget-animated-headline\" data-id=\"fdcdad8\" data-element_type=\"widget\" data-e-type=\"widget\" data-settings=\"{&quot;marker&quot;:&quot;underline_zigzag&quot;,&quot;highlighted_text&quot;:&quot;recomanacions clares,  &quot;,&quot;headline_style&quot;:&quot;highlight&quot;,&quot;loop&quot;:&quot;yes&quot;,&quot;highlight_animation_duration&quot;:1200,&quot;highlight_iteration_delay&quot;:8000}\" data-widget_type=\"animated-headline.default\">\n\t\t\t\t\t\t\t<h4 class=\"elementor-headline\">\n\t\t\t\t\t<span class=\"elementor-headline-plain-text elementor-headline-text-wrapper\">\u201cL'objectiu no \u00e9s acumular dades: \u00e9s convertir aquesta validaci\u00f3 a  <\/span>\n\t\t\t\t<span class=\"elementor-headline-dynamic-wrapper elementor-headline-text-wrapper\">\n\t\t\t\t\t<span class=\"elementor-headline-dynamic-text elementor-headline-text-active\">recomanacions clares,  <\/span>\n\t\t\t\t<\/span>\n\t\t\t\t\t<span class=\"elementor-headline-plain-text elementor-headline-text-wrapper\">aplicables i repetibles.\u201d<\/span>\n\t\t\t\t\t<\/h4>\n\t\t\t\t\t\t<\/div>\n\t\t<div class=\"elementor-element elementor-element-78fb924 e-con-full e-flex e-con e-child\" data-id=\"78fb924\" data-element_type=\"container\" data-e-type=\"container\">\n\t\t\t\t<div class=\"elementor-element elementor-element-f2bb6aa elementor-widget elementor-widget-text-editor\" data-id=\"f2bb6aa\" data-element_type=\"widget\" data-e-type=\"widget\" data-widget_type=\"text-editor.default\">\n\t\t\t\t\t\t\t\t\t<h4><b>Qu\u00e8 lliurem al client<\/b><\/h4><p class=\"p3\">El nostre suport est\u00e0 pensat perqu\u00e8 puguis <span class=\"s2\"><b>aplicar, mesurar i optimitzar<\/b><\/span> :<\/p><ul><li><p class=\"p1\"><span class=\"s1\"><b>Recomanaci\u00f3 t\u00e8cnica<\/b><\/span> per cultiu i fase fenol\u00f2gica.<\/p><\/li><li><p class=\"p1\"><span class=\"s1\"><b>Pauta d&#8217;aplicaci\u00f3<\/b><\/span> (dosi, timing, nombre de passades, mescla\/compatibilitats quan apliqui).<\/p><\/li><li><p class=\"p1\"><span class=\"s1\"><b>Pla de seguiment<\/b><\/span> : qu\u00e8 cal observar, quan, i com valorar la resposta.<\/p><\/li><li><p class=\"p1\"><span class=\"s1\"><b>Ajustaments en campanya<\/b><\/span> : refinem l&#8217;estrat\u00e8gia segons el clima, el s\u00f2l i el maneig.<\/p><\/li><li><p class=\"p1\"><span class=\"s1\"><b>Documentaci\u00f3 de suport<\/b><\/span> : fitxa t\u00e8cnica, fitxa de seguretat i guies d&#8217;\u00fas (segons producte\/pa\u00eds).<\/p><\/li><\/ul><h4> <\/h4><h4><b>Com treballem amb tu<\/b><\/h4><ol start=\"1\"><li><p class=\"p1\"><span class=\"s1\"><b>Diagn\u00f2stic inicial<\/b><\/span> (cultiu, objectiu, historial, condicions).<\/p><\/li><li><p class=\"p1\"><span class=\"s1\"><b>Proposta de programa<\/b><\/span> (producte + pauta + criteris d\u00e8xit).<\/p><\/li><li><p class=\"p1\"><span class=\"s1\"><b>Acompanyament<\/b><\/span> (visites\/trucades\/WhatsApp, segons necessitat).<\/p><\/li><li><p class=\"p1\"><span class=\"s1\"><b>Tancament amb conclusions<\/b><\/span> (qu\u00e8 va funcionar, qu\u00e8 millorar i seg\u00fcent pas).<\/p><\/li><\/ol><h4> <\/h4><h4><b>Important<\/b><\/h4><p class=\"p3\">Els resultats poden variar en funci\u00f3 de <span class=\"s2\"><b>clima, s\u00f2l, varietat, pressi\u00f3 de plaga\/malaltia i maneig agron\u00f2mic<\/b><\/span> . Per aix\u00f2, el nostre enfocament prioritza <span class=\"s2\"><b>ladaptaci\u00f3 local<\/b><\/span> i el seguiment t\u00e8cnic per maximitzar la consist\u00e8ncia. <\/p>\t\t\t\t\t\t\t\t<\/div>\n\t\t\t\t<\/div>\n\t\t\t\t\t<\/div>\n\t\t\t\t<\/div>\n\t\t\t\t<\/div>\n\t\t","protected":false},"excerpt":{"rendered":"<p>Decisions agron\u00f2miques amb dades A Agrolac no recomanem per intu\u00efci\u00f3: cada soluci\u00f3 es valida i s&#8217;ajusta amb assajos i seguiment t\u00e8cnic, per ajudar-te a obtenir resultats consistents i mesurables. Com validem Treballem amb assaigs de camp i hivernacle , dissenyats per mesurar resultats en condicions reals i assegurar que els productes i les pautes d&#8217;aplicaci\u00f3 [&hellip;]<\/p>\n","protected":false},"author":2,"featured_media":5102,"parent":0,"menu_order":0,"comment_status":"closed","ping_status":"closed","template":"","meta":{"_acf_changed":false,"_joinchat":[],"footnotes":""},"class_list":["post-7509","page","type-page","status-publish","has-post-thumbnail","hentry"],"acf":[],"yoast_head":"<!-- This site is optimized with the Yoast SEO plugin v27.1.1 - https:\/\/yoast.com\/product\/yoast-seo-wordpress\/ -->\n<title>Suport t\u00e8cnic i assaigs - Agrolac<\/title>\n<meta name=\"description\" content=\"Investiguem i desenvolupem solucions biol\u00f2giques de gamma alta per a una agricultura m\u00e9s neta, segura i sense residus. Projecte AG LifeSolutions.Suport t\u00e8cnic agron\u00f2mic basat en assaigs de camp i hivernacle. Recomanacions, pautes daplicaci\u00f3 i seguiment per optimitzar resultats per cultiu.\" \/>\n<meta name=\"robots\" content=\"index, follow, max-snippet:-1, max-image-preview:large, max-video-preview:-1\" \/>\n<link rel=\"canonical\" href=\"https:\/\/www.agrolac.com\/ca\/suport-tecnic-i-assaigs\/\" \/>\n<meta property=\"og:locale\" content=\"ca_ES\" \/>\n<meta property=\"og:type\" content=\"article\" \/>\n<meta property=\"og:title\" content=\"Suport t\u00e8cnic i assaigs - Agrolac\" \/>\n<meta property=\"og:description\" content=\"Investiguem i desenvolupem solucions biol\u00f2giques de gamma alta per a una agricultura m\u00e9s neta, segura i sense residus. Projecte AG LifeSolutions.Suport t\u00e8cnic agron\u00f2mic basat en assaigs de camp i hivernacle. Recomanacions, pautes daplicaci\u00f3 i seguiment per optimitzar resultats per cultiu.\" \/>\n<meta property=\"og:url\" content=\"https:\/\/www.agrolac.com\/ca\/suport-tecnic-i-assaigs\/\" \/>\n<meta property=\"og:site_name\" content=\"Agrolac\" \/>\n<meta property=\"article:modified_time\" content=\"2026-03-01T10:55:06+00:00\" \/>\n<meta property=\"og:image\" content=\"https:\/\/www.agrolac.com\/wp-content\/uploads\/2025\/12\/background2.3-1.jpg\" \/>\n\t<meta property=\"og:image:width\" content=\"1667\" \/>\n\t<meta property=\"og:image:height\" content=\"572\" \/>\n\t<meta property=\"og:image:type\" content=\"image\/jpeg\" \/>\n<meta name=\"twitter:card\" content=\"summary_large_image\" \/>\n<meta name=\"twitter:label1\" content=\"Est. reading time\" \/>\n\t<meta name=\"twitter:data1\" content=\"2 minut\" \/>\n<script type=\"application\/ld+json\" class=\"yoast-schema-graph\">{\"@context\":\"https:\/\/schema.org\",\"@graph\":[{\"@type\":\"WebPage\",\"@id\":\"https:\/\/www.agrolac.com\/ca\/suport-tecnic-i-assaigs\/\",\"url\":\"https:\/\/www.agrolac.com\/ca\/suport-tecnic-i-assaigs\/\",\"name\":\"Suport t\u00e8cnic i assaigs - Agrolac\",\"isPartOf\":{\"@id\":\"https:\/\/www.agrolac.com\/ca\/#website\"},\"primaryImageOfPage\":{\"@id\":\"https:\/\/www.agrolac.com\/ca\/suport-tecnic-i-assaigs\/#primaryimage\"},\"image\":{\"@id\":\"https:\/\/www.agrolac.com\/ca\/suport-tecnic-i-assaigs\/#primaryimage\"},\"thumbnailUrl\":\"https:\/\/www.agrolac.com\/wp-content\/uploads\/2025\/12\/background2.3-1.jpg\",\"datePublished\":\"2026-01-04T15:38:25+00:00\",\"dateModified\":\"2026-03-01T10:55:06+00:00\",\"description\":\"Investiguem i desenvolupem solucions biol\u00f2giques de gamma alta per a una agricultura m\u00e9s neta, segura i sense residus. Projecte AG LifeSolutions.Suport t\u00e8cnic agron\u00f2mic basat en assaigs de camp i hivernacle. Recomanacions, pautes daplicaci\u00f3 i seguiment per optimitzar resultats per cultiu.\",\"breadcrumb\":{\"@id\":\"https:\/\/www.agrolac.com\/ca\/suport-tecnic-i-assaigs\/#breadcrumb\"},\"inLanguage\":\"ca\",\"potentialAction\":[{\"@type\":\"ReadAction\",\"target\":[\"https:\/\/www.agrolac.com\/ca\/suport-tecnic-i-assaigs\/\"]}]},{\"@type\":\"ImageObject\",\"inLanguage\":\"ca\",\"@id\":\"https:\/\/www.agrolac.com\/ca\/suport-tecnic-i-assaigs\/#primaryimage\",\"url\":\"https:\/\/www.agrolac.com\/wp-content\/uploads\/2025\/12\/background2.3-1.jpg\",\"contentUrl\":\"https:\/\/www.agrolac.com\/wp-content\/uploads\/2025\/12\/background2.3-1.jpg\",\"width\":1667,\"height\":572},{\"@type\":\"BreadcrumbList\",\"@id\":\"https:\/\/www.agrolac.com\/ca\/suport-tecnic-i-assaigs\/#breadcrumb\",\"itemListElement\":[{\"@type\":\"ListItem\",\"position\":1,\"name\":\"Inici\",\"item\":\"https:\/\/www.agrolac.com\/ca\/inici\/\"},{\"@type\":\"ListItem\",\"position\":2,\"name\":\"Suport t\u00e8cnic i assaigs\"}]},{\"@type\":\"WebSite\",\"@id\":\"https:\/\/www.agrolac.com\/ca\/#website\",\"url\":\"https:\/\/www.agrolac.com\/ca\/\",\"name\":\"VICORQUIMIA\",\"description\":\"Agrolac \u00e9s una empresa de Barcelona, fundada el 1982, especialitzada en distribuci\u00f3 de productes agroqu\u00edmics per a l&#039;agricultura europea.\",\"publisher\":{\"@id\":\"https:\/\/www.agrolac.com\/ca\/#organization\"},\"potentialAction\":[{\"@type\":\"SearchAction\",\"target\":{\"@type\":\"EntryPoint\",\"urlTemplate\":\"https:\/\/www.agrolac.com\/ca\/?s={search_term_string}\"},\"query-input\":{\"@type\":\"PropertyValueSpecification\",\"valueRequired\":true,\"valueName\":\"search_term_string\"}}],\"inLanguage\":\"ca\"},{\"@type\":\"Organization\",\"@id\":\"https:\/\/www.agrolac.com\/ca\/#organization\",\"name\":\"VICORQUIMIA\",\"url\":\"https:\/\/www.agrolac.com\/ca\/\",\"logo\":{\"@type\":\"ImageObject\",\"inLanguage\":\"ca\",\"@id\":\"https:\/\/www.agrolac.com\/ca\/#\/schema\/logo\/image\/\",\"url\":\"https:\/\/www.agrolac.com\/wp-content\/uploads\/2025\/10\/agrolac-logo.svg\",\"contentUrl\":\"https:\/\/www.agrolac.com\/wp-content\/uploads\/2025\/10\/agrolac-logo.svg\",\"caption\":\"VICORQUIMIA\"},\"image\":{\"@id\":\"https:\/\/www.agrolac.com\/ca\/#\/schema\/logo\/image\/\"},\"sameAs\":[\"https:\/\/www.linkedin.com\/company\/vicorquimia\/\"]}]}<\/script>\n<!-- \/ Yoast SEO plugin. -->","yoast_head_json":{"title":"Suport t\u00e8cnic i assaigs - Agrolac","description":"Investiguem i desenvolupem solucions biol\u00f2giques de gamma alta per a una agricultura m\u00e9s neta, segura i sense residus. Projecte AG LifeSolutions.Suport t\u00e8cnic agron\u00f2mic basat en assaigs de camp i hivernacle. Recomanacions, pautes daplicaci\u00f3 i seguiment per optimitzar resultats per cultiu.","robots":{"index":"index","follow":"follow","max-snippet":"max-snippet:-1","max-image-preview":"max-image-preview:large","max-video-preview":"max-video-preview:-1"},"canonical":"https:\/\/www.agrolac.com\/ca\/suport-tecnic-i-assaigs\/","og_locale":"ca_ES","og_type":"article","og_title":"Suport t\u00e8cnic i assaigs - Agrolac","og_description":"Investiguem i desenvolupem solucions biol\u00f2giques de gamma alta per a una agricultura m\u00e9s neta, segura i sense residus. Projecte AG LifeSolutions.Suport t\u00e8cnic agron\u00f2mic basat en assaigs de camp i hivernacle. Recomanacions, pautes daplicaci\u00f3 i seguiment per optimitzar resultats per cultiu.","og_url":"https:\/\/www.agrolac.com\/ca\/suport-tecnic-i-assaigs\/","og_site_name":"Agrolac","article_modified_time":"2026-03-01T10:55:06+00:00","og_image":[{"width":1667,"height":572,"url":"https:\/\/www.agrolac.com\/wp-content\/uploads\/2025\/12\/background2.3-1.jpg","type":"image\/jpeg"}],"twitter_card":"summary_large_image","twitter_misc":{"Est. reading time":"2 minut"},"schema":{"@context":"https:\/\/schema.org","@graph":[{"@type":"WebPage","@id":"https:\/\/www.agrolac.com\/ca\/suport-tecnic-i-assaigs\/","url":"https:\/\/www.agrolac.com\/ca\/suport-tecnic-i-assaigs\/","name":"Suport t\u00e8cnic i assaigs - Agrolac","isPartOf":{"@id":"https:\/\/www.agrolac.com\/ca\/#website"},"primaryImageOfPage":{"@id":"https:\/\/www.agrolac.com\/ca\/suport-tecnic-i-assaigs\/#primaryimage"},"image":{"@id":"https:\/\/www.agrolac.com\/ca\/suport-tecnic-i-assaigs\/#primaryimage"},"thumbnailUrl":"https:\/\/www.agrolac.com\/wp-content\/uploads\/2025\/12\/background2.3-1.jpg","datePublished":"2026-01-04T15:38:25+00:00","dateModified":"2026-03-01T10:55:06+00:00","description":"Investiguem i desenvolupem solucions biol\u00f2giques de gamma alta per a una agricultura m\u00e9s neta, segura i sense residus. Projecte AG LifeSolutions.Suport t\u00e8cnic agron\u00f2mic basat en assaigs de camp i hivernacle. Recomanacions, pautes daplicaci\u00f3 i seguiment per optimitzar resultats per cultiu.","breadcrumb":{"@id":"https:\/\/www.agrolac.com\/ca\/suport-tecnic-i-assaigs\/#breadcrumb"},"inLanguage":"ca","potentialAction":[{"@type":"ReadAction","target":["https:\/\/www.agrolac.com\/ca\/suport-tecnic-i-assaigs\/"]}]},{"@type":"ImageObject","inLanguage":"ca","@id":"https:\/\/www.agrolac.com\/ca\/suport-tecnic-i-assaigs\/#primaryimage","url":"https:\/\/www.agrolac.com\/wp-content\/uploads\/2025\/12\/background2.3-1.jpg","contentUrl":"https:\/\/www.agrolac.com\/wp-content\/uploads\/2025\/12\/background2.3-1.jpg","width":1667,"height":572},{"@type":"BreadcrumbList","@id":"https:\/\/www.agrolac.com\/ca\/suport-tecnic-i-assaigs\/#breadcrumb","itemListElement":[{"@type":"ListItem","position":1,"name":"Inici","item":"https:\/\/www.agrolac.com\/ca\/inici\/"},{"@type":"ListItem","position":2,"name":"Suport t\u00e8cnic i assaigs"}]},{"@type":"WebSite","@id":"https:\/\/www.agrolac.com\/ca\/#website","url":"https:\/\/www.agrolac.com\/ca\/","name":"VICORQUIMIA","description":"Agrolac \u00e9s una empresa de Barcelona, fundada el 1982, especialitzada en distribuci\u00f3 de productes agroqu\u00edmics per a l&#039;agricultura europea.","publisher":{"@id":"https:\/\/www.agrolac.com\/ca\/#organization"},"potentialAction":[{"@type":"SearchAction","target":{"@type":"EntryPoint","urlTemplate":"https:\/\/www.agrolac.com\/ca\/?s={search_term_string}"},"query-input":{"@type":"PropertyValueSpecification","valueRequired":true,"valueName":"search_term_string"}}],"inLanguage":"ca"},{"@type":"Organization","@id":"https:\/\/www.agrolac.com\/ca\/#organization","name":"VICORQUIMIA","url":"https:\/\/www.agrolac.com\/ca\/","logo":{"@type":"ImageObject","inLanguage":"ca","@id":"https:\/\/www.agrolac.com\/ca\/#\/schema\/logo\/image\/","url":"https:\/\/www.agrolac.com\/wp-content\/uploads\/2025\/10\/agrolac-logo.svg","contentUrl":"https:\/\/www.agrolac.com\/wp-content\/uploads\/2025\/10\/agrolac-logo.svg","caption":"VICORQUIMIA"},"image":{"@id":"https:\/\/www.agrolac.com\/ca\/#\/schema\/logo\/image\/"},"sameAs":["https:\/\/www.linkedin.com\/company\/vicorquimia\/"]}]}},"_links":{"self":[{"href":"https:\/\/www.agrolac.com\/ca\/wp-json\/wp\/v2\/pages\/7509","targetHints":{"allow":["GET"]}}],"collection":[{"href":"https:\/\/www.agrolac.com\/ca\/wp-json\/wp\/v2\/pages"}],"about":[{"href":"https:\/\/www.agrolac.com\/ca\/wp-json\/wp\/v2\/types\/page"}],"author":[{"embeddable":true,"href":"https:\/\/www.agrolac.com\/ca\/wp-json\/wp\/v2\/users\/2"}],"replies":[{"embeddable":true,"href":"https:\/\/www.agrolac.com\/ca\/wp-json\/wp\/v2\/comments?post=7509"}],"version-history":[{"count":0,"href":"https:\/\/www.agrolac.com\/ca\/wp-json\/wp\/v2\/pages\/7509\/revisions"}],"wp:featuredmedia":[{"embeddable":true,"href":"https:\/\/www.agrolac.com\/ca\/wp-json\/wp\/v2\/media\/5102"}],"wp:attachment":[{"href":"https:\/\/www.agrolac.com\/ca\/wp-json\/wp\/v2\/media?parent=7509"}],"curies":[{"name":"wp","href":"https:\/\/api.w.org\/{rel}","templated":true}]}}