{"id":2128,"date":"2023-04-27T16:23:54","date_gmt":"2023-04-27T14:23:54","guid":{"rendered":"https:\/\/www.agrolac.com\/logistica-i-distribucio\/"},"modified":"2026-03-01T11:45:20","modified_gmt":"2026-03-01T10:45:20","slug":"logistica-i-distribucio","status":"publish","type":"page","link":"https:\/\/www.agrolac.com\/ca\/logistica-i-distribucio\/","title":{"rendered":"AG LifeSolutions"},"content":{"rendered":"\t\t<div data-elementor-type=\"wp-page\" data-elementor-id=\"2128\" class=\"elementor elementor-2128 elementor-258\" data-elementor-post-type=\"page\">\n\t\t\t\t<div class=\"elementor-element elementor-element-dcd2fe6 e-flex e-con-boxed e-con e-parent\" data-id=\"dcd2fe6\" data-element_type=\"container\" data-e-type=\"container\">\n\t\t\t\t\t<div class=\"e-con-inner\">\n\t\t\t\t<div class=\"elementor-element elementor-element-2408c4d elementor-widget elementor-widget-image\" data-id=\"2408c4d\" data-element_type=\"widget\" data-e-type=\"widget\" data-widget_type=\"image.default\">\n\t\t\t\t\t\t\t\t\t\t\t\t\t\t\t<img decoding=\"async\" width=\"265\" height=\"38\" src=\"https:\/\/www.agrolac.com\/wp-content\/uploads\/2025\/12\/lifesolutions.png\" class=\"attachment-large size-large wp-image-5060\" alt=\"\" \/>\t\t\t\t\t\t\t\t\t\t\t\t\t\t\t<\/div>\n\t\t\t\t\t<\/div>\n\t\t\t\t<\/div>\n\t\t<div class=\"elementor-element elementor-element-45af55a e-flex e-con-boxed e-con e-parent\" data-id=\"45af55a\" data-element_type=\"container\" data-e-type=\"container\">\n\t\t\t\t\t<div class=\"e-con-inner\">\n\t\t<div class=\"elementor-element elementor-element-84b3a42 e-con-full e-flex e-con e-child\" data-id=\"84b3a42\" data-element_type=\"container\" data-e-type=\"container\">\n\t\t\t\t<div class=\"elementor-element elementor-element-1e2094f elementor-widget elementor-widget-heading\" data-id=\"1e2094f\" data-element_type=\"widget\" data-e-type=\"widget\" data-widget_type=\"heading.default\">\n\t\t\t\t\t<h2 class=\"elementor-heading-title elementor-size-default\">Innovaci\u00f3 biol\u00f2gica per a una agricultura m\u00e9s segura, neta i sostenible\n<\/h2>\t\t\t\t<\/div>\n\t\t\t\t<div class=\"elementor-element elementor-element-18fd428 elementor-widget elementor-widget-text-editor\" data-id=\"18fd428\" data-element_type=\"widget\" data-e-type=\"widget\" data-widget_type=\"text-editor.default\">\n\t\t\t\t\t\t\t\t\t<p class=\"p1\">A <strong>Agrolac<\/strong> creiem en una agricultura respectuosa amb el medi ambient, t\u00e8cnicament s\u00f2lida i preparada per al futur. Per aix\u00f2, impulsem el projecte <span class=\"s1\"><b>AG LifeSolutions<\/b><\/span> , una iniciativa pr\u00f2pia de <span class=\"s1\"><b>recerca aplicada i desenvolupament de solucions biol\u00f2giques d&#8217;alta gamma<\/b><\/span> , amb l&#8217;objectiu d&#8217;oferir alternatives m\u00e9s netes, segures i sense residus. <\/p><p class=\"p1\"><span class=\"s1\">Col\u00b7laborem activament amb<\/span> <b>centres d&#8217;R+D en salut vegetal<\/b> <span class=\"s1\">d&#8217;Europa i \u00c0sia i comptem en alguns casos amb el suport del<\/span> <b>Centre per al Desenvolupament Tecnol\u00f2gic Industrial d&#8217;Espanya (CDTI)<\/b> <span class=\"s1\">.<\/span> Gr\u00e0cies al nostre equip regulatori, cada l\u00ednia de recerca s&#8217;orienta a convertir-se en un producte <span class=\"s1\"><b>registrat i llest per a \u00fas comercial<\/b><\/span> , complint la normativa vigent.<\/p>\t\t\t\t\t\t\t\t<\/div>\n\t\t<div class=\"elementor-element elementor-element-45f1835 e-con-full e-flex e-con e-child\" data-id=\"45f1835\" data-element_type=\"container\" data-e-type=\"container\">\n\t\t\t\t<div class=\"elementor-element elementor-element-3fd400a elementor-widget__width-inherit elementor-widget elementor-widget-gallery\" data-id=\"3fd400a\" data-element_type=\"widget\" data-e-type=\"widget\" data-settings=\"{&quot;gap&quot;:{&quot;unit&quot;:&quot;px&quot;,&quot;size&quot;:30,&quot;sizes&quot;:[]},&quot;gallery_layout&quot;:&quot;justified&quot;,&quot;ideal_row_height&quot;:{&quot;unit&quot;:&quot;px&quot;,&quot;size&quot;:300,&quot;sizes&quot;:[]},&quot;lazyload&quot;:&quot;yes&quot;,&quot;ideal_row_height_tablet&quot;:{&quot;unit&quot;:&quot;px&quot;,&quot;size&quot;:150,&quot;sizes&quot;:[]},&quot;ideal_row_height_mobile&quot;:{&quot;unit&quot;:&quot;px&quot;,&quot;size&quot;:150,&quot;sizes&quot;:[]},&quot;gap_tablet&quot;:{&quot;unit&quot;:&quot;px&quot;,&quot;size&quot;:10,&quot;sizes&quot;:[]},&quot;gap_mobile&quot;:{&quot;unit&quot;:&quot;px&quot;,&quot;size&quot;:10,&quot;sizes&quot;:[]},&quot;overlay_background&quot;:&quot;yes&quot;,&quot;content_hover_animation&quot;:&quot;fade-in&quot;}\" data-widget_type=\"gallery.default\">\n\t\t\t\t\t\t\t<div class=\"elementor-gallery__container\">\n\t\t\t\t\t\t\t<div class=\"e-gallery-item elementor-gallery-item elementor-animated-content\">\n\t\t\t\t\t<div class=\"e-gallery-image elementor-gallery-item__image\" data-thumbnail=\"https:\/\/www.agrolac.com\/wp-content\/uploads\/2025\/12\/pimientoT-2-204x300.jpg\" data-width=\"204\" data-height=\"300\" aria-label=\"\" role=\"img\" ><\/div>\n\t\t\t\t\t\t\t\t\t\t\t<div class=\"elementor-gallery-item__overlay\"><\/div>\n\t\t\t\t\t\t\t\t\t\t\t\t\t\t<\/div>\n\t\t\t\t\t\t\t<div class=\"e-gallery-item elementor-gallery-item elementor-animated-content\">\n\t\t\t\t\t<div class=\"e-gallery-image elementor-gallery-item__image\" data-thumbnail=\"https:\/\/www.agrolac.com\/wp-content\/uploads\/2025\/12\/peraT-1-204x300.jpg\" data-width=\"204\" data-height=\"300\" aria-label=\"\" role=\"img\" ><\/div>\n\t\t\t\t\t\t\t\t\t\t\t<div class=\"elementor-gallery-item__overlay\"><\/div>\n\t\t\t\t\t\t\t\t\t\t\t\t\t\t<\/div>\n\t\t\t\t\t\t\t<div class=\"e-gallery-item elementor-gallery-item elementor-animated-content\">\n\t\t\t\t\t<div class=\"e-gallery-image elementor-gallery-item__image\" data-thumbnail=\"https:\/\/www.agrolac.com\/wp-content\/uploads\/2025\/12\/almendraT-3-204x300.jpg\" data-width=\"204\" data-height=\"300\" aria-label=\"\" role=\"img\" ><\/div>\n\t\t\t\t\t\t\t\t\t\t\t<div class=\"elementor-gallery-item__overlay\"><\/div>\n\t\t\t\t\t\t\t\t\t\t\t\t\t\t<\/div>\n\t\t\t\t\t\t\t<div class=\"e-gallery-item elementor-gallery-item elementor-animated-content\">\n\t\t\t\t\t<div class=\"e-gallery-image elementor-gallery-item__image\" data-thumbnail=\"https:\/\/www.agrolac.com\/wp-content\/uploads\/2025\/12\/manzanaT-1-204x300.jpg\" data-width=\"204\" data-height=\"300\" aria-label=\"\" role=\"img\" ><\/div>\n\t\t\t\t\t\t\t\t\t\t\t<div class=\"elementor-gallery-item__overlay\"><\/div>\n\t\t\t\t\t\t\t\t\t\t\t\t\t\t<\/div>\n\t\t\t\t\t\t\t<div class=\"e-gallery-item elementor-gallery-item elementor-animated-content\">\n\t\t\t\t\t<div class=\"e-gallery-image elementor-gallery-item__image\" data-thumbnail=\"https:\/\/www.agrolac.com\/wp-content\/uploads\/2025\/12\/tomateT-1-204x300.jpg\" data-width=\"204\" data-height=\"300\" aria-label=\"\" role=\"img\" ><\/div>\n\t\t\t\t\t\t\t\t\t\t\t<div class=\"elementor-gallery-item__overlay\"><\/div>\n\t\t\t\t\t\t\t\t\t\t\t\t\t\t<\/div>\n\t\t\t\t\t<\/div>\n\t\t\t\t\t<\/div>\n\t\t\t\t<\/div>\n\t\t\t\t<\/div>\n\t\t\t\t\t<\/div>\n\t\t\t\t<\/div>\n\t\t<div class=\"elementor-element elementor-element-ebd4938 e-flex e-con-boxed e-con e-parent\" data-id=\"ebd4938\" data-element_type=\"container\" data-e-type=\"container\">\n\t\t\t\t\t<div class=\"e-con-inner\">\n\t\t<div class=\"elementor-element elementor-element-d74198f e-con-full e-flex e-con e-child\" data-id=\"d74198f\" data-element_type=\"container\" data-e-type=\"container\">\n\t\t<div class=\"elementor-element elementor-element-86de17d e-con-full e-flex e-con e-child\" data-id=\"86de17d\" data-element_type=\"container\" data-e-type=\"container\">\n\t\t\t\t<div class=\"elementor-element elementor-element-dc82c0d elementor-widget__width-initial elementor-widget elementor-widget-text-editor\" data-id=\"dc82c0d\" data-element_type=\"widget\" data-e-type=\"widget\" data-widget_type=\"text-editor.default\">\n\t\t\t\t\t\t\t\t\t<h4><b>Principals l\u00ednies de recerca:<\/b><\/h4><ul><li><p class=\"p1\"><span class=\"s1\"><b>AGRC-0114<\/b><\/span> \u00b7 Reguladors del creixement d&#8217;origen biol\u00f2gic.<\/p><\/li><li><p class=\"p1\"><span class=\"s1\"><b>AGFU-0214<\/b><\/span> \u00b7 Fungicides biol\u00f2gics formulats a partir de ceps espec\u00edfics de <i>Streptomyces<\/i> .<\/p><\/li><li><p class=\"p1\"><span class=\"s1\"><b>AGFN-0116<\/b><\/span> \u00b7 Solucions multiefecte (fungicida + nematicida + promotor de creixement) a base de <i>Trichoderma<\/i> .<\/p><\/li><li><p class=\"p1\"><span class=\"s1\"><b>AGBA-0617<\/b><\/span> \u00b7 Bactericides d&#8217;origen natural per a cultius sensibles.<\/p><\/li><li><p class=\"p1\"><span class=\"s1\"><b>AGBE-0717<\/b><\/span> \u00b7 Bioestimulants formulats amb consorcis de micorizes i altres microorganismes beneficiosos.<\/p><\/li><\/ul>\t\t\t\t\t\t\t\t<\/div>\n\t\t\t\t<\/div>\n\t\t\t\t<\/div>\n\t\t<div class=\"elementor-element elementor-element-0597f52 e-con-full e-flex e-con e-child\" data-id=\"0597f52\" data-element_type=\"container\" data-e-type=\"container\">\n\t\t<div class=\"elementor-element elementor-element-78fb924 e-con-full e-flex e-con e-child\" data-id=\"78fb924\" data-element_type=\"container\" data-e-type=\"container\">\n\t\t\t\t<div class=\"elementor-element elementor-element-f2bb6aa elementor-widget elementor-widget-text-editor\" data-id=\"f2bb6aa\" data-element_type=\"widget\" data-e-type=\"widget\" data-widget_type=\"text-editor.default\">\n\t\t\t\t\t\t\t\t\t<h4><b>Aplicaci\u00f3 del coneixement cient\u00edfic<\/b><\/h4><p class=\"p3\">A trav\u00e9s d&#8217; <span class=\"s2\"><b>AG LifeSolutions<\/b><\/span> , transformem coneixement cient\u00edfic en productes reals, connectant el talent universitari amb els reptes actuals del pag\u00e8s. Les diferents l\u00ednies de recerca han donat lloc a productes ja registrats o en fase avan\u00e7ada de desenvolupament, orientats tant a agricultura convencional com ecol\u00f2gica. <\/p><p class=\"p3\">Aquestes solucions t\u00e8cniques estan dissenyades per integrar-se en <span class=\"s2\"><b>estrat\u00e8gies de producci\u00f3 sostenible<\/b><\/span> , complint amb els est\u00e0ndards reguladors m\u00e9s alts.<\/p><p> <\/p><h4><b>Comprom\u00eds amb la innovaci\u00f3 responsable<\/b><\/h4><p class=\"p3\">Durant els darrers 12 anys, <span class=\"s2\"><b>Agrolac<\/b><\/span> ha invertit de forma continuada en <span class=\"s2\"><b>coneixement, desenvolupament i col\u00b7laboraci\u00f3 cient\u00edfica<\/b><\/span> .<\/p><p class=\"p3\">Fruit d&#8217;aquest esfor\u00e7, el projecte AG LifeSolutions ha generat m\u00e9s de <span class=\"s2\"><b>10 refer\u00e8ncies biol\u00f2giques pr\u00f2pies<\/b><\/span> , incloent fitoreguladors, bioestimulants i fertilitzants especials d&#8217;origen natural, desenvolupats juntament amb universitats i centres tecnol\u00f2gics d&#8217;Europa i \u00c0sia.<\/p><p class=\"p3\">Actualment hi ha <span class=\"s2\"><b>tres nous projectes en marxa<\/b><\/span> , que enriquiran la nostra cartera en els propers anys i reforcen el nostre comprom\u00eds amb una agricultura efica\u00e7, sostenible i preparada per al futur.<\/p>\t\t\t\t\t\t\t\t<\/div>\n\t\t\t\t<\/div>\n\t\t\t\t<\/div>\n\t\t\t\t\t<\/div>\n\t\t\t\t<\/div>\n\t\t\t\t<\/div>\n\t\t","protected":false},"excerpt":{"rendered":"<p>Innovaci\u00f3 biol\u00f2gica per a una agricultura m\u00e9s segura, neta i sostenible A Agrolac creiem en una agricultura respectuosa amb el medi ambient, t\u00e8cnicament s\u00f2lida i preparada per al futur. Per aix\u00f2, impulsem el projecte AG LifeSolutions , una iniciativa pr\u00f2pia de recerca aplicada i desenvolupament de solucions biol\u00f2giques d&#8217;alta gamma , amb l&#8217;objectiu d&#8217;oferir alternatives [&hellip;]<\/p>\n","protected":false},"author":3,"featured_media":5042,"parent":0,"menu_order":0,"comment_status":"closed","ping_status":"closed","template":"","meta":{"_acf_changed":false,"_joinchat":[],"footnotes":""},"class_list":["post-2128","page","type-page","status-publish","has-post-thumbnail","hentry"],"acf":[],"yoast_head":"<!-- This site is optimized with the Yoast SEO plugin v27.1.1 - https:\/\/yoast.com\/product\/yoast-seo-wordpress\/ -->\n<title>AG LifeSolutions - Agrolac<\/title>\n<meta name=\"description\" content=\"Investiguem i desenvolupem solucions biol\u00f2giques de gamma alta per a una agricultura m\u00e9s neta, segura i sense residus. Projecte AG LifeSolutions.\" \/>\n<meta name=\"robots\" content=\"index, follow, max-snippet:-1, max-image-preview:large, max-video-preview:-1\" \/>\n<link rel=\"canonical\" href=\"https:\/\/www.agrolac.com\/ca\/logistica-i-distribucio\/\" \/>\n<meta property=\"og:locale\" content=\"ca_ES\" \/>\n<meta property=\"og:type\" content=\"article\" \/>\n<meta property=\"og:title\" content=\"AG LifeSolutions - Agrolac\" \/>\n<meta property=\"og:description\" content=\"Investiguem i desenvolupem solucions biol\u00f2giques de gamma alta per a una agricultura m\u00e9s neta, segura i sense residus. Projecte AG LifeSolutions.\" \/>\n<meta property=\"og:url\" content=\"https:\/\/www.agrolac.com\/ca\/logistica-i-distribucio\/\" \/>\n<meta property=\"og:site_name\" content=\"Agrolac\" \/>\n<meta property=\"article:modified_time\" content=\"2026-03-01T10:45:20+00:00\" \/>\n<meta property=\"og:image\" content=\"https:\/\/www.agrolac.com\/wp-content\/uploads\/2025\/12\/aglife.jpg\" \/>\n\t<meta property=\"og:image:width\" content=\"600\" \/>\n\t<meta property=\"og:image:height\" content=\"428\" \/>\n\t<meta property=\"og:image:type\" content=\"image\/jpeg\" \/>\n<meta name=\"twitter:card\" content=\"summary_large_image\" \/>\n<meta name=\"twitter:label1\" content=\"Est. reading time\" \/>\n\t<meta name=\"twitter:data1\" content=\"2 minut\" \/>\n<script type=\"application\/ld+json\" class=\"yoast-schema-graph\">{\"@context\":\"https:\/\/schema.org\",\"@graph\":[{\"@type\":\"WebPage\",\"@id\":\"https:\/\/www.agrolac.com\/ca\/logistica-i-distribucio\/\",\"url\":\"https:\/\/www.agrolac.com\/ca\/logistica-i-distribucio\/\",\"name\":\"AG LifeSolutions - Agrolac\",\"isPartOf\":{\"@id\":\"https:\/\/www.agrolac.com\/ca\/#website\"},\"primaryImageOfPage\":{\"@id\":\"https:\/\/www.agrolac.com\/ca\/logistica-i-distribucio\/#primaryimage\"},\"image\":{\"@id\":\"https:\/\/www.agrolac.com\/ca\/logistica-i-distribucio\/#primaryimage\"},\"thumbnailUrl\":\"https:\/\/www.agrolac.com\/wp-content\/uploads\/2025\/12\/aglife.jpg\",\"datePublished\":\"2023-04-27T14:23:54+00:00\",\"dateModified\":\"2026-03-01T10:45:20+00:00\",\"description\":\"Investiguem i desenvolupem solucions biol\u00f2giques de gamma alta per a una agricultura m\u00e9s neta, segura i sense residus. Projecte AG LifeSolutions.\",\"breadcrumb\":{\"@id\":\"https:\/\/www.agrolac.com\/ca\/logistica-i-distribucio\/#breadcrumb\"},\"inLanguage\":\"ca\",\"potentialAction\":[{\"@type\":\"ReadAction\",\"target\":[\"https:\/\/www.agrolac.com\/ca\/logistica-i-distribucio\/\"]}]},{\"@type\":\"ImageObject\",\"inLanguage\":\"ca\",\"@id\":\"https:\/\/www.agrolac.com\/ca\/logistica-i-distribucio\/#primaryimage\",\"url\":\"https:\/\/www.agrolac.com\/wp-content\/uploads\/2025\/12\/aglife.jpg\",\"contentUrl\":\"https:\/\/www.agrolac.com\/wp-content\/uploads\/2025\/12\/aglife.jpg\",\"width\":600,\"height\":428},{\"@type\":\"BreadcrumbList\",\"@id\":\"https:\/\/www.agrolac.com\/ca\/logistica-i-distribucio\/#breadcrumb\",\"itemListElement\":[{\"@type\":\"ListItem\",\"position\":1,\"name\":\"Inici\",\"item\":\"https:\/\/www.agrolac.com\/ca\/inici\/\"},{\"@type\":\"ListItem\",\"position\":2,\"name\":\"AG LifeSolutions\"}]},{\"@type\":\"WebSite\",\"@id\":\"https:\/\/www.agrolac.com\/ca\/#website\",\"url\":\"https:\/\/www.agrolac.com\/ca\/\",\"name\":\"VICORQUIMIA\",\"description\":\"Agrolac \u00e9s una empresa de Barcelona, fundada el 1982, especialitzada en distribuci\u00f3 de productes agroqu\u00edmics per a l&#039;agricultura europea.\",\"publisher\":{\"@id\":\"https:\/\/www.agrolac.com\/ca\/#organization\"},\"potentialAction\":[{\"@type\":\"SearchAction\",\"target\":{\"@type\":\"EntryPoint\",\"urlTemplate\":\"https:\/\/www.agrolac.com\/ca\/?s={search_term_string}\"},\"query-input\":{\"@type\":\"PropertyValueSpecification\",\"valueRequired\":true,\"valueName\":\"search_term_string\"}}],\"inLanguage\":\"ca\"},{\"@type\":\"Organization\",\"@id\":\"https:\/\/www.agrolac.com\/ca\/#organization\",\"name\":\"VICORQUIMIA\",\"url\":\"https:\/\/www.agrolac.com\/ca\/\",\"logo\":{\"@type\":\"ImageObject\",\"inLanguage\":\"ca\",\"@id\":\"https:\/\/www.agrolac.com\/ca\/#\/schema\/logo\/image\/\",\"url\":\"https:\/\/www.agrolac.com\/wp-content\/uploads\/2025\/10\/agrolac-logo.svg\",\"contentUrl\":\"https:\/\/www.agrolac.com\/wp-content\/uploads\/2025\/10\/agrolac-logo.svg\",\"caption\":\"VICORQUIMIA\"},\"image\":{\"@id\":\"https:\/\/www.agrolac.com\/ca\/#\/schema\/logo\/image\/\"},\"sameAs\":[\"https:\/\/www.linkedin.com\/company\/vicorquimia\/\"]}]}<\/script>\n<!-- \/ Yoast SEO plugin. -->","yoast_head_json":{"title":"AG LifeSolutions - Agrolac","description":"Investiguem i desenvolupem solucions biol\u00f2giques de gamma alta per a una agricultura m\u00e9s neta, segura i sense residus. Projecte AG LifeSolutions.","robots":{"index":"index","follow":"follow","max-snippet":"max-snippet:-1","max-image-preview":"max-image-preview:large","max-video-preview":"max-video-preview:-1"},"canonical":"https:\/\/www.agrolac.com\/ca\/logistica-i-distribucio\/","og_locale":"ca_ES","og_type":"article","og_title":"AG LifeSolutions - Agrolac","og_description":"Investiguem i desenvolupem solucions biol\u00f2giques de gamma alta per a una agricultura m\u00e9s neta, segura i sense residus. Projecte AG LifeSolutions.","og_url":"https:\/\/www.agrolac.com\/ca\/logistica-i-distribucio\/","og_site_name":"Agrolac","article_modified_time":"2026-03-01T10:45:20+00:00","og_image":[{"width":600,"height":428,"url":"https:\/\/www.agrolac.com\/wp-content\/uploads\/2025\/12\/aglife.jpg","type":"image\/jpeg"}],"twitter_card":"summary_large_image","twitter_misc":{"Est. reading time":"2 minut"},"schema":{"@context":"https:\/\/schema.org","@graph":[{"@type":"WebPage","@id":"https:\/\/www.agrolac.com\/ca\/logistica-i-distribucio\/","url":"https:\/\/www.agrolac.com\/ca\/logistica-i-distribucio\/","name":"AG LifeSolutions - Agrolac","isPartOf":{"@id":"https:\/\/www.agrolac.com\/ca\/#website"},"primaryImageOfPage":{"@id":"https:\/\/www.agrolac.com\/ca\/logistica-i-distribucio\/#primaryimage"},"image":{"@id":"https:\/\/www.agrolac.com\/ca\/logistica-i-distribucio\/#primaryimage"},"thumbnailUrl":"https:\/\/www.agrolac.com\/wp-content\/uploads\/2025\/12\/aglife.jpg","datePublished":"2023-04-27T14:23:54+00:00","dateModified":"2026-03-01T10:45:20+00:00","description":"Investiguem i desenvolupem solucions biol\u00f2giques de gamma alta per a una agricultura m\u00e9s neta, segura i sense residus. Projecte AG LifeSolutions.","breadcrumb":{"@id":"https:\/\/www.agrolac.com\/ca\/logistica-i-distribucio\/#breadcrumb"},"inLanguage":"ca","potentialAction":[{"@type":"ReadAction","target":["https:\/\/www.agrolac.com\/ca\/logistica-i-distribucio\/"]}]},{"@type":"ImageObject","inLanguage":"ca","@id":"https:\/\/www.agrolac.com\/ca\/logistica-i-distribucio\/#primaryimage","url":"https:\/\/www.agrolac.com\/wp-content\/uploads\/2025\/12\/aglife.jpg","contentUrl":"https:\/\/www.agrolac.com\/wp-content\/uploads\/2025\/12\/aglife.jpg","width":600,"height":428},{"@type":"BreadcrumbList","@id":"https:\/\/www.agrolac.com\/ca\/logistica-i-distribucio\/#breadcrumb","itemListElement":[{"@type":"ListItem","position":1,"name":"Inici","item":"https:\/\/www.agrolac.com\/ca\/inici\/"},{"@type":"ListItem","position":2,"name":"AG LifeSolutions"}]},{"@type":"WebSite","@id":"https:\/\/www.agrolac.com\/ca\/#website","url":"https:\/\/www.agrolac.com\/ca\/","name":"VICORQUIMIA","description":"Agrolac \u00e9s una empresa de Barcelona, fundada el 1982, especialitzada en distribuci\u00f3 de productes agroqu\u00edmics per a l&#039;agricultura europea.","publisher":{"@id":"https:\/\/www.agrolac.com\/ca\/#organization"},"potentialAction":[{"@type":"SearchAction","target":{"@type":"EntryPoint","urlTemplate":"https:\/\/www.agrolac.com\/ca\/?s={search_term_string}"},"query-input":{"@type":"PropertyValueSpecification","valueRequired":true,"valueName":"search_term_string"}}],"inLanguage":"ca"},{"@type":"Organization","@id":"https:\/\/www.agrolac.com\/ca\/#organization","name":"VICORQUIMIA","url":"https:\/\/www.agrolac.com\/ca\/","logo":{"@type":"ImageObject","inLanguage":"ca","@id":"https:\/\/www.agrolac.com\/ca\/#\/schema\/logo\/image\/","url":"https:\/\/www.agrolac.com\/wp-content\/uploads\/2025\/10\/agrolac-logo.svg","contentUrl":"https:\/\/www.agrolac.com\/wp-content\/uploads\/2025\/10\/agrolac-logo.svg","caption":"VICORQUIMIA"},"image":{"@id":"https:\/\/www.agrolac.com\/ca\/#\/schema\/logo\/image\/"},"sameAs":["https:\/\/www.linkedin.com\/company\/vicorquimia\/"]}]}},"_links":{"self":[{"href":"https:\/\/www.agrolac.com\/ca\/wp-json\/wp\/v2\/pages\/2128","targetHints":{"allow":["GET"]}}],"collection":[{"href":"https:\/\/www.agrolac.com\/ca\/wp-json\/wp\/v2\/pages"}],"about":[{"href":"https:\/\/www.agrolac.com\/ca\/wp-json\/wp\/v2\/types\/page"}],"author":[{"embeddable":true,"href":"https:\/\/www.agrolac.com\/ca\/wp-json\/wp\/v2\/users\/3"}],"replies":[{"embeddable":true,"href":"https:\/\/www.agrolac.com\/ca\/wp-json\/wp\/v2\/comments?post=2128"}],"version-history":[{"count":0,"href":"https:\/\/www.agrolac.com\/ca\/wp-json\/wp\/v2\/pages\/2128\/revisions"}],"wp:featuredmedia":[{"embeddable":true,"href":"https:\/\/www.agrolac.com\/ca\/wp-json\/wp\/v2\/media\/5042"}],"wp:attachment":[{"href":"https:\/\/www.agrolac.com\/ca\/wp-json\/wp\/v2\/media?parent=2128"}],"curies":[{"name":"wp","href":"https:\/\/api.w.org\/{rel}","templated":true}]}}