{"id":2013,"date":"2023-05-30T16:29:54","date_gmt":"2023-05-30T14:29:54","guid":{"rendered":"https:\/\/www.agrolac.com\/politica-de-privadesa\/"},"modified":"2023-05-30T16:29:54","modified_gmt":"2023-05-30T14:29:54","slug":"politica-de-privadesa","status":"publish","type":"page","link":"https:\/\/www.agrolac.com\/ca\/politica-de-privadesa\/","title":{"rendered":"Pol\u00edtica de Privadesa"},"content":{"rendered":"<p>Dades del propietari de la web:<\/p>\n<p><strong> <\/strong><\/p>\n<p><strong>RA\u00d3 SOCIAL:<\/strong> VICORQUIMIA SA<\/p>\n<p><strong>NIF:<\/strong> A08268153<\/p>\n<p><strong>DOMINI:<\/strong> https:\/\/www.agrolac.com\/<\/p>\n<p><strong>ADRE\u00c7A POSTAL:<\/strong> AV DELS VENTS, 9-13 ESC A 6\u00e8 1a,08917 BADALONA(BARCELONA)<\/p>\n<p><strong>DIRECCI\u00d3 ELECTR\u00d2NICA:<\/strong> compliance@vicorquimia.com<\/p>\n<p><strong>TEL\u00c8FONS:<\/strong> 932011222<\/p>\n<p><strong>REGISTRE\/ DADES ADDICIONALS:<\/strong><\/p>\n<p>&nbsp;<\/p>\n<p><strong>Protecci\u00f3 de dades  <\/strong><\/p>\n<p>De conformitat amb la normativa vigent i aplicable en protecci\u00f3 de dades de car\u00e0cter personal, us informem que les vostres dades seran incorporades al sistema de tractament titularitat de <strong>VICORQUIMIA SA<\/strong> amb NIF <strong>A08268153<\/strong> i domicili social situat a AV DELS VENTS, 9-13 ESC A 6\u00ba 1\u00aa,08917 BADALONA(BARCELONA). A continuaci\u00f3, es facilita la informaci\u00f3 dels tractaments realitzats: <\/p>\n<p><strong>TRACTAMENTS REALITZATS  <\/strong><\/p>\n<ul>\n<li><strong>Accions comercials formulari web:<\/strong><\/li>\n<\/ul>\n<p style=\"padding-left: 80px;\"><strong>Finalitat:<\/strong> Captaci\u00f3, registre i tractament de dades amb finalitats d&#8217;atendre les vostres consultes i\/o sol\u00b7licituds, aix\u00ed com de publicitat i prospecci\u00f3 comercial.<\/p>\n<p style=\"padding-left: 80px;\"><strong>Termini de conservaci\u00f3:<\/strong> mentre es mantingui el consentiment prestat, excepte obligaci\u00f3 legal.<\/p>\n<p style=\"padding-left: 80px;\"><strong>Base leg\u00edtima:<\/strong> El consentiment de linteressat.<\/p>\n<p style=\"padding-left: 80px;\"><strong>Tipologia de Dades:  <\/strong><\/p>\n<p style=\"padding-left: 120px;\"><strong>Dades b\u00e0siques:<\/strong> Nom i cognoms, Adre\u00e7a electr\u00f2nica<\/p>\n<ul>\n<li><strong>Newsletter:  <\/strong><\/li>\n<\/ul>\n<p style=\"padding-left: 80px;\"><strong>Finalitat:<\/strong> Gesti\u00f3 de la subscripci\u00f3 a la newsletter, per fer els enviaments corresponents.<\/p>\n<p style=\"padding-left: 80px;\"><strong>Termini de conservaci\u00f3:<\/strong> mentre es mantingui el consentiment prestat.<\/p>\n<p style=\"padding-left: 80px;\"><strong>Base leg\u00edtima:<\/strong> El consentiment de linteressat.<\/p>\n<p style=\"padding-left: 80px;\"><strong>Tipologia de Dades:  <\/strong><\/p>\n<p style=\"padding-left: 120px;\"><strong>Dades b\u00e0siques:<\/strong> Nom i cognoms, Adre\u00e7a electr\u00f2nica<\/p>\n<ul>\n<li><strong>Instal\u00b7laci\u00f3 de cookies:  <\/strong><\/li>\n<\/ul>\n<p style=\"padding-left: 80px;\"><strong>Finalitat:<\/strong> Gesti\u00f3 i instal\u00b7laci\u00f3 de les cookies.<\/p>\n<p style=\"padding-left: 80px;\"><strong>Termini de conservaci\u00f3:<\/strong> mentre es mantingui el consentiment prestat.<\/p>\n<p style=\"padding-left: 80px;\"><strong>Base leg\u00edtima:<\/strong> El consentiment de linteressat.<\/p>\n<p style=\"padding-left: 80px;\"><strong>Tipologia de Dades:  <\/strong><\/p>\n<p style=\"padding-left: 120px;\"><strong>Dades b\u00e0siques: Adre\u00e7a<\/strong> electr\u00f2nica, Adre\u00e7a IP<\/p>\n<ul>\n<li><strong>Gesti\u00f3 Formulari web:  <\/strong><\/li>\n<\/ul>\n<p style=\"padding-left: 80px;\"><strong>Finalitat:<\/strong> Atendre les vostres consultes i\/o sol\u00b7licituds.<\/p>\n<p style=\"padding-left: 80px;\"><strong>Termini de conservaci\u00f3:<\/strong> mentre es mantingui el consentiment prestat.<\/p>\n<p style=\"padding-left: 80px;\"><strong>Base leg\u00edtima:<\/strong> El consentiment de linteressat.<\/p>\n<p style=\"padding-left: 80px;\"><strong>Tipologia de Dades:  <\/strong><\/p>\n<p style=\"padding-left: 120px;\"><strong>Dades b\u00e0siques:<\/strong> Nom i cognoms, Adre\u00e7a electr\u00f2nica, Adre\u00e7a IP<\/p>\n<ul>\n<li><strong>Gesti\u00f3 usuaris web:  <\/strong><\/li>\n<\/ul>\n<p style=\"padding-left: 80px;\"><strong>Finalitat:<\/strong> Captaci\u00f3, registre i tractament de dades de lusuari.<\/p>\n<p style=\"padding-left: 80px;\"><strong>Termini de conservaci\u00f3:<\/strong> mentre es mantingui el consentiment prestat, excepte obligaci\u00f3 legal.<\/p>\n<p style=\"padding-left: 80px;\"><strong>Base leg\u00edtima:<\/strong> El consentiment de linteressat.<\/p>\n<p style=\"padding-left: 80px;\"><strong>Tipologia de Dades:  <\/strong><\/p>\n<p style=\"padding-left: 120px;\"><strong>Dades b\u00e0siques:<\/strong> Nom i cognoms, Adre\u00e7a electr\u00f2nica<\/p>\n<p>&nbsp;<\/p>\n<p><strong>Drets dels interessats  <\/strong><\/p>\n<p><strong>VICORQUIMIA SA<\/strong> informa als Usuaris que, podr\u00e0 exercir els drets d&#8217;acc\u00e9s, rectificaci\u00f3, limitaci\u00f3, supressi\u00f3, portabilitat, oposici\u00f3 al tractament de les dades de car\u00e0cter personal i el dret a no ser objecte de decisions automatitzades, inclosa l&#8217;elaboraci\u00f3 de perfils, davant del responsable del Tractament, aix\u00ed com a la retirada del consentiment prestat.<\/p>\n<ul>\n<li><strong>Dret d&#8217;acc\u00e9s:<\/strong> \u00c9s el dret de l&#8217;usuari a obtenir confirmaci\u00f3 sobre si s&#8217;estan tractant les vostres dades i, en aquest cas, les dades personals tractades concretes i la informaci\u00f3 legal del tractament (finalitats, base legitimadora, terminis de conservaci\u00f3, cessions, origen de les dades, etc.).<\/li>\n<li><strong>Dret de Rectificaci\u00f3:<\/strong> \u00c9s el dret de l&#8217;afectat que es modifiquin les dades que resultin ser inexactes o incompletes. Pel que fa a la p\u00e0gina web, nom\u00e9s es podr\u00e0 satisfer en relaci\u00f3 amb aquella informaci\u00f3 que estigui sota el control del lloc web, per exemple, eliminar comentaris publicats a la pr\u00f2pia p\u00e0gina, imatges o continguts web on constin dades de car\u00e0cter personal de l&#8217;usuari. <\/li>\n<li><strong>Dret a la Limitaci\u00f3 de tractament:<\/strong> \u00c9s el dret que es limitin les finalitats del tractament previstes de forma original pel responsable del tractament en determinats sup\u00f2sits.<\/li>\n<li><strong>Dret de Supressi\u00f3:<\/strong> \u00c9s el dret a suprimir les dades de car\u00e0cter personal de l&#8217;usuari, a excepci\u00f3 del que preveu el mateix RGPD (llibertat d&#8217;expressi\u00f3 i informaci\u00f3, obligacions de conservaci\u00f3, formulaci\u00f3, exercici o defensa de reclamacions, etc.).<\/li>\n<li><strong>Dret a la Portabilitat:<\/strong> El dret a rebre les dades personals que l&#8217;usuari hagi facilitat, en un format estructurat, d&#8217;\u00fas com\u00fa i lectura mec\u00e0nica, ia transmetre&#8217;ls a un altre responsable quan el tractament es fonamenti en el consentiment o en l&#8217;execuci\u00f3 d&#8217;un contracte i s&#8217;efectu\u00ef per mitjans automatitzats.<\/li>\n<li><strong>Dret d&#8217;oposici\u00f3:<\/strong> \u00c9s el dret de l&#8217;usuari a qu\u00e8 no es dugui a terme el tractament de les seves dades de car\u00e0cter personal o se&#8217;n cessi el tractament per part del lloc web quan el tractament estigui basat en l&#8217;inter\u00e8s leg\u00edtim o l&#8217;inter\u00e8s p\u00fablic o quan es tracti de tractaments de m\u00e0rqueting directe.<\/li>\n<li><strong>Dret a no ser objecte de decisions automatitzades, inclosa l&#8217;elaboraci\u00f3 de perfils:<\/strong> Quan el tractament no \u00e9s necessari per a la celebraci\u00f3 o execuci\u00f3 d&#8217;un contracte, ni est\u00e0 autoritzada pel Dret de la Uni\u00f3 Europea o dels Estats membres ni es basa en el consentiment, t\u00e9 dret a no ser objecte d&#8217;una decisi\u00f3 basada \u00fanicament en el tractament automatitzat, inclosa l&#8217;elaboraci\u00f3 de perfils, que produeixi efectes jur\u00eddics o li produeixi efectes jur\u00eddics.<\/li>\n<li><strong>Dret a retirar el consentiment:<\/strong> Per a qualsevol tractament basat en el vostre consentiment, teniu dret a retirar-lo, en qualsevol moment i de manera gratu\u00efta.<\/li>\n<\/ul>\n<p>Per exercir qualsevol dels drets en mat\u00e8ria de protecci\u00f3 de dades descrites anteriorment haur\u00e0 de seguir les indicacions seg\u00fcents:<\/p>\n<ul>\n<li>Presentaci\u00f3 d&#8217;un escrit a l&#8217;adre\u00e7a AV DELS VENTS, 9-13 ESC A 6\u00e8 1a, 08917 BADALONA (BARCELONA) (a l&#8217;atenci\u00f3 de VICORQUIMIA SA) o b\u00e9 per correu electr\u00f2nic a correu electr\u00f2nic a <strong>complaince@vicorquimia.com<\/strong> .<\/li>\n<li>L&#8217;escrit rem\u00e8s pel titular de les dades personals (interessat\/ada) que sol\u00b7licite l&#8217;exercici de drets haur\u00e0 de tenir en compte el seg\u00fcent:\n<ul>\n<li>S&#8217;haur\u00e0 d&#8217;identificar fefaentment i, en cas que concorrin dubtes sobre la identitat del sol\u00b7licitant, se us sol\u00b7licitar\u00e0 que solucioni la petici\u00f3 (p. ex. sol\u00b7licitant m\u00e9s informaci\u00f3, com el n\u00famero de DNI, el document del DNI, el correu electr\u00f2nic que va aportar, etc.)<\/li>\n<li>La sol\u00b7licitud la pot fer el representant, legal o voluntari, quan aquest estigui degudament identificat i autoritzat pel titular de les dades (mitjan\u00e7ant una autoritzaci\u00f3 expressa del titular per exercir els drets personal\u00edssims regulats a la normativa en mat\u00e8ria de protecci\u00f3 de dades personals).<\/li>\n<li>Petici\u00f3 en qu\u00e8 es concreta la sol\u00b7licitud (Dret\/es que es pretenen exercir). Si no feu refer\u00e8ncia a un tractament concret se us facilitar\u00e0 resposta en relaci\u00f3 a tots els tractaments que afecten les vostres dades de car\u00e0cter personal. Si sol\u00b7liciteu informaci\u00f3 d&#8217;un tractament en concret, nom\u00e9s la informaci\u00f3 d&#8217;aquest. Si ho demaneu per tel\u00e8fon se us indicar\u00e0 que ho feu per escrit i se us informar\u00e0 de com ho podeu fer i l&#8217;adre\u00e7a a la qual heu d&#8217;enviar-ho. Mai no se us donar\u00e0 informaci\u00f3 per tel\u00e8fon.    <\/li>\n<li>Adre\u00e7a postal o electr\u00f2nica a efectes de notificacions.<\/li>\n<li>Documents acreditatius de la petici\u00f3 que formula, en cas que siguin necessaris.<\/li>\n<li>La persona sol\u00b7licitant ha d&#8217;utilitzar qualsevol mitj\u00e0 que permeti acreditar l&#8217;enviament i la recepci\u00f3 de la sol\u00b7licitud.<\/li>\n<\/ul>\n<\/li>\n<\/ul>\n<p>Finalment, us informem que teniu dret a presentar una reclamaci\u00f3 davant l&#8217;Ag\u00e8ncia Espanyola de Protecci\u00f3 de Dades en cas que en tingueu coneixement o considereu que un fet pugui suposar un incompliment de la normativa aplicable en mat\u00e8ria de protecci\u00f3 de dades.<\/p>\n<p><strong>VICORQUIMIA SA<\/strong> es compromet a adoptar les mesures t\u00e8cniques i organitzatives necess\u00e0ries, d&#8217;acord amb el nivell de riscos que acompanyen els tractaments realitzats per aquestes i indicats en aquest mateix apartat, de manera que en garanteixin la integritat, la confidencialitat i la disponibilitat.<\/p>\n<p>&nbsp;<\/p>\n<p><strong>Darrera actualitzaci\u00f3:<\/strong> 11 de desembre de 2024<\/p>\n","protected":false},"excerpt":{"rendered":"<p>Dades del propietari de la web: RA\u00d3 SOCIAL: VICORQUIMIA SA NIF: A08268153 DOMINI: https:\/\/www.agrolac.com\/ ADRE\u00c7A POSTAL: AV DELS VENTS, 9-13 ESC A 6\u00e8 1a,08917 BADALONA(BARCELONA) DIRECCI\u00d3 ELECTR\u00d2NICA: compliance@vicorquimia.com TEL\u00c8FONS: 932011222 REGISTRE\/ DADES ADDICIONALS: &nbsp; Protecci\u00f3 de dades De conformitat amb la normativa vigent i aplicable en protecci\u00f3 de dades de car\u00e0cter personal, us informem que [&hellip;]<\/p>\n","protected":false},"author":3,"featured_media":0,"parent":0,"menu_order":0,"comment_status":"closed","ping_status":"closed","template":"","meta":{"_acf_changed":false,"_joinchat":[],"footnotes":""},"class_list":["post-2013","page","type-page","status-publish","hentry"],"acf":[],"yoast_head":"<!-- This site is optimized with the Yoast SEO plugin v27.1.1 - https:\/\/yoast.com\/product\/yoast-seo-wordpress\/ -->\n<title>Pol\u00edtica de Privadesa - Agrolac<\/title>\n<meta name=\"description\" content=\"Consulta la pol\u00edtica de protecci\u00f3 de dades de VICORQUIMIA SA i coneix els teus drets sobre privadesa, \u00fas de cookies i formularis web.\" \/>\n<meta name=\"robots\" content=\"index, follow, max-snippet:-1, max-image-preview:large, max-video-preview:-1\" \/>\n<link rel=\"canonical\" href=\"https:\/\/www.agrolac.com\/ca\/politica-de-privadesa\/\" \/>\n<meta property=\"og:locale\" content=\"ca_ES\" \/>\n<meta property=\"og:type\" content=\"article\" \/>\n<meta property=\"og:title\" content=\"Pol\u00edtica de Privadesa - Agrolac\" \/>\n<meta property=\"og:description\" content=\"Consulta la pol\u00edtica de protecci\u00f3 de dades de VICORQUIMIA SA i coneix els teus drets sobre privadesa, \u00fas de cookies i formularis web.\" \/>\n<meta property=\"og:url\" content=\"https:\/\/www.agrolac.com\/ca\/politica-de-privadesa\/\" \/>\n<meta property=\"og:site_name\" content=\"Agrolac\" \/>\n<meta name=\"twitter:card\" content=\"summary_large_image\" \/>\n<meta name=\"twitter:label1\" content=\"Est. reading time\" \/>\n\t<meta name=\"twitter:data1\" content=\"6 minut\" \/>\n<script type=\"application\/ld+json\" class=\"yoast-schema-graph\">{\"@context\":\"https:\/\/schema.org\",\"@graph\":[{\"@type\":\"WebPage\",\"@id\":\"https:\/\/www.agrolac.com\/ca\/politica-de-privadesa\/\",\"url\":\"https:\/\/www.agrolac.com\/ca\/politica-de-privadesa\/\",\"name\":\"Pol\u00edtica de Privadesa - Agrolac\",\"isPartOf\":{\"@id\":\"https:\/\/www.agrolac.com\/ca\/#website\"},\"datePublished\":\"2023-05-30T14:29:54+00:00\",\"description\":\"Consulta la pol\u00edtica de protecci\u00f3 de dades de VICORQUIMIA SA i coneix els teus drets sobre privadesa, \u00fas de cookies i formularis web.\",\"breadcrumb\":{\"@id\":\"https:\/\/www.agrolac.com\/ca\/politica-de-privadesa\/#breadcrumb\"},\"inLanguage\":\"ca\",\"potentialAction\":[{\"@type\":\"ReadAction\",\"target\":[\"https:\/\/www.agrolac.com\/ca\/politica-de-privadesa\/\"]}]},{\"@type\":\"BreadcrumbList\",\"@id\":\"https:\/\/www.agrolac.com\/ca\/politica-de-privadesa\/#breadcrumb\",\"itemListElement\":[{\"@type\":\"ListItem\",\"position\":1,\"name\":\"Inici\",\"item\":\"https:\/\/www.agrolac.com\/ca\/inici\/\"},{\"@type\":\"ListItem\",\"position\":2,\"name\":\"Pol\u00edtica de Privadesa\"}]},{\"@type\":\"WebSite\",\"@id\":\"https:\/\/www.agrolac.com\/ca\/#website\",\"url\":\"https:\/\/www.agrolac.com\/ca\/\",\"name\":\"VICORQUIMIA\",\"description\":\"Agrolac \u00e9s una empresa de Barcelona, fundada el 1982, especialitzada en distribuci\u00f3 de productes agroqu\u00edmics per a l&#039;agricultura europea.\",\"publisher\":{\"@id\":\"https:\/\/www.agrolac.com\/ca\/#organization\"},\"potentialAction\":[{\"@type\":\"SearchAction\",\"target\":{\"@type\":\"EntryPoint\",\"urlTemplate\":\"https:\/\/www.agrolac.com\/ca\/?s={search_term_string}\"},\"query-input\":{\"@type\":\"PropertyValueSpecification\",\"valueRequired\":true,\"valueName\":\"search_term_string\"}}],\"inLanguage\":\"ca\"},{\"@type\":\"Organization\",\"@id\":\"https:\/\/www.agrolac.com\/ca\/#organization\",\"name\":\"VICORQUIMIA\",\"url\":\"https:\/\/www.agrolac.com\/ca\/\",\"logo\":{\"@type\":\"ImageObject\",\"inLanguage\":\"ca\",\"@id\":\"https:\/\/www.agrolac.com\/ca\/#\/schema\/logo\/image\/\",\"url\":\"https:\/\/www.agrolac.com\/wp-content\/uploads\/2025\/10\/agrolac-logo.svg\",\"contentUrl\":\"https:\/\/www.agrolac.com\/wp-content\/uploads\/2025\/10\/agrolac-logo.svg\",\"caption\":\"VICORQUIMIA\"},\"image\":{\"@id\":\"https:\/\/www.agrolac.com\/ca\/#\/schema\/logo\/image\/\"},\"sameAs\":[\"https:\/\/www.linkedin.com\/company\/vicorquimia\/\"]}]}<\/script>\n<!-- \/ Yoast SEO plugin. -->","yoast_head_json":{"title":"Pol\u00edtica de Privadesa - Agrolac","description":"Consulta la pol\u00edtica de protecci\u00f3 de dades de VICORQUIMIA SA i coneix els teus drets sobre privadesa, \u00fas de cookies i formularis web.","robots":{"index":"index","follow":"follow","max-snippet":"max-snippet:-1","max-image-preview":"max-image-preview:large","max-video-preview":"max-video-preview:-1"},"canonical":"https:\/\/www.agrolac.com\/ca\/politica-de-privadesa\/","og_locale":"ca_ES","og_type":"article","og_title":"Pol\u00edtica de Privadesa - Agrolac","og_description":"Consulta la pol\u00edtica de protecci\u00f3 de dades de VICORQUIMIA SA i coneix els teus drets sobre privadesa, \u00fas de cookies i formularis web.","og_url":"https:\/\/www.agrolac.com\/ca\/politica-de-privadesa\/","og_site_name":"Agrolac","twitter_card":"summary_large_image","twitter_misc":{"Est. reading time":"6 minut"},"schema":{"@context":"https:\/\/schema.org","@graph":[{"@type":"WebPage","@id":"https:\/\/www.agrolac.com\/ca\/politica-de-privadesa\/","url":"https:\/\/www.agrolac.com\/ca\/politica-de-privadesa\/","name":"Pol\u00edtica de Privadesa - Agrolac","isPartOf":{"@id":"https:\/\/www.agrolac.com\/ca\/#website"},"datePublished":"2023-05-30T14:29:54+00:00","description":"Consulta la pol\u00edtica de protecci\u00f3 de dades de VICORQUIMIA SA i coneix els teus drets sobre privadesa, \u00fas de cookies i formularis web.","breadcrumb":{"@id":"https:\/\/www.agrolac.com\/ca\/politica-de-privadesa\/#breadcrumb"},"inLanguage":"ca","potentialAction":[{"@type":"ReadAction","target":["https:\/\/www.agrolac.com\/ca\/politica-de-privadesa\/"]}]},{"@type":"BreadcrumbList","@id":"https:\/\/www.agrolac.com\/ca\/politica-de-privadesa\/#breadcrumb","itemListElement":[{"@type":"ListItem","position":1,"name":"Inici","item":"https:\/\/www.agrolac.com\/ca\/inici\/"},{"@type":"ListItem","position":2,"name":"Pol\u00edtica de Privadesa"}]},{"@type":"WebSite","@id":"https:\/\/www.agrolac.com\/ca\/#website","url":"https:\/\/www.agrolac.com\/ca\/","name":"VICORQUIMIA","description":"Agrolac \u00e9s una empresa de Barcelona, fundada el 1982, especialitzada en distribuci\u00f3 de productes agroqu\u00edmics per a l&#039;agricultura europea.","publisher":{"@id":"https:\/\/www.agrolac.com\/ca\/#organization"},"potentialAction":[{"@type":"SearchAction","target":{"@type":"EntryPoint","urlTemplate":"https:\/\/www.agrolac.com\/ca\/?s={search_term_string}"},"query-input":{"@type":"PropertyValueSpecification","valueRequired":true,"valueName":"search_term_string"}}],"inLanguage":"ca"},{"@type":"Organization","@id":"https:\/\/www.agrolac.com\/ca\/#organization","name":"VICORQUIMIA","url":"https:\/\/www.agrolac.com\/ca\/","logo":{"@type":"ImageObject","inLanguage":"ca","@id":"https:\/\/www.agrolac.com\/ca\/#\/schema\/logo\/image\/","url":"https:\/\/www.agrolac.com\/wp-content\/uploads\/2025\/10\/agrolac-logo.svg","contentUrl":"https:\/\/www.agrolac.com\/wp-content\/uploads\/2025\/10\/agrolac-logo.svg","caption":"VICORQUIMIA"},"image":{"@id":"https:\/\/www.agrolac.com\/ca\/#\/schema\/logo\/image\/"},"sameAs":["https:\/\/www.linkedin.com\/company\/vicorquimia\/"]}]}},"_links":{"self":[{"href":"https:\/\/www.agrolac.com\/ca\/wp-json\/wp\/v2\/pages\/2013","targetHints":{"allow":["GET"]}}],"collection":[{"href":"https:\/\/www.agrolac.com\/ca\/wp-json\/wp\/v2\/pages"}],"about":[{"href":"https:\/\/www.agrolac.com\/ca\/wp-json\/wp\/v2\/types\/page"}],"author":[{"embeddable":true,"href":"https:\/\/www.agrolac.com\/ca\/wp-json\/wp\/v2\/users\/3"}],"replies":[{"embeddable":true,"href":"https:\/\/www.agrolac.com\/ca\/wp-json\/wp\/v2\/comments?post=2013"}],"version-history":[{"count":0,"href":"https:\/\/www.agrolac.com\/ca\/wp-json\/wp\/v2\/pages\/2013\/revisions"}],"wp:attachment":[{"href":"https:\/\/www.agrolac.com\/ca\/wp-json\/wp\/v2\/media?parent=2013"}],"curies":[{"name":"wp","href":"https:\/\/api.w.org\/{rel}","templated":true}]}}