{"id":1870,"date":"2023-04-27T17:11:17","date_gmt":"2023-04-27T15:11:17","guid":{"rendered":"https:\/\/www.agrolac.com\/politica-de-cookies\/"},"modified":"2025-08-22T13:43:40","modified_gmt":"2025-08-22T11:43:40","slug":"politica-de-cookies","status":"publish","type":"page","link":"https:\/\/www.agrolac.com\/ca\/politica-de-cookies\/","title":{"rendered":"Pol\u00edtica de Cookies"},"content":{"rendered":"\t\t<div data-elementor-type=\"wp-page\" data-elementor-id=\"1870\" class=\"elementor elementor-1870 elementor-300\" data-elementor-post-type=\"page\">\n\t\t\t\t<div class=\"elementor-element elementor-element-4b501604 e-flex e-con-boxed e-con e-parent\" data-id=\"4b501604\" data-element_type=\"container\" data-e-type=\"container\">\n\t\t\t\t\t<div class=\"e-con-inner\">\n\t\t\t\t<div class=\"elementor-element elementor-element-9219075 elementor-widget elementor-widget-text-editor\" data-id=\"9219075\" data-element_type=\"widget\" data-e-type=\"widget\" data-widget_type=\"text-editor.default\">\n\t\t\t\t\t\t\t\t\t<p><strong>POL\u00cdTICA DE COOKIES<\/strong><\/p><p>Conformement al que disposa l&#8217;article 22.2 de la Llei 34\/2002, d&#8217;11 de juliol, de Serveis de la Societat de la Informaci\u00f3 i de Comer\u00e7 Electr\u00f2nic (LSSI-CE) vigent, <strong>VICORQUIMIA SA<\/strong> ha de complir amb l&#8217;obligaci\u00f3 d&#8217;informar sobre les cookies que utilitza i les seves finalitats.<\/p><p>Aquest lloc web utilitza galetes i\/o tecnologies similars que emmagatzemen i recuperen informaci\u00f3 quan navegues. Les galetes permeten a una p\u00e0gina web, entre altres coses, emmagatzemar i recuperar informaci\u00f3 sobre els h\u00e0bits de navegaci\u00f3 d&#8217;un Usuari o del seu equip i, depenent de la informaci\u00f3 que contingui i de la manera com utilitzi el seu equip, es poden utilitzar per recon\u00e8ixer l&#8217;Usuari. <\/p><p>Les cookies s\u00f3n essencials per al funcionament d&#8217;internet, aportant innombrables avantatges en la prestaci\u00f3 de serveis interactius, facilitant a l&#8217;usuari la navegaci\u00f3 i la usabilitat de la nostra web.<\/p><p>L&#8217;usuari pot modificar la configuraci\u00f3 personalitzada <strong><a href=\"#\" data-cky-tag=\"revisit-consent\">AQU\u00cd<\/a><\/strong> .<\/p><p>La informaci\u00f3 que us proporcionem a continuaci\u00f3 us ajudar\u00e0 a comprendre els diferents tipus de cookies:<\/p><ul><li><strong>TIPUS DE COOKIES  <\/strong><ul><li><strong>SEGONS L&#8217;ENTITAT QUE LES GESTIONEU  <\/strong><\/li><\/ul><\/li><\/ul><p style=\"padding-left: 120px;\"><strong>COOKIES PR\u00d2PIES:<\/strong> S\u00f3n aquelles que s&#8217;envien a l&#8217;equip terminal de l&#8217;usuari des d&#8217;un equip o domini gestionat pel mateix editor i des del qual es presta el servei sol\u00b7licitat per l&#8217;usuari.<\/p><p style=\"padding-left: 120px;\"><strong>COOKIES DE TERCER:<\/strong> S\u00f3n aquelles que s&#8217;envien a l&#8217;equip terminal de l&#8217;usuari des d&#8217;un equip o domini que no \u00e9s gestionat per l&#8217;editor, sin\u00f3 per una altra entitat que tracta les dades obtingudes a trav\u00e9s de les galetes.<\/p><ul><li style=\"list-style-type: none;\"><ul><li><strong>SEGONS EL TERMINI DE TEMPS QUE ROMANDEN ACTIVADES<\/strong><\/li><\/ul><\/li><\/ul><p style=\"padding-left: 120px;\"><strong>COOKIES DE SESSI\u00d3:<\/strong> S\u00f3n aquelles dissenyades per demanar i emmagatzemar dades mentre l&#8217;usuari accedeix a una p\u00e0gina web. Se solen emprar per emmagatzemar informaci\u00f3 que nom\u00e9s interessa conservar per a la prestaci\u00f3 del servei sol\u00b7licitat per l&#8217;usuari en una sola ocasi\u00f3 (per exemple, una llista de productes adquirits) i desapareixen en acabar la sessi\u00f3. <\/p><p style=\"padding-left: 120px;\"><strong>COOKIES PERSISTENTS:<\/strong> S\u00f3n aquelles en qu\u00e8 les dades segueixen emmagatzemades al terminal i poden ser accedides i tractades durant un per\u00edode definit pel responsable de la galeta, i que pot anar d&#8217;uns minuts a diversos anys.<\/p><ul><li style=\"list-style-type: none;\"><ul><li><strong>SEGONS LA SEVA FINALITAT  <\/strong><\/li><\/ul><\/li><\/ul><p style=\"padding-left: 120px;\"><strong>COOKIES T\u00c8CNIQUES:<\/strong> S\u00f3n aquelles que permeten a l&#8217;usuari la navegaci\u00f3 a trav\u00e9s d&#8217;una p\u00e0gina web, plataforma o aplicaci\u00f3 i la utilitzaci\u00f3 de les diferents opcions o serveis que hi hagi.<\/p><p style=\"padding-left: 120px;\"><strong>COOKIES DE PERSONALITZACI\u00d3:<\/strong> Permeten aplicar caracter\u00edstiques pr\u00f2pies per a la navegaci\u00f3 de l&#8217;usuari pel web (Ex. idioma).<\/p><p style=\"padding-left: 120px;\"><strong>COOKIES D&#8217;AN\u00c0LISI:<\/strong> S\u00f3n aquelles que permeten al responsable d&#8217;aquestes el seguiment i l&#8217;an\u00e0lisi del comportament dels usuaris dels llocs web als quals estan vinculades, inclosa la quantificaci\u00f3 dels impactes dels anuncis. La informaci\u00f3 recollida mitjan\u00e7ant aquest tipus de galetes s&#8217;utilitza en el mesurament de l&#8217;activitat dels llocs web, aplicaci\u00f3 o plataforma, per introduir millores en funci\u00f3 de l&#8217;an\u00e0lisi de les dades d&#8217;\u00fas que fan els usuaris del servei. <\/p><p style=\"padding-left: 120px;\"><strong>COOKIES PUBLICIT\u00c0RIES:<\/strong> Permeten a l&#8217;editor incloure a la p\u00e0gina web espais publicitaris, segons el contingut de la pr\u00f2pia web.<\/p><p style=\"padding-left: 120px;\"><strong>COOKIES DE PUBLICITAT COMPORTAMENTAL:<\/strong> S\u00f3n aquelles que emmagatzemen informaci\u00f3 del comportament dels usuaris obtinguda a trav\u00e9s de l&#8217;observaci\u00f3 continuada dels seus h\u00e0bits de navegaci\u00f3, cosa que permet desenvolupar un perfil espec\u00edfic per mostrar publicitat en funci\u00f3 del mateix.<\/p><p> <\/p><p>Us informem dels tipus de cookies que s&#8217;utilitzen en aquest lloc web i la seva finalitat:<\/p><p><strong>COOKIES PR\u00d2PIES<\/strong><\/p><p>Entre les galetes que utilitzem hi ha:<\/p><p>\u2022 Les de sessi\u00f3, que expiren quan l&#8217;usuari abandona la p\u00e0gina o tanca el navegador; \u00e9s a dir, estan actives mentre dura la visita al lloc web i per tant s\u00f3n esborrades del nostre ordinador en abandonar-lo. (Per exemple: PHPSESSIONID, galeta de sessi\u00f3 imprescindible per gestionar la navegaci\u00f3 al lloc). <\/p><p>\u2022 Les cookies pr\u00f2pies s\u00f3n les enviades al vostre ordinador i gestionades exclusivament per nosaltres per al millor funcionament del lloc web. La informaci\u00f3 que recollim es fa servir per millorar la qualitat del nostre servei i la vostra experi\u00e8ncia com a usuari. <\/p><p>\u2022 Les galetes de geolocalitzaci\u00f3 s&#8217;utilitzen per emmagatzemar dades de localitzaci\u00f3 i oferir continguts i serveis individualitzats.<\/p><p>\u2022 Les galetes anal\u00edtiques s\u00f3n galetes de Google Analytics que recopilen informaci\u00f3 sobre la navegaci\u00f3 de l&#8217;usuari (p\u00e0gines anteriors, temps de perman\u00e8ncia en una p\u00e0gina, enlla\u00e7os visitats, etc.).<\/p><p><b>\u00das de complements i galetes de tercers<\/b><\/p><p class=\"text-secondary-dark text-md font-semibold mb-2\">Cookies necess\u00e0ries<\/p><div class=\"text-secondary-dark text-md mb-2\" data-testid=\"category-description\"><p>Les galetes necess\u00e0ries s\u00f3n crucials per a les funcions b\u00e0siques del lloc web i el lloc web no funcionar\u00e0 de la manera prevista sense. Aquestes galetes no emmagatzemen cap dada d&#8217;identificaci\u00f3 personal.<\/p><\/div><p>Els complements i les galetes emprats inclouen:<\/p><table style=\"height: 278px;\" width=\"617\" cellspacing=\"0\" cellpadding=\"0\"><tbody><tr><td valign=\"bottom\">Cookie<\/td> <td valign=\"bottom\">Durada<\/td> <td valign=\"bottom\">Descripci\u00f3<\/td><\/tr><tr><td valign=\"bottom\">elementor<\/td> <td valign=\"bottom\">Mai caduca<\/td><td valign=\"bottom\">El tema de WordPress del lloc web estableix aquesta galeta. Permet al propietari del lloc web implementar o canviar el contingut del lloc web a temps real. <\/td><\/tr><tr><td valign=\"bottom\">wpEmojiSettingsSupports<\/td> <td valign=\"bottom\">sessi\u00f3<\/td><td valign=\"bottom\">WordPress estableix aquesta galeta quan un usuari interactua amb emojis en un lloc de WordPress. Ajuda a determinar si el navegador de lusuari pot mostrar els emojis correctament. <\/td><\/tr><tr><td valign=\"bottom\">cookieyes-consent<\/td> <td valign=\"bottom\">1 any<\/td><td valign=\"bottom\">CookieYes estableix aquesta galeta per recordar les prefer\u00e8ncies de consentiment dels usuaris, de manera que es respectin les seves prefer\u00e8ncies en les visites seg\u00fcents a aquest lloc. No recull ni emmagatzema cap informaci\u00f3 personal sobre els visitants del lloc. <\/td><\/tr><tr><td valign=\"bottom\">rc::a<\/td> <td valign=\"bottom\">Mai caduca<\/td> <td valign=\"bottom\">Aquesta galeta \u00e9s establerta pel servei Google reCAPTCHA per identificar bots i protegir el lloc web contra atacs de correu brossa maliciosos.<\/td><\/tr><tr><td valign=\"bottom\">rc::c<\/td> <td valign=\"bottom\">sessi\u00f3<\/td> <td valign=\"bottom\">Aquesta galeta \u00e9s establerta pel servei Google reCAPTCHA per identificar bots i protegir el lloc web contra atacs de correu brossa maliciosos.<\/td><\/tr><\/tbody><\/table><p><i>Aquest quadre informatiu s&#8217;actualitzar\u00e0 amb la m\u00e0xima celeritat possible a mesura que canvi\u00efn els serveis oferts en aquest lloc web. Aix\u00f2 no obstant, puntalment durant aquesta actualitzaci\u00f3, podria passar que el quadre informatiu deix\u00e9s d&#8217;incloure alguna galeta, tag o altres sistemes similars que permetin la tra\u00e7abilitat d&#8217;un usuari o el seu dispositiu, si b\u00e9 es tractar\u00e0 sempre de sistemes amb finalitats id\u00e8ntiques a qu\u00e8 consten en aquest quadre. <\/i><\/p><p><b>Desactivaci\u00f3 de les cookies<\/b><\/p><p>L&#8217;usuari pot decidir lliurement sobre la implantaci\u00f3 o no al seu disc dur de les nostres cookies aix\u00ed com la seva eliminaci\u00f3, seguint el procediment establert a la secci\u00f3 d&#8217;ajuda del seu navegador. L&#8217;usuari pot tamb\u00e9 configurar el seu navegador per acceptar o rebutjar per defecte totes les galetes o per rebre un av\u00eds en pantalla de la recepci\u00f3 de cada galeta i decidir en aquell moment la seva implantaci\u00f3 o no al disc dur. <\/p><p>A continuaci\u00f3, us proporcionem els enlla\u00e7os de diversos navegadors, a trav\u00e9s dels quals podreu modificar la configuraci\u00f3 del vostre navegador sobre l&#8217;\u00fas de cookies:<\/p><p><strong>Firefox:  <\/strong><\/p><p><a href=\"https:\/\/support.mozilla.org\/es\/kb\/cookies-informacion-que-los-sitios-web-guardan-en\">https:\/\/support.mozilla.org\/es\/kb\/cookies-informacion-que-los-sitios-web-guardan-en<\/a><\/p><p><strong>Chrome:  <\/strong><\/p><p><a href=\"http:\/\/support.google.com\/chrome\/bin\/answer.py?hl=es&amp;answer=95647\">http:\/\/support.google.com\/chrome\/bin\/answer.py?hl=es&amp;answer=95647<\/a><\/p><p><strong>Internet Explorer:<\/strong><\/p><p><a href=\"http:\/\/windows.microsoft.com\/es-es\/internet-explorer\/delete-manage-cookies#ie=ie-10\">http:\/\/windows.microsoft.com\/es-es\/internet-explorer\/delete-manage-cookies#ie=ie-10<\/a><\/p><p><strong>Microsoft Edge:  <\/strong><\/p><p><a href=\"https:\/\/support.microsoft.com\/es-es\/microsoft-edge\/eliminar-las-cookies-en-microsoft-edge-63947406-40ac-c3b8-57b9-2a946a29ae09\">https:\/\/support.microsoft.com\/es-es\/microsoft-edge\/eliminar-las-cookies-en-microsoft-edge-63947406-40ac-c3b8-57b9-2a946a29ae09<\/a><\/p><p><strong>Safari:  <\/strong><\/p><p><a href=\"https:\/\/support.apple.com\/kb\/ph17191?locale=es_ES\">https:\/\/support.apple.com\/kb\/ph17191?locale=es_ES<\/a><\/p><p><strong>Opera:  <\/strong><\/p><p><a href=\"https:\/\/help.opera.com\/en\/latest\/web-preferences\/#cookies\">https:\/\/help.opera.com\/en\/latest\/web-preferences\/#cookies<\/a><\/p><p>Per con\u00e8ixer m\u00e9s informaci\u00f3 sobre el tractament de dades personals, us recomanem visitar el nostre apartat \u201cPol\u00edtica de Privadesa\u201d.<\/p><p>El fet que l&#8217;usuari configuri el seu navegador per rebutjar totes les galetes o expressament les nostres galetes pot suposar que no sigui possible accedir a alguns dels serveis i que la seva experi\u00e8ncia a la nostra web pugui resultar menys satisfact\u00f2ria.<\/p><p><strong>Darrera actualitzaci\u00f3:<\/strong> 11 de desembre de 2024<\/p>\t\t\t\t\t\t\t\t<\/div>\n\t\t\t\t\t<\/div>\n\t\t\t\t<\/div>\n\t\t\t\t<\/div>\n\t\t","protected":false},"excerpt":{"rendered":"<p>POL\u00cdTICA DE COOKIES Conformement al que disposa l&#8217;article 22.2 de la Llei 34\/2002, d&#8217;11 de juliol, de Serveis de la Societat de la Informaci\u00f3 i de Comer\u00e7 Electr\u00f2nic (LSSI-CE) vigent, VICORQUIMIA SA ha de complir amb l&#8217;obligaci\u00f3 d&#8217;informar sobre les cookies que utilitza i les seves finalitats. Aquest lloc web utilitza galetes i\/o tecnologies similars [&hellip;]<\/p>\n","protected":false},"author":3,"featured_media":0,"parent":0,"menu_order":0,"comment_status":"closed","ping_status":"closed","template":"","meta":{"_acf_changed":false,"_joinchat":[],"footnotes":""},"class_list":["post-1870","page","type-page","status-publish","hentry"],"acf":[],"yoast_head":"<!-- This site is optimized with the Yoast SEO plugin v27.1.1 - https:\/\/yoast.com\/product\/yoast-seo-wordpress\/ -->\n<title>Pol\u00edtica de Cookies - Agrolac<\/title>\n<meta name=\"description\" content=\"Informa&#039;t sobre l&#039;\u00fas de cookies a la web de VICORQUIMIA SA: tipus, finalitat, consentiment i com gestionar-les des del teu navegador.\" \/>\n<meta name=\"robots\" content=\"index, follow, max-snippet:-1, max-image-preview:large, max-video-preview:-1\" \/>\n<link rel=\"canonical\" href=\"https:\/\/www.agrolac.com\/ca\/politica-de-cookies\/\" \/>\n<meta property=\"og:locale\" content=\"ca_ES\" \/>\n<meta property=\"og:type\" content=\"article\" \/>\n<meta property=\"og:title\" content=\"Pol\u00edtica de Cookies - Agrolac\" \/>\n<meta property=\"og:description\" content=\"Informa&#039;t sobre l&#039;\u00fas de cookies a la web de VICORQUIMIA SA: tipus, finalitat, consentiment i com gestionar-les des del teu navegador.\" \/>\n<meta property=\"og:url\" content=\"https:\/\/www.agrolac.com\/ca\/politica-de-cookies\/\" \/>\n<meta property=\"og:site_name\" content=\"Agrolac\" \/>\n<meta property=\"article:modified_time\" content=\"2025-08-22T11:43:40+00:00\" \/>\n<meta name=\"twitter:card\" content=\"summary_large_image\" \/>\n<meta name=\"twitter:label1\" content=\"Est. reading time\" \/>\n\t<meta name=\"twitter:data1\" content=\"6 minut\" \/>\n<script type=\"application\/ld+json\" class=\"yoast-schema-graph\">{\"@context\":\"https:\/\/schema.org\",\"@graph\":[{\"@type\":\"WebPage\",\"@id\":\"https:\/\/www.agrolac.com\/ca\/politica-de-cookies\/\",\"url\":\"https:\/\/www.agrolac.com\/ca\/politica-de-cookies\/\",\"name\":\"Pol\u00edtica de Cookies - Agrolac\",\"isPartOf\":{\"@id\":\"https:\/\/www.agrolac.com\/ca\/#website\"},\"datePublished\":\"2023-04-27T15:11:17+00:00\",\"dateModified\":\"2025-08-22T11:43:40+00:00\",\"description\":\"Informa't sobre l'\u00fas de cookies a la web de VICORQUIMIA SA: tipus, finalitat, consentiment i com gestionar-les des del teu navegador.\",\"breadcrumb\":{\"@id\":\"https:\/\/www.agrolac.com\/ca\/politica-de-cookies\/#breadcrumb\"},\"inLanguage\":\"ca\",\"potentialAction\":[{\"@type\":\"ReadAction\",\"target\":[\"https:\/\/www.agrolac.com\/ca\/politica-de-cookies\/\"]}]},{\"@type\":\"BreadcrumbList\",\"@id\":\"https:\/\/www.agrolac.com\/ca\/politica-de-cookies\/#breadcrumb\",\"itemListElement\":[{\"@type\":\"ListItem\",\"position\":1,\"name\":\"Inici\",\"item\":\"https:\/\/www.agrolac.com\/ca\/inici\/\"},{\"@type\":\"ListItem\",\"position\":2,\"name\":\"Pol\u00edtica de Cookies\"}]},{\"@type\":\"WebSite\",\"@id\":\"https:\/\/www.agrolac.com\/ca\/#website\",\"url\":\"https:\/\/www.agrolac.com\/ca\/\",\"name\":\"VICORQUIMIA\",\"description\":\"Agrolac \u00e9s una empresa de Barcelona, fundada el 1982, especialitzada en distribuci\u00f3 de productes agroqu\u00edmics per a l&#039;agricultura europea.\",\"publisher\":{\"@id\":\"https:\/\/www.agrolac.com\/ca\/#organization\"},\"potentialAction\":[{\"@type\":\"SearchAction\",\"target\":{\"@type\":\"EntryPoint\",\"urlTemplate\":\"https:\/\/www.agrolac.com\/ca\/?s={search_term_string}\"},\"query-input\":{\"@type\":\"PropertyValueSpecification\",\"valueRequired\":true,\"valueName\":\"search_term_string\"}}],\"inLanguage\":\"ca\"},{\"@type\":\"Organization\",\"@id\":\"https:\/\/www.agrolac.com\/ca\/#organization\",\"name\":\"VICORQUIMIA\",\"url\":\"https:\/\/www.agrolac.com\/ca\/\",\"logo\":{\"@type\":\"ImageObject\",\"inLanguage\":\"ca\",\"@id\":\"https:\/\/www.agrolac.com\/ca\/#\/schema\/logo\/image\/\",\"url\":\"https:\/\/www.agrolac.com\/wp-content\/uploads\/2025\/10\/agrolac-logo.svg\",\"contentUrl\":\"https:\/\/www.agrolac.com\/wp-content\/uploads\/2025\/10\/agrolac-logo.svg\",\"caption\":\"VICORQUIMIA\"},\"image\":{\"@id\":\"https:\/\/www.agrolac.com\/ca\/#\/schema\/logo\/image\/\"},\"sameAs\":[\"https:\/\/www.linkedin.com\/company\/vicorquimia\/\"]}]}<\/script>\n<!-- \/ Yoast SEO plugin. -->","yoast_head_json":{"title":"Pol\u00edtica de Cookies - Agrolac","description":"Informa't sobre l'\u00fas de cookies a la web de VICORQUIMIA SA: tipus, finalitat, consentiment i com gestionar-les des del teu navegador.","robots":{"index":"index","follow":"follow","max-snippet":"max-snippet:-1","max-image-preview":"max-image-preview:large","max-video-preview":"max-video-preview:-1"},"canonical":"https:\/\/www.agrolac.com\/ca\/politica-de-cookies\/","og_locale":"ca_ES","og_type":"article","og_title":"Pol\u00edtica de Cookies - Agrolac","og_description":"Informa't sobre l'\u00fas de cookies a la web de VICORQUIMIA SA: tipus, finalitat, consentiment i com gestionar-les des del teu navegador.","og_url":"https:\/\/www.agrolac.com\/ca\/politica-de-cookies\/","og_site_name":"Agrolac","article_modified_time":"2025-08-22T11:43:40+00:00","twitter_card":"summary_large_image","twitter_misc":{"Est. reading time":"6 minut"},"schema":{"@context":"https:\/\/schema.org","@graph":[{"@type":"WebPage","@id":"https:\/\/www.agrolac.com\/ca\/politica-de-cookies\/","url":"https:\/\/www.agrolac.com\/ca\/politica-de-cookies\/","name":"Pol\u00edtica de Cookies - Agrolac","isPartOf":{"@id":"https:\/\/www.agrolac.com\/ca\/#website"},"datePublished":"2023-04-27T15:11:17+00:00","dateModified":"2025-08-22T11:43:40+00:00","description":"Informa't sobre l'\u00fas de cookies a la web de VICORQUIMIA SA: tipus, finalitat, consentiment i com gestionar-les des del teu navegador.","breadcrumb":{"@id":"https:\/\/www.agrolac.com\/ca\/politica-de-cookies\/#breadcrumb"},"inLanguage":"ca","potentialAction":[{"@type":"ReadAction","target":["https:\/\/www.agrolac.com\/ca\/politica-de-cookies\/"]}]},{"@type":"BreadcrumbList","@id":"https:\/\/www.agrolac.com\/ca\/politica-de-cookies\/#breadcrumb","itemListElement":[{"@type":"ListItem","position":1,"name":"Inici","item":"https:\/\/www.agrolac.com\/ca\/inici\/"},{"@type":"ListItem","position":2,"name":"Pol\u00edtica de Cookies"}]},{"@type":"WebSite","@id":"https:\/\/www.agrolac.com\/ca\/#website","url":"https:\/\/www.agrolac.com\/ca\/","name":"VICORQUIMIA","description":"Agrolac \u00e9s una empresa de Barcelona, fundada el 1982, especialitzada en distribuci\u00f3 de productes agroqu\u00edmics per a l&#039;agricultura europea.","publisher":{"@id":"https:\/\/www.agrolac.com\/ca\/#organization"},"potentialAction":[{"@type":"SearchAction","target":{"@type":"EntryPoint","urlTemplate":"https:\/\/www.agrolac.com\/ca\/?s={search_term_string}"},"query-input":{"@type":"PropertyValueSpecification","valueRequired":true,"valueName":"search_term_string"}}],"inLanguage":"ca"},{"@type":"Organization","@id":"https:\/\/www.agrolac.com\/ca\/#organization","name":"VICORQUIMIA","url":"https:\/\/www.agrolac.com\/ca\/","logo":{"@type":"ImageObject","inLanguage":"ca","@id":"https:\/\/www.agrolac.com\/ca\/#\/schema\/logo\/image\/","url":"https:\/\/www.agrolac.com\/wp-content\/uploads\/2025\/10\/agrolac-logo.svg","contentUrl":"https:\/\/www.agrolac.com\/wp-content\/uploads\/2025\/10\/agrolac-logo.svg","caption":"VICORQUIMIA"},"image":{"@id":"https:\/\/www.agrolac.com\/ca\/#\/schema\/logo\/image\/"},"sameAs":["https:\/\/www.linkedin.com\/company\/vicorquimia\/"]}]}},"_links":{"self":[{"href":"https:\/\/www.agrolac.com\/ca\/wp-json\/wp\/v2\/pages\/1870","targetHints":{"allow":["GET"]}}],"collection":[{"href":"https:\/\/www.agrolac.com\/ca\/wp-json\/wp\/v2\/pages"}],"about":[{"href":"https:\/\/www.agrolac.com\/ca\/wp-json\/wp\/v2\/types\/page"}],"author":[{"embeddable":true,"href":"https:\/\/www.agrolac.com\/ca\/wp-json\/wp\/v2\/users\/3"}],"replies":[{"embeddable":true,"href":"https:\/\/www.agrolac.com\/ca\/wp-json\/wp\/v2\/comments?post=1870"}],"version-history":[{"count":0,"href":"https:\/\/www.agrolac.com\/ca\/wp-json\/wp\/v2\/pages\/1870\/revisions"}],"wp:attachment":[{"href":"https:\/\/www.agrolac.com\/ca\/wp-json\/wp\/v2\/media?parent=1870"}],"curies":[{"name":"wp","href":"https:\/\/api.w.org\/{rel}","templated":true}]}}