{"id":1825,"date":"2023-04-27T17:10:54","date_gmt":"2023-04-27T15:10:54","guid":{"rendered":"https:\/\/www.agrolac.com\/avis-legal\/"},"modified":"2025-08-05T14:55:48","modified_gmt":"2025-08-05T12:55:48","slug":"avis-legal","status":"publish","type":"page","link":"https:\/\/www.agrolac.com\/ca\/avis-legal\/","title":{"rendered":"Av\u00eds Legal"},"content":{"rendered":"\t\t<div data-elementor-type=\"wp-page\" data-elementor-id=\"1825\" class=\"elementor elementor-1825 elementor-297\" data-elementor-post-type=\"page\">\n\t\t\t\t<div class=\"elementor-element elementor-element-6f1de023 e-flex e-con-boxed e-con e-parent\" data-id=\"6f1de023\" data-element_type=\"container\" data-e-type=\"container\">\n\t\t\t\t\t<div class=\"e-con-inner\">\n\t\t\t\t<div class=\"elementor-element elementor-element-796342ed elementor-widget elementor-widget-text-editor\" data-id=\"796342ed\" data-element_type=\"widget\" data-e-type=\"widget\" data-widget_type=\"text-editor.default\">\n\t\t\t\t\t\t\t\t\t<p><b>AV\u00cdS LEGAL de https:\/\/www.agrolac.com\/<\/b><\/p><h6 class=\"p2\"><b>Introducci\u00f3<\/b><\/h6><p class=\"p1\">En compliment de la Llei 34\/2002, d&#8217;11 de juliol, de Serveis de la Societat de la Informaci\u00f3 i de Comer\u00e7 Electr\u00f2nic (LSSI-CE), VICORQUIMIA SA informa que \u00e9s titular del lloc web D&#8217;acord amb l&#8217;exig\u00e8ncia de l&#8217;article 10 de la Llei esmentada, VICORQUIMIA SA informa de les dades seg\u00fcents: <\/p><p class=\"p1\"><b>RA\u00d3 SOCIAL :<\/b> VICORQUIMIA SA<\/p><p class=\"p1\"><b>NIF :<\/b> A08268153<\/p><p class=\"p1\"><b>DOMINI:<\/b> https:\/\/www.agrolac.com\/<\/p><p class=\"p1\"><b>ADRE\u00c7A POSTAL :<\/b> AV DELS VENTS, 9-13 ESC A 6\u00e8 1a,08917 BADALONA(BARCELONA)<\/p><p class=\"p1\"><b>ADRE\u00c7A ELECTR\u00d2NICA :<\/b> COMPLIANCE@VICORQUIMIA.COM<\/p><p class=\"p1\"><b>TEL\u00c8FONS :<\/b> 932011222<\/p><p class=\"p1\"><b>N\u00daM. REGISTRE\/DADES<\/b> <b style=\"font-size: 1rem;\">ADDICIONALS :<\/b> <\/p><p class=\"p1\"><b style=\"font-size: 1rem;\"> <\/b><\/p><h6 class=\"p2\"><b>Usuari i r\u00e8gim de responsabilitats<\/b><\/h6><p class=\"p1\">La navegaci\u00f3, l&#8217;acc\u00e9s i l&#8217;\u00fas pel lloc web de VICORQUIMIA SA confereix la condici\u00f3 d&#8217;usuari.  <span style=\"font-size: 1rem;\">El lloc web de VICORQUIMIA SA proporciona una gran diversitat d&#8217;informaci\u00f3, serveis i dades.  <\/span><span style=\"font-size: 1rem;\">L&#8217;usuari assumeix la seva responsabilitat en l&#8217;\u00fas correcte del lloc web. Aquesta responsabilitat s&#8217;estendr\u00e0 a: <\/span><\/p><ul><li class=\"p1\">La veracitat i licitud de les informacions aportades per l&#8217;usuari als formularis estesos per VICORQUIMIA SA per a l&#8217;acc\u00e9s a certs continguts o serveis oferts pel web.<\/li><li class=\"p1\">L&#8217;\u00fas de la informaci\u00f3, serveis i dades ofertes per VICORQUIMIA SA contr\u00e0riament al que disposen aquestes condicions, la Llei, la moral, els bons costums o l&#8217;ordre p\u00fablic, o que de qualsevol altra manera puguin suposar lesi\u00f3 dels drets de tercers o del mateix funcionament del lloc web.<\/li><\/ul><h6 class=\"p2\"><b>Pol\u00edtica d&#8217;enlla\u00e7os i exempcions de responsabilitat<\/b><\/h6><p class=\"p1\">VICORQUIMIA SA no es fa responsable del contingut dels llocs web als quals l&#8217;usuari pugui accedir a trav\u00e9s dels enlla\u00e7os establerts al seu lloc web, sempre que no tingui coneixement efectiu que l&#8217;activitat o la informaci\u00f3 a qu\u00e8 remet o recomana \u00e9s il\u00b7l\u00edcita o que lesiona b\u00e9ns o drets d&#8217;un tercer susceptibles d&#8217;indemnitzaci\u00f3, o, en cas de tenir-lo, actu\u00ef.<\/p><p class=\"p1\">S&#8217;entendr\u00e0 que VICORQUIMIA SA t\u00e9 el coneixement efectiu a qu\u00e8 es refereix el par\u00e0graf anterior quan un \u00f2rgan competent hagi declarat la il\u00b7licitud de les dades, ordenat la seva retirada o que se n&#8217;impossibiliti l&#8217;acc\u00e9s, o s&#8217;hagu\u00e9s declarat l&#8217;exist\u00e8ncia de la lesi\u00f3, i VICORQUIMIA SA conegu\u00e9s la corresponent resoluci\u00f3, sense perjudici dels procediments de detecci\u00f3 i retirada acords voluntaris i altres mitjans de coneixement efectiu que es puguin establir.<\/p><p class=\"p1\">VICORQUIMIA SA declara haver adoptat totes les mesures necess\u00e0ries per evitar qualsevol dany als usuaris del seu lloc web, que es puguin derivar de la navegaci\u00f3 pel seu lloc web. En conseq\u00fc\u00e8ncia, VICORQUIMIA SA no es fa responsable, en cap cas, dels danys eventuals que per la navegaci\u00f3 per Internet pogu\u00e9s patir l&#8217;usuari. Aix\u00ed mateix, tampoc garantir\u00e0 la disponibilitat t\u00e8cnica, exactitud, veracitat, validesa o legalitat de llocs aliens a la seva propietat a qu\u00e8 es pugui accedir per mitj\u00e0 dels enlla\u00e7os.  <\/p><h6 class=\"p2\"><b>Modificacions<\/b><\/h6><p class=\"p1\">VICORQUIMIA SA es reserva la facultat d&#8217;efectuar, en qualsevol moment i sense necessitat de previ av\u00eds, modificacions i actualitzacions de la informaci\u00f3 continguda al vostre lloc web o a la configuraci\u00f3 i presentaci\u00f3 d&#8217;aquesta. A fi de mantenir actualitzada la informaci\u00f3 publicada, els continguts del mateix podran ser modificats, corregits, eliminats o afegits en qualsevol moment, per qualsevol forma admissible en dret. <\/p><h6 class=\"p2\"><b>Indicaci\u00f3 de preus<\/b><\/h6><p class=\"p1\">En cas que es mostrin preus de productes i\/o serveis, els indicats a la pantalla seran els vigents en cada moment. Els preus seran indicats en euros i tindran incorporat l&#8217;impost sobre el valor afegit (IVA). En cas que l&#8217;IVA no s&#8217;incorpori al preu, s&#8217;indicar\u00e0 de manera expressa i es permetr\u00e0 a l&#8217;usuari visualitzar el preu final complet.  <\/p><p class=\"p1\">Aix\u00ed mateix, si fos aplicable qualsevol altre impost, aix\u00ed s&#8217;indicaria, incloent-hi, si escau, l&#8217;import dels increments o descomptes que siguin aplicables a l&#8217;oferta i les despeses addicionals que puguin repercutir al consumidor o usuari.<\/p><h6 class=\"p2\"><b>Propietat intel\u00b7lectual i industrial<\/b><\/h6><p class=\"p1\">VICORQUIMIA SA per si mateixa o com a cession\u00e0ria, \u00e9s titular de tots els drets de propietat intel\u00b7lectual i industrial de la seva p\u00e0gina web, aix\u00ed com dels elements continguts en aquesta (a t\u00edtol enunciatiu, imatges, so, \u00e0udio, v\u00eddeo, programari o textos; marques o logotips, combinacions de colors, estructura i disseny, selecci\u00f3 de materials usats, programes d&#8217;ordinador necessaris per al seu funcionament. Seran, per tant, obres protegides com a propietat intel\u00b7lectual per l&#8217;ordenament jur\u00eddic espanyol, i els seran aplicables tant la normativa espanyola i comunit\u00e0ria en aquest camp, com els tractats internacionals relatius a la mat\u00e8ria i subscrits per Espanya. <\/p><p class=\"p1\">Tots els drets reservats. En virtut del que disposa la Llei de propietat intel\u00b7lectual, queden expressament prohibides la reproducci\u00f3, la distribuci\u00f3 i la comunicaci\u00f3 p\u00fablica, inclosa la seva modalitat de posada a disposici\u00f3, de la totalitat o part dels continguts d&#8217;aquesta p\u00e0gina web, amb fins comercials, en qualsevol suport i per qualsevol mitj\u00e0 t\u00e8cnic, sense l&#8217;autoritzaci\u00f3 de VICORQUIMIA SA. <\/p><p class=\"p1\">L&#8217;usuari es compromet a respectar els drets de propietat intel\u00b7lectual i industrial titularitat de VICORQUIMIA SA. Podreu visualitzar els elements del portal i fins i tot imprimir-los, copiar-los i emmagatzemar-los al disc dur del vostre ordinador o en qualsevol altre suport f\u00edsic sempre que sigui, \u00fanica i exclusivament, per al seu \u00fas personal i privat. L&#8217;usuari haur\u00e0 d&#8217;abstenir-se de suprimir, alterar, eludir o manipular qualsevol dispositiu de protecci\u00f3 o sistema de seguretat que estigui instal\u00b7lat a les p\u00e0gines de VICORQUIMIA SA.  <\/p><h6 class=\"p2\"><b>Accions legals, legislaci\u00f3 aplicable i jurisdicci\u00f3<\/b><\/h6><p class=\"p1\">Si l&#8217;usuari vol presentar una reclamaci\u00f3, ha de contactar amb el correu electr\u00f2nic COMPLIANCE@VICORQUIMIA.COM. Aix\u00ed mateix, VICORQUIMIA SA disposa de fulls oficials de reclamaci\u00f3 a disposici\u00f3 dels consumidors i usuaris. <\/p><p class=\"p1\">VICORQUIMIA SA es reserva la facultat de presentar les accions civils o penals que consideri<\/p><p class=\"p1\">oportunes per la utilitzaci\u00f3 indeguda del vostre lloc web i continguts, o per l&#8217;incompliment de les presents condicions.<\/p><p class=\"p1\">La relaci\u00f3 entre l&#8217;usuari i el prestador es regir\u00e0 per la normativa vigent i aplicable al territori espanyol. Si sorgeix qualsevol controv\u00e8rsia, les parts poden sotmetre els seus conflictes a arbitratge o acudir a la jurisdicci\u00f3 ordin\u00e0ria complint amb les normes sobre jurisdicci\u00f3 i compet\u00e8ncia sobre aix\u00f2. <\/p><p class=\"p1\"><b>Darrera actualitzaci\u00f3:<\/b> 11 de desembre de 2024<\/p>\t\t\t\t\t\t\t\t<\/div>\n\t\t\t\t\t<\/div>\n\t\t\t\t<\/div>\n\t\t\t\t<\/div>\n\t\t","protected":false},"excerpt":{"rendered":"<p>AV\u00cdS LEGAL de https:\/\/www.agrolac.com\/ Introducci\u00f3 En compliment de la Llei 34\/2002, d&#8217;11 de juliol, de Serveis de la Societat de la Informaci\u00f3 i de Comer\u00e7 Electr\u00f2nic (LSSI-CE), VICORQUIMIA SA informa que \u00e9s titular del lloc web D&#8217;acord amb l&#8217;exig\u00e8ncia de l&#8217;article 10 de la Llei esmentada, VICORQUIMIA SA informa de les dades seg\u00fcents: RA\u00d3 SOCIAL [&hellip;]<\/p>\n","protected":false},"author":3,"featured_media":0,"parent":0,"menu_order":0,"comment_status":"closed","ping_status":"closed","template":"","meta":{"_acf_changed":false,"_joinchat":[],"footnotes":""},"class_list":["post-1825","page","type-page","status-publish","hentry"],"acf":[],"yoast_head":"<!-- This site is optimized with the Yoast SEO plugin v27.1.1 - https:\/\/yoast.com\/product\/yoast-seo-wordpress\/ -->\n<title>Av\u00eds Legal - Agrolac<\/title>\n<meta name=\"description\" content=\"Informaci\u00f3 relativa al compliment de l&#039;article 10 de la LSSICE, protecci\u00f3 de dades personals, propietat intel\u00b7lectual i responsabilitat sobre els continguts\" \/>\n<meta name=\"robots\" content=\"index, follow, max-snippet:-1, max-image-preview:large, max-video-preview:-1\" \/>\n<link rel=\"canonical\" href=\"https:\/\/www.agrolac.com\/ca\/avis-legal\/\" \/>\n<meta property=\"og:locale\" content=\"ca_ES\" \/>\n<meta property=\"og:type\" content=\"article\" \/>\n<meta property=\"og:title\" content=\"Av\u00eds Legal - Agrolac\" \/>\n<meta property=\"og:description\" content=\"Informaci\u00f3 relativa al compliment de l&#039;article 10 de la LSSICE, protecci\u00f3 de dades personals, propietat intel\u00b7lectual i responsabilitat sobre els continguts\" \/>\n<meta property=\"og:url\" content=\"https:\/\/www.agrolac.com\/ca\/avis-legal\/\" \/>\n<meta property=\"og:site_name\" content=\"Agrolac\" \/>\n<meta property=\"article:modified_time\" content=\"2025-08-05T12:55:48+00:00\" \/>\n<meta name=\"twitter:card\" content=\"summary_large_image\" \/>\n<meta name=\"twitter:label1\" content=\"Est. reading time\" \/>\n\t<meta name=\"twitter:data1\" content=\"5 minut\" \/>\n<script type=\"application\/ld+json\" class=\"yoast-schema-graph\">{\"@context\":\"https:\/\/schema.org\",\"@graph\":[{\"@type\":\"WebPage\",\"@id\":\"https:\/\/www.agrolac.com\/ca\/avis-legal\/\",\"url\":\"https:\/\/www.agrolac.com\/ca\/avis-legal\/\",\"name\":\"Av\u00eds Legal - Agrolac\",\"isPartOf\":{\"@id\":\"https:\/\/www.agrolac.com\/ca\/#website\"},\"datePublished\":\"2023-04-27T15:10:54+00:00\",\"dateModified\":\"2025-08-05T12:55:48+00:00\",\"description\":\"Informaci\u00f3 relativa al compliment de l'article 10 de la LSSICE, protecci\u00f3 de dades personals, propietat intel\u00b7lectual i responsabilitat sobre els continguts\",\"breadcrumb\":{\"@id\":\"https:\/\/www.agrolac.com\/ca\/avis-legal\/#breadcrumb\"},\"inLanguage\":\"ca\",\"potentialAction\":[{\"@type\":\"ReadAction\",\"target\":[\"https:\/\/www.agrolac.com\/ca\/avis-legal\/\"]}]},{\"@type\":\"BreadcrumbList\",\"@id\":\"https:\/\/www.agrolac.com\/ca\/avis-legal\/#breadcrumb\",\"itemListElement\":[{\"@type\":\"ListItem\",\"position\":1,\"name\":\"Inici\",\"item\":\"https:\/\/www.agrolac.com\/ca\/inici\/\"},{\"@type\":\"ListItem\",\"position\":2,\"name\":\"Av\u00eds Legal\"}]},{\"@type\":\"WebSite\",\"@id\":\"https:\/\/www.agrolac.com\/ca\/#website\",\"url\":\"https:\/\/www.agrolac.com\/ca\/\",\"name\":\"VICORQUIMIA\",\"description\":\"Agrolac \u00e9s una empresa de Barcelona, fundada el 1982, especialitzada en distribuci\u00f3 de productes agroqu\u00edmics per a l&#039;agricultura europea.\",\"publisher\":{\"@id\":\"https:\/\/www.agrolac.com\/ca\/#organization\"},\"potentialAction\":[{\"@type\":\"SearchAction\",\"target\":{\"@type\":\"EntryPoint\",\"urlTemplate\":\"https:\/\/www.agrolac.com\/ca\/?s={search_term_string}\"},\"query-input\":{\"@type\":\"PropertyValueSpecification\",\"valueRequired\":true,\"valueName\":\"search_term_string\"}}],\"inLanguage\":\"ca\"},{\"@type\":\"Organization\",\"@id\":\"https:\/\/www.agrolac.com\/ca\/#organization\",\"name\":\"VICORQUIMIA\",\"url\":\"https:\/\/www.agrolac.com\/ca\/\",\"logo\":{\"@type\":\"ImageObject\",\"inLanguage\":\"ca\",\"@id\":\"https:\/\/www.agrolac.com\/ca\/#\/schema\/logo\/image\/\",\"url\":\"https:\/\/www.agrolac.com\/wp-content\/uploads\/2025\/10\/agrolac-logo.svg\",\"contentUrl\":\"https:\/\/www.agrolac.com\/wp-content\/uploads\/2025\/10\/agrolac-logo.svg\",\"caption\":\"VICORQUIMIA\"},\"image\":{\"@id\":\"https:\/\/www.agrolac.com\/ca\/#\/schema\/logo\/image\/\"},\"sameAs\":[\"https:\/\/www.linkedin.com\/company\/vicorquimia\/\"]}]}<\/script>\n<!-- \/ Yoast SEO plugin. -->","yoast_head_json":{"title":"Av\u00eds Legal - Agrolac","description":"Informaci\u00f3 relativa al compliment de l'article 10 de la LSSICE, protecci\u00f3 de dades personals, propietat intel\u00b7lectual i responsabilitat sobre els continguts","robots":{"index":"index","follow":"follow","max-snippet":"max-snippet:-1","max-image-preview":"max-image-preview:large","max-video-preview":"max-video-preview:-1"},"canonical":"https:\/\/www.agrolac.com\/ca\/avis-legal\/","og_locale":"ca_ES","og_type":"article","og_title":"Av\u00eds Legal - Agrolac","og_description":"Informaci\u00f3 relativa al compliment de l'article 10 de la LSSICE, protecci\u00f3 de dades personals, propietat intel\u00b7lectual i responsabilitat sobre els continguts","og_url":"https:\/\/www.agrolac.com\/ca\/avis-legal\/","og_site_name":"Agrolac","article_modified_time":"2025-08-05T12:55:48+00:00","twitter_card":"summary_large_image","twitter_misc":{"Est. reading time":"5 minut"},"schema":{"@context":"https:\/\/schema.org","@graph":[{"@type":"WebPage","@id":"https:\/\/www.agrolac.com\/ca\/avis-legal\/","url":"https:\/\/www.agrolac.com\/ca\/avis-legal\/","name":"Av\u00eds Legal - Agrolac","isPartOf":{"@id":"https:\/\/www.agrolac.com\/ca\/#website"},"datePublished":"2023-04-27T15:10:54+00:00","dateModified":"2025-08-05T12:55:48+00:00","description":"Informaci\u00f3 relativa al compliment de l'article 10 de la LSSICE, protecci\u00f3 de dades personals, propietat intel\u00b7lectual i responsabilitat sobre els continguts","breadcrumb":{"@id":"https:\/\/www.agrolac.com\/ca\/avis-legal\/#breadcrumb"},"inLanguage":"ca","potentialAction":[{"@type":"ReadAction","target":["https:\/\/www.agrolac.com\/ca\/avis-legal\/"]}]},{"@type":"BreadcrumbList","@id":"https:\/\/www.agrolac.com\/ca\/avis-legal\/#breadcrumb","itemListElement":[{"@type":"ListItem","position":1,"name":"Inici","item":"https:\/\/www.agrolac.com\/ca\/inici\/"},{"@type":"ListItem","position":2,"name":"Av\u00eds Legal"}]},{"@type":"WebSite","@id":"https:\/\/www.agrolac.com\/ca\/#website","url":"https:\/\/www.agrolac.com\/ca\/","name":"VICORQUIMIA","description":"Agrolac \u00e9s una empresa de Barcelona, fundada el 1982, especialitzada en distribuci\u00f3 de productes agroqu\u00edmics per a l&#039;agricultura europea.","publisher":{"@id":"https:\/\/www.agrolac.com\/ca\/#organization"},"potentialAction":[{"@type":"SearchAction","target":{"@type":"EntryPoint","urlTemplate":"https:\/\/www.agrolac.com\/ca\/?s={search_term_string}"},"query-input":{"@type":"PropertyValueSpecification","valueRequired":true,"valueName":"search_term_string"}}],"inLanguage":"ca"},{"@type":"Organization","@id":"https:\/\/www.agrolac.com\/ca\/#organization","name":"VICORQUIMIA","url":"https:\/\/www.agrolac.com\/ca\/","logo":{"@type":"ImageObject","inLanguage":"ca","@id":"https:\/\/www.agrolac.com\/ca\/#\/schema\/logo\/image\/","url":"https:\/\/www.agrolac.com\/wp-content\/uploads\/2025\/10\/agrolac-logo.svg","contentUrl":"https:\/\/www.agrolac.com\/wp-content\/uploads\/2025\/10\/agrolac-logo.svg","caption":"VICORQUIMIA"},"image":{"@id":"https:\/\/www.agrolac.com\/ca\/#\/schema\/logo\/image\/"},"sameAs":["https:\/\/www.linkedin.com\/company\/vicorquimia\/"]}]}},"_links":{"self":[{"href":"https:\/\/www.agrolac.com\/ca\/wp-json\/wp\/v2\/pages\/1825","targetHints":{"allow":["GET"]}}],"collection":[{"href":"https:\/\/www.agrolac.com\/ca\/wp-json\/wp\/v2\/pages"}],"about":[{"href":"https:\/\/www.agrolac.com\/ca\/wp-json\/wp\/v2\/types\/page"}],"author":[{"embeddable":true,"href":"https:\/\/www.agrolac.com\/ca\/wp-json\/wp\/v2\/users\/3"}],"replies":[{"embeddable":true,"href":"https:\/\/www.agrolac.com\/ca\/wp-json\/wp\/v2\/comments?post=1825"}],"version-history":[{"count":0,"href":"https:\/\/www.agrolac.com\/ca\/wp-json\/wp\/v2\/pages\/1825\/revisions"}],"wp:attachment":[{"href":"https:\/\/www.agrolac.com\/ca\/wp-json\/wp\/v2\/media?parent=1825"}],"curies":[{"name":"wp","href":"https:\/\/api.w.org\/{rel}","templated":true}]}}