{"id":1628,"date":"2023-04-27T16:46:31","date_gmt":"2023-04-27T14:46:31","guid":{"rendered":"https:\/\/www.agrolac.com\/contacto\/"},"modified":"2026-03-04T00:15:07","modified_gmt":"2026-03-03T23:15:07","slug":"contacto","status":"publish","type":"page","link":"https:\/\/www.agrolac.com\/ca\/contacto\/","title":{"rendered":"Contacte"},"content":{"rendered":"\t\t<div data-elementor-type=\"wp-page\" data-elementor-id=\"1628\" class=\"elementor elementor-1628 elementor-284\" data-elementor-post-type=\"page\">\n\t\t\t\t<div class=\"elementor-element elementor-element-ef4f9e5 e-grid e-con-boxed e-con e-parent\" data-id=\"ef4f9e5\" data-element_type=\"container\" data-e-type=\"container\">\n\t\t\t\t\t<div class=\"e-con-inner\">\n\t\t\t\t<div class=\"elementor-element elementor-element-7d7c13e elementor-widget elementor-widget-text-editor\" data-id=\"7d7c13e\" data-element_type=\"widget\" data-e-type=\"widget\" data-widget_type=\"text-editor.default\">\n\t\t\t\t\t\t\t\t\t<h4>OFICINES CENTRALS<\/h4><p>Av. dels Vents 9-13, Escala A 6\u00e8 1a Badalona 08917 (Barcelona \u2013 ES)<\/p><p><strong>Tel.<\/strong> <a href=\"tel:+34932011222\">(+34) 932 011 222<\/a><\/p><p><a href=\"mailto:info@vicorquimia.com\">info@agrolac.com<\/a><\/p><p><strong>Comercial:<\/strong> <a href=\"mailto:comercial@vicorquimia.com\">comercial@agrolac.com<\/a><\/p><p><strong>Log\u00edstica:<\/strong> <a href=\"mailto:logistica@vicorquimia.com\">logistica@agrolac.com<\/a><\/p><p><strong>Comptabilitat:<\/strong> <a href=\"mailto:contabilidad@vicorquimia.com\">contabilidad@agrolac.com<\/a><\/p>\t\t\t\t\t\t\t\t<\/div>\n\t\t<div class=\"elementor-element elementor-element-eca547b e-con-full e-flex e-con e-child\" data-id=\"eca547b\" data-element_type=\"container\" data-e-type=\"container\">\n\t\t\t\t<div class=\"elementor-element elementor-element-8728e65 elementor-widget elementor-widget-google_maps\" data-id=\"8728e65\" data-element_type=\"widget\" data-e-type=\"widget\" data-widget_type=\"google_maps.default\">\n\t\t\t\t\t\t\t<div class=\"elementor-custom-embed\">\n\t\t\t<iframe loading=\"lazy\"\n\t\t\t\t\tsrc=\"https:\/\/maps.google.com\/maps?q=Av.%20dels%20Vents%209%2C%20%20Badalona%2008917%20%28Barcelona%20%E2%80%93%20ES%29&#038;t=m&#038;z=18&#038;output=embed&#038;iwloc=near\"\n\t\t\t\t\ttitle=\"Av. dels Vents 9,  Badalona 08917 (Barcelona \u2013 ES)\"\n\t\t\t\t\taria-label=\"Av. dels Vents 9,  Badalona 08917 (Barcelona \u2013 ES)\"\n\t\t\t><\/iframe>\n\t\t<\/div>\n\t\t\t\t\t\t<\/div>\n\t\t\t\t<\/div>\n\t\t\t\t\t<\/div>\n\t\t\t\t<\/div>\n\t\t<div class=\"elementor-element elementor-element-2dd61c1 e-flex e-con-boxed e-con e-parent\" data-id=\"2dd61c1\" data-element_type=\"container\" data-e-type=\"container\">\n\t\t\t\t\t<div class=\"e-con-inner\">\n\t\t<div class=\"elementor-element elementor-element-e386b96 e-con-full e-flex e-con e-child\" data-id=\"e386b96\" data-element_type=\"container\" data-e-type=\"container\">\n\t\t<div class=\"elementor-element elementor-element-2208341 e-con-full e-flex e-con e-child\" data-id=\"2208341\" data-element_type=\"container\" data-e-type=\"container\">\n\t\t\t\t<div class=\"elementor-element elementor-element-7964802 elementor-widget elementor-widget-heading\" data-id=\"7964802\" data-element_type=\"widget\" data-e-type=\"widget\" data-widget_type=\"heading.default\">\n\t\t\t\t\t<h2 class=\"elementor-heading-title elementor-size-default\">Envia'ns la teva consulta<\/h2>\t\t\t\t<\/div>\n\t\t\t\t<div class=\"elementor-element elementor-element-0109ed1 elementor-widget elementor-widget-text-editor\" data-id=\"0109ed1\" data-element_type=\"widget\" data-e-type=\"widget\" data-widget_type=\"text-editor.default\">\n\t\t\t\t\t\t\t\t\t<p>Omple el formulari i en breu us contactarem. Estarem encantats d&#8217;ajudar-vos. <\/p>\t\t\t\t\t\t\t\t<\/div>\n\t\t\t\t<div class=\"elementor-element elementor-element-b14184f elementor-widget elementor-widget-wpforms\" data-id=\"b14184f\" data-element_type=\"widget\" data-e-type=\"widget\" data-widget_type=\"wpforms.default\">\n\t\t\t\t<div class=\"elementor-widget-container\">\n\t\t\t\t\t<div class=\"wpforms-container wpforms-container-full wpforms-render-modern\" id=\"wpforms-8498\"><form id=\"wpforms-form-8498\" class=\"wpforms-validate wpforms-form wpforms-ajax-form\" data-formid=\"8498\" method=\"post\" enctype=\"multipart\/form-data\" action=\"\/ca\/wp-json\/wp\/v2\/pages\/1628\" data-token=\"e7faf551ecb1957e0097889583a49a1d\" data-token-time=\"1776767591\"><noscript class=\"wpforms-error-noscript\">Si us plau, activeu JavaScript al vostre navegador per completar aquest formulari.<\/noscript><div id=\"wpforms-error-noscript\" style=\"display: none;\">Si us plau, activeu JavaScript al vostre navegador per completar aquest formulari.<\/div><div class=\"wpforms-field-container\"><div id=\"wpforms-8498-field_1-container\" class=\"wpforms-field wpforms-field-text wpforms-first wpforms-one-third\" data-field-id=\"1\"><label class=\"wpforms-field-label\" for=\"wpforms-8498-field_1\">Nom <span class=\"wpforms-required-label\" aria-hidden=\"true\">*<\/span><\/label><input type=\"text\" id=\"wpforms-8498-field_1\" class=\"wpforms-field-large wpforms-field-required\" name=\"wpforms[fields][1]\" placeholder=\"Nom\" aria-errormessage=\"wpforms-8498-field_1-error\" required><\/div>\t\t<div id=\"wpforms-8498-field_5-container\"\n\t\t\tclass=\"wpforms-field wpforms-field-text\"\n\t\t\tdata-field-type=\"text\"\n\t\t\tdata-field-id=\"5\"\n\t\t\t>\n\t\t\t<label class=\"wpforms-field-label\" for=\"wpforms-8498-field_5\" >Perfil Nom Missatge<\/label>\n\t\t\t<input type=\"text\" id=\"wpforms-8498-field_5\" class=\"wpforms-field-medium\" name=\"wpforms[fields][5]\" >\n\t\t<\/div>\n\t\t<div id=\"wpforms-8498-field_2-container\" class=\"wpforms-field wpforms-field-email wpforms-one-third\" data-field-id=\"2\"><label class=\"wpforms-field-label\" for=\"wpforms-8498-field_2\">E-mail <span class=\"wpforms-required-label\" aria-hidden=\"true\">*<\/span><\/label><input type=\"email\" id=\"wpforms-8498-field_2\" class=\"wpforms-field-large wpforms-field-required\" name=\"wpforms[fields][2]\" placeholder=\"e-mail\" spellcheck=\"false\" aria-errormessage=\"wpforms-8498-field_2-error\" required><\/div><div id=\"wpforms-8498-field_3-container\" class=\"wpforms-field wpforms-field-phone wpforms-one-third\" data-field-id=\"3\"><label class=\"wpforms-field-label\" for=\"wpforms-8498-field_3\">Tel\u00e8fon <span class=\"wpforms-required-label\" aria-hidden=\"true\">*<\/span><\/label><input type=\"tel\" id=\"wpforms-8498-field_3\" class=\"wpforms-field-large wpforms-field-required wpforms-smart-phone-field\" data-rule-smart-phone-field=\"true\" name=\"wpforms[fields][3]\" placeholder=\"Tel\u00e8fon\" aria-label=\"Tel\u00e8fon\" aria-errormessage=\"wpforms-8498-field_3-error\" required><\/div><div id=\"wpforms-8498-field_4-container\" class=\"wpforms-field wpforms-field-checkbox wpforms-list-inline\" data-field-id=\"4\"><fieldset><legend class=\"wpforms-field-label\">Perfil professional <span class=\"wpforms-required-label\" aria-hidden=\"true\">*<\/span><\/legend><ul id=\"wpforms-8498-field_4\" class=\"wpforms-field-required\"><li class=\"choice-1 depth-1\"><input type=\"checkbox\" id=\"wpforms-8498-field_4_1\" name=\"wpforms[fields][4][]\" value=\"Agricultor\" aria-errormessage=\"wpforms-8498-field_4_1-error\" required ><label class=\"wpforms-field-label-inline\" for=\"wpforms-8498-field_4_1\">Agricultor<\/label><\/li><li class=\"choice-2 depth-1\"><input type=\"checkbox\" id=\"wpforms-8498-field_4_2\" name=\"wpforms[fields][4][]\" value=\"T\u00e8cnic\/assessor\" aria-errormessage=\"wpforms-8498-field_4_2-error\" required ><label class=\"wpforms-field-label-inline\" for=\"wpforms-8498-field_4_2\">T\u00e8cnic\/assessor<\/label><\/li><li class=\"choice-3 depth-1\"><input type=\"checkbox\" id=\"wpforms-8498-field_4_3\" name=\"wpforms[fields][4][]\" value=\"Distribu\u00efdor \/ cooperativa\" aria-errormessage=\"wpforms-8498-field_4_3-error\" required ><label class=\"wpforms-field-label-inline\" for=\"wpforms-8498-field_4_3\">Distribu\u00efdor \/ cooperativa<\/label><\/li><\/ul><\/fieldset><\/div><div id=\"wpforms-8498-field_6-container\" class=\"wpforms-field wpforms-field-textarea\" data-field-id=\"6\"><label class=\"wpforms-field-label\" for=\"wpforms-8498-field_6\">Missatge <span class=\"wpforms-required-label\" aria-hidden=\"true\">*<\/span><\/label><textarea id=\"wpforms-8498-field_6\" class=\"wpforms-field-large wpforms-field-required\" name=\"wpforms[fields][6]\" aria-errormessage=\"wpforms-8498-field_6-error\" required><\/textarea><\/div><div id=\"wpforms-8498-field_8-container\" class=\"wpforms-field wpforms-field-checkbox\" data-field-id=\"8\"><fieldset><legend class=\"wpforms-field-label wpforms-label-hide\" aria-hidden=\"false\">Av\u00eds legal <span class=\"wpforms-required-label\" aria-hidden=\"true\">*<\/span><\/legend><ul id=\"wpforms-8498-field_8\" class=\"wpforms-field-required\"><li class=\"choice-1 depth-1\"><input type=\"checkbox\" id=\"wpforms-8498-field_8_1\" name=\"wpforms[fields][8][]\" value=\"He llegit i accepto la &lt;a href=&quot;https:\/\/www.agrolac.com\/ca\/politica-de-privadesa\/&quot; target=&quot;_blank&quot; rel=&quot;nofollow noopener&quot;&gt;pol\u00edtica de privadesa&lt;\/a&gt; .\" aria-errormessage=\"wpforms-8498-field_8_1-error\" required ><label class=\"wpforms-field-label-inline\" for=\"wpforms-8498-field_8_1\">He llegit i accepto la <a href=\"https:\/\/www.agrolac.com\/ca\/politica-de-privadesa\/\" target=\"_blank\" rel=\"nofollow noopener\">pol\u00edtica de privadesa<\/a> .<\/label><\/li><\/ul><\/fieldset><\/div><script>\n\t\t\t\t( function() {\n\t\t\t\t\tconst style = document.createElement( 'style' );\n\t\t\t\t\tstyle.appendChild( document.createTextNode( '#wpforms-8498-field_5-container { position: absolute !important; overflow: hidden !important; display: inline !important; height: 1px !important; width: 1px !important; z-index: -1000 !important; padding: 0 !important; } #wpforms-8498-field_5-container input { visibility: hidden; } #wpforms-conversational-form-page #wpforms-8498-field_5-container label { counter-increment: none; }' ) );\n\t\t\t\t\tdocument.head.appendChild( style );\n\t\t\t\t\tdocument.currentScript?.remove();\n\t\t\t\t} )();\n\t\t\t<\/script><\/div><!-- .wpforms-field-container --><div class=\"wpforms-submit-container\" ><input type=\"hidden\" name=\"wpforms[id]\" value=\"8498\"><input type=\"hidden\" name=\"page_title\" value=\"\"><input type=\"hidden\" name=\"page_url\" value=\"https:\/\/www.agrolac.com\/ca\/wp-json\/wp\/v2\/pages\/1628\"><input type=\"hidden\" name=\"url_referer\" value=\"\"><button type=\"submit\" name=\"wpforms[submit]\" id=\"wpforms-submit-8498\" class=\"wpforms-submit\" data-alt-text=\"Enviant...\" data-submit-text=\"Enviar\" aria-live=\"assertive\" value=\"wpforms-submit\">Enviar<\/button><img decoding=\"async\" src=\"https:\/\/www.agrolac.com\/wp-content\/plugins\/wpforms\/assets\/images\/submit-spin.svg\" class=\"wpforms-submit-spinner\" style=\"display: none;\" width=\"26\" height=\"26\" alt=\"Loading\"><\/div><\/form><\/div>  <!-- .wpforms-container -->\t\t\t\t<\/div>\n\t\t\t\t<\/div>\n\t\t\t\t<\/div>\n\t\t\t\t<\/div>\n\t\t\t\t\t<\/div>\n\t\t\t\t<\/div>\n\t\t\t\t<\/div>\n\t\t","protected":false},"excerpt":{"rendered":"<p>OFICINES CENTRALS Av. dels Vents 9-13, Escala A 6\u00e8 1a Badalona 08917 (Barcelona \u2013 ES) Tel. (+34) 932 011 222 info@agrolac.com Comercial: comercial@agrolac.com Log\u00edstica: logistica@agrolac.com Comptabilitat: contabilidad@agrolac.com Envia&#8217;ns la teva consulta Omple el formulari i en breu us contactarem. Estarem encantats d&#8217;ajudar-vos. Por favor, activa JavaScript en tu navegador para completar este formulario.Por favor, activa [&hellip;]<\/p>\n","protected":false},"author":3,"featured_media":3513,"parent":0,"menu_order":0,"comment_status":"closed","ping_status":"closed","template":"","meta":{"_acf_changed":false,"_joinchat":[],"footnotes":""},"class_list":["post-1628","page","type-page","status-publish","has-post-thumbnail","hentry"],"acf":[],"yoast_head":"<!-- This site is optimized with the Yoast SEO plugin v27.1.1 - https:\/\/yoast.com\/product\/yoast-seo-wordpress\/ -->\n<title>Contacte - Agrolac<\/title>\n<meta name=\"description\" content=\"Contacta amb Agrolac per resoldre els teus dubtes, sol\u00b7licitar informaci\u00f3 o iniciar una col\u00b7laboraci\u00f3.\" \/>\n<meta name=\"robots\" content=\"index, follow, max-snippet:-1, max-image-preview:large, max-video-preview:-1\" \/>\n<link rel=\"canonical\" href=\"https:\/\/www.agrolac.com\/ca\/contacto\/\" \/>\n<meta property=\"og:locale\" content=\"ca_ES\" \/>\n<meta property=\"og:type\" content=\"article\" \/>\n<meta property=\"og:title\" content=\"Contacte - Agrolac\" \/>\n<meta property=\"og:description\" content=\"Contacta amb Agrolac per resoldre els teus dubtes, sol\u00b7licitar informaci\u00f3 o iniciar una col\u00b7laboraci\u00f3.\" \/>\n<meta property=\"og:url\" content=\"https:\/\/www.agrolac.com\/ca\/contacto\/\" \/>\n<meta property=\"og:site_name\" content=\"Agrolac\" \/>\n<meta property=\"article:modified_time\" content=\"2026-03-03T23:15:07+00:00\" \/>\n<meta property=\"og:image\" content=\"https:\/\/www.agrolac.com\/wp-content\/uploads\/2025\/10\/badge-producir-mas.png\" \/>\n\t<meta property=\"og:image:width\" content=\"396\" \/>\n\t<meta property=\"og:image:height\" content=\"396\" \/>\n\t<meta property=\"og:image:type\" content=\"image\/png\" \/>\n<meta name=\"twitter:card\" content=\"summary_large_image\" \/>\n<meta name=\"twitter:label1\" content=\"Est. reading time\" \/>\n\t<meta name=\"twitter:data1\" content=\"1 minut\" \/>\n<script type=\"application\/ld+json\" class=\"yoast-schema-graph\">{\"@context\":\"https:\/\/schema.org\",\"@graph\":[{\"@type\":\"WebPage\",\"@id\":\"https:\/\/www.agrolac.com\/ca\/contacto\/\",\"url\":\"https:\/\/www.agrolac.com\/ca\/contacto\/\",\"name\":\"Contacte - Agrolac\",\"isPartOf\":{\"@id\":\"https:\/\/www.agrolac.com\/ca\/#website\"},\"primaryImageOfPage\":{\"@id\":\"https:\/\/www.agrolac.com\/ca\/contacto\/#primaryimage\"},\"image\":{\"@id\":\"https:\/\/www.agrolac.com\/ca\/contacto\/#primaryimage\"},\"thumbnailUrl\":\"https:\/\/www.agrolac.com\/wp-content\/uploads\/2025\/10\/badge-producir-mas.png\",\"datePublished\":\"2023-04-27T14:46:31+00:00\",\"dateModified\":\"2026-03-03T23:15:07+00:00\",\"description\":\"Contacta amb Agrolac per resoldre els teus dubtes, sol\u00b7licitar informaci\u00f3 o iniciar una col\u00b7laboraci\u00f3.\",\"breadcrumb\":{\"@id\":\"https:\/\/www.agrolac.com\/ca\/contacto\/#breadcrumb\"},\"inLanguage\":\"ca\",\"potentialAction\":[{\"@type\":\"ReadAction\",\"target\":[\"https:\/\/www.agrolac.com\/ca\/contacto\/\"]}]},{\"@type\":\"ImageObject\",\"inLanguage\":\"ca\",\"@id\":\"https:\/\/www.agrolac.com\/ca\/contacto\/#primaryimage\",\"url\":\"https:\/\/www.agrolac.com\/wp-content\/uploads\/2025\/10\/badge-producir-mas.png\",\"contentUrl\":\"https:\/\/www.agrolac.com\/wp-content\/uploads\/2025\/10\/badge-producir-mas.png\",\"width\":396,\"height\":396},{\"@type\":\"BreadcrumbList\",\"@id\":\"https:\/\/www.agrolac.com\/ca\/contacto\/#breadcrumb\",\"itemListElement\":[{\"@type\":\"ListItem\",\"position\":1,\"name\":\"Inici\",\"item\":\"https:\/\/www.agrolac.com\/ca\/inici\/\"},{\"@type\":\"ListItem\",\"position\":2,\"name\":\"Contacte\"}]},{\"@type\":\"WebSite\",\"@id\":\"https:\/\/www.agrolac.com\/ca\/#website\",\"url\":\"https:\/\/www.agrolac.com\/ca\/\",\"name\":\"VICORQUIMIA\",\"description\":\"Agrolac \u00e9s una empresa de Barcelona, fundada el 1982, especialitzada en distribuci\u00f3 de productes agroqu\u00edmics per a l&#039;agricultura europea.\",\"publisher\":{\"@id\":\"https:\/\/www.agrolac.com\/ca\/#organization\"},\"potentialAction\":[{\"@type\":\"SearchAction\",\"target\":{\"@type\":\"EntryPoint\",\"urlTemplate\":\"https:\/\/www.agrolac.com\/ca\/?s={search_term_string}\"},\"query-input\":{\"@type\":\"PropertyValueSpecification\",\"valueRequired\":true,\"valueName\":\"search_term_string\"}}],\"inLanguage\":\"ca\"},{\"@type\":\"Organization\",\"@id\":\"https:\/\/www.agrolac.com\/ca\/#organization\",\"name\":\"VICORQUIMIA\",\"url\":\"https:\/\/www.agrolac.com\/ca\/\",\"logo\":{\"@type\":\"ImageObject\",\"inLanguage\":\"ca\",\"@id\":\"https:\/\/www.agrolac.com\/ca\/#\/schema\/logo\/image\/\",\"url\":\"https:\/\/www.agrolac.com\/wp-content\/uploads\/2025\/10\/agrolac-logo.svg\",\"contentUrl\":\"https:\/\/www.agrolac.com\/wp-content\/uploads\/2025\/10\/agrolac-logo.svg\",\"caption\":\"VICORQUIMIA\"},\"image\":{\"@id\":\"https:\/\/www.agrolac.com\/ca\/#\/schema\/logo\/image\/\"},\"sameAs\":[\"https:\/\/www.linkedin.com\/company\/vicorquimia\/\"]}]}<\/script>\n<!-- \/ Yoast SEO plugin. -->","yoast_head_json":{"title":"Contacte - Agrolac","description":"Contacta amb Agrolac per resoldre els teus dubtes, sol\u00b7licitar informaci\u00f3 o iniciar una col\u00b7laboraci\u00f3.","robots":{"index":"index","follow":"follow","max-snippet":"max-snippet:-1","max-image-preview":"max-image-preview:large","max-video-preview":"max-video-preview:-1"},"canonical":"https:\/\/www.agrolac.com\/ca\/contacto\/","og_locale":"ca_ES","og_type":"article","og_title":"Contacte - Agrolac","og_description":"Contacta amb Agrolac per resoldre els teus dubtes, sol\u00b7licitar informaci\u00f3 o iniciar una col\u00b7laboraci\u00f3.","og_url":"https:\/\/www.agrolac.com\/ca\/contacto\/","og_site_name":"Agrolac","article_modified_time":"2026-03-03T23:15:07+00:00","og_image":[{"width":396,"height":396,"url":"https:\/\/www.agrolac.com\/wp-content\/uploads\/2025\/10\/badge-producir-mas.png","type":"image\/png"}],"twitter_card":"summary_large_image","twitter_misc":{"Est. reading time":"1 minut"},"schema":{"@context":"https:\/\/schema.org","@graph":[{"@type":"WebPage","@id":"https:\/\/www.agrolac.com\/ca\/contacto\/","url":"https:\/\/www.agrolac.com\/ca\/contacto\/","name":"Contacte - Agrolac","isPartOf":{"@id":"https:\/\/www.agrolac.com\/ca\/#website"},"primaryImageOfPage":{"@id":"https:\/\/www.agrolac.com\/ca\/contacto\/#primaryimage"},"image":{"@id":"https:\/\/www.agrolac.com\/ca\/contacto\/#primaryimage"},"thumbnailUrl":"https:\/\/www.agrolac.com\/wp-content\/uploads\/2025\/10\/badge-producir-mas.png","datePublished":"2023-04-27T14:46:31+00:00","dateModified":"2026-03-03T23:15:07+00:00","description":"Contacta amb Agrolac per resoldre els teus dubtes, sol\u00b7licitar informaci\u00f3 o iniciar una col\u00b7laboraci\u00f3.","breadcrumb":{"@id":"https:\/\/www.agrolac.com\/ca\/contacto\/#breadcrumb"},"inLanguage":"ca","potentialAction":[{"@type":"ReadAction","target":["https:\/\/www.agrolac.com\/ca\/contacto\/"]}]},{"@type":"ImageObject","inLanguage":"ca","@id":"https:\/\/www.agrolac.com\/ca\/contacto\/#primaryimage","url":"https:\/\/www.agrolac.com\/wp-content\/uploads\/2025\/10\/badge-producir-mas.png","contentUrl":"https:\/\/www.agrolac.com\/wp-content\/uploads\/2025\/10\/badge-producir-mas.png","width":396,"height":396},{"@type":"BreadcrumbList","@id":"https:\/\/www.agrolac.com\/ca\/contacto\/#breadcrumb","itemListElement":[{"@type":"ListItem","position":1,"name":"Inici","item":"https:\/\/www.agrolac.com\/ca\/inici\/"},{"@type":"ListItem","position":2,"name":"Contacte"}]},{"@type":"WebSite","@id":"https:\/\/www.agrolac.com\/ca\/#website","url":"https:\/\/www.agrolac.com\/ca\/","name":"VICORQUIMIA","description":"Agrolac \u00e9s una empresa de Barcelona, fundada el 1982, especialitzada en distribuci\u00f3 de productes agroqu\u00edmics per a l&#039;agricultura europea.","publisher":{"@id":"https:\/\/www.agrolac.com\/ca\/#organization"},"potentialAction":[{"@type":"SearchAction","target":{"@type":"EntryPoint","urlTemplate":"https:\/\/www.agrolac.com\/ca\/?s={search_term_string}"},"query-input":{"@type":"PropertyValueSpecification","valueRequired":true,"valueName":"search_term_string"}}],"inLanguage":"ca"},{"@type":"Organization","@id":"https:\/\/www.agrolac.com\/ca\/#organization","name":"VICORQUIMIA","url":"https:\/\/www.agrolac.com\/ca\/","logo":{"@type":"ImageObject","inLanguage":"ca","@id":"https:\/\/www.agrolac.com\/ca\/#\/schema\/logo\/image\/","url":"https:\/\/www.agrolac.com\/wp-content\/uploads\/2025\/10\/agrolac-logo.svg","contentUrl":"https:\/\/www.agrolac.com\/wp-content\/uploads\/2025\/10\/agrolac-logo.svg","caption":"VICORQUIMIA"},"image":{"@id":"https:\/\/www.agrolac.com\/ca\/#\/schema\/logo\/image\/"},"sameAs":["https:\/\/www.linkedin.com\/company\/vicorquimia\/"]}]}},"_links":{"self":[{"href":"https:\/\/www.agrolac.com\/ca\/wp-json\/wp\/v2\/pages\/1628","targetHints":{"allow":["GET"]}}],"collection":[{"href":"https:\/\/www.agrolac.com\/ca\/wp-json\/wp\/v2\/pages"}],"about":[{"href":"https:\/\/www.agrolac.com\/ca\/wp-json\/wp\/v2\/types\/page"}],"author":[{"embeddable":true,"href":"https:\/\/www.agrolac.com\/ca\/wp-json\/wp\/v2\/users\/3"}],"replies":[{"embeddable":true,"href":"https:\/\/www.agrolac.com\/ca\/wp-json\/wp\/v2\/comments?post=1628"}],"version-history":[{"count":0,"href":"https:\/\/www.agrolac.com\/ca\/wp-json\/wp\/v2\/pages\/1628\/revisions"}],"wp:featuredmedia":[{"embeddable":true,"href":"https:\/\/www.agrolac.com\/ca\/wp-json\/wp\/v2\/media\/3513"}],"wp:attachment":[{"href":"https:\/\/www.agrolac.com\/ca\/wp-json\/wp\/v2\/media?parent=1628"}],"curies":[{"name":"wp","href":"https:\/\/api.w.org\/{rel}","templated":true}]}}